{"id":39704,"date":"2025-03-21T17:02:32","date_gmt":"2025-03-21T15:02:32","guid":{"rendered":"https:\/\/origon-eu.com\/product\/microcotton-bathrobe-with-hood-450gr-100-cotton-turquoise\/"},"modified":"2025-03-25T15:58:32","modified_gmt":"2025-03-25T13:58:32","slug":"microcotton-bathrobe-with-hood-450gr-100-cotton-turquoise","status":"publish","type":"product","link":"https:\/\/origon-eu.com\/sk\/product\/microcotton-bathrobe-with-hood-450gr-100-cotton-turquoise\/","title":{"rendered":"Premium Mikropamuk K\u00fape\u013e\u0148ov\u00fd pl\u00e1\u0161\u0165 s kapuc\u0148ou, 450g \u2013 100% Bavlna, Tyrkysov\u00e1"},"content":{"rendered":"<p>Luxusn\u00fd k\u00fape\u013eov\u00fd \u017eupan s kapuc\u0148ou z mikrovl\u00e1kna, s vysokou hustotou a modern\u00fdm dizajnom. Mikrovl\u00e1kno je bavlnen\u00e1 pr\u00edza, ktor\u00e1 pre\u0161la \u0161peci\u00e1lnou \u00fapravou, v\u010faka \u010domu s\u00fa v\u00fdrobky z nej extr\u00e9mne m\u00e4kk\u00e9 a jemn\u00e9 na dotyk s vynikaj\u00facou absorp\u010dnou schopnos\u0165ou. Trvanliv\u00e9 farby.<\/p>\n<p>Charakteristiky:<\/p>\n<p>Ve\u013ekosti: M, L, XL, XXL<\/p>\n<p>Zlo\u017eenie: 100% bavlna<\/p>\n<p>Pozn\u00e1mky:<\/p>\n<p class=\"\" data-start=\"447\" data-end=\"483\">Mo\u017eno pra\u0165 v pr\u00e1\u010dke do 40 stup\u0148ov!<\/p>\n<p class=\"\" data-start=\"486\" data-end=\"554\">Obr\u00e1zok je ilustra\u010dn\u00fd a zobrazuje v\u0161eobecn\u00e9 vlastnosti produktu!<\/p>\n","protected":false},"excerpt":{"rendered":"<ul>\n<li><strong data-start=\"559\" data-end=\"572\">Materi\u00e1l:<\/strong> 100% bavlna mikrovl\u00e1kno pre jemnos\u0165 a vynikaj\u00facu absorpciu<\/li>\n<li><strong data-start=\"634\" data-end=\"647\">Hmotnos\u0165:<\/strong> 450 gramov, poskytuj\u00faca luxusn\u00fa a pohodln\u00fa text\u00faru<\/li>\n<li><strong data-start=\"701\" data-end=\"712\">Dizajn:<\/strong> S kapuc\u0148ou pre extra teplo a pohodlie<\/li>\n<li><strong data-start=\"753\" data-end=\"763\">Farba:<\/strong> Svetl\u00e1 tyrkysov\u00e1 pre \u017eiv\u00fd a osvie\u017euj\u00faci vzh\u013ead<\/li>\n<li><strong data-start=\"813\" data-end=\"829\">Absorp\u010dnos\u0165:<\/strong> Vynikaj\u00faca absorpcia, ide\u00e1lne na osu\u0161ovanie po k\u00fapan\u00ed alebo sprchovan\u00ed<\/li>\n<li><strong data-start=\"903\" data-end=\"916\">Pohodln\u00fd:<\/strong> Poskytuje luxusn\u00fd z\u00e1\u017eitok, ako vo wellness, priamo doma<\/li>\n<\/ul>\n","protected":false},"featured_media":38978,"template":"","meta":[],"product_cat":[507],"product_tag":[],"class_list":{"0":"post-39704","1":"product","2":"type-product","3":"status-publish","4":"has-post-thumbnail","6":"product_cat-bathrobes-sk","8":"first","9":"outofstock","10":"shipping-taxable","11":"purchasable","12":"product-type-variable"},"yoast_head":"<!-- This site is optimized with the Yoast SEO plugin v24.2 - https:\/\/yoast.com\/wordpress\/plugins\/seo\/ -->\n<title>Premium Mikropamuk K\u00fape\u013e\u0148ov\u00fd pl\u00e1\u0161\u0165 s kapuc\u0148ou, 450g \u2013 100% Bavlna, Tyrkysov\u00e1 - Origon EU<\/title>\n<meta name=\"robots\" content=\"index, follow, max-snippet:-1, max-image-preview:large, max-video-preview:-1\" \/>\n<link rel=\"canonical\" href=\"https:\/\/origon-eu.com\/sk\/product\/microcotton-bathrobe-with-hood-450gr-100-cotton-turquoise\/\" \/>\n<meta property=\"og:locale\" content=\"sk_SK\" \/>\n<meta property=\"og:type\" content=\"article\" \/>\n<meta property=\"og:title\" content=\"Premium Mikropamuk K\u00fape\u013e\u0148ov\u00fd pl\u00e1\u0161\u0165 s kapuc\u0148ou, 450g \u2013 100% Bavlna, Tyrkysov\u00e1 - Origon EU\" \/>\n<meta property=\"og:description\" content=\"Materi\u00e1l: 100% bavlna mikrovl\u00e1kno pre jemnos\u0165 a vynikaj\u00facu absorpciu  Hmotnos\u0165: 450 gramov, poskytuj\u00faca luxusn\u00fa a pohodln\u00fa text\u00faru  Dizajn: S kapuc\u0148ou pre extra teplo a pohodlie  Farba: Svetl\u00e1 tyrkysov\u00e1 pre \u017eiv\u00fd a osvie\u017euj\u00faci vzh\u013ead  Absorp\u010dnos\u0165: Vynikaj\u00faca absorpcia, ide\u00e1lne na osu\u0161ovanie po k\u00fapan\u00ed alebo sprchovan\u00ed  Pohodln\u00fd: Poskytuje luxusn\u00fd z\u00e1\u017eitok, ako vo wellness, priamo doma\" \/>\n<meta property=\"og:url\" content=\"https:\/\/origon-eu.com\/sk\/product\/microcotton-bathrobe-with-hood-450gr-100-cotton-turquoise\/\" \/>\n<meta property=\"og:site_name\" content=\"Origon EU\" \/>\n<meta property=\"article:modified_time\" content=\"2025-03-25T13:58:32+00:00\" \/>\n<meta property=\"og:image\" content=\"https:\/\/origon-eu.com\/wp-content\/uploads\/2025\/03\/halat-mikropamuk-s-kaculka-450gr-100-pamuk-turkoaz-image_670cf4dc8923d_1920x1920.webp\" \/>\n\t<meta property=\"og:image:width\" content=\"1280\" \/>\n\t<meta property=\"og:image:height\" content=\"1920\" \/>\n\t<meta property=\"og:image:type\" content=\"image\/webp\" \/>\n<meta name=\"twitter:card\" content=\"summary_large_image\" \/>\n<meta name=\"twitter:label1\" content=\"Predpokladan\u00fd \u010das \u010d\u00edtania\" \/>\n\t<meta name=\"twitter:data1\" content=\"1 min\u00fata\" \/>\n<script type=\"application\/ld+json\" class=\"yoast-schema-graph\">{\"@context\":\"https:\/\/schema.org\",\"@graph\":[{\"@type\":\"WebPage\",\"@id\":\"https:\/\/origon-eu.com\/sk\/product\/microcotton-bathrobe-with-hood-450gr-100-cotton-turquoise\/\",\"url\":\"https:\/\/origon-eu.com\/sk\/product\/microcotton-bathrobe-with-hood-450gr-100-cotton-turquoise\/\",\"name\":\"Premium Mikropamuk K\u00fape\u013e\u0148ov\u00fd pl\u00e1\u0161\u0165 s kapuc\u0148ou, 450g \u2013 100% Bavlna, Tyrkysov\u00e1 - Origon EU\",\"isPartOf\":{\"@id\":\"https:\/\/origon-eu.com\/#website\"},\"primaryImageOfPage\":{\"@id\":\"https:\/\/origon-eu.com\/sk\/product\/microcotton-bathrobe-with-hood-450gr-100-cotton-turquoise\/#primaryimage\"},\"image\":{\"@id\":\"https:\/\/origon-eu.com\/sk\/product\/microcotton-bathrobe-with-hood-450gr-100-cotton-turquoise\/#primaryimage\"},\"thumbnailUrl\":\"https:\/\/origon-eu.com\/wp-content\/uploads\/2025\/03\/halat-mikropamuk-s-kaculka-450gr-100-pamuk-turkoaz-image_670cf4dc8923d_1920x1920.webp\",\"datePublished\":\"2025-03-21T15:02:32+00:00\",\"dateModified\":\"2025-03-25T13:58:32+00:00\",\"breadcrumb\":{\"@id\":\"https:\/\/origon-eu.com\/sk\/product\/microcotton-bathrobe-with-hood-450gr-100-cotton-turquoise\/#breadcrumb\"},\"inLanguage\":\"sk-SK\",\"potentialAction\":[{\"@type\":\"ReadAction\",\"target\":[\"https:\/\/origon-eu.com\/sk\/product\/microcotton-bathrobe-with-hood-450gr-100-cotton-turquoise\/\"]}]},{\"@type\":\"ImageObject\",\"inLanguage\":\"sk-SK\",\"@id\":\"https:\/\/origon-eu.com\/sk\/product\/microcotton-bathrobe-with-hood-450gr-100-cotton-turquoise\/#primaryimage\",\"url\":\"https:\/\/origon-eu.com\/wp-content\/uploads\/2025\/03\/halat-mikropamuk-s-kaculka-450gr-100-pamuk-turkoaz-image_670cf4dc8923d_1920x1920.webp\",\"contentUrl\":\"https:\/\/origon-eu.com\/wp-content\/uploads\/2025\/03\/halat-mikropamuk-s-kaculka-450gr-100-pamuk-turkoaz-image_670cf4dc8923d_1920x1920.webp\",\"width\":1280,\"height\":1920},{\"@type\":\"BreadcrumbList\",\"@id\":\"https:\/\/origon-eu.com\/sk\/product\/microcotton-bathrobe-with-hood-450gr-100-cotton-turquoise\/#breadcrumb\",\"itemListElement\":[{\"@type\":\"ListItem\",\"position\":1,\"name\":\"Home\",\"item\":\"https:\/\/origon-eu.com\/\"},{\"@type\":\"ListItem\",\"position\":2,\"name\":\"Shop\",\"item\":\"https:\/\/origon-eu.com\/sk\/shop-2\/\"},{\"@type\":\"ListItem\",\"position\":3,\"name\":\"Premium Mikropamuk K\u00fape\u013e\u0148ov\u00fd pl\u00e1\u0161\u0165 s kapuc\u0148ou, 450g \u2013 100% Bavlna, Tyrkysov\u00e1\"}]},{\"@type\":\"WebSite\",\"@id\":\"https:\/\/origon-eu.com\/#website\",\"url\":\"https:\/\/origon-eu.com\/\",\"name\":\"Origon EU\",\"description\":\"Online Store\",\"publisher\":{\"@id\":\"https:\/\/origon-eu.com\/#organization\"},\"potentialAction\":[{\"@type\":\"SearchAction\",\"target\":{\"@type\":\"EntryPoint\",\"urlTemplate\":\"https:\/\/origon-eu.com\/?s={search_term_string}\"},\"query-input\":{\"@type\":\"PropertyValueSpecification\",\"valueRequired\":true,\"valueName\":\"search_term_string\"}}],\"inLanguage\":\"sk-SK\"},{\"@type\":\"Organization\",\"@id\":\"https:\/\/origon-eu.com\/#organization\",\"name\":\"Origon EU\",\"url\":\"https:\/\/origon-eu.com\/\",\"logo\":{\"@type\":\"ImageObject\",\"inLanguage\":\"sk-SK\",\"@id\":\"https:\/\/origon-eu.com\/#\/schema\/logo\/image\/\",\"url\":\"https:\/\/origon-eu.com\/wp-content\/uploads\/2024\/04\/Screenshot-2024-04-09-101814.png\",\"contentUrl\":\"https:\/\/origon-eu.com\/wp-content\/uploads\/2024\/04\/Screenshot-2024-04-09-101814.png\",\"width\":171,\"height\":59,\"caption\":\"Origon EU\"},\"image\":{\"@id\":\"https:\/\/origon-eu.com\/#\/schema\/logo\/image\/\"}}]}<\/script>\n<!-- \/ Yoast SEO plugin. -->","yoast_head_json":{"title":"Premium Mikropamuk K\u00fape\u013e\u0148ov\u00fd pl\u00e1\u0161\u0165 s kapuc\u0148ou, 450g \u2013 100% Bavlna, Tyrkysov\u00e1 - Origon EU","robots":{"index":"index","follow":"follow","max-snippet":"max-snippet:-1","max-image-preview":"max-image-preview:large","max-video-preview":"max-video-preview:-1"},"canonical":"https:\/\/origon-eu.com\/sk\/product\/microcotton-bathrobe-with-hood-450gr-100-cotton-turquoise\/","og_locale":"sk_SK","og_type":"article","og_title":"Premium Mikropamuk K\u00fape\u013e\u0148ov\u00fd pl\u00e1\u0161\u0165 s kapuc\u0148ou, 450g \u2013 100% Bavlna, Tyrkysov\u00e1 - Origon EU","og_description":"Materi\u00e1l: 100% bavlna mikrovl\u00e1kno pre jemnos\u0165 a vynikaj\u00facu absorpciu  Hmotnos\u0165: 450 gramov, poskytuj\u00faca luxusn\u00fa a pohodln\u00fa text\u00faru  Dizajn: S kapuc\u0148ou pre extra teplo a pohodlie  Farba: Svetl\u00e1 tyrkysov\u00e1 pre \u017eiv\u00fd a osvie\u017euj\u00faci vzh\u013ead  Absorp\u010dnos\u0165: Vynikaj\u00faca absorpcia, ide\u00e1lne na osu\u0161ovanie po k\u00fapan\u00ed alebo sprchovan\u00ed  Pohodln\u00fd: Poskytuje luxusn\u00fd z\u00e1\u017eitok, ako vo wellness, priamo doma","og_url":"https:\/\/origon-eu.com\/sk\/product\/microcotton-bathrobe-with-hood-450gr-100-cotton-turquoise\/","og_site_name":"Origon EU","article_modified_time":"2025-03-25T13:58:32+00:00","og_image":[{"width":1280,"height":1920,"url":"https:\/\/origon-eu.com\/wp-content\/uploads\/2025\/03\/halat-mikropamuk-s-kaculka-450gr-100-pamuk-turkoaz-image_670cf4dc8923d_1920x1920.webp","type":"image\/webp"}],"twitter_card":"summary_large_image","twitter_misc":{"Predpokladan\u00fd \u010das \u010d\u00edtania":"1 min\u00fata"},"schema":{"@context":"https:\/\/schema.org","@graph":[{"@type":"WebPage","@id":"https:\/\/origon-eu.com\/sk\/product\/microcotton-bathrobe-with-hood-450gr-100-cotton-turquoise\/","url":"https:\/\/origon-eu.com\/sk\/product\/microcotton-bathrobe-with-hood-450gr-100-cotton-turquoise\/","name":"Premium Mikropamuk K\u00fape\u013e\u0148ov\u00fd pl\u00e1\u0161\u0165 s kapuc\u0148ou, 450g \u2013 100% Bavlna, Tyrkysov\u00e1 - Origon EU","isPartOf":{"@id":"https:\/\/origon-eu.com\/#website"},"primaryImageOfPage":{"@id":"https:\/\/origon-eu.com\/sk\/product\/microcotton-bathrobe-with-hood-450gr-100-cotton-turquoise\/#primaryimage"},"image":{"@id":"https:\/\/origon-eu.com\/sk\/product\/microcotton-bathrobe-with-hood-450gr-100-cotton-turquoise\/#primaryimage"},"thumbnailUrl":"https:\/\/origon-eu.com\/wp-content\/uploads\/2025\/03\/halat-mikropamuk-s-kaculka-450gr-100-pamuk-turkoaz-image_670cf4dc8923d_1920x1920.webp","datePublished":"2025-03-21T15:02:32+00:00","dateModified":"2025-03-25T13:58:32+00:00","breadcrumb":{"@id":"https:\/\/origon-eu.com\/sk\/product\/microcotton-bathrobe-with-hood-450gr-100-cotton-turquoise\/#breadcrumb"},"inLanguage":"sk-SK","potentialAction":[{"@type":"ReadAction","target":["https:\/\/origon-eu.com\/sk\/product\/microcotton-bathrobe-with-hood-450gr-100-cotton-turquoise\/"]}]},{"@type":"ImageObject","inLanguage":"sk-SK","@id":"https:\/\/origon-eu.com\/sk\/product\/microcotton-bathrobe-with-hood-450gr-100-cotton-turquoise\/#primaryimage","url":"https:\/\/origon-eu.com\/wp-content\/uploads\/2025\/03\/halat-mikropamuk-s-kaculka-450gr-100-pamuk-turkoaz-image_670cf4dc8923d_1920x1920.webp","contentUrl":"https:\/\/origon-eu.com\/wp-content\/uploads\/2025\/03\/halat-mikropamuk-s-kaculka-450gr-100-pamuk-turkoaz-image_670cf4dc8923d_1920x1920.webp","width":1280,"height":1920},{"@type":"BreadcrumbList","@id":"https:\/\/origon-eu.com\/sk\/product\/microcotton-bathrobe-with-hood-450gr-100-cotton-turquoise\/#breadcrumb","itemListElement":[{"@type":"ListItem","position":1,"name":"Home","item":"https:\/\/origon-eu.com\/"},{"@type":"ListItem","position":2,"name":"Shop","item":"https:\/\/origon-eu.com\/sk\/shop-2\/"},{"@type":"ListItem","position":3,"name":"Premium Mikropamuk K\u00fape\u013e\u0148ov\u00fd pl\u00e1\u0161\u0165 s kapuc\u0148ou, 450g \u2013 100% Bavlna, Tyrkysov\u00e1"}]},{"@type":"WebSite","@id":"https:\/\/origon-eu.com\/#website","url":"https:\/\/origon-eu.com\/","name":"Origon EU","description":"Online Store","publisher":{"@id":"https:\/\/origon-eu.com\/#organization"},"potentialAction":[{"@type":"SearchAction","target":{"@type":"EntryPoint","urlTemplate":"https:\/\/origon-eu.com\/?s={search_term_string}"},"query-input":{"@type":"PropertyValueSpecification","valueRequired":true,"valueName":"search_term_string"}}],"inLanguage":"sk-SK"},{"@type":"Organization","@id":"https:\/\/origon-eu.com\/#organization","name":"Origon EU","url":"https:\/\/origon-eu.com\/","logo":{"@type":"ImageObject","inLanguage":"sk-SK","@id":"https:\/\/origon-eu.com\/#\/schema\/logo\/image\/","url":"https:\/\/origon-eu.com\/wp-content\/uploads\/2024\/04\/Screenshot-2024-04-09-101814.png","contentUrl":"https:\/\/origon-eu.com\/wp-content\/uploads\/2024\/04\/Screenshot-2024-04-09-101814.png","width":171,"height":59,"caption":"Origon EU"},"image":{"@id":"https:\/\/origon-eu.com\/#\/schema\/logo\/image\/"}}]}},"tiered_pricing_type":"fixed","tiered_pricing_fixed_rules":[],"tiered_pricing_percentage_rules":[],"tiered_pricing_minimum":1,"tiered_pricing_roles_data":[],"_links":{"self":[{"href":"https:\/\/origon-eu.com\/sk\/wp-json\/wp\/v2\/product\/39704","targetHints":{"allow":["GET"]}}],"collection":[{"href":"https:\/\/origon-eu.com\/sk\/wp-json\/wp\/v2\/product"}],"about":[{"href":"https:\/\/origon-eu.com\/sk\/wp-json\/wp\/v2\/types\/product"}],"version-history":[{"count":2,"href":"https:\/\/origon-eu.com\/sk\/wp-json\/wp\/v2\/product\/39704\/revisions"}],"predecessor-version":[{"id":39950,"href":"https:\/\/origon-eu.com\/sk\/wp-json\/wp\/v2\/product\/39704\/revisions\/39950"}],"wp:featuredmedia":[{"embeddable":true,"href":"https:\/\/origon-eu.com\/sk\/wp-json\/wp\/v2\/media\/38978"}],"wp:attachment":[{"href":"https:\/\/origon-eu.com\/sk\/wp-json\/wp\/v2\/media?parent=39704"}],"wp:term":[{"taxonomy":"product_cat","embeddable":true,"href":"https:\/\/origon-eu.com\/sk\/wp-json\/wp\/v2\/product_cat?post=39704"},{"taxonomy":"product_tag","embeddable":true,"href":"https:\/\/origon-eu.com\/sk\/wp-json\/wp\/v2\/product_tag?post=39704"}],"curies":[{"name":"wp","href":"https:\/\/api.w.org\/{rel}","templated":true}]}}