{"id":39476,"date":"2025-03-21T16:55:05","date_gmt":"2025-03-21T14:55:05","guid":{"rendered":"https:\/\/origon-eu.com\/product\/microcotton-robe-with-hood-450gr-100-cotton-ashes-of-rose\/"},"modified":"2025-03-25T15:52:12","modified_gmt":"2025-03-25T13:52:12","slug":"microcotton-robe-with-hood-450gr-100-cotton-ashes-of-rose","status":"publish","type":"product","link":"https:\/\/origon-eu.com\/sk\/product\/microcotton-robe-with-hood-450gr-100-cotton-ashes-of-rose\/","title":{"rendered":"Premium Mikropamuk K\u00fape\u013e\u0148ov\u00fd pl\u00e1\u0161\u0165 s kapuc\u0148ou, 450g \u2013 100% Bavlna, Popol ru\u017ee"},"content":{"rendered":"<p>Luxusn\u00fd \u017eupan s kapuc\u0148ou z microcottonu, s vysokou hustotou a \u0161t\u00fdlov\u00fdm dizajnom. Microcotton je bavlnen\u00e9 vl\u00e1kno, ktor\u00e9 pre\u0161lo \u0161peci\u00e1lnou \u00fapravou, v\u010faka \u010domu s\u00fa produkty z neho mimoriadne m\u00e4kk\u00e9, jemn\u00e9 na dotyk a maj\u00fa vynikaj\u00facu savos\u0165. Trv\u00e1cne farby.<\/p>\n<p data-start=\"321\" data-end=\"332\">Vlastnosti:<\/p>\n<p data-start=\"334\" data-end=\"376\">Ve\u013ekosti: M, L, XL<br data-start=\"352\" data-end=\"355\" \/>Zlo\u017eenie: 100% bavlna<\/p>\n<p data-start=\"378\" data-end=\"387\">Pozn\u00e1mky:<\/p>\n<p data-start=\"389\" data-end=\"511\">M\u00f4\u017ee sa pra\u0165 v pr\u00e1\u010dke pri teplote do 40 stup\u0148ov!<br data-start=\"437\" data-end=\"440\" \/>OBR\u00c1ZOK JE ILUSTRA\u010cN\u00dd A ZOBRAZUJE V\u0160EOBECN\u00c9 CHARAKTERISTIKY PRODUKTU!!!<\/p>\n","protected":false},"excerpt":{"rendered":"<ul>\n<li data-start=\"0\" data-end=\"75\"><strong>Materi\u00e1l:<\/strong> 100% bavlna microcotton pre m\u00e4kk\u00fd, vysoko sav\u00fd pocit<\/li>\n<li data-start=\"0\" data-end=\"75\"><strong>Hmotnos\u0165:<\/strong> 450 gramov, poskytuje nad\u00fdchan\u00fa a pohodln\u00fa text\u00faru<\/li>\n<li data-start=\"0\" data-end=\"75\"><strong>Dizajn:<\/strong> Obsahuje kapuc\u0148u pre \u010fal\u0161ie teplo a pohodlie<\/li>\n<li data-start=\"0\" data-end=\"75\"><strong>Farba:<\/strong> Elegantn\u00fd odtie\u0148 popolnatej ru\u017eovej pre jemn\u00fd a sofistikovan\u00fd vzh\u013ead<\/li>\n<li data-start=\"0\" data-end=\"75\"><strong>Savos\u0165:<\/strong> Vynikaj\u00faca savos\u0165, ide\u00e1lna na osu\u0161enie po k\u00fape alebo sprche<\/li>\n<li data-start=\"0\" data-end=\"75\"><strong>Pohodln\u00fd:<\/strong> Poskytuje luxusn\u00fd z\u00e1\u017eitok ako v spa priamo doma<\/li>\n<\/ul>\n","protected":false},"featured_media":38916,"template":"","meta":[],"product_cat":[507],"product_tag":[],"class_list":{"0":"post-39476","1":"product","2":"type-product","3":"status-publish","4":"has-post-thumbnail","6":"product_cat-bathrobes-sk","8":"first","9":"outofstock","10":"shipping-taxable","11":"purchasable","12":"product-type-variable"},"yoast_head":"<!-- This site is optimized with the Yoast SEO plugin v24.2 - https:\/\/yoast.com\/wordpress\/plugins\/seo\/ -->\n<title>Premium Mikropamuk K\u00fape\u013e\u0148ov\u00fd pl\u00e1\u0161\u0165 s kapuc\u0148ou, 450g \u2013 100% Bavlna, Popol ru\u017ee - Origon EU<\/title>\n<meta name=\"robots\" content=\"index, follow, max-snippet:-1, max-image-preview:large, max-video-preview:-1\" \/>\n<link rel=\"canonical\" href=\"https:\/\/origon-eu.com\/sk\/product\/microcotton-robe-with-hood-450gr-100-cotton-ashes-of-rose\/\" \/>\n<meta property=\"og:locale\" content=\"sk_SK\" \/>\n<meta property=\"og:type\" content=\"article\" \/>\n<meta property=\"og:title\" content=\"Premium Mikropamuk K\u00fape\u013e\u0148ov\u00fd pl\u00e1\u0161\u0165 s kapuc\u0148ou, 450g \u2013 100% Bavlna, Popol ru\u017ee - Origon EU\" \/>\n<meta property=\"og:description\" content=\"Materi\u00e1l: 100% bavlna microcotton pre m\u00e4kk\u00fd, vysoko sav\u00fd pocit  Hmotnos\u0165: 450 gramov, poskytuje nad\u00fdchan\u00fa a pohodln\u00fa text\u00faru  Dizajn: Obsahuje kapuc\u0148u pre \u010fal\u0161ie teplo a pohodlie  Farba: Elegantn\u00fd odtie\u0148 popolnatej ru\u017eovej pre jemn\u00fd a sofistikovan\u00fd vzh\u013ead  Savos\u0165: Vynikaj\u00faca savos\u0165, ide\u00e1lna na osu\u0161enie po k\u00fape alebo sprche  Pohodln\u00fd: Poskytuje luxusn\u00fd z\u00e1\u017eitok ako v spa priamo doma\" \/>\n<meta property=\"og:url\" content=\"https:\/\/origon-eu.com\/sk\/product\/microcotton-robe-with-hood-450gr-100-cotton-ashes-of-rose\/\" \/>\n<meta property=\"og:site_name\" content=\"Origon EU\" \/>\n<meta property=\"article:modified_time\" content=\"2025-03-25T13:52:12+00:00\" \/>\n<meta property=\"og:image\" content=\"https:\/\/origon-eu.com\/wp-content\/uploads\/2025\/03\/halat-mikropamuk-s-kaculka-450gr-100-pamuk-pepel-ot-rozi-image_670cf768b9f4c_1920x1920.webp\" \/>\n\t<meta property=\"og:image:width\" content=\"1280\" \/>\n\t<meta property=\"og:image:height\" content=\"1920\" \/>\n\t<meta property=\"og:image:type\" content=\"image\/webp\" \/>\n<meta name=\"twitter:card\" content=\"summary_large_image\" \/>\n<meta name=\"twitter:label1\" content=\"Predpokladan\u00fd \u010das \u010d\u00edtania\" \/>\n\t<meta name=\"twitter:data1\" content=\"1 min\u00fata\" \/>\n<script type=\"application\/ld+json\" class=\"yoast-schema-graph\">{\"@context\":\"https:\/\/schema.org\",\"@graph\":[{\"@type\":\"WebPage\",\"@id\":\"https:\/\/origon-eu.com\/sk\/product\/microcotton-robe-with-hood-450gr-100-cotton-ashes-of-rose\/\",\"url\":\"https:\/\/origon-eu.com\/sk\/product\/microcotton-robe-with-hood-450gr-100-cotton-ashes-of-rose\/\",\"name\":\"Premium Mikropamuk K\u00fape\u013e\u0148ov\u00fd pl\u00e1\u0161\u0165 s kapuc\u0148ou, 450g \u2013 100% Bavlna, Popol ru\u017ee - Origon EU\",\"isPartOf\":{\"@id\":\"https:\/\/origon-eu.com\/#website\"},\"primaryImageOfPage\":{\"@id\":\"https:\/\/origon-eu.com\/sk\/product\/microcotton-robe-with-hood-450gr-100-cotton-ashes-of-rose\/#primaryimage\"},\"image\":{\"@id\":\"https:\/\/origon-eu.com\/sk\/product\/microcotton-robe-with-hood-450gr-100-cotton-ashes-of-rose\/#primaryimage\"},\"thumbnailUrl\":\"https:\/\/origon-eu.com\/wp-content\/uploads\/2025\/03\/halat-mikropamuk-s-kaculka-450gr-100-pamuk-pepel-ot-rozi-image_670cf768b9f4c_1920x1920.webp\",\"datePublished\":\"2025-03-21T14:55:05+00:00\",\"dateModified\":\"2025-03-25T13:52:12+00:00\",\"breadcrumb\":{\"@id\":\"https:\/\/origon-eu.com\/sk\/product\/microcotton-robe-with-hood-450gr-100-cotton-ashes-of-rose\/#breadcrumb\"},\"inLanguage\":\"sk-SK\",\"potentialAction\":[{\"@type\":\"ReadAction\",\"target\":[\"https:\/\/origon-eu.com\/sk\/product\/microcotton-robe-with-hood-450gr-100-cotton-ashes-of-rose\/\"]}]},{\"@type\":\"ImageObject\",\"inLanguage\":\"sk-SK\",\"@id\":\"https:\/\/origon-eu.com\/sk\/product\/microcotton-robe-with-hood-450gr-100-cotton-ashes-of-rose\/#primaryimage\",\"url\":\"https:\/\/origon-eu.com\/wp-content\/uploads\/2025\/03\/halat-mikropamuk-s-kaculka-450gr-100-pamuk-pepel-ot-rozi-image_670cf768b9f4c_1920x1920.webp\",\"contentUrl\":\"https:\/\/origon-eu.com\/wp-content\/uploads\/2025\/03\/halat-mikropamuk-s-kaculka-450gr-100-pamuk-pepel-ot-rozi-image_670cf768b9f4c_1920x1920.webp\",\"width\":1280,\"height\":1920},{\"@type\":\"BreadcrumbList\",\"@id\":\"https:\/\/origon-eu.com\/sk\/product\/microcotton-robe-with-hood-450gr-100-cotton-ashes-of-rose\/#breadcrumb\",\"itemListElement\":[{\"@type\":\"ListItem\",\"position\":1,\"name\":\"Home\",\"item\":\"https:\/\/origon-eu.com\/\"},{\"@type\":\"ListItem\",\"position\":2,\"name\":\"Shop\",\"item\":\"https:\/\/origon-eu.com\/sk\/shop-2\/\"},{\"@type\":\"ListItem\",\"position\":3,\"name\":\"Premium Mikropamuk K\u00fape\u013e\u0148ov\u00fd pl\u00e1\u0161\u0165 s kapuc\u0148ou, 450g \u2013 100% Bavlna, Popol ru\u017ee\"}]},{\"@type\":\"WebSite\",\"@id\":\"https:\/\/origon-eu.com\/#website\",\"url\":\"https:\/\/origon-eu.com\/\",\"name\":\"Origon EU\",\"description\":\"Online Store\",\"publisher\":{\"@id\":\"https:\/\/origon-eu.com\/#organization\"},\"potentialAction\":[{\"@type\":\"SearchAction\",\"target\":{\"@type\":\"EntryPoint\",\"urlTemplate\":\"https:\/\/origon-eu.com\/?s={search_term_string}\"},\"query-input\":{\"@type\":\"PropertyValueSpecification\",\"valueRequired\":true,\"valueName\":\"search_term_string\"}}],\"inLanguage\":\"sk-SK\"},{\"@type\":\"Organization\",\"@id\":\"https:\/\/origon-eu.com\/#organization\",\"name\":\"Origon EU\",\"url\":\"https:\/\/origon-eu.com\/\",\"logo\":{\"@type\":\"ImageObject\",\"inLanguage\":\"sk-SK\",\"@id\":\"https:\/\/origon-eu.com\/#\/schema\/logo\/image\/\",\"url\":\"https:\/\/origon-eu.com\/wp-content\/uploads\/2024\/04\/Screenshot-2024-04-09-101814.png\",\"contentUrl\":\"https:\/\/origon-eu.com\/wp-content\/uploads\/2024\/04\/Screenshot-2024-04-09-101814.png\",\"width\":171,\"height\":59,\"caption\":\"Origon EU\"},\"image\":{\"@id\":\"https:\/\/origon-eu.com\/#\/schema\/logo\/image\/\"}}]}<\/script>\n<!-- \/ Yoast SEO plugin. -->","yoast_head_json":{"title":"Premium Mikropamuk K\u00fape\u013e\u0148ov\u00fd pl\u00e1\u0161\u0165 s kapuc\u0148ou, 450g \u2013 100% Bavlna, Popol ru\u017ee - Origon EU","robots":{"index":"index","follow":"follow","max-snippet":"max-snippet:-1","max-image-preview":"max-image-preview:large","max-video-preview":"max-video-preview:-1"},"canonical":"https:\/\/origon-eu.com\/sk\/product\/microcotton-robe-with-hood-450gr-100-cotton-ashes-of-rose\/","og_locale":"sk_SK","og_type":"article","og_title":"Premium Mikropamuk K\u00fape\u013e\u0148ov\u00fd pl\u00e1\u0161\u0165 s kapuc\u0148ou, 450g \u2013 100% Bavlna, Popol ru\u017ee - Origon EU","og_description":"Materi\u00e1l: 100% bavlna microcotton pre m\u00e4kk\u00fd, vysoko sav\u00fd pocit  Hmotnos\u0165: 450 gramov, poskytuje nad\u00fdchan\u00fa a pohodln\u00fa text\u00faru  Dizajn: Obsahuje kapuc\u0148u pre \u010fal\u0161ie teplo a pohodlie  Farba: Elegantn\u00fd odtie\u0148 popolnatej ru\u017eovej pre jemn\u00fd a sofistikovan\u00fd vzh\u013ead  Savos\u0165: Vynikaj\u00faca savos\u0165, ide\u00e1lna na osu\u0161enie po k\u00fape alebo sprche  Pohodln\u00fd: Poskytuje luxusn\u00fd z\u00e1\u017eitok ako v spa priamo doma","og_url":"https:\/\/origon-eu.com\/sk\/product\/microcotton-robe-with-hood-450gr-100-cotton-ashes-of-rose\/","og_site_name":"Origon EU","article_modified_time":"2025-03-25T13:52:12+00:00","og_image":[{"width":1280,"height":1920,"url":"https:\/\/origon-eu.com\/wp-content\/uploads\/2025\/03\/halat-mikropamuk-s-kaculka-450gr-100-pamuk-pepel-ot-rozi-image_670cf768b9f4c_1920x1920.webp","type":"image\/webp"}],"twitter_card":"summary_large_image","twitter_misc":{"Predpokladan\u00fd \u010das \u010d\u00edtania":"1 min\u00fata"},"schema":{"@context":"https:\/\/schema.org","@graph":[{"@type":"WebPage","@id":"https:\/\/origon-eu.com\/sk\/product\/microcotton-robe-with-hood-450gr-100-cotton-ashes-of-rose\/","url":"https:\/\/origon-eu.com\/sk\/product\/microcotton-robe-with-hood-450gr-100-cotton-ashes-of-rose\/","name":"Premium Mikropamuk K\u00fape\u013e\u0148ov\u00fd pl\u00e1\u0161\u0165 s kapuc\u0148ou, 450g \u2013 100% Bavlna, Popol ru\u017ee - Origon EU","isPartOf":{"@id":"https:\/\/origon-eu.com\/#website"},"primaryImageOfPage":{"@id":"https:\/\/origon-eu.com\/sk\/product\/microcotton-robe-with-hood-450gr-100-cotton-ashes-of-rose\/#primaryimage"},"image":{"@id":"https:\/\/origon-eu.com\/sk\/product\/microcotton-robe-with-hood-450gr-100-cotton-ashes-of-rose\/#primaryimage"},"thumbnailUrl":"https:\/\/origon-eu.com\/wp-content\/uploads\/2025\/03\/halat-mikropamuk-s-kaculka-450gr-100-pamuk-pepel-ot-rozi-image_670cf768b9f4c_1920x1920.webp","datePublished":"2025-03-21T14:55:05+00:00","dateModified":"2025-03-25T13:52:12+00:00","breadcrumb":{"@id":"https:\/\/origon-eu.com\/sk\/product\/microcotton-robe-with-hood-450gr-100-cotton-ashes-of-rose\/#breadcrumb"},"inLanguage":"sk-SK","potentialAction":[{"@type":"ReadAction","target":["https:\/\/origon-eu.com\/sk\/product\/microcotton-robe-with-hood-450gr-100-cotton-ashes-of-rose\/"]}]},{"@type":"ImageObject","inLanguage":"sk-SK","@id":"https:\/\/origon-eu.com\/sk\/product\/microcotton-robe-with-hood-450gr-100-cotton-ashes-of-rose\/#primaryimage","url":"https:\/\/origon-eu.com\/wp-content\/uploads\/2025\/03\/halat-mikropamuk-s-kaculka-450gr-100-pamuk-pepel-ot-rozi-image_670cf768b9f4c_1920x1920.webp","contentUrl":"https:\/\/origon-eu.com\/wp-content\/uploads\/2025\/03\/halat-mikropamuk-s-kaculka-450gr-100-pamuk-pepel-ot-rozi-image_670cf768b9f4c_1920x1920.webp","width":1280,"height":1920},{"@type":"BreadcrumbList","@id":"https:\/\/origon-eu.com\/sk\/product\/microcotton-robe-with-hood-450gr-100-cotton-ashes-of-rose\/#breadcrumb","itemListElement":[{"@type":"ListItem","position":1,"name":"Home","item":"https:\/\/origon-eu.com\/"},{"@type":"ListItem","position":2,"name":"Shop","item":"https:\/\/origon-eu.com\/sk\/shop-2\/"},{"@type":"ListItem","position":3,"name":"Premium Mikropamuk K\u00fape\u013e\u0148ov\u00fd pl\u00e1\u0161\u0165 s kapuc\u0148ou, 450g \u2013 100% Bavlna, Popol ru\u017ee"}]},{"@type":"WebSite","@id":"https:\/\/origon-eu.com\/#website","url":"https:\/\/origon-eu.com\/","name":"Origon EU","description":"Online Store","publisher":{"@id":"https:\/\/origon-eu.com\/#organization"},"potentialAction":[{"@type":"SearchAction","target":{"@type":"EntryPoint","urlTemplate":"https:\/\/origon-eu.com\/?s={search_term_string}"},"query-input":{"@type":"PropertyValueSpecification","valueRequired":true,"valueName":"search_term_string"}}],"inLanguage":"sk-SK"},{"@type":"Organization","@id":"https:\/\/origon-eu.com\/#organization","name":"Origon EU","url":"https:\/\/origon-eu.com\/","logo":{"@type":"ImageObject","inLanguage":"sk-SK","@id":"https:\/\/origon-eu.com\/#\/schema\/logo\/image\/","url":"https:\/\/origon-eu.com\/wp-content\/uploads\/2024\/04\/Screenshot-2024-04-09-101814.png","contentUrl":"https:\/\/origon-eu.com\/wp-content\/uploads\/2024\/04\/Screenshot-2024-04-09-101814.png","width":171,"height":59,"caption":"Origon EU"},"image":{"@id":"https:\/\/origon-eu.com\/#\/schema\/logo\/image\/"}}]}},"tiered_pricing_type":"fixed","tiered_pricing_fixed_rules":[],"tiered_pricing_percentage_rules":[],"tiered_pricing_minimum":1,"tiered_pricing_roles_data":[],"_links":{"self":[{"href":"https:\/\/origon-eu.com\/sk\/wp-json\/wp\/v2\/product\/39476","targetHints":{"allow":["GET"]}}],"collection":[{"href":"https:\/\/origon-eu.com\/sk\/wp-json\/wp\/v2\/product"}],"about":[{"href":"https:\/\/origon-eu.com\/sk\/wp-json\/wp\/v2\/types\/product"}],"version-history":[{"count":2,"href":"https:\/\/origon-eu.com\/sk\/wp-json\/wp\/v2\/product\/39476\/revisions"}],"predecessor-version":[{"id":39916,"href":"https:\/\/origon-eu.com\/sk\/wp-json\/wp\/v2\/product\/39476\/revisions\/39916"}],"wp:featuredmedia":[{"embeddable":true,"href":"https:\/\/origon-eu.com\/sk\/wp-json\/wp\/v2\/media\/38916"}],"wp:attachment":[{"href":"https:\/\/origon-eu.com\/sk\/wp-json\/wp\/v2\/media?parent=39476"}],"wp:term":[{"taxonomy":"product_cat","embeddable":true,"href":"https:\/\/origon-eu.com\/sk\/wp-json\/wp\/v2\/product_cat?post=39476"},{"taxonomy":"product_tag","embeddable":true,"href":"https:\/\/origon-eu.com\/sk\/wp-json\/wp\/v2\/product_tag?post=39476"}],"curies":[{"name":"wp","href":"https:\/\/api.w.org\/{rel}","templated":true}]}}