{"id":39294,"date":"2025-03-21T16:45:01","date_gmt":"2025-03-21T14:45:01","guid":{"rendered":"https:\/\/origon-eu.com\/product\/hooded-bathrobe-380gr-100-cotton-grey\/"},"modified":"2025-03-25T15:44:35","modified_gmt":"2025-03-25T13:44:35","slug":"hooded-bathrobe-380gr-100-cotton-grey","status":"publish","type":"product","link":"https:\/\/origon-eu.com\/sk\/product\/hooded-bathrobe-380gr-100-cotton-grey\/","title":{"rendered":"Luxusn\u00fd 380g K\u00fape\u013e\u0148ov\u00fd pl\u00e1\u0161\u0165 s kapuc\u0148ou, 100% Bavlna \u2013 \u0160ed\u00e1"},"content":{"rendered":"<p>Vysoce kvalitn\u00fd, hrub\u00fd k\u00fape\u013eov\u00fd \u017eupan s kapuc\u0148ou, vyroben\u00fd zo 100% bavlny. \u0160t\u00fdlov\u00fd dizajn, vynikaj\u00faca savos\u0165, pohodln\u00fd, m\u00e4kk\u00fd a jemn\u00fd na dotyk.<\/p>\n<p data-start=\"205\" data-end=\"216\">Vlastnosti:<\/p>\n<p data-start=\"218\" data-end=\"265\">Ve\u013ekosti: M, L, XL, XXL<br data-start=\"241\" data-end=\"244\" \/>Zlo\u017eenie: 100% bavlna<\/p>\n<p data-start=\"267\" data-end=\"276\">Pozn\u00e1mky:<\/p>\n<p data-start=\"278\" data-end=\"414\">Lze pra\u0165 v pr\u00e1\u010dke pri teplote do 40 stup\u0148ov!<br data-start=\"322\" data-end=\"325\" \/>Nepou\u017e\u00edvajte bielidlo!<br data-start=\"347\" data-end=\"350\" \/>Obr\u00e1zky s\u00fa ilustra\u010dn\u00e9 a popisuj\u00fa v\u0161eobecn\u00e9 vlastnosti produktov!<\/p>\n","protected":false},"excerpt":{"rendered":"<ul>\n<li data-start=\"0\" data-end=\"57\"><strong>Materi\u00e1l:<\/strong> 100% bavlna pre jemn\u00fd a priedu\u0161n\u00fd pocit<\/li>\n<li data-start=\"0\" data-end=\"57\"><strong>Hmotnos\u0165:<\/strong> 380 gramov, poskytuje pohodln\u00fa a \u013eahk\u00fa vo\u013ebu<\/li>\n<li data-start=\"0\" data-end=\"57\"><strong>Dizajn:<\/strong> S kapuc\u0148ou pre v\u00e4\u010d\u0161ie teplo a pohodlie<\/li>\n<li data-start=\"0\" data-end=\"57\"><strong>Farba:<\/strong> Klasick\u00e1 \u0161ed\u00e1 pre univerz\u00e1lny a modern\u00fd vzh\u013ead<\/li>\n<li data-start=\"0\" data-end=\"57\"><strong>Sav\u00fd:<\/strong> Ide\u00e1lny na osu\u0161enie po k\u00fapan\u00ed alebo sprchovan\u00ed<\/li>\n<li data-start=\"0\" data-end=\"57\"><strong>Pohodln\u00fd:<\/strong> Pon\u00faka luxusn\u00fd z\u00e1\u017eitok typu spa doma<\/li>\n<\/ul>\n","protected":false},"featured_media":38848,"template":"","meta":[],"product_cat":[507],"product_tag":[],"class_list":{"0":"post-39294","1":"product","2":"type-product","3":"status-publish","4":"has-post-thumbnail","6":"product_cat-bathrobes-sk","8":"first","9":"outofstock","10":"shipping-taxable","11":"purchasable","12":"product-type-variable"},"yoast_head":"<!-- This site is optimized with the Yoast SEO plugin v24.2 - https:\/\/yoast.com\/wordpress\/plugins\/seo\/ -->\n<title>Luxusn\u00fd 380g K\u00fape\u013e\u0148ov\u00fd pl\u00e1\u0161\u0165 s kapuc\u0148ou, 100% Bavlna \u2013 \u0160ed\u00e1 - Origon EU<\/title>\n<meta name=\"robots\" content=\"index, follow, max-snippet:-1, max-image-preview:large, max-video-preview:-1\" \/>\n<link rel=\"canonical\" href=\"https:\/\/origon-eu.com\/sk\/product\/hooded-bathrobe-380gr-100-cotton-grey\/\" \/>\n<meta property=\"og:locale\" content=\"sk_SK\" \/>\n<meta property=\"og:type\" content=\"article\" \/>\n<meta property=\"og:title\" content=\"Luxusn\u00fd 380g K\u00fape\u013e\u0148ov\u00fd pl\u00e1\u0161\u0165 s kapuc\u0148ou, 100% Bavlna \u2013 \u0160ed\u00e1 - Origon EU\" \/>\n<meta property=\"og:description\" content=\"Materi\u00e1l: 100% bavlna pre jemn\u00fd a priedu\u0161n\u00fd pocit  Hmotnos\u0165: 380 gramov, poskytuje pohodln\u00fa a \u013eahk\u00fa vo\u013ebu  Dizajn: S kapuc\u0148ou pre v\u00e4\u010d\u0161ie teplo a pohodlie  Farba: Klasick\u00e1 \u0161ed\u00e1 pre univerz\u00e1lny a modern\u00fd vzh\u013ead  Sav\u00fd: Ide\u00e1lny na osu\u0161enie po k\u00fapan\u00ed alebo sprchovan\u00ed  Pohodln\u00fd: Pon\u00faka luxusn\u00fd z\u00e1\u017eitok typu spa doma\" \/>\n<meta property=\"og:url\" content=\"https:\/\/origon-eu.com\/sk\/product\/hooded-bathrobe-380gr-100-cotton-grey\/\" \/>\n<meta property=\"og:site_name\" content=\"Origon EU\" \/>\n<meta property=\"article:modified_time\" content=\"2025-03-25T13:44:35+00:00\" \/>\n<meta property=\"og:image\" content=\"https:\/\/origon-eu.com\/wp-content\/uploads\/2025\/03\/halat-za-bana-s-kaculka-380gr-100-pamuk-sivo-image_670cf722d15da_1920x1920.webp\" \/>\n\t<meta property=\"og:image:width\" content=\"1280\" \/>\n\t<meta property=\"og:image:height\" content=\"1920\" \/>\n\t<meta property=\"og:image:type\" content=\"image\/webp\" \/>\n<meta name=\"twitter:card\" content=\"summary_large_image\" \/>\n<meta name=\"twitter:label1\" content=\"Predpokladan\u00fd \u010das \u010d\u00edtania\" \/>\n\t<meta name=\"twitter:data1\" content=\"1 min\u00fata\" \/>\n<script type=\"application\/ld+json\" class=\"yoast-schema-graph\">{\"@context\":\"https:\/\/schema.org\",\"@graph\":[{\"@type\":\"WebPage\",\"@id\":\"https:\/\/origon-eu.com\/sk\/product\/hooded-bathrobe-380gr-100-cotton-grey\/\",\"url\":\"https:\/\/origon-eu.com\/sk\/product\/hooded-bathrobe-380gr-100-cotton-grey\/\",\"name\":\"Luxusn\u00fd 380g K\u00fape\u013e\u0148ov\u00fd pl\u00e1\u0161\u0165 s kapuc\u0148ou, 100% Bavlna \u2013 \u0160ed\u00e1 - Origon EU\",\"isPartOf\":{\"@id\":\"https:\/\/origon-eu.com\/#website\"},\"primaryImageOfPage\":{\"@id\":\"https:\/\/origon-eu.com\/sk\/product\/hooded-bathrobe-380gr-100-cotton-grey\/#primaryimage\"},\"image\":{\"@id\":\"https:\/\/origon-eu.com\/sk\/product\/hooded-bathrobe-380gr-100-cotton-grey\/#primaryimage\"},\"thumbnailUrl\":\"https:\/\/origon-eu.com\/wp-content\/uploads\/2025\/03\/halat-za-bana-s-kaculka-380gr-100-pamuk-sivo-image_670cf722d15da_1920x1920.webp\",\"datePublished\":\"2025-03-21T14:45:01+00:00\",\"dateModified\":\"2025-03-25T13:44:35+00:00\",\"breadcrumb\":{\"@id\":\"https:\/\/origon-eu.com\/sk\/product\/hooded-bathrobe-380gr-100-cotton-grey\/#breadcrumb\"},\"inLanguage\":\"sk-SK\",\"potentialAction\":[{\"@type\":\"ReadAction\",\"target\":[\"https:\/\/origon-eu.com\/sk\/product\/hooded-bathrobe-380gr-100-cotton-grey\/\"]}]},{\"@type\":\"ImageObject\",\"inLanguage\":\"sk-SK\",\"@id\":\"https:\/\/origon-eu.com\/sk\/product\/hooded-bathrobe-380gr-100-cotton-grey\/#primaryimage\",\"url\":\"https:\/\/origon-eu.com\/wp-content\/uploads\/2025\/03\/halat-za-bana-s-kaculka-380gr-100-pamuk-sivo-image_670cf722d15da_1920x1920.webp\",\"contentUrl\":\"https:\/\/origon-eu.com\/wp-content\/uploads\/2025\/03\/halat-za-bana-s-kaculka-380gr-100-pamuk-sivo-image_670cf722d15da_1920x1920.webp\",\"width\":1280,\"height\":1920},{\"@type\":\"BreadcrumbList\",\"@id\":\"https:\/\/origon-eu.com\/sk\/product\/hooded-bathrobe-380gr-100-cotton-grey\/#breadcrumb\",\"itemListElement\":[{\"@type\":\"ListItem\",\"position\":1,\"name\":\"Home\",\"item\":\"https:\/\/origon-eu.com\/\"},{\"@type\":\"ListItem\",\"position\":2,\"name\":\"Shop\",\"item\":\"https:\/\/origon-eu.com\/sk\/shop-2\/\"},{\"@type\":\"ListItem\",\"position\":3,\"name\":\"Luxusn\u00fd 380g K\u00fape\u013e\u0148ov\u00fd pl\u00e1\u0161\u0165 s kapuc\u0148ou, 100% Bavlna \u2013 \u0160ed\u00e1\"}]},{\"@type\":\"WebSite\",\"@id\":\"https:\/\/origon-eu.com\/#website\",\"url\":\"https:\/\/origon-eu.com\/\",\"name\":\"Origon EU\",\"description\":\"Online Store\",\"publisher\":{\"@id\":\"https:\/\/origon-eu.com\/#organization\"},\"potentialAction\":[{\"@type\":\"SearchAction\",\"target\":{\"@type\":\"EntryPoint\",\"urlTemplate\":\"https:\/\/origon-eu.com\/?s={search_term_string}\"},\"query-input\":{\"@type\":\"PropertyValueSpecification\",\"valueRequired\":true,\"valueName\":\"search_term_string\"}}],\"inLanguage\":\"sk-SK\"},{\"@type\":\"Organization\",\"@id\":\"https:\/\/origon-eu.com\/#organization\",\"name\":\"Origon EU\",\"url\":\"https:\/\/origon-eu.com\/\",\"logo\":{\"@type\":\"ImageObject\",\"inLanguage\":\"sk-SK\",\"@id\":\"https:\/\/origon-eu.com\/#\/schema\/logo\/image\/\",\"url\":\"https:\/\/origon-eu.com\/wp-content\/uploads\/2024\/04\/Screenshot-2024-04-09-101814.png\",\"contentUrl\":\"https:\/\/origon-eu.com\/wp-content\/uploads\/2024\/04\/Screenshot-2024-04-09-101814.png\",\"width\":171,\"height\":59,\"caption\":\"Origon EU\"},\"image\":{\"@id\":\"https:\/\/origon-eu.com\/#\/schema\/logo\/image\/\"}}]}<\/script>\n<!-- \/ Yoast SEO plugin. -->","yoast_head_json":{"title":"Luxusn\u00fd 380g K\u00fape\u013e\u0148ov\u00fd pl\u00e1\u0161\u0165 s kapuc\u0148ou, 100% Bavlna \u2013 \u0160ed\u00e1 - Origon EU","robots":{"index":"index","follow":"follow","max-snippet":"max-snippet:-1","max-image-preview":"max-image-preview:large","max-video-preview":"max-video-preview:-1"},"canonical":"https:\/\/origon-eu.com\/sk\/product\/hooded-bathrobe-380gr-100-cotton-grey\/","og_locale":"sk_SK","og_type":"article","og_title":"Luxusn\u00fd 380g K\u00fape\u013e\u0148ov\u00fd pl\u00e1\u0161\u0165 s kapuc\u0148ou, 100% Bavlna \u2013 \u0160ed\u00e1 - Origon EU","og_description":"Materi\u00e1l: 100% bavlna pre jemn\u00fd a priedu\u0161n\u00fd pocit  Hmotnos\u0165: 380 gramov, poskytuje pohodln\u00fa a \u013eahk\u00fa vo\u013ebu  Dizajn: S kapuc\u0148ou pre v\u00e4\u010d\u0161ie teplo a pohodlie  Farba: Klasick\u00e1 \u0161ed\u00e1 pre univerz\u00e1lny a modern\u00fd vzh\u013ead  Sav\u00fd: Ide\u00e1lny na osu\u0161enie po k\u00fapan\u00ed alebo sprchovan\u00ed  Pohodln\u00fd: Pon\u00faka luxusn\u00fd z\u00e1\u017eitok typu spa doma","og_url":"https:\/\/origon-eu.com\/sk\/product\/hooded-bathrobe-380gr-100-cotton-grey\/","og_site_name":"Origon EU","article_modified_time":"2025-03-25T13:44:35+00:00","og_image":[{"width":1280,"height":1920,"url":"https:\/\/origon-eu.com\/wp-content\/uploads\/2025\/03\/halat-za-bana-s-kaculka-380gr-100-pamuk-sivo-image_670cf722d15da_1920x1920.webp","type":"image\/webp"}],"twitter_card":"summary_large_image","twitter_misc":{"Predpokladan\u00fd \u010das \u010d\u00edtania":"1 min\u00fata"},"schema":{"@context":"https:\/\/schema.org","@graph":[{"@type":"WebPage","@id":"https:\/\/origon-eu.com\/sk\/product\/hooded-bathrobe-380gr-100-cotton-grey\/","url":"https:\/\/origon-eu.com\/sk\/product\/hooded-bathrobe-380gr-100-cotton-grey\/","name":"Luxusn\u00fd 380g K\u00fape\u013e\u0148ov\u00fd pl\u00e1\u0161\u0165 s kapuc\u0148ou, 100% Bavlna \u2013 \u0160ed\u00e1 - Origon EU","isPartOf":{"@id":"https:\/\/origon-eu.com\/#website"},"primaryImageOfPage":{"@id":"https:\/\/origon-eu.com\/sk\/product\/hooded-bathrobe-380gr-100-cotton-grey\/#primaryimage"},"image":{"@id":"https:\/\/origon-eu.com\/sk\/product\/hooded-bathrobe-380gr-100-cotton-grey\/#primaryimage"},"thumbnailUrl":"https:\/\/origon-eu.com\/wp-content\/uploads\/2025\/03\/halat-za-bana-s-kaculka-380gr-100-pamuk-sivo-image_670cf722d15da_1920x1920.webp","datePublished":"2025-03-21T14:45:01+00:00","dateModified":"2025-03-25T13:44:35+00:00","breadcrumb":{"@id":"https:\/\/origon-eu.com\/sk\/product\/hooded-bathrobe-380gr-100-cotton-grey\/#breadcrumb"},"inLanguage":"sk-SK","potentialAction":[{"@type":"ReadAction","target":["https:\/\/origon-eu.com\/sk\/product\/hooded-bathrobe-380gr-100-cotton-grey\/"]}]},{"@type":"ImageObject","inLanguage":"sk-SK","@id":"https:\/\/origon-eu.com\/sk\/product\/hooded-bathrobe-380gr-100-cotton-grey\/#primaryimage","url":"https:\/\/origon-eu.com\/wp-content\/uploads\/2025\/03\/halat-za-bana-s-kaculka-380gr-100-pamuk-sivo-image_670cf722d15da_1920x1920.webp","contentUrl":"https:\/\/origon-eu.com\/wp-content\/uploads\/2025\/03\/halat-za-bana-s-kaculka-380gr-100-pamuk-sivo-image_670cf722d15da_1920x1920.webp","width":1280,"height":1920},{"@type":"BreadcrumbList","@id":"https:\/\/origon-eu.com\/sk\/product\/hooded-bathrobe-380gr-100-cotton-grey\/#breadcrumb","itemListElement":[{"@type":"ListItem","position":1,"name":"Home","item":"https:\/\/origon-eu.com\/"},{"@type":"ListItem","position":2,"name":"Shop","item":"https:\/\/origon-eu.com\/sk\/shop-2\/"},{"@type":"ListItem","position":3,"name":"Luxusn\u00fd 380g K\u00fape\u013e\u0148ov\u00fd pl\u00e1\u0161\u0165 s kapuc\u0148ou, 100% Bavlna \u2013 \u0160ed\u00e1"}]},{"@type":"WebSite","@id":"https:\/\/origon-eu.com\/#website","url":"https:\/\/origon-eu.com\/","name":"Origon EU","description":"Online Store","publisher":{"@id":"https:\/\/origon-eu.com\/#organization"},"potentialAction":[{"@type":"SearchAction","target":{"@type":"EntryPoint","urlTemplate":"https:\/\/origon-eu.com\/?s={search_term_string}"},"query-input":{"@type":"PropertyValueSpecification","valueRequired":true,"valueName":"search_term_string"}}],"inLanguage":"sk-SK"},{"@type":"Organization","@id":"https:\/\/origon-eu.com\/#organization","name":"Origon EU","url":"https:\/\/origon-eu.com\/","logo":{"@type":"ImageObject","inLanguage":"sk-SK","@id":"https:\/\/origon-eu.com\/#\/schema\/logo\/image\/","url":"https:\/\/origon-eu.com\/wp-content\/uploads\/2024\/04\/Screenshot-2024-04-09-101814.png","contentUrl":"https:\/\/origon-eu.com\/wp-content\/uploads\/2024\/04\/Screenshot-2024-04-09-101814.png","width":171,"height":59,"caption":"Origon EU"},"image":{"@id":"https:\/\/origon-eu.com\/#\/schema\/logo\/image\/"}}]}},"tiered_pricing_type":"fixed","tiered_pricing_fixed_rules":[],"tiered_pricing_percentage_rules":[],"tiered_pricing_minimum":1,"tiered_pricing_roles_data":[],"_links":{"self":[{"href":"https:\/\/origon-eu.com\/sk\/wp-json\/wp\/v2\/product\/39294","targetHints":{"allow":["GET"]}}],"collection":[{"href":"https:\/\/origon-eu.com\/sk\/wp-json\/wp\/v2\/product"}],"about":[{"href":"https:\/\/origon-eu.com\/sk\/wp-json\/wp\/v2\/types\/product"}],"version-history":[{"count":2,"href":"https:\/\/origon-eu.com\/sk\/wp-json\/wp\/v2\/product\/39294\/revisions"}],"predecessor-version":[{"id":39883,"href":"https:\/\/origon-eu.com\/sk\/wp-json\/wp\/v2\/product\/39294\/revisions\/39883"}],"wp:featuredmedia":[{"embeddable":true,"href":"https:\/\/origon-eu.com\/sk\/wp-json\/wp\/v2\/media\/38848"}],"wp:attachment":[{"href":"https:\/\/origon-eu.com\/sk\/wp-json\/wp\/v2\/media?parent=39294"}],"wp:term":[{"taxonomy":"product_cat","embeddable":true,"href":"https:\/\/origon-eu.com\/sk\/wp-json\/wp\/v2\/product_cat?post=39294"},{"taxonomy":"product_tag","embeddable":true,"href":"https:\/\/origon-eu.com\/sk\/wp-json\/wp\/v2\/product_tag?post=39294"}],"curies":[{"name":"wp","href":"https:\/\/api.w.org\/{rel}","templated":true}]}}