{"id":39014,"date":"2025-03-21T15:58:05","date_gmt":"2025-03-21T13:58:05","guid":{"rendered":"https:\/\/origon-eu.com\/product\/white-towel-hotel-bathrobe-400gr\/"},"modified":"2025-03-25T15:31:35","modified_gmt":"2025-03-25T13:31:35","slug":"white-towel-hotel-bathrobe-400gr","status":"publish","type":"product","link":"https:\/\/origon-eu.com\/sk\/product\/white-towel-hotel-bathrobe-400gr\/","title":{"rendered":"Pr\u00e9miov\u00fd biely hotelov\u00fd frot\u00e9 \u017eupan 400g"},"content":{"rendered":"<p>ZLO\u017dENIE &#8211; 100% BAVLNA<\/p>\n<p data-start=\"76\" data-end=\"409\">K\u00fape\u013eov\u00fd r\u00fach vysok\u00e9 kvality, hrub\u00e9, bez kapucne, s \u0161\u00e1lov\u00fdm golierom, vyroben\u00e9 zo 100% bavlny. Vhodn\u00e9 pre dom\u00e1cnos\u0165, ako aj pre hotely a penzi\u00f3ny. \u0160t\u00fdlov\u00fd dizajn, vynikaj\u00faca absorb\u010dn\u00e1 schopnos\u0165, pohodln\u00e9, m\u00e4kk\u00e9 a jemn\u00e9 na dotyk. Vysokokvalitn\u00e1 tkanina, ktor\u00e1 sa r\u00fdchlo vysu\u0161\u00ed. Pre v\u00e4\u010d\u0161\u00ed komfort a pohodlie m\u00e1 k\u00fape\u013eov\u00fd r\u00fach aj opasok.<\/p>\n<p data-start=\"411\" data-end=\"467\">Vyberte si to najlep\u0161ie pre seba alebo pre va\u0161ich host\u00ed.<\/p>\n<p data-start=\"469\" data-end=\"493\">Dostupn\u00e9 vo ve\u013ekosti XL.<\/p>\n<p data-start=\"495\" data-end=\"543\">Odpor\u00fa\u010da sa pra\u0165 pri teplote vody do 40 stup\u0148ov!<\/p>\n<p data-start=\"545\" data-end=\"609\">Obr\u00e1zky s\u00fa ilustra\u010dn\u00e9 a popisuj\u00fa v\u0161eobecn\u00e9 vlastnosti produktov!<\/p>\n","protected":false},"excerpt":{"rendered":"<ul>\n<li data-start=\"0\" data-end=\"35\"><strong>Materi\u00e1l:<\/strong> Vysokokvalitn\u00e1 bavlna<\/li>\n<li data-start=\"0\" data-end=\"35\"><strong>Hmotnos\u0165:<\/strong> 400 gramov, poskytuje rovnov\u00e1hu medzi teplom a pohodl\u00edm<\/li>\n<li data-start=\"0\" data-end=\"35\"><strong>M\u00e4kk\u00e9 a nad\u00fdchan\u00e9:<\/strong> Poskytuje luxusn\u00fd, pohodln\u00fd pocit<\/li>\n<li data-start=\"0\" data-end=\"35\"><strong>Absorp\u010dn\u00e9:<\/strong> Ide\u00e1lne na osu\u0161enie po sprche alebo k\u00fapeli<\/li>\n<li data-start=\"0\" data-end=\"35\"><strong>Elegantn\u00fd dizajn:<\/strong> \u010cist\u00e1 biela farba prid\u00e1va sofistikovan\u00fd vzh\u013ead<\/li>\n<li data-start=\"0\" data-end=\"35\"><strong>Hotelov\u00fd \u0161t\u00fdl:<\/strong> Ide\u00e1lne na vytvorenie spa alebo hotelov\u00e9ho z\u00e1\u017eitku doma<\/li>\n<\/ul>\n","protected":false},"featured_media":38748,"template":"","meta":[],"product_cat":[507],"product_tag":[],"class_list":{"0":"post-39014","1":"product","2":"type-product","3":"status-publish","4":"has-post-thumbnail","6":"product_cat-bathrobes-sk","8":"first","9":"outofstock","10":"shipping-taxable","11":"purchasable","12":"product-type-variable"},"yoast_head":"<!-- This site is optimized with the Yoast SEO plugin v24.2 - https:\/\/yoast.com\/wordpress\/plugins\/seo\/ -->\n<title>Pr\u00e9miov\u00fd biely hotelov\u00fd frot\u00e9 \u017eupan 400g - Origon EU<\/title>\n<meta name=\"robots\" content=\"index, follow, max-snippet:-1, max-image-preview:large, max-video-preview:-1\" \/>\n<link rel=\"canonical\" href=\"https:\/\/origon-eu.com\/sk\/product\/white-towel-hotel-bathrobe-400gr\/\" \/>\n<meta property=\"og:locale\" content=\"sk_SK\" \/>\n<meta property=\"og:type\" content=\"article\" \/>\n<meta property=\"og:title\" content=\"Pr\u00e9miov\u00fd biely hotelov\u00fd frot\u00e9 \u017eupan 400g - Origon EU\" \/>\n<meta property=\"og:description\" content=\"Materi\u00e1l: Vysokokvalitn\u00e1 bavlna  Hmotnos\u0165: 400 gramov, poskytuje rovnov\u00e1hu medzi teplom a pohodl\u00edm  M\u00e4kk\u00e9 a nad\u00fdchan\u00e9: Poskytuje luxusn\u00fd, pohodln\u00fd pocit  Absorp\u010dn\u00e9: Ide\u00e1lne na osu\u0161enie po sprche alebo k\u00fapeli  Elegantn\u00fd dizajn: \u010cist\u00e1 biela farba prid\u00e1va sofistikovan\u00fd vzh\u013ead  Hotelov\u00fd \u0161t\u00fdl: Ide\u00e1lne na vytvorenie spa alebo hotelov\u00e9ho z\u00e1\u017eitku doma\" \/>\n<meta property=\"og:url\" content=\"https:\/\/origon-eu.com\/sk\/product\/white-towel-hotel-bathrobe-400gr\/\" \/>\n<meta property=\"og:site_name\" content=\"Origon EU\" \/>\n<meta property=\"article:modified_time\" content=\"2025-03-25T13:31:35+00:00\" \/>\n<meta property=\"og:image\" content=\"https:\/\/origon-eu.com\/wp-content\/uploads\/2025\/03\/bal-havlien-hotelski-halat-400gr-image_670cfa8c60028_1920x1920-1.jpeg\" \/>\n\t<meta property=\"og:image:width\" content=\"1252\" \/>\n\t<meta property=\"og:image:height\" content=\"1920\" \/>\n\t<meta property=\"og:image:type\" content=\"image\/jpeg\" \/>\n<meta name=\"twitter:card\" content=\"summary_large_image\" \/>\n<meta name=\"twitter:label1\" content=\"Predpokladan\u00fd \u010das \u010d\u00edtania\" \/>\n\t<meta name=\"twitter:data1\" content=\"1 min\u00fata\" \/>\n<script type=\"application\/ld+json\" class=\"yoast-schema-graph\">{\"@context\":\"https:\/\/schema.org\",\"@graph\":[{\"@type\":\"WebPage\",\"@id\":\"https:\/\/origon-eu.com\/sk\/product\/white-towel-hotel-bathrobe-400gr\/\",\"url\":\"https:\/\/origon-eu.com\/sk\/product\/white-towel-hotel-bathrobe-400gr\/\",\"name\":\"Pr\u00e9miov\u00fd biely hotelov\u00fd frot\u00e9 \u017eupan 400g - Origon EU\",\"isPartOf\":{\"@id\":\"https:\/\/origon-eu.com\/#website\"},\"primaryImageOfPage\":{\"@id\":\"https:\/\/origon-eu.com\/sk\/product\/white-towel-hotel-bathrobe-400gr\/#primaryimage\"},\"image\":{\"@id\":\"https:\/\/origon-eu.com\/sk\/product\/white-towel-hotel-bathrobe-400gr\/#primaryimage\"},\"thumbnailUrl\":\"https:\/\/origon-eu.com\/wp-content\/uploads\/2025\/03\/bal-havlien-hotelski-halat-400gr-image_670cfa8c60028_1920x1920-1.jpeg\",\"datePublished\":\"2025-03-21T13:58:05+00:00\",\"dateModified\":\"2025-03-25T13:31:35+00:00\",\"breadcrumb\":{\"@id\":\"https:\/\/origon-eu.com\/sk\/product\/white-towel-hotel-bathrobe-400gr\/#breadcrumb\"},\"inLanguage\":\"sk-SK\",\"potentialAction\":[{\"@type\":\"ReadAction\",\"target\":[\"https:\/\/origon-eu.com\/sk\/product\/white-towel-hotel-bathrobe-400gr\/\"]}]},{\"@type\":\"ImageObject\",\"inLanguage\":\"sk-SK\",\"@id\":\"https:\/\/origon-eu.com\/sk\/product\/white-towel-hotel-bathrobe-400gr\/#primaryimage\",\"url\":\"https:\/\/origon-eu.com\/wp-content\/uploads\/2025\/03\/bal-havlien-hotelski-halat-400gr-image_670cfa8c60028_1920x1920-1.jpeg\",\"contentUrl\":\"https:\/\/origon-eu.com\/wp-content\/uploads\/2025\/03\/bal-havlien-hotelski-halat-400gr-image_670cfa8c60028_1920x1920-1.jpeg\",\"width\":1252,\"height\":1920},{\"@type\":\"BreadcrumbList\",\"@id\":\"https:\/\/origon-eu.com\/sk\/product\/white-towel-hotel-bathrobe-400gr\/#breadcrumb\",\"itemListElement\":[{\"@type\":\"ListItem\",\"position\":1,\"name\":\"Home\",\"item\":\"https:\/\/origon-eu.com\/\"},{\"@type\":\"ListItem\",\"position\":2,\"name\":\"Shop\",\"item\":\"https:\/\/origon-eu.com\/sk\/shop-2\/\"},{\"@type\":\"ListItem\",\"position\":3,\"name\":\"Pr\u00e9miov\u00fd biely hotelov\u00fd frot\u00e9 \u017eupan 400g\"}]},{\"@type\":\"WebSite\",\"@id\":\"https:\/\/origon-eu.com\/#website\",\"url\":\"https:\/\/origon-eu.com\/\",\"name\":\"Origon EU\",\"description\":\"Online Store\",\"publisher\":{\"@id\":\"https:\/\/origon-eu.com\/#organization\"},\"potentialAction\":[{\"@type\":\"SearchAction\",\"target\":{\"@type\":\"EntryPoint\",\"urlTemplate\":\"https:\/\/origon-eu.com\/?s={search_term_string}\"},\"query-input\":{\"@type\":\"PropertyValueSpecification\",\"valueRequired\":true,\"valueName\":\"search_term_string\"}}],\"inLanguage\":\"sk-SK\"},{\"@type\":\"Organization\",\"@id\":\"https:\/\/origon-eu.com\/#organization\",\"name\":\"Origon EU\",\"url\":\"https:\/\/origon-eu.com\/\",\"logo\":{\"@type\":\"ImageObject\",\"inLanguage\":\"sk-SK\",\"@id\":\"https:\/\/origon-eu.com\/#\/schema\/logo\/image\/\",\"url\":\"https:\/\/origon-eu.com\/wp-content\/uploads\/2024\/04\/Screenshot-2024-04-09-101814.png\",\"contentUrl\":\"https:\/\/origon-eu.com\/wp-content\/uploads\/2024\/04\/Screenshot-2024-04-09-101814.png\",\"width\":171,\"height\":59,\"caption\":\"Origon EU\"},\"image\":{\"@id\":\"https:\/\/origon-eu.com\/#\/schema\/logo\/image\/\"}}]}<\/script>\n<!-- \/ Yoast SEO plugin. -->","yoast_head_json":{"title":"Pr\u00e9miov\u00fd biely hotelov\u00fd frot\u00e9 \u017eupan 400g - Origon EU","robots":{"index":"index","follow":"follow","max-snippet":"max-snippet:-1","max-image-preview":"max-image-preview:large","max-video-preview":"max-video-preview:-1"},"canonical":"https:\/\/origon-eu.com\/sk\/product\/white-towel-hotel-bathrobe-400gr\/","og_locale":"sk_SK","og_type":"article","og_title":"Pr\u00e9miov\u00fd biely hotelov\u00fd frot\u00e9 \u017eupan 400g - Origon EU","og_description":"Materi\u00e1l: Vysokokvalitn\u00e1 bavlna  Hmotnos\u0165: 400 gramov, poskytuje rovnov\u00e1hu medzi teplom a pohodl\u00edm  M\u00e4kk\u00e9 a nad\u00fdchan\u00e9: Poskytuje luxusn\u00fd, pohodln\u00fd pocit  Absorp\u010dn\u00e9: Ide\u00e1lne na osu\u0161enie po sprche alebo k\u00fapeli  Elegantn\u00fd dizajn: \u010cist\u00e1 biela farba prid\u00e1va sofistikovan\u00fd vzh\u013ead  Hotelov\u00fd \u0161t\u00fdl: Ide\u00e1lne na vytvorenie spa alebo hotelov\u00e9ho z\u00e1\u017eitku doma","og_url":"https:\/\/origon-eu.com\/sk\/product\/white-towel-hotel-bathrobe-400gr\/","og_site_name":"Origon EU","article_modified_time":"2025-03-25T13:31:35+00:00","og_image":[{"width":1252,"height":1920,"url":"https:\/\/origon-eu.com\/wp-content\/uploads\/2025\/03\/bal-havlien-hotelski-halat-400gr-image_670cfa8c60028_1920x1920-1.jpeg","type":"image\/jpeg"}],"twitter_card":"summary_large_image","twitter_misc":{"Predpokladan\u00fd \u010das \u010d\u00edtania":"1 min\u00fata"},"schema":{"@context":"https:\/\/schema.org","@graph":[{"@type":"WebPage","@id":"https:\/\/origon-eu.com\/sk\/product\/white-towel-hotel-bathrobe-400gr\/","url":"https:\/\/origon-eu.com\/sk\/product\/white-towel-hotel-bathrobe-400gr\/","name":"Pr\u00e9miov\u00fd biely hotelov\u00fd frot\u00e9 \u017eupan 400g - Origon EU","isPartOf":{"@id":"https:\/\/origon-eu.com\/#website"},"primaryImageOfPage":{"@id":"https:\/\/origon-eu.com\/sk\/product\/white-towel-hotel-bathrobe-400gr\/#primaryimage"},"image":{"@id":"https:\/\/origon-eu.com\/sk\/product\/white-towel-hotel-bathrobe-400gr\/#primaryimage"},"thumbnailUrl":"https:\/\/origon-eu.com\/wp-content\/uploads\/2025\/03\/bal-havlien-hotelski-halat-400gr-image_670cfa8c60028_1920x1920-1.jpeg","datePublished":"2025-03-21T13:58:05+00:00","dateModified":"2025-03-25T13:31:35+00:00","breadcrumb":{"@id":"https:\/\/origon-eu.com\/sk\/product\/white-towel-hotel-bathrobe-400gr\/#breadcrumb"},"inLanguage":"sk-SK","potentialAction":[{"@type":"ReadAction","target":["https:\/\/origon-eu.com\/sk\/product\/white-towel-hotel-bathrobe-400gr\/"]}]},{"@type":"ImageObject","inLanguage":"sk-SK","@id":"https:\/\/origon-eu.com\/sk\/product\/white-towel-hotel-bathrobe-400gr\/#primaryimage","url":"https:\/\/origon-eu.com\/wp-content\/uploads\/2025\/03\/bal-havlien-hotelski-halat-400gr-image_670cfa8c60028_1920x1920-1.jpeg","contentUrl":"https:\/\/origon-eu.com\/wp-content\/uploads\/2025\/03\/bal-havlien-hotelski-halat-400gr-image_670cfa8c60028_1920x1920-1.jpeg","width":1252,"height":1920},{"@type":"BreadcrumbList","@id":"https:\/\/origon-eu.com\/sk\/product\/white-towel-hotel-bathrobe-400gr\/#breadcrumb","itemListElement":[{"@type":"ListItem","position":1,"name":"Home","item":"https:\/\/origon-eu.com\/"},{"@type":"ListItem","position":2,"name":"Shop","item":"https:\/\/origon-eu.com\/sk\/shop-2\/"},{"@type":"ListItem","position":3,"name":"Pr\u00e9miov\u00fd biely hotelov\u00fd frot\u00e9 \u017eupan 400g"}]},{"@type":"WebSite","@id":"https:\/\/origon-eu.com\/#website","url":"https:\/\/origon-eu.com\/","name":"Origon EU","description":"Online Store","publisher":{"@id":"https:\/\/origon-eu.com\/#organization"},"potentialAction":[{"@type":"SearchAction","target":{"@type":"EntryPoint","urlTemplate":"https:\/\/origon-eu.com\/?s={search_term_string}"},"query-input":{"@type":"PropertyValueSpecification","valueRequired":true,"valueName":"search_term_string"}}],"inLanguage":"sk-SK"},{"@type":"Organization","@id":"https:\/\/origon-eu.com\/#organization","name":"Origon EU","url":"https:\/\/origon-eu.com\/","logo":{"@type":"ImageObject","inLanguage":"sk-SK","@id":"https:\/\/origon-eu.com\/#\/schema\/logo\/image\/","url":"https:\/\/origon-eu.com\/wp-content\/uploads\/2024\/04\/Screenshot-2024-04-09-101814.png","contentUrl":"https:\/\/origon-eu.com\/wp-content\/uploads\/2024\/04\/Screenshot-2024-04-09-101814.png","width":171,"height":59,"caption":"Origon EU"},"image":{"@id":"https:\/\/origon-eu.com\/#\/schema\/logo\/image\/"}}]}},"tiered_pricing_type":"fixed","tiered_pricing_fixed_rules":[],"tiered_pricing_percentage_rules":[],"tiered_pricing_minimum":1,"tiered_pricing_roles_data":[],"_links":{"self":[{"href":"https:\/\/origon-eu.com\/sk\/wp-json\/wp\/v2\/product\/39014","targetHints":{"allow":["GET"]}}],"collection":[{"href":"https:\/\/origon-eu.com\/sk\/wp-json\/wp\/v2\/product"}],"about":[{"href":"https:\/\/origon-eu.com\/sk\/wp-json\/wp\/v2\/types\/product"}],"version-history":[{"count":2,"href":"https:\/\/origon-eu.com\/sk\/wp-json\/wp\/v2\/product\/39014\/revisions"}],"predecessor-version":[{"id":39831,"href":"https:\/\/origon-eu.com\/sk\/wp-json\/wp\/v2\/product\/39014\/revisions\/39831"}],"wp:featuredmedia":[{"embeddable":true,"href":"https:\/\/origon-eu.com\/sk\/wp-json\/wp\/v2\/media\/38748"}],"wp:attachment":[{"href":"https:\/\/origon-eu.com\/sk\/wp-json\/wp\/v2\/media?parent=39014"}],"wp:term":[{"taxonomy":"product_cat","embeddable":true,"href":"https:\/\/origon-eu.com\/sk\/wp-json\/wp\/v2\/product_cat?post=39014"},{"taxonomy":"product_tag","embeddable":true,"href":"https:\/\/origon-eu.com\/sk\/wp-json\/wp\/v2\/product_tag?post=39014"}],"curies":[{"name":"wp","href":"https:\/\/api.w.org\/{rel}","templated":true}]}}