{"id":35671,"date":"2025-02-28T11:20:41","date_gmt":"2025-02-28T09:20:41","guid":{"rendered":"https:\/\/origon-eu.com\/product\/shiatsu-foot-massager\/"},"modified":"2025-02-28T15:51:55","modified_gmt":"2025-02-28T13:51:55","slug":"shiatsu-foot-massager","status":"publish","type":"product","link":"https:\/\/origon-eu.com\/sk\/product\/shiatsu-foot-massager\/","title":{"rendered":"Shiatsu mas\u00e1\u017eny pr\u00edstroj na nohy"},"content":{"rendered":"<p>Uvo\u013enite unaven\u00e9 svaly a doprajte si relax s mas\u00e1\u017enym pr\u00edstrojom na nohy Shiatsu s funkciou zahrievania. Tento prenosn\u00fd mas\u00e9r pon\u00faka tri nastavenia mas\u00e1\u017ee pod\u013ea va\u0161ich preferenci\u00ed spolu s funkciou riaden\u00e9ho ohrevu pre dodato\u010dn\u00fd upokojuj\u00faci dotyk.<\/p>\n<p><strong>V\u00fdhody mas\u00e1\u017eneho pr\u00edstroja na nohy Shiatsu:<\/strong><\/p>\n<ul>\n<li>Zlep\u0161uje obeh<\/li>\n<li>Stimuluje svaly<\/li>\n<li>Zni\u017euje nap\u00e4tie a boles\u0165<\/li>\n<li>Zmier\u0148uje stres<\/li>\n<li>Zmier\u0148uje bolesti hlavy a migr\u00e9ny<\/li>\n<li>Pom\u00e1ha pri zni\u017eovan\u00ed krvn\u00e9ho tlaku<\/li>\n<li>Zni\u017euje \u010das zotavenia po zranen\u00ed<\/li>\n<li>Zni\u017euje \u00fazkos\u0165<\/li>\n<li>Zlep\u0161uje kvalitu sp\u00e1nku<\/li>\n<\/ul>\n<p><a href=\"https:\/\/origon-eu.com\/wp-content\/uploads\/2025\/02\/ISM001productimage.webp\"><img fetchpriority=\"high\" decoding=\"async\" class=\"alignnone wp-image-35348 size-full\" src=\"https:\/\/origon-eu.com\/wp-content\/uploads\/2025\/02\/ISM001productimage.webp\" alt=\"\" width=\"500\" height=\"500\" srcset=\"https:\/\/origon-eu.com\/wp-content\/uploads\/2025\/02\/ISM001productimage.webp 500w, https:\/\/origon-eu.com\/wp-content\/uploads\/2025\/02\/ISM001productimage-300x300.webp 300w, https:\/\/origon-eu.com\/wp-content\/uploads\/2025\/02\/ISM001productimage-150x150.webp 150w\" sizes=\"(max-width: 500px) 100vw, 500px\" \/><\/a><\/p>\n<p><strong>Funkcie mas\u00e1\u017eneho pr\u00edstroja na nohy Shiatsu:<\/strong><\/p>\n<ul>\n<li>Dizajn v tvare vaj\u00ed\u010dka pre ergonomick\u00e9 pohodlie<\/li>\n<li>\u013dahk\u00fd a prenosn\u00fd<\/li>\n<li>Tri mas\u00e1\u017ene pr\u00edstroje pre komplexn\u00fa mas\u00e1\u017e chodidiel<\/li>\n<li>Odn\u00edmate\u013en\u00e9 a prate\u013en\u00e9 po\u0165ahy pre hygienu<\/li>\n<\/ul>\n<p><strong>\u0160pecifik\u00e1cie:<\/strong><\/p>\n<ul>\n<li>P\u00e4\u0165 nez\u00e1visl\u00fdch tla\u010didiel na ovl\u00e1dacom paneli<\/li>\n<li>Centr\u00e1lna mas\u00e1\u017ena podlo\u017eka pre akupres\u00faru na klenb\u00e1ch<\/li>\n<li>Predn\u00e1 mas\u00e1\u017ena podlo\u017eka s hnetac\u00edm val\u010dekom pre predn\u00e9 chodidl\u00e1<\/li>\n<li>Zadn\u00e1 mas\u00e1\u017ena podlo\u017eka s tla\u010den\u00fdm hneten\u00edm pre p\u00e4ty<\/li>\n<li>Vn\u00fatorn\u00fd airbag pre tlak vzduchu v priehlavkoch<\/li>\n<li>Odn\u00edmate\u013en\u00e1 tkanina na zips pre \u013eahk\u00e9 \u010distenie<\/li>\n<li>\u00dalo\u017eisko k\u00e1bla pre preh\u013eadn\u00fa organiz\u00e1ciu<\/li>\n<\/ul>\n<p><strong>Vysk\u00fa\u0161ajte mas\u00e1\u017eny pr\u00edstroj na nohy Shiatsu pre povzbudzuj\u00faci a relaxa\u010dn\u00fd z\u00e1\u017eitok!<\/strong><\/p>\n<p><a href=\"https:\/\/origon-eu.com\/wp-content\/uploads\/2025\/02\/2_ba9be07b-cfe5-4341-87ac-866153800ce8.webp\"><img decoding=\"async\" class=\"alignnone size-full wp-image-35338\" src=\"https:\/\/origon-eu.com\/wp-content\/uploads\/2025\/02\/2_ba9be07b-cfe5-4341-87ac-866153800ce8.webp\" alt=\"\" width=\"713\" height=\"713\" srcset=\"https:\/\/origon-eu.com\/wp-content\/uploads\/2025\/02\/2_ba9be07b-cfe5-4341-87ac-866153800ce8.webp 713w, https:\/\/origon-eu.com\/wp-content\/uploads\/2025\/02\/2_ba9be07b-cfe5-4341-87ac-866153800ce8-300x300.webp 300w, https:\/\/origon-eu.com\/wp-content\/uploads\/2025\/02\/2_ba9be07b-cfe5-4341-87ac-866153800ce8-150x150.webp 150w, https:\/\/origon-eu.com\/wp-content\/uploads\/2025\/02\/2_ba9be07b-cfe5-4341-87ac-866153800ce8-600x600.webp 600w\" sizes=\"(max-width: 713px) 100vw, 713px\" \/><\/a> <a href=\"https:\/\/origon-eu.com\/wp-content\/uploads\/2025\/02\/4_f13bb2f4-084c-4e30-a75c-61f9d0e0dfbc.webp\"><img decoding=\"async\" class=\"alignnone size-full wp-image-35358\" src=\"https:\/\/origon-eu.com\/wp-content\/uploads\/2025\/02\/4_f13bb2f4-084c-4e30-a75c-61f9d0e0dfbc.webp\" alt=\"\" width=\"713\" height=\"713\" srcset=\"https:\/\/origon-eu.com\/wp-content\/uploads\/2025\/02\/4_f13bb2f4-084c-4e30-a75c-61f9d0e0dfbc.webp 713w, https:\/\/origon-eu.com\/wp-content\/uploads\/2025\/02\/4_f13bb2f4-084c-4e30-a75c-61f9d0e0dfbc-300x300.webp 300w, https:\/\/origon-eu.com\/wp-content\/uploads\/2025\/02\/4_f13bb2f4-084c-4e30-a75c-61f9d0e0dfbc-150x150.webp 150w, https:\/\/origon-eu.com\/wp-content\/uploads\/2025\/02\/4_f13bb2f4-084c-4e30-a75c-61f9d0e0dfbc-600x600.webp 600w\" sizes=\"(max-width: 713px) 100vw, 713px\" \/><\/a><\/p>\n","protected":false},"excerpt":{"rendered":"<ul>\n<li>Dizajn v tvare vaj\u00ed\u010dka pre ergonomick\u00e9 pohodlie<\/li>\n<li>\u013dahk\u00fd a prenosn\u00fd<\/li>\n<li>Tri mas\u00e1\u017ene pr\u00edstroje pre komplexn\u00fa mas\u00e1\u017e chodidiel<\/li>\n<li>Odn\u00edmate\u013en\u00e9 a prate\u013en\u00e9 po\u0165ahy pre hygienu<\/li>\n<\/ul>\n","protected":false},"featured_media":35356,"template":"","meta":[],"product_cat":[268],"product_tag":[],"class_list":{"0":"post-35671","1":"product","2":"type-product","3":"status-publish","4":"has-post-thumbnail","6":"product_cat-krasa-a-osobna-starostlivost","8":"first","9":"instock","10":"sale","11":"shipping-taxable","12":"purchasable","13":"product-type-simple"},"yoast_head":"<!-- This site is optimized with the Yoast SEO plugin v24.2 - https:\/\/yoast.com\/wordpress\/plugins\/seo\/ -->\n<title>Shiatsu mas\u00e1\u017eny pr\u00edstroj na nohy - Origon EU<\/title>\n<meta name=\"robots\" content=\"index, follow, max-snippet:-1, max-image-preview:large, max-video-preview:-1\" \/>\n<link rel=\"canonical\" href=\"https:\/\/origon-eu.com\/sk\/product\/shiatsu-foot-massager\/\" \/>\n<meta property=\"og:locale\" content=\"sk_SK\" \/>\n<meta property=\"og:type\" content=\"article\" \/>\n<meta property=\"og:title\" content=\"Shiatsu mas\u00e1\u017eny pr\u00edstroj na nohy - Origon EU\" \/>\n<meta property=\"og:description\" content=\"Dizajn v tvare vaj\u00ed\u010dka pre ergonomick\u00e9 pohodlie  \u013dahk\u00fd a prenosn\u00fd  Tri mas\u00e1\u017ene pr\u00edstroje pre komplexn\u00fa mas\u00e1\u017e chodidiel  Odn\u00edmate\u013en\u00e9 a prate\u013en\u00e9 po\u0165ahy pre hygienu\" \/>\n<meta property=\"og:url\" content=\"https:\/\/origon-eu.com\/sk\/product\/shiatsu-foot-massager\/\" \/>\n<meta property=\"og:site_name\" content=\"Origon EU\" \/>\n<meta property=\"article:modified_time\" content=\"2025-02-28T13:51:55+00:00\" \/>\n<meta property=\"og:image\" content=\"https:\/\/origon-eu.com\/wp-content\/uploads\/2025\/02\/ISM001productimage.webp\" \/>\n\t<meta property=\"og:image:width\" content=\"500\" \/>\n\t<meta property=\"og:image:height\" content=\"500\" \/>\n\t<meta property=\"og:image:type\" content=\"image\/webp\" \/>\n<meta name=\"twitter:card\" content=\"summary_large_image\" \/>\n<meta name=\"twitter:label1\" content=\"Predpokladan\u00fd \u010das \u010d\u00edtania\" \/>\n\t<meta name=\"twitter:data1\" content=\"2 min\u00faty\" \/>\n<script type=\"application\/ld+json\" class=\"yoast-schema-graph\">{\"@context\":\"https:\/\/schema.org\",\"@graph\":[{\"@type\":\"WebPage\",\"@id\":\"https:\/\/origon-eu.com\/sk\/product\/shiatsu-foot-massager\/\",\"url\":\"https:\/\/origon-eu.com\/sk\/product\/shiatsu-foot-massager\/\",\"name\":\"Shiatsu mas\u00e1\u017eny pr\u00edstroj na nohy - Origon EU\",\"isPartOf\":{\"@id\":\"https:\/\/origon-eu.com\/#website\"},\"primaryImageOfPage\":{\"@id\":\"https:\/\/origon-eu.com\/sk\/product\/shiatsu-foot-massager\/#primaryimage\"},\"image\":{\"@id\":\"https:\/\/origon-eu.com\/sk\/product\/shiatsu-foot-massager\/#primaryimage\"},\"thumbnailUrl\":\"https:\/\/origon-eu.com\/wp-content\/uploads\/2025\/02\/ISM001productimage.webp\",\"datePublished\":\"2025-02-28T09:20:41+00:00\",\"dateModified\":\"2025-02-28T13:51:55+00:00\",\"breadcrumb\":{\"@id\":\"https:\/\/origon-eu.com\/sk\/product\/shiatsu-foot-massager\/#breadcrumb\"},\"inLanguage\":\"sk-SK\",\"potentialAction\":[{\"@type\":\"ReadAction\",\"target\":[\"https:\/\/origon-eu.com\/sk\/product\/shiatsu-foot-massager\/\"]}]},{\"@type\":\"ImageObject\",\"inLanguage\":\"sk-SK\",\"@id\":\"https:\/\/origon-eu.com\/sk\/product\/shiatsu-foot-massager\/#primaryimage\",\"url\":\"https:\/\/origon-eu.com\/wp-content\/uploads\/2025\/02\/ISM001productimage.webp\",\"contentUrl\":\"https:\/\/origon-eu.com\/wp-content\/uploads\/2025\/02\/ISM001productimage.webp\",\"width\":500,\"height\":500},{\"@type\":\"BreadcrumbList\",\"@id\":\"https:\/\/origon-eu.com\/sk\/product\/shiatsu-foot-massager\/#breadcrumb\",\"itemListElement\":[{\"@type\":\"ListItem\",\"position\":1,\"name\":\"Home\",\"item\":\"https:\/\/origon-eu.com\/\"},{\"@type\":\"ListItem\",\"position\":2,\"name\":\"Shop\",\"item\":\"https:\/\/origon-eu.com\/sk\/shop-2\/\"},{\"@type\":\"ListItem\",\"position\":3,\"name\":\"Shiatsu mas\u00e1\u017eny pr\u00edstroj na nohy\"}]},{\"@type\":\"WebSite\",\"@id\":\"https:\/\/origon-eu.com\/#website\",\"url\":\"https:\/\/origon-eu.com\/\",\"name\":\"Origon EU\",\"description\":\"Online Store\",\"publisher\":{\"@id\":\"https:\/\/origon-eu.com\/#organization\"},\"potentialAction\":[{\"@type\":\"SearchAction\",\"target\":{\"@type\":\"EntryPoint\",\"urlTemplate\":\"https:\/\/origon-eu.com\/?s={search_term_string}\"},\"query-input\":{\"@type\":\"PropertyValueSpecification\",\"valueRequired\":true,\"valueName\":\"search_term_string\"}}],\"inLanguage\":\"sk-SK\"},{\"@type\":\"Organization\",\"@id\":\"https:\/\/origon-eu.com\/#organization\",\"name\":\"Origon EU\",\"url\":\"https:\/\/origon-eu.com\/\",\"logo\":{\"@type\":\"ImageObject\",\"inLanguage\":\"sk-SK\",\"@id\":\"https:\/\/origon-eu.com\/#\/schema\/logo\/image\/\",\"url\":\"https:\/\/origon-eu.com\/wp-content\/uploads\/2024\/04\/Screenshot-2024-04-09-101814.png\",\"contentUrl\":\"https:\/\/origon-eu.com\/wp-content\/uploads\/2024\/04\/Screenshot-2024-04-09-101814.png\",\"width\":171,\"height\":59,\"caption\":\"Origon EU\"},\"image\":{\"@id\":\"https:\/\/origon-eu.com\/#\/schema\/logo\/image\/\"}}]}<\/script>\n<!-- \/ Yoast SEO plugin. -->","yoast_head_json":{"title":"Shiatsu mas\u00e1\u017eny pr\u00edstroj na nohy - Origon EU","robots":{"index":"index","follow":"follow","max-snippet":"max-snippet:-1","max-image-preview":"max-image-preview:large","max-video-preview":"max-video-preview:-1"},"canonical":"https:\/\/origon-eu.com\/sk\/product\/shiatsu-foot-massager\/","og_locale":"sk_SK","og_type":"article","og_title":"Shiatsu mas\u00e1\u017eny pr\u00edstroj na nohy - Origon EU","og_description":"Dizajn v tvare vaj\u00ed\u010dka pre ergonomick\u00e9 pohodlie  \u013dahk\u00fd a prenosn\u00fd  Tri mas\u00e1\u017ene pr\u00edstroje pre komplexn\u00fa mas\u00e1\u017e chodidiel  Odn\u00edmate\u013en\u00e9 a prate\u013en\u00e9 po\u0165ahy pre hygienu","og_url":"https:\/\/origon-eu.com\/sk\/product\/shiatsu-foot-massager\/","og_site_name":"Origon EU","article_modified_time":"2025-02-28T13:51:55+00:00","og_image":[{"width":500,"height":500,"url":"https:\/\/origon-eu.com\/wp-content\/uploads\/2025\/02\/ISM001productimage.webp","type":"image\/webp"}],"twitter_card":"summary_large_image","twitter_misc":{"Predpokladan\u00fd \u010das \u010d\u00edtania":"2 min\u00faty"},"schema":{"@context":"https:\/\/schema.org","@graph":[{"@type":"WebPage","@id":"https:\/\/origon-eu.com\/sk\/product\/shiatsu-foot-massager\/","url":"https:\/\/origon-eu.com\/sk\/product\/shiatsu-foot-massager\/","name":"Shiatsu mas\u00e1\u017eny pr\u00edstroj na nohy - Origon EU","isPartOf":{"@id":"https:\/\/origon-eu.com\/#website"},"primaryImageOfPage":{"@id":"https:\/\/origon-eu.com\/sk\/product\/shiatsu-foot-massager\/#primaryimage"},"image":{"@id":"https:\/\/origon-eu.com\/sk\/product\/shiatsu-foot-massager\/#primaryimage"},"thumbnailUrl":"https:\/\/origon-eu.com\/wp-content\/uploads\/2025\/02\/ISM001productimage.webp","datePublished":"2025-02-28T09:20:41+00:00","dateModified":"2025-02-28T13:51:55+00:00","breadcrumb":{"@id":"https:\/\/origon-eu.com\/sk\/product\/shiatsu-foot-massager\/#breadcrumb"},"inLanguage":"sk-SK","potentialAction":[{"@type":"ReadAction","target":["https:\/\/origon-eu.com\/sk\/product\/shiatsu-foot-massager\/"]}]},{"@type":"ImageObject","inLanguage":"sk-SK","@id":"https:\/\/origon-eu.com\/sk\/product\/shiatsu-foot-massager\/#primaryimage","url":"https:\/\/origon-eu.com\/wp-content\/uploads\/2025\/02\/ISM001productimage.webp","contentUrl":"https:\/\/origon-eu.com\/wp-content\/uploads\/2025\/02\/ISM001productimage.webp","width":500,"height":500},{"@type":"BreadcrumbList","@id":"https:\/\/origon-eu.com\/sk\/product\/shiatsu-foot-massager\/#breadcrumb","itemListElement":[{"@type":"ListItem","position":1,"name":"Home","item":"https:\/\/origon-eu.com\/"},{"@type":"ListItem","position":2,"name":"Shop","item":"https:\/\/origon-eu.com\/sk\/shop-2\/"},{"@type":"ListItem","position":3,"name":"Shiatsu mas\u00e1\u017eny pr\u00edstroj na nohy"}]},{"@type":"WebSite","@id":"https:\/\/origon-eu.com\/#website","url":"https:\/\/origon-eu.com\/","name":"Origon EU","description":"Online Store","publisher":{"@id":"https:\/\/origon-eu.com\/#organization"},"potentialAction":[{"@type":"SearchAction","target":{"@type":"EntryPoint","urlTemplate":"https:\/\/origon-eu.com\/?s={search_term_string}"},"query-input":{"@type":"PropertyValueSpecification","valueRequired":true,"valueName":"search_term_string"}}],"inLanguage":"sk-SK"},{"@type":"Organization","@id":"https:\/\/origon-eu.com\/#organization","name":"Origon EU","url":"https:\/\/origon-eu.com\/","logo":{"@type":"ImageObject","inLanguage":"sk-SK","@id":"https:\/\/origon-eu.com\/#\/schema\/logo\/image\/","url":"https:\/\/origon-eu.com\/wp-content\/uploads\/2024\/04\/Screenshot-2024-04-09-101814.png","contentUrl":"https:\/\/origon-eu.com\/wp-content\/uploads\/2024\/04\/Screenshot-2024-04-09-101814.png","width":171,"height":59,"caption":"Origon EU"},"image":{"@id":"https:\/\/origon-eu.com\/#\/schema\/logo\/image\/"}}]}},"tiered_pricing_type":"fixed","tiered_pricing_fixed_rules":[],"tiered_pricing_percentage_rules":[],"tiered_pricing_minimum":1,"tiered_pricing_roles_data":[],"_links":{"self":[{"href":"https:\/\/origon-eu.com\/sk\/wp-json\/wp\/v2\/product\/35671","targetHints":{"allow":["GET"]}}],"collection":[{"href":"https:\/\/origon-eu.com\/sk\/wp-json\/wp\/v2\/product"}],"about":[{"href":"https:\/\/origon-eu.com\/sk\/wp-json\/wp\/v2\/types\/product"}],"version-history":[{"count":1,"href":"https:\/\/origon-eu.com\/sk\/wp-json\/wp\/v2\/product\/35671\/revisions"}],"predecessor-version":[{"id":35672,"href":"https:\/\/origon-eu.com\/sk\/wp-json\/wp\/v2\/product\/35671\/revisions\/35672"}],"wp:featuredmedia":[{"embeddable":true,"href":"https:\/\/origon-eu.com\/sk\/wp-json\/wp\/v2\/media\/35356"}],"wp:attachment":[{"href":"https:\/\/origon-eu.com\/sk\/wp-json\/wp\/v2\/media?parent=35671"}],"wp:term":[{"taxonomy":"product_cat","embeddable":true,"href":"https:\/\/origon-eu.com\/sk\/wp-json\/wp\/v2\/product_cat?post=35671"},{"taxonomy":"product_tag","embeddable":true,"href":"https:\/\/origon-eu.com\/sk\/wp-json\/wp\/v2\/product_tag?post=35671"}],"curies":[{"name":"wp","href":"https:\/\/api.w.org\/{rel}","templated":true}]}}