{"id":35646,"date":"2025-02-28T11:14:55","date_gmt":"2025-02-28T09:14:55","guid":{"rendered":"https:\/\/origon-eu.com\/product\/lazy-beanbag-sofa\/"},"modified":"2025-05-13T17:39:59","modified_gmt":"2025-05-13T15:39:59","slug":"lazy-beanbag-sofa","status":"publish","type":"product","link":"https:\/\/origon-eu.com\/sk\/product\/lazy-beanbag-sofa\/","title":{"rendered":"Pohovka Lazy BeanBag"},"content":{"rendered":"<p>Obrie sedacie vrece pre dospel\u00fdch|Vrec\u00fa\u0161ko na sedenie Fuf|Najlep\u0161ia pohovka do sp\u00e1lne|<\/p>\n<p>**Bezkonkuren\u010dn\u00fd komfort a \u0161t\u00fdl**<br \/>\nPo\u0165ahov\u00e1 kreslo Lazy BeanBag Sofas Cover Chair je d\u00f4kazom pohodlia a \u0161t\u00fdlu, vyroben\u00e9 z pravej ko\u017ee, ktor\u00e1 pon\u00faka luxusn\u00fd pocit a odolnos\u0165. T\u00e1to jednomiestna stoli\u010dka so sedac\u00edm vakom je navrhnut\u00e1 tak, aby poskytovala ergonomick\u00fa podporu, v\u010faka \u010domu je vynikaj\u00facou vo\u013ebou pre t\u00fdch, ktor\u00ed si cenia pohodlie aj \u0161t\u00fdl. Zv\u00fd\u0161en\u00fd dizajn operadla zais\u0165uje, \u017ee m\u00f4\u017eete pohodlne le\u017ea\u0165, \u010di u\u017e sledujete telev\u00edziu, \u010d\u00edtate knihu alebo jednoducho relaxujete.<\/p>\n<p>**V\u0161estrann\u00e9 a pohodln\u00e9**<br \/>\nT\u00e1to stoli\u010dka so sedac\u00edm vakom nie je len kus n\u00e1bytku; je to v\u0161estrann\u00fd doplnok do ka\u017ed\u00e9ho obytn\u00e9ho priestoru. Jeho \u013eahk\u00fd dizajn u\u013eah\u010duje pohyb, tak\u017ee je ide\u00e1lny pre intern\u00e1ty, herne alebo dokonca ako \u00fatuln\u00fd doplnok do va\u0161ej sp\u00e1lne. Nafukovacia pohovka sa \u013eahko nastavuje a dod\u00e1van\u00e1 pumpa zais\u0165uje, \u017ee si svoje nov\u00e9 kreslo m\u00f4\u017eete u\u017ei\u0165 okam\u017eite. V\u010faka kompaktn\u00fdm rozmerom a n\u00edzkej hmotnosti sa d\u00e1 \u013eahko skladova\u0165, ke\u010f sa nepou\u017e\u00edva.<\/p>\n<p>**Jednoduch\u00e1 \u00fadr\u017eba a oprava**<br \/>\n\u010cistenie stoli\u010dky so sedac\u00edm vakom je hra\u010dka v\u010faka funkcii pohovky, ktor\u00fa mo\u017eno pra\u0165 v pr\u00e1\u010dke. Vlo\u010dkov\u00fd materi\u00e1l je navrhnut\u00fd tak, aby odolal \u0161kvrn\u00e1m a zachoval si svoju m\u00e4kkos\u0165, \u010d\u00edm zaist\u00ed, \u017ee va\u0161a stoli\u010dka zostane \u00fatuln\u00fdm \u00fato\u010diskom po cel\u00e9 roky. V zriedkav\u00fdch pr\u00edpadoch prepichnutia je stoli\u010dka dod\u00e1van\u00e1 so s\u00fapravou na opravu vr\u00e1tane lepidla, aby sa zabezpe\u010dilo, \u017ee va\u0161a stoli\u010dka zostane v \u0161pi\u010dkovom stave. Nezabudnite udr\u017eiava\u0165 miernu hladinu plynu, aby ste predi\u0161li prasknutiu, a u\u017eite si pohodlie a komfort tejto vysokokvalitnej nafukovacej postele.<\/p>\n<p><a href=\"https:\/\/origon-eu.com\/wp-content\/uploads\/2025\/02\/S491fbbfe575a4089996aabca8ea58c48i.webp\"><img fetchpriority=\"high\" decoding=\"async\" class=\"alignnone size-full wp-image-35262\" src=\"https:\/\/origon-eu.com\/wp-content\/uploads\/2025\/02\/S491fbbfe575a4089996aabca8ea58c48i.webp\" alt=\"\" width=\"800\" height=\"563\" srcset=\"https:\/\/origon-eu.com\/wp-content\/uploads\/2025\/02\/S491fbbfe575a4089996aabca8ea58c48i.webp 800w, https:\/\/origon-eu.com\/wp-content\/uploads\/2025\/02\/S491fbbfe575a4089996aabca8ea58c48i-300x211.webp 300w, https:\/\/origon-eu.com\/wp-content\/uploads\/2025\/02\/S491fbbfe575a4089996aabca8ea58c48i-768x540.webp 768w, https:\/\/origon-eu.com\/wp-content\/uploads\/2025\/02\/S491fbbfe575a4089996aabca8ea58c48i-600x422.webp 600w, https:\/\/origon-eu.com\/wp-content\/uploads\/2025\/02\/S491fbbfe575a4089996aabca8ea58c48i-150x106.webp 150w\" sizes=\"(max-width: 800px) 100vw, 800px\" \/><\/a><\/p>\n<p>Materi\u00e1l: Prav\u00e1 ko\u017ea<br \/>\nPre \u010d\u00edslo: Single<br \/>\nDizajn a \u0161t\u00fdl: Nafukovacia pohovka so zv\u00fd\u0161en\u00fdm operadlom<br \/>\nPou\u017eitie a \u00fa\u010del: Ide\u00e1lne na sedenie, siestu a odpo\u010dinok<br \/>\nTvar alebo ve\u013ekos\u0165 alebo hmotnos\u0165 alebo mno\u017estvo: 116 * 98 * 83 cm, 2 kg<br \/>\nV\u00fdkon a vlastnosti: Ergonomicky navrhnut\u00e9 pre pohodlie a podporu<\/p>\n<p><a href=\"https:\/\/origon-eu.com\/wp-content\/uploads\/2025\/02\/Sb36a731dd2114e32993547b4d8881b1aR.jpg_960x960q75.jpg_.webp\"><img decoding=\"async\" class=\"alignnone size-full wp-image-35553\" src=\"https:\/\/origon-eu.com\/wp-content\/uploads\/2025\/02\/Sb36a731dd2114e32993547b4d8881b1aR.jpg_960x960q75.jpg_.webp\" alt=\"\" width=\"800\" height=\"800\" srcset=\"https:\/\/origon-eu.com\/wp-content\/uploads\/2025\/02\/Sb36a731dd2114e32993547b4d8881b1aR.jpg_960x960q75.jpg_.webp 800w, https:\/\/origon-eu.com\/wp-content\/uploads\/2025\/02\/Sb36a731dd2114e32993547b4d8881b1aR.jpg_960x960q75.jpg_-300x300.webp 300w, https:\/\/origon-eu.com\/wp-content\/uploads\/2025\/02\/Sb36a731dd2114e32993547b4d8881b1aR.jpg_960x960q75.jpg_-150x150.webp 150w, https:\/\/origon-eu.com\/wp-content\/uploads\/2025\/02\/Sb36a731dd2114e32993547b4d8881b1aR.jpg_960x960q75.jpg_-768x768.webp 768w, https:\/\/origon-eu.com\/wp-content\/uploads\/2025\/02\/Sb36a731dd2114e32993547b4d8881b1aR.jpg_960x960q75.jpg_-600x600.webp 600w\" sizes=\"(max-width: 800px) 100vw, 800px\" \/><\/a> <a href=\"https:\/\/origon-eu.com\/wp-content\/uploads\/2025\/02\/S2dd937b3583b4e349e97f2a084ece0adH.webp\"><img decoding=\"async\" class=\"alignnone size-full wp-image-35573\" src=\"https:\/\/origon-eu.com\/wp-content\/uploads\/2025\/02\/S2dd937b3583b4e349e97f2a084ece0adH.webp\" alt=\"\" width=\"800\" height=\"533\" srcset=\"https:\/\/origon-eu.com\/wp-content\/uploads\/2025\/02\/S2dd937b3583b4e349e97f2a084ece0adH.webp 800w, https:\/\/origon-eu.com\/wp-content\/uploads\/2025\/02\/S2dd937b3583b4e349e97f2a084ece0adH-300x200.webp 300w, https:\/\/origon-eu.com\/wp-content\/uploads\/2025\/02\/S2dd937b3583b4e349e97f2a084ece0adH-768x512.webp 768w, https:\/\/origon-eu.com\/wp-content\/uploads\/2025\/02\/S2dd937b3583b4e349e97f2a084ece0adH-600x400.webp 600w, https:\/\/origon-eu.com\/wp-content\/uploads\/2025\/02\/S2dd937b3583b4e349e97f2a084ece0adH-150x100.webp 150w\" sizes=\"(max-width: 800px) 100vw, 800px\" \/><\/a> <a href=\"https:\/\/origon-eu.com\/wp-content\/uploads\/2025\/02\/Sf6507ad7090f4c5ca3417ab39b9fa577v.webp\"><img loading=\"lazy\" decoding=\"async\" class=\"alignnone size-full wp-image-35583\" src=\"https:\/\/origon-eu.com\/wp-content\/uploads\/2025\/02\/Sf6507ad7090f4c5ca3417ab39b9fa577v.webp\" alt=\"\" width=\"800\" height=\"785\" srcset=\"https:\/\/origon-eu.com\/wp-content\/uploads\/2025\/02\/Sf6507ad7090f4c5ca3417ab39b9fa577v.webp 800w, https:\/\/origon-eu.com\/wp-content\/uploads\/2025\/02\/Sf6507ad7090f4c5ca3417ab39b9fa577v-300x294.webp 300w, https:\/\/origon-eu.com\/wp-content\/uploads\/2025\/02\/Sf6507ad7090f4c5ca3417ab39b9fa577v-768x754.webp 768w, https:\/\/origon-eu.com\/wp-content\/uploads\/2025\/02\/Sf6507ad7090f4c5ca3417ab39b9fa577v-600x589.webp 600w, https:\/\/origon-eu.com\/wp-content\/uploads\/2025\/02\/Sf6507ad7090f4c5ca3417ab39b9fa577v-150x147.webp 150w\" sizes=\"(max-width: 800px) 100vw, 800px\" \/><\/a> <a href=\"https:\/\/origon-eu.com\/wp-content\/uploads\/2025\/02\/Sad75a1565f1549dbb05dec6acf235573D.webp\"><img loading=\"lazy\" decoding=\"async\" class=\"alignnone size-full wp-image-35593\" src=\"https:\/\/origon-eu.com\/wp-content\/uploads\/2025\/02\/Sad75a1565f1549dbb05dec6acf235573D.webp\" alt=\"\" width=\"800\" height=\"666\" srcset=\"https:\/\/origon-eu.com\/wp-content\/uploads\/2025\/02\/Sad75a1565f1549dbb05dec6acf235573D.webp 800w, https:\/\/origon-eu.com\/wp-content\/uploads\/2025\/02\/Sad75a1565f1549dbb05dec6acf235573D-300x250.webp 300w, https:\/\/origon-eu.com\/wp-content\/uploads\/2025\/02\/Sad75a1565f1549dbb05dec6acf235573D-768x639.webp 768w, https:\/\/origon-eu.com\/wp-content\/uploads\/2025\/02\/Sad75a1565f1549dbb05dec6acf235573D-600x500.webp 600w, https:\/\/origon-eu.com\/wp-content\/uploads\/2025\/02\/Sad75a1565f1549dbb05dec6acf235573D-150x125.webp 150w\" sizes=\"(max-width: 800px) 100vw, 800px\" \/><\/a> <a href=\"https:\/\/origon-eu.com\/wp-content\/uploads\/2025\/02\/S77b9991115874337b145526c5a94fcd4M-1.webp\"><img loading=\"lazy\" decoding=\"async\" class=\"alignnone size-full wp-image-35603\" src=\"https:\/\/origon-eu.com\/wp-content\/uploads\/2025\/02\/S77b9991115874337b145526c5a94fcd4M-1.webp\" alt=\"\" width=\"800\" height=\"968\" srcset=\"https:\/\/origon-eu.com\/wp-content\/uploads\/2025\/02\/S77b9991115874337b145526c5a94fcd4M-1.webp 800w, https:\/\/origon-eu.com\/wp-content\/uploads\/2025\/02\/S77b9991115874337b145526c5a94fcd4M-1-248x300.webp 248w, https:\/\/origon-eu.com\/wp-content\/uploads\/2025\/02\/S77b9991115874337b145526c5a94fcd4M-1-768x929.webp 768w, https:\/\/origon-eu.com\/wp-content\/uploads\/2025\/02\/S77b9991115874337b145526c5a94fcd4M-1-600x726.webp 600w, https:\/\/origon-eu.com\/wp-content\/uploads\/2025\/02\/S77b9991115874337b145526c5a94fcd4M-1-150x182.webp 150w\" sizes=\"(max-width: 800px) 100vw, 800px\" \/><\/a><\/p>\n<div style=\"width: 1280px;\" class=\"wp-video\"><video class=\"wp-video-shortcode\" id=\"video-35646-1\" width=\"1280\" height=\"720\" preload=\"none\" controls=\"controls\"><source type=\"video\/mp4\" src=\"https:\/\/origon-eu.com\/wp-content\/uploads\/2025\/02\/ZOGL0ULhv6Mq4ETUPtS_1100172410205_mp4_265_hd.mp4?_=1\" \/><a href=\"https:\/\/origon-eu.com\/wp-content\/uploads\/2025\/02\/ZOGL0ULhv6Mq4ETUPtS_1100172410205_mp4_265_hd.mp4\">https:\/\/origon-eu.com\/wp-content\/uploads\/2025\/02\/ZOGL0ULhv6Mq4ETUPtS_1100172410205_mp4_265_hd.mp4<\/a><\/video><\/div>\n","protected":false},"excerpt":{"rendered":"<p>Fasolea gigantic\u0103 pentru adul\u021bi|Fuf Bean Bag|Material: Piele autentic\u0103,Confec\u021bionat\u0103 din piele natural\u0103, aceast\u0103 canapea tip fasole ofer\u0103 o senza\u021bie de lux \u0219i durabilitate.<\/p>\n<p>Dimensiune: 116 * 98 * 83 cm, La o dimensiune generoas\u0103 de 116 * 98 * 83 cm, aceast\u0103 canapea beanbag ofer\u0103 spa\u021biu amplu pentru relaxare \u0219i relaxare.<br \/>\nDesign: Suport ergonomic, Conceput ergonomic pentru a v\u0103 sus\u021bine corpul, acest scaun tip beanbag asigur\u0103 confort \u00een timpul orelor lungi de relaxare.<\/p>\n","protected":false},"featured_media":35561,"template":"","meta":[],"product_cat":[212],"product_tag":[],"class_list":{"0":"post-35646","1":"product","2":"type-product","3":"status-publish","4":"has-post-thumbnail","6":"product_cat-dom-i-kuhinja-sk","8":"first","9":"instock","10":"sale","11":"shipping-taxable","12":"purchasable","13":"product-type-simple"},"yoast_head":"<!-- This site is optimized with the Yoast SEO plugin v24.2 - https:\/\/yoast.com\/wordpress\/plugins\/seo\/ -->\n<title>Pohovka Lazy BeanBag - Origon EU<\/title>\n<meta name=\"robots\" content=\"index, follow, max-snippet:-1, max-image-preview:large, max-video-preview:-1\" \/>\n<link rel=\"canonical\" href=\"https:\/\/origon-eu.com\/sk\/product\/lazy-beanbag-sofa\/\" \/>\n<meta property=\"og:locale\" content=\"sk_SK\" \/>\n<meta property=\"og:type\" content=\"article\" \/>\n<meta property=\"og:title\" content=\"Pohovka Lazy BeanBag - Origon EU\" \/>\n<meta property=\"og:description\" content=\"Fasolea gigantic\u0103 pentru adul\u021bi|Fuf Bean Bag|Material: Piele autentic\u0103,Confec\u021bionat\u0103 din piele natural\u0103, aceast\u0103 canapea tip fasole ofer\u0103 o senza\u021bie de lux \u0219i durabilitate.  Dimensiune: 116 * 98 * 83 cm, La o dimensiune generoas\u0103 de 116 * 98 * 83 cm, aceast\u0103 canapea beanbag ofer\u0103 spa\u021biu amplu pentru relaxare \u0219i relaxare. Design: Suport ergonomic, Conceput ergonomic pentru a v\u0103 sus\u021bine corpul, acest scaun tip beanbag asigur\u0103 confort \u00een timpul orelor lungi de relaxare.\" \/>\n<meta property=\"og:url\" content=\"https:\/\/origon-eu.com\/sk\/product\/lazy-beanbag-sofa\/\" \/>\n<meta property=\"og:site_name\" content=\"Origon EU\" \/>\n<meta property=\"article:modified_time\" content=\"2025-05-13T15:39:59+00:00\" \/>\n<meta property=\"og:image\" content=\"https:\/\/origon-eu.com\/wp-content\/uploads\/2025\/02\/Sb36a731dd2114e32993547b4d8881b1aR.jpg_960x960q75.jpg_.webp\" \/>\n\t<meta property=\"og:image:width\" content=\"800\" \/>\n\t<meta property=\"og:image:height\" content=\"800\" \/>\n\t<meta property=\"og:image:type\" content=\"image\/webp\" \/>\n<meta name=\"twitter:card\" content=\"summary_large_image\" \/>\n<meta name=\"twitter:label1\" content=\"Predpokladan\u00fd \u010das \u010d\u00edtania\" \/>\n\t<meta name=\"twitter:data1\" content=\"3 min\u00faty\" \/>\n<script type=\"application\/ld+json\" class=\"yoast-schema-graph\">{\"@context\":\"https:\/\/schema.org\",\"@graph\":[{\"@type\":\"WebPage\",\"@id\":\"https:\/\/origon-eu.com\/sk\/product\/lazy-beanbag-sofa\/\",\"url\":\"https:\/\/origon-eu.com\/sk\/product\/lazy-beanbag-sofa\/\",\"name\":\"Pohovka Lazy BeanBag - Origon EU\",\"isPartOf\":{\"@id\":\"https:\/\/origon-eu.com\/#website\"},\"primaryImageOfPage\":{\"@id\":\"https:\/\/origon-eu.com\/sk\/product\/lazy-beanbag-sofa\/#primaryimage\"},\"image\":{\"@id\":\"https:\/\/origon-eu.com\/sk\/product\/lazy-beanbag-sofa\/#primaryimage\"},\"thumbnailUrl\":\"https:\/\/origon-eu.com\/wp-content\/uploads\/2025\/02\/Sb36a731dd2114e32993547b4d8881b1aR.jpg_960x960q75.jpg_.webp\",\"datePublished\":\"2025-02-28T09:14:55+00:00\",\"dateModified\":\"2025-05-13T15:39:59+00:00\",\"breadcrumb\":{\"@id\":\"https:\/\/origon-eu.com\/sk\/product\/lazy-beanbag-sofa\/#breadcrumb\"},\"inLanguage\":\"sk-SK\",\"potentialAction\":[{\"@type\":\"ReadAction\",\"target\":[\"https:\/\/origon-eu.com\/sk\/product\/lazy-beanbag-sofa\/\"]}]},{\"@type\":\"ImageObject\",\"inLanguage\":\"sk-SK\",\"@id\":\"https:\/\/origon-eu.com\/sk\/product\/lazy-beanbag-sofa\/#primaryimage\",\"url\":\"https:\/\/origon-eu.com\/wp-content\/uploads\/2025\/02\/Sb36a731dd2114e32993547b4d8881b1aR.jpg_960x960q75.jpg_.webp\",\"contentUrl\":\"https:\/\/origon-eu.com\/wp-content\/uploads\/2025\/02\/Sb36a731dd2114e32993547b4d8881b1aR.jpg_960x960q75.jpg_.webp\",\"width\":800,\"height\":800},{\"@type\":\"BreadcrumbList\",\"@id\":\"https:\/\/origon-eu.com\/sk\/product\/lazy-beanbag-sofa\/#breadcrumb\",\"itemListElement\":[{\"@type\":\"ListItem\",\"position\":1,\"name\":\"Home\",\"item\":\"https:\/\/origon-eu.com\/\"},{\"@type\":\"ListItem\",\"position\":2,\"name\":\"Shop\",\"item\":\"https:\/\/origon-eu.com\/sk\/shop-2\/\"},{\"@type\":\"ListItem\",\"position\":3,\"name\":\"Pohovka Lazy BeanBag\"}]},{\"@type\":\"WebSite\",\"@id\":\"https:\/\/origon-eu.com\/#website\",\"url\":\"https:\/\/origon-eu.com\/\",\"name\":\"Origon EU\",\"description\":\"Online Store\",\"publisher\":{\"@id\":\"https:\/\/origon-eu.com\/#organization\"},\"potentialAction\":[{\"@type\":\"SearchAction\",\"target\":{\"@type\":\"EntryPoint\",\"urlTemplate\":\"https:\/\/origon-eu.com\/?s={search_term_string}\"},\"query-input\":{\"@type\":\"PropertyValueSpecification\",\"valueRequired\":true,\"valueName\":\"search_term_string\"}}],\"inLanguage\":\"sk-SK\"},{\"@type\":\"Organization\",\"@id\":\"https:\/\/origon-eu.com\/#organization\",\"name\":\"Origon EU\",\"url\":\"https:\/\/origon-eu.com\/\",\"logo\":{\"@type\":\"ImageObject\",\"inLanguage\":\"sk-SK\",\"@id\":\"https:\/\/origon-eu.com\/#\/schema\/logo\/image\/\",\"url\":\"https:\/\/origon-eu.com\/wp-content\/uploads\/2024\/04\/Screenshot-2024-04-09-101814.png\",\"contentUrl\":\"https:\/\/origon-eu.com\/wp-content\/uploads\/2024\/04\/Screenshot-2024-04-09-101814.png\",\"width\":171,\"height\":59,\"caption\":\"Origon EU\"},\"image\":{\"@id\":\"https:\/\/origon-eu.com\/#\/schema\/logo\/image\/\"}}]}<\/script>\n<!-- \/ Yoast SEO plugin. -->","yoast_head_json":{"title":"Pohovka Lazy BeanBag - Origon EU","robots":{"index":"index","follow":"follow","max-snippet":"max-snippet:-1","max-image-preview":"max-image-preview:large","max-video-preview":"max-video-preview:-1"},"canonical":"https:\/\/origon-eu.com\/sk\/product\/lazy-beanbag-sofa\/","og_locale":"sk_SK","og_type":"article","og_title":"Pohovka Lazy BeanBag - Origon EU","og_description":"Fasolea gigantic\u0103 pentru adul\u021bi|Fuf Bean Bag|Material: Piele autentic\u0103,Confec\u021bionat\u0103 din piele natural\u0103, aceast\u0103 canapea tip fasole ofer\u0103 o senza\u021bie de lux \u0219i durabilitate.  Dimensiune: 116 * 98 * 83 cm, La o dimensiune generoas\u0103 de 116 * 98 * 83 cm, aceast\u0103 canapea beanbag ofer\u0103 spa\u021biu amplu pentru relaxare \u0219i relaxare. Design: Suport ergonomic, Conceput ergonomic pentru a v\u0103 sus\u021bine corpul, acest scaun tip beanbag asigur\u0103 confort \u00een timpul orelor lungi de relaxare.","og_url":"https:\/\/origon-eu.com\/sk\/product\/lazy-beanbag-sofa\/","og_site_name":"Origon EU","article_modified_time":"2025-05-13T15:39:59+00:00","og_image":[{"width":800,"height":800,"url":"https:\/\/origon-eu.com\/wp-content\/uploads\/2025\/02\/Sb36a731dd2114e32993547b4d8881b1aR.jpg_960x960q75.jpg_.webp","type":"image\/webp"}],"twitter_card":"summary_large_image","twitter_misc":{"Predpokladan\u00fd \u010das \u010d\u00edtania":"3 min\u00faty"},"schema":{"@context":"https:\/\/schema.org","@graph":[{"@type":"WebPage","@id":"https:\/\/origon-eu.com\/sk\/product\/lazy-beanbag-sofa\/","url":"https:\/\/origon-eu.com\/sk\/product\/lazy-beanbag-sofa\/","name":"Pohovka Lazy BeanBag - Origon EU","isPartOf":{"@id":"https:\/\/origon-eu.com\/#website"},"primaryImageOfPage":{"@id":"https:\/\/origon-eu.com\/sk\/product\/lazy-beanbag-sofa\/#primaryimage"},"image":{"@id":"https:\/\/origon-eu.com\/sk\/product\/lazy-beanbag-sofa\/#primaryimage"},"thumbnailUrl":"https:\/\/origon-eu.com\/wp-content\/uploads\/2025\/02\/Sb36a731dd2114e32993547b4d8881b1aR.jpg_960x960q75.jpg_.webp","datePublished":"2025-02-28T09:14:55+00:00","dateModified":"2025-05-13T15:39:59+00:00","breadcrumb":{"@id":"https:\/\/origon-eu.com\/sk\/product\/lazy-beanbag-sofa\/#breadcrumb"},"inLanguage":"sk-SK","potentialAction":[{"@type":"ReadAction","target":["https:\/\/origon-eu.com\/sk\/product\/lazy-beanbag-sofa\/"]}]},{"@type":"ImageObject","inLanguage":"sk-SK","@id":"https:\/\/origon-eu.com\/sk\/product\/lazy-beanbag-sofa\/#primaryimage","url":"https:\/\/origon-eu.com\/wp-content\/uploads\/2025\/02\/Sb36a731dd2114e32993547b4d8881b1aR.jpg_960x960q75.jpg_.webp","contentUrl":"https:\/\/origon-eu.com\/wp-content\/uploads\/2025\/02\/Sb36a731dd2114e32993547b4d8881b1aR.jpg_960x960q75.jpg_.webp","width":800,"height":800},{"@type":"BreadcrumbList","@id":"https:\/\/origon-eu.com\/sk\/product\/lazy-beanbag-sofa\/#breadcrumb","itemListElement":[{"@type":"ListItem","position":1,"name":"Home","item":"https:\/\/origon-eu.com\/"},{"@type":"ListItem","position":2,"name":"Shop","item":"https:\/\/origon-eu.com\/sk\/shop-2\/"},{"@type":"ListItem","position":3,"name":"Pohovka Lazy BeanBag"}]},{"@type":"WebSite","@id":"https:\/\/origon-eu.com\/#website","url":"https:\/\/origon-eu.com\/","name":"Origon EU","description":"Online Store","publisher":{"@id":"https:\/\/origon-eu.com\/#organization"},"potentialAction":[{"@type":"SearchAction","target":{"@type":"EntryPoint","urlTemplate":"https:\/\/origon-eu.com\/?s={search_term_string}"},"query-input":{"@type":"PropertyValueSpecification","valueRequired":true,"valueName":"search_term_string"}}],"inLanguage":"sk-SK"},{"@type":"Organization","@id":"https:\/\/origon-eu.com\/#organization","name":"Origon EU","url":"https:\/\/origon-eu.com\/","logo":{"@type":"ImageObject","inLanguage":"sk-SK","@id":"https:\/\/origon-eu.com\/#\/schema\/logo\/image\/","url":"https:\/\/origon-eu.com\/wp-content\/uploads\/2024\/04\/Screenshot-2024-04-09-101814.png","contentUrl":"https:\/\/origon-eu.com\/wp-content\/uploads\/2024\/04\/Screenshot-2024-04-09-101814.png","width":171,"height":59,"caption":"Origon EU"},"image":{"@id":"https:\/\/origon-eu.com\/#\/schema\/logo\/image\/"}}]}},"tiered_pricing_type":"fixed","tiered_pricing_fixed_rules":[],"tiered_pricing_percentage_rules":[],"tiered_pricing_minimum":1,"tiered_pricing_roles_data":[],"_links":{"self":[{"href":"https:\/\/origon-eu.com\/sk\/wp-json\/wp\/v2\/product\/35646","targetHints":{"allow":["GET"]}}],"collection":[{"href":"https:\/\/origon-eu.com\/sk\/wp-json\/wp\/v2\/product"}],"about":[{"href":"https:\/\/origon-eu.com\/sk\/wp-json\/wp\/v2\/types\/product"}],"version-history":[{"count":1,"href":"https:\/\/origon-eu.com\/sk\/wp-json\/wp\/v2\/product\/35646\/revisions"}],"predecessor-version":[{"id":35647,"href":"https:\/\/origon-eu.com\/sk\/wp-json\/wp\/v2\/product\/35646\/revisions\/35647"}],"wp:featuredmedia":[{"embeddable":true,"href":"https:\/\/origon-eu.com\/sk\/wp-json\/wp\/v2\/media\/35561"}],"wp:attachment":[{"href":"https:\/\/origon-eu.com\/sk\/wp-json\/wp\/v2\/media?parent=35646"}],"wp:term":[{"taxonomy":"product_cat","embeddable":true,"href":"https:\/\/origon-eu.com\/sk\/wp-json\/wp\/v2\/product_cat?post=35646"},{"taxonomy":"product_tag","embeddable":true,"href":"https:\/\/origon-eu.com\/sk\/wp-json\/wp\/v2\/product_tag?post=35646"}],"curies":[{"name":"wp","href":"https:\/\/api.w.org\/{rel}","templated":true}]}}