{"id":34914,"date":"2025-02-17T15:58:28","date_gmt":"2025-02-17T13:58:28","guid":{"rendered":"https:\/\/origon-eu.com\/product\/games-player-x-12-plus-10000games\/"},"modified":"2025-03-11T20:57:38","modified_gmt":"2025-03-11T18:57:38","slug":"games-player-x-12-plus-10000games","status":"publish","type":"product","link":"https:\/\/origon-eu.com\/sk\/product\/games-player-x-12-plus-10000games\/","title":{"rendered":"Prehr\u00e1va\u010d hier na konzole x 12 plus 10 000 hier"},"content":{"rendered":"<p>***Viacer\u00e9 funkcie: X12 plus nie je len hern\u00e1 konzola, na ktorej m\u00f4\u017eete hra\u0165 hry aj na TV pripojen\u00edm USB k\u00e1bla. Medzit\u00fdm ho mo\u017eno pou\u017ei\u0165 ako prehr\u00e1va\u010d hudby, prehr\u00e1va\u010d videa, fotoapar\u00e1t. DV, Recoder, Calculator at\u010f. V\u010faka jednej hernej konzole m\u00f4\u017eete vyu\u017e\u00edva\u0165 r\u00f4zne funkcie.<br \/>\n*** 16gb pam\u00e4\u0165: v porovnan\u00ed s in\u00fdmi hern\u00fdmi konzolami m\u00e1 X12 plus zabudovan\u00fa 16gb pam\u00e4\u0165, do ktorej je mo\u017en\u00e9 ulo\u017ei\u0165 viac hier, vide\u00ed alebo obr\u00e1zkov. Okrem toho je zabudovan\u00fd vo viac ako 10 000 r\u00f4znych hr\u00e1ch, tak\u017ee si m\u00f4\u017eete vybra\u0165 hry, ktor\u00e9 uprednost\u0148ujete vo svojom vo\u013enom \u010dase.<br \/>\n*** Bat\u00e9ria 2500 mAh: Je zabudovan\u00e1 dob\u00edjate\u013en\u00e1 Li bat\u00e9ria s kapacitou 2 500 mAh, tak\u017ee m\u00f4\u017ee hra\u0165 dlh\u0161ie a dlh\u0161ie. Prinesie v\u00e1m viac radosti z v\u00e1\u0161ho vo\u013en\u00e9ho \u010dasu. Nabite ho pomocou 5V 2A nab\u00edja\u010dky.<br \/>\n*** 7 palcov\u00e1 obrazovka: Vybaven\u00e1 7 palcovou HD TFT farebnou obrazovkou, rozl\u00ed\u0161enie 800 * 480. Obrazovka je ne\u0161kodn\u00e1 pre o\u010di aj pri dlh\u0161om hran\u00ed. M\u00f4\u017ee v\u00e1m prinies\u0165 \u0161okuj\u00faci hern\u00fd z\u00e1\u017eitok<br \/>\n*** 10 000+ bezplatn\u00fdch hier: Podporuje verziu hry na stiahnutie: zip \/ MAME \/ GBA \/ GBC \/ GB \/ NES \/ SFC \/ FC \/ SMD \/ MD. je zabudovan\u00fd do 1000+ r\u00f4znych hier, okrem toho si m\u00f4\u017ee stiahnu\u0165 \u010fal\u0161\u00edch 10000+ bezplatn\u00fdch hier. Viacero bezplatn\u00fdch hier, ktor\u00e9 si m\u00f4\u017eete vybra\u0165, v\u00e1m prinesie viac radosti.<\/p>\n<p><a href=\"https:\/\/origon-eu.com\/wp-content\/uploads\/2025\/02\/516OLyOc2-L.jpg\"><img fetchpriority=\"high\" decoding=\"async\" class=\"alignnone size-full wp-image-34701\" src=\"https:\/\/origon-eu.com\/wp-content\/uploads\/2025\/02\/516OLyOc2-L.jpg\" alt=\"\" width=\"800\" height=\"800\" srcset=\"https:\/\/origon-eu.com\/wp-content\/uploads\/2025\/02\/516OLyOc2-L.jpg 800w, https:\/\/origon-eu.com\/wp-content\/uploads\/2025\/02\/516OLyOc2-L-300x300.jpg 300w, https:\/\/origon-eu.com\/wp-content\/uploads\/2025\/02\/516OLyOc2-L-150x150.jpg 150w, https:\/\/origon-eu.com\/wp-content\/uploads\/2025\/02\/516OLyOc2-L-768x768.jpg 768w, https:\/\/origon-eu.com\/wp-content\/uploads\/2025\/02\/516OLyOc2-L-600x600.jpg 600w\" sizes=\"(max-width: 800px) 100vw, 800px\" \/><\/a> <a href=\"https:\/\/origon-eu.com\/wp-content\/uploads\/2025\/02\/61o1sL8-B0L._SL1336_.jpg\"><img decoding=\"async\" class=\"alignnone size-full wp-image-34761\" src=\"https:\/\/origon-eu.com\/wp-content\/uploads\/2025\/02\/61o1sL8-B0L._SL1336_.jpg\" alt=\"\" width=\"750\" height=\"1336\" srcset=\"https:\/\/origon-eu.com\/wp-content\/uploads\/2025\/02\/61o1sL8-B0L._SL1336_.jpg 750w, https:\/\/origon-eu.com\/wp-content\/uploads\/2025\/02\/61o1sL8-B0L._SL1336_-168x300.jpg 168w, https:\/\/origon-eu.com\/wp-content\/uploads\/2025\/02\/61o1sL8-B0L._SL1336_-575x1024.jpg 575w, https:\/\/origon-eu.com\/wp-content\/uploads\/2025\/02\/61o1sL8-B0L._SL1336_-600x1069.jpg 600w, https:\/\/origon-eu.com\/wp-content\/uploads\/2025\/02\/61o1sL8-B0L._SL1336_-150x267.jpg 150w\" sizes=\"(max-width: 750px) 100vw, 750px\" \/><\/a> <a href=\"https:\/\/origon-eu.com\/wp-content\/uploads\/2025\/02\/81JmIZgtlQL._SL1500_.jpg\"><img decoding=\"async\" class=\"alignnone size-full wp-image-34751\" src=\"https:\/\/origon-eu.com\/wp-content\/uploads\/2025\/02\/81JmIZgtlQL._SL1500_.jpg\" alt=\"\" width=\"422\" height=\"1500\" srcset=\"https:\/\/origon-eu.com\/wp-content\/uploads\/2025\/02\/81JmIZgtlQL._SL1500_.jpg 422w, https:\/\/origon-eu.com\/wp-content\/uploads\/2025\/02\/81JmIZgtlQL._SL1500_-84x300.jpg 84w, https:\/\/origon-eu.com\/wp-content\/uploads\/2025\/02\/81JmIZgtlQL._SL1500_-288x1024.jpg 288w, https:\/\/origon-eu.com\/wp-content\/uploads\/2025\/02\/81JmIZgtlQL._SL1500_-150x533.jpg 150w\" sizes=\"(max-width: 422px) 100vw, 422px\" \/><\/a> <a href=\"https:\/\/origon-eu.com\/wp-content\/uploads\/2025\/02\/519i3LyzahL.jpg\"><img loading=\"lazy\" decoding=\"async\" class=\"alignnone size-full wp-image-34741\" src=\"https:\/\/origon-eu.com\/wp-content\/uploads\/2025\/02\/519i3LyzahL.jpg\" alt=\"\" width=\"800\" height=\"800\" srcset=\"https:\/\/origon-eu.com\/wp-content\/uploads\/2025\/02\/519i3LyzahL.jpg 800w, https:\/\/origon-eu.com\/wp-content\/uploads\/2025\/02\/519i3LyzahL-300x300.jpg 300w, https:\/\/origon-eu.com\/wp-content\/uploads\/2025\/02\/519i3LyzahL-150x150.jpg 150w, https:\/\/origon-eu.com\/wp-content\/uploads\/2025\/02\/519i3LyzahL-768x768.jpg 768w, https:\/\/origon-eu.com\/wp-content\/uploads\/2025\/02\/519i3LyzahL-600x600.jpg 600w\" sizes=\"(max-width: 800px) 100vw, 800px\" \/><\/a> <a href=\"https:\/\/origon-eu.com\/wp-content\/uploads\/2025\/02\/61uC1rVt9L.jpg\"><img loading=\"lazy\" decoding=\"async\" class=\"alignnone size-full wp-image-34731\" src=\"https:\/\/origon-eu.com\/wp-content\/uploads\/2025\/02\/61uC1rVt9L.jpg\" alt=\"\" width=\"800\" height=\"800\" srcset=\"https:\/\/origon-eu.com\/wp-content\/uploads\/2025\/02\/61uC1rVt9L.jpg 800w, https:\/\/origon-eu.com\/wp-content\/uploads\/2025\/02\/61uC1rVt9L-300x300.jpg 300w, https:\/\/origon-eu.com\/wp-content\/uploads\/2025\/02\/61uC1rVt9L-150x150.jpg 150w, https:\/\/origon-eu.com\/wp-content\/uploads\/2025\/02\/61uC1rVt9L-768x768.jpg 768w, https:\/\/origon-eu.com\/wp-content\/uploads\/2025\/02\/61uC1rVt9L-600x600.jpg 600w\" sizes=\"(max-width: 800px) 100vw, 800px\" \/><\/a> <a href=\"https:\/\/origon-eu.com\/wp-content\/uploads\/2025\/02\/611luXjmxYL.jpg\"><img loading=\"lazy\" decoding=\"async\" class=\"alignnone size-full wp-image-34721\" src=\"https:\/\/origon-eu.com\/wp-content\/uploads\/2025\/02\/611luXjmxYL.jpg\" alt=\"\" width=\"800\" height=\"800\" srcset=\"https:\/\/origon-eu.com\/wp-content\/uploads\/2025\/02\/611luXjmxYL.jpg 800w, https:\/\/origon-eu.com\/wp-content\/uploads\/2025\/02\/611luXjmxYL-300x300.jpg 300w, https:\/\/origon-eu.com\/wp-content\/uploads\/2025\/02\/611luXjmxYL-150x150.jpg 150w, https:\/\/origon-eu.com\/wp-content\/uploads\/2025\/02\/611luXjmxYL-768x768.jpg 768w, https:\/\/origon-eu.com\/wp-content\/uploads\/2025\/02\/611luXjmxYL-600x600.jpg 600w\" sizes=\"(max-width: 800px) 100vw, 800px\" \/><\/a> <a href=\"https:\/\/origon-eu.com\/wp-content\/uploads\/2025\/02\/61Ec5154sGL.jpg\"><img loading=\"lazy\" decoding=\"async\" class=\"alignnone size-full wp-image-34711\" src=\"https:\/\/origon-eu.com\/wp-content\/uploads\/2025\/02\/61Ec5154sGL.jpg\" alt=\"\" width=\"800\" height=\"800\" srcset=\"https:\/\/origon-eu.com\/wp-content\/uploads\/2025\/02\/61Ec5154sGL.jpg 800w, https:\/\/origon-eu.com\/wp-content\/uploads\/2025\/02\/61Ec5154sGL-300x300.jpg 300w, https:\/\/origon-eu.com\/wp-content\/uploads\/2025\/02\/61Ec5154sGL-150x150.jpg 150w, https:\/\/origon-eu.com\/wp-content\/uploads\/2025\/02\/61Ec5154sGL-768x768.jpg 768w, https:\/\/origon-eu.com\/wp-content\/uploads\/2025\/02\/61Ec5154sGL-600x600.jpg 600w\" sizes=\"(max-width: 800px) 100vw, 800px\" \/><\/a><\/p>\n","protected":false},"excerpt":{"rendered":"<ul>\n<li class=\"a-spacing-base\">Obrazovka 16:9 HD, rozl\u00ed\u0161enie 800:400<\/li>\n<li class=\"a-spacing-base\">podpora zip\/MAME\/GBA\/GB\/NES\/SFC\/FC\/SMD\/MD<\/li>\n<li class=\"a-spacing-base\">podpora TV v\u00fdstupu, hranie hier a sledovanie filmov v telev\u00edzii<\/li>\n<li class=\"a-spacing-base\">ma\u0165 10 000+ hier<\/li>\n<li class=\"a-spacing-base\">podpora mp5<\/li>\n<li class=\"a-spacing-base\">podpora dokumentov vo form\u00e1te jpeg,bmp,gif,tif,png<\/li>\n<\/ul>\n","protected":false},"featured_media":34689,"template":"","meta":[],"product_cat":[213],"product_tag":[],"class_list":{"0":"post-34914","1":"product","2":"type-product","3":"status-publish","4":"has-post-thumbnail","6":"product_cat-elektronika-sk","8":"first","9":"instock","10":"sale","11":"shipping-taxable","12":"purchasable","13":"product-type-simple"},"yoast_head":"<!-- This site is optimized with the Yoast SEO plugin v24.2 - https:\/\/yoast.com\/wordpress\/plugins\/seo\/ -->\n<title>Prehr\u00e1va\u010d hier na konzole x 12 plus 10 000 hier - Origon EU<\/title>\n<meta name=\"robots\" content=\"index, follow, max-snippet:-1, max-image-preview:large, max-video-preview:-1\" \/>\n<link rel=\"canonical\" href=\"https:\/\/origon-eu.com\/sk\/product\/games-player-x-12-plus-10000games\/\" \/>\n<meta property=\"og:locale\" content=\"sk_SK\" \/>\n<meta property=\"og:type\" content=\"article\" \/>\n<meta property=\"og:title\" content=\"Prehr\u00e1va\u010d hier na konzole x 12 plus 10 000 hier - Origon EU\" \/>\n<meta property=\"og:description\" content=\"Obrazovka 16:9 HD, rozl\u00ed\u0161enie 800:400  podpora zip\/MAME\/GBA\/GB\/NES\/SFC\/FC\/SMD\/MD  podpora TV v\u00fdstupu, hranie hier a sledovanie filmov v telev\u00edzii  ma\u0165 10 000+ hier  podpora mp5  podpora dokumentov vo form\u00e1te jpeg,bmp,gif,tif,png\" \/>\n<meta property=\"og:url\" content=\"https:\/\/origon-eu.com\/sk\/product\/games-player-x-12-plus-10000games\/\" \/>\n<meta property=\"og:site_name\" content=\"Origon EU\" \/>\n<meta property=\"article:modified_time\" content=\"2025-03-11T18:57:38+00:00\" \/>\n<meta property=\"og:image\" content=\"https:\/\/origon-eu.com\/wp-content\/uploads\/2025\/02\/71iiff7w50L._SL1500_.jpg\" \/>\n\t<meta property=\"og:image:width\" content=\"1500\" \/>\n\t<meta property=\"og:image:height\" content=\"1500\" \/>\n\t<meta property=\"og:image:type\" content=\"image\/jpeg\" \/>\n<meta name=\"twitter:card\" content=\"summary_large_image\" \/>\n<meta name=\"twitter:label1\" content=\"Predpokladan\u00fd \u010das \u010d\u00edtania\" \/>\n\t<meta name=\"twitter:data1\" content=\"3 min\u00faty\" \/>\n<script type=\"application\/ld+json\" class=\"yoast-schema-graph\">{\"@context\":\"https:\/\/schema.org\",\"@graph\":[{\"@type\":\"WebPage\",\"@id\":\"https:\/\/origon-eu.com\/sk\/product\/games-player-x-12-plus-10000games\/\",\"url\":\"https:\/\/origon-eu.com\/sk\/product\/games-player-x-12-plus-10000games\/\",\"name\":\"Prehr\u00e1va\u010d hier na konzole x 12 plus 10 000 hier - Origon EU\",\"isPartOf\":{\"@id\":\"https:\/\/origon-eu.com\/#website\"},\"primaryImageOfPage\":{\"@id\":\"https:\/\/origon-eu.com\/sk\/product\/games-player-x-12-plus-10000games\/#primaryimage\"},\"image\":{\"@id\":\"https:\/\/origon-eu.com\/sk\/product\/games-player-x-12-plus-10000games\/#primaryimage\"},\"thumbnailUrl\":\"https:\/\/origon-eu.com\/wp-content\/uploads\/2025\/02\/71iiff7w50L._SL1500_.jpg\",\"datePublished\":\"2025-02-17T13:58:28+00:00\",\"dateModified\":\"2025-03-11T18:57:38+00:00\",\"breadcrumb\":{\"@id\":\"https:\/\/origon-eu.com\/sk\/product\/games-player-x-12-plus-10000games\/#breadcrumb\"},\"inLanguage\":\"sk-SK\",\"potentialAction\":[{\"@type\":\"ReadAction\",\"target\":[\"https:\/\/origon-eu.com\/sk\/product\/games-player-x-12-plus-10000games\/\"]}]},{\"@type\":\"ImageObject\",\"inLanguage\":\"sk-SK\",\"@id\":\"https:\/\/origon-eu.com\/sk\/product\/games-player-x-12-plus-10000games\/#primaryimage\",\"url\":\"https:\/\/origon-eu.com\/wp-content\/uploads\/2025\/02\/71iiff7w50L._SL1500_.jpg\",\"contentUrl\":\"https:\/\/origon-eu.com\/wp-content\/uploads\/2025\/02\/71iiff7w50L._SL1500_.jpg\",\"width\":1500,\"height\":1500},{\"@type\":\"BreadcrumbList\",\"@id\":\"https:\/\/origon-eu.com\/sk\/product\/games-player-x-12-plus-10000games\/#breadcrumb\",\"itemListElement\":[{\"@type\":\"ListItem\",\"position\":1,\"name\":\"Home\",\"item\":\"https:\/\/origon-eu.com\/\"},{\"@type\":\"ListItem\",\"position\":2,\"name\":\"Shop\",\"item\":\"https:\/\/origon-eu.com\/sk\/shop-2\/\"},{\"@type\":\"ListItem\",\"position\":3,\"name\":\"Prehr\u00e1va\u010d hier na konzole x 12 plus 10 000 hier\"}]},{\"@type\":\"WebSite\",\"@id\":\"https:\/\/origon-eu.com\/#website\",\"url\":\"https:\/\/origon-eu.com\/\",\"name\":\"Origon EU\",\"description\":\"Online Store\",\"publisher\":{\"@id\":\"https:\/\/origon-eu.com\/#organization\"},\"potentialAction\":[{\"@type\":\"SearchAction\",\"target\":{\"@type\":\"EntryPoint\",\"urlTemplate\":\"https:\/\/origon-eu.com\/?s={search_term_string}\"},\"query-input\":{\"@type\":\"PropertyValueSpecification\",\"valueRequired\":true,\"valueName\":\"search_term_string\"}}],\"inLanguage\":\"sk-SK\"},{\"@type\":\"Organization\",\"@id\":\"https:\/\/origon-eu.com\/#organization\",\"name\":\"Origon EU\",\"url\":\"https:\/\/origon-eu.com\/\",\"logo\":{\"@type\":\"ImageObject\",\"inLanguage\":\"sk-SK\",\"@id\":\"https:\/\/origon-eu.com\/#\/schema\/logo\/image\/\",\"url\":\"https:\/\/origon-eu.com\/wp-content\/uploads\/2024\/04\/Screenshot-2024-04-09-101814.png\",\"contentUrl\":\"https:\/\/origon-eu.com\/wp-content\/uploads\/2024\/04\/Screenshot-2024-04-09-101814.png\",\"width\":171,\"height\":59,\"caption\":\"Origon EU\"},\"image\":{\"@id\":\"https:\/\/origon-eu.com\/#\/schema\/logo\/image\/\"}}]}<\/script>\n<!-- \/ Yoast SEO plugin. -->","yoast_head_json":{"title":"Prehr\u00e1va\u010d hier na konzole x 12 plus 10 000 hier - Origon EU","robots":{"index":"index","follow":"follow","max-snippet":"max-snippet:-1","max-image-preview":"max-image-preview:large","max-video-preview":"max-video-preview:-1"},"canonical":"https:\/\/origon-eu.com\/sk\/product\/games-player-x-12-plus-10000games\/","og_locale":"sk_SK","og_type":"article","og_title":"Prehr\u00e1va\u010d hier na konzole x 12 plus 10 000 hier - Origon EU","og_description":"Obrazovka 16:9 HD, rozl\u00ed\u0161enie 800:400  podpora zip\/MAME\/GBA\/GB\/NES\/SFC\/FC\/SMD\/MD  podpora TV v\u00fdstupu, hranie hier a sledovanie filmov v telev\u00edzii  ma\u0165 10 000+ hier  podpora mp5  podpora dokumentov vo form\u00e1te jpeg,bmp,gif,tif,png","og_url":"https:\/\/origon-eu.com\/sk\/product\/games-player-x-12-plus-10000games\/","og_site_name":"Origon EU","article_modified_time":"2025-03-11T18:57:38+00:00","og_image":[{"width":1500,"height":1500,"url":"https:\/\/origon-eu.com\/wp-content\/uploads\/2025\/02\/71iiff7w50L._SL1500_.jpg","type":"image\/jpeg"}],"twitter_card":"summary_large_image","twitter_misc":{"Predpokladan\u00fd \u010das \u010d\u00edtania":"3 min\u00faty"},"schema":{"@context":"https:\/\/schema.org","@graph":[{"@type":"WebPage","@id":"https:\/\/origon-eu.com\/sk\/product\/games-player-x-12-plus-10000games\/","url":"https:\/\/origon-eu.com\/sk\/product\/games-player-x-12-plus-10000games\/","name":"Prehr\u00e1va\u010d hier na konzole x 12 plus 10 000 hier - Origon EU","isPartOf":{"@id":"https:\/\/origon-eu.com\/#website"},"primaryImageOfPage":{"@id":"https:\/\/origon-eu.com\/sk\/product\/games-player-x-12-plus-10000games\/#primaryimage"},"image":{"@id":"https:\/\/origon-eu.com\/sk\/product\/games-player-x-12-plus-10000games\/#primaryimage"},"thumbnailUrl":"https:\/\/origon-eu.com\/wp-content\/uploads\/2025\/02\/71iiff7w50L._SL1500_.jpg","datePublished":"2025-02-17T13:58:28+00:00","dateModified":"2025-03-11T18:57:38+00:00","breadcrumb":{"@id":"https:\/\/origon-eu.com\/sk\/product\/games-player-x-12-plus-10000games\/#breadcrumb"},"inLanguage":"sk-SK","potentialAction":[{"@type":"ReadAction","target":["https:\/\/origon-eu.com\/sk\/product\/games-player-x-12-plus-10000games\/"]}]},{"@type":"ImageObject","inLanguage":"sk-SK","@id":"https:\/\/origon-eu.com\/sk\/product\/games-player-x-12-plus-10000games\/#primaryimage","url":"https:\/\/origon-eu.com\/wp-content\/uploads\/2025\/02\/71iiff7w50L._SL1500_.jpg","contentUrl":"https:\/\/origon-eu.com\/wp-content\/uploads\/2025\/02\/71iiff7w50L._SL1500_.jpg","width":1500,"height":1500},{"@type":"BreadcrumbList","@id":"https:\/\/origon-eu.com\/sk\/product\/games-player-x-12-plus-10000games\/#breadcrumb","itemListElement":[{"@type":"ListItem","position":1,"name":"Home","item":"https:\/\/origon-eu.com\/"},{"@type":"ListItem","position":2,"name":"Shop","item":"https:\/\/origon-eu.com\/sk\/shop-2\/"},{"@type":"ListItem","position":3,"name":"Prehr\u00e1va\u010d hier na konzole x 12 plus 10 000 hier"}]},{"@type":"WebSite","@id":"https:\/\/origon-eu.com\/#website","url":"https:\/\/origon-eu.com\/","name":"Origon EU","description":"Online Store","publisher":{"@id":"https:\/\/origon-eu.com\/#organization"},"potentialAction":[{"@type":"SearchAction","target":{"@type":"EntryPoint","urlTemplate":"https:\/\/origon-eu.com\/?s={search_term_string}"},"query-input":{"@type":"PropertyValueSpecification","valueRequired":true,"valueName":"search_term_string"}}],"inLanguage":"sk-SK"},{"@type":"Organization","@id":"https:\/\/origon-eu.com\/#organization","name":"Origon EU","url":"https:\/\/origon-eu.com\/","logo":{"@type":"ImageObject","inLanguage":"sk-SK","@id":"https:\/\/origon-eu.com\/#\/schema\/logo\/image\/","url":"https:\/\/origon-eu.com\/wp-content\/uploads\/2024\/04\/Screenshot-2024-04-09-101814.png","contentUrl":"https:\/\/origon-eu.com\/wp-content\/uploads\/2024\/04\/Screenshot-2024-04-09-101814.png","width":171,"height":59,"caption":"Origon EU"},"image":{"@id":"https:\/\/origon-eu.com\/#\/schema\/logo\/image\/"}}]}},"tiered_pricing_type":"fixed","tiered_pricing_fixed_rules":[],"tiered_pricing_percentage_rules":[],"tiered_pricing_minimum":1,"tiered_pricing_roles_data":[],"_links":{"self":[{"href":"https:\/\/origon-eu.com\/sk\/wp-json\/wp\/v2\/product\/34914","targetHints":{"allow":["GET"]}}],"collection":[{"href":"https:\/\/origon-eu.com\/sk\/wp-json\/wp\/v2\/product"}],"about":[{"href":"https:\/\/origon-eu.com\/sk\/wp-json\/wp\/v2\/types\/product"}],"version-history":[{"count":1,"href":"https:\/\/origon-eu.com\/sk\/wp-json\/wp\/v2\/product\/34914\/revisions"}],"predecessor-version":[{"id":34915,"href":"https:\/\/origon-eu.com\/sk\/wp-json\/wp\/v2\/product\/34914\/revisions\/34915"}],"wp:featuredmedia":[{"embeddable":true,"href":"https:\/\/origon-eu.com\/sk\/wp-json\/wp\/v2\/media\/34689"}],"wp:attachment":[{"href":"https:\/\/origon-eu.com\/sk\/wp-json\/wp\/v2\/media?parent=34914"}],"wp:term":[{"taxonomy":"product_cat","embeddable":true,"href":"https:\/\/origon-eu.com\/sk\/wp-json\/wp\/v2\/product_cat?post=34914"},{"taxonomy":"product_tag","embeddable":true,"href":"https:\/\/origon-eu.com\/sk\/wp-json\/wp\/v2\/product_tag?post=34914"}],"curies":[{"name":"wp","href":"https:\/\/api.w.org\/{rel}","templated":true}]}}