{"id":34844,"date":"2025-02-17T15:05:28","date_gmt":"2025-02-17T13:05:28","guid":{"rendered":"https:\/\/origon-eu.com\/product\/4k-camera-drone-hd-camera-mini-drone\/"},"modified":"2025-03-10T18:21:38","modified_gmt":"2025-03-10T16:21:38","slug":"4k-camera-drone-hd-camera-mini-drone","status":"publish","type":"product","link":"https:\/\/origon-eu.com\/sk\/product\/4k-camera-drone-hd-camera-mini-drone\/","title":{"rendered":"4k kamerov\u00fd dron HD mini dron s kamerou"},"content":{"rendered":"<p data-spm-anchor-id=\"a2g0o.detail.1000023.i1.64ebxue4xue4rp\">Skladac\u00ed MINI DRONE s dia\u013ekov\u00fdm ovl\u00e1dan\u00edm WIFI HD FPV kamery, nov\u00e1 verzia aktualiz\u00e1cie 2022<br \/>\nPopis:<br \/>\nKateg\u00f3ria produktu: 998W kvadrokopt\u00e9ra<br \/>\nVlastnosti:<\/p>\n<p data-spm-anchor-id=\"a2g0o.detail.1000023.i1.64ebxue4xue4rp\"><a href=\"https:\/\/origon-eu.com\/wp-content\/uploads\/2025\/02\/dr1.webp\"><img fetchpriority=\"high\" decoding=\"async\" class=\"alignnone size-full wp-image-34600\" src=\"https:\/\/origon-eu.com\/wp-content\/uploads\/2025\/02\/dr1.webp\" alt=\"\" width=\"1000\" height=\"1000\" srcset=\"https:\/\/origon-eu.com\/wp-content\/uploads\/2025\/02\/dr1.webp 1000w, https:\/\/origon-eu.com\/wp-content\/uploads\/2025\/02\/dr1-300x300.webp 300w, https:\/\/origon-eu.com\/wp-content\/uploads\/2025\/02\/dr1-150x150.webp 150w, https:\/\/origon-eu.com\/wp-content\/uploads\/2025\/02\/dr1-768x768.webp 768w, https:\/\/origon-eu.com\/wp-content\/uploads\/2025\/02\/dr1-600x600.webp 600w\" sizes=\"(max-width: 1000px) 100vw, 1000px\" \/><\/a> <a href=\"https:\/\/origon-eu.com\/wp-content\/uploads\/2025\/02\/dr4.webp\"><img decoding=\"async\" class=\"alignnone size-full wp-image-34631\" src=\"https:\/\/origon-eu.com\/wp-content\/uploads\/2025\/02\/dr4.webp\" alt=\"\" width=\"1000\" height=\"1000\" srcset=\"https:\/\/origon-eu.com\/wp-content\/uploads\/2025\/02\/dr4.webp 1000w, https:\/\/origon-eu.com\/wp-content\/uploads\/2025\/02\/dr4-300x300.webp 300w, https:\/\/origon-eu.com\/wp-content\/uploads\/2025\/02\/dr4-150x150.webp 150w, https:\/\/origon-eu.com\/wp-content\/uploads\/2025\/02\/dr4-768x768.webp 768w, https:\/\/origon-eu.com\/wp-content\/uploads\/2025\/02\/dr4-600x600.webp 600w\" sizes=\"(max-width: 1000px) 100vw, 1000px\" \/><\/a> <a href=\"https:\/\/origon-eu.com\/wp-content\/uploads\/2025\/02\/dr3.webp\"><img decoding=\"async\" class=\"alignnone size-full wp-image-34621\" src=\"https:\/\/origon-eu.com\/wp-content\/uploads\/2025\/02\/dr3.webp\" alt=\"\" width=\"1000\" height=\"1000\" srcset=\"https:\/\/origon-eu.com\/wp-content\/uploads\/2025\/02\/dr3.webp 1000w, https:\/\/origon-eu.com\/wp-content\/uploads\/2025\/02\/dr3-300x300.webp 300w, https:\/\/origon-eu.com\/wp-content\/uploads\/2025\/02\/dr3-150x150.webp 150w, https:\/\/origon-eu.com\/wp-content\/uploads\/2025\/02\/dr3-768x768.webp 768w, https:\/\/origon-eu.com\/wp-content\/uploads\/2025\/02\/dr3-600x600.webp 600w\" sizes=\"(max-width: 1000px) 100vw, 1000px\" \/><\/a> <a href=\"https:\/\/origon-eu.com\/wp-content\/uploads\/2025\/02\/dr2.webp\"><img loading=\"lazy\" decoding=\"async\" class=\"alignnone size-full wp-image-34610\" src=\"https:\/\/origon-eu.com\/wp-content\/uploads\/2025\/02\/dr2.webp\" alt=\"\" width=\"1000\" height=\"1000\" srcset=\"https:\/\/origon-eu.com\/wp-content\/uploads\/2025\/02\/dr2.webp 1000w, https:\/\/origon-eu.com\/wp-content\/uploads\/2025\/02\/dr2-300x300.webp 300w, https:\/\/origon-eu.com\/wp-content\/uploads\/2025\/02\/dr2-150x150.webp 150w, https:\/\/origon-eu.com\/wp-content\/uploads\/2025\/02\/dr2-768x768.webp 768w, https:\/\/origon-eu.com\/wp-content\/uploads\/2025\/02\/dr2-600x600.webp 600w\" sizes=\"(max-width: 1000px) 100vw, 1000px\" \/><\/a><br \/>\n1. So sklopn\u00fdm ramenom je mal\u00fd a \u013eahko sa pren\u00e1\u0161a.<br \/>\n2. M\u00e1 funkciu re\u017eimu vysok\u00e9ho dr\u017eania na zabezpe\u010denie stabiln\u00e9ho letu.<br \/>\n3. S funkciou wifi sa m\u00f4\u017eete pripoji\u0165 k syst\u00e9mu APP, APK na prezeranie fotografi\u00ed, vide\u00ed a prenos obr\u00e1zkov v re\u00e1lnom \u010dase prostredn\u00edctvom fotoapar\u00e1tu mobiln\u00e9ho telef\u00f3nu.<br \/>\n4. S re\u017eimom letu na trati. M\u00f4\u017eete vidie\u0165 trasu.<br \/>\n5. S gestami na fotenie. MV funkcie na \u00fapravu hudby.<br \/>\n6. Vybaven\u00fd 720P \u0161irokouhl\u00fdm fotoapar\u00e1tom pre \u0161irok\u00fa \u0161k\u00e1lu fotografi\u00ed a vide\u00ed.<br \/>\n7. Bez hlavn\u00e9ho modulu nie je potrebn\u00e9 umiest\u0148ova\u0165 lietadlo pred letom.<br \/>\n8. S funkciou n\u00e1vratu tla\u010didla m\u00f4\u017eete \u013eahko \u00eds\u0165 domov.<br \/>\n9. Ochrana proti ru\u0161eniu vyu\u017e\u00edva technol\u00f3giu 2,4 GHz.<br \/>\nFunkcia: hore\/dole, dopredu\/dozadu, do\u013eava\/doprava, lietanie, troj\u00farov\u0148ov\u00e1 r\u00fdchlos\u0165 letu, LED svetlo, bezhlav\u00fd re\u017eim, automatick\u00fd n\u00e1vrat jedn\u00fdm tla\u010didlom, re\u017eim udr\u017eiavania nadmorskej v\u00fd\u0161ky, WiFi FPV<br \/>\n\u0161pecifik\u00e1cie:<br \/>\nModel: 998W<br \/>\nAplik\u00e1cia: WIFI-CAM<br \/>\nFrekvencia: 2,4G.<br \/>\nKan\u00e1l: 4 kan\u00e1ly<br \/>\nGyroskop: 6 os\u00ed<br \/>\nBat\u00e9ria kvadrokopt\u00e9ry: 3,7V 900mAh l\u00edtiov\u00e1 bat\u00e9ria (1 s\u00fa\u010das\u0165ou balenia)<br \/>\nBat\u00e9ria vysiela\u010da: 3 x 1,5 AA (nie je s\u00fa\u010das\u0165ou balenia).<br \/>\nDoba nab\u00edjania: 60-70 min\u00fat.<br \/>\nDoba letu: 8 &#8211; 10 min\u00fat<br \/>\nHmotnos\u0165 dronu: 85 g (s bat\u00e9riou)<br \/>\nVzdialenos\u0165 dia\u013ekov\u00e9ho ovl\u00e1da\u010da: cca 80 metrov.<br \/>\nFotoapar\u00e1t: 4K Ultra HD<br \/>\nHmotnos\u0165 balenia: 0,435g.<\/p>\n<p data-spm-anchor-id=\"a2g0o.detail.1000023.i7.64ebxue4xue4rp\">Zahr\u0148te:<br \/>\n1 x 998W RC dron.<br \/>\n1 x Dia\u013ekov\u00e9 ovl\u00e1danie.<br \/>\n1 x 3,7V 900mAh l\u00edtiov\u00e1 bat\u00e9ria.<br \/>\n1 x USB nab\u00edjac\u00ed k\u00e1bel.<br \/>\n4 x chr\u00e1ni\u010de vrtule.<br \/>\n2x n\u00e1hradn\u00e9 vrtule.<br \/>\n1 x skrutkova\u010d.<\/p>\n","protected":false},"excerpt":{"rendered":"<p>MINI DRONE skladac\u00ed s WIFI kamerou HD FPV dia\u013ekov\u00fdm ovl\u00e1dan\u00edm<\/p>\n","protected":false},"featured_media":34600,"template":"","meta":[],"product_cat":[],"product_tag":[],"class_list":{"0":"post-34844","1":"product","2":"type-product","3":"status-publish","4":"has-post-thumbnail","7":"first","8":"outofstock","9":"sale","10":"shipping-taxable","11":"purchasable","12":"product-type-simple"},"yoast_head":"<!-- This site is optimized with the Yoast SEO plugin v24.2 - https:\/\/yoast.com\/wordpress\/plugins\/seo\/ -->\n<title>4k kamerov\u00fd dron HD mini dron s kamerou - Origon EU<\/title>\n<meta name=\"robots\" content=\"index, follow, max-snippet:-1, max-image-preview:large, max-video-preview:-1\" \/>\n<link rel=\"canonical\" href=\"https:\/\/origon-eu.com\/product\/4k-camera-drone-hd-camera-mini-drone\/\" \/>\n<meta property=\"og:locale\" content=\"sk_SK\" \/>\n<meta property=\"og:type\" content=\"article\" \/>\n<meta property=\"og:title\" content=\"4k kamerov\u00fd dron HD mini dron s kamerou - Origon EU\" \/>\n<meta property=\"og:description\" content=\"MINI DRONE skladac\u00ed s WIFI kamerou HD FPV dia\u013ekov\u00fdm ovl\u00e1dan\u00edm\" \/>\n<meta property=\"og:url\" content=\"https:\/\/origon-eu.com\/product\/4k-camera-drone-hd-camera-mini-drone\/\" \/>\n<meta property=\"og:site_name\" content=\"Origon EU\" \/>\n<meta property=\"article:modified_time\" content=\"2025-03-10T16:21:38+00:00\" \/>\n<meta property=\"og:image\" content=\"https:\/\/origon-eu.com\/wp-content\/uploads\/2025\/02\/dr1.webp\" \/>\n\t<meta property=\"og:image:width\" content=\"1000\" \/>\n\t<meta property=\"og:image:height\" content=\"1000\" \/>\n\t<meta property=\"og:image:type\" content=\"image\/webp\" \/>\n<meta name=\"twitter:card\" content=\"summary_large_image\" \/>\n<meta name=\"twitter:label1\" content=\"Predpokladan\u00fd \u010das \u010d\u00edtania\" \/>\n\t<meta name=\"twitter:data1\" content=\"3 min\u00faty\" \/>\n<script type=\"application\/ld+json\" class=\"yoast-schema-graph\">{\"@context\":\"https:\/\/schema.org\",\"@graph\":[{\"@type\":\"WebPage\",\"@id\":\"https:\/\/origon-eu.com\/product\/4k-camera-drone-hd-camera-mini-drone\/\",\"url\":\"https:\/\/origon-eu.com\/product\/4k-camera-drone-hd-camera-mini-drone\/\",\"name\":\"4k kamerov\u00fd dron HD mini dron s kamerou - Origon EU\",\"isPartOf\":{\"@id\":\"https:\/\/origon-eu.com\/#website\"},\"primaryImageOfPage\":{\"@id\":\"https:\/\/origon-eu.com\/product\/4k-camera-drone-hd-camera-mini-drone\/#primaryimage\"},\"image\":{\"@id\":\"https:\/\/origon-eu.com\/product\/4k-camera-drone-hd-camera-mini-drone\/#primaryimage\"},\"thumbnailUrl\":\"https:\/\/origon-eu.com\/wp-content\/uploads\/2025\/02\/dr1.webp\",\"datePublished\":\"2025-02-17T13:05:28+00:00\",\"dateModified\":\"2025-03-10T16:21:38+00:00\",\"breadcrumb\":{\"@id\":\"https:\/\/origon-eu.com\/product\/4k-camera-drone-hd-camera-mini-drone\/#breadcrumb\"},\"inLanguage\":\"sk-SK\",\"potentialAction\":[{\"@type\":\"ReadAction\",\"target\":[\"https:\/\/origon-eu.com\/product\/4k-camera-drone-hd-camera-mini-drone\/\"]}]},{\"@type\":\"ImageObject\",\"inLanguage\":\"sk-SK\",\"@id\":\"https:\/\/origon-eu.com\/product\/4k-camera-drone-hd-camera-mini-drone\/#primaryimage\",\"url\":\"https:\/\/origon-eu.com\/wp-content\/uploads\/2025\/02\/dr1.webp\",\"contentUrl\":\"https:\/\/origon-eu.com\/wp-content\/uploads\/2025\/02\/dr1.webp\",\"width\":1000,\"height\":1000},{\"@type\":\"BreadcrumbList\",\"@id\":\"https:\/\/origon-eu.com\/product\/4k-camera-drone-hd-camera-mini-drone\/#breadcrumb\",\"itemListElement\":[{\"@type\":\"ListItem\",\"position\":1,\"name\":\"Home\",\"item\":\"https:\/\/origon-eu.com\/\"},{\"@type\":\"ListItem\",\"position\":2,\"name\":\"Shop\",\"item\":\"https:\/\/origon-eu.com\/sk\/shop-2\/\"},{\"@type\":\"ListItem\",\"position\":3,\"name\":\"4k kamerov\u00fd dron HD mini dron s kamerou\"}]},{\"@type\":\"WebSite\",\"@id\":\"https:\/\/origon-eu.com\/#website\",\"url\":\"https:\/\/origon-eu.com\/\",\"name\":\"Origon EU\",\"description\":\"Online Store\",\"publisher\":{\"@id\":\"https:\/\/origon-eu.com\/#organization\"},\"potentialAction\":[{\"@type\":\"SearchAction\",\"target\":{\"@type\":\"EntryPoint\",\"urlTemplate\":\"https:\/\/origon-eu.com\/?s={search_term_string}\"},\"query-input\":{\"@type\":\"PropertyValueSpecification\",\"valueRequired\":true,\"valueName\":\"search_term_string\"}}],\"inLanguage\":\"sk-SK\"},{\"@type\":\"Organization\",\"@id\":\"https:\/\/origon-eu.com\/#organization\",\"name\":\"Origon EU\",\"url\":\"https:\/\/origon-eu.com\/\",\"logo\":{\"@type\":\"ImageObject\",\"inLanguage\":\"sk-SK\",\"@id\":\"https:\/\/origon-eu.com\/#\/schema\/logo\/image\/\",\"url\":\"https:\/\/origon-eu.com\/wp-content\/uploads\/2024\/04\/Screenshot-2024-04-09-101814.png\",\"contentUrl\":\"https:\/\/origon-eu.com\/wp-content\/uploads\/2024\/04\/Screenshot-2024-04-09-101814.png\",\"width\":171,\"height\":59,\"caption\":\"Origon EU\"},\"image\":{\"@id\":\"https:\/\/origon-eu.com\/#\/schema\/logo\/image\/\"}}]}<\/script>\n<!-- \/ Yoast SEO plugin. -->","yoast_head_json":{"title":"4k kamerov\u00fd dron HD mini dron s kamerou - Origon EU","robots":{"index":"index","follow":"follow","max-snippet":"max-snippet:-1","max-image-preview":"max-image-preview:large","max-video-preview":"max-video-preview:-1"},"canonical":"https:\/\/origon-eu.com\/product\/4k-camera-drone-hd-camera-mini-drone\/","og_locale":"sk_SK","og_type":"article","og_title":"4k kamerov\u00fd dron HD mini dron s kamerou - Origon EU","og_description":"MINI DRONE skladac\u00ed s WIFI kamerou HD FPV dia\u013ekov\u00fdm ovl\u00e1dan\u00edm","og_url":"https:\/\/origon-eu.com\/product\/4k-camera-drone-hd-camera-mini-drone\/","og_site_name":"Origon EU","article_modified_time":"2025-03-10T16:21:38+00:00","og_image":[{"width":1000,"height":1000,"url":"https:\/\/origon-eu.com\/wp-content\/uploads\/2025\/02\/dr1.webp","type":"image\/webp"}],"twitter_card":"summary_large_image","twitter_misc":{"Predpokladan\u00fd \u010das \u010d\u00edtania":"3 min\u00faty"},"schema":{"@context":"https:\/\/schema.org","@graph":[{"@type":"WebPage","@id":"https:\/\/origon-eu.com\/product\/4k-camera-drone-hd-camera-mini-drone\/","url":"https:\/\/origon-eu.com\/product\/4k-camera-drone-hd-camera-mini-drone\/","name":"4k kamerov\u00fd dron HD mini dron s kamerou - Origon EU","isPartOf":{"@id":"https:\/\/origon-eu.com\/#website"},"primaryImageOfPage":{"@id":"https:\/\/origon-eu.com\/product\/4k-camera-drone-hd-camera-mini-drone\/#primaryimage"},"image":{"@id":"https:\/\/origon-eu.com\/product\/4k-camera-drone-hd-camera-mini-drone\/#primaryimage"},"thumbnailUrl":"https:\/\/origon-eu.com\/wp-content\/uploads\/2025\/02\/dr1.webp","datePublished":"2025-02-17T13:05:28+00:00","dateModified":"2025-03-10T16:21:38+00:00","breadcrumb":{"@id":"https:\/\/origon-eu.com\/product\/4k-camera-drone-hd-camera-mini-drone\/#breadcrumb"},"inLanguage":"sk-SK","potentialAction":[{"@type":"ReadAction","target":["https:\/\/origon-eu.com\/product\/4k-camera-drone-hd-camera-mini-drone\/"]}]},{"@type":"ImageObject","inLanguage":"sk-SK","@id":"https:\/\/origon-eu.com\/product\/4k-camera-drone-hd-camera-mini-drone\/#primaryimage","url":"https:\/\/origon-eu.com\/wp-content\/uploads\/2025\/02\/dr1.webp","contentUrl":"https:\/\/origon-eu.com\/wp-content\/uploads\/2025\/02\/dr1.webp","width":1000,"height":1000},{"@type":"BreadcrumbList","@id":"https:\/\/origon-eu.com\/product\/4k-camera-drone-hd-camera-mini-drone\/#breadcrumb","itemListElement":[{"@type":"ListItem","position":1,"name":"Home","item":"https:\/\/origon-eu.com\/"},{"@type":"ListItem","position":2,"name":"Shop","item":"https:\/\/origon-eu.com\/sk\/shop-2\/"},{"@type":"ListItem","position":3,"name":"4k kamerov\u00fd dron HD mini dron s kamerou"}]},{"@type":"WebSite","@id":"https:\/\/origon-eu.com\/#website","url":"https:\/\/origon-eu.com\/","name":"Origon EU","description":"Online Store","publisher":{"@id":"https:\/\/origon-eu.com\/#organization"},"potentialAction":[{"@type":"SearchAction","target":{"@type":"EntryPoint","urlTemplate":"https:\/\/origon-eu.com\/?s={search_term_string}"},"query-input":{"@type":"PropertyValueSpecification","valueRequired":true,"valueName":"search_term_string"}}],"inLanguage":"sk-SK"},{"@type":"Organization","@id":"https:\/\/origon-eu.com\/#organization","name":"Origon EU","url":"https:\/\/origon-eu.com\/","logo":{"@type":"ImageObject","inLanguage":"sk-SK","@id":"https:\/\/origon-eu.com\/#\/schema\/logo\/image\/","url":"https:\/\/origon-eu.com\/wp-content\/uploads\/2024\/04\/Screenshot-2024-04-09-101814.png","contentUrl":"https:\/\/origon-eu.com\/wp-content\/uploads\/2024\/04\/Screenshot-2024-04-09-101814.png","width":171,"height":59,"caption":"Origon EU"},"image":{"@id":"https:\/\/origon-eu.com\/#\/schema\/logo\/image\/"}}]}},"tiered_pricing_type":"fixed","tiered_pricing_fixed_rules":[],"tiered_pricing_percentage_rules":[],"tiered_pricing_minimum":1,"tiered_pricing_roles_data":[],"_links":{"self":[{"href":"https:\/\/origon-eu.com\/sk\/wp-json\/wp\/v2\/product\/34844","targetHints":{"allow":["GET"]}}],"collection":[{"href":"https:\/\/origon-eu.com\/sk\/wp-json\/wp\/v2\/product"}],"about":[{"href":"https:\/\/origon-eu.com\/sk\/wp-json\/wp\/v2\/types\/product"}],"version-history":[{"count":1,"href":"https:\/\/origon-eu.com\/sk\/wp-json\/wp\/v2\/product\/34844\/revisions"}],"predecessor-version":[{"id":34846,"href":"https:\/\/origon-eu.com\/sk\/wp-json\/wp\/v2\/product\/34844\/revisions\/34846"}],"wp:featuredmedia":[{"embeddable":true,"href":"https:\/\/origon-eu.com\/sk\/wp-json\/wp\/v2\/media\/34600"}],"wp:attachment":[{"href":"https:\/\/origon-eu.com\/sk\/wp-json\/wp\/v2\/media?parent=34844"}],"wp:term":[{"taxonomy":"product_cat","embeddable":true,"href":"https:\/\/origon-eu.com\/sk\/wp-json\/wp\/v2\/product_cat?post=34844"},{"taxonomy":"product_tag","embeddable":true,"href":"https:\/\/origon-eu.com\/sk\/wp-json\/wp\/v2\/product_tag?post=34844"}],"curies":[{"name":"wp","href":"https:\/\/api.w.org\/{rel}","templated":true}]}}