{"id":34808,"date":"2025-02-17T14:51:11","date_gmt":"2025-02-17T12:51:11","guid":{"rendered":"https:\/\/origon-eu.com\/product\/waterproof-sleeveless-heated-vest\/"},"modified":"2025-03-16T22:23:36","modified_gmt":"2025-03-16T20:23:36","slug":"waterproof-sleeveless-heated-vest","status":"publish","type":"product","link":"https:\/\/origon-eu.com\/sk\/product\/waterproof-sleeveless-heated-vest\/","title":{"rendered":"Nepremokav\u00e1 vyhrievan\u00e1 vesta bez ruk\u00e1vov"},"content":{"rendered":"<p class=\"\" style=\"text-align: center;\"><span class=\"\" data-sheets-root=\"1\">Zosta\u0148te v teple s FLAMEVESTOM, va\u0161\u00edm najlep\u0161\u00edm spolo\u010dn\u00edkom v chladnom po\u010das\u00ed. T\u00e1to vesta s tromi vyhrievac\u00edmi prvkami a n\u00e1kr\u010dn\u00edkom zais\u0165uje pohodlie aj pri najni\u017e\u0161\u00edch teplot\u00e1ch.<\/span><\/p>\n<p class=\"\" style=\"text-align: center;\">Zvo\u013ete si ide\u00e1lne teplo pomocou 3 nastavite\u013en\u00fdch \u00farovn\u00ed tepla. R\u00f4znofarebn\u00e9 LED di\u00f3dy na tla\u010didle v\u00e1m uk\u00e1\u017eu \u00farove\u0148 ohrevu, ktor\u00fa ste zvolili. Zahreje sa v priebehu nieko\u013ek\u00fdch sek\u00fand a r\u00fdchlo v\u00e1s ochr\u00e1ni pred chladom.<\/p>\n<p><a href=\"https:\/\/origon-eu.com\/wp-content\/uploads\/2025\/02\/FLAMEVEST23689__df70ff35__314d8cf4__bc20f51a.webp\"><img fetchpriority=\"high\" decoding=\"async\" class=\"alignnone size-full wp-image-34485\" src=\"https:\/\/origon-eu.com\/wp-content\/uploads\/2025\/02\/FLAMEVEST23689__df70ff35__314d8cf4__bc20f51a.webp\" alt=\"\" width=\"600\" height=\"600\" srcset=\"https:\/\/origon-eu.com\/wp-content\/uploads\/2025\/02\/FLAMEVEST23689__df70ff35__314d8cf4__bc20f51a.webp 600w, https:\/\/origon-eu.com\/wp-content\/uploads\/2025\/02\/FLAMEVEST23689__df70ff35__314d8cf4__bc20f51a-300x300.webp 300w, https:\/\/origon-eu.com\/wp-content\/uploads\/2025\/02\/FLAMEVEST23689__df70ff35__314d8cf4__bc20f51a-150x150.webp 150w\" sizes=\"(max-width: 600px) 100vw, 600px\" \/><\/a><\/p>\n<p>&nbsp;<\/p>\n<p class=\"\" style=\"text-align: center;\"><strong class=\"\">\ufe0f V\u0161estrann\u00e9 vyu\u017eitie<\/strong><\/p>\n<p class=\"\" style=\"text-align: center;\"><span class=\"\" data-sheets-root=\"1\">T\u00e1to tepl\u00e1 vesta je ur\u010den\u00e1 na r\u00f4zne aktivity. Vyu\u017eite ho na ch\u00f4dzu, turistiku, ly\u017eovanie, beh, ryb\u00e1r\u010denie alebo ak\u00fako\u013evek in\u00fa aktivitu. A samozrejme je vhodn\u00fd aj na ka\u017edodenn\u00e9 nosenie. Je odoln\u00fd, \u013eahk\u00fd, pohodln\u00fd a nebude v\u00e1m br\u00e1ni\u0165 v pohybe.<\/span><\/p>\n<p class=\"\" style=\"text-align: center;\"><a href=\"https:\/\/origon-eu.com\/wp-content\/uploads\/2025\/02\/FLAMEVEST24714__2edd0ddf__cda0b823__565c209d-1.webp\"><img decoding=\"async\" class=\"alignnone size-full wp-image-34495\" src=\"https:\/\/origon-eu.com\/wp-content\/uploads\/2025\/02\/FLAMEVEST24714__2edd0ddf__cda0b823__565c209d-1.webp\" alt=\"\" width=\"600\" height=\"601\" srcset=\"https:\/\/origon-eu.com\/wp-content\/uploads\/2025\/02\/FLAMEVEST24714__2edd0ddf__cda0b823__565c209d-1.webp 600w, https:\/\/origon-eu.com\/wp-content\/uploads\/2025\/02\/FLAMEVEST24714__2edd0ddf__cda0b823__565c209d-1-300x300.webp 300w, https:\/\/origon-eu.com\/wp-content\/uploads\/2025\/02\/FLAMEVEST24714__2edd0ddf__cda0b823__565c209d-1-150x150.webp 150w\" sizes=\"(max-width: 600px) 100vw, 600px\" \/><\/a><\/p>\n<p class=\"\" style=\"text-align: center;\"><strong class=\"\"> Jednoduch\u00e9 \u010distenie<\/strong><\/p>\n<p class=\"\" style=\"text-align: center;\"><span class=\"\" data-sheets-root=\"1\">Vesta sa d\u00e1 pra\u0165 ru\u010dne, tak\u017ee je \u013eahk\u00e9 ju udr\u017eiava\u0165 v \u010distote a je pripraven\u00e1 na \u010fal\u0161ie dobrodru\u017estvo. Je odoln\u00fd a vyroben\u00fd tak, aby vydr\u017eal, tak\u017ee je vyroben\u00fd na ka\u017edodenn\u00e9 pou\u017eitie.<\/span><\/p>\n<p class=\"\" style=\"text-align: center;\"><a href=\"https:\/\/origon-eu.com\/wp-content\/uploads\/2025\/02\/FLAMEVEST22689__7c5c5fde__e9d16f8b__1ef41ffb.webp\"><img decoding=\"async\" class=\"lalignnone-image-9\" src=\"https:\/\/origon-eu.com\/wp-content\/uploads\/2025\/02\/FLAMEVEST22689__7c5c5fde__e9d16f8b__1ef41ffb.webp\" alt=\"\" width=\"600\" height=\"600\" \/><\/a><\/p>\n<p class=\"\" style=\"text-align: center;\"><strong class=\"\">\u0160pecifik\u00e1cie produktu:<\/strong><\/p>\n<p class=\"\" style=\"text-align: center;\"><span class=\"\" data-sheets-root=\"1\">Materi\u00e1l: 100 % polyester<br \/>\nNap\u00e1janie: DC 5V 2A<\/span><\/p>\n<p class=\"\" style=\"text-align: center;\"><strong class=\"\">Bal\u00edk obsahuje:<\/strong><\/p>\n<p class=\"\" style=\"text-align: center;\"><span class=\"\" data-sheets-root=\"1\">1 FLAMEVEST (unisex vyhrievacia vesta)<\/span><\/p>\n","protected":false},"excerpt":{"rendered":"<ul>\n<li>R\u00fdchlo sa zahreje za 5 sek\u00fand<\/li>\n<li>\u00a03 nastavite\u013en\u00e9 \u00farovne ohrevu<\/li>\n<li>\ufe0f Extra teplo pre v\u00e1\u0161 krk<\/li>\n<li>Um\u00fdvate\u013en\u00e9 ru\u010dne pre jednoduch\u00fa \u00fadr\u017ebu<\/li>\n<li>Nap\u00e1janie cez USB pre pohodlie<\/li>\n<\/ul>\n","protected":false},"featured_media":34515,"template":"","meta":[],"product_cat":[278],"product_tag":[],"class_list":{"0":"post-34808","1":"product","2":"type-product","3":"status-publish","4":"has-post-thumbnail","6":"product_cat-moda-sk","8":"first","9":"instock","10":"sale","11":"shipping-taxable","12":"purchasable","13":"product-type-simple"},"yoast_head":"<!-- This site is optimized with the Yoast SEO plugin v24.2 - https:\/\/yoast.com\/wordpress\/plugins\/seo\/ -->\n<title>Nepremokav\u00e1 vyhrievan\u00e1 vesta bez ruk\u00e1vov - Origon EU<\/title>\n<meta name=\"robots\" content=\"index, follow, max-snippet:-1, max-image-preview:large, max-video-preview:-1\" \/>\n<link rel=\"canonical\" href=\"https:\/\/origon-eu.com\/sk\/product\/waterproof-sleeveless-heated-vest\/\" \/>\n<meta property=\"og:locale\" content=\"sk_SK\" \/>\n<meta property=\"og:type\" content=\"article\" \/>\n<meta property=\"og:title\" content=\"Nepremokav\u00e1 vyhrievan\u00e1 vesta bez ruk\u00e1vov - Origon EU\" \/>\n<meta property=\"og:description\" content=\"R\u00fdchlo sa zahreje za 5 sek\u00fand  \u00a03 nastavite\u013en\u00e9 \u00farovne ohrevu  \ufe0f Extra teplo pre v\u00e1\u0161 krk  Um\u00fdvate\u013en\u00e9 ru\u010dne pre jednoduch\u00fa \u00fadr\u017ebu  Nap\u00e1janie cez USB pre pohodlie\" \/>\n<meta property=\"og:url\" content=\"https:\/\/origon-eu.com\/sk\/product\/waterproof-sleeveless-heated-vest\/\" \/>\n<meta property=\"og:site_name\" content=\"Origon EU\" \/>\n<meta property=\"article:modified_time\" content=\"2025-03-16T20:23:36+00:00\" \/>\n<meta property=\"og:image\" content=\"https:\/\/origon-eu.com\/wp-content\/uploads\/2025\/02\/FLAMEVEST11748__ceca131a__7d7d09f6.jpg\" \/>\n\t<meta property=\"og:image:width\" content=\"600\" \/>\n\t<meta property=\"og:image:height\" content=\"600\" \/>\n\t<meta property=\"og:image:type\" content=\"image\/jpeg\" \/>\n<meta name=\"twitter:card\" content=\"summary_large_image\" \/>\n<meta name=\"twitter:label1\" content=\"Predpokladan\u00fd \u010das \u010d\u00edtania\" \/>\n\t<meta name=\"twitter:data1\" content=\"2 min\u00faty\" \/>\n<script type=\"application\/ld+json\" class=\"yoast-schema-graph\">{\"@context\":\"https:\/\/schema.org\",\"@graph\":[{\"@type\":\"WebPage\",\"@id\":\"https:\/\/origon-eu.com\/sk\/product\/waterproof-sleeveless-heated-vest\/\",\"url\":\"https:\/\/origon-eu.com\/sk\/product\/waterproof-sleeveless-heated-vest\/\",\"name\":\"Nepremokav\u00e1 vyhrievan\u00e1 vesta bez ruk\u00e1vov - Origon EU\",\"isPartOf\":{\"@id\":\"https:\/\/origon-eu.com\/#website\"},\"primaryImageOfPage\":{\"@id\":\"https:\/\/origon-eu.com\/sk\/product\/waterproof-sleeveless-heated-vest\/#primaryimage\"},\"image\":{\"@id\":\"https:\/\/origon-eu.com\/sk\/product\/waterproof-sleeveless-heated-vest\/#primaryimage\"},\"thumbnailUrl\":\"https:\/\/origon-eu.com\/wp-content\/uploads\/2025\/02\/FLAMEVEST11748__ceca131a__7d7d09f6.jpg\",\"datePublished\":\"2025-02-17T12:51:11+00:00\",\"dateModified\":\"2025-03-16T20:23:36+00:00\",\"breadcrumb\":{\"@id\":\"https:\/\/origon-eu.com\/sk\/product\/waterproof-sleeveless-heated-vest\/#breadcrumb\"},\"inLanguage\":\"sk-SK\",\"potentialAction\":[{\"@type\":\"ReadAction\",\"target\":[\"https:\/\/origon-eu.com\/sk\/product\/waterproof-sleeveless-heated-vest\/\"]}]},{\"@type\":\"ImageObject\",\"inLanguage\":\"sk-SK\",\"@id\":\"https:\/\/origon-eu.com\/sk\/product\/waterproof-sleeveless-heated-vest\/#primaryimage\",\"url\":\"https:\/\/origon-eu.com\/wp-content\/uploads\/2025\/02\/FLAMEVEST11748__ceca131a__7d7d09f6.jpg\",\"contentUrl\":\"https:\/\/origon-eu.com\/wp-content\/uploads\/2025\/02\/FLAMEVEST11748__ceca131a__7d7d09f6.jpg\",\"width\":600,\"height\":600},{\"@type\":\"BreadcrumbList\",\"@id\":\"https:\/\/origon-eu.com\/sk\/product\/waterproof-sleeveless-heated-vest\/#breadcrumb\",\"itemListElement\":[{\"@type\":\"ListItem\",\"position\":1,\"name\":\"Home\",\"item\":\"https:\/\/origon-eu.com\/\"},{\"@type\":\"ListItem\",\"position\":2,\"name\":\"Shop\",\"item\":\"https:\/\/origon-eu.com\/sk\/shop-2\/\"},{\"@type\":\"ListItem\",\"position\":3,\"name\":\"Nepremokav\u00e1 vyhrievan\u00e1 vesta bez ruk\u00e1vov\"}]},{\"@type\":\"WebSite\",\"@id\":\"https:\/\/origon-eu.com\/#website\",\"url\":\"https:\/\/origon-eu.com\/\",\"name\":\"Origon EU\",\"description\":\"Online Store\",\"publisher\":{\"@id\":\"https:\/\/origon-eu.com\/#organization\"},\"potentialAction\":[{\"@type\":\"SearchAction\",\"target\":{\"@type\":\"EntryPoint\",\"urlTemplate\":\"https:\/\/origon-eu.com\/?s={search_term_string}\"},\"query-input\":{\"@type\":\"PropertyValueSpecification\",\"valueRequired\":true,\"valueName\":\"search_term_string\"}}],\"inLanguage\":\"sk-SK\"},{\"@type\":\"Organization\",\"@id\":\"https:\/\/origon-eu.com\/#organization\",\"name\":\"Origon EU\",\"url\":\"https:\/\/origon-eu.com\/\",\"logo\":{\"@type\":\"ImageObject\",\"inLanguage\":\"sk-SK\",\"@id\":\"https:\/\/origon-eu.com\/#\/schema\/logo\/image\/\",\"url\":\"https:\/\/origon-eu.com\/wp-content\/uploads\/2024\/04\/Screenshot-2024-04-09-101814.png\",\"contentUrl\":\"https:\/\/origon-eu.com\/wp-content\/uploads\/2024\/04\/Screenshot-2024-04-09-101814.png\",\"width\":171,\"height\":59,\"caption\":\"Origon EU\"},\"image\":{\"@id\":\"https:\/\/origon-eu.com\/#\/schema\/logo\/image\/\"}}]}<\/script>\n<!-- \/ Yoast SEO plugin. -->","yoast_head_json":{"title":"Nepremokav\u00e1 vyhrievan\u00e1 vesta bez ruk\u00e1vov - Origon EU","robots":{"index":"index","follow":"follow","max-snippet":"max-snippet:-1","max-image-preview":"max-image-preview:large","max-video-preview":"max-video-preview:-1"},"canonical":"https:\/\/origon-eu.com\/sk\/product\/waterproof-sleeveless-heated-vest\/","og_locale":"sk_SK","og_type":"article","og_title":"Nepremokav\u00e1 vyhrievan\u00e1 vesta bez ruk\u00e1vov - Origon EU","og_description":"R\u00fdchlo sa zahreje za 5 sek\u00fand  \u00a03 nastavite\u013en\u00e9 \u00farovne ohrevu  \ufe0f Extra teplo pre v\u00e1\u0161 krk  Um\u00fdvate\u013en\u00e9 ru\u010dne pre jednoduch\u00fa \u00fadr\u017ebu  Nap\u00e1janie cez USB pre pohodlie","og_url":"https:\/\/origon-eu.com\/sk\/product\/waterproof-sleeveless-heated-vest\/","og_site_name":"Origon EU","article_modified_time":"2025-03-16T20:23:36+00:00","og_image":[{"width":600,"height":600,"url":"https:\/\/origon-eu.com\/wp-content\/uploads\/2025\/02\/FLAMEVEST11748__ceca131a__7d7d09f6.jpg","type":"image\/jpeg"}],"twitter_card":"summary_large_image","twitter_misc":{"Predpokladan\u00fd \u010das \u010d\u00edtania":"2 min\u00faty"},"schema":{"@context":"https:\/\/schema.org","@graph":[{"@type":"WebPage","@id":"https:\/\/origon-eu.com\/sk\/product\/waterproof-sleeveless-heated-vest\/","url":"https:\/\/origon-eu.com\/sk\/product\/waterproof-sleeveless-heated-vest\/","name":"Nepremokav\u00e1 vyhrievan\u00e1 vesta bez ruk\u00e1vov - Origon EU","isPartOf":{"@id":"https:\/\/origon-eu.com\/#website"},"primaryImageOfPage":{"@id":"https:\/\/origon-eu.com\/sk\/product\/waterproof-sleeveless-heated-vest\/#primaryimage"},"image":{"@id":"https:\/\/origon-eu.com\/sk\/product\/waterproof-sleeveless-heated-vest\/#primaryimage"},"thumbnailUrl":"https:\/\/origon-eu.com\/wp-content\/uploads\/2025\/02\/FLAMEVEST11748__ceca131a__7d7d09f6.jpg","datePublished":"2025-02-17T12:51:11+00:00","dateModified":"2025-03-16T20:23:36+00:00","breadcrumb":{"@id":"https:\/\/origon-eu.com\/sk\/product\/waterproof-sleeveless-heated-vest\/#breadcrumb"},"inLanguage":"sk-SK","potentialAction":[{"@type":"ReadAction","target":["https:\/\/origon-eu.com\/sk\/product\/waterproof-sleeveless-heated-vest\/"]}]},{"@type":"ImageObject","inLanguage":"sk-SK","@id":"https:\/\/origon-eu.com\/sk\/product\/waterproof-sleeveless-heated-vest\/#primaryimage","url":"https:\/\/origon-eu.com\/wp-content\/uploads\/2025\/02\/FLAMEVEST11748__ceca131a__7d7d09f6.jpg","contentUrl":"https:\/\/origon-eu.com\/wp-content\/uploads\/2025\/02\/FLAMEVEST11748__ceca131a__7d7d09f6.jpg","width":600,"height":600},{"@type":"BreadcrumbList","@id":"https:\/\/origon-eu.com\/sk\/product\/waterproof-sleeveless-heated-vest\/#breadcrumb","itemListElement":[{"@type":"ListItem","position":1,"name":"Home","item":"https:\/\/origon-eu.com\/"},{"@type":"ListItem","position":2,"name":"Shop","item":"https:\/\/origon-eu.com\/sk\/shop-2\/"},{"@type":"ListItem","position":3,"name":"Nepremokav\u00e1 vyhrievan\u00e1 vesta bez ruk\u00e1vov"}]},{"@type":"WebSite","@id":"https:\/\/origon-eu.com\/#website","url":"https:\/\/origon-eu.com\/","name":"Origon EU","description":"Online Store","publisher":{"@id":"https:\/\/origon-eu.com\/#organization"},"potentialAction":[{"@type":"SearchAction","target":{"@type":"EntryPoint","urlTemplate":"https:\/\/origon-eu.com\/?s={search_term_string}"},"query-input":{"@type":"PropertyValueSpecification","valueRequired":true,"valueName":"search_term_string"}}],"inLanguage":"sk-SK"},{"@type":"Organization","@id":"https:\/\/origon-eu.com\/#organization","name":"Origon EU","url":"https:\/\/origon-eu.com\/","logo":{"@type":"ImageObject","inLanguage":"sk-SK","@id":"https:\/\/origon-eu.com\/#\/schema\/logo\/image\/","url":"https:\/\/origon-eu.com\/wp-content\/uploads\/2024\/04\/Screenshot-2024-04-09-101814.png","contentUrl":"https:\/\/origon-eu.com\/wp-content\/uploads\/2024\/04\/Screenshot-2024-04-09-101814.png","width":171,"height":59,"caption":"Origon EU"},"image":{"@id":"https:\/\/origon-eu.com\/#\/schema\/logo\/image\/"}}]}},"tiered_pricing_type":"fixed","tiered_pricing_fixed_rules":[],"tiered_pricing_percentage_rules":[],"tiered_pricing_minimum":1,"tiered_pricing_roles_data":[],"_links":{"self":[{"href":"https:\/\/origon-eu.com\/sk\/wp-json\/wp\/v2\/product\/34808","targetHints":{"allow":["GET"]}}],"collection":[{"href":"https:\/\/origon-eu.com\/sk\/wp-json\/wp\/v2\/product"}],"about":[{"href":"https:\/\/origon-eu.com\/sk\/wp-json\/wp\/v2\/types\/product"}],"version-history":[{"count":3,"href":"https:\/\/origon-eu.com\/sk\/wp-json\/wp\/v2\/product\/34808\/revisions"}],"predecessor-version":[{"id":34811,"href":"https:\/\/origon-eu.com\/sk\/wp-json\/wp\/v2\/product\/34808\/revisions\/34811"}],"wp:featuredmedia":[{"embeddable":true,"href":"https:\/\/origon-eu.com\/sk\/wp-json\/wp\/v2\/media\/34515"}],"wp:attachment":[{"href":"https:\/\/origon-eu.com\/sk\/wp-json\/wp\/v2\/media?parent=34808"}],"wp:term":[{"taxonomy":"product_cat","embeddable":true,"href":"https:\/\/origon-eu.com\/sk\/wp-json\/wp\/v2\/product_cat?post=34808"},{"taxonomy":"product_tag","embeddable":true,"href":"https:\/\/origon-eu.com\/sk\/wp-json\/wp\/v2\/product_tag?post=34808"}],"curies":[{"name":"wp","href":"https:\/\/api.w.org\/{rel}","templated":true}]}}