{"id":33035,"date":"2025-01-09T22:19:01","date_gmt":"2025-01-09T20:19:01","guid":{"rendered":"https:\/\/origon-eu.com\/product\/electric-stainless-steel-food-processors-mixer-2l\/"},"modified":"2025-02-10T15:18:10","modified_gmt":"2025-02-10T13:18:10","slug":"electric-stainless-steel-food-processors-mixer-2l","status":"publish","type":"product","link":"https:\/\/origon-eu.com\/sk\/product\/electric-stainless-steel-food-processors-mixer-2l\/","title":{"rendered":"Elektrick\u00fd nerezov\u00fd kuchynsk\u00fd mix\u00e9r 2L"},"content":{"rendered":"<div class=\"product-specs-list-container\">\n<p>Vlastnosti:<\/p>\n<p>1: Jemn\u00e9 mie\u0161anie sek\u00fand, aby sa stalo bahnom, vyberav\u00fdmi chu\u0165ov\u00fdmi poh\u00e1rikmi, u\u017e nemus\u00edte tvrdo pracova\u0165,<\/p>\n<p>v\u0161etky druhy pr\u00edsad, ako chcete<\/p>\n<p>2: R\u00fdchly a pomal\u00fd dvojit\u00fd prevod, vo\u013en\u00fd na uchopenie stup\u0148a jemnosti, pod\u013ea stup\u0148a m\u00e4kkosti a tvrdosti pr\u00edsad, samovo\u013eba prevodu, in\u00e1 r\u00fdchlos\u0165 na rozlo\u017eenie inej poch\u00fa\u0165ky<\/p>\n<p>3. Prevodov\u00fd stupe\u0148 je mo\u017en\u00e9 zvoli\u0165 pod\u013ea m\u00e4kkosti a tvrdosti surov\u00edn. Dve r\u00fdchlosti mlet\u00e9ho m\u00e4sa a zeleniny dok\u00e1\u017eu uspokoji\u0165 r\u00f4zne chute rodiny.<\/p>\n<p>4. ve\u013ek\u00e1 kapacita, dostato\u010dn\u00e1 na uspokojenie potrieb rodinn\u00fdch banketov, motor na nav\u00edjanie z \u010distej medi, so 4-rozmernou \u0161tvorvrstvovou \u010depe\u013eou, r\u00fdchlo jemne nasek\u00e1 m\u00e4so za 6 sek\u00fand.<\/p>\n<p>5. Rozhranie z nehrdzavej\u00facej ocele \u00a0304, pevn\u00e9 a odoln\u00e9 vo\u010di opotrebovaniu, be\u017e\u00ed hladko, zastav\u00ed sa, ke\u010f ho pust\u00edte, a sada no\u017eov sa okam\u017eite zastav\u00ed, aby sa zabr\u00e1nilo po\u0161kriabaniu \u010depele a jedlo nestriekalo.<\/p>\n<p>6. Anti-\uff44\uff52\uff4f\uff50 a nedeforma\u010dn\u00e9, antikol\u00edzne a anti-\uff44\uff52\uff4f\uff50 bez deform\u00e1cie, stabiln\u00e9 a nelepiv\u00e9 potraviny. 7.Vysokoteplotn\u00e1 dezinfekcia, hygienick\u00e1 a \u010dist\u00e1, odn\u00edmate\u013en\u00e1 na \u010distenie, okrem hlavy stroja, je mo\u017en\u00e9 rozobra\u0165 a vy\u010disti\u0165 samostatne.<\/p>\n<p>Zoznam bal\u00edkov:<br \/>\nMlyn\u010dek na m\u00e4so *1<br \/>\nAdapt\u00e9r *1<br \/>\nPokyny *1<br \/>\nFarebn\u00e9 pole *1<\/p>\n<\/div>\n<p><img decoding=\"async\" src=\"https:\/\/ae01.alicdn.com\/kf\/Sbc5bbb81b9dd400b9437caabd41ca8d7Q.jpg\" \/><img decoding=\"async\" src=\"https:\/\/ae01.alicdn.com\/kf\/S9848ef37d30347b9bfdb8a10e8aef65be.jpg\" \/><img decoding=\"async\" src=\"https:\/\/ae01.alicdn.com\/kf\/Sb4412c72b99b4b848de9d3143747c3b21.jpg\" \/><img decoding=\"async\" src=\"https:\/\/ae01.alicdn.com\/kf\/S85f60a879c63440e8c0abb9c4b51147fs.jpg\" \/><img decoding=\"async\" src=\"https:\/\/ae01.alicdn.com\/kf\/S86b0e42c557840ba883f709622d45bbfO.jpg\" \/><img decoding=\"async\" src=\"https:\/\/ae01.alicdn.com\/kf\/S293a336d492d4f1ca2cd2ccd2b8e99203.jpg\" \/><img decoding=\"async\" src=\"https:\/\/ae01.alicdn.com\/kf\/S83b3d615c77c41c48488b3b6d1ca8222N.jpg\" \/><img decoding=\"async\" src=\"https:\/\/ae01.alicdn.com\/kf\/S840ad252cf114aeba4c4039d7a73f5ccr.jpg\" \/><img decoding=\"async\" src=\"https:\/\/ae01.alicdn.com\/kf\/Sb04aef1447ec4c21af83587f7cf682c6H.jpg\" \/><img decoding=\"async\" src=\"https:\/\/ae01.alicdn.com\/kf\/Sc14f7bdc462b4890bcff173042d9d396v.jpg\" \/><img decoding=\"async\" src=\"https:\/\/ae01.alicdn.com\/kf\/Sc07ab0bc201141b88247f5bc715783cec.jpg\" \/><img decoding=\"async\" src=\"https:\/\/ae01.alicdn.com\/kf\/S54fcfd7d41a0442bb62e4dee8fd9c731W.jpg\" \/><img decoding=\"async\" src=\"https:\/\/ae01.alicdn.com\/kf\/S14efd76020ab4897b60cb277acf97576K.jpg\" \/><img decoding=\"async\" src=\"https:\/\/ae01.alicdn.com\/kf\/S0ec922e85a784cbe836d0c0358c3d154o.jpg\" \/><img decoding=\"async\" src=\"https:\/\/ae01.alicdn.com\/kf\/S137c557e75494bafba9d6dad238488c2o.jpg\" \/><img decoding=\"async\" src=\"https:\/\/ae01.alicdn.com\/kf\/S79e59b52ee59479ea17b3eb74378617cb.jpg\" \/><img decoding=\"async\" src=\"https:\/\/ae01.alicdn.com\/kf\/S2bf7ba15f51c4f2899f27db7448ae482o.jpg\" \/><\/p>\n","protected":false},"excerpt":{"rendered":"<p>2L mlyn\u010dek na m\u00e4so elektrick\u00fd 220V mix\u00e9r z nerezovej ocele mix\u00e9r na kr\u00e1janie zeleniny pre kuchynsk\u00e9 dom\u00e1ce kuchynsk\u00e9 roboty<\/p>\n","protected":false},"featured_media":32894,"template":"","meta":[],"product_cat":[],"product_tag":[],"class_list":{"0":"post-33035","1":"product","2":"type-product","3":"status-publish","4":"has-post-thumbnail","7":"first","8":"outofstock","9":"sale","10":"shipping-taxable","11":"purchasable","12":"product-type-simple"},"yoast_head":"<!-- This site is optimized with the Yoast SEO plugin v24.2 - https:\/\/yoast.com\/wordpress\/plugins\/seo\/ -->\n<title>Elektrick\u00fd nerezov\u00fd kuchynsk\u00fd mix\u00e9r 2L - Origon EU<\/title>\n<meta name=\"robots\" content=\"index, follow, max-snippet:-1, max-image-preview:large, max-video-preview:-1\" \/>\n<link rel=\"canonical\" href=\"https:\/\/origon-eu.com\/sk\/product\/electric-stainless-steel-food-processors-mixer-2l\/\" \/>\n<meta property=\"og:locale\" content=\"sk_SK\" \/>\n<meta property=\"og:type\" content=\"article\" \/>\n<meta property=\"og:title\" content=\"Elektrick\u00fd nerezov\u00fd kuchynsk\u00fd mix\u00e9r 2L - Origon EU\" \/>\n<meta property=\"og:description\" content=\"2L mlyn\u010dek na m\u00e4so elektrick\u00fd 220V mix\u00e9r z nerezovej ocele mix\u00e9r na kr\u00e1janie zeleniny pre kuchynsk\u00e9 dom\u00e1ce kuchynsk\u00e9 roboty\" \/>\n<meta property=\"og:url\" content=\"https:\/\/origon-eu.com\/sk\/product\/electric-stainless-steel-food-processors-mixer-2l\/\" \/>\n<meta property=\"og:site_name\" content=\"Origon EU\" \/>\n<meta property=\"article:modified_time\" content=\"2025-02-10T13:18:10+00:00\" \/>\n<meta property=\"og:image\" content=\"https:\/\/origon-eu.com\/wp-content\/uploads\/2025\/01\/kf-Sbc5bbb81b9dd400b9437caabd41ca8d7Q.webp\" \/>\n\t<meta property=\"og:image:width\" content=\"1000\" \/>\n\t<meta property=\"og:image:height\" content=\"1000\" \/>\n\t<meta property=\"og:image:type\" content=\"image\/webp\" \/>\n<meta name=\"twitter:card\" content=\"summary_large_image\" \/>\n<meta name=\"twitter:label1\" content=\"Predpokladan\u00fd \u010das \u010d\u00edtania\" \/>\n\t<meta name=\"twitter:data1\" content=\"5 min\u00fat\" \/>\n<script type=\"application\/ld+json\" class=\"yoast-schema-graph\">{\"@context\":\"https:\/\/schema.org\",\"@graph\":[{\"@type\":\"WebPage\",\"@id\":\"https:\/\/origon-eu.com\/sk\/product\/electric-stainless-steel-food-processors-mixer-2l\/\",\"url\":\"https:\/\/origon-eu.com\/sk\/product\/electric-stainless-steel-food-processors-mixer-2l\/\",\"name\":\"Elektrick\u00fd nerezov\u00fd kuchynsk\u00fd mix\u00e9r 2L - Origon EU\",\"isPartOf\":{\"@id\":\"https:\/\/origon-eu.com\/#website\"},\"primaryImageOfPage\":{\"@id\":\"https:\/\/origon-eu.com\/sk\/product\/electric-stainless-steel-food-processors-mixer-2l\/#primaryimage\"},\"image\":{\"@id\":\"https:\/\/origon-eu.com\/sk\/product\/electric-stainless-steel-food-processors-mixer-2l\/#primaryimage\"},\"thumbnailUrl\":\"https:\/\/origon-eu.com\/wp-content\/uploads\/2025\/01\/kf-Sbc5bbb81b9dd400b9437caabd41ca8d7Q.webp\",\"datePublished\":\"2025-01-09T20:19:01+00:00\",\"dateModified\":\"2025-02-10T13:18:10+00:00\",\"breadcrumb\":{\"@id\":\"https:\/\/origon-eu.com\/sk\/product\/electric-stainless-steel-food-processors-mixer-2l\/#breadcrumb\"},\"inLanguage\":\"sk-SK\",\"potentialAction\":[{\"@type\":\"ReadAction\",\"target\":[\"https:\/\/origon-eu.com\/sk\/product\/electric-stainless-steel-food-processors-mixer-2l\/\"]}]},{\"@type\":\"ImageObject\",\"inLanguage\":\"sk-SK\",\"@id\":\"https:\/\/origon-eu.com\/sk\/product\/electric-stainless-steel-food-processors-mixer-2l\/#primaryimage\",\"url\":\"https:\/\/origon-eu.com\/wp-content\/uploads\/2025\/01\/kf-Sbc5bbb81b9dd400b9437caabd41ca8d7Q.webp\",\"contentUrl\":\"https:\/\/origon-eu.com\/wp-content\/uploads\/2025\/01\/kf-Sbc5bbb81b9dd400b9437caabd41ca8d7Q.webp\",\"width\":1000,\"height\":1000},{\"@type\":\"BreadcrumbList\",\"@id\":\"https:\/\/origon-eu.com\/sk\/product\/electric-stainless-steel-food-processors-mixer-2l\/#breadcrumb\",\"itemListElement\":[{\"@type\":\"ListItem\",\"position\":1,\"name\":\"Home\",\"item\":\"https:\/\/origon-eu.com\/\"},{\"@type\":\"ListItem\",\"position\":2,\"name\":\"Shop\",\"item\":\"https:\/\/origon-eu.com\/sk\/shop-2\/\"},{\"@type\":\"ListItem\",\"position\":3,\"name\":\"Elektrick\u00fd nerezov\u00fd kuchynsk\u00fd mix\u00e9r 2L\"}]},{\"@type\":\"WebSite\",\"@id\":\"https:\/\/origon-eu.com\/#website\",\"url\":\"https:\/\/origon-eu.com\/\",\"name\":\"Origon EU\",\"description\":\"Online Store\",\"publisher\":{\"@id\":\"https:\/\/origon-eu.com\/#organization\"},\"potentialAction\":[{\"@type\":\"SearchAction\",\"target\":{\"@type\":\"EntryPoint\",\"urlTemplate\":\"https:\/\/origon-eu.com\/?s={search_term_string}\"},\"query-input\":{\"@type\":\"PropertyValueSpecification\",\"valueRequired\":true,\"valueName\":\"search_term_string\"}}],\"inLanguage\":\"sk-SK\"},{\"@type\":\"Organization\",\"@id\":\"https:\/\/origon-eu.com\/#organization\",\"name\":\"Origon EU\",\"url\":\"https:\/\/origon-eu.com\/\",\"logo\":{\"@type\":\"ImageObject\",\"inLanguage\":\"sk-SK\",\"@id\":\"https:\/\/origon-eu.com\/#\/schema\/logo\/image\/\",\"url\":\"https:\/\/origon-eu.com\/wp-content\/uploads\/2024\/04\/Screenshot-2024-04-09-101814.png\",\"contentUrl\":\"https:\/\/origon-eu.com\/wp-content\/uploads\/2024\/04\/Screenshot-2024-04-09-101814.png\",\"width\":171,\"height\":59,\"caption\":\"Origon EU\"},\"image\":{\"@id\":\"https:\/\/origon-eu.com\/#\/schema\/logo\/image\/\"}}]}<\/script>\n<!-- \/ Yoast SEO plugin. -->","yoast_head_json":{"title":"Elektrick\u00fd nerezov\u00fd kuchynsk\u00fd mix\u00e9r 2L - Origon EU","robots":{"index":"index","follow":"follow","max-snippet":"max-snippet:-1","max-image-preview":"max-image-preview:large","max-video-preview":"max-video-preview:-1"},"canonical":"https:\/\/origon-eu.com\/sk\/product\/electric-stainless-steel-food-processors-mixer-2l\/","og_locale":"sk_SK","og_type":"article","og_title":"Elektrick\u00fd nerezov\u00fd kuchynsk\u00fd mix\u00e9r 2L - Origon EU","og_description":"2L mlyn\u010dek na m\u00e4so elektrick\u00fd 220V mix\u00e9r z nerezovej ocele mix\u00e9r na kr\u00e1janie zeleniny pre kuchynsk\u00e9 dom\u00e1ce kuchynsk\u00e9 roboty","og_url":"https:\/\/origon-eu.com\/sk\/product\/electric-stainless-steel-food-processors-mixer-2l\/","og_site_name":"Origon EU","article_modified_time":"2025-02-10T13:18:10+00:00","og_image":[{"width":1000,"height":1000,"url":"https:\/\/origon-eu.com\/wp-content\/uploads\/2025\/01\/kf-Sbc5bbb81b9dd400b9437caabd41ca8d7Q.webp","type":"image\/webp"}],"twitter_card":"summary_large_image","twitter_misc":{"Predpokladan\u00fd \u010das \u010d\u00edtania":"5 min\u00fat"},"schema":{"@context":"https:\/\/schema.org","@graph":[{"@type":"WebPage","@id":"https:\/\/origon-eu.com\/sk\/product\/electric-stainless-steel-food-processors-mixer-2l\/","url":"https:\/\/origon-eu.com\/sk\/product\/electric-stainless-steel-food-processors-mixer-2l\/","name":"Elektrick\u00fd nerezov\u00fd kuchynsk\u00fd mix\u00e9r 2L - Origon EU","isPartOf":{"@id":"https:\/\/origon-eu.com\/#website"},"primaryImageOfPage":{"@id":"https:\/\/origon-eu.com\/sk\/product\/electric-stainless-steel-food-processors-mixer-2l\/#primaryimage"},"image":{"@id":"https:\/\/origon-eu.com\/sk\/product\/electric-stainless-steel-food-processors-mixer-2l\/#primaryimage"},"thumbnailUrl":"https:\/\/origon-eu.com\/wp-content\/uploads\/2025\/01\/kf-Sbc5bbb81b9dd400b9437caabd41ca8d7Q.webp","datePublished":"2025-01-09T20:19:01+00:00","dateModified":"2025-02-10T13:18:10+00:00","breadcrumb":{"@id":"https:\/\/origon-eu.com\/sk\/product\/electric-stainless-steel-food-processors-mixer-2l\/#breadcrumb"},"inLanguage":"sk-SK","potentialAction":[{"@type":"ReadAction","target":["https:\/\/origon-eu.com\/sk\/product\/electric-stainless-steel-food-processors-mixer-2l\/"]}]},{"@type":"ImageObject","inLanguage":"sk-SK","@id":"https:\/\/origon-eu.com\/sk\/product\/electric-stainless-steel-food-processors-mixer-2l\/#primaryimage","url":"https:\/\/origon-eu.com\/wp-content\/uploads\/2025\/01\/kf-Sbc5bbb81b9dd400b9437caabd41ca8d7Q.webp","contentUrl":"https:\/\/origon-eu.com\/wp-content\/uploads\/2025\/01\/kf-Sbc5bbb81b9dd400b9437caabd41ca8d7Q.webp","width":1000,"height":1000},{"@type":"BreadcrumbList","@id":"https:\/\/origon-eu.com\/sk\/product\/electric-stainless-steel-food-processors-mixer-2l\/#breadcrumb","itemListElement":[{"@type":"ListItem","position":1,"name":"Home","item":"https:\/\/origon-eu.com\/"},{"@type":"ListItem","position":2,"name":"Shop","item":"https:\/\/origon-eu.com\/sk\/shop-2\/"},{"@type":"ListItem","position":3,"name":"Elektrick\u00fd nerezov\u00fd kuchynsk\u00fd mix\u00e9r 2L"}]},{"@type":"WebSite","@id":"https:\/\/origon-eu.com\/#website","url":"https:\/\/origon-eu.com\/","name":"Origon EU","description":"Online Store","publisher":{"@id":"https:\/\/origon-eu.com\/#organization"},"potentialAction":[{"@type":"SearchAction","target":{"@type":"EntryPoint","urlTemplate":"https:\/\/origon-eu.com\/?s={search_term_string}"},"query-input":{"@type":"PropertyValueSpecification","valueRequired":true,"valueName":"search_term_string"}}],"inLanguage":"sk-SK"},{"@type":"Organization","@id":"https:\/\/origon-eu.com\/#organization","name":"Origon EU","url":"https:\/\/origon-eu.com\/","logo":{"@type":"ImageObject","inLanguage":"sk-SK","@id":"https:\/\/origon-eu.com\/#\/schema\/logo\/image\/","url":"https:\/\/origon-eu.com\/wp-content\/uploads\/2024\/04\/Screenshot-2024-04-09-101814.png","contentUrl":"https:\/\/origon-eu.com\/wp-content\/uploads\/2024\/04\/Screenshot-2024-04-09-101814.png","width":171,"height":59,"caption":"Origon EU"},"image":{"@id":"https:\/\/origon-eu.com\/#\/schema\/logo\/image\/"}}]}},"tiered_pricing_type":"fixed","tiered_pricing_fixed_rules":[],"tiered_pricing_percentage_rules":[],"tiered_pricing_minimum":1,"tiered_pricing_roles_data":[],"_links":{"self":[{"href":"https:\/\/origon-eu.com\/sk\/wp-json\/wp\/v2\/product\/33035","targetHints":{"allow":["GET"]}}],"collection":[{"href":"https:\/\/origon-eu.com\/sk\/wp-json\/wp\/v2\/product"}],"about":[{"href":"https:\/\/origon-eu.com\/sk\/wp-json\/wp\/v2\/types\/product"}],"version-history":[{"count":1,"href":"https:\/\/origon-eu.com\/sk\/wp-json\/wp\/v2\/product\/33035\/revisions"}],"predecessor-version":[{"id":33036,"href":"https:\/\/origon-eu.com\/sk\/wp-json\/wp\/v2\/product\/33035\/revisions\/33036"}],"wp:featuredmedia":[{"embeddable":true,"href":"https:\/\/origon-eu.com\/sk\/wp-json\/wp\/v2\/media\/32894"}],"wp:attachment":[{"href":"https:\/\/origon-eu.com\/sk\/wp-json\/wp\/v2\/media?parent=33035"}],"wp:term":[{"taxonomy":"product_cat","embeddable":true,"href":"https:\/\/origon-eu.com\/sk\/wp-json\/wp\/v2\/product_cat?post=33035"},{"taxonomy":"product_tag","embeddable":true,"href":"https:\/\/origon-eu.com\/sk\/wp-json\/wp\/v2\/product_tag?post=33035"}],"curies":[{"name":"wp","href":"https:\/\/api.w.org\/{rel}","templated":true}]}}