{"id":32873,"date":"2025-01-09T12:36:38","date_gmt":"2025-01-09T10:36:38","guid":{"rendered":"https:\/\/origon-eu.com\/product\/wireless-portable-speaker\/"},"modified":"2025-03-12T19:14:25","modified_gmt":"2025-03-12T17:14:25","slug":"wireless-portable-speaker","status":"publish","type":"product","link":"https:\/\/origon-eu.com\/sk\/product\/wireless-portable-speaker\/","title":{"rendered":"Bezdr\u00f4tov\u00fd prenosn\u00fd reproduktor"},"content":{"rendered":"<p>Sada obsahuje:<br \/>\n1 ks. Nab\u00edjate\u013en\u00fd karaoke st\u013ap<br \/>\n1 ks. K\u00e1blov\u00fd mikrof\u00f3n<br \/>\n1 ks. Nap\u00e1jac\u00ed k\u00e1bel pre karaoke syst\u00e9m \u2013 220V<br \/>\n1 ks. Dia\u013ekov\u00e9 ovl\u00e1danie.<br \/>\nTechnick\u00e9 vlastnosti:<br \/>\nV\u00fdkon: 8 palcov\u00fd basov\u00fd reproduktor<br \/>\nHladina hluku: 85 dB<br \/>\nFrekvencia: 100Hz \u2013 20kHz<br \/>\nNap\u00e1janie: 220V.<\/p>\n<p><a href=\"https:\/\/origon-eu.com\/wp-content\/uploads\/2025\/01\/0084277_kts-1175-bluetooth-wireless-portable-speaker.png\"><img decoding=\"async\" class=\"alignnone size-full wp -image-32672\" src=\"https:\/\/origon-eu.com\/wp-content\/uploads\/2025\/01\/0084277_kts-1175-bluetooth-wireless-portable-speaker.png\" alt=\"\" width=\"700\" height=\"700 \" \/><\/a><a href=\"https:\/\/origon-eu.com\/wp-content\/uploads\/2025\/01\/prenosima-karaoke-tonkolona-kts-1175-8-s-mikrofon-30848.webp\"><img decoding=\"async\" class=\"alignnone size-full wp-image-32684\" src=\"https:\/\/origon-eu.com\/wp-content\/uploads\/2025\/01\/prenosima-karaoke-tonkolona-kts-1175-8-s-mikrofon-30848.webp\" alt=\"\" width=\" 800\" height=\"600\" srcset=\"https:\/\/origon-eu.com\/wp-content\/uploads\/2025\/01\/prenosima-karaoke-tonkolona-kts-1175-8-s-mikrofon-30848.webp 800w, https:\/\/origon-eu.com\/wp-content\/uploads\/2025\/01\/prenosima-karaoke-tonkolona-kts-1175-8-s-mikrofon-30848-300x225.webp 300w, https:\/\/origon-eu.com\/wp-content\/uploads\/2025\/01\/prenosima-karaoke-tonkolona-kts-1175-8-s-mikrofon-30848-768x576.webp 768w, https:\/\/origon-eu.com\/wp-content\/uploads\/2025\/01\/prenosima-karaoke-tonkolona-kts-1175-8-s-mikrofon-30848-600x450.webp 600w, https:\/\/origon-eu.com\/wp-content\/uploads\/2025\/01\/prenosima-karaoke-tonkolona-kts-1175-8-s-mikrofon-30848-150x113.webp 150w\" sizes=\"(max-width: 800px) 100vw, 800px\" \/><\/a><a href=\"https:\/\/origon-eu.com\/wp-content\/uploads\/2025\/01\/prenosima-karaoke-tonkolona-kts-1175-8-s-mikrofon-30847.webp\"><img decoding=\"async\" class=\"alignnone size-full wp-image-32694\" src=\"https:\/\/origon-eu.com\/wp-content\/uploads\/2025\/01\/prenosima-karaoke-tonkolona-kts-1175-8-s-mikrofon-30847.webp\" alt=\"\" width=\" 800\" height=\"600\" srcset=\"https:\/\/origon-eu.com\/wp-content\/uploads\/2025\/01\/prenosima-karaoke-tonkolona-kts-1175-8-s-mikrofon-30847.webp 800w, https:\/\/origon-eu.com\/wp-content\/uploads\/2025\/01\/prenosima-karaoke-tonkolona-kts-1175-8-s-mikrofon-30847-300x225.webp 300w, https:\/\/origon-eu.com\/wp-content\/uploads\/2025\/01\/prenosima-karaoke-tonkolona-kts-1175-8-s-mikrofon-30847-768x576.webp 768w, https:\/\/origon-eu.com\/wp-content\/uploads\/2025\/01\/prenosima-karaoke-tonkolona-kts-1175-8-s-mikrofon-30847-600x450.webp 600w, https:\/\/origon-eu.com\/wp-content\/uploads\/2025\/01\/prenosima-karaoke-tonkolona-kts-1175-8-s-mikrofon-30847-150x113.webp 150w\" sizes=\"(max-width: 800px) 100vw, 800px\" \/><\/a><\/p>\n<p>\u0161pecifik\u00e1cia:<br \/>\nKaraoke reproduktor s nab\u00edjate\u013enou bat\u00e9riou (nab\u00edja sa z 220V)<br \/>\nCOLOR MUSIC \u2013 vstavan\u00e9 sveteln\u00e9 efekty, s tla\u010didlom zapnutia\/vypnutia<br \/>\nFunkcia BLUETOOTH \u2013 sp\u00e1rovanie reproduktora s GSM, po\u010d\u00edta\u010dom, notebookom a bezdr\u00f4tov\u00e9 po\u010d\u00favanie ob\u013e\u00fabenej hudby \u2013 viac ako 10 metrov<br \/>\nFM tuner \u2013 R\u00c1DIO<br \/>\nDia\u013ekov\u00e9 ovl\u00e1danie (s\u00fa\u010das\u0165 balenia)<br \/>\nMo\u017enos\u0165 samostatn\u00e9ho pou\u017eitia bez pripojenia k po\u010d\u00edta\u010du cez:<br \/>\nSlot pre pam\u00e4\u0165ov\u00e9 karty SD\/MMC\/MMS<br \/>\nSlot pre USB flash disk<br \/>\nAUX vstup z extern\u00e9ho zariadenia (po\u010d\u00edta\u010d, GSM, Ipod, PSP)<br \/>\nLED DISPLEJ<br \/>\nVstup pre 1 mikrof\u00f3n<br \/>\nK\u00e1blov\u00fd mikrof\u00f3n 1 kus \u2013 s\u00fa\u010das\u0165ou balenia<br \/>\nPohodln\u00e1 v\u00fdsuvn\u00e1 rukov\u00e4\u0165 \u2013 pre \u013eahk\u00e9 pren\u00e1\u0161anie reproduktora<br \/>\nRozmery: \u0161\/v\/h \u2013 24 \/ 36,5 \/ 20 cm<\/p>\n","protected":false},"excerpt":{"rendered":"<ul>\n<li>Karaoke reproduktor s nab\u00edjate\u013enou bat\u00e9riou (nab\u00edjanou z 220 V)<\/li>\n<li>COLOR MUSIC \u2013 vstavan\u00e9 sveteln\u00e9 efekty s tla\u010didlom zapnutia\/vypnutia<\/li>\n<li>Funkcia BLUETOOTH \u2013 sp\u00e1rovanie reproduktora s GSM, po\u010d\u00edta\u010dom, notebookom a bezdr\u00f4tov\u00e9 po\u010d\u00favanie ob\u013e\u00fabenej hudby \u2013 viac ako 10 metrov<\/li>\n<li>FM tuner \u2013 R\u00c1DIO<\/li>\n<li>Dia\u013ekov\u00e9 ovl\u00e1danie (je s\u00fa\u010das\u0165ou s\u00fapravy)<\/li>\n<li>Mo\u017enos\u0165 samostatn\u00e9ho pou\u017e\u00edvania bez pripojenia k po\u010d\u00edta\u010du prostredn\u00edctvom:<\/li>\n<li>Z\u00e1suvka na pam\u00e4\u0165ov\u00fa kartu SD\/MMC\/MMS<\/li>\n<li>Slot pre USB flash disk<\/li>\n<li>Vstup AUX z extern\u00e9ho zariadenia (po\u010d\u00edta\u010d, GSM, Ipod, PSP)<\/li>\n<li>LED DISPLEJ<\/li>\n<li>Vstup pre 1 mikrof\u00f3n<\/li>\n<li>K\u00e1blov\u00fd mikrof\u00f3n 1 kus \u2013 s\u00fa\u010das\u0165ou s\u00fapravy<\/li>\n<\/ul>\n","protected":false},"featured_media":32680,"template":"","meta":[],"product_cat":[213],"product_tag":[],"class_list":{"0":"post-32873","1":"product","2":"type-product","3":"status-publish","4":"has-post-thumbnail","6":"product_cat-elektronika-sk","8":"first","9":"instock","10":"sale","11":"shipping-taxable","12":"purchasable","13":"product-type-simple"},"yoast_head":"<!-- This site is optimized with the Yoast SEO plugin v24.2 - https:\/\/yoast.com\/wordpress\/plugins\/seo\/ -->\n<title>Bezdr\u00f4tov\u00fd prenosn\u00fd reproduktor - Origon EU<\/title>\n<meta name=\"robots\" content=\"index, follow, max-snippet:-1, max-image-preview:large, max-video-preview:-1\" \/>\n<link rel=\"canonical\" href=\"https:\/\/origon-eu.com\/sk\/product\/wireless-portable-speaker\/\" \/>\n<meta property=\"og:locale\" content=\"sk_SK\" \/>\n<meta property=\"og:type\" content=\"article\" \/>\n<meta property=\"og:title\" content=\"Bezdr\u00f4tov\u00fd prenosn\u00fd reproduktor - Origon EU\" \/>\n<meta property=\"og:description\" content=\"Karaoke reproduktor s nab\u00edjate\u013enou bat\u00e9riou (nab\u00edjanou z 220 V)  COLOR MUSIC \u2013 vstavan\u00e9 sveteln\u00e9 efekty s tla\u010didlom zapnutia\/vypnutia  Funkcia BLUETOOTH \u2013 sp\u00e1rovanie reproduktora s GSM, po\u010d\u00edta\u010dom, notebookom a bezdr\u00f4tov\u00e9 po\u010d\u00favanie ob\u013e\u00fabenej hudby \u2013 viac ako 10 metrov  FM tuner \u2013 R\u00c1DIO  Dia\u013ekov\u00e9 ovl\u00e1danie (je s\u00fa\u010das\u0165ou s\u00fapravy)  Mo\u017enos\u0165 samostatn\u00e9ho pou\u017e\u00edvania bez pripojenia k po\u010d\u00edta\u010du prostredn\u00edctvom:  Z\u00e1suvka na pam\u00e4\u0165ov\u00fa kartu SD\/MMC\/MMS  Slot pre USB flash disk  Vstup AUX z extern\u00e9ho zariadenia (po\u010d\u00edta\u010d, GSM, Ipod, PSP)  LED DISPLEJ  Vstup pre 1 mikrof\u00f3n  K\u00e1blov\u00fd mikrof\u00f3n 1 kus \u2013 s\u00fa\u010das\u0165ou s\u00fapravy\" \/>\n<meta property=\"og:url\" content=\"https:\/\/origon-eu.com\/sk\/product\/wireless-portable-speaker\/\" \/>\n<meta property=\"og:site_name\" content=\"Origon EU\" \/>\n<meta property=\"article:modified_time\" content=\"2025-03-12T17:14:25+00:00\" \/>\n<meta property=\"og:image\" content=\"https:\/\/origon-eu.com\/wp-content\/uploads\/2025\/01\/0084277_kts-1175-bluetooth-wireless-portable-speaker.png\" \/>\n\t<meta property=\"og:image:width\" content=\"700\" \/>\n\t<meta property=\"og:image:height\" content=\"700\" \/>\n\t<meta property=\"og:image:type\" content=\"image\/png\" \/>\n<meta name=\"twitter:card\" content=\"summary_large_image\" \/>\n<meta name=\"twitter:label1\" content=\"Predpokladan\u00fd \u010das \u010d\u00edtania\" \/>\n\t<meta name=\"twitter:data1\" content=\"2 min\u00faty\" \/>\n<script type=\"application\/ld+json\" class=\"yoast-schema-graph\">{\"@context\":\"https:\/\/schema.org\",\"@graph\":[{\"@type\":\"WebPage\",\"@id\":\"https:\/\/origon-eu.com\/sk\/product\/wireless-portable-speaker\/\",\"url\":\"https:\/\/origon-eu.com\/sk\/product\/wireless-portable-speaker\/\",\"name\":\"Bezdr\u00f4tov\u00fd prenosn\u00fd reproduktor - Origon EU\",\"isPartOf\":{\"@id\":\"https:\/\/origon-eu.com\/#website\"},\"primaryImageOfPage\":{\"@id\":\"https:\/\/origon-eu.com\/sk\/product\/wireless-portable-speaker\/#primaryimage\"},\"image\":{\"@id\":\"https:\/\/origon-eu.com\/sk\/product\/wireless-portable-speaker\/#primaryimage\"},\"thumbnailUrl\":\"https:\/\/origon-eu.com\/wp-content\/uploads\/2025\/01\/0084277_kts-1175-bluetooth-wireless-portable-speaker.png\",\"datePublished\":\"2025-01-09T10:36:38+00:00\",\"dateModified\":\"2025-03-12T17:14:25+00:00\",\"breadcrumb\":{\"@id\":\"https:\/\/origon-eu.com\/sk\/product\/wireless-portable-speaker\/#breadcrumb\"},\"inLanguage\":\"sk-SK\",\"potentialAction\":[{\"@type\":\"ReadAction\",\"target\":[\"https:\/\/origon-eu.com\/sk\/product\/wireless-portable-speaker\/\"]}]},{\"@type\":\"ImageObject\",\"inLanguage\":\"sk-SK\",\"@id\":\"https:\/\/origon-eu.com\/sk\/product\/wireless-portable-speaker\/#primaryimage\",\"url\":\"https:\/\/origon-eu.com\/wp-content\/uploads\/2025\/01\/0084277_kts-1175-bluetooth-wireless-portable-speaker.png\",\"contentUrl\":\"https:\/\/origon-eu.com\/wp-content\/uploads\/2025\/01\/0084277_kts-1175-bluetooth-wireless-portable-speaker.png\",\"width\":700,\"height\":700},{\"@type\":\"BreadcrumbList\",\"@id\":\"https:\/\/origon-eu.com\/sk\/product\/wireless-portable-speaker\/#breadcrumb\",\"itemListElement\":[{\"@type\":\"ListItem\",\"position\":1,\"name\":\"Home\",\"item\":\"https:\/\/origon-eu.com\/\"},{\"@type\":\"ListItem\",\"position\":2,\"name\":\"Shop\",\"item\":\"https:\/\/origon-eu.com\/sk\/shop-2\/\"},{\"@type\":\"ListItem\",\"position\":3,\"name\":\"Bezdr\u00f4tov\u00fd prenosn\u00fd reproduktor\"}]},{\"@type\":\"WebSite\",\"@id\":\"https:\/\/origon-eu.com\/#website\",\"url\":\"https:\/\/origon-eu.com\/\",\"name\":\"Origon EU\",\"description\":\"Online Store\",\"publisher\":{\"@id\":\"https:\/\/origon-eu.com\/#organization\"},\"potentialAction\":[{\"@type\":\"SearchAction\",\"target\":{\"@type\":\"EntryPoint\",\"urlTemplate\":\"https:\/\/origon-eu.com\/?s={search_term_string}\"},\"query-input\":{\"@type\":\"PropertyValueSpecification\",\"valueRequired\":true,\"valueName\":\"search_term_string\"}}],\"inLanguage\":\"sk-SK\"},{\"@type\":\"Organization\",\"@id\":\"https:\/\/origon-eu.com\/#organization\",\"name\":\"Origon EU\",\"url\":\"https:\/\/origon-eu.com\/\",\"logo\":{\"@type\":\"ImageObject\",\"inLanguage\":\"sk-SK\",\"@id\":\"https:\/\/origon-eu.com\/#\/schema\/logo\/image\/\",\"url\":\"https:\/\/origon-eu.com\/wp-content\/uploads\/2024\/04\/Screenshot-2024-04-09-101814.png\",\"contentUrl\":\"https:\/\/origon-eu.com\/wp-content\/uploads\/2024\/04\/Screenshot-2024-04-09-101814.png\",\"width\":171,\"height\":59,\"caption\":\"Origon EU\"},\"image\":{\"@id\":\"https:\/\/origon-eu.com\/#\/schema\/logo\/image\/\"}}]}<\/script>\n<!-- \/ Yoast SEO plugin. -->","yoast_head_json":{"title":"Bezdr\u00f4tov\u00fd prenosn\u00fd reproduktor - Origon EU","robots":{"index":"index","follow":"follow","max-snippet":"max-snippet:-1","max-image-preview":"max-image-preview:large","max-video-preview":"max-video-preview:-1"},"canonical":"https:\/\/origon-eu.com\/sk\/product\/wireless-portable-speaker\/","og_locale":"sk_SK","og_type":"article","og_title":"Bezdr\u00f4tov\u00fd prenosn\u00fd reproduktor - Origon EU","og_description":"Karaoke reproduktor s nab\u00edjate\u013enou bat\u00e9riou (nab\u00edjanou z 220 V)  COLOR MUSIC \u2013 vstavan\u00e9 sveteln\u00e9 efekty s tla\u010didlom zapnutia\/vypnutia  Funkcia BLUETOOTH \u2013 sp\u00e1rovanie reproduktora s GSM, po\u010d\u00edta\u010dom, notebookom a bezdr\u00f4tov\u00e9 po\u010d\u00favanie ob\u013e\u00fabenej hudby \u2013 viac ako 10 metrov  FM tuner \u2013 R\u00c1DIO  Dia\u013ekov\u00e9 ovl\u00e1danie (je s\u00fa\u010das\u0165ou s\u00fapravy)  Mo\u017enos\u0165 samostatn\u00e9ho pou\u017e\u00edvania bez pripojenia k po\u010d\u00edta\u010du prostredn\u00edctvom:  Z\u00e1suvka na pam\u00e4\u0165ov\u00fa kartu SD\/MMC\/MMS  Slot pre USB flash disk  Vstup AUX z extern\u00e9ho zariadenia (po\u010d\u00edta\u010d, GSM, Ipod, PSP)  LED DISPLEJ  Vstup pre 1 mikrof\u00f3n  K\u00e1blov\u00fd mikrof\u00f3n 1 kus \u2013 s\u00fa\u010das\u0165ou s\u00fapravy","og_url":"https:\/\/origon-eu.com\/sk\/product\/wireless-portable-speaker\/","og_site_name":"Origon EU","article_modified_time":"2025-03-12T17:14:25+00:00","og_image":[{"width":700,"height":700,"url":"https:\/\/origon-eu.com\/wp-content\/uploads\/2025\/01\/0084277_kts-1175-bluetooth-wireless-portable-speaker.png","type":"image\/png"}],"twitter_card":"summary_large_image","twitter_misc":{"Predpokladan\u00fd \u010das \u010d\u00edtania":"2 min\u00faty"},"schema":{"@context":"https:\/\/schema.org","@graph":[{"@type":"WebPage","@id":"https:\/\/origon-eu.com\/sk\/product\/wireless-portable-speaker\/","url":"https:\/\/origon-eu.com\/sk\/product\/wireless-portable-speaker\/","name":"Bezdr\u00f4tov\u00fd prenosn\u00fd reproduktor - Origon EU","isPartOf":{"@id":"https:\/\/origon-eu.com\/#website"},"primaryImageOfPage":{"@id":"https:\/\/origon-eu.com\/sk\/product\/wireless-portable-speaker\/#primaryimage"},"image":{"@id":"https:\/\/origon-eu.com\/sk\/product\/wireless-portable-speaker\/#primaryimage"},"thumbnailUrl":"https:\/\/origon-eu.com\/wp-content\/uploads\/2025\/01\/0084277_kts-1175-bluetooth-wireless-portable-speaker.png","datePublished":"2025-01-09T10:36:38+00:00","dateModified":"2025-03-12T17:14:25+00:00","breadcrumb":{"@id":"https:\/\/origon-eu.com\/sk\/product\/wireless-portable-speaker\/#breadcrumb"},"inLanguage":"sk-SK","potentialAction":[{"@type":"ReadAction","target":["https:\/\/origon-eu.com\/sk\/product\/wireless-portable-speaker\/"]}]},{"@type":"ImageObject","inLanguage":"sk-SK","@id":"https:\/\/origon-eu.com\/sk\/product\/wireless-portable-speaker\/#primaryimage","url":"https:\/\/origon-eu.com\/wp-content\/uploads\/2025\/01\/0084277_kts-1175-bluetooth-wireless-portable-speaker.png","contentUrl":"https:\/\/origon-eu.com\/wp-content\/uploads\/2025\/01\/0084277_kts-1175-bluetooth-wireless-portable-speaker.png","width":700,"height":700},{"@type":"BreadcrumbList","@id":"https:\/\/origon-eu.com\/sk\/product\/wireless-portable-speaker\/#breadcrumb","itemListElement":[{"@type":"ListItem","position":1,"name":"Home","item":"https:\/\/origon-eu.com\/"},{"@type":"ListItem","position":2,"name":"Shop","item":"https:\/\/origon-eu.com\/sk\/shop-2\/"},{"@type":"ListItem","position":3,"name":"Bezdr\u00f4tov\u00fd prenosn\u00fd reproduktor"}]},{"@type":"WebSite","@id":"https:\/\/origon-eu.com\/#website","url":"https:\/\/origon-eu.com\/","name":"Origon EU","description":"Online Store","publisher":{"@id":"https:\/\/origon-eu.com\/#organization"},"potentialAction":[{"@type":"SearchAction","target":{"@type":"EntryPoint","urlTemplate":"https:\/\/origon-eu.com\/?s={search_term_string}"},"query-input":{"@type":"PropertyValueSpecification","valueRequired":true,"valueName":"search_term_string"}}],"inLanguage":"sk-SK"},{"@type":"Organization","@id":"https:\/\/origon-eu.com\/#organization","name":"Origon EU","url":"https:\/\/origon-eu.com\/","logo":{"@type":"ImageObject","inLanguage":"sk-SK","@id":"https:\/\/origon-eu.com\/#\/schema\/logo\/image\/","url":"https:\/\/origon-eu.com\/wp-content\/uploads\/2024\/04\/Screenshot-2024-04-09-101814.png","contentUrl":"https:\/\/origon-eu.com\/wp-content\/uploads\/2024\/04\/Screenshot-2024-04-09-101814.png","width":171,"height":59,"caption":"Origon EU"},"image":{"@id":"https:\/\/origon-eu.com\/#\/schema\/logo\/image\/"}}]}},"tiered_pricing_type":"fixed","tiered_pricing_fixed_rules":[],"tiered_pricing_percentage_rules":[],"tiered_pricing_minimum":1,"tiered_pricing_roles_data":[],"_links":{"self":[{"href":"https:\/\/origon-eu.com\/sk\/wp-json\/wp\/v2\/product\/32873","targetHints":{"allow":["GET"]}}],"collection":[{"href":"https:\/\/origon-eu.com\/sk\/wp-json\/wp\/v2\/product"}],"about":[{"href":"https:\/\/origon-eu.com\/sk\/wp-json\/wp\/v2\/types\/product"}],"version-history":[{"count":1,"href":"https:\/\/origon-eu.com\/sk\/wp-json\/wp\/v2\/product\/32873\/revisions"}],"predecessor-version":[{"id":32874,"href":"https:\/\/origon-eu.com\/sk\/wp-json\/wp\/v2\/product\/32873\/revisions\/32874"}],"wp:featuredmedia":[{"embeddable":true,"href":"https:\/\/origon-eu.com\/sk\/wp-json\/wp\/v2\/media\/32680"}],"wp:attachment":[{"href":"https:\/\/origon-eu.com\/sk\/wp-json\/wp\/v2\/media?parent=32873"}],"wp:term":[{"taxonomy":"product_cat","embeddable":true,"href":"https:\/\/origon-eu.com\/sk\/wp-json\/wp\/v2\/product_cat?post=32873"},{"taxonomy":"product_tag","embeddable":true,"href":"https:\/\/origon-eu.com\/sk\/wp-json\/wp\/v2\/product_tag?post=32873"}],"curies":[{"name":"wp","href":"https:\/\/api.w.org\/{rel}","templated":true}]}}