{"id":32638,"date":"2025-01-08T16:41:50","date_gmt":"2025-01-08T14:41:50","guid":{"rendered":"https:\/\/origon-eu.com\/product\/lever-espresso-coffee-machine\/"},"modified":"2025-01-09T12:16:58","modified_gmt":"2025-01-09T10:16:58","slug":"lever-espresso-coffee-machine","status":"publish","type":"product","link":"https:\/\/origon-eu.com\/sk\/product\/lever-espresso-coffee-machine\/","title":{"rendered":"Lever espresso coffee machine"},"content":{"rendered":"<p><strong>Kaviare\u0148 u v\u00e1s doma<\/strong><br \/>\nS k\u00e1vovarom Llever priprav\u00edte \u010doko\u013evek. A v\u010faka termoblokov\u00e9mu vykurovaciemu syst\u00e9mu nebudete musie\u0165 \u010daka\u0165 . Espresso bude ma\u0165 bohat\u00fa cremu a v\u00f4\u0148u v\u010faka kvalitnej talianskej pumpe s tlakom 20 barov. Pomocou parnej trysky m\u00f4\u017eete z mlieka vy\u0161\u013eaha\u0165 nad\u00fdchan\u00fa mikropenu.<\/p>\n<p>Ohrieva\u010d \u0161\u00e1lok nie je len rozmar, ale absol\u00fatna nevyhnutnos\u0165. K\u00e1va potrebuje nielen st\u00e1ly tlak, ale aj teplotu. A studen\u00fd hrn\u010dek dok\u00e1\u017ee vo v\u00fdslednej chuti poriadne zmeni\u0165.<a href=\"https:\/\/origon-eu.com\/wp-content\/uploads\/2025\/01\/kavovar1.webp\"><img fetchpriority=\"high\" decoding=\"async\" class=\"size -full wp-image-32427 aligncenter\" src=\"https:\/\/origon-eu.com\/wp-content\/uploads\/2025\/01\/kavovar1.webp\" alt=\"\" width=\"790\" height=\"530\" srcset=\"https:\/\/origon-eu.com\/wp-content\/uploads\/2025\/01\/kavovar1.webp 790w, https:\/\/origon-eu.com\/wp-content\/uploads\/2025\/01\/kavovar1-300x201.webp 300w, https:\/\/origon-eu.com\/wp-content\/uploads\/2025\/01\/kavovar1-768x515.webp 768w, https:\/\/origon-eu.com\/wp-content\/uploads\/2025\/01\/kavovar1-600x403.webp 600w, https:\/\/origon-eu.com\/wp-content\/uploads\/2025\/01\/kavovar1-150x101.webp 150w\" sizes=\"(max-width: 790px) 100vw, 790px\" \/><\/a><\/p>\n<h2>Vhod\u00ed sa aj do najmen\u0161ej kuchyne<\/h2>\n<p class=\"p1\">A v\u010faka\u00a0<strong>celokovov\u00e9mu dizajnu<\/strong>\u00a0bude tam vyzera\u0165 dobre. N\u00e1dr\u017eka na vodu m\u00e1 st\u00e1le\u00a0<strong>dostato\u010dn\u00fa kapacitu 1,4 litra<\/strong>\u00a0 \u2013 tak\u017ee ju nebudete musie\u0165 neust\u00e1le dop\u013a\u0148a\u0165.<\/p>\n<p class=\"p1\"><strong>Nerobte si starosti ani s \u010disten\u00edm<\/strong>\u00a0. P\u00e1\u010dku, sitko a odkvapk\u00e1vaciu misku jednoducho opl\u00e1chnete. Vonkaj\u0161ia parn\u00e1 tryska tie\u017e zais\u0165uje, \u017ee\u00a0<strong>mlieko sa nebude usadzova\u0165 vo vn\u00fatri\u00a0<span class=\"show-tooltip\" title=\"\" data-original-title=\"Prezrite si k\u00e1vovary od \u010desk\u00fdch zna\u010diek Patricca.\" aria-describedby=\"tooltip103083\">k\u00e1vovar<\/span><\/strong>\u00a0. \u010co je probl\u00e9m so zabudovan\u00fdmi nape\u0148ova\u010dmi. Jednoducho ho pref\u00faknite cez pr\u00e1zdny priestor a utrite ho.<\/p>\n<p><a href=\"https:\/\/origon-eu.com\/wp-content\/uploads\/2025\/01\/kavovar.webp\"><img decoding=\"async\" class=\"size-full wp-image-32437 aligncenter\" src=\"https: \/\/origon-eu.com\/wp-content\/uploads\/2025\/01\/kavovar.webp\" alt=\"\" width=\"790\" height=\"530\" srcset=\"https:\/\/origon-eu.com\/wp-content\/uploads\/2025\/01\/kavovar.webp 790w, https:\/\/origon-eu.com\/wp-content\/uploads\/2025\/01\/kavovar-300x201.webp 300w, https:\/\/origon-eu.com\/wp-content\/uploads\/2025\/01\/kavovar-768x515.webp 768w, https:\/\/origon-eu.com\/wp-content\/uploads\/2025\/01\/kavovar-600x403.webp 600w, https:\/\/origon-eu.com\/wp-content\/uploads\/2025\/01\/kavovar-150x101.webp 150w\" sizes=\"(max-width: 790px) 100vw, 790px\" \/><\/a><\/p>\n<h2>Nemus\u00edte na ni\u010d myslie\u0165.<\/h2>\n<p class=\"p1\">K\u00e1vovar Patricca Lacrema to urob\u00ed za v\u00e1s. \u013dahko sa\u00a0<strong>ovl\u00e1da pomocou 4 tla\u010didiel<\/strong>\u00a0. Navy\u0161e si m\u00f4\u017eete\u00a0<strong>ulo\u017ei\u0165 k\u00e1vu<\/strong>\u00a0presne tak, ako ju m\u00e1te radi \u2013 oddelene pre jednu a dve \u0161\u00e1lky.<\/p>\n<p class=\"p1\"><strong>A ak ho n\u00e1hodou zabudnete vypn\u00fa\u0165?<\/strong>\u00a0Nestane sa v\u00f4bec ni\u010d. Rob\u00ed to samo.<strong>\u00a0<\/strong><\/p>\n<p><a href=\"https:\/\/origon-eu.com\/wp-content\/uploads\/2025\/01\/Kavovar-Patricca-Lacrema.webp\"><img decoding=\"async\" class=\"size-full wp-image-32449 aligncenter\" src=\"https:\/\/origon-eu.com\/wp-content\/uploads\/2025\/01\/Kavovar-Patricca-Lacrema.webp\" alt=\"\" width=\"790\" height=\"600\" \/>&lt;\/a &gt;<\/a><\/p>\n<h2>Ako vyzer\u00e1 k\u00e1vovar Patricca Lacrema v akcii?<\/h2>\n<div style=\"width: 1280px;\" class=\"wp-video\"><video class=\"wp-video-shortcode\" id=\"video-32638-1\" width=\"1280\" height=\"720\" preload=\"metadata\" controls=\"controls\"><source type=\"video\/mp4\" src=\"https:\/\/origon-eu.com\/wp-content\/uploads\/2025\/01\/coffee.mp4?_=1\" \/><a href=\"https:\/\/origon-eu.com\/wp-content\/uploads\/2025\/01\/coffee.mp4\">https:\/\/origon-eu.com\/wp-content\/uploads\/2025\/01\/coffee.mp4<\/a><\/video><\/div>\n","protected":false},"excerpt":{"rendered":"<p class=\"p1\">Nastavte si\u00a0<strong>najlep\u0161iu kaviare\u0148 na svete<\/strong>\u00a0doma . V\u017edy si budete ma\u0165 kde sadn\u00fa\u0165 a nebudete musie\u0165 \u010daka\u0165 na k\u00e1vu. \u010ci u\u017e m\u00e1te chu\u0165 na\u00a0\u00a0<strong>dobr\u00e9 espresso alebo \u0161\u013eahan\u00e9 latte macchiato.<\/strong><\/p>\n<ul>\n<li><strong>Vysokokvalitn\u00e9 talianske \u010derpadlo:<\/strong>\u00a0\u00a0tlak 20 barov<\/li>\n<li><strong>Jednoduch\u00e9 ovl\u00e1danie:<\/strong>\u00a0\u00a0so 4 tla\u010didlami<\/li>\n<li><strong>R\u00fdchly ohrev vody:<\/strong>\u00a0syst\u00e9m termobloku<\/li>\n<li><strong>Po\u010det k\u00e1v:<\/strong>\u00a0a\u017e 2 \u0161\u00e1lky naraz<\/li>\n<li><strong>Parn\u00e1 tryska:\u00a0<\/strong>\u00a0r\u00fdchlo napen\u00ed mlieko<\/li>\n<li><strong>Kapacita:<\/strong>\u00a01,4 l<\/li>\n<li><strong>Automatick\u00e9 vypnutie<\/strong><\/li>\n<li><strong>Celokovov\u00e9 prevedenie<\/strong><\/li>\n<\/ul>\n","protected":false},"featured_media":32445,"template":"","meta":[],"product_cat":[212,213],"product_tag":[],"class_list":{"0":"post-32638","1":"product","2":"type-product","3":"status-publish","4":"has-post-thumbnail","6":"product_cat-dom-i-kuhinja-sk","7":"product_cat-elektronika-sk","9":"first","10":"outofstock","11":"sale","12":"shipping-taxable","13":"purchasable","14":"product-type-simple"},"yoast_head":"<!-- This site is optimized with the Yoast SEO plugin v24.2 - https:\/\/yoast.com\/wordpress\/plugins\/seo\/ -->\n<title>Lever espresso coffee machine - Origon EU<\/title>\n<meta name=\"robots\" content=\"index, follow, max-snippet:-1, max-image-preview:large, max-video-preview:-1\" \/>\n<link rel=\"canonical\" href=\"https:\/\/origon-eu.com\/sk\/product\/lever-espresso-coffee-machine\/\" \/>\n<meta property=\"og:locale\" content=\"sk_SK\" \/>\n<meta property=\"og:type\" content=\"article\" \/>\n<meta property=\"og:title\" content=\"Lever espresso coffee machine - Origon EU\" \/>\n<meta property=\"og:description\" content=\"Nastavte si\u00a0najlep\u0161iu kaviare\u0148 na svete\u00a0doma . V\u017edy si budete ma\u0165 kde sadn\u00fa\u0165 a nebudete musie\u0165 \u010daka\u0165 na k\u00e1vu. \u010ci u\u017e m\u00e1te chu\u0165 na\u00a0\u00a0dobr\u00e9 espresso alebo \u0161\u013eahan\u00e9 latte macchiato.    Vysokokvalitn\u00e9 talianske \u010derpadlo:\u00a0\u00a0tlak 20 barov  Jednoduch\u00e9 ovl\u00e1danie:\u00a0\u00a0so 4 tla\u010didlami  R\u00fdchly ohrev vody:\u00a0syst\u00e9m termobloku  Po\u010det k\u00e1v:\u00a0a\u017e 2 \u0161\u00e1lky naraz  Parn\u00e1 tryska:\u00a0\u00a0r\u00fdchlo napen\u00ed mlieko  Kapacita:\u00a01,4 l  Automatick\u00e9 vypnutie  Celokovov\u00e9 prevedenie\" \/>\n<meta property=\"og:url\" content=\"https:\/\/origon-eu.com\/sk\/product\/lever-espresso-coffee-machine\/\" \/>\n<meta property=\"og:site_name\" content=\"Origon EU\" \/>\n<meta property=\"article:modified_time\" content=\"2025-01-09T10:16:58+00:00\" \/>\n<meta property=\"og:image\" content=\"https:\/\/origon-eu.com\/wp-content\/uploads\/2025\/01\/kavovar.webp\" \/>\n\t<meta property=\"og:image:width\" content=\"790\" \/>\n\t<meta property=\"og:image:height\" content=\"530\" \/>\n\t<meta property=\"og:image:type\" content=\"image\/webp\" \/>\n<meta name=\"twitter:card\" content=\"summary_large_image\" \/>\n<meta name=\"twitter:label1\" content=\"Predpokladan\u00fd \u010das \u010d\u00edtania\" \/>\n\t<meta name=\"twitter:data1\" content=\"2 min\u00faty\" \/>\n<script type=\"application\/ld+json\" class=\"yoast-schema-graph\">{\"@context\":\"https:\/\/schema.org\",\"@graph\":[{\"@type\":\"WebPage\",\"@id\":\"https:\/\/origon-eu.com\/sk\/product\/lever-espresso-coffee-machine\/\",\"url\":\"https:\/\/origon-eu.com\/sk\/product\/lever-espresso-coffee-machine\/\",\"name\":\"Lever espresso coffee machine - Origon EU\",\"isPartOf\":{\"@id\":\"https:\/\/origon-eu.com\/#website\"},\"primaryImageOfPage\":{\"@id\":\"https:\/\/origon-eu.com\/sk\/product\/lever-espresso-coffee-machine\/#primaryimage\"},\"image\":{\"@id\":\"https:\/\/origon-eu.com\/sk\/product\/lever-espresso-coffee-machine\/#primaryimage\"},\"thumbnailUrl\":\"https:\/\/origon-eu.com\/wp-content\/uploads\/2025\/01\/kavovar.webp\",\"datePublished\":\"2025-01-08T14:41:50+00:00\",\"dateModified\":\"2025-01-09T10:16:58+00:00\",\"breadcrumb\":{\"@id\":\"https:\/\/origon-eu.com\/sk\/product\/lever-espresso-coffee-machine\/#breadcrumb\"},\"inLanguage\":\"sk-SK\",\"potentialAction\":[{\"@type\":\"ReadAction\",\"target\":[\"https:\/\/origon-eu.com\/sk\/product\/lever-espresso-coffee-machine\/\"]}]},{\"@type\":\"ImageObject\",\"inLanguage\":\"sk-SK\",\"@id\":\"https:\/\/origon-eu.com\/sk\/product\/lever-espresso-coffee-machine\/#primaryimage\",\"url\":\"https:\/\/origon-eu.com\/wp-content\/uploads\/2025\/01\/kavovar.webp\",\"contentUrl\":\"https:\/\/origon-eu.com\/wp-content\/uploads\/2025\/01\/kavovar.webp\",\"width\":790,\"height\":530},{\"@type\":\"BreadcrumbList\",\"@id\":\"https:\/\/origon-eu.com\/sk\/product\/lever-espresso-coffee-machine\/#breadcrumb\",\"itemListElement\":[{\"@type\":\"ListItem\",\"position\":1,\"name\":\"Home\",\"item\":\"https:\/\/origon-eu.com\/\"},{\"@type\":\"ListItem\",\"position\":2,\"name\":\"Shop\",\"item\":\"https:\/\/origon-eu.com\/sk\/shop-2\/\"},{\"@type\":\"ListItem\",\"position\":3,\"name\":\"Lever espresso coffee machine\"}]},{\"@type\":\"WebSite\",\"@id\":\"https:\/\/origon-eu.com\/#website\",\"url\":\"https:\/\/origon-eu.com\/\",\"name\":\"Origon EU\",\"description\":\"Online Store\",\"publisher\":{\"@id\":\"https:\/\/origon-eu.com\/#organization\"},\"potentialAction\":[{\"@type\":\"SearchAction\",\"target\":{\"@type\":\"EntryPoint\",\"urlTemplate\":\"https:\/\/origon-eu.com\/?s={search_term_string}\"},\"query-input\":{\"@type\":\"PropertyValueSpecification\",\"valueRequired\":true,\"valueName\":\"search_term_string\"}}],\"inLanguage\":\"sk-SK\"},{\"@type\":\"Organization\",\"@id\":\"https:\/\/origon-eu.com\/#organization\",\"name\":\"Origon EU\",\"url\":\"https:\/\/origon-eu.com\/\",\"logo\":{\"@type\":\"ImageObject\",\"inLanguage\":\"sk-SK\",\"@id\":\"https:\/\/origon-eu.com\/#\/schema\/logo\/image\/\",\"url\":\"https:\/\/origon-eu.com\/wp-content\/uploads\/2024\/04\/Screenshot-2024-04-09-101814.png\",\"contentUrl\":\"https:\/\/origon-eu.com\/wp-content\/uploads\/2024\/04\/Screenshot-2024-04-09-101814.png\",\"width\":171,\"height\":59,\"caption\":\"Origon EU\"},\"image\":{\"@id\":\"https:\/\/origon-eu.com\/#\/schema\/logo\/image\/\"}}]}<\/script>\n<!-- \/ Yoast SEO plugin. -->","yoast_head_json":{"title":"Lever espresso coffee machine - Origon EU","robots":{"index":"index","follow":"follow","max-snippet":"max-snippet:-1","max-image-preview":"max-image-preview:large","max-video-preview":"max-video-preview:-1"},"canonical":"https:\/\/origon-eu.com\/sk\/product\/lever-espresso-coffee-machine\/","og_locale":"sk_SK","og_type":"article","og_title":"Lever espresso coffee machine - Origon EU","og_description":"Nastavte si\u00a0najlep\u0161iu kaviare\u0148 na svete\u00a0doma . V\u017edy si budete ma\u0165 kde sadn\u00fa\u0165 a nebudete musie\u0165 \u010daka\u0165 na k\u00e1vu. \u010ci u\u017e m\u00e1te chu\u0165 na\u00a0\u00a0dobr\u00e9 espresso alebo \u0161\u013eahan\u00e9 latte macchiato.    Vysokokvalitn\u00e9 talianske \u010derpadlo:\u00a0\u00a0tlak 20 barov  Jednoduch\u00e9 ovl\u00e1danie:\u00a0\u00a0so 4 tla\u010didlami  R\u00fdchly ohrev vody:\u00a0syst\u00e9m termobloku  Po\u010det k\u00e1v:\u00a0a\u017e 2 \u0161\u00e1lky naraz  Parn\u00e1 tryska:\u00a0\u00a0r\u00fdchlo napen\u00ed mlieko  Kapacita:\u00a01,4 l  Automatick\u00e9 vypnutie  Celokovov\u00e9 prevedenie","og_url":"https:\/\/origon-eu.com\/sk\/product\/lever-espresso-coffee-machine\/","og_site_name":"Origon EU","article_modified_time":"2025-01-09T10:16:58+00:00","og_image":[{"width":790,"height":530,"url":"https:\/\/origon-eu.com\/wp-content\/uploads\/2025\/01\/kavovar.webp","type":"image\/webp"}],"twitter_card":"summary_large_image","twitter_misc":{"Predpokladan\u00fd \u010das \u010d\u00edtania":"2 min\u00faty"},"schema":{"@context":"https:\/\/schema.org","@graph":[{"@type":"WebPage","@id":"https:\/\/origon-eu.com\/sk\/product\/lever-espresso-coffee-machine\/","url":"https:\/\/origon-eu.com\/sk\/product\/lever-espresso-coffee-machine\/","name":"Lever espresso coffee machine - Origon EU","isPartOf":{"@id":"https:\/\/origon-eu.com\/#website"},"primaryImageOfPage":{"@id":"https:\/\/origon-eu.com\/sk\/product\/lever-espresso-coffee-machine\/#primaryimage"},"image":{"@id":"https:\/\/origon-eu.com\/sk\/product\/lever-espresso-coffee-machine\/#primaryimage"},"thumbnailUrl":"https:\/\/origon-eu.com\/wp-content\/uploads\/2025\/01\/kavovar.webp","datePublished":"2025-01-08T14:41:50+00:00","dateModified":"2025-01-09T10:16:58+00:00","breadcrumb":{"@id":"https:\/\/origon-eu.com\/sk\/product\/lever-espresso-coffee-machine\/#breadcrumb"},"inLanguage":"sk-SK","potentialAction":[{"@type":"ReadAction","target":["https:\/\/origon-eu.com\/sk\/product\/lever-espresso-coffee-machine\/"]}]},{"@type":"ImageObject","inLanguage":"sk-SK","@id":"https:\/\/origon-eu.com\/sk\/product\/lever-espresso-coffee-machine\/#primaryimage","url":"https:\/\/origon-eu.com\/wp-content\/uploads\/2025\/01\/kavovar.webp","contentUrl":"https:\/\/origon-eu.com\/wp-content\/uploads\/2025\/01\/kavovar.webp","width":790,"height":530},{"@type":"BreadcrumbList","@id":"https:\/\/origon-eu.com\/sk\/product\/lever-espresso-coffee-machine\/#breadcrumb","itemListElement":[{"@type":"ListItem","position":1,"name":"Home","item":"https:\/\/origon-eu.com\/"},{"@type":"ListItem","position":2,"name":"Shop","item":"https:\/\/origon-eu.com\/sk\/shop-2\/"},{"@type":"ListItem","position":3,"name":"Lever espresso coffee machine"}]},{"@type":"WebSite","@id":"https:\/\/origon-eu.com\/#website","url":"https:\/\/origon-eu.com\/","name":"Origon EU","description":"Online Store","publisher":{"@id":"https:\/\/origon-eu.com\/#organization"},"potentialAction":[{"@type":"SearchAction","target":{"@type":"EntryPoint","urlTemplate":"https:\/\/origon-eu.com\/?s={search_term_string}"},"query-input":{"@type":"PropertyValueSpecification","valueRequired":true,"valueName":"search_term_string"}}],"inLanguage":"sk-SK"},{"@type":"Organization","@id":"https:\/\/origon-eu.com\/#organization","name":"Origon EU","url":"https:\/\/origon-eu.com\/","logo":{"@type":"ImageObject","inLanguage":"sk-SK","@id":"https:\/\/origon-eu.com\/#\/schema\/logo\/image\/","url":"https:\/\/origon-eu.com\/wp-content\/uploads\/2024\/04\/Screenshot-2024-04-09-101814.png","contentUrl":"https:\/\/origon-eu.com\/wp-content\/uploads\/2024\/04\/Screenshot-2024-04-09-101814.png","width":171,"height":59,"caption":"Origon EU"},"image":{"@id":"https:\/\/origon-eu.com\/#\/schema\/logo\/image\/"}}]}},"tiered_pricing_type":"fixed","tiered_pricing_fixed_rules":[],"tiered_pricing_percentage_rules":[],"tiered_pricing_minimum":1,"tiered_pricing_roles_data":[],"_links":{"self":[{"href":"https:\/\/origon-eu.com\/sk\/wp-json\/wp\/v2\/product\/32638","targetHints":{"allow":["GET"]}}],"collection":[{"href":"https:\/\/origon-eu.com\/sk\/wp-json\/wp\/v2\/product"}],"about":[{"href":"https:\/\/origon-eu.com\/sk\/wp-json\/wp\/v2\/types\/product"}],"version-history":[{"count":2,"href":"https:\/\/origon-eu.com\/sk\/wp-json\/wp\/v2\/product\/32638\/revisions"}],"predecessor-version":[{"id":32644,"href":"https:\/\/origon-eu.com\/sk\/wp-json\/wp\/v2\/product\/32638\/revisions\/32644"}],"wp:featuredmedia":[{"embeddable":true,"href":"https:\/\/origon-eu.com\/sk\/wp-json\/wp\/v2\/media\/32445"}],"wp:attachment":[{"href":"https:\/\/origon-eu.com\/sk\/wp-json\/wp\/v2\/media?parent=32638"}],"wp:term":[{"taxonomy":"product_cat","embeddable":true,"href":"https:\/\/origon-eu.com\/sk\/wp-json\/wp\/v2\/product_cat?post=32638"},{"taxonomy":"product_tag","embeddable":true,"href":"https:\/\/origon-eu.com\/sk\/wp-json\/wp\/v2\/product_tag?post=32638"}],"curies":[{"name":"wp","href":"https:\/\/api.w.org\/{rel}","templated":true}]}}