{"id":28853,"date":"2024-10-29T12:02:06","date_gmt":"2024-10-29T10:02:06","guid":{"rendered":"https:\/\/origon-eu.com\/?post_type=product&#038;p=28853"},"modified":"2025-03-15T20:41:30","modified_gmt":"2025-03-15T18:41:30","slug":"magic-nail-fungus-removal-spray","status":"publish","type":"product","link":"https:\/\/origon-eu.com\/sk\/product\/magic-nail-fungus-removal-spray\/","title":{"rendered":"Magick\u00fd sprej na odstr\u00e1nenie plesn\u00ed nechtov"},"content":{"rendered":"<p>1\u3001\u3010Bezpe\u010dnos\u0165 zlo\u017eiek\u3011 Pr\u00edrodn\u00e9 zlo\u017eky posil\u0148uj\u00fa krehk\u00e9 nechty, opravuj\u00fa zafarben\u00e9 a po\u0161koden\u00e9 nechty a ur\u00fdch\u013euj\u00fa zdrav\u00fd rast nechtov. Nail Repair Essence je bezpe\u010dn\u00e1 a jemn\u00e1.<br \/>\n2\u3001\u3010Jednoduch\u00e1 oprava\u3011 Dod\u00e1va nechtom prirodzen\u00fd lesk a pom\u00e1ha ich vyhladzova\u0165. Obdobie zotavenia z\u00e1vis\u00ed od rastu a po\u0161kodenia nechtu, tak\u017ee m\u00f4\u017ee trva\u0165 r\u00f4zne dlho.<br \/>\n3\u3001\u3010Siln\u00e9 nechty\u3011 Zlep\u0161uje tkanivo nechtov, v\u010faka zdrav\u00e9mu tkanivu s\u00fa va\u0161e nechty silnej\u0161ie a menej n\u00e1chyln\u00e9 na l\u00e1manie. Pr\u00edrodn\u00e1 esencia na opravu nechtov na noh\u00e1ch pom\u00e1ha redukova\u0165 zafarbenie, koriguje deformovan\u00e9 tvary a normalizuje hr\u00fabku.<br \/>\n4\u3001\u3010Viac\u00fa\u010delov\u00e9\u3011 Extra siln\u00e1 oprava nechtov na noh\u00e1ch je vhodn\u00e1 na zmr\u0161\u0165ovanie, nerovn\u00e9 povrchy, delamin\u00e1ciu, zhrubnutie a \u017eltnutie, odlupovanie nechtov, zakalen\u00e9 sfarbenie, probl\u00e9my s nechtami at\u010f.<br \/>\n5\u3001\u3010Ako pou\u017e\u00edva\u0165\u3011 Dvakr\u00e1t denne vo dne a v noci. Po ka\u017ed\u00fdch 2-3 d\u0148och pou\u017e\u00edvania vyle\u0161tite povrch nechtov a pokra\u010dujte v pou\u017e\u00edvan\u00ed. Esencia na nechty na noh\u00e1ch a ruk\u00e1ch sa \u013eahko pou\u017e\u00edva.<br \/>\nPopis:<br \/>\nPr\u00edrodn\u00e9 zlo\u017eky posil\u0148uj\u00fa l\u00e1mav\u00e9 nechty, opravuj\u00fa zafarben\u00e9 a po\u0161koden\u00e9 nechty a ur\u00fdch\u013euj\u00fa zdrav\u00fd rast nechtov. Nail Repair Essence je bezpe\u010dn\u00e1 a jemn\u00e1. Zdrav\u00e9 tkanivo rob\u00ed va\u0161e nechty pevnej\u0161\u00edmi a menej n\u00e1chyln\u00fdmi na l\u00e1manie. Natural Toenail Repair Essence pom\u00e1ha pestova\u0165 pevn\u00e9 nechty, redukova\u0165 zafarbenie, korigova\u0165 deformovan\u00fd tvar at\u010f.<br \/>\nDvakr\u00e1t denne, raz r\u00e1no, raz ve\u010der. Po ka\u017ed\u00fdch 2-3 d\u0148och pou\u017e\u00edvania vyle\u0161tite povrch nechtov a pokra\u010dujte v pou\u017e\u00edvan\u00ed.<\/p>\n<p><a href=\"https:\/\/origon-eu.com\/wp-content\/uploads\/2024\/10\/S98765ea6afd04e73a31089d99c3756e7H.avif\"><img fetchpriority=\"high\" decoding=\"async\" class=\"alignnone size-full wp-image-32710\" src=\"https:\/\/origon-eu.com\/wp-content\/uploads\/2024\/10\/S98765ea6afd04e73a31089d99c3756e7H.avif\" alt=\"\" width=\"1000\" height=\"1000\" \/><\/a> <a href=\"https:\/\/origon-eu.com\/wp-content\/uploads\/2024\/10\/Sa8a2b52d780b49959a440f8fa6d491c2W.avif\"><img decoding=\"async\" class=\"alignnone size-full wp-image-32721\" src=\"https:\/\/origon-eu.com\/wp-content\/uploads\/2024\/10\/Sa8a2b52d780b49959a440f8fa6d491c2W.avif\" alt=\"\" width=\"1000\" height=\"1000\" \/><\/a> <a href=\"https:\/\/origon-eu.com\/wp-content\/uploads\/2024\/10\/Sf265ad80b692425a8ad98922eac3107co.avif\"><img decoding=\"async\" class=\"alignnone size-full wp-image-32731\" src=\"https:\/\/origon-eu.com\/wp-content\/uploads\/2024\/10\/Sf265ad80b692425a8ad98922eac3107co.avif\" alt=\"\" width=\"1000\" height=\"1000\" \/><\/a> <a href=\"https:\/\/origon-eu.com\/wp-content\/uploads\/2024\/10\/S9ae0e23410d54186aa72dbcc067830faD.avif\"><img loading=\"lazy\" decoding=\"async\" class=\"alignnone size-full wp-image-32741\" src=\"https:\/\/origon-eu.com\/wp-content\/uploads\/2024\/10\/S9ae0e23410d54186aa72dbcc067830faD.avif\" alt=\"\" width=\"1000\" height=\"1000\" \/><\/a> <a href=\"https:\/\/origon-eu.com\/wp-content\/uploads\/2024\/10\/S83cd5546cc4c4eb8a3900ecd72b5f99c4.avif\"><img loading=\"lazy\" decoding=\"async\" class=\"alignnone size-full wp-image-32751\" src=\"https:\/\/origon-eu.com\/wp-content\/uploads\/2024\/10\/S83cd5546cc4c4eb8a3900ecd72b5f99c4.avif\" alt=\"\" width=\"1000\" height=\"1000\" \/><\/a> <a href=\"https:\/\/origon-eu.com\/wp-content\/uploads\/2024\/10\/S42d34c19bc544f568bbe2a0ab7b9f85b0.avif\"><img loading=\"lazy\" decoding=\"async\" class=\"alignnone size-full wp-image-32761\" src=\"https:\/\/origon-eu.com\/wp-content\/uploads\/2024\/10\/S42d34c19bc544f568bbe2a0ab7b9f85b0.avif\" alt=\"\" width=\"1000\" height=\"1000\" \/><\/a> <a href=\"https:\/\/origon-eu.com\/wp-content\/uploads\/2024\/10\/Sa602da4a567b480e891d9a10004e8e5ew.avif\"><img loading=\"lazy\" decoding=\"async\" class=\"alignnone size-full wp-image-32771\" src=\"https:\/\/origon-eu.com\/wp-content\/uploads\/2024\/10\/Sa602da4a567b480e891d9a10004e8e5ew.avif\" alt=\"\" width=\"1000\" height=\"1000\" \/><\/a> <a href=\"https:\/\/origon-eu.com\/wp-content\/uploads\/2024\/10\/S9cede87958e245b7ba420c8969e77493u.avif\"><img loading=\"lazy\" decoding=\"async\" class=\"alignnone size-full wp-image-32781\" src=\"https:\/\/origon-eu.com\/wp-content\/uploads\/2024\/10\/S9cede87958e245b7ba420c8969e77493u.avif\" alt=\"\" width=\"1000\" height=\"1000\" \/><\/a> <a href=\"https:\/\/origon-eu.com\/wp-content\/uploads\/2024\/10\/S7ec07d42016c45928dc27f9673a65fa0O.avif\"><img loading=\"lazy\" decoding=\"async\" class=\"alignnone size-full wp-image-32791\" src=\"https:\/\/origon-eu.com\/wp-content\/uploads\/2024\/10\/S7ec07d42016c45928dc27f9673a65fa0O.avif\" alt=\"\" width=\"1000\" height=\"1000\" \/><\/a><\/p>\n","protected":false},"excerpt":{"rendered":"<ul>\n<li>Vidite\u013en\u00e9 v\u00fdsledky po 7 d\u0148och aplik\u00e1cie<\/li>\n<li>Zni\u017euje a spoma\u013euje vypad\u00e1vanie vlasov<\/li>\n<li>Zvy\u0161uje hustotu vlasov<\/li>\n<li>Podporuje rast nov\u00fdch vlasov<\/li>\n<li>Stimuluje regener\u00e1ciu korienkov a hustotu vlasov<\/li>\n<li>Pre mu\u017eov a \u017eeny<\/li>\n<\/ul>\n","protected":false},"featured_media":28872,"template":"","meta":[],"product_cat":[268],"product_tag":[],"class_list":{"0":"post-28853","1":"product","2":"type-product","3":"status-publish","4":"has-post-thumbnail","6":"product_cat-krasa-a-osobna-starostlivost","8":"first","9":"instock","10":"sale","11":"shipping-taxable","12":"purchasable","13":"product-type-simple"},"yoast_head":"<!-- This site is optimized with the Yoast SEO plugin v24.2 - https:\/\/yoast.com\/wordpress\/plugins\/seo\/ -->\n<title>Magick\u00fd sprej na odstr\u00e1nenie plesn\u00ed nechtov - Origon EU<\/title>\n<meta name=\"robots\" content=\"index, follow, max-snippet:-1, max-image-preview:large, max-video-preview:-1\" \/>\n<link rel=\"canonical\" href=\"https:\/\/origon-eu.com\/sk\/product\/magic-nail-fungus-removal-spray\/\" \/>\n<meta property=\"og:locale\" content=\"sk_SK\" \/>\n<meta property=\"og:type\" content=\"article\" \/>\n<meta property=\"og:title\" content=\"Magick\u00fd sprej na odstr\u00e1nenie plesn\u00ed nechtov - Origon EU\" \/>\n<meta property=\"og:description\" content=\"Vidite\u013en\u00e9 v\u00fdsledky po 7 d\u0148och aplik\u00e1cie  Zni\u017euje a spoma\u013euje vypad\u00e1vanie vlasov  Zvy\u0161uje hustotu vlasov  Podporuje rast nov\u00fdch vlasov  Stimuluje regener\u00e1ciu korienkov a hustotu vlasov  Pre mu\u017eov a \u017eeny\" \/>\n<meta property=\"og:url\" content=\"https:\/\/origon-eu.com\/sk\/product\/magic-nail-fungus-removal-spray\/\" \/>\n<meta property=\"og:site_name\" content=\"Origon EU\" \/>\n<meta property=\"article:modified_time\" content=\"2025-03-15T18:41:30+00:00\" \/>\n<meta property=\"og:image\" content=\"https:\/\/origon-eu.com\/wp-content\/uploads\/2024\/10\/posledna.webp\" \/>\n\t<meta property=\"og:image:width\" content=\"1000\" \/>\n\t<meta property=\"og:image:height\" content=\"1000\" \/>\n\t<meta property=\"og:image:type\" content=\"image\/webp\" \/>\n<meta name=\"twitter:card\" content=\"summary_large_image\" \/>\n<meta name=\"twitter:label1\" content=\"Predpokladan\u00fd \u010das \u010d\u00edtania\" \/>\n\t<meta name=\"twitter:data1\" content=\"3 min\u00faty\" \/>\n<script type=\"application\/ld+json\" class=\"yoast-schema-graph\">{\"@context\":\"https:\/\/schema.org\",\"@graph\":[{\"@type\":\"WebPage\",\"@id\":\"https:\/\/origon-eu.com\/sk\/product\/magic-nail-fungus-removal-spray\/\",\"url\":\"https:\/\/origon-eu.com\/sk\/product\/magic-nail-fungus-removal-spray\/\",\"name\":\"Magick\u00fd sprej na odstr\u00e1nenie plesn\u00ed nechtov - Origon EU\",\"isPartOf\":{\"@id\":\"https:\/\/origon-eu.com\/#website\"},\"primaryImageOfPage\":{\"@id\":\"https:\/\/origon-eu.com\/sk\/product\/magic-nail-fungus-removal-spray\/#primaryimage\"},\"image\":{\"@id\":\"https:\/\/origon-eu.com\/sk\/product\/magic-nail-fungus-removal-spray\/#primaryimage\"},\"thumbnailUrl\":\"https:\/\/origon-eu.com\/wp-content\/uploads\/2024\/10\/posledna.webp\",\"datePublished\":\"2024-10-29T10:02:06+00:00\",\"dateModified\":\"2025-03-15T18:41:30+00:00\",\"breadcrumb\":{\"@id\":\"https:\/\/origon-eu.com\/sk\/product\/magic-nail-fungus-removal-spray\/#breadcrumb\"},\"inLanguage\":\"sk-SK\",\"potentialAction\":[{\"@type\":\"ReadAction\",\"target\":[\"https:\/\/origon-eu.com\/sk\/product\/magic-nail-fungus-removal-spray\/\"]}]},{\"@type\":\"ImageObject\",\"inLanguage\":\"sk-SK\",\"@id\":\"https:\/\/origon-eu.com\/sk\/product\/magic-nail-fungus-removal-spray\/#primaryimage\",\"url\":\"https:\/\/origon-eu.com\/wp-content\/uploads\/2024\/10\/posledna.webp\",\"contentUrl\":\"https:\/\/origon-eu.com\/wp-content\/uploads\/2024\/10\/posledna.webp\",\"width\":1000,\"height\":1000},{\"@type\":\"BreadcrumbList\",\"@id\":\"https:\/\/origon-eu.com\/sk\/product\/magic-nail-fungus-removal-spray\/#breadcrumb\",\"itemListElement\":[{\"@type\":\"ListItem\",\"position\":1,\"name\":\"Home\",\"item\":\"https:\/\/origon-eu.com\/\"},{\"@type\":\"ListItem\",\"position\":2,\"name\":\"Shop\",\"item\":\"https:\/\/origon-eu.com\/sk\/shop-2\/\"},{\"@type\":\"ListItem\",\"position\":3,\"name\":\"Magick\u00fd sprej na odstr\u00e1nenie plesn\u00ed nechtov\"}]},{\"@type\":\"WebSite\",\"@id\":\"https:\/\/origon-eu.com\/#website\",\"url\":\"https:\/\/origon-eu.com\/\",\"name\":\"Origon EU\",\"description\":\"Online Store\",\"publisher\":{\"@id\":\"https:\/\/origon-eu.com\/#organization\"},\"potentialAction\":[{\"@type\":\"SearchAction\",\"target\":{\"@type\":\"EntryPoint\",\"urlTemplate\":\"https:\/\/origon-eu.com\/?s={search_term_string}\"},\"query-input\":{\"@type\":\"PropertyValueSpecification\",\"valueRequired\":true,\"valueName\":\"search_term_string\"}}],\"inLanguage\":\"sk-SK\"},{\"@type\":\"Organization\",\"@id\":\"https:\/\/origon-eu.com\/#organization\",\"name\":\"Origon EU\",\"url\":\"https:\/\/origon-eu.com\/\",\"logo\":{\"@type\":\"ImageObject\",\"inLanguage\":\"sk-SK\",\"@id\":\"https:\/\/origon-eu.com\/#\/schema\/logo\/image\/\",\"url\":\"https:\/\/origon-eu.com\/wp-content\/uploads\/2024\/04\/Screenshot-2024-04-09-101814.png\",\"contentUrl\":\"https:\/\/origon-eu.com\/wp-content\/uploads\/2024\/04\/Screenshot-2024-04-09-101814.png\",\"width\":171,\"height\":59,\"caption\":\"Origon EU\"},\"image\":{\"@id\":\"https:\/\/origon-eu.com\/#\/schema\/logo\/image\/\"}}]}<\/script>\n<!-- \/ Yoast SEO plugin. -->","yoast_head_json":{"title":"Magick\u00fd sprej na odstr\u00e1nenie plesn\u00ed nechtov - Origon EU","robots":{"index":"index","follow":"follow","max-snippet":"max-snippet:-1","max-image-preview":"max-image-preview:large","max-video-preview":"max-video-preview:-1"},"canonical":"https:\/\/origon-eu.com\/sk\/product\/magic-nail-fungus-removal-spray\/","og_locale":"sk_SK","og_type":"article","og_title":"Magick\u00fd sprej na odstr\u00e1nenie plesn\u00ed nechtov - Origon EU","og_description":"Vidite\u013en\u00e9 v\u00fdsledky po 7 d\u0148och aplik\u00e1cie  Zni\u017euje a spoma\u013euje vypad\u00e1vanie vlasov  Zvy\u0161uje hustotu vlasov  Podporuje rast nov\u00fdch vlasov  Stimuluje regener\u00e1ciu korienkov a hustotu vlasov  Pre mu\u017eov a \u017eeny","og_url":"https:\/\/origon-eu.com\/sk\/product\/magic-nail-fungus-removal-spray\/","og_site_name":"Origon EU","article_modified_time":"2025-03-15T18:41:30+00:00","og_image":[{"width":1000,"height":1000,"url":"https:\/\/origon-eu.com\/wp-content\/uploads\/2024\/10\/posledna.webp","type":"image\/webp"}],"twitter_card":"summary_large_image","twitter_misc":{"Predpokladan\u00fd \u010das \u010d\u00edtania":"3 min\u00faty"},"schema":{"@context":"https:\/\/schema.org","@graph":[{"@type":"WebPage","@id":"https:\/\/origon-eu.com\/sk\/product\/magic-nail-fungus-removal-spray\/","url":"https:\/\/origon-eu.com\/sk\/product\/magic-nail-fungus-removal-spray\/","name":"Magick\u00fd sprej na odstr\u00e1nenie plesn\u00ed nechtov - Origon EU","isPartOf":{"@id":"https:\/\/origon-eu.com\/#website"},"primaryImageOfPage":{"@id":"https:\/\/origon-eu.com\/sk\/product\/magic-nail-fungus-removal-spray\/#primaryimage"},"image":{"@id":"https:\/\/origon-eu.com\/sk\/product\/magic-nail-fungus-removal-spray\/#primaryimage"},"thumbnailUrl":"https:\/\/origon-eu.com\/wp-content\/uploads\/2024\/10\/posledna.webp","datePublished":"2024-10-29T10:02:06+00:00","dateModified":"2025-03-15T18:41:30+00:00","breadcrumb":{"@id":"https:\/\/origon-eu.com\/sk\/product\/magic-nail-fungus-removal-spray\/#breadcrumb"},"inLanguage":"sk-SK","potentialAction":[{"@type":"ReadAction","target":["https:\/\/origon-eu.com\/sk\/product\/magic-nail-fungus-removal-spray\/"]}]},{"@type":"ImageObject","inLanguage":"sk-SK","@id":"https:\/\/origon-eu.com\/sk\/product\/magic-nail-fungus-removal-spray\/#primaryimage","url":"https:\/\/origon-eu.com\/wp-content\/uploads\/2024\/10\/posledna.webp","contentUrl":"https:\/\/origon-eu.com\/wp-content\/uploads\/2024\/10\/posledna.webp","width":1000,"height":1000},{"@type":"BreadcrumbList","@id":"https:\/\/origon-eu.com\/sk\/product\/magic-nail-fungus-removal-spray\/#breadcrumb","itemListElement":[{"@type":"ListItem","position":1,"name":"Home","item":"https:\/\/origon-eu.com\/"},{"@type":"ListItem","position":2,"name":"Shop","item":"https:\/\/origon-eu.com\/sk\/shop-2\/"},{"@type":"ListItem","position":3,"name":"Magick\u00fd sprej na odstr\u00e1nenie plesn\u00ed nechtov"}]},{"@type":"WebSite","@id":"https:\/\/origon-eu.com\/#website","url":"https:\/\/origon-eu.com\/","name":"Origon EU","description":"Online Store","publisher":{"@id":"https:\/\/origon-eu.com\/#organization"},"potentialAction":[{"@type":"SearchAction","target":{"@type":"EntryPoint","urlTemplate":"https:\/\/origon-eu.com\/?s={search_term_string}"},"query-input":{"@type":"PropertyValueSpecification","valueRequired":true,"valueName":"search_term_string"}}],"inLanguage":"sk-SK"},{"@type":"Organization","@id":"https:\/\/origon-eu.com\/#organization","name":"Origon EU","url":"https:\/\/origon-eu.com\/","logo":{"@type":"ImageObject","inLanguage":"sk-SK","@id":"https:\/\/origon-eu.com\/#\/schema\/logo\/image\/","url":"https:\/\/origon-eu.com\/wp-content\/uploads\/2024\/04\/Screenshot-2024-04-09-101814.png","contentUrl":"https:\/\/origon-eu.com\/wp-content\/uploads\/2024\/04\/Screenshot-2024-04-09-101814.png","width":171,"height":59,"caption":"Origon EU"},"image":{"@id":"https:\/\/origon-eu.com\/#\/schema\/logo\/image\/"}}]}},"tiered_pricing_type":"fixed","tiered_pricing_fixed_rules":{"2":"17.99","3":"16.99","4":"15.99"},"tiered_pricing_percentage_rules":[],"tiered_pricing_minimum":1,"tiered_pricing_roles_data":[],"_links":{"self":[{"href":"https:\/\/origon-eu.com\/sk\/wp-json\/wp\/v2\/product\/28853","targetHints":{"allow":["GET"]}}],"collection":[{"href":"https:\/\/origon-eu.com\/sk\/wp-json\/wp\/v2\/product"}],"about":[{"href":"https:\/\/origon-eu.com\/sk\/wp-json\/wp\/v2\/types\/product"}],"version-history":[{"count":1,"href":"https:\/\/origon-eu.com\/sk\/wp-json\/wp\/v2\/product\/28853\/revisions"}],"predecessor-version":[{"id":32809,"href":"https:\/\/origon-eu.com\/sk\/wp-json\/wp\/v2\/product\/28853\/revisions\/32809"}],"wp:featuredmedia":[{"embeddable":true,"href":"https:\/\/origon-eu.com\/sk\/wp-json\/wp\/v2\/media\/28872"}],"wp:attachment":[{"href":"https:\/\/origon-eu.com\/sk\/wp-json\/wp\/v2\/media?parent=28853"}],"wp:term":[{"taxonomy":"product_cat","embeddable":true,"href":"https:\/\/origon-eu.com\/sk\/wp-json\/wp\/v2\/product_cat?post=28853"},{"taxonomy":"product_tag","embeddable":true,"href":"https:\/\/origon-eu.com\/sk\/wp-json\/wp\/v2\/product_tag?post=28853"}],"curies":[{"name":"wp","href":"https:\/\/api.w.org\/{rel}","templated":true}]}}