{"id":22107,"date":"2024-03-15T09:26:43","date_gmt":"2024-03-15T09:26:43","guid":{"rendered":"https:\/\/origon-eu.com\/privacy-policy\/"},"modified":"2024-11-27T11:06:56","modified_gmt":"2024-11-27T09:06:56","slug":"privacy-policy","status":"publish","type":"page","link":"https:\/\/origon-eu.com\/sk\/privacy-policy\/","title":{"rendered":"V\u0161eobecn\u00e9 obchodn\u00e9 podmienky"},"content":{"rendered":"\t\t<div data-elementor-type=\"wp-page\" data-elementor-id=\"22107\" class=\"elementor elementor-22107\" data-elementor-post-type=\"page\">\n\t\t\t\t<div class=\"elementor-element elementor-element-7e921295 e-flex e-con-boxed e-con e-parent\" data-id=\"7e921295\" data-element_type=\"container\">\n\t\t\t\t\t<div class=\"e-con-inner\">\n\t\t\t\t<div class=\"elementor-element elementor-element-1d404fe2 color-scheme-inherit text-left elementor-widget elementor-widget-text-editor\" data-id=\"1d404fe2\" data-element_type=\"widget\" data-widget_type=\"text-editor.default\">\n\t\t\t\t<div class=\"elementor-widget-container\">\n\t\t\t\t\t\t\t\t\t<p>Zmluvn\u00e9 podmienky slu\u017eby<\/p><p>Tieto podmienky platia pre n\u00e1kupy uskuto\u010dnen\u00e9 v internetovom obchode origon-eu.com. Podmienky a ustanovenia dodato\u010dne definuj\u00fa pr\u00e1va a povinnosti pred\u00e1vaj\u00faceho (\u010falej len oper\u00e1tor) a kupuj\u00faceho (\u010falej len kupuj\u00faci).<\/p><p>\u00a0<\/p><p>Objedn\u00e1vka a uzatvorenie k\u00fapno-predajnej zmluvy V\u0161etky objedn\u00e1vky zaslan\u00e9 prostredn\u00edctvom internetov\u00e9ho obchoduorigon-eu.com s\u00fa z\u00e1v\u00e4zn\u00e9. Kupuj\u00faci potvrden\u00edm objedn\u00e1vky s\u00fahlas\u00ed s t\u00fdmito podmienkami a ustanoveniami a postupom zru\u0161enia objedn\u00e1vky. Objedn\u00e1vka je n\u00e1\u010drt zmluvy o k\u00fape. K\u00fapno-predajn\u00e1 zmluva na n\u00e1kup v elektronickom obchode sa uzatv\u00e1ra pri odoslan\u00ed objedn\u00e1vky. Oper\u00e1tor mus\u00ed doru\u010di\u0165 produkt, ktor\u00fd si kupuj\u00faci objednal. Jedinou v\u00fdnimkou je predaj tovaru. Podmienkou platnosti elektronickej objedn\u00e1vky je vyplnenie v\u0161etk\u00fdch inform\u00e1ci\u00ed a po\u017eiadaviek uveden\u00fdch v formul\u00e1ri.<\/p><p>\u00a0<\/p><p>M\u00e1me 14-d\u0148ov\u00fa politiku vr\u00e1tenia pe\u0148az\u00ed, \u010do znamen\u00e1, \u017ee m\u00f4\u017eete po\u017eiada\u0165 o vr\u00e1tenie pe\u0148az\u00ed do 14 dn\u00ed od objedn\u00e1vky.<\/p><p>\u00a0<\/p><p>Miesto doru\u010denia tovaru je adresa dodania, ktor\u00fa uviedol kupuj\u00faci vo formul\u00e1ri objedn\u00e1vky.<\/p><p>\u00a0<\/p><p>Vlastn\u00edctvo tovaru prech\u00e1dza na kupuj\u00faceho po zaplaten\u00ed k\u00fapnej ceny a n\u00e1slednom prevzat\u00ed.<\/p><p>\u00a0<\/p><p>Reklam\u00e1cie a v\u00fdmeny<\/p><p>\u00a0<\/p><p>V\u0161etky reklam\u00e1cie bud\u00fa rie\u0161en\u00e9 v s\u00falade s postupom rie\u0161enia s\u0165a\u017enost\u00ed internetov\u00e9ho obchodu origon-eu.com<\/p><p>\u00a0<\/p><p>Postup pod\u00e1vania s\u0165a\u017enost\u00ed na tovar je podrobne op\u00edsan\u00fd v postupe pod\u00e1vania s\u0165a\u017enost\u00ed, ale m\u00f4\u017ee by\u0165 zhrnut\u00fd nasledovne:<\/p><p>\u00a0<\/p><p>Okam\u017eite n\u00e1s informujte o va\u0161ej s\u0165a\u017enosti e-mailom alebo p\u00edsomne a ozn\u00e1mte n\u00e1m v\u00e1\u0161 navrhovan\u00fd rie\u0161enie. (v\u00fdmena, oprava, z\u013eava, vr\u00e1tenie pe\u0148az\u00ed &#8211; odst\u00fapenie od zmluvy) Vr\u00e1\u0165te tovar spolu s dokladom o k\u00fape ako registrovan\u00fd bal\u00edk (bez vr\u00e1tenia pe\u0148az\u00ed) na na\u0161u adresu V z\u00e1sielke alebo e-mailom uve\u010fte d\u00f4vod reklam\u00e1cie a v\u00e1\u0161 n\u00e1vrh. na opravu tovaru (v\u00fdmena, oprava, z\u013eava, vr\u00e1tenie pe\u0148az\u00ed &#8211; zru\u0161enie zmluvy) Lehotu na vyrie\u0161enie va\u0161ej s\u0165a\u017enosti je 14 dn\u00ed Po\u0161tovn\u00e9 hrad\u00ed kupuj\u00faci v pr\u00edpade legit\u00edmneho odst\u00fapenia alebo zru\u0161enia zmluvy v stanovenej lehote a za podmienok stanoven\u00fdch z\u00e1konom.<\/p>\t\t\t\t\t\t\t\t<\/div>\n\t\t\t\t<\/div>\n\t\t\t\t\t<\/div>\n\t\t\t\t<\/div>\n\t\t\t\t<\/div>\n\t\t","protected":false},"excerpt":{"rendered":"<p>Zmluvn\u00e9 podmienky slu\u017eby Tieto podmienky platia pre n\u00e1kupy uskuto\u010dnen\u00e9 v internetovom obchode origon-eu.com. Podmienky a ustanovenia dodato\u010dne definuj\u00fa pr\u00e1va a<\/p>\n","protected":false},"author":1,"featured_media":0,"parent":0,"menu_order":0,"comment_status":"closed","ping_status":"open","template":"","meta":{"footnotes":""},"class_list":["post-22107","page","type-page","status-publish","hentry"],"yoast_head":"<!-- This site is optimized with the Yoast SEO plugin v24.2 - https:\/\/yoast.com\/wordpress\/plugins\/seo\/ -->\n<title>V\u0161eobecn\u00e9 obchodn\u00e9 podmienky - Origon EU<\/title>\n<meta name=\"robots\" content=\"index, follow, max-snippet:-1, max-image-preview:large, max-video-preview:-1\" \/>\n<link rel=\"canonical\" href=\"https:\/\/origon-eu.com\/sk\/privacy-policy\/\" \/>\n<meta property=\"og:locale\" content=\"sk_SK\" \/>\n<meta property=\"og:type\" content=\"article\" \/>\n<meta property=\"og:title\" content=\"V\u0161eobecn\u00e9 obchodn\u00e9 podmienky - Origon EU\" \/>\n<meta property=\"og:description\" content=\"Zmluvn\u00e9 podmienky slu\u017eby Tieto podmienky platia pre n\u00e1kupy uskuto\u010dnen\u00e9 v internetovom obchode origon-eu.com. Podmienky a ustanovenia dodato\u010dne definuj\u00fa pr\u00e1va a\" \/>\n<meta property=\"og:url\" content=\"https:\/\/origon-eu.com\/sk\/privacy-policy\/\" \/>\n<meta property=\"og:site_name\" content=\"Origon EU\" \/>\n<meta property=\"article:modified_time\" content=\"2024-11-27T09:06:56+00:00\" \/>\n<meta name=\"twitter:card\" content=\"summary_large_image\" \/>\n<meta name=\"twitter:label1\" content=\"Predpokladan\u00fd \u010das \u010d\u00edtania\" \/>\n\t<meta name=\"twitter:data1\" content=\"2 min\u00faty\" \/>\n<script type=\"application\/ld+json\" class=\"yoast-schema-graph\">{\"@context\":\"https:\/\/schema.org\",\"@graph\":[{\"@type\":\"WebPage\",\"@id\":\"https:\/\/origon-eu.com\/sk\/privacy-policy\/\",\"url\":\"https:\/\/origon-eu.com\/sk\/privacy-policy\/\",\"name\":\"V\u0161eobecn\u00e9 obchodn\u00e9 podmienky - Origon EU\",\"isPartOf\":{\"@id\":\"https:\/\/origon-eu.com\/#website\"},\"datePublished\":\"2024-03-15T09:26:43+00:00\",\"dateModified\":\"2024-11-27T09:06:56+00:00\",\"breadcrumb\":{\"@id\":\"https:\/\/origon-eu.com\/sk\/privacy-policy\/#breadcrumb\"},\"inLanguage\":\"sk-SK\",\"potentialAction\":[{\"@type\":\"ReadAction\",\"target\":[\"https:\/\/origon-eu.com\/sk\/privacy-policy\/\"]}]},{\"@type\":\"BreadcrumbList\",\"@id\":\"https:\/\/origon-eu.com\/sk\/privacy-policy\/#breadcrumb\",\"itemListElement\":[{\"@type\":\"ListItem\",\"position\":1,\"name\":\"Home\",\"item\":\"https:\/\/origon-eu.com\/\"},{\"@type\":\"ListItem\",\"position\":2,\"name\":\"V\u0161eobecn\u00e9 obchodn\u00e9 podmienky\"}]},{\"@type\":\"WebSite\",\"@id\":\"https:\/\/origon-eu.com\/#website\",\"url\":\"https:\/\/origon-eu.com\/\",\"name\":\"Origon EU\",\"description\":\"Online Store\",\"publisher\":{\"@id\":\"https:\/\/origon-eu.com\/#organization\"},\"potentialAction\":[{\"@type\":\"SearchAction\",\"target\":{\"@type\":\"EntryPoint\",\"urlTemplate\":\"https:\/\/origon-eu.com\/?s={search_term_string}\"},\"query-input\":{\"@type\":\"PropertyValueSpecification\",\"valueRequired\":true,\"valueName\":\"search_term_string\"}}],\"inLanguage\":\"sk-SK\"},{\"@type\":\"Organization\",\"@id\":\"https:\/\/origon-eu.com\/#organization\",\"name\":\"Origon EU\",\"url\":\"https:\/\/origon-eu.com\/\",\"logo\":{\"@type\":\"ImageObject\",\"inLanguage\":\"sk-SK\",\"@id\":\"https:\/\/origon-eu.com\/#\/schema\/logo\/image\/\",\"url\":\"https:\/\/origon-eu.com\/wp-content\/uploads\/2024\/04\/Screenshot-2024-04-09-101814.png\",\"contentUrl\":\"https:\/\/origon-eu.com\/wp-content\/uploads\/2024\/04\/Screenshot-2024-04-09-101814.png\",\"width\":171,\"height\":59,\"caption\":\"Origon EU\"},\"image\":{\"@id\":\"https:\/\/origon-eu.com\/#\/schema\/logo\/image\/\"}}]}<\/script>\n<!-- \/ Yoast SEO plugin. -->","yoast_head_json":{"title":"V\u0161eobecn\u00e9 obchodn\u00e9 podmienky - Origon EU","robots":{"index":"index","follow":"follow","max-snippet":"max-snippet:-1","max-image-preview":"max-image-preview:large","max-video-preview":"max-video-preview:-1"},"canonical":"https:\/\/origon-eu.com\/sk\/privacy-policy\/","og_locale":"sk_SK","og_type":"article","og_title":"V\u0161eobecn\u00e9 obchodn\u00e9 podmienky - Origon EU","og_description":"Zmluvn\u00e9 podmienky slu\u017eby Tieto podmienky platia pre n\u00e1kupy uskuto\u010dnen\u00e9 v internetovom obchode origon-eu.com. Podmienky a ustanovenia dodato\u010dne definuj\u00fa pr\u00e1va a","og_url":"https:\/\/origon-eu.com\/sk\/privacy-policy\/","og_site_name":"Origon EU","article_modified_time":"2024-11-27T09:06:56+00:00","twitter_card":"summary_large_image","twitter_misc":{"Predpokladan\u00fd \u010das \u010d\u00edtania":"2 min\u00faty"},"schema":{"@context":"https:\/\/schema.org","@graph":[{"@type":"WebPage","@id":"https:\/\/origon-eu.com\/sk\/privacy-policy\/","url":"https:\/\/origon-eu.com\/sk\/privacy-policy\/","name":"V\u0161eobecn\u00e9 obchodn\u00e9 podmienky - Origon EU","isPartOf":{"@id":"https:\/\/origon-eu.com\/#website"},"datePublished":"2024-03-15T09:26:43+00:00","dateModified":"2024-11-27T09:06:56+00:00","breadcrumb":{"@id":"https:\/\/origon-eu.com\/sk\/privacy-policy\/#breadcrumb"},"inLanguage":"sk-SK","potentialAction":[{"@type":"ReadAction","target":["https:\/\/origon-eu.com\/sk\/privacy-policy\/"]}]},{"@type":"BreadcrumbList","@id":"https:\/\/origon-eu.com\/sk\/privacy-policy\/#breadcrumb","itemListElement":[{"@type":"ListItem","position":1,"name":"Home","item":"https:\/\/origon-eu.com\/"},{"@type":"ListItem","position":2,"name":"V\u0161eobecn\u00e9 obchodn\u00e9 podmienky"}]},{"@type":"WebSite","@id":"https:\/\/origon-eu.com\/#website","url":"https:\/\/origon-eu.com\/","name":"Origon EU","description":"Online Store","publisher":{"@id":"https:\/\/origon-eu.com\/#organization"},"potentialAction":[{"@type":"SearchAction","target":{"@type":"EntryPoint","urlTemplate":"https:\/\/origon-eu.com\/?s={search_term_string}"},"query-input":{"@type":"PropertyValueSpecification","valueRequired":true,"valueName":"search_term_string"}}],"inLanguage":"sk-SK"},{"@type":"Organization","@id":"https:\/\/origon-eu.com\/#organization","name":"Origon EU","url":"https:\/\/origon-eu.com\/","logo":{"@type":"ImageObject","inLanguage":"sk-SK","@id":"https:\/\/origon-eu.com\/#\/schema\/logo\/image\/","url":"https:\/\/origon-eu.com\/wp-content\/uploads\/2024\/04\/Screenshot-2024-04-09-101814.png","contentUrl":"https:\/\/origon-eu.com\/wp-content\/uploads\/2024\/04\/Screenshot-2024-04-09-101814.png","width":171,"height":59,"caption":"Origon EU"},"image":{"@id":"https:\/\/origon-eu.com\/#\/schema\/logo\/image\/"}}]}},"_links":{"self":[{"href":"https:\/\/origon-eu.com\/sk\/wp-json\/wp\/v2\/pages\/22107","targetHints":{"allow":["GET"]}}],"collection":[{"href":"https:\/\/origon-eu.com\/sk\/wp-json\/wp\/v2\/pages"}],"about":[{"href":"https:\/\/origon-eu.com\/sk\/wp-json\/wp\/v2\/types\/page"}],"author":[{"embeddable":true,"href":"https:\/\/origon-eu.com\/sk\/wp-json\/wp\/v2\/users\/1"}],"replies":[{"embeddable":true,"href":"https:\/\/origon-eu.com\/sk\/wp-json\/wp\/v2\/comments?post=22107"}],"version-history":[{"count":1,"href":"https:\/\/origon-eu.com\/sk\/wp-json\/wp\/v2\/pages\/22107\/revisions"}],"predecessor-version":[{"id":30486,"href":"https:\/\/origon-eu.com\/sk\/wp-json\/wp\/v2\/pages\/22107\/revisions\/30486"}],"wp:attachment":[{"href":"https:\/\/origon-eu.com\/sk\/wp-json\/wp\/v2\/media?parent=22107"}],"curies":[{"name":"wp","href":"https:\/\/api.w.org\/{rel}","templated":true}]}}