{"id":22102,"date":"2024-04-05T07:46:50","date_gmt":"2024-04-05T07:46:50","guid":{"rendered":"https:\/\/origon-eu.com\/pravila-o-zastiti-privatnosti\/"},"modified":"2024-11-27T11:06:50","modified_gmt":"2024-11-27T09:06:50","slug":"pravila-o-zastiti-privatnosti","status":"publish","type":"page","link":"https:\/\/origon-eu.com\/sk\/pravila-o-zastiti-privatnosti\/","title":{"rendered":"Z\u00e1sady ochrany osobn\u00fdch \u00fadajov"},"content":{"rendered":"\t\t<div data-elementor-type=\"wp-page\" data-elementor-id=\"22102\" class=\"elementor elementor-22102 elementor-14393\" data-elementor-post-type=\"page\">\n\t\t\t\t<div class=\"elementor-element elementor-element-694b288 e-flex e-con-boxed e-con e-parent\" data-id=\"694b288\" data-element_type=\"container\">\n\t\t\t\t\t<div class=\"e-con-inner\">\n\t\t\t\t<div class=\"elementor-element elementor-element-6d02187 color-scheme-inherit text-left elementor-widget elementor-widget-text-editor\" data-id=\"6d02187\" data-element_type=\"widget\" data-widget_type=\"text-editor.default\">\n\t\t\t\t<div class=\"elementor-widget-container\">\n\t\t\t\t\t\t\t\t\t<p>Z\u00e1sady ochrany osobn\u00fdch \u00fadajov<\/p><p>GDPR<\/p><p>\u00a0<\/p><p>Spr\u00e1vca internetov\u00e9ho obchodu ako prev\u00e1dzkovate\u013e osobn\u00fdch \u00fadajov spracov\u00e1va osobn\u00e9 \u00fadaje, ktor\u00e9 u\u017e\u00edvate\u013e poskytuje prev\u00e1dzkovate\u013eovi v s\u00falade s platn\u00fdmi z\u00e1konmi. V\u0161etky \u00fadaje, ktor\u00e9 poskytn\u00fa n\u00e1v\u0161tevn\u00edci webovej str\u00e1nky (\u010falej len: osobn\u00e9 \u00fadaje), s\u00fa osobn\u00e9 \u00fadaje a chr\u00e1nia sa v s\u00falade so Z\u00e1konom \u010d. 101\/2000 Z.z. (Z\u00e1kon o ochrane \u00fadajov) a GDPR.<\/p><p>\u00a0<\/p><p>Pou\u017e\u00edvate\u013e tejto webovej str\u00e1nky s\u00fahlas\u00ed so spracovan\u00edm osobn\u00fdch \u00fadajov v s\u00falade s vy\u0161\u0161ie uveden\u00fdmi z\u00e1konmi a pr\u00edslu\u0161n\u00fdmi predpismi. Prev\u00e1dzkovate\u013e spracovania sa zav\u00e4zuje neposkytova\u0165 osobn\u00e9 \u00fadaje tret\u00edm stran\u00e1m, okrem subjektov, ktor\u00fdm prev\u00e1dzkovate\u013e udelen\u00edm pr\u00e1v na z\u00e1klade zmluvy o spracovan\u00ed poveril. Pou\u017e\u00edvate\u013e v\u00fdslovne a jednozna\u010dne s\u00fahlas\u00ed a informuje prev\u00e1dzkovate\u013ea o spracovan\u00ed svojich osobn\u00fdch \u00fadajov na \u00fa\u010dely \u0161tatistiky, anal\u00fdzy a reklamy (vi\u010f pou\u017eitie s\u00faborov cookie). Prev\u00e1dzkovate\u013e spracovania zbiera ur\u010dit\u00e9 \u00fadaje o pou\u017e\u00edvate\u013eoch po\u010das ich n\u00e1v\u0161tevy. Tieto \u00fadaje s\u00fa \u00faplne anonymn\u00e9 a prev\u00e1dzkovate\u013e ich zbiera a spracov\u00e1va v\u00fdlu\u010dne na \u00fa\u010dely v\u00fdvoja a zlep\u0161ovania webovej str\u00e1nky.<\/p><p>\u00a0<\/p><p>POU\u017d\u00cdVANIE S\u00daBOROV COOKIE<\/p><p>\u00a0<\/p><p>T\u00e1to webov\u00e1 str\u00e1nka pou\u017e\u00edva s\u00fabory cookie pre [WEBOV\u00c1 STR\u00c1NKA], Google Adwords, Google Analytics, Facebook, Sklik, Heureka Zbozi.cz za \u00fa\u010delom poskytovania slu\u017eieb, tvorby personalizovan\u00fdch rekl\u00e1m a anal\u00fdzy n\u00e1v\u0161tevnosti.<\/p><p>\u00a0<\/p><p>V\u0160EOBECN\u00c9 PODMIENKY OCHRANY OSOBN\u00ddCH \u00daDAJOV V S\u00daLADI S V\u0160EOBECN\u00ddM NARIADEN\u00cdM O OCHRANE \u00daDAJOV obsiahnut\u00e9 v podmienkach pou\u017e\u00edvania.<\/p><p>\u00a0<\/p><p>Ochrana osobn\u00fdch \u00fadajov kupuj\u00faceho, ktor\u00fd je fyzickou osobou, sa riadi \u010dl\u00e1nkom 101\/2000 Z.z. a GDPR (\u010dl. 4(11) GDPR a \u010dl\u00e1nok 7. GDPR) o ochrane osobn\u00fdch \u00fadajov.<\/p><p>\u00a0<\/p><p>Na splnenie zmluvy dod\u00e1vate\u013e sprac\u00fava osobn\u00e9 \u00fadaje kupuj\u00faceho, a to: meno, priezvisko, obchodn\u00e9 meno, adresa, rodn\u00e9 \u010d\u00edslo, da\u0148ov\u00e9 identifika\u010dn\u00e9 \u010d\u00edslo, e-mailov\u00e1 adresa, telef\u00f3nne \u010d\u00edslo (\u010falej len \u201eosobn\u00e9 \u00fadaje\u201c).<\/p><p>\u00a0<\/p><p>Dod\u00e1vate\u013e sprac\u00fava osobn\u00e9 \u00fadaje kupuj\u00faceho na \u00fa\u010dely vykonania a udr\u017eania pr\u00e1v a povinnost\u00ed stanoven\u00fdch v k\u00fapnej zmluve.<\/p><p>\u00a0<\/p><p>Kupuj\u00faci potvrdzuje, \u017ee je povinn\u00fd poskytn\u00fa\u0165 presn\u00e9 a pravdiv\u00e9 osobn\u00e9 \u00fadaje (pri registr\u00e1cii, na svojom u\u017e\u00edvate\u013eskom \u00fa\u010dte, pri objedn\u00e1van\u00ed na webovom rozhran\u00ed obchodu) a je povinn\u00fd okam\u017eite ozn\u00e1mi\u0165 predajcovi v\u0161etky zmeny svojich \u00fadajov.<\/p><p>\u00a0<\/p><p>Po\u010das spracovania osobn\u00fdch \u00fadajov pou\u017e\u00edvate\u013eov poskytovate\u013e m\u00f4\u017ee pridelova\u0165 \u00falohu spracovate\u013ea tret\u00edm stran\u00e1m. Osobn\u00e9 \u00fadaje sa nebud\u00fa pren\u00e1\u0161a\u0165 bez predch\u00e1dzaj\u00faceho s\u00fahlasu poskytovate\u013ea tret\u00edm osob\u00e1m, ktor\u00e9 nemaj\u00fa pr\u00e1vo kona\u0165 ako spracovatelia, okrem slu\u017eieb Heureka.sk, Zbozi.cz, partnersk\u00fdch subjektov a os\u00f4b zapojen\u00fdch do prepravy tovaru.<\/p><p>\u00a0<\/p><p>Kupuj\u00faci potvrdzuje, \u017ee poskytnut\u00e9 osobn\u00e9 \u00fadaje s\u00fa spr\u00e1vne, a potvrdzuje, \u017ee je potrebn\u00e9 dobrovo\u013en\u00e9 poskytnutie tak\u00fdchto osobn\u00fdch \u00fadajov.<\/p><p>\u00a0<\/p><p>Ak kupuj\u00faci pova\u017euje, \u017ee predajca alebo opr\u00e1vnen\u00fd spracovate\u013e (\u010dl\u00e1nok 1.60.) sprac\u00fava jeho osobn\u00e9 \u00fadaje napriek ochrane s\u00fakromia a osobnej sp\u00f4sobilosti kupuj\u00faceho alebo napriek poru\u0161eniu z\u00e1kona, najm\u00e4 ak s\u00fa osobn\u00e9 \u00fadaje nepravdiv\u00e9 vzh\u013eadom na ich spracovanie vzh\u013eadom na ich \u00fa\u010del, m\u00e1 pr\u00e1vo:<\/p><p>\u00a0<\/p><p>Posla\u0165 \u017eiados\u0165 o opravu osobn\u00fdch \u00fadajov Posla\u0165 \u017eiados\u0165 predajcovi alebo spracovate\u013eovi o opravu situ\u00e1cie Posla\u0165 \u017eiados\u0165 predajcovi alebo spracovate\u013eovi o n\u00e1mietku proti spracovaniu \u00fadajov Ak kupuj\u00faci po\u017eiada o inform\u00e1cie o spracovan\u00ed svojich \u00fadajov, predajca je povinn\u00fd poskytn\u00fa\u0165 tieto \u00fadaje. Predajca m\u00e1 pr\u00e1vo \u00fa\u010dtova\u0165 osobitn\u00e9 poplatky za poskytnutie inform\u00e1ci\u00ed, ktor\u00e9 presahuj\u00fa vy\u0161\u0161ie uveden\u00e9 n\u00e1klady, bez prekro\u010denia n\u00e1kladov potrebn\u00fdch na poskytnutie inform\u00e1ci\u00ed.<\/p><p>\u00a0<\/p><p>Podmienky ochrany osobn\u00fdch \u00fadajov tejto verzie nadob\u00fadaj\u00fa \u00fa\u010dinnos\u0165 d\u0148om 24. m\u00e1ja 2018. SPRACOVANIE OSOBN\u00ddCH \u00daDAJOV NA MARKETINGOV\u00c9 \u00da\u010cELY POD\u013dA NARIADENIA GDPR.<\/p><p>\u00a0<\/p><p>AGRAM GROUP LTD 71-75, Shelton Street, Covent Garden, London, WC2H 9JQ, UNITED KINGDOM \/ info@orgion-eu.com<\/p><p>\u00a0<\/p><p>Povolenie k registr\u00e1cii: Okresn\u00fd s\u00fad v Lond\u00fdne IBAN BE73 9673 2562 8760 \/\/ I\u010cO: 14181933<\/p>\t\t\t\t\t\t\t\t<\/div>\n\t\t\t\t<\/div>\n\t\t\t\t\t<\/div>\n\t\t\t\t<\/div>\n\t\t\t\t<\/div>\n\t\t","protected":false},"excerpt":{"rendered":"<p>Z\u00e1sady ochrany osobn\u00fdch \u00fadajov GDPR Spr\u00e1vca internetov\u00e9ho obchodu ako prev\u00e1dzkovate\u013e osobn\u00fdch \u00fadajov spracov\u00e1va osobn\u00e9 \u00fadaje, ktor\u00e9 u\u017e\u00edvate\u013e poskytuje prev\u00e1dzkovate\u013eovi v<\/p>\n","protected":false},"author":1,"featured_media":0,"parent":0,"menu_order":0,"comment_status":"closed","ping_status":"closed","template":"","meta":{"footnotes":""},"class_list":["post-22102","page","type-page","status-publish","hentry"],"yoast_head":"<!-- This site is optimized with the Yoast SEO plugin v24.2 - https:\/\/yoast.com\/wordpress\/plugins\/seo\/ -->\n<title>Z\u00e1sady ochrany osobn\u00fdch \u00fadajov - Origon EU<\/title>\n<meta name=\"robots\" content=\"index, follow, max-snippet:-1, max-image-preview:large, max-video-preview:-1\" \/>\n<link rel=\"canonical\" href=\"https:\/\/origon-eu.com\/sk\/pravila-o-zastiti-privatnosti\/\" \/>\n<meta property=\"og:locale\" content=\"sk_SK\" \/>\n<meta property=\"og:type\" content=\"article\" \/>\n<meta property=\"og:title\" content=\"Z\u00e1sady ochrany osobn\u00fdch \u00fadajov - Origon EU\" \/>\n<meta property=\"og:description\" content=\"Z\u00e1sady ochrany osobn\u00fdch \u00fadajov GDPR Spr\u00e1vca internetov\u00e9ho obchodu ako prev\u00e1dzkovate\u013e osobn\u00fdch \u00fadajov spracov\u00e1va osobn\u00e9 \u00fadaje, ktor\u00e9 u\u017e\u00edvate\u013e poskytuje prev\u00e1dzkovate\u013eovi v\" \/>\n<meta property=\"og:url\" content=\"https:\/\/origon-eu.com\/sk\/pravila-o-zastiti-privatnosti\/\" \/>\n<meta property=\"og:site_name\" content=\"Origon EU\" \/>\n<meta property=\"article:modified_time\" content=\"2024-11-27T09:06:50+00:00\" \/>\n<meta name=\"twitter:card\" content=\"summary_large_image\" \/>\n<meta name=\"twitter:label1\" content=\"Predpokladan\u00fd \u010das \u010d\u00edtania\" \/>\n\t<meta name=\"twitter:data1\" content=\"3 min\u00faty\" \/>\n<script type=\"application\/ld+json\" class=\"yoast-schema-graph\">{\"@context\":\"https:\/\/schema.org\",\"@graph\":[{\"@type\":\"WebPage\",\"@id\":\"https:\/\/origon-eu.com\/sk\/pravila-o-zastiti-privatnosti\/\",\"url\":\"https:\/\/origon-eu.com\/sk\/pravila-o-zastiti-privatnosti\/\",\"name\":\"Z\u00e1sady ochrany osobn\u00fdch \u00fadajov - Origon EU\",\"isPartOf\":{\"@id\":\"https:\/\/origon-eu.com\/#website\"},\"datePublished\":\"2024-04-05T07:46:50+00:00\",\"dateModified\":\"2024-11-27T09:06:50+00:00\",\"breadcrumb\":{\"@id\":\"https:\/\/origon-eu.com\/sk\/pravila-o-zastiti-privatnosti\/#breadcrumb\"},\"inLanguage\":\"sk-SK\",\"potentialAction\":[{\"@type\":\"ReadAction\",\"target\":[\"https:\/\/origon-eu.com\/sk\/pravila-o-zastiti-privatnosti\/\"]}]},{\"@type\":\"BreadcrumbList\",\"@id\":\"https:\/\/origon-eu.com\/sk\/pravila-o-zastiti-privatnosti\/#breadcrumb\",\"itemListElement\":[{\"@type\":\"ListItem\",\"position\":1,\"name\":\"Home\",\"item\":\"https:\/\/origon-eu.com\/\"},{\"@type\":\"ListItem\",\"position\":2,\"name\":\"Z\u00e1sady ochrany osobn\u00fdch \u00fadajov\"}]},{\"@type\":\"WebSite\",\"@id\":\"https:\/\/origon-eu.com\/#website\",\"url\":\"https:\/\/origon-eu.com\/\",\"name\":\"Origon EU\",\"description\":\"Online Store\",\"publisher\":{\"@id\":\"https:\/\/origon-eu.com\/#organization\"},\"potentialAction\":[{\"@type\":\"SearchAction\",\"target\":{\"@type\":\"EntryPoint\",\"urlTemplate\":\"https:\/\/origon-eu.com\/?s={search_term_string}\"},\"query-input\":{\"@type\":\"PropertyValueSpecification\",\"valueRequired\":true,\"valueName\":\"search_term_string\"}}],\"inLanguage\":\"sk-SK\"},{\"@type\":\"Organization\",\"@id\":\"https:\/\/origon-eu.com\/#organization\",\"name\":\"Origon EU\",\"url\":\"https:\/\/origon-eu.com\/\",\"logo\":{\"@type\":\"ImageObject\",\"inLanguage\":\"sk-SK\",\"@id\":\"https:\/\/origon-eu.com\/#\/schema\/logo\/image\/\",\"url\":\"https:\/\/origon-eu.com\/wp-content\/uploads\/2024\/04\/Screenshot-2024-04-09-101814.png\",\"contentUrl\":\"https:\/\/origon-eu.com\/wp-content\/uploads\/2024\/04\/Screenshot-2024-04-09-101814.png\",\"width\":171,\"height\":59,\"caption\":\"Origon EU\"},\"image\":{\"@id\":\"https:\/\/origon-eu.com\/#\/schema\/logo\/image\/\"}}]}<\/script>\n<!-- \/ Yoast SEO plugin. -->","yoast_head_json":{"title":"Z\u00e1sady ochrany osobn\u00fdch \u00fadajov - Origon EU","robots":{"index":"index","follow":"follow","max-snippet":"max-snippet:-1","max-image-preview":"max-image-preview:large","max-video-preview":"max-video-preview:-1"},"canonical":"https:\/\/origon-eu.com\/sk\/pravila-o-zastiti-privatnosti\/","og_locale":"sk_SK","og_type":"article","og_title":"Z\u00e1sady ochrany osobn\u00fdch \u00fadajov - Origon EU","og_description":"Z\u00e1sady ochrany osobn\u00fdch \u00fadajov GDPR Spr\u00e1vca internetov\u00e9ho obchodu ako prev\u00e1dzkovate\u013e osobn\u00fdch \u00fadajov spracov\u00e1va osobn\u00e9 \u00fadaje, ktor\u00e9 u\u017e\u00edvate\u013e poskytuje prev\u00e1dzkovate\u013eovi v","og_url":"https:\/\/origon-eu.com\/sk\/pravila-o-zastiti-privatnosti\/","og_site_name":"Origon EU","article_modified_time":"2024-11-27T09:06:50+00:00","twitter_card":"summary_large_image","twitter_misc":{"Predpokladan\u00fd \u010das \u010d\u00edtania":"3 min\u00faty"},"schema":{"@context":"https:\/\/schema.org","@graph":[{"@type":"WebPage","@id":"https:\/\/origon-eu.com\/sk\/pravila-o-zastiti-privatnosti\/","url":"https:\/\/origon-eu.com\/sk\/pravila-o-zastiti-privatnosti\/","name":"Z\u00e1sady ochrany osobn\u00fdch \u00fadajov - Origon EU","isPartOf":{"@id":"https:\/\/origon-eu.com\/#website"},"datePublished":"2024-04-05T07:46:50+00:00","dateModified":"2024-11-27T09:06:50+00:00","breadcrumb":{"@id":"https:\/\/origon-eu.com\/sk\/pravila-o-zastiti-privatnosti\/#breadcrumb"},"inLanguage":"sk-SK","potentialAction":[{"@type":"ReadAction","target":["https:\/\/origon-eu.com\/sk\/pravila-o-zastiti-privatnosti\/"]}]},{"@type":"BreadcrumbList","@id":"https:\/\/origon-eu.com\/sk\/pravila-o-zastiti-privatnosti\/#breadcrumb","itemListElement":[{"@type":"ListItem","position":1,"name":"Home","item":"https:\/\/origon-eu.com\/"},{"@type":"ListItem","position":2,"name":"Z\u00e1sady ochrany osobn\u00fdch \u00fadajov"}]},{"@type":"WebSite","@id":"https:\/\/origon-eu.com\/#website","url":"https:\/\/origon-eu.com\/","name":"Origon EU","description":"Online Store","publisher":{"@id":"https:\/\/origon-eu.com\/#organization"},"potentialAction":[{"@type":"SearchAction","target":{"@type":"EntryPoint","urlTemplate":"https:\/\/origon-eu.com\/?s={search_term_string}"},"query-input":{"@type":"PropertyValueSpecification","valueRequired":true,"valueName":"search_term_string"}}],"inLanguage":"sk-SK"},{"@type":"Organization","@id":"https:\/\/origon-eu.com\/#organization","name":"Origon EU","url":"https:\/\/origon-eu.com\/","logo":{"@type":"ImageObject","inLanguage":"sk-SK","@id":"https:\/\/origon-eu.com\/#\/schema\/logo\/image\/","url":"https:\/\/origon-eu.com\/wp-content\/uploads\/2024\/04\/Screenshot-2024-04-09-101814.png","contentUrl":"https:\/\/origon-eu.com\/wp-content\/uploads\/2024\/04\/Screenshot-2024-04-09-101814.png","width":171,"height":59,"caption":"Origon EU"},"image":{"@id":"https:\/\/origon-eu.com\/#\/schema\/logo\/image\/"}}]}},"_links":{"self":[{"href":"https:\/\/origon-eu.com\/sk\/wp-json\/wp\/v2\/pages\/22102","targetHints":{"allow":["GET"]}}],"collection":[{"href":"https:\/\/origon-eu.com\/sk\/wp-json\/wp\/v2\/pages"}],"about":[{"href":"https:\/\/origon-eu.com\/sk\/wp-json\/wp\/v2\/types\/page"}],"author":[{"embeddable":true,"href":"https:\/\/origon-eu.com\/sk\/wp-json\/wp\/v2\/users\/1"}],"replies":[{"embeddable":true,"href":"https:\/\/origon-eu.com\/sk\/wp-json\/wp\/v2\/comments?post=22102"}],"version-history":[{"count":1,"href":"https:\/\/origon-eu.com\/sk\/wp-json\/wp\/v2\/pages\/22102\/revisions"}],"predecessor-version":[{"id":30485,"href":"https:\/\/origon-eu.com\/sk\/wp-json\/wp\/v2\/pages\/22102\/revisions\/30485"}],"wp:attachment":[{"href":"https:\/\/origon-eu.com\/sk\/wp-json\/wp\/v2\/media?parent=22102"}],"curies":[{"name":"wp","href":"https:\/\/api.w.org\/{rel}","templated":true}]}}