{"id":39710,"date":"2025-03-21T17:02:32","date_gmt":"2025-03-21T15:02:32","guid":{"rendered":"https:\/\/origon-eu.com\/product\/microcotton-bathrobe-with-hood-450gr-100-cotton-turquoise\/"},"modified":"2025-03-25T15:58:38","modified_gmt":"2025-03-25T13:58:38","slug":"microcotton-bathrobe-with-hood-450gr-100-cotton-turquoise","status":"publish","type":"product","link":"https:\/\/origon-eu.com\/si\/product\/microcotton-bathrobe-with-hood-450gr-100-cotton-turquoise\/","title":{"rendered":"Premium Mikropamuk Kopalni pla\u0161\u010d s kapuco, 450g \u2013 100% Bomba\u017e, Tirkizna"},"content":{"rendered":"<p>Luksuzni kopalni pla\u0161\u010d z kapuco iz mikrobakrenke, z visoko gostoto in sodobnim dizajnom. Mikrobakrenka je bomba\u017ena preja, ki je prestala posebno obdelavo, zaradi \u010desar so izdelki iz nje izjemno mehki in prijetni na dotik ter imajo popolno absorpcijsko mo\u010d. Trajne barve.<\/p>\n<p>Lastnosti:<\/p>\n<p>Velikosti: M, L, XL, XXL<\/p>\n<p>Sestava: 100% bomba\u017e<\/p>\n<p>Opombe:<\/p>\n<p class=\"\" data-start=\"443\" data-end=\"491\">Lahko se opere v pralnem stroju do 40 stopinj!<\/p>\n<p class=\"\" data-start=\"494\" data-end=\"561\">Slika je ilustrativna in prikazuje splo\u0161ne zna\u010dilnosti izdelka!<\/p>\n","protected":false},"excerpt":{"rendered":"<ul>\n<li><strong data-start=\"566\" data-end=\"579\">Material:<\/strong> 100% bomba\u017e mikrobakrenka za mehkobo in izjemno vpojnost<\/li>\n<li><strong data-start=\"639\" data-end=\"648\">Te\u017ea:<\/strong> 450 gramov, ki zagotavlja luksuzno in udobno teksturo<\/li>\n<li><strong data-start=\"705\" data-end=\"716\">Dizajn:<\/strong> Vsebuje kapuco za dodatno toploto in udobje<\/li>\n<li><strong data-start=\"763\" data-end=\"773\">Barva:<\/strong> Svetla turkizna za \u017eivahen in osve\u017eilen videz<\/li>\n<li><strong data-start=\"822\" data-end=\"835\">Vpojnost:<\/strong> Odli\u010dna vpojnost, idealna za su\u0161enje po kopanju ali tu\u0161iranju<\/li>\n<li><strong data-start=\"900\" data-end=\"911\">Udobno:<\/strong> Nudi luksuzno izku\u0161njo, kot v wellnessu, kar doma<\/li>\n<\/ul>\n","protected":false},"featured_media":38979,"template":"","meta":[],"product_cat":[509],"product_tag":[],"class_list":{"0":"post-39710","1":"product","2":"type-product","3":"status-publish","4":"has-post-thumbnail","6":"product_cat-bathrobes-si","8":"first","9":"outofstock","10":"shipping-taxable","11":"purchasable","12":"product-type-variable"},"yoast_head":"<!-- This site is optimized with the Yoast SEO plugin v24.2 - https:\/\/yoast.com\/wordpress\/plugins\/seo\/ -->\n<title>Premium Mikropamuk Kopalni pla\u0161\u010d s kapuco, 450g \u2013 100% Bomba\u017e, Tirkizna - Origon EU<\/title>\n<meta name=\"robots\" content=\"index, follow, max-snippet:-1, max-image-preview:large, max-video-preview:-1\" \/>\n<link rel=\"canonical\" href=\"https:\/\/origon-eu.com\/si\/product\/microcotton-bathrobe-with-hood-450gr-100-cotton-turquoise\/\" \/>\n<meta property=\"og:locale\" content=\"sl_SI\" \/>\n<meta property=\"og:type\" content=\"article\" \/>\n<meta property=\"og:title\" content=\"Premium Mikropamuk Kopalni pla\u0161\u010d s kapuco, 450g \u2013 100% Bomba\u017e, Tirkizna - Origon EU\" \/>\n<meta property=\"og:description\" content=\"Material: 100% bomba\u017e mikrobakrenka za mehkobo in izjemno vpojnost  Te\u017ea: 450 gramov, ki zagotavlja luksuzno in udobno teksturo  Dizajn: Vsebuje kapuco za dodatno toploto in udobje  Barva: Svetla turkizna za \u017eivahen in osve\u017eilen videz  Vpojnost: Odli\u010dna vpojnost, idealna za su\u0161enje po kopanju ali tu\u0161iranju  Udobno: Nudi luksuzno izku\u0161njo, kot v wellnessu, kar doma\" \/>\n<meta property=\"og:url\" content=\"https:\/\/origon-eu.com\/si\/product\/microcotton-bathrobe-with-hood-450gr-100-cotton-turquoise\/\" \/>\n<meta property=\"og:site_name\" content=\"Origon EU\" \/>\n<meta property=\"article:modified_time\" content=\"2025-03-25T13:58:38+00:00\" \/>\n<meta property=\"og:image\" content=\"https:\/\/origon-eu.com\/wp-content\/uploads\/2025\/03\/halat-mikropamuk-s-kaculka-450gr-100-pamuk-turkoaz-image_670cf4dc8923d_1920x1920.webp\" \/>\n\t<meta property=\"og:image:width\" content=\"1280\" \/>\n\t<meta property=\"og:image:height\" content=\"1920\" \/>\n\t<meta property=\"og:image:type\" content=\"image\/webp\" \/>\n<meta name=\"twitter:card\" content=\"summary_large_image\" \/>\n<meta name=\"twitter:label1\" content=\"Est. reading time\" \/>\n\t<meta name=\"twitter:data1\" content=\"1 minuta\" \/>\n<script type=\"application\/ld+json\" class=\"yoast-schema-graph\">{\"@context\":\"https:\/\/schema.org\",\"@graph\":[{\"@type\":\"WebPage\",\"@id\":\"https:\/\/origon-eu.com\/si\/product\/microcotton-bathrobe-with-hood-450gr-100-cotton-turquoise\/\",\"url\":\"https:\/\/origon-eu.com\/si\/product\/microcotton-bathrobe-with-hood-450gr-100-cotton-turquoise\/\",\"name\":\"Premium Mikropamuk Kopalni pla\u0161\u010d s kapuco, 450g \u2013 100% Bomba\u017e, Tirkizna - Origon EU\",\"isPartOf\":{\"@id\":\"https:\/\/origon-eu.com\/#website\"},\"primaryImageOfPage\":{\"@id\":\"https:\/\/origon-eu.com\/si\/product\/microcotton-bathrobe-with-hood-450gr-100-cotton-turquoise\/#primaryimage\"},\"image\":{\"@id\":\"https:\/\/origon-eu.com\/si\/product\/microcotton-bathrobe-with-hood-450gr-100-cotton-turquoise\/#primaryimage\"},\"thumbnailUrl\":\"https:\/\/origon-eu.com\/wp-content\/uploads\/2025\/03\/halat-mikropamuk-s-kaculka-450gr-100-pamuk-turkoaz-image_670cf4dc8923d_1920x1920.webp\",\"datePublished\":\"2025-03-21T15:02:32+00:00\",\"dateModified\":\"2025-03-25T13:58:38+00:00\",\"breadcrumb\":{\"@id\":\"https:\/\/origon-eu.com\/si\/product\/microcotton-bathrobe-with-hood-450gr-100-cotton-turquoise\/#breadcrumb\"},\"inLanguage\":\"sl-SI\",\"potentialAction\":[{\"@type\":\"ReadAction\",\"target\":[\"https:\/\/origon-eu.com\/si\/product\/microcotton-bathrobe-with-hood-450gr-100-cotton-turquoise\/\"]}]},{\"@type\":\"ImageObject\",\"inLanguage\":\"sl-SI\",\"@id\":\"https:\/\/origon-eu.com\/si\/product\/microcotton-bathrobe-with-hood-450gr-100-cotton-turquoise\/#primaryimage\",\"url\":\"https:\/\/origon-eu.com\/wp-content\/uploads\/2025\/03\/halat-mikropamuk-s-kaculka-450gr-100-pamuk-turkoaz-image_670cf4dc8923d_1920x1920.webp\",\"contentUrl\":\"https:\/\/origon-eu.com\/wp-content\/uploads\/2025\/03\/halat-mikropamuk-s-kaculka-450gr-100-pamuk-turkoaz-image_670cf4dc8923d_1920x1920.webp\",\"width\":1280,\"height\":1920},{\"@type\":\"BreadcrumbList\",\"@id\":\"https:\/\/origon-eu.com\/si\/product\/microcotton-bathrobe-with-hood-450gr-100-cotton-turquoise\/#breadcrumb\",\"itemListElement\":[{\"@type\":\"ListItem\",\"position\":1,\"name\":\"Home\",\"item\":\"https:\/\/origon-eu.com\/\"},{\"@type\":\"ListItem\",\"position\":2,\"name\":\"Shop\",\"item\":\"https:\/\/origon-eu.com\/si\/shop-2\/\"},{\"@type\":\"ListItem\",\"position\":3,\"name\":\"Premium Mikropamuk Kopalni pla\u0161\u010d s kapuco, 450g \u2013 100% Bomba\u017e, Tirkizna\"}]},{\"@type\":\"WebSite\",\"@id\":\"https:\/\/origon-eu.com\/#website\",\"url\":\"https:\/\/origon-eu.com\/\",\"name\":\"Origon EU\",\"description\":\"Online Store\",\"publisher\":{\"@id\":\"https:\/\/origon-eu.com\/#organization\"},\"potentialAction\":[{\"@type\":\"SearchAction\",\"target\":{\"@type\":\"EntryPoint\",\"urlTemplate\":\"https:\/\/origon-eu.com\/?s={search_term_string}\"},\"query-input\":{\"@type\":\"PropertyValueSpecification\",\"valueRequired\":true,\"valueName\":\"search_term_string\"}}],\"inLanguage\":\"sl-SI\"},{\"@type\":\"Organization\",\"@id\":\"https:\/\/origon-eu.com\/#organization\",\"name\":\"Origon EU\",\"url\":\"https:\/\/origon-eu.com\/\",\"logo\":{\"@type\":\"ImageObject\",\"inLanguage\":\"sl-SI\",\"@id\":\"https:\/\/origon-eu.com\/#\/schema\/logo\/image\/\",\"url\":\"https:\/\/origon-eu.com\/wp-content\/uploads\/2024\/04\/Screenshot-2024-04-09-101814.png\",\"contentUrl\":\"https:\/\/origon-eu.com\/wp-content\/uploads\/2024\/04\/Screenshot-2024-04-09-101814.png\",\"width\":171,\"height\":59,\"caption\":\"Origon EU\"},\"image\":{\"@id\":\"https:\/\/origon-eu.com\/#\/schema\/logo\/image\/\"}}]}<\/script>\n<!-- \/ Yoast SEO plugin. -->","yoast_head_json":{"title":"Premium Mikropamuk Kopalni pla\u0161\u010d s kapuco, 450g \u2013 100% Bomba\u017e, Tirkizna - Origon EU","robots":{"index":"index","follow":"follow","max-snippet":"max-snippet:-1","max-image-preview":"max-image-preview:large","max-video-preview":"max-video-preview:-1"},"canonical":"https:\/\/origon-eu.com\/si\/product\/microcotton-bathrobe-with-hood-450gr-100-cotton-turquoise\/","og_locale":"sl_SI","og_type":"article","og_title":"Premium Mikropamuk Kopalni pla\u0161\u010d s kapuco, 450g \u2013 100% Bomba\u017e, Tirkizna - Origon EU","og_description":"Material: 100% bomba\u017e mikrobakrenka za mehkobo in izjemno vpojnost  Te\u017ea: 450 gramov, ki zagotavlja luksuzno in udobno teksturo  Dizajn: Vsebuje kapuco za dodatno toploto in udobje  Barva: Svetla turkizna za \u017eivahen in osve\u017eilen videz  Vpojnost: Odli\u010dna vpojnost, idealna za su\u0161enje po kopanju ali tu\u0161iranju  Udobno: Nudi luksuzno izku\u0161njo, kot v wellnessu, kar doma","og_url":"https:\/\/origon-eu.com\/si\/product\/microcotton-bathrobe-with-hood-450gr-100-cotton-turquoise\/","og_site_name":"Origon EU","article_modified_time":"2025-03-25T13:58:38+00:00","og_image":[{"width":1280,"height":1920,"url":"https:\/\/origon-eu.com\/wp-content\/uploads\/2025\/03\/halat-mikropamuk-s-kaculka-450gr-100-pamuk-turkoaz-image_670cf4dc8923d_1920x1920.webp","type":"image\/webp"}],"twitter_card":"summary_large_image","twitter_misc":{"Est. reading time":"1 minuta"},"schema":{"@context":"https:\/\/schema.org","@graph":[{"@type":"WebPage","@id":"https:\/\/origon-eu.com\/si\/product\/microcotton-bathrobe-with-hood-450gr-100-cotton-turquoise\/","url":"https:\/\/origon-eu.com\/si\/product\/microcotton-bathrobe-with-hood-450gr-100-cotton-turquoise\/","name":"Premium Mikropamuk Kopalni pla\u0161\u010d s kapuco, 450g \u2013 100% Bomba\u017e, Tirkizna - Origon EU","isPartOf":{"@id":"https:\/\/origon-eu.com\/#website"},"primaryImageOfPage":{"@id":"https:\/\/origon-eu.com\/si\/product\/microcotton-bathrobe-with-hood-450gr-100-cotton-turquoise\/#primaryimage"},"image":{"@id":"https:\/\/origon-eu.com\/si\/product\/microcotton-bathrobe-with-hood-450gr-100-cotton-turquoise\/#primaryimage"},"thumbnailUrl":"https:\/\/origon-eu.com\/wp-content\/uploads\/2025\/03\/halat-mikropamuk-s-kaculka-450gr-100-pamuk-turkoaz-image_670cf4dc8923d_1920x1920.webp","datePublished":"2025-03-21T15:02:32+00:00","dateModified":"2025-03-25T13:58:38+00:00","breadcrumb":{"@id":"https:\/\/origon-eu.com\/si\/product\/microcotton-bathrobe-with-hood-450gr-100-cotton-turquoise\/#breadcrumb"},"inLanguage":"sl-SI","potentialAction":[{"@type":"ReadAction","target":["https:\/\/origon-eu.com\/si\/product\/microcotton-bathrobe-with-hood-450gr-100-cotton-turquoise\/"]}]},{"@type":"ImageObject","inLanguage":"sl-SI","@id":"https:\/\/origon-eu.com\/si\/product\/microcotton-bathrobe-with-hood-450gr-100-cotton-turquoise\/#primaryimage","url":"https:\/\/origon-eu.com\/wp-content\/uploads\/2025\/03\/halat-mikropamuk-s-kaculka-450gr-100-pamuk-turkoaz-image_670cf4dc8923d_1920x1920.webp","contentUrl":"https:\/\/origon-eu.com\/wp-content\/uploads\/2025\/03\/halat-mikropamuk-s-kaculka-450gr-100-pamuk-turkoaz-image_670cf4dc8923d_1920x1920.webp","width":1280,"height":1920},{"@type":"BreadcrumbList","@id":"https:\/\/origon-eu.com\/si\/product\/microcotton-bathrobe-with-hood-450gr-100-cotton-turquoise\/#breadcrumb","itemListElement":[{"@type":"ListItem","position":1,"name":"Home","item":"https:\/\/origon-eu.com\/"},{"@type":"ListItem","position":2,"name":"Shop","item":"https:\/\/origon-eu.com\/si\/shop-2\/"},{"@type":"ListItem","position":3,"name":"Premium Mikropamuk Kopalni pla\u0161\u010d s kapuco, 450g \u2013 100% Bomba\u017e, Tirkizna"}]},{"@type":"WebSite","@id":"https:\/\/origon-eu.com\/#website","url":"https:\/\/origon-eu.com\/","name":"Origon EU","description":"Online Store","publisher":{"@id":"https:\/\/origon-eu.com\/#organization"},"potentialAction":[{"@type":"SearchAction","target":{"@type":"EntryPoint","urlTemplate":"https:\/\/origon-eu.com\/?s={search_term_string}"},"query-input":{"@type":"PropertyValueSpecification","valueRequired":true,"valueName":"search_term_string"}}],"inLanguage":"sl-SI"},{"@type":"Organization","@id":"https:\/\/origon-eu.com\/#organization","name":"Origon EU","url":"https:\/\/origon-eu.com\/","logo":{"@type":"ImageObject","inLanguage":"sl-SI","@id":"https:\/\/origon-eu.com\/#\/schema\/logo\/image\/","url":"https:\/\/origon-eu.com\/wp-content\/uploads\/2024\/04\/Screenshot-2024-04-09-101814.png","contentUrl":"https:\/\/origon-eu.com\/wp-content\/uploads\/2024\/04\/Screenshot-2024-04-09-101814.png","width":171,"height":59,"caption":"Origon EU"},"image":{"@id":"https:\/\/origon-eu.com\/#\/schema\/logo\/image\/"}}]}},"tiered_pricing_type":"fixed","tiered_pricing_fixed_rules":[],"tiered_pricing_percentage_rules":[],"tiered_pricing_minimum":1,"tiered_pricing_roles_data":[],"_links":{"self":[{"href":"https:\/\/origon-eu.com\/si\/wp-json\/wp\/v2\/product\/39710","targetHints":{"allow":["GET"]}}],"collection":[{"href":"https:\/\/origon-eu.com\/si\/wp-json\/wp\/v2\/product"}],"about":[{"href":"https:\/\/origon-eu.com\/si\/wp-json\/wp\/v2\/types\/product"}],"version-history":[{"count":2,"href":"https:\/\/origon-eu.com\/si\/wp-json\/wp\/v2\/product\/39710\/revisions"}],"predecessor-version":[{"id":39951,"href":"https:\/\/origon-eu.com\/si\/wp-json\/wp\/v2\/product\/39710\/revisions\/39951"}],"wp:featuredmedia":[{"embeddable":true,"href":"https:\/\/origon-eu.com\/si\/wp-json\/wp\/v2\/media\/38979"}],"wp:attachment":[{"href":"https:\/\/origon-eu.com\/si\/wp-json\/wp\/v2\/media?parent=39710"}],"wp:term":[{"taxonomy":"product_cat","embeddable":true,"href":"https:\/\/origon-eu.com\/si\/wp-json\/wp\/v2\/product_cat?post=39710"},{"taxonomy":"product_tag","embeddable":true,"href":"https:\/\/origon-eu.com\/si\/wp-json\/wp\/v2\/product_tag?post=39710"}],"curies":[{"name":"wp","href":"https:\/\/api.w.org\/{rel}","templated":true}]}}