{"id":39556,"date":"2025-03-21T16:56:56","date_gmt":"2025-03-21T14:56:56","guid":{"rendered":"https:\/\/origon-eu.com\/product\/microcotton-bathrobe-with-hood-450gr-100-cotton-grey\/"},"modified":"2025-03-25T15:54:06","modified_gmt":"2025-03-25T13:54:06","slug":"microcotton-bathrobe-with-hood-450gr-100-cotton-grey","status":"publish","type":"product","link":"https:\/\/origon-eu.com\/si\/product\/microcotton-bathrobe-with-hood-450gr-100-cotton-grey\/","title":{"rendered":"Premium Mikropamuk Kopalni pla\u0161\u010d s kapuco, 450g \u2013 100% Bomba\u017e, Siva"},"content":{"rendered":"<p class=\"\" data-start=\"76\" data-end=\"350\">Luksuzni kopalni pla\u0161\u010d z kapuco iz mikrobakrenke, z visoko gostoto in sodobnim dizajnom. Mikrobakrenka je bomba\u017ena preja, ki je prestala posebno obdelavo, zaradi \u010desar so izdelki iz nje izjemno mehki in prijetni na dotik ter imajo popolno absorpcijsko mo\u010d. Trajne barve.<\/p>\n<p class=\"\" data-start=\"352\" data-end=\"366\">Lastnosti:<\/p>\n<p class=\"\" data-start=\"370\" data-end=\"396\">Velikosti: M, L, XL, XXL<\/p>\n<p class=\"\" data-start=\"399\" data-end=\"421\">Sestava: 100% bomba\u017e<\/p>\n<p class=\"\" data-start=\"423\" data-end=\"434\">Opombe:<\/p>\n<p class=\"\" data-start=\"438\" data-end=\"486\">Lahko se opere v pralnem stroju do 40 stopinj!<\/p>\n<p class=\"\" data-start=\"489\" data-end=\"514\">Ne uporabljajte belila!<\/p>\n<p class=\"\" data-start=\"517\" data-end=\"584\">Slika je ilustrativna in prikazuje splo\u0161ne zna\u010dilnosti izdelka!<\/p>\n","protected":false},"excerpt":{"rendered":"<ul>\n<li data-start=\"0\" data-end=\"74\"><strong data-start=\"589\" data-end=\"602\">Material:<\/strong> 100% bomba\u017e mikrobakrenka za mehkobo in izjemno vpojnost<\/li>\n<li data-start=\"0\" data-end=\"74\"><strong data-start=\"662\" data-end=\"671\">Te\u017ea:<\/strong> 450 gramov, kar zagotavlja luksuzno in udobno teksturo<\/li>\n<li data-start=\"0\" data-end=\"74\"><strong data-start=\"729\" data-end=\"740\">Dizajn:<\/strong> Vsebuje kapuco za dodatno toplino in udobje<\/li>\n<li data-start=\"0\" data-end=\"74\"><strong data-start=\"787\" data-end=\"797\">Barva:<\/strong> Klasi\u010dna siva za eleganten in sodoben videz<\/li>\n<li data-start=\"0\" data-end=\"74\"><strong data-start=\"844\" data-end=\"857\">Vpojnost:<\/strong> Zelo vpojno, popolno za brisanje po kopanju ali tu\u0161iranju<\/li>\n<li data-start=\"0\" data-end=\"74\"><strong data-start=\"918\" data-end=\"929\">Udobno:<\/strong> Nudi luksuzno izku\u0161njo, kot v zdravili\u0161\u010du, kar doma<\/li>\n<\/ul>\n","protected":false},"featured_media":38933,"template":"","meta":[],"product_cat":[509],"product_tag":[],"class_list":{"0":"post-39556","1":"product","2":"type-product","3":"status-publish","4":"has-post-thumbnail","6":"product_cat-bathrobes-si","8":"first","9":"outofstock","10":"shipping-taxable","11":"purchasable","12":"product-type-variable"},"yoast_head":"<!-- This site is optimized with the Yoast SEO plugin v24.2 - https:\/\/yoast.com\/wordpress\/plugins\/seo\/ -->\n<title>Premium Mikropamuk Kopalni pla\u0161\u010d s kapuco, 450g \u2013 100% Bomba\u017e, Siva - Origon EU<\/title>\n<meta name=\"robots\" content=\"index, follow, max-snippet:-1, max-image-preview:large, max-video-preview:-1\" \/>\n<link rel=\"canonical\" href=\"https:\/\/origon-eu.com\/si\/product\/microcotton-bathrobe-with-hood-450gr-100-cotton-grey\/\" \/>\n<meta property=\"og:locale\" content=\"sl_SI\" \/>\n<meta property=\"og:type\" content=\"article\" \/>\n<meta property=\"og:title\" content=\"Premium Mikropamuk Kopalni pla\u0161\u010d s kapuco, 450g \u2013 100% Bomba\u017e, Siva - Origon EU\" \/>\n<meta property=\"og:description\" content=\"Material: 100% bomba\u017e mikrobakrenka za mehkobo in izjemno vpojnost  Te\u017ea: 450 gramov, kar zagotavlja luksuzno in udobno teksturo  Dizajn: Vsebuje kapuco za dodatno toplino in udobje  Barva: Klasi\u010dna siva za eleganten in sodoben videz  Vpojnost: Zelo vpojno, popolno za brisanje po kopanju ali tu\u0161iranju  Udobno: Nudi luksuzno izku\u0161njo, kot v zdravili\u0161\u010du, kar doma\" \/>\n<meta property=\"og:url\" content=\"https:\/\/origon-eu.com\/si\/product\/microcotton-bathrobe-with-hood-450gr-100-cotton-grey\/\" \/>\n<meta property=\"og:site_name\" content=\"Origon EU\" \/>\n<meta property=\"article:modified_time\" content=\"2025-03-25T13:54:06+00:00\" \/>\n<meta property=\"og:image\" content=\"https:\/\/origon-eu.com\/wp-content\/uploads\/2025\/03\/halat-mikropamuk-s-kaculka-450gr-100-pamuk-sivo-image_670cf6f6cb998_1920x1920.webp\" \/>\n\t<meta property=\"og:image:width\" content=\"1311\" \/>\n\t<meta property=\"og:image:height\" content=\"1920\" \/>\n\t<meta property=\"og:image:type\" content=\"image\/webp\" \/>\n<meta name=\"twitter:card\" content=\"summary_large_image\" \/>\n<meta name=\"twitter:label1\" content=\"Est. reading time\" \/>\n\t<meta name=\"twitter:data1\" content=\"1 minuta\" \/>\n<script type=\"application\/ld+json\" class=\"yoast-schema-graph\">{\"@context\":\"https:\/\/schema.org\",\"@graph\":[{\"@type\":\"WebPage\",\"@id\":\"https:\/\/origon-eu.com\/si\/product\/microcotton-bathrobe-with-hood-450gr-100-cotton-grey\/\",\"url\":\"https:\/\/origon-eu.com\/si\/product\/microcotton-bathrobe-with-hood-450gr-100-cotton-grey\/\",\"name\":\"Premium Mikropamuk Kopalni pla\u0161\u010d s kapuco, 450g \u2013 100% Bomba\u017e, Siva - Origon EU\",\"isPartOf\":{\"@id\":\"https:\/\/origon-eu.com\/#website\"},\"primaryImageOfPage\":{\"@id\":\"https:\/\/origon-eu.com\/si\/product\/microcotton-bathrobe-with-hood-450gr-100-cotton-grey\/#primaryimage\"},\"image\":{\"@id\":\"https:\/\/origon-eu.com\/si\/product\/microcotton-bathrobe-with-hood-450gr-100-cotton-grey\/#primaryimage\"},\"thumbnailUrl\":\"https:\/\/origon-eu.com\/wp-content\/uploads\/2025\/03\/halat-mikropamuk-s-kaculka-450gr-100-pamuk-sivo-image_670cf6f6cb998_1920x1920.webp\",\"datePublished\":\"2025-03-21T14:56:56+00:00\",\"dateModified\":\"2025-03-25T13:54:06+00:00\",\"breadcrumb\":{\"@id\":\"https:\/\/origon-eu.com\/si\/product\/microcotton-bathrobe-with-hood-450gr-100-cotton-grey\/#breadcrumb\"},\"inLanguage\":\"sl-SI\",\"potentialAction\":[{\"@type\":\"ReadAction\",\"target\":[\"https:\/\/origon-eu.com\/si\/product\/microcotton-bathrobe-with-hood-450gr-100-cotton-grey\/\"]}]},{\"@type\":\"ImageObject\",\"inLanguage\":\"sl-SI\",\"@id\":\"https:\/\/origon-eu.com\/si\/product\/microcotton-bathrobe-with-hood-450gr-100-cotton-grey\/#primaryimage\",\"url\":\"https:\/\/origon-eu.com\/wp-content\/uploads\/2025\/03\/halat-mikropamuk-s-kaculka-450gr-100-pamuk-sivo-image_670cf6f6cb998_1920x1920.webp\",\"contentUrl\":\"https:\/\/origon-eu.com\/wp-content\/uploads\/2025\/03\/halat-mikropamuk-s-kaculka-450gr-100-pamuk-sivo-image_670cf6f6cb998_1920x1920.webp\",\"width\":1311,\"height\":1920},{\"@type\":\"BreadcrumbList\",\"@id\":\"https:\/\/origon-eu.com\/si\/product\/microcotton-bathrobe-with-hood-450gr-100-cotton-grey\/#breadcrumb\",\"itemListElement\":[{\"@type\":\"ListItem\",\"position\":1,\"name\":\"Home\",\"item\":\"https:\/\/origon-eu.com\/\"},{\"@type\":\"ListItem\",\"position\":2,\"name\":\"Shop\",\"item\":\"https:\/\/origon-eu.com\/si\/shop-2\/\"},{\"@type\":\"ListItem\",\"position\":3,\"name\":\"Premium Mikropamuk Kopalni pla\u0161\u010d s kapuco, 450g \u2013 100% Bomba\u017e, Siva\"}]},{\"@type\":\"WebSite\",\"@id\":\"https:\/\/origon-eu.com\/#website\",\"url\":\"https:\/\/origon-eu.com\/\",\"name\":\"Origon EU\",\"description\":\"Online Store\",\"publisher\":{\"@id\":\"https:\/\/origon-eu.com\/#organization\"},\"potentialAction\":[{\"@type\":\"SearchAction\",\"target\":{\"@type\":\"EntryPoint\",\"urlTemplate\":\"https:\/\/origon-eu.com\/?s={search_term_string}\"},\"query-input\":{\"@type\":\"PropertyValueSpecification\",\"valueRequired\":true,\"valueName\":\"search_term_string\"}}],\"inLanguage\":\"sl-SI\"},{\"@type\":\"Organization\",\"@id\":\"https:\/\/origon-eu.com\/#organization\",\"name\":\"Origon EU\",\"url\":\"https:\/\/origon-eu.com\/\",\"logo\":{\"@type\":\"ImageObject\",\"inLanguage\":\"sl-SI\",\"@id\":\"https:\/\/origon-eu.com\/#\/schema\/logo\/image\/\",\"url\":\"https:\/\/origon-eu.com\/wp-content\/uploads\/2024\/04\/Screenshot-2024-04-09-101814.png\",\"contentUrl\":\"https:\/\/origon-eu.com\/wp-content\/uploads\/2024\/04\/Screenshot-2024-04-09-101814.png\",\"width\":171,\"height\":59,\"caption\":\"Origon EU\"},\"image\":{\"@id\":\"https:\/\/origon-eu.com\/#\/schema\/logo\/image\/\"}}]}<\/script>\n<!-- \/ Yoast SEO plugin. -->","yoast_head_json":{"title":"Premium Mikropamuk Kopalni pla\u0161\u010d s kapuco, 450g \u2013 100% Bomba\u017e, Siva - Origon EU","robots":{"index":"index","follow":"follow","max-snippet":"max-snippet:-1","max-image-preview":"max-image-preview:large","max-video-preview":"max-video-preview:-1"},"canonical":"https:\/\/origon-eu.com\/si\/product\/microcotton-bathrobe-with-hood-450gr-100-cotton-grey\/","og_locale":"sl_SI","og_type":"article","og_title":"Premium Mikropamuk Kopalni pla\u0161\u010d s kapuco, 450g \u2013 100% Bomba\u017e, Siva - Origon EU","og_description":"Material: 100% bomba\u017e mikrobakrenka za mehkobo in izjemno vpojnost  Te\u017ea: 450 gramov, kar zagotavlja luksuzno in udobno teksturo  Dizajn: Vsebuje kapuco za dodatno toplino in udobje  Barva: Klasi\u010dna siva za eleganten in sodoben videz  Vpojnost: Zelo vpojno, popolno za brisanje po kopanju ali tu\u0161iranju  Udobno: Nudi luksuzno izku\u0161njo, kot v zdravili\u0161\u010du, kar doma","og_url":"https:\/\/origon-eu.com\/si\/product\/microcotton-bathrobe-with-hood-450gr-100-cotton-grey\/","og_site_name":"Origon EU","article_modified_time":"2025-03-25T13:54:06+00:00","og_image":[{"width":1311,"height":1920,"url":"https:\/\/origon-eu.com\/wp-content\/uploads\/2025\/03\/halat-mikropamuk-s-kaculka-450gr-100-pamuk-sivo-image_670cf6f6cb998_1920x1920.webp","type":"image\/webp"}],"twitter_card":"summary_large_image","twitter_misc":{"Est. reading time":"1 minuta"},"schema":{"@context":"https:\/\/schema.org","@graph":[{"@type":"WebPage","@id":"https:\/\/origon-eu.com\/si\/product\/microcotton-bathrobe-with-hood-450gr-100-cotton-grey\/","url":"https:\/\/origon-eu.com\/si\/product\/microcotton-bathrobe-with-hood-450gr-100-cotton-grey\/","name":"Premium Mikropamuk Kopalni pla\u0161\u010d s kapuco, 450g \u2013 100% Bomba\u017e, Siva - Origon EU","isPartOf":{"@id":"https:\/\/origon-eu.com\/#website"},"primaryImageOfPage":{"@id":"https:\/\/origon-eu.com\/si\/product\/microcotton-bathrobe-with-hood-450gr-100-cotton-grey\/#primaryimage"},"image":{"@id":"https:\/\/origon-eu.com\/si\/product\/microcotton-bathrobe-with-hood-450gr-100-cotton-grey\/#primaryimage"},"thumbnailUrl":"https:\/\/origon-eu.com\/wp-content\/uploads\/2025\/03\/halat-mikropamuk-s-kaculka-450gr-100-pamuk-sivo-image_670cf6f6cb998_1920x1920.webp","datePublished":"2025-03-21T14:56:56+00:00","dateModified":"2025-03-25T13:54:06+00:00","breadcrumb":{"@id":"https:\/\/origon-eu.com\/si\/product\/microcotton-bathrobe-with-hood-450gr-100-cotton-grey\/#breadcrumb"},"inLanguage":"sl-SI","potentialAction":[{"@type":"ReadAction","target":["https:\/\/origon-eu.com\/si\/product\/microcotton-bathrobe-with-hood-450gr-100-cotton-grey\/"]}]},{"@type":"ImageObject","inLanguage":"sl-SI","@id":"https:\/\/origon-eu.com\/si\/product\/microcotton-bathrobe-with-hood-450gr-100-cotton-grey\/#primaryimage","url":"https:\/\/origon-eu.com\/wp-content\/uploads\/2025\/03\/halat-mikropamuk-s-kaculka-450gr-100-pamuk-sivo-image_670cf6f6cb998_1920x1920.webp","contentUrl":"https:\/\/origon-eu.com\/wp-content\/uploads\/2025\/03\/halat-mikropamuk-s-kaculka-450gr-100-pamuk-sivo-image_670cf6f6cb998_1920x1920.webp","width":1311,"height":1920},{"@type":"BreadcrumbList","@id":"https:\/\/origon-eu.com\/si\/product\/microcotton-bathrobe-with-hood-450gr-100-cotton-grey\/#breadcrumb","itemListElement":[{"@type":"ListItem","position":1,"name":"Home","item":"https:\/\/origon-eu.com\/"},{"@type":"ListItem","position":2,"name":"Shop","item":"https:\/\/origon-eu.com\/si\/shop-2\/"},{"@type":"ListItem","position":3,"name":"Premium Mikropamuk Kopalni pla\u0161\u010d s kapuco, 450g \u2013 100% Bomba\u017e, Siva"}]},{"@type":"WebSite","@id":"https:\/\/origon-eu.com\/#website","url":"https:\/\/origon-eu.com\/","name":"Origon EU","description":"Online Store","publisher":{"@id":"https:\/\/origon-eu.com\/#organization"},"potentialAction":[{"@type":"SearchAction","target":{"@type":"EntryPoint","urlTemplate":"https:\/\/origon-eu.com\/?s={search_term_string}"},"query-input":{"@type":"PropertyValueSpecification","valueRequired":true,"valueName":"search_term_string"}}],"inLanguage":"sl-SI"},{"@type":"Organization","@id":"https:\/\/origon-eu.com\/#organization","name":"Origon EU","url":"https:\/\/origon-eu.com\/","logo":{"@type":"ImageObject","inLanguage":"sl-SI","@id":"https:\/\/origon-eu.com\/#\/schema\/logo\/image\/","url":"https:\/\/origon-eu.com\/wp-content\/uploads\/2024\/04\/Screenshot-2024-04-09-101814.png","contentUrl":"https:\/\/origon-eu.com\/wp-content\/uploads\/2024\/04\/Screenshot-2024-04-09-101814.png","width":171,"height":59,"caption":"Origon EU"},"image":{"@id":"https:\/\/origon-eu.com\/#\/schema\/logo\/image\/"}}]}},"tiered_pricing_type":"fixed","tiered_pricing_fixed_rules":[],"tiered_pricing_percentage_rules":[],"tiered_pricing_minimum":1,"tiered_pricing_roles_data":[],"_links":{"self":[{"href":"https:\/\/origon-eu.com\/si\/wp-json\/wp\/v2\/product\/39556","targetHints":{"allow":["GET"]}}],"collection":[{"href":"https:\/\/origon-eu.com\/si\/wp-json\/wp\/v2\/product"}],"about":[{"href":"https:\/\/origon-eu.com\/si\/wp-json\/wp\/v2\/types\/product"}],"version-history":[{"count":3,"href":"https:\/\/origon-eu.com\/si\/wp-json\/wp\/v2\/product\/39556\/revisions"}],"predecessor-version":[{"id":39926,"href":"https:\/\/origon-eu.com\/si\/wp-json\/wp\/v2\/product\/39556\/revisions\/39926"}],"wp:featuredmedia":[{"embeddable":true,"href":"https:\/\/origon-eu.com\/si\/wp-json\/wp\/v2\/media\/38933"}],"wp:attachment":[{"href":"https:\/\/origon-eu.com\/si\/wp-json\/wp\/v2\/media?parent=39556"}],"wp:term":[{"taxonomy":"product_cat","embeddable":true,"href":"https:\/\/origon-eu.com\/si\/wp-json\/wp\/v2\/product_cat?post=39556"},{"taxonomy":"product_tag","embeddable":true,"href":"https:\/\/origon-eu.com\/si\/wp-json\/wp\/v2\/product_tag?post=39556"}],"curies":[{"name":"wp","href":"https:\/\/api.w.org\/{rel}","templated":true}]}}