{"id":39434,"date":"2025-03-21T16:52:35","date_gmt":"2025-03-21T14:52:35","guid":{"rendered":"https:\/\/origon-eu.com\/product\/microcotton-bathrobe-with-hood-450gr-100-cotton-brown\/"},"modified":"2025-03-25T15:50:39","modified_gmt":"2025-03-25T13:50:39","slug":"microcotton-bathrobe-with-hood-450gr-100-cotton-brown","status":"publish","type":"product","link":"https:\/\/origon-eu.com\/si\/product\/microcotton-bathrobe-with-hood-450gr-100-cotton-brown\/","title":{"rendered":"Premium Mikropamuk Kopalni pla\u0161\u010d s kapuco, 450g \u2013 100% Bomba\u017e, Rjava"},"content":{"rendered":"<p>Luksuzen kopalni pla\u0161\u010d z kapuco iz microcottona, z visoko gostoto in elegantnim dizajnom. Microcotton je bomba\u017eni nit, ki je bil podvr\u017een posebni obdelavi, zaradi \u010desar so izdelki iz njega izredno mehki, ne\u017eni na dotik in imajo popolno vpijanje. Trajne barve.<\/p>\n<p data-start=\"334\" data-end=\"346\">Zna\u010dilnosti:<\/p>\n<p data-start=\"348\" data-end=\"383\">Velikost: XL<br data-start=\"360\" data-end=\"363\" \/>Sestava: 100% bomba\u017e<\/p>\n<p data-start=\"385\" data-end=\"392\">Opombe:<\/p>\n<p data-start=\"394\" data-end=\"507\">Lahko se pere v pralnem stroju do 40 stopinj!<br data-start=\"439\" data-end=\"442\" \/>Sliko je ilustrativna in prikazuje splo\u0161ne zna\u010dilnosti izdelka!!!<\/p>\n","protected":false},"excerpt":{"rendered":"<ul>\n<li data-start=\"0\" data-end=\"74\"><strong>Material:<\/strong> 100% bomba\u017e microcotton za mehak in izredno vpojen ob\u010dutek<\/li>\n<li data-start=\"0\" data-end=\"74\"><strong>Te\u017ea:<\/strong> 450 gramov, zagotavlja puhasto in udobno teksturo<\/li>\n<li data-start=\"0\" data-end=\"74\"><strong>Oblikovanje:<\/strong> Vklju\u010duje kapuco za dodatno toploto in udobje<\/li>\n<li data-start=\"0\" data-end=\"74\"><strong>Barva:<\/strong> Bogata rjava za topel, zemeljski videz<\/li>\n<li data-start=\"0\" data-end=\"74\"><strong>Vpojnost:<\/strong> Izjemno vpojen, idealen za su\u0161enje po kopeli ali prhanju<\/li>\n<li data-start=\"0\" data-end=\"74\"><strong>Udoben:<\/strong> Ponuja luksuzen spa ob\u010dutek doma<\/li>\n<\/ul>\n","protected":false},"featured_media":38892,"template":"","meta":[],"product_cat":[509],"product_tag":[],"class_list":{"0":"post-39434","1":"product","2":"type-product","3":"status-publish","4":"has-post-thumbnail","6":"product_cat-bathrobes-si","8":"first","9":"outofstock","10":"shipping-taxable","11":"purchasable","12":"product-type-variable"},"yoast_head":"<!-- This site is optimized with the Yoast SEO plugin v24.2 - https:\/\/yoast.com\/wordpress\/plugins\/seo\/ -->\n<title>Premium Mikropamuk Kopalni pla\u0161\u010d s kapuco, 450g \u2013 100% Bomba\u017e, Rjava - Origon EU<\/title>\n<meta name=\"robots\" content=\"index, follow, max-snippet:-1, max-image-preview:large, max-video-preview:-1\" \/>\n<link rel=\"canonical\" href=\"https:\/\/origon-eu.com\/si\/product\/microcotton-bathrobe-with-hood-450gr-100-cotton-brown\/\" \/>\n<meta property=\"og:locale\" content=\"sl_SI\" \/>\n<meta property=\"og:type\" content=\"article\" \/>\n<meta property=\"og:title\" content=\"Premium Mikropamuk Kopalni pla\u0161\u010d s kapuco, 450g \u2013 100% Bomba\u017e, Rjava - Origon EU\" \/>\n<meta property=\"og:description\" content=\"Material: 100% bomba\u017e microcotton za mehak in izredno vpojen ob\u010dutek  Te\u017ea: 450 gramov, zagotavlja puhasto in udobno teksturo  Oblikovanje: Vklju\u010duje kapuco za dodatno toploto in udobje  Barva: Bogata rjava za topel, zemeljski videz  Vpojnost: Izjemno vpojen, idealen za su\u0161enje po kopeli ali prhanju  Udoben: Ponuja luksuzen spa ob\u010dutek doma\" \/>\n<meta property=\"og:url\" content=\"https:\/\/origon-eu.com\/si\/product\/microcotton-bathrobe-with-hood-450gr-100-cotton-brown\/\" \/>\n<meta property=\"og:site_name\" content=\"Origon EU\" \/>\n<meta property=\"article:modified_time\" content=\"2025-03-25T13:50:39+00:00\" \/>\n<meta property=\"og:image\" content=\"https:\/\/origon-eu.com\/wp-content\/uploads\/2025\/03\/halat-mikropamuk-s-kaculka-450gr-100-pamuk-kafavo-image_670cf703181ef_1920x1920.webp\" \/>\n\t<meta property=\"og:image:width\" content=\"1280\" \/>\n\t<meta property=\"og:image:height\" content=\"1920\" \/>\n\t<meta property=\"og:image:type\" content=\"image\/webp\" \/>\n<meta name=\"twitter:card\" content=\"summary_large_image\" \/>\n<meta name=\"twitter:label1\" content=\"Est. reading time\" \/>\n\t<meta name=\"twitter:data1\" content=\"1 minuta\" \/>\n<script type=\"application\/ld+json\" class=\"yoast-schema-graph\">{\"@context\":\"https:\/\/schema.org\",\"@graph\":[{\"@type\":\"WebPage\",\"@id\":\"https:\/\/origon-eu.com\/si\/product\/microcotton-bathrobe-with-hood-450gr-100-cotton-brown\/\",\"url\":\"https:\/\/origon-eu.com\/si\/product\/microcotton-bathrobe-with-hood-450gr-100-cotton-brown\/\",\"name\":\"Premium Mikropamuk Kopalni pla\u0161\u010d s kapuco, 450g \u2013 100% Bomba\u017e, Rjava - Origon EU\",\"isPartOf\":{\"@id\":\"https:\/\/origon-eu.com\/#website\"},\"primaryImageOfPage\":{\"@id\":\"https:\/\/origon-eu.com\/si\/product\/microcotton-bathrobe-with-hood-450gr-100-cotton-brown\/#primaryimage\"},\"image\":{\"@id\":\"https:\/\/origon-eu.com\/si\/product\/microcotton-bathrobe-with-hood-450gr-100-cotton-brown\/#primaryimage\"},\"thumbnailUrl\":\"https:\/\/origon-eu.com\/wp-content\/uploads\/2025\/03\/halat-mikropamuk-s-kaculka-450gr-100-pamuk-kafavo-image_670cf703181ef_1920x1920.webp\",\"datePublished\":\"2025-03-21T14:52:35+00:00\",\"dateModified\":\"2025-03-25T13:50:39+00:00\",\"breadcrumb\":{\"@id\":\"https:\/\/origon-eu.com\/si\/product\/microcotton-bathrobe-with-hood-450gr-100-cotton-brown\/#breadcrumb\"},\"inLanguage\":\"sl-SI\",\"potentialAction\":[{\"@type\":\"ReadAction\",\"target\":[\"https:\/\/origon-eu.com\/si\/product\/microcotton-bathrobe-with-hood-450gr-100-cotton-brown\/\"]}]},{\"@type\":\"ImageObject\",\"inLanguage\":\"sl-SI\",\"@id\":\"https:\/\/origon-eu.com\/si\/product\/microcotton-bathrobe-with-hood-450gr-100-cotton-brown\/#primaryimage\",\"url\":\"https:\/\/origon-eu.com\/wp-content\/uploads\/2025\/03\/halat-mikropamuk-s-kaculka-450gr-100-pamuk-kafavo-image_670cf703181ef_1920x1920.webp\",\"contentUrl\":\"https:\/\/origon-eu.com\/wp-content\/uploads\/2025\/03\/halat-mikropamuk-s-kaculka-450gr-100-pamuk-kafavo-image_670cf703181ef_1920x1920.webp\",\"width\":1280,\"height\":1920},{\"@type\":\"BreadcrumbList\",\"@id\":\"https:\/\/origon-eu.com\/si\/product\/microcotton-bathrobe-with-hood-450gr-100-cotton-brown\/#breadcrumb\",\"itemListElement\":[{\"@type\":\"ListItem\",\"position\":1,\"name\":\"Home\",\"item\":\"https:\/\/origon-eu.com\/\"},{\"@type\":\"ListItem\",\"position\":2,\"name\":\"Shop\",\"item\":\"https:\/\/origon-eu.com\/si\/shop-2\/\"},{\"@type\":\"ListItem\",\"position\":3,\"name\":\"Premium Mikropamuk Kopalni pla\u0161\u010d s kapuco, 450g \u2013 100% Bomba\u017e, Rjava\"}]},{\"@type\":\"WebSite\",\"@id\":\"https:\/\/origon-eu.com\/#website\",\"url\":\"https:\/\/origon-eu.com\/\",\"name\":\"Origon EU\",\"description\":\"Online Store\",\"publisher\":{\"@id\":\"https:\/\/origon-eu.com\/#organization\"},\"potentialAction\":[{\"@type\":\"SearchAction\",\"target\":{\"@type\":\"EntryPoint\",\"urlTemplate\":\"https:\/\/origon-eu.com\/?s={search_term_string}\"},\"query-input\":{\"@type\":\"PropertyValueSpecification\",\"valueRequired\":true,\"valueName\":\"search_term_string\"}}],\"inLanguage\":\"sl-SI\"},{\"@type\":\"Organization\",\"@id\":\"https:\/\/origon-eu.com\/#organization\",\"name\":\"Origon EU\",\"url\":\"https:\/\/origon-eu.com\/\",\"logo\":{\"@type\":\"ImageObject\",\"inLanguage\":\"sl-SI\",\"@id\":\"https:\/\/origon-eu.com\/#\/schema\/logo\/image\/\",\"url\":\"https:\/\/origon-eu.com\/wp-content\/uploads\/2024\/04\/Screenshot-2024-04-09-101814.png\",\"contentUrl\":\"https:\/\/origon-eu.com\/wp-content\/uploads\/2024\/04\/Screenshot-2024-04-09-101814.png\",\"width\":171,\"height\":59,\"caption\":\"Origon EU\"},\"image\":{\"@id\":\"https:\/\/origon-eu.com\/#\/schema\/logo\/image\/\"}}]}<\/script>\n<!-- \/ Yoast SEO plugin. -->","yoast_head_json":{"title":"Premium Mikropamuk Kopalni pla\u0161\u010d s kapuco, 450g \u2013 100% Bomba\u017e, Rjava - Origon EU","robots":{"index":"index","follow":"follow","max-snippet":"max-snippet:-1","max-image-preview":"max-image-preview:large","max-video-preview":"max-video-preview:-1"},"canonical":"https:\/\/origon-eu.com\/si\/product\/microcotton-bathrobe-with-hood-450gr-100-cotton-brown\/","og_locale":"sl_SI","og_type":"article","og_title":"Premium Mikropamuk Kopalni pla\u0161\u010d s kapuco, 450g \u2013 100% Bomba\u017e, Rjava - Origon EU","og_description":"Material: 100% bomba\u017e microcotton za mehak in izredno vpojen ob\u010dutek  Te\u017ea: 450 gramov, zagotavlja puhasto in udobno teksturo  Oblikovanje: Vklju\u010duje kapuco za dodatno toploto in udobje  Barva: Bogata rjava za topel, zemeljski videz  Vpojnost: Izjemno vpojen, idealen za su\u0161enje po kopeli ali prhanju  Udoben: Ponuja luksuzen spa ob\u010dutek doma","og_url":"https:\/\/origon-eu.com\/si\/product\/microcotton-bathrobe-with-hood-450gr-100-cotton-brown\/","og_site_name":"Origon EU","article_modified_time":"2025-03-25T13:50:39+00:00","og_image":[{"width":1280,"height":1920,"url":"https:\/\/origon-eu.com\/wp-content\/uploads\/2025\/03\/halat-mikropamuk-s-kaculka-450gr-100-pamuk-kafavo-image_670cf703181ef_1920x1920.webp","type":"image\/webp"}],"twitter_card":"summary_large_image","twitter_misc":{"Est. reading time":"1 minuta"},"schema":{"@context":"https:\/\/schema.org","@graph":[{"@type":"WebPage","@id":"https:\/\/origon-eu.com\/si\/product\/microcotton-bathrobe-with-hood-450gr-100-cotton-brown\/","url":"https:\/\/origon-eu.com\/si\/product\/microcotton-bathrobe-with-hood-450gr-100-cotton-brown\/","name":"Premium Mikropamuk Kopalni pla\u0161\u010d s kapuco, 450g \u2013 100% Bomba\u017e, Rjava - Origon EU","isPartOf":{"@id":"https:\/\/origon-eu.com\/#website"},"primaryImageOfPage":{"@id":"https:\/\/origon-eu.com\/si\/product\/microcotton-bathrobe-with-hood-450gr-100-cotton-brown\/#primaryimage"},"image":{"@id":"https:\/\/origon-eu.com\/si\/product\/microcotton-bathrobe-with-hood-450gr-100-cotton-brown\/#primaryimage"},"thumbnailUrl":"https:\/\/origon-eu.com\/wp-content\/uploads\/2025\/03\/halat-mikropamuk-s-kaculka-450gr-100-pamuk-kafavo-image_670cf703181ef_1920x1920.webp","datePublished":"2025-03-21T14:52:35+00:00","dateModified":"2025-03-25T13:50:39+00:00","breadcrumb":{"@id":"https:\/\/origon-eu.com\/si\/product\/microcotton-bathrobe-with-hood-450gr-100-cotton-brown\/#breadcrumb"},"inLanguage":"sl-SI","potentialAction":[{"@type":"ReadAction","target":["https:\/\/origon-eu.com\/si\/product\/microcotton-bathrobe-with-hood-450gr-100-cotton-brown\/"]}]},{"@type":"ImageObject","inLanguage":"sl-SI","@id":"https:\/\/origon-eu.com\/si\/product\/microcotton-bathrobe-with-hood-450gr-100-cotton-brown\/#primaryimage","url":"https:\/\/origon-eu.com\/wp-content\/uploads\/2025\/03\/halat-mikropamuk-s-kaculka-450gr-100-pamuk-kafavo-image_670cf703181ef_1920x1920.webp","contentUrl":"https:\/\/origon-eu.com\/wp-content\/uploads\/2025\/03\/halat-mikropamuk-s-kaculka-450gr-100-pamuk-kafavo-image_670cf703181ef_1920x1920.webp","width":1280,"height":1920},{"@type":"BreadcrumbList","@id":"https:\/\/origon-eu.com\/si\/product\/microcotton-bathrobe-with-hood-450gr-100-cotton-brown\/#breadcrumb","itemListElement":[{"@type":"ListItem","position":1,"name":"Home","item":"https:\/\/origon-eu.com\/"},{"@type":"ListItem","position":2,"name":"Shop","item":"https:\/\/origon-eu.com\/si\/shop-2\/"},{"@type":"ListItem","position":3,"name":"Premium Mikropamuk Kopalni pla\u0161\u010d s kapuco, 450g \u2013 100% Bomba\u017e, Rjava"}]},{"@type":"WebSite","@id":"https:\/\/origon-eu.com\/#website","url":"https:\/\/origon-eu.com\/","name":"Origon EU","description":"Online Store","publisher":{"@id":"https:\/\/origon-eu.com\/#organization"},"potentialAction":[{"@type":"SearchAction","target":{"@type":"EntryPoint","urlTemplate":"https:\/\/origon-eu.com\/?s={search_term_string}"},"query-input":{"@type":"PropertyValueSpecification","valueRequired":true,"valueName":"search_term_string"}}],"inLanguage":"sl-SI"},{"@type":"Organization","@id":"https:\/\/origon-eu.com\/#organization","name":"Origon EU","url":"https:\/\/origon-eu.com\/","logo":{"@type":"ImageObject","inLanguage":"sl-SI","@id":"https:\/\/origon-eu.com\/#\/schema\/logo\/image\/","url":"https:\/\/origon-eu.com\/wp-content\/uploads\/2024\/04\/Screenshot-2024-04-09-101814.png","contentUrl":"https:\/\/origon-eu.com\/wp-content\/uploads\/2024\/04\/Screenshot-2024-04-09-101814.png","width":171,"height":59,"caption":"Origon EU"},"image":{"@id":"https:\/\/origon-eu.com\/#\/schema\/logo\/image\/"}}]}},"tiered_pricing_type":"fixed","tiered_pricing_fixed_rules":[],"tiered_pricing_percentage_rules":[],"tiered_pricing_minimum":1,"tiered_pricing_roles_data":[],"_links":{"self":[{"href":"https:\/\/origon-eu.com\/si\/wp-json\/wp\/v2\/product\/39434","targetHints":{"allow":["GET"]}}],"collection":[{"href":"https:\/\/origon-eu.com\/si\/wp-json\/wp\/v2\/product"}],"about":[{"href":"https:\/\/origon-eu.com\/si\/wp-json\/wp\/v2\/types\/product"}],"version-history":[{"count":2,"href":"https:\/\/origon-eu.com\/si\/wp-json\/wp\/v2\/product\/39434\/revisions"}],"predecessor-version":[{"id":39909,"href":"https:\/\/origon-eu.com\/si\/wp-json\/wp\/v2\/product\/39434\/revisions\/39909"}],"wp:featuredmedia":[{"embeddable":true,"href":"https:\/\/origon-eu.com\/si\/wp-json\/wp\/v2\/media\/38892"}],"wp:attachment":[{"href":"https:\/\/origon-eu.com\/si\/wp-json\/wp\/v2\/media?parent=39434"}],"wp:term":[{"taxonomy":"product_cat","embeddable":true,"href":"https:\/\/origon-eu.com\/si\/wp-json\/wp\/v2\/product_cat?post=39434"},{"taxonomy":"product_tag","embeddable":true,"href":"https:\/\/origon-eu.com\/si\/wp-json\/wp\/v2\/product_tag?post=39434"}],"curies":[{"name":"wp","href":"https:\/\/api.w.org\/{rel}","templated":true}]}}