{"id":39072,"date":"2025-03-21T16:30:43","date_gmt":"2025-03-21T14:30:43","guid":{"rendered":"https:\/\/origon-eu.com\/product\/hooded-bathrobe-380gr-100-cotton-ecru\/"},"modified":"2025-03-25T15:36:08","modified_gmt":"2025-03-25T13:36:08","slug":"hooded-bathrobe-380gr-100-cotton-ecru","status":"publish","type":"product","link":"https:\/\/origon-eu.com\/si\/product\/hooded-bathrobe-380gr-100-cotton-ecru\/","title":{"rendered":"380g Kopalni pla\u0161\u010d s kapuco, 100% Bomba\u017e \u2013 Ecru"},"content":{"rendered":"<p>Visokokakovostni, debeli kopalni pla\u0161\u010d s kapuco, izdelan iz 100% bomba\u017ea. Eleganten dizajn, odli\u010dna vpojnost, udoben, mehak in ne\u017een na dotik.<\/p>\n<p data-start=\"203\" data-end=\"215\">Zna\u010dilnosti:<\/p>\n<p data-start=\"217\" data-end=\"264\">Velikosti: M, L, XL, XXL<br data-start=\"241\" data-end=\"244\" \/>Sestava: 100% bomba\u017e<\/p>\n<p data-start=\"266\" data-end=\"273\">Opombe:<\/p>\n<p data-start=\"275\" data-end=\"428\">Lahko se pere v pralnem stroju pri temperaturi do 40 stopinj!<br data-start=\"336\" data-end=\"339\" \/>Ne uporabljajte belil!<br data-start=\"361\" data-end=\"364\" \/>Slike so ilustrativne in prikazujejo splo\u0161ne lastnosti izdelkov!<\/p>\n","protected":false},"excerpt":{"rendered":"<ul>\n<li data-start=\"0\" data-end=\"58\"><strong>Material:<\/strong> 100% bomba\u017e za mehak in zra\u010den ob\u010dutek<\/li>\n<li data-start=\"0\" data-end=\"58\"><strong>Te\u017ea:<\/strong> 380 gramov, zagotavlja udobno, lahko izbiro<\/li>\n<li data-start=\"0\" data-end=\"58\"><strong>Oblikovanje:<\/strong> S kapuco za dodatno toplino in udobje<\/li>\n<li data-start=\"0\" data-end=\"58\"><strong>Barva:<\/strong> Eleganten odtenek ecru za sofisticiran videz<\/li>\n<li data-start=\"0\" data-end=\"58\"><strong>Vpojen:<\/strong> Zelo vpojen, idealen za sprostitev po tu\u0161iranju<\/li>\n<li data-start=\"0\" data-end=\"58\"><strong>Udoben:<\/strong> Nudi luksuzen ob\u010dutek, podoben spa-izku\u0161nji doma<\/li>\n<\/ul>\n","protected":false},"featured_media":38774,"template":"","meta":[],"product_cat":[509],"product_tag":[],"class_list":{"0":"post-39072","1":"product","2":"type-product","3":"status-publish","4":"has-post-thumbnail","6":"product_cat-bathrobes-si","8":"first","9":"outofstock","10":"shipping-taxable","11":"purchasable","12":"product-type-variable"},"yoast_head":"<!-- This site is optimized with the Yoast SEO plugin v24.2 - https:\/\/yoast.com\/wordpress\/plugins\/seo\/ -->\n<title>380g Kopalni pla\u0161\u010d s kapuco, 100% Bomba\u017e \u2013 Ecru - Origon EU<\/title>\n<meta name=\"robots\" content=\"index, follow, max-snippet:-1, max-image-preview:large, max-video-preview:-1\" \/>\n<link rel=\"canonical\" href=\"https:\/\/origon-eu.com\/si\/product\/hooded-bathrobe-380gr-100-cotton-ecru\/\" \/>\n<meta property=\"og:locale\" content=\"sl_SI\" \/>\n<meta property=\"og:type\" content=\"article\" \/>\n<meta property=\"og:title\" content=\"380g Kopalni pla\u0161\u010d s kapuco, 100% Bomba\u017e \u2013 Ecru - Origon EU\" \/>\n<meta property=\"og:description\" content=\"Material: 100% bomba\u017e za mehak in zra\u010den ob\u010dutek  Te\u017ea: 380 gramov, zagotavlja udobno, lahko izbiro  Oblikovanje: S kapuco za dodatno toplino in udobje  Barva: Eleganten odtenek ecru za sofisticiran videz  Vpojen: Zelo vpojen, idealen za sprostitev po tu\u0161iranju  Udoben: Nudi luksuzen ob\u010dutek, podoben spa-izku\u0161nji doma\" \/>\n<meta property=\"og:url\" content=\"https:\/\/origon-eu.com\/si\/product\/hooded-bathrobe-380gr-100-cotton-ecru\/\" \/>\n<meta property=\"og:site_name\" content=\"Origon EU\" \/>\n<meta property=\"article:modified_time\" content=\"2025-03-25T13:36:08+00:00\" \/>\n<meta property=\"og:image\" content=\"https:\/\/origon-eu.com\/wp-content\/uploads\/2025\/03\/halat-za-bana-s-kaculka-380gr-100-pamuk-ekru-image_670cf474c851d_1920x1920.webp\" \/>\n\t<meta property=\"og:image:width\" content=\"1280\" \/>\n\t<meta property=\"og:image:height\" content=\"1920\" \/>\n\t<meta property=\"og:image:type\" content=\"image\/webp\" \/>\n<meta name=\"twitter:card\" content=\"summary_large_image\" \/>\n<meta name=\"twitter:label1\" content=\"Est. reading time\" \/>\n\t<meta name=\"twitter:data1\" content=\"1 minuta\" \/>\n<script type=\"application\/ld+json\" class=\"yoast-schema-graph\">{\"@context\":\"https:\/\/schema.org\",\"@graph\":[{\"@type\":\"WebPage\",\"@id\":\"https:\/\/origon-eu.com\/si\/product\/hooded-bathrobe-380gr-100-cotton-ecru\/\",\"url\":\"https:\/\/origon-eu.com\/si\/product\/hooded-bathrobe-380gr-100-cotton-ecru\/\",\"name\":\"380g Kopalni pla\u0161\u010d s kapuco, 100% Bomba\u017e \u2013 Ecru - Origon EU\",\"isPartOf\":{\"@id\":\"https:\/\/origon-eu.com\/#website\"},\"primaryImageOfPage\":{\"@id\":\"https:\/\/origon-eu.com\/si\/product\/hooded-bathrobe-380gr-100-cotton-ecru\/#primaryimage\"},\"image\":{\"@id\":\"https:\/\/origon-eu.com\/si\/product\/hooded-bathrobe-380gr-100-cotton-ecru\/#primaryimage\"},\"thumbnailUrl\":\"https:\/\/origon-eu.com\/wp-content\/uploads\/2025\/03\/halat-za-bana-s-kaculka-380gr-100-pamuk-ekru-image_670cf474c851d_1920x1920.webp\",\"datePublished\":\"2025-03-21T14:30:43+00:00\",\"dateModified\":\"2025-03-25T13:36:08+00:00\",\"breadcrumb\":{\"@id\":\"https:\/\/origon-eu.com\/si\/product\/hooded-bathrobe-380gr-100-cotton-ecru\/#breadcrumb\"},\"inLanguage\":\"sl-SI\",\"potentialAction\":[{\"@type\":\"ReadAction\",\"target\":[\"https:\/\/origon-eu.com\/si\/product\/hooded-bathrobe-380gr-100-cotton-ecru\/\"]}]},{\"@type\":\"ImageObject\",\"inLanguage\":\"sl-SI\",\"@id\":\"https:\/\/origon-eu.com\/si\/product\/hooded-bathrobe-380gr-100-cotton-ecru\/#primaryimage\",\"url\":\"https:\/\/origon-eu.com\/wp-content\/uploads\/2025\/03\/halat-za-bana-s-kaculka-380gr-100-pamuk-ekru-image_670cf474c851d_1920x1920.webp\",\"contentUrl\":\"https:\/\/origon-eu.com\/wp-content\/uploads\/2025\/03\/halat-za-bana-s-kaculka-380gr-100-pamuk-ekru-image_670cf474c851d_1920x1920.webp\",\"width\":1280,\"height\":1920},{\"@type\":\"BreadcrumbList\",\"@id\":\"https:\/\/origon-eu.com\/si\/product\/hooded-bathrobe-380gr-100-cotton-ecru\/#breadcrumb\",\"itemListElement\":[{\"@type\":\"ListItem\",\"position\":1,\"name\":\"Home\",\"item\":\"https:\/\/origon-eu.com\/\"},{\"@type\":\"ListItem\",\"position\":2,\"name\":\"Shop\",\"item\":\"https:\/\/origon-eu.com\/si\/shop-2\/\"},{\"@type\":\"ListItem\",\"position\":3,\"name\":\"380g Kopalni pla\u0161\u010d s kapuco, 100% Bomba\u017e \u2013 Ecru\"}]},{\"@type\":\"WebSite\",\"@id\":\"https:\/\/origon-eu.com\/#website\",\"url\":\"https:\/\/origon-eu.com\/\",\"name\":\"Origon EU\",\"description\":\"Online Store\",\"publisher\":{\"@id\":\"https:\/\/origon-eu.com\/#organization\"},\"potentialAction\":[{\"@type\":\"SearchAction\",\"target\":{\"@type\":\"EntryPoint\",\"urlTemplate\":\"https:\/\/origon-eu.com\/?s={search_term_string}\"},\"query-input\":{\"@type\":\"PropertyValueSpecification\",\"valueRequired\":true,\"valueName\":\"search_term_string\"}}],\"inLanguage\":\"sl-SI\"},{\"@type\":\"Organization\",\"@id\":\"https:\/\/origon-eu.com\/#organization\",\"name\":\"Origon EU\",\"url\":\"https:\/\/origon-eu.com\/\",\"logo\":{\"@type\":\"ImageObject\",\"inLanguage\":\"sl-SI\",\"@id\":\"https:\/\/origon-eu.com\/#\/schema\/logo\/image\/\",\"url\":\"https:\/\/origon-eu.com\/wp-content\/uploads\/2024\/04\/Screenshot-2024-04-09-101814.png\",\"contentUrl\":\"https:\/\/origon-eu.com\/wp-content\/uploads\/2024\/04\/Screenshot-2024-04-09-101814.png\",\"width\":171,\"height\":59,\"caption\":\"Origon EU\"},\"image\":{\"@id\":\"https:\/\/origon-eu.com\/#\/schema\/logo\/image\/\"}}]}<\/script>\n<!-- \/ Yoast SEO plugin. -->","yoast_head_json":{"title":"380g Kopalni pla\u0161\u010d s kapuco, 100% Bomba\u017e \u2013 Ecru - Origon EU","robots":{"index":"index","follow":"follow","max-snippet":"max-snippet:-1","max-image-preview":"max-image-preview:large","max-video-preview":"max-video-preview:-1"},"canonical":"https:\/\/origon-eu.com\/si\/product\/hooded-bathrobe-380gr-100-cotton-ecru\/","og_locale":"sl_SI","og_type":"article","og_title":"380g Kopalni pla\u0161\u010d s kapuco, 100% Bomba\u017e \u2013 Ecru - Origon EU","og_description":"Material: 100% bomba\u017e za mehak in zra\u010den ob\u010dutek  Te\u017ea: 380 gramov, zagotavlja udobno, lahko izbiro  Oblikovanje: S kapuco za dodatno toplino in udobje  Barva: Eleganten odtenek ecru za sofisticiran videz  Vpojen: Zelo vpojen, idealen za sprostitev po tu\u0161iranju  Udoben: Nudi luksuzen ob\u010dutek, podoben spa-izku\u0161nji doma","og_url":"https:\/\/origon-eu.com\/si\/product\/hooded-bathrobe-380gr-100-cotton-ecru\/","og_site_name":"Origon EU","article_modified_time":"2025-03-25T13:36:08+00:00","og_image":[{"width":1280,"height":1920,"url":"https:\/\/origon-eu.com\/wp-content\/uploads\/2025\/03\/halat-za-bana-s-kaculka-380gr-100-pamuk-ekru-image_670cf474c851d_1920x1920.webp","type":"image\/webp"}],"twitter_card":"summary_large_image","twitter_misc":{"Est. reading time":"1 minuta"},"schema":{"@context":"https:\/\/schema.org","@graph":[{"@type":"WebPage","@id":"https:\/\/origon-eu.com\/si\/product\/hooded-bathrobe-380gr-100-cotton-ecru\/","url":"https:\/\/origon-eu.com\/si\/product\/hooded-bathrobe-380gr-100-cotton-ecru\/","name":"380g Kopalni pla\u0161\u010d s kapuco, 100% Bomba\u017e \u2013 Ecru - Origon EU","isPartOf":{"@id":"https:\/\/origon-eu.com\/#website"},"primaryImageOfPage":{"@id":"https:\/\/origon-eu.com\/si\/product\/hooded-bathrobe-380gr-100-cotton-ecru\/#primaryimage"},"image":{"@id":"https:\/\/origon-eu.com\/si\/product\/hooded-bathrobe-380gr-100-cotton-ecru\/#primaryimage"},"thumbnailUrl":"https:\/\/origon-eu.com\/wp-content\/uploads\/2025\/03\/halat-za-bana-s-kaculka-380gr-100-pamuk-ekru-image_670cf474c851d_1920x1920.webp","datePublished":"2025-03-21T14:30:43+00:00","dateModified":"2025-03-25T13:36:08+00:00","breadcrumb":{"@id":"https:\/\/origon-eu.com\/si\/product\/hooded-bathrobe-380gr-100-cotton-ecru\/#breadcrumb"},"inLanguage":"sl-SI","potentialAction":[{"@type":"ReadAction","target":["https:\/\/origon-eu.com\/si\/product\/hooded-bathrobe-380gr-100-cotton-ecru\/"]}]},{"@type":"ImageObject","inLanguage":"sl-SI","@id":"https:\/\/origon-eu.com\/si\/product\/hooded-bathrobe-380gr-100-cotton-ecru\/#primaryimage","url":"https:\/\/origon-eu.com\/wp-content\/uploads\/2025\/03\/halat-za-bana-s-kaculka-380gr-100-pamuk-ekru-image_670cf474c851d_1920x1920.webp","contentUrl":"https:\/\/origon-eu.com\/wp-content\/uploads\/2025\/03\/halat-za-bana-s-kaculka-380gr-100-pamuk-ekru-image_670cf474c851d_1920x1920.webp","width":1280,"height":1920},{"@type":"BreadcrumbList","@id":"https:\/\/origon-eu.com\/si\/product\/hooded-bathrobe-380gr-100-cotton-ecru\/#breadcrumb","itemListElement":[{"@type":"ListItem","position":1,"name":"Home","item":"https:\/\/origon-eu.com\/"},{"@type":"ListItem","position":2,"name":"Shop","item":"https:\/\/origon-eu.com\/si\/shop-2\/"},{"@type":"ListItem","position":3,"name":"380g Kopalni pla\u0161\u010d s kapuco, 100% Bomba\u017e \u2013 Ecru"}]},{"@type":"WebSite","@id":"https:\/\/origon-eu.com\/#website","url":"https:\/\/origon-eu.com\/","name":"Origon EU","description":"Online Store","publisher":{"@id":"https:\/\/origon-eu.com\/#organization"},"potentialAction":[{"@type":"SearchAction","target":{"@type":"EntryPoint","urlTemplate":"https:\/\/origon-eu.com\/?s={search_term_string}"},"query-input":{"@type":"PropertyValueSpecification","valueRequired":true,"valueName":"search_term_string"}}],"inLanguage":"sl-SI"},{"@type":"Organization","@id":"https:\/\/origon-eu.com\/#organization","name":"Origon EU","url":"https:\/\/origon-eu.com\/","logo":{"@type":"ImageObject","inLanguage":"sl-SI","@id":"https:\/\/origon-eu.com\/#\/schema\/logo\/image\/","url":"https:\/\/origon-eu.com\/wp-content\/uploads\/2024\/04\/Screenshot-2024-04-09-101814.png","contentUrl":"https:\/\/origon-eu.com\/wp-content\/uploads\/2024\/04\/Screenshot-2024-04-09-101814.png","width":171,"height":59,"caption":"Origon EU"},"image":{"@id":"https:\/\/origon-eu.com\/#\/schema\/logo\/image\/"}}]}},"tiered_pricing_type":"fixed","tiered_pricing_fixed_rules":[],"tiered_pricing_percentage_rules":[],"tiered_pricing_minimum":1,"tiered_pricing_roles_data":[],"_links":{"self":[{"href":"https:\/\/origon-eu.com\/si\/wp-json\/wp\/v2\/product\/39072","targetHints":{"allow":["GET"]}}],"collection":[{"href":"https:\/\/origon-eu.com\/si\/wp-json\/wp\/v2\/product"}],"about":[{"href":"https:\/\/origon-eu.com\/si\/wp-json\/wp\/v2\/types\/product"}],"version-history":[{"count":2,"href":"https:\/\/origon-eu.com\/si\/wp-json\/wp\/v2\/product\/39072\/revisions"}],"predecessor-version":[{"id":39851,"href":"https:\/\/origon-eu.com\/si\/wp-json\/wp\/v2\/product\/39072\/revisions\/39851"}],"wp:featuredmedia":[{"embeddable":true,"href":"https:\/\/origon-eu.com\/si\/wp-json\/wp\/v2\/media\/38774"}],"wp:attachment":[{"href":"https:\/\/origon-eu.com\/si\/wp-json\/wp\/v2\/media?parent=39072"}],"wp:term":[{"taxonomy":"product_cat","embeddable":true,"href":"https:\/\/origon-eu.com\/si\/wp-json\/wp\/v2\/product_cat?post=39072"},{"taxonomy":"product_tag","embeddable":true,"href":"https:\/\/origon-eu.com\/si\/wp-json\/wp\/v2\/product_tag?post=39072"}],"curies":[{"name":"wp","href":"https:\/\/api.w.org\/{rel}","templated":true}]}}