{"id":39017,"date":"2025-03-21T15:58:05","date_gmt":"2025-03-21T13:58:05","guid":{"rendered":"https:\/\/origon-eu.com\/product\/white-towel-hotel-bathrobe-400gr\/"},"modified":"2025-03-25T15:31:43","modified_gmt":"2025-03-25T13:31:43","slug":"white-towel-hotel-bathrobe-400gr","status":"publish","type":"product","link":"https:\/\/origon-eu.com\/si\/product\/white-towel-hotel-bathrobe-400gr\/","title":{"rendered":"Premium bel kopalni pla\u0161\u010d hotelskega sloga iz frotirja 400g"},"content":{"rendered":"<p>SESTAVA &#8211; 100% BOMBA\u017d<\/p>\n<p data-start=\"75\" data-end=\"388\">Visokokakovostni, debeli kopalni pla\u0161\u010d brez kapuce s \u0161alom, izdelan iz 100% bomba\u017ea. Primeren za doma\u010do uporabo, pa tudi za hotele in penzione. Slog designa, odli\u010dna vpojnost, udoben, mehak in prijeten na otip. Visokokakovostna tkanina, ki se hitro su\u0161i. Za ve\u010dji udobje in prakti\u010dnost ima kopalni pla\u0161\u010d tudi pas.<\/p>\n<p data-start=\"390\" data-end=\"431\">Izberite najbolj\u0161e za vas ali va\u0161e goste.<\/p>\n<p data-start=\"433\" data-end=\"457\">Na voljo v velikosti XL.<\/p>\n<p data-start=\"459\" data-end=\"513\">Priporo\u010damo pranje pri temperaturi vode do 40 stopinj!<\/p>\n<p data-start=\"515\" data-end=\"579\">Slike so informativne in prikazujejo splo\u0161ne lastnosti izdelkov!<\/p>\n","protected":false},"excerpt":{"rendered":"<ul>\n<li data-start=\"0\" data-end=\"35\"><strong>Material:<\/strong> Visokokakovosten bomba\u017e<\/li>\n<li data-start=\"0\" data-end=\"35\"><strong>Te\u017ea:<\/strong> 400 gramov, nudi ravnote\u017eje med toploto in udobjem<\/li>\n<li data-start=\"0\" data-end=\"35\"><strong>Mehak in puhast:<\/strong> Nudi luksuzen, udoben ob\u010dutek<\/li>\n<li data-start=\"0\" data-end=\"35\"><strong>Vpojen:<\/strong> Idealno za su\u0161enje po tu\u0161iranju ali kopeli<\/li>\n<li data-start=\"0\" data-end=\"35\"><strong>Eleganten dizajn:<\/strong> \u010cista bela barva dodaja sofisticiran pridih<\/li>\n<li data-start=\"0\" data-end=\"35\"><strong>Hotelski slog:<\/strong> Popolno za ponovni ustvarjanje spa ali hotelskega do\u017eivetja doma<\/li>\n<\/ul>\n","protected":false},"featured_media":38749,"template":"","meta":[],"product_cat":[509],"product_tag":[],"class_list":{"0":"post-39017","1":"product","2":"type-product","3":"status-publish","4":"has-post-thumbnail","6":"product_cat-bathrobes-si","8":"first","9":"outofstock","10":"shipping-taxable","11":"purchasable","12":"product-type-variable"},"yoast_head":"<!-- This site is optimized with the Yoast SEO plugin v24.2 - https:\/\/yoast.com\/wordpress\/plugins\/seo\/ -->\n<title>Premium bel kopalni pla\u0161\u010d hotelskega sloga iz frotirja 400g - Origon EU<\/title>\n<meta name=\"robots\" content=\"index, follow, max-snippet:-1, max-image-preview:large, max-video-preview:-1\" \/>\n<link rel=\"canonical\" href=\"https:\/\/origon-eu.com\/si\/product\/white-towel-hotel-bathrobe-400gr\/\" \/>\n<meta property=\"og:locale\" content=\"sl_SI\" \/>\n<meta property=\"og:type\" content=\"article\" \/>\n<meta property=\"og:title\" content=\"Premium bel kopalni pla\u0161\u010d hotelskega sloga iz frotirja 400g - Origon EU\" \/>\n<meta property=\"og:description\" content=\"Material: Visokokakovosten bomba\u017e  Te\u017ea: 400 gramov, nudi ravnote\u017eje med toploto in udobjem  Mehak in puhast: Nudi luksuzen, udoben ob\u010dutek  Vpojen: Idealno za su\u0161enje po tu\u0161iranju ali kopeli  Eleganten dizajn: \u010cista bela barva dodaja sofisticiran pridih  Hotelski slog: Popolno za ponovni ustvarjanje spa ali hotelskega do\u017eivetja doma\" \/>\n<meta property=\"og:url\" content=\"https:\/\/origon-eu.com\/si\/product\/white-towel-hotel-bathrobe-400gr\/\" \/>\n<meta property=\"og:site_name\" content=\"Origon EU\" \/>\n<meta property=\"article:modified_time\" content=\"2025-03-25T13:31:43+00:00\" \/>\n<meta property=\"og:image\" content=\"https:\/\/origon-eu.com\/wp-content\/uploads\/2025\/03\/bal-havlien-hotelski-halat-400gr-image_670cfa8c60028_1920x1920-1.jpeg\" \/>\n\t<meta property=\"og:image:width\" content=\"1252\" \/>\n\t<meta property=\"og:image:height\" content=\"1920\" \/>\n\t<meta property=\"og:image:type\" content=\"image\/jpeg\" \/>\n<meta name=\"twitter:card\" content=\"summary_large_image\" \/>\n<meta name=\"twitter:label1\" content=\"Est. reading time\" \/>\n\t<meta name=\"twitter:data1\" content=\"1 minuta\" \/>\n<script type=\"application\/ld+json\" class=\"yoast-schema-graph\">{\"@context\":\"https:\/\/schema.org\",\"@graph\":[{\"@type\":\"WebPage\",\"@id\":\"https:\/\/origon-eu.com\/si\/product\/white-towel-hotel-bathrobe-400gr\/\",\"url\":\"https:\/\/origon-eu.com\/si\/product\/white-towel-hotel-bathrobe-400gr\/\",\"name\":\"Premium bel kopalni pla\u0161\u010d hotelskega sloga iz frotirja 400g - Origon EU\",\"isPartOf\":{\"@id\":\"https:\/\/origon-eu.com\/#website\"},\"primaryImageOfPage\":{\"@id\":\"https:\/\/origon-eu.com\/si\/product\/white-towel-hotel-bathrobe-400gr\/#primaryimage\"},\"image\":{\"@id\":\"https:\/\/origon-eu.com\/si\/product\/white-towel-hotel-bathrobe-400gr\/#primaryimage\"},\"thumbnailUrl\":\"https:\/\/origon-eu.com\/wp-content\/uploads\/2025\/03\/bal-havlien-hotelski-halat-400gr-image_670cfa8c60028_1920x1920-1.jpeg\",\"datePublished\":\"2025-03-21T13:58:05+00:00\",\"dateModified\":\"2025-03-25T13:31:43+00:00\",\"breadcrumb\":{\"@id\":\"https:\/\/origon-eu.com\/si\/product\/white-towel-hotel-bathrobe-400gr\/#breadcrumb\"},\"inLanguage\":\"sl-SI\",\"potentialAction\":[{\"@type\":\"ReadAction\",\"target\":[\"https:\/\/origon-eu.com\/si\/product\/white-towel-hotel-bathrobe-400gr\/\"]}]},{\"@type\":\"ImageObject\",\"inLanguage\":\"sl-SI\",\"@id\":\"https:\/\/origon-eu.com\/si\/product\/white-towel-hotel-bathrobe-400gr\/#primaryimage\",\"url\":\"https:\/\/origon-eu.com\/wp-content\/uploads\/2025\/03\/bal-havlien-hotelski-halat-400gr-image_670cfa8c60028_1920x1920-1.jpeg\",\"contentUrl\":\"https:\/\/origon-eu.com\/wp-content\/uploads\/2025\/03\/bal-havlien-hotelski-halat-400gr-image_670cfa8c60028_1920x1920-1.jpeg\",\"width\":1252,\"height\":1920},{\"@type\":\"BreadcrumbList\",\"@id\":\"https:\/\/origon-eu.com\/si\/product\/white-towel-hotel-bathrobe-400gr\/#breadcrumb\",\"itemListElement\":[{\"@type\":\"ListItem\",\"position\":1,\"name\":\"Home\",\"item\":\"https:\/\/origon-eu.com\/\"},{\"@type\":\"ListItem\",\"position\":2,\"name\":\"Shop\",\"item\":\"https:\/\/origon-eu.com\/si\/shop-2\/\"},{\"@type\":\"ListItem\",\"position\":3,\"name\":\"Premium bel kopalni pla\u0161\u010d hotelskega sloga iz frotirja 400g\"}]},{\"@type\":\"WebSite\",\"@id\":\"https:\/\/origon-eu.com\/#website\",\"url\":\"https:\/\/origon-eu.com\/\",\"name\":\"Origon EU\",\"description\":\"Online Store\",\"publisher\":{\"@id\":\"https:\/\/origon-eu.com\/#organization\"},\"potentialAction\":[{\"@type\":\"SearchAction\",\"target\":{\"@type\":\"EntryPoint\",\"urlTemplate\":\"https:\/\/origon-eu.com\/?s={search_term_string}\"},\"query-input\":{\"@type\":\"PropertyValueSpecification\",\"valueRequired\":true,\"valueName\":\"search_term_string\"}}],\"inLanguage\":\"sl-SI\"},{\"@type\":\"Organization\",\"@id\":\"https:\/\/origon-eu.com\/#organization\",\"name\":\"Origon EU\",\"url\":\"https:\/\/origon-eu.com\/\",\"logo\":{\"@type\":\"ImageObject\",\"inLanguage\":\"sl-SI\",\"@id\":\"https:\/\/origon-eu.com\/#\/schema\/logo\/image\/\",\"url\":\"https:\/\/origon-eu.com\/wp-content\/uploads\/2024\/04\/Screenshot-2024-04-09-101814.png\",\"contentUrl\":\"https:\/\/origon-eu.com\/wp-content\/uploads\/2024\/04\/Screenshot-2024-04-09-101814.png\",\"width\":171,\"height\":59,\"caption\":\"Origon EU\"},\"image\":{\"@id\":\"https:\/\/origon-eu.com\/#\/schema\/logo\/image\/\"}}]}<\/script>\n<!-- \/ Yoast SEO plugin. -->","yoast_head_json":{"title":"Premium bel kopalni pla\u0161\u010d hotelskega sloga iz frotirja 400g - Origon EU","robots":{"index":"index","follow":"follow","max-snippet":"max-snippet:-1","max-image-preview":"max-image-preview:large","max-video-preview":"max-video-preview:-1"},"canonical":"https:\/\/origon-eu.com\/si\/product\/white-towel-hotel-bathrobe-400gr\/","og_locale":"sl_SI","og_type":"article","og_title":"Premium bel kopalni pla\u0161\u010d hotelskega sloga iz frotirja 400g - Origon EU","og_description":"Material: Visokokakovosten bomba\u017e  Te\u017ea: 400 gramov, nudi ravnote\u017eje med toploto in udobjem  Mehak in puhast: Nudi luksuzen, udoben ob\u010dutek  Vpojen: Idealno za su\u0161enje po tu\u0161iranju ali kopeli  Eleganten dizajn: \u010cista bela barva dodaja sofisticiran pridih  Hotelski slog: Popolno za ponovni ustvarjanje spa ali hotelskega do\u017eivetja doma","og_url":"https:\/\/origon-eu.com\/si\/product\/white-towel-hotel-bathrobe-400gr\/","og_site_name":"Origon EU","article_modified_time":"2025-03-25T13:31:43+00:00","og_image":[{"width":1252,"height":1920,"url":"https:\/\/origon-eu.com\/wp-content\/uploads\/2025\/03\/bal-havlien-hotelski-halat-400gr-image_670cfa8c60028_1920x1920-1.jpeg","type":"image\/jpeg"}],"twitter_card":"summary_large_image","twitter_misc":{"Est. reading time":"1 minuta"},"schema":{"@context":"https:\/\/schema.org","@graph":[{"@type":"WebPage","@id":"https:\/\/origon-eu.com\/si\/product\/white-towel-hotel-bathrobe-400gr\/","url":"https:\/\/origon-eu.com\/si\/product\/white-towel-hotel-bathrobe-400gr\/","name":"Premium bel kopalni pla\u0161\u010d hotelskega sloga iz frotirja 400g - Origon EU","isPartOf":{"@id":"https:\/\/origon-eu.com\/#website"},"primaryImageOfPage":{"@id":"https:\/\/origon-eu.com\/si\/product\/white-towel-hotel-bathrobe-400gr\/#primaryimage"},"image":{"@id":"https:\/\/origon-eu.com\/si\/product\/white-towel-hotel-bathrobe-400gr\/#primaryimage"},"thumbnailUrl":"https:\/\/origon-eu.com\/wp-content\/uploads\/2025\/03\/bal-havlien-hotelski-halat-400gr-image_670cfa8c60028_1920x1920-1.jpeg","datePublished":"2025-03-21T13:58:05+00:00","dateModified":"2025-03-25T13:31:43+00:00","breadcrumb":{"@id":"https:\/\/origon-eu.com\/si\/product\/white-towel-hotel-bathrobe-400gr\/#breadcrumb"},"inLanguage":"sl-SI","potentialAction":[{"@type":"ReadAction","target":["https:\/\/origon-eu.com\/si\/product\/white-towel-hotel-bathrobe-400gr\/"]}]},{"@type":"ImageObject","inLanguage":"sl-SI","@id":"https:\/\/origon-eu.com\/si\/product\/white-towel-hotel-bathrobe-400gr\/#primaryimage","url":"https:\/\/origon-eu.com\/wp-content\/uploads\/2025\/03\/bal-havlien-hotelski-halat-400gr-image_670cfa8c60028_1920x1920-1.jpeg","contentUrl":"https:\/\/origon-eu.com\/wp-content\/uploads\/2025\/03\/bal-havlien-hotelski-halat-400gr-image_670cfa8c60028_1920x1920-1.jpeg","width":1252,"height":1920},{"@type":"BreadcrumbList","@id":"https:\/\/origon-eu.com\/si\/product\/white-towel-hotel-bathrobe-400gr\/#breadcrumb","itemListElement":[{"@type":"ListItem","position":1,"name":"Home","item":"https:\/\/origon-eu.com\/"},{"@type":"ListItem","position":2,"name":"Shop","item":"https:\/\/origon-eu.com\/si\/shop-2\/"},{"@type":"ListItem","position":3,"name":"Premium bel kopalni pla\u0161\u010d hotelskega sloga iz frotirja 400g"}]},{"@type":"WebSite","@id":"https:\/\/origon-eu.com\/#website","url":"https:\/\/origon-eu.com\/","name":"Origon EU","description":"Online Store","publisher":{"@id":"https:\/\/origon-eu.com\/#organization"},"potentialAction":[{"@type":"SearchAction","target":{"@type":"EntryPoint","urlTemplate":"https:\/\/origon-eu.com\/?s={search_term_string}"},"query-input":{"@type":"PropertyValueSpecification","valueRequired":true,"valueName":"search_term_string"}}],"inLanguage":"sl-SI"},{"@type":"Organization","@id":"https:\/\/origon-eu.com\/#organization","name":"Origon EU","url":"https:\/\/origon-eu.com\/","logo":{"@type":"ImageObject","inLanguage":"sl-SI","@id":"https:\/\/origon-eu.com\/#\/schema\/logo\/image\/","url":"https:\/\/origon-eu.com\/wp-content\/uploads\/2024\/04\/Screenshot-2024-04-09-101814.png","contentUrl":"https:\/\/origon-eu.com\/wp-content\/uploads\/2024\/04\/Screenshot-2024-04-09-101814.png","width":171,"height":59,"caption":"Origon EU"},"image":{"@id":"https:\/\/origon-eu.com\/#\/schema\/logo\/image\/"}}]}},"tiered_pricing_type":"fixed","tiered_pricing_fixed_rules":[],"tiered_pricing_percentage_rules":[],"tiered_pricing_minimum":1,"tiered_pricing_roles_data":[],"_links":{"self":[{"href":"https:\/\/origon-eu.com\/si\/wp-json\/wp\/v2\/product\/39017","targetHints":{"allow":["GET"]}}],"collection":[{"href":"https:\/\/origon-eu.com\/si\/wp-json\/wp\/v2\/product"}],"about":[{"href":"https:\/\/origon-eu.com\/si\/wp-json\/wp\/v2\/types\/product"}],"version-history":[{"count":2,"href":"https:\/\/origon-eu.com\/si\/wp-json\/wp\/v2\/product\/39017\/revisions"}],"predecessor-version":[{"id":39832,"href":"https:\/\/origon-eu.com\/si\/wp-json\/wp\/v2\/product\/39017\/revisions\/39832"}],"wp:featuredmedia":[{"embeddable":true,"href":"https:\/\/origon-eu.com\/si\/wp-json\/wp\/v2\/media\/38749"}],"wp:attachment":[{"href":"https:\/\/origon-eu.com\/si\/wp-json\/wp\/v2\/media?parent=39017"}],"wp:term":[{"taxonomy":"product_cat","embeddable":true,"href":"https:\/\/origon-eu.com\/si\/wp-json\/wp\/v2\/product_cat?post=39017"},{"taxonomy":"product_tag","embeddable":true,"href":"https:\/\/origon-eu.com\/si\/wp-json\/wp\/v2\/product_tag?post=39017"}],"curies":[{"name":"wp","href":"https:\/\/api.w.org\/{rel}","templated":true}]}}