{"id":35674,"date":"2025-02-28T11:20:41","date_gmt":"2025-02-28T09:20:41","guid":{"rendered":"https:\/\/origon-eu.com\/product\/shiatsu-foot-massager\/"},"modified":"2025-05-20T12:16:08","modified_gmt":"2025-05-20T10:16:08","slug":"shiatsu-foot-massager","status":"publish","type":"product","link":"https:\/\/origon-eu.com\/si\/product\/shiatsu-foot-massager\/","title":{"rendered":"Shiatsu masa\u017eni aparat za stopala"},"content":{"rendered":"<p>Sprostite utrujene mi\u0161ice in se prepustite sprostitvi s Shiatsu masa\u017enim aparatom za stopala s funkcijo ogrevanja. Ta prenosni masa\u017eni aparat ponuja tri nastavitve masa\u017ee, ki ustrezajo va\u0161im \u017eeljam, skupaj s funkcijo nadzorovane toplote za dodaten pomirjujo\u010d dotik.<\/p>\n<p><strong>Prednosti shiatsu masa\u017enega aparata za stopala:<\/strong><\/p>\n<ul>\n<li>Izbolj\u0161a cirkulacijo<\/li>\n<li>Spodbuja mi\u0161ice<\/li>\n<li>Zmanj\u0161a napetost in bole\u010dino<\/li>\n<li>Blaj\u0161a stres<\/li>\n<li>Laj\u0161a glavobole in migrene<\/li>\n<li>Pomaga pri zni\u017eevanju krvnega tlaka<\/li>\n<li>Zmanj\u0161a \u010das okrevanja po po\u0161kodbi<\/li>\n<li>Zmanj\u0161uje anksioznost<\/li>\n<li>Izbolj\u0161a kakovost spanja<\/li>\n<\/ul>\n<p><a href=\"https:\/\/origon-eu.com\/wp-content\/uploads\/2025\/02\/ISM001productimage.webp\"><img fetchpriority=\"high\" decoding=\"async\" class=\"alignnone size-full wp-image-35348\" src=\"https:\/\/origon-eu.com\/wp-content\/uploads\/2025\/02\/ISM001productimage.webp\" alt=\"\" width=\"500\" height=\"500\" srcset=\"https:\/\/origon-eu.com\/wp-content\/uploads\/2025\/02\/ISM001productimage.webp 500w, https:\/\/origon-eu.com\/wp-content\/uploads\/2025\/02\/ISM001productimage-300x300.webp 300w, https:\/\/origon-eu.com\/wp-content\/uploads\/2025\/02\/ISM001productimage-150x150.webp 150w\" sizes=\"(max-width: 500px) 100vw, 500px\" \/><\/a><\/p>\n<p><strong>Lastnosti shiatsu masa\u017ee za stopala:<\/strong><\/p>\n<ul>\n<li>Jaj\u010dasta oblika za ergonomsko udobje<\/li>\n<li>Lahek in prenosljiv<\/li>\n<li>Trije masa\u017eni aparati za celovito masa\u017eo stopal<\/li>\n<li>Odstranljive in pralne prevleke za higieno<\/li>\n<\/ul>\n<p><strong>Specifikacije:<\/strong><\/p>\n<ul>\n<li>Pet neodvisnih gumbov na nadzorni plo\u0161\u010di<\/li>\n<li>Centralna masa\u017ena blazinica za akupresuro na lokih<\/li>\n<li>Sprednja masa\u017ena blazinica z gnetilnim valjem za sprednje podplate<\/li>\n<li>Zadnja masa\u017ena blazinica s potisnim gnetenjem za pete<\/li>\n<li>Notranja zra\u010dna blazina za zra\u010dni pritisk na nart<\/li>\n<li>Odstranljiva tkanina z zadrgo za enostavno \u010di\u0161\u010denje<\/li>\n<li>Shranjevanje kabla za lepo organizacijo<\/li>\n<\/ul>\n<p><strong>Preizkusite shiatsu masa\u017eni aparat za stopala za po\u017eivljajo\u010do in spro\u0161\u010dujo\u010do izku\u0161njo!<\/strong><\/p>\n<p><a href=\"https:\/\/origon-eu.com\/wp-content\/uploads\/2025\/02\/2_ba9be07b-cfe5-4341-87ac-866153800ce8.webp\"><img decoding=\"async\" class=\"alignnone size-full wp-image-35338\" src=\"https:\/\/origon-eu.com\/wp-content\/uploads\/2025\/02\/2_ba9be07b-cfe5-4341-87ac-866153800ce8.webp\" alt=\"\" width=\"713\" height=\"713\" srcset=\"https:\/\/origon-eu.com\/wp-content\/uploads\/2025\/02\/2_ba9be07b-cfe5-4341-87ac-866153800ce8.webp 713w, https:\/\/origon-eu.com\/wp-content\/uploads\/2025\/02\/2_ba9be07b-cfe5-4341-87ac-866153800ce8-300x300.webp 300w, https:\/\/origon-eu.com\/wp-content\/uploads\/2025\/02\/2_ba9be07b-cfe5-4341-87ac-866153800ce8-150x150.webp 150w, https:\/\/origon-eu.com\/wp-content\/uploads\/2025\/02\/2_ba9be07b-cfe5-4341-87ac-866153800ce8-600x600.webp 600w\" sizes=\"(max-width: 713px) 100vw, 713px\" \/><\/a> <a href=\"https:\/\/origon-eu.com\/wp-content\/uploads\/2025\/02\/4_f13bb2f4-084c-4e30-a75c-61f9d0e0dfbc.webp\"><img decoding=\"async\" class=\"alignnone size-full wp-image-35358\" src=\"https:\/\/origon-eu.com\/wp-content\/uploads\/2025\/02\/4_f13bb2f4-084c-4e30-a75c-61f9d0e0dfbc.webp\" alt=\"\" width=\"713\" height=\"713\" srcset=\"https:\/\/origon-eu.com\/wp-content\/uploads\/2025\/02\/4_f13bb2f4-084c-4e30-a75c-61f9d0e0dfbc.webp 713w, https:\/\/origon-eu.com\/wp-content\/uploads\/2025\/02\/4_f13bb2f4-084c-4e30-a75c-61f9d0e0dfbc-300x300.webp 300w, https:\/\/origon-eu.com\/wp-content\/uploads\/2025\/02\/4_f13bb2f4-084c-4e30-a75c-61f9d0e0dfbc-150x150.webp 150w, https:\/\/origon-eu.com\/wp-content\/uploads\/2025\/02\/4_f13bb2f4-084c-4e30-a75c-61f9d0e0dfbc-600x600.webp 600w\" sizes=\"(max-width: 713px) 100vw, 713px\" \/><\/a><\/p>\n","protected":false},"excerpt":{"rendered":"<ul>\n<li>Jaj\u010dasta oblika za ergonomsko udobje<\/li>\n<li>Lahek in prenosljiv<\/li>\n<li>Trije masa\u017eni aparati za celovito masa\u017eo stopal<\/li>\n<li>Odstranljive in pralne prevleke za higieno<\/li>\n<\/ul>\n","protected":false},"featured_media":35357,"template":"","meta":[],"product_cat":[269],"product_tag":[],"class_list":{"0":"post-35674","1":"product","2":"type-product","3":"status-publish","4":"has-post-thumbnail","6":"product_cat-lepota-in-osebna-nega","8":"first","9":"instock","10":"sale","11":"shipping-taxable","12":"purchasable","13":"product-type-simple"},"yoast_head":"<!-- This site is optimized with the Yoast SEO plugin v24.2 - https:\/\/yoast.com\/wordpress\/plugins\/seo\/ -->\n<title>Shiatsu masa\u017eni aparat za stopala - Origon EU<\/title>\n<meta name=\"robots\" content=\"index, follow, max-snippet:-1, max-image-preview:large, max-video-preview:-1\" \/>\n<link rel=\"canonical\" href=\"https:\/\/origon-eu.com\/si\/product\/shiatsu-foot-massager\/\" \/>\n<meta property=\"og:locale\" content=\"sl_SI\" \/>\n<meta property=\"og:type\" content=\"article\" \/>\n<meta property=\"og:title\" content=\"Shiatsu masa\u017eni aparat za stopala - Origon EU\" \/>\n<meta property=\"og:description\" content=\"Jaj\u010dasta oblika za ergonomsko udobje  Lahek in prenosljiv  Trije masa\u017eni aparati za celovito masa\u017eo stopal  Odstranljive in pralne prevleke za higieno\" \/>\n<meta property=\"og:url\" content=\"https:\/\/origon-eu.com\/si\/product\/shiatsu-foot-massager\/\" \/>\n<meta property=\"og:site_name\" content=\"Origon EU\" \/>\n<meta property=\"article:modified_time\" content=\"2025-05-20T10:16:08+00:00\" \/>\n<meta property=\"og:image\" content=\"https:\/\/origon-eu.com\/wp-content\/uploads\/2025\/02\/ISM001productimage.webp\" \/>\n\t<meta property=\"og:image:width\" content=\"500\" \/>\n\t<meta property=\"og:image:height\" content=\"500\" \/>\n\t<meta property=\"og:image:type\" content=\"image\/webp\" \/>\n<meta name=\"twitter:card\" content=\"summary_large_image\" \/>\n<meta name=\"twitter:label1\" content=\"Est. reading time\" \/>\n\t<meta name=\"twitter:data1\" content=\"2 minuti\" \/>\n<script type=\"application\/ld+json\" class=\"yoast-schema-graph\">{\"@context\":\"https:\/\/schema.org\",\"@graph\":[{\"@type\":\"WebPage\",\"@id\":\"https:\/\/origon-eu.com\/si\/product\/shiatsu-foot-massager\/\",\"url\":\"https:\/\/origon-eu.com\/si\/product\/shiatsu-foot-massager\/\",\"name\":\"Shiatsu masa\u017eni aparat za stopala - Origon EU\",\"isPartOf\":{\"@id\":\"https:\/\/origon-eu.com\/#website\"},\"primaryImageOfPage\":{\"@id\":\"https:\/\/origon-eu.com\/si\/product\/shiatsu-foot-massager\/#primaryimage\"},\"image\":{\"@id\":\"https:\/\/origon-eu.com\/si\/product\/shiatsu-foot-massager\/#primaryimage\"},\"thumbnailUrl\":\"https:\/\/origon-eu.com\/wp-content\/uploads\/2025\/02\/ISM001productimage.webp\",\"datePublished\":\"2025-02-28T09:20:41+00:00\",\"dateModified\":\"2025-05-20T10:16:08+00:00\",\"breadcrumb\":{\"@id\":\"https:\/\/origon-eu.com\/si\/product\/shiatsu-foot-massager\/#breadcrumb\"},\"inLanguage\":\"sl-SI\",\"potentialAction\":[{\"@type\":\"ReadAction\",\"target\":[\"https:\/\/origon-eu.com\/si\/product\/shiatsu-foot-massager\/\"]}]},{\"@type\":\"ImageObject\",\"inLanguage\":\"sl-SI\",\"@id\":\"https:\/\/origon-eu.com\/si\/product\/shiatsu-foot-massager\/#primaryimage\",\"url\":\"https:\/\/origon-eu.com\/wp-content\/uploads\/2025\/02\/ISM001productimage.webp\",\"contentUrl\":\"https:\/\/origon-eu.com\/wp-content\/uploads\/2025\/02\/ISM001productimage.webp\",\"width\":500,\"height\":500},{\"@type\":\"BreadcrumbList\",\"@id\":\"https:\/\/origon-eu.com\/si\/product\/shiatsu-foot-massager\/#breadcrumb\",\"itemListElement\":[{\"@type\":\"ListItem\",\"position\":1,\"name\":\"Home\",\"item\":\"https:\/\/origon-eu.com\/\"},{\"@type\":\"ListItem\",\"position\":2,\"name\":\"Shop\",\"item\":\"https:\/\/origon-eu.com\/si\/shop-2\/\"},{\"@type\":\"ListItem\",\"position\":3,\"name\":\"Shiatsu masa\u017eni aparat za stopala\"}]},{\"@type\":\"WebSite\",\"@id\":\"https:\/\/origon-eu.com\/#website\",\"url\":\"https:\/\/origon-eu.com\/\",\"name\":\"Origon EU\",\"description\":\"Online Store\",\"publisher\":{\"@id\":\"https:\/\/origon-eu.com\/#organization\"},\"potentialAction\":[{\"@type\":\"SearchAction\",\"target\":{\"@type\":\"EntryPoint\",\"urlTemplate\":\"https:\/\/origon-eu.com\/?s={search_term_string}\"},\"query-input\":{\"@type\":\"PropertyValueSpecification\",\"valueRequired\":true,\"valueName\":\"search_term_string\"}}],\"inLanguage\":\"sl-SI\"},{\"@type\":\"Organization\",\"@id\":\"https:\/\/origon-eu.com\/#organization\",\"name\":\"Origon EU\",\"url\":\"https:\/\/origon-eu.com\/\",\"logo\":{\"@type\":\"ImageObject\",\"inLanguage\":\"sl-SI\",\"@id\":\"https:\/\/origon-eu.com\/#\/schema\/logo\/image\/\",\"url\":\"https:\/\/origon-eu.com\/wp-content\/uploads\/2024\/04\/Screenshot-2024-04-09-101814.png\",\"contentUrl\":\"https:\/\/origon-eu.com\/wp-content\/uploads\/2024\/04\/Screenshot-2024-04-09-101814.png\",\"width\":171,\"height\":59,\"caption\":\"Origon EU\"},\"image\":{\"@id\":\"https:\/\/origon-eu.com\/#\/schema\/logo\/image\/\"}}]}<\/script>\n<!-- \/ Yoast SEO plugin. -->","yoast_head_json":{"title":"Shiatsu masa\u017eni aparat za stopala - Origon EU","robots":{"index":"index","follow":"follow","max-snippet":"max-snippet:-1","max-image-preview":"max-image-preview:large","max-video-preview":"max-video-preview:-1"},"canonical":"https:\/\/origon-eu.com\/si\/product\/shiatsu-foot-massager\/","og_locale":"sl_SI","og_type":"article","og_title":"Shiatsu masa\u017eni aparat za stopala - Origon EU","og_description":"Jaj\u010dasta oblika za ergonomsko udobje  Lahek in prenosljiv  Trije masa\u017eni aparati za celovito masa\u017eo stopal  Odstranljive in pralne prevleke za higieno","og_url":"https:\/\/origon-eu.com\/si\/product\/shiatsu-foot-massager\/","og_site_name":"Origon EU","article_modified_time":"2025-05-20T10:16:08+00:00","og_image":[{"width":500,"height":500,"url":"https:\/\/origon-eu.com\/wp-content\/uploads\/2025\/02\/ISM001productimage.webp","type":"image\/webp"}],"twitter_card":"summary_large_image","twitter_misc":{"Est. reading time":"2 minuti"},"schema":{"@context":"https:\/\/schema.org","@graph":[{"@type":"WebPage","@id":"https:\/\/origon-eu.com\/si\/product\/shiatsu-foot-massager\/","url":"https:\/\/origon-eu.com\/si\/product\/shiatsu-foot-massager\/","name":"Shiatsu masa\u017eni aparat za stopala - Origon EU","isPartOf":{"@id":"https:\/\/origon-eu.com\/#website"},"primaryImageOfPage":{"@id":"https:\/\/origon-eu.com\/si\/product\/shiatsu-foot-massager\/#primaryimage"},"image":{"@id":"https:\/\/origon-eu.com\/si\/product\/shiatsu-foot-massager\/#primaryimage"},"thumbnailUrl":"https:\/\/origon-eu.com\/wp-content\/uploads\/2025\/02\/ISM001productimage.webp","datePublished":"2025-02-28T09:20:41+00:00","dateModified":"2025-05-20T10:16:08+00:00","breadcrumb":{"@id":"https:\/\/origon-eu.com\/si\/product\/shiatsu-foot-massager\/#breadcrumb"},"inLanguage":"sl-SI","potentialAction":[{"@type":"ReadAction","target":["https:\/\/origon-eu.com\/si\/product\/shiatsu-foot-massager\/"]}]},{"@type":"ImageObject","inLanguage":"sl-SI","@id":"https:\/\/origon-eu.com\/si\/product\/shiatsu-foot-massager\/#primaryimage","url":"https:\/\/origon-eu.com\/wp-content\/uploads\/2025\/02\/ISM001productimage.webp","contentUrl":"https:\/\/origon-eu.com\/wp-content\/uploads\/2025\/02\/ISM001productimage.webp","width":500,"height":500},{"@type":"BreadcrumbList","@id":"https:\/\/origon-eu.com\/si\/product\/shiatsu-foot-massager\/#breadcrumb","itemListElement":[{"@type":"ListItem","position":1,"name":"Home","item":"https:\/\/origon-eu.com\/"},{"@type":"ListItem","position":2,"name":"Shop","item":"https:\/\/origon-eu.com\/si\/shop-2\/"},{"@type":"ListItem","position":3,"name":"Shiatsu masa\u017eni aparat za stopala"}]},{"@type":"WebSite","@id":"https:\/\/origon-eu.com\/#website","url":"https:\/\/origon-eu.com\/","name":"Origon EU","description":"Online Store","publisher":{"@id":"https:\/\/origon-eu.com\/#organization"},"potentialAction":[{"@type":"SearchAction","target":{"@type":"EntryPoint","urlTemplate":"https:\/\/origon-eu.com\/?s={search_term_string}"},"query-input":{"@type":"PropertyValueSpecification","valueRequired":true,"valueName":"search_term_string"}}],"inLanguage":"sl-SI"},{"@type":"Organization","@id":"https:\/\/origon-eu.com\/#organization","name":"Origon EU","url":"https:\/\/origon-eu.com\/","logo":{"@type":"ImageObject","inLanguage":"sl-SI","@id":"https:\/\/origon-eu.com\/#\/schema\/logo\/image\/","url":"https:\/\/origon-eu.com\/wp-content\/uploads\/2024\/04\/Screenshot-2024-04-09-101814.png","contentUrl":"https:\/\/origon-eu.com\/wp-content\/uploads\/2024\/04\/Screenshot-2024-04-09-101814.png","width":171,"height":59,"caption":"Origon EU"},"image":{"@id":"https:\/\/origon-eu.com\/#\/schema\/logo\/image\/"}}]}},"tiered_pricing_type":"fixed","tiered_pricing_fixed_rules":[],"tiered_pricing_percentage_rules":[],"tiered_pricing_minimum":1,"tiered_pricing_roles_data":[],"_links":{"self":[{"href":"https:\/\/origon-eu.com\/si\/wp-json\/wp\/v2\/product\/35674","targetHints":{"allow":["GET"]}}],"collection":[{"href":"https:\/\/origon-eu.com\/si\/wp-json\/wp\/v2\/product"}],"about":[{"href":"https:\/\/origon-eu.com\/si\/wp-json\/wp\/v2\/types\/product"}],"version-history":[{"count":1,"href":"https:\/\/origon-eu.com\/si\/wp-json\/wp\/v2\/product\/35674\/revisions"}],"predecessor-version":[{"id":35675,"href":"https:\/\/origon-eu.com\/si\/wp-json\/wp\/v2\/product\/35674\/revisions\/35675"}],"wp:featuredmedia":[{"embeddable":true,"href":"https:\/\/origon-eu.com\/si\/wp-json\/wp\/v2\/media\/35357"}],"wp:attachment":[{"href":"https:\/\/origon-eu.com\/si\/wp-json\/wp\/v2\/media?parent=35674"}],"wp:term":[{"taxonomy":"product_cat","embeddable":true,"href":"https:\/\/origon-eu.com\/si\/wp-json\/wp\/v2\/product_cat?post=35674"},{"taxonomy":"product_tag","embeddable":true,"href":"https:\/\/origon-eu.com\/si\/wp-json\/wp\/v2\/product_tag?post=35674"}],"curies":[{"name":"wp","href":"https:\/\/api.w.org\/{rel}","templated":true}]}}