{"id":35649,"date":"2025-02-28T11:14:55","date_gmt":"2025-02-28T09:14:55","guid":{"rendered":"https:\/\/origon-eu.com\/product\/lazy-beanbag-sofa\/"},"modified":"2025-03-18T01:50:44","modified_gmt":"2025-03-17T23:50:44","slug":"lazy-beanbag-sofa","status":"publish","type":"product","link":"https:\/\/origon-eu.com\/si\/product\/lazy-beanbag-sofa\/","title":{"rendered":"Kav\u010d Lazy BeanBag"},"content":{"rendered":"<p>Velikanska sede\u017ena vre\u010da za odrasle|Fuf sede\u017ena vre\u010da|Najbolj\u0161i kav\u010d za spalnico|<\/p>\n<p>**Udobje in slog brez primere**<br \/>\nLazy BeanBag Sofas Cover Chair je dokaz udobja in sloga, izdelan iz pravega usnja, ki nudi razko\u0161en ob\u010dutek in vzdr\u017eljivost. Ta enosede\u017eni stol z vre\u010dami je zasnovan tako, da zagotavlja ergonomsko oporo, zaradi \u010desar je odli\u010dna izbira za tiste, ki cenijo udobje in stil. Pove\u010dan dizajn hrbtnega naslonjala zagotavlja udobno pole\u017eavanje, ne glede na to, ali gledate televizijo, berete knjigo ali se preprosto sprostite.<\/p>\n<p>**Vsestranski in priro\u010den**<br \/>\nTa stol z vre\u010do ni le kos pohi\u0161tva; je vsestranski dodatek k vsakemu \u017eivljenjskemu prostoru. Njegova lahka zasnova omogo\u010da preprosto premikanje, zaradi \u010desar je popoln za spalnice, igralnice ali celo kot udoben dodatek va\u0161i spalnici. Napihljiv flocking kav\u010d je enostaven za postavitev, prilo\u017eena tla\u010dilka pa zagotavlja, da lahko v hipu u\u017eivate v svojem novem stolu. Zaradi kompaktne velikosti in majhne te\u017ee ga je preprosto shraniti, ko ni v uporabi.<\/p>\n<p>**Enostavno vzdr\u017eevanje in popravilo**<br \/>\n\u010ci\u0161\u010denje stola z vre\u010do za sedenje je preprosto, zahvaljujo\u010d funkciji pralnega kav\u010da v pralnem stroju. Kosmi\u010dasti material je zasnovan tako, da je odporen proti made\u017eem in ohranja svojo mehkobo, kar zagotavlja, da bo va\u0161 stol ostal udobno zato\u010di\u0161\u010de v prihodnjih letih. V redkih primerih predrtja je stolu prilo\u017een komplet za popravilo, vklju\u010dno z lepilom, ki zagotavlja, da bo va\u0161 stol ostal v odli\u010dnem stanju. Ne pozabite vzdr\u017eevati zmernega nivoja plina, da ne po\u010di, in u\u017eivajte v udobju in priro\u010dnosti te visokokakovostne napihljive postelje.<\/p>\n<p><a href=\"https:\/\/origon-eu.com\/wp-content\/uploads\/2025\/02\/S491fbbfe575a4089996aabca8ea58c48i.webp\"><img fetchpriority=\"high\" decoding=\"async\" class=\"alignnone size-full wp-image-35262\" src=\"https:\/\/origon-eu.com\/wp-content\/uploads\/2025\/02\/S491fbbfe575a4089996aabca8ea58c48i.webp\" alt=\"\" width=\"800\" height=\"563\" srcset=\"https:\/\/origon-eu.com\/wp-content\/uploads\/2025\/02\/S491fbbfe575a4089996aabca8ea58c48i.webp 800w, https:\/\/origon-eu.com\/wp-content\/uploads\/2025\/02\/S491fbbfe575a4089996aabca8ea58c48i-300x211.webp 300w, https:\/\/origon-eu.com\/wp-content\/uploads\/2025\/02\/S491fbbfe575a4089996aabca8ea58c48i-768x540.webp 768w, https:\/\/origon-eu.com\/wp-content\/uploads\/2025\/02\/S491fbbfe575a4089996aabca8ea58c48i-600x422.webp 600w, https:\/\/origon-eu.com\/wp-content\/uploads\/2025\/02\/S491fbbfe575a4089996aabca8ea58c48i-150x106.webp 150w\" sizes=\"(max-width: 800px) 100vw, 800px\" \/><\/a><\/p>\n<p>Material: Pravo usnje<br \/>\nZa \u0161tevilko: samski<br \/>\nOblika in slog: Napihljiv kav\u010d iz kosmi\u010dev s pove\u010danim naslonjalom<br \/>\nUporaba in namen: Idealen za sedenje, siesto in po\u010ditek<br \/>\nOblika ali velikost ali te\u017ea ali koli\u010dina: 116 * 98 * 83 cm, 2 kg<br \/>\nZmogljivost in lastnost: Ergonomsko oblikovan za udobje in podporo<\/p>\n<p><a href=\"https:\/\/origon-eu.com\/wp-content\/uploads\/2025\/02\/Sb36a731dd2114e32993547b4d8881b1aR.jpg_960x960q75.jpg_.webp\"><img decoding=\"async\" class=\"alignnone size-full wp-image-35553\" src=\"https:\/\/origon-eu.com\/wp-content\/uploads\/2025\/02\/Sb36a731dd2114e32993547b4d8881b1aR.jpg_960x960q75.jpg_.webp\" alt=\"\" width=\"800\" height=\"800\" srcset=\"https:\/\/origon-eu.com\/wp-content\/uploads\/2025\/02\/Sb36a731dd2114e32993547b4d8881b1aR.jpg_960x960q75.jpg_.webp 800w, https:\/\/origon-eu.com\/wp-content\/uploads\/2025\/02\/Sb36a731dd2114e32993547b4d8881b1aR.jpg_960x960q75.jpg_-300x300.webp 300w, https:\/\/origon-eu.com\/wp-content\/uploads\/2025\/02\/Sb36a731dd2114e32993547b4d8881b1aR.jpg_960x960q75.jpg_-150x150.webp 150w, https:\/\/origon-eu.com\/wp-content\/uploads\/2025\/02\/Sb36a731dd2114e32993547b4d8881b1aR.jpg_960x960q75.jpg_-768x768.webp 768w, https:\/\/origon-eu.com\/wp-content\/uploads\/2025\/02\/Sb36a731dd2114e32993547b4d8881b1aR.jpg_960x960q75.jpg_-600x600.webp 600w\" sizes=\"(max-width: 800px) 100vw, 800px\" \/><\/a> <a href=\"https:\/\/origon-eu.com\/wp-content\/uploads\/2025\/02\/S2dd937b3583b4e349e97f2a084ece0adH.webp\"><img decoding=\"async\" class=\"alignnone size-full wp-image-35573\" src=\"https:\/\/origon-eu.com\/wp-content\/uploads\/2025\/02\/S2dd937b3583b4e349e97f2a084ece0adH.webp\" alt=\"\" width=\"800\" height=\"533\" srcset=\"https:\/\/origon-eu.com\/wp-content\/uploads\/2025\/02\/S2dd937b3583b4e349e97f2a084ece0adH.webp 800w, https:\/\/origon-eu.com\/wp-content\/uploads\/2025\/02\/S2dd937b3583b4e349e97f2a084ece0adH-300x200.webp 300w, https:\/\/origon-eu.com\/wp-content\/uploads\/2025\/02\/S2dd937b3583b4e349e97f2a084ece0adH-768x512.webp 768w, https:\/\/origon-eu.com\/wp-content\/uploads\/2025\/02\/S2dd937b3583b4e349e97f2a084ece0adH-600x400.webp 600w, https:\/\/origon-eu.com\/wp-content\/uploads\/2025\/02\/S2dd937b3583b4e349e97f2a084ece0adH-150x100.webp 150w\" sizes=\"(max-width: 800px) 100vw, 800px\" \/><\/a> <a href=\"https:\/\/origon-eu.com\/wp-content\/uploads\/2025\/02\/Sf6507ad7090f4c5ca3417ab39b9fa577v.webp\"><img loading=\"lazy\" decoding=\"async\" class=\"alignnone size-full wp-image-35583\" src=\"https:\/\/origon-eu.com\/wp-content\/uploads\/2025\/02\/Sf6507ad7090f4c5ca3417ab39b9fa577v.webp\" alt=\"\" width=\"800\" height=\"785\" srcset=\"https:\/\/origon-eu.com\/wp-content\/uploads\/2025\/02\/Sf6507ad7090f4c5ca3417ab39b9fa577v.webp 800w, https:\/\/origon-eu.com\/wp-content\/uploads\/2025\/02\/Sf6507ad7090f4c5ca3417ab39b9fa577v-300x294.webp 300w, https:\/\/origon-eu.com\/wp-content\/uploads\/2025\/02\/Sf6507ad7090f4c5ca3417ab39b9fa577v-768x754.webp 768w, https:\/\/origon-eu.com\/wp-content\/uploads\/2025\/02\/Sf6507ad7090f4c5ca3417ab39b9fa577v-600x589.webp 600w, https:\/\/origon-eu.com\/wp-content\/uploads\/2025\/02\/Sf6507ad7090f4c5ca3417ab39b9fa577v-150x147.webp 150w\" sizes=\"(max-width: 800px) 100vw, 800px\" \/><\/a> <a href=\"https:\/\/origon-eu.com\/wp-content\/uploads\/2025\/02\/Sad75a1565f1549dbb05dec6acf235573D.webp\"><img loading=\"lazy\" decoding=\"async\" class=\"alignnone size-full wp-image-35593\" src=\"https:\/\/origon-eu.com\/wp-content\/uploads\/2025\/02\/Sad75a1565f1549dbb05dec6acf235573D.webp\" alt=\"\" width=\"800\" height=\"666\" srcset=\"https:\/\/origon-eu.com\/wp-content\/uploads\/2025\/02\/Sad75a1565f1549dbb05dec6acf235573D.webp 800w, https:\/\/origon-eu.com\/wp-content\/uploads\/2025\/02\/Sad75a1565f1549dbb05dec6acf235573D-300x250.webp 300w, https:\/\/origon-eu.com\/wp-content\/uploads\/2025\/02\/Sad75a1565f1549dbb05dec6acf235573D-768x639.webp 768w, https:\/\/origon-eu.com\/wp-content\/uploads\/2025\/02\/Sad75a1565f1549dbb05dec6acf235573D-600x500.webp 600w, https:\/\/origon-eu.com\/wp-content\/uploads\/2025\/02\/Sad75a1565f1549dbb05dec6acf235573D-150x125.webp 150w\" sizes=\"(max-width: 800px) 100vw, 800px\" \/><\/a> <a href=\"https:\/\/origon-eu.com\/wp-content\/uploads\/2025\/02\/S77b9991115874337b145526c5a94fcd4M-1.webp\"><img loading=\"lazy\" decoding=\"async\" class=\"alignnone size-full wp-image-35603\" src=\"https:\/\/origon-eu.com\/wp-content\/uploads\/2025\/02\/S77b9991115874337b145526c5a94fcd4M-1.webp\" alt=\"\" width=\"800\" height=\"968\" srcset=\"https:\/\/origon-eu.com\/wp-content\/uploads\/2025\/02\/S77b9991115874337b145526c5a94fcd4M-1.webp 800w, https:\/\/origon-eu.com\/wp-content\/uploads\/2025\/02\/S77b9991115874337b145526c5a94fcd4M-1-248x300.webp 248w, https:\/\/origon-eu.com\/wp-content\/uploads\/2025\/02\/S77b9991115874337b145526c5a94fcd4M-1-768x929.webp 768w, https:\/\/origon-eu.com\/wp-content\/uploads\/2025\/02\/S77b9991115874337b145526c5a94fcd4M-1-600x726.webp 600w, https:\/\/origon-eu.com\/wp-content\/uploads\/2025\/02\/S77b9991115874337b145526c5a94fcd4M-1-150x182.webp 150w\" sizes=\"(max-width: 800px) 100vw, 800px\" \/><\/a><\/p>\n<div style=\"width: 1280px;\" class=\"wp-video\"><video class=\"wp-video-shortcode\" id=\"video-35649-1\" width=\"1280\" height=\"720\" preload=\"none\" controls=\"controls\"><source type=\"video\/mp4\" src=\"https:\/\/origon-eu.com\/wp-content\/uploads\/2025\/02\/ZOGL0ULhv6Mq4ETUPtS_1100172410205_mp4_265_hd.mp4?_=1\" \/><a href=\"https:\/\/origon-eu.com\/wp-content\/uploads\/2025\/02\/ZOGL0ULhv6Mq4ETUPtS_1100172410205_mp4_265_hd.mp4\">https:\/\/origon-eu.com\/wp-content\/uploads\/2025\/02\/ZOGL0ULhv6Mq4ETUPtS_1100172410205_mp4_265_hd.mp4<\/a><\/video><\/div>\n","protected":false},"excerpt":{"rendered":"<p>Ogromna sede\u017ena vre\u010da za odrasle|Fuf sede\u017ena vre\u010da|Material: Pravo usnje, ta sede\u017ena garnitura, izdelana iz pravega usnja, ponuja razko\u0161en ob\u010dutek in vzdr\u017eljivost.<\/p>\n<p>Velikost: 116 * 98 * 83 cm, Ta sede\u017ena garnitura z velikodu\u0161no velikostjo 116 * 98 * 83 cm zagotavlja dovolj prostora za pole\u017eavanje in sprostitev.<br \/>\nZasnova: Ergonomsko podpora, ergonomsko oblikovan za podporo va\u0161emu telesu, ta stol z vre\u010do za sedenje zagotavlja udobje med dolgimi urami spro\u0161\u010danja.<\/p>\n","protected":false},"featured_media":35562,"template":"","meta":[],"product_cat":[221],"product_tag":[],"class_list":{"0":"post-35649","1":"product","2":"type-product","3":"status-publish","4":"has-post-thumbnail","6":"product_cat-dom-in-kuhinja-si","8":"first","9":"instock","10":"sale","11":"shipping-taxable","12":"purchasable","13":"product-type-simple"},"yoast_head":"<!-- This site is optimized with the Yoast SEO plugin v24.2 - https:\/\/yoast.com\/wordpress\/plugins\/seo\/ -->\n<title>Kav\u010d Lazy BeanBag - Origon EU<\/title>\n<meta name=\"robots\" content=\"index, follow, max-snippet:-1, max-image-preview:large, max-video-preview:-1\" \/>\n<link rel=\"canonical\" href=\"https:\/\/origon-eu.com\/si\/product\/lazy-beanbag-sofa\/\" \/>\n<meta property=\"og:locale\" content=\"sl_SI\" \/>\n<meta property=\"og:type\" content=\"article\" \/>\n<meta property=\"og:title\" content=\"Kav\u010d Lazy BeanBag - Origon EU\" \/>\n<meta property=\"og:description\" content=\"Ogromna sede\u017ena vre\u010da za odrasle|Fuf sede\u017ena vre\u010da|Material: Pravo usnje, ta sede\u017ena garnitura, izdelana iz pravega usnja, ponuja razko\u0161en ob\u010dutek in vzdr\u017eljivost.  Velikost: 116 * 98 * 83 cm, Ta sede\u017ena garnitura z velikodu\u0161no velikostjo 116 * 98 * 83 cm zagotavlja dovolj prostora za pole\u017eavanje in sprostitev. Zasnova: Ergonomsko podpora, ergonomsko oblikovan za podporo va\u0161emu telesu, ta stol z vre\u010do za sedenje zagotavlja udobje med dolgimi urami spro\u0161\u010danja.\" \/>\n<meta property=\"og:url\" content=\"https:\/\/origon-eu.com\/si\/product\/lazy-beanbag-sofa\/\" \/>\n<meta property=\"og:site_name\" content=\"Origon EU\" \/>\n<meta property=\"article:modified_time\" content=\"2025-03-17T23:50:44+00:00\" \/>\n<meta property=\"og:image\" content=\"https:\/\/origon-eu.com\/wp-content\/uploads\/2025\/02\/Sb36a731dd2114e32993547b4d8881b1aR.jpg_960x960q75.jpg_.webp\" \/>\n\t<meta property=\"og:image:width\" content=\"800\" \/>\n\t<meta property=\"og:image:height\" content=\"800\" \/>\n\t<meta property=\"og:image:type\" content=\"image\/webp\" \/>\n<meta name=\"twitter:card\" content=\"summary_large_image\" \/>\n<meta name=\"twitter:label1\" content=\"Est. reading time\" \/>\n\t<meta name=\"twitter:data1\" content=\"3 minute\" \/>\n<script type=\"application\/ld+json\" class=\"yoast-schema-graph\">{\"@context\":\"https:\/\/schema.org\",\"@graph\":[{\"@type\":\"WebPage\",\"@id\":\"https:\/\/origon-eu.com\/si\/product\/lazy-beanbag-sofa\/\",\"url\":\"https:\/\/origon-eu.com\/si\/product\/lazy-beanbag-sofa\/\",\"name\":\"Kav\u010d Lazy BeanBag - Origon EU\",\"isPartOf\":{\"@id\":\"https:\/\/origon-eu.com\/#website\"},\"primaryImageOfPage\":{\"@id\":\"https:\/\/origon-eu.com\/si\/product\/lazy-beanbag-sofa\/#primaryimage\"},\"image\":{\"@id\":\"https:\/\/origon-eu.com\/si\/product\/lazy-beanbag-sofa\/#primaryimage\"},\"thumbnailUrl\":\"https:\/\/origon-eu.com\/wp-content\/uploads\/2025\/02\/Sb36a731dd2114e32993547b4d8881b1aR.jpg_960x960q75.jpg_.webp\",\"datePublished\":\"2025-02-28T09:14:55+00:00\",\"dateModified\":\"2025-03-17T23:50:44+00:00\",\"breadcrumb\":{\"@id\":\"https:\/\/origon-eu.com\/si\/product\/lazy-beanbag-sofa\/#breadcrumb\"},\"inLanguage\":\"sl-SI\",\"potentialAction\":[{\"@type\":\"ReadAction\",\"target\":[\"https:\/\/origon-eu.com\/si\/product\/lazy-beanbag-sofa\/\"]}]},{\"@type\":\"ImageObject\",\"inLanguage\":\"sl-SI\",\"@id\":\"https:\/\/origon-eu.com\/si\/product\/lazy-beanbag-sofa\/#primaryimage\",\"url\":\"https:\/\/origon-eu.com\/wp-content\/uploads\/2025\/02\/Sb36a731dd2114e32993547b4d8881b1aR.jpg_960x960q75.jpg_.webp\",\"contentUrl\":\"https:\/\/origon-eu.com\/wp-content\/uploads\/2025\/02\/Sb36a731dd2114e32993547b4d8881b1aR.jpg_960x960q75.jpg_.webp\",\"width\":800,\"height\":800},{\"@type\":\"BreadcrumbList\",\"@id\":\"https:\/\/origon-eu.com\/si\/product\/lazy-beanbag-sofa\/#breadcrumb\",\"itemListElement\":[{\"@type\":\"ListItem\",\"position\":1,\"name\":\"Home\",\"item\":\"https:\/\/origon-eu.com\/\"},{\"@type\":\"ListItem\",\"position\":2,\"name\":\"Shop\",\"item\":\"https:\/\/origon-eu.com\/si\/shop-2\/\"},{\"@type\":\"ListItem\",\"position\":3,\"name\":\"Kav\u010d Lazy BeanBag\"}]},{\"@type\":\"WebSite\",\"@id\":\"https:\/\/origon-eu.com\/#website\",\"url\":\"https:\/\/origon-eu.com\/\",\"name\":\"Origon EU\",\"description\":\"Online Store\",\"publisher\":{\"@id\":\"https:\/\/origon-eu.com\/#organization\"},\"potentialAction\":[{\"@type\":\"SearchAction\",\"target\":{\"@type\":\"EntryPoint\",\"urlTemplate\":\"https:\/\/origon-eu.com\/?s={search_term_string}\"},\"query-input\":{\"@type\":\"PropertyValueSpecification\",\"valueRequired\":true,\"valueName\":\"search_term_string\"}}],\"inLanguage\":\"sl-SI\"},{\"@type\":\"Organization\",\"@id\":\"https:\/\/origon-eu.com\/#organization\",\"name\":\"Origon EU\",\"url\":\"https:\/\/origon-eu.com\/\",\"logo\":{\"@type\":\"ImageObject\",\"inLanguage\":\"sl-SI\",\"@id\":\"https:\/\/origon-eu.com\/#\/schema\/logo\/image\/\",\"url\":\"https:\/\/origon-eu.com\/wp-content\/uploads\/2024\/04\/Screenshot-2024-04-09-101814.png\",\"contentUrl\":\"https:\/\/origon-eu.com\/wp-content\/uploads\/2024\/04\/Screenshot-2024-04-09-101814.png\",\"width\":171,\"height\":59,\"caption\":\"Origon EU\"},\"image\":{\"@id\":\"https:\/\/origon-eu.com\/#\/schema\/logo\/image\/\"}}]}<\/script>\n<!-- \/ Yoast SEO plugin. -->","yoast_head_json":{"title":"Kav\u010d Lazy BeanBag - Origon EU","robots":{"index":"index","follow":"follow","max-snippet":"max-snippet:-1","max-image-preview":"max-image-preview:large","max-video-preview":"max-video-preview:-1"},"canonical":"https:\/\/origon-eu.com\/si\/product\/lazy-beanbag-sofa\/","og_locale":"sl_SI","og_type":"article","og_title":"Kav\u010d Lazy BeanBag - Origon EU","og_description":"Ogromna sede\u017ena vre\u010da za odrasle|Fuf sede\u017ena vre\u010da|Material: Pravo usnje, ta sede\u017ena garnitura, izdelana iz pravega usnja, ponuja razko\u0161en ob\u010dutek in vzdr\u017eljivost.  Velikost: 116 * 98 * 83 cm, Ta sede\u017ena garnitura z velikodu\u0161no velikostjo 116 * 98 * 83 cm zagotavlja dovolj prostora za pole\u017eavanje in sprostitev. Zasnova: Ergonomsko podpora, ergonomsko oblikovan za podporo va\u0161emu telesu, ta stol z vre\u010do za sedenje zagotavlja udobje med dolgimi urami spro\u0161\u010danja.","og_url":"https:\/\/origon-eu.com\/si\/product\/lazy-beanbag-sofa\/","og_site_name":"Origon EU","article_modified_time":"2025-03-17T23:50:44+00:00","og_image":[{"width":800,"height":800,"url":"https:\/\/origon-eu.com\/wp-content\/uploads\/2025\/02\/Sb36a731dd2114e32993547b4d8881b1aR.jpg_960x960q75.jpg_.webp","type":"image\/webp"}],"twitter_card":"summary_large_image","twitter_misc":{"Est. reading time":"3 minute"},"schema":{"@context":"https:\/\/schema.org","@graph":[{"@type":"WebPage","@id":"https:\/\/origon-eu.com\/si\/product\/lazy-beanbag-sofa\/","url":"https:\/\/origon-eu.com\/si\/product\/lazy-beanbag-sofa\/","name":"Kav\u010d Lazy BeanBag - Origon EU","isPartOf":{"@id":"https:\/\/origon-eu.com\/#website"},"primaryImageOfPage":{"@id":"https:\/\/origon-eu.com\/si\/product\/lazy-beanbag-sofa\/#primaryimage"},"image":{"@id":"https:\/\/origon-eu.com\/si\/product\/lazy-beanbag-sofa\/#primaryimage"},"thumbnailUrl":"https:\/\/origon-eu.com\/wp-content\/uploads\/2025\/02\/Sb36a731dd2114e32993547b4d8881b1aR.jpg_960x960q75.jpg_.webp","datePublished":"2025-02-28T09:14:55+00:00","dateModified":"2025-03-17T23:50:44+00:00","breadcrumb":{"@id":"https:\/\/origon-eu.com\/si\/product\/lazy-beanbag-sofa\/#breadcrumb"},"inLanguage":"sl-SI","potentialAction":[{"@type":"ReadAction","target":["https:\/\/origon-eu.com\/si\/product\/lazy-beanbag-sofa\/"]}]},{"@type":"ImageObject","inLanguage":"sl-SI","@id":"https:\/\/origon-eu.com\/si\/product\/lazy-beanbag-sofa\/#primaryimage","url":"https:\/\/origon-eu.com\/wp-content\/uploads\/2025\/02\/Sb36a731dd2114e32993547b4d8881b1aR.jpg_960x960q75.jpg_.webp","contentUrl":"https:\/\/origon-eu.com\/wp-content\/uploads\/2025\/02\/Sb36a731dd2114e32993547b4d8881b1aR.jpg_960x960q75.jpg_.webp","width":800,"height":800},{"@type":"BreadcrumbList","@id":"https:\/\/origon-eu.com\/si\/product\/lazy-beanbag-sofa\/#breadcrumb","itemListElement":[{"@type":"ListItem","position":1,"name":"Home","item":"https:\/\/origon-eu.com\/"},{"@type":"ListItem","position":2,"name":"Shop","item":"https:\/\/origon-eu.com\/si\/shop-2\/"},{"@type":"ListItem","position":3,"name":"Kav\u010d Lazy BeanBag"}]},{"@type":"WebSite","@id":"https:\/\/origon-eu.com\/#website","url":"https:\/\/origon-eu.com\/","name":"Origon EU","description":"Online Store","publisher":{"@id":"https:\/\/origon-eu.com\/#organization"},"potentialAction":[{"@type":"SearchAction","target":{"@type":"EntryPoint","urlTemplate":"https:\/\/origon-eu.com\/?s={search_term_string}"},"query-input":{"@type":"PropertyValueSpecification","valueRequired":true,"valueName":"search_term_string"}}],"inLanguage":"sl-SI"},{"@type":"Organization","@id":"https:\/\/origon-eu.com\/#organization","name":"Origon EU","url":"https:\/\/origon-eu.com\/","logo":{"@type":"ImageObject","inLanguage":"sl-SI","@id":"https:\/\/origon-eu.com\/#\/schema\/logo\/image\/","url":"https:\/\/origon-eu.com\/wp-content\/uploads\/2024\/04\/Screenshot-2024-04-09-101814.png","contentUrl":"https:\/\/origon-eu.com\/wp-content\/uploads\/2024\/04\/Screenshot-2024-04-09-101814.png","width":171,"height":59,"caption":"Origon EU"},"image":{"@id":"https:\/\/origon-eu.com\/#\/schema\/logo\/image\/"}}]}},"tiered_pricing_type":"fixed","tiered_pricing_fixed_rules":[],"tiered_pricing_percentage_rules":[],"tiered_pricing_minimum":1,"tiered_pricing_roles_data":[],"_links":{"self":[{"href":"https:\/\/origon-eu.com\/si\/wp-json\/wp\/v2\/product\/35649","targetHints":{"allow":["GET"]}}],"collection":[{"href":"https:\/\/origon-eu.com\/si\/wp-json\/wp\/v2\/product"}],"about":[{"href":"https:\/\/origon-eu.com\/si\/wp-json\/wp\/v2\/types\/product"}],"version-history":[{"count":1,"href":"https:\/\/origon-eu.com\/si\/wp-json\/wp\/v2\/product\/35649\/revisions"}],"predecessor-version":[{"id":35650,"href":"https:\/\/origon-eu.com\/si\/wp-json\/wp\/v2\/product\/35649\/revisions\/35650"}],"wp:featuredmedia":[{"embeddable":true,"href":"https:\/\/origon-eu.com\/si\/wp-json\/wp\/v2\/media\/35562"}],"wp:attachment":[{"href":"https:\/\/origon-eu.com\/si\/wp-json\/wp\/v2\/media?parent=35649"}],"wp:term":[{"taxonomy":"product_cat","embeddable":true,"href":"https:\/\/origon-eu.com\/si\/wp-json\/wp\/v2\/product_cat?post=35649"},{"taxonomy":"product_tag","embeddable":true,"href":"https:\/\/origon-eu.com\/si\/wp-json\/wp\/v2\/product_tag?post=35649"}],"curies":[{"name":"wp","href":"https:\/\/api.w.org\/{rel}","templated":true}]}}