{"id":34813,"date":"2025-02-17T14:51:11","date_gmt":"2025-02-17T12:51:11","guid":{"rendered":"https:\/\/origon-eu.com\/product\/waterproof-sleeveless-heated-vest\/"},"modified":"2025-02-17T17:01:06","modified_gmt":"2025-02-17T15:01:06","slug":"waterproof-sleeveless-heated-vest","status":"publish","type":"product","link":"https:\/\/origon-eu.com\/si\/product\/waterproof-sleeveless-heated-vest\/","title":{"rendered":"Vodotesen ogrevan telovnik brez rokavov"},"content":{"rendered":"<p class=\"\" style=\"text-align: center;\"><span class=\"\" data-sheets-root=\"1\">Ostanite na toplem s FLAMEVEST, va\u0161im najbolj\u0161im spremljevalcem v hladnem vremenu. Ta telovnik s tremi grelnimi elementi in grelnikom za vrat zagotavlja udobje tudi pri najni\u017ejih temperaturah.<\/span><\/p>\n<p class=\"\" style=\"text-align: center;\">Izberite svojo idealno toploto s 3 nastavljivimi stopnjami toplote. Razli\u010dne barve LED na gumbu vam bodo pokazale stopnjo toplote, ki ste jo izbrali. Segrel se bo v le nekaj sekundah in vas hitro re\u0161il pred mrazom.<\/p>\n<p class=\"\" style=\"text-align: center;\"><a href=\"https:\/\/origon-eu.com\/wp-content\/uploads\/2025\/02\/FLAMEVEST23689__df70ff35__314d8cf4__bc20f51a.webp\"><img fetchpriority=\"high\" decoding=\"async\" class=\"alignnone size-full wp-image-34477\" src=\"https:\/\/origon-eu.com\/wp-content\/uploads\/2025\/02\/FLAMEVEST23689__df70ff35__314d8cf4__bc20f51a.webp\" alt=\"\" width=\"600\" height=\"600\" srcset=\"https:\/\/origon-eu.com\/wp-content\/uploads\/2025\/02\/FLAMEVEST23689__df70ff35__314d8cf4__bc20f51a.webp 600w, https:\/\/origon-eu.com\/wp-content\/uploads\/2025\/02\/FLAMEVEST23689__df70ff35__314d8cf4__bc20f51a-300x300.webp 300w, https:\/\/origon-eu.com\/wp-content\/uploads\/2025\/02\/FLAMEVEST23689__df70ff35__314d8cf4__bc20f51a-150x150.webp 150w\" sizes=\"(max-width: 600px) 100vw, 600px\" \/><\/a><\/p>\n<p class=\"\" style=\"text-align: center;\"><strong class=\"\">\ufe0f Vsestranska uporaba<\/strong><\/p>\n<p class=\"\" style=\"text-align: center;\"><span class=\"\" data-sheets-root=\"1\">Ta topel telovnik je zasnovan za vrsto razli\u010dnih dejavnosti. Uporabite ga za hojo, pohodni\u0161tvo, smu\u010danje, tek, ribolov ali katero koli drugo aktivnost. In seveda, primerna je tudi za vsakodnevno no\u0161enje. Je vzdr\u017eljiv, lahek, udoben in vas ne bo oviral pri gibanju.<\/span><\/p>\n<p class=\"\" style=\"text-align: center;\"><a href=\"https:\/\/origon-eu.com\/wp-content\/uploads\/2025\/02\/FLAMEVEST24714__2edd0ddf__cda0b823__565c209d-1.webp\"><img decoding=\"async\" class=\"alignnone size-full wp-image-34487\" src=\"https:\/\/origon-eu.com\/wp-content\/uploads\/2025\/02\/FLAMEVEST24714__2edd0ddf__cda0b823__565c209d-1.webp\" alt=\"\" width=\"600\" height=\"601\" srcset=\"https:\/\/origon-eu.com\/wp-content\/uploads\/2025\/02\/FLAMEVEST24714__2edd0ddf__cda0b823__565c209d-1.webp 600w, https:\/\/origon-eu.com\/wp-content\/uploads\/2025\/02\/FLAMEVEST24714__2edd0ddf__cda0b823__565c209d-1-300x300.webp 300w, https:\/\/origon-eu.com\/wp-content\/uploads\/2025\/02\/FLAMEVEST24714__2edd0ddf__cda0b823__565c209d-1-150x150.webp 150w\" sizes=\"(max-width: 600px) 100vw, 600px\" \/><\/a><\/p>\n<p class=\"\" style=\"text-align: center;\"><strong class=\"\"> Enostavno \u010di\u0161\u010denje<\/strong><\/p>\n<p class=\"\" style=\"text-align: center;\"><span class=\"\" data-sheets-root=\"1\">Telovnik je mogo\u010de prati ro\u010dno, zato ga preprosto vzdr\u017eujete \u010distega in pripravljenega na naslednjo avanturo. Je vzdr\u017eljiv in narejen tako, da traja, zato je narejen za vsakodnevno uporabo.<\/span><\/p>\n<p class=\"\" style=\"text-align: center;\"><a href=\"https:\/\/origon-eu.com\/wp-content\/uploads\/2025\/02\/FLAMEVEST22689__7c5c5fde__e9d16f8b__1ef41ffb.webp\"><img decoding=\"async\" class=\"alignnone size-full wp-image-34497\" src=\"https:\/\/origon-eu.com\/wp-content\/uploads\/2025\/02\/FLAMEVEST22689__7c5c5fde__e9d16f8b__1ef41ffb.webp\" alt=\"\" width=\"600\" height=\"600\" srcset=\"https:\/\/origon-eu.com\/wp-content\/uploads\/2025\/02\/FLAMEVEST22689__7c5c5fde__e9d16f8b__1ef41ffb.webp 600w, https:\/\/origon-eu.com\/wp-content\/uploads\/2025\/02\/FLAMEVEST22689__7c5c5fde__e9d16f8b__1ef41ffb-300x300.webp 300w, https:\/\/origon-eu.com\/wp-content\/uploads\/2025\/02\/FLAMEVEST22689__7c5c5fde__e9d16f8b__1ef41ffb-150x150.webp 150w\" sizes=\"(max-width: 600px) 100vw, 600px\" \/><\/a><\/p>\n<p class=\"\" style=\"text-align: center;\"><strong class=\"\">Specifikacije izdelka:<\/strong><\/p>\n<p class=\"\" style=\"text-align: center;\"><span class=\"\" data-sheets-root=\"1\">Material: 100 % poliester<br \/>\nNapajanje: DC 5V 2A<\/span><\/p>\n<p class=\"\" style=\"text-align: center;\"><strong class=\"\">Paket vklju\u010duje:<\/strong><\/p>\n<p class=\"\" style=\"text-align: center;\"><span class=\"\" data-sheets-root=\"1\">1 FLAMEVEST (grelni jopi\u010d uniseks)<\/span><\/p>\n","protected":false},"excerpt":{"rendered":"<ul>\n<li>Hitro se segreje v 5 sekundah<\/li>\n<li>\u00a03 nastavljive stopnje toplote<\/li>\n<li>\ufe0f Dodatna toplota za va\u0161 vrat<\/li>\n<li>Mo\u017enost ro\u010dnega pranja za enostavno vzdr\u017eevanje<\/li>\n<li>Napajanje prek USB-ja za udobje<\/li>\n<\/ul>\n","protected":false},"featured_media":34516,"template":"","meta":[],"product_cat":[270],"product_tag":[],"class_list":{"0":"post-34813","1":"product","2":"type-product","3":"status-publish","4":"has-post-thumbnail","6":"product_cat-moda-si","8":"first","9":"instock","10":"sale","11":"shipping-taxable","12":"purchasable","13":"product-type-simple"},"yoast_head":"<!-- This site is optimized with the Yoast SEO plugin v24.2 - https:\/\/yoast.com\/wordpress\/plugins\/seo\/ -->\n<title>Vodotesen ogrevan telovnik brez rokavov - Origon EU<\/title>\n<meta name=\"robots\" content=\"index, follow, max-snippet:-1, max-image-preview:large, max-video-preview:-1\" \/>\n<link rel=\"canonical\" href=\"https:\/\/origon-eu.com\/si\/product\/waterproof-sleeveless-heated-vest\/\" \/>\n<meta property=\"og:locale\" content=\"sl_SI\" \/>\n<meta property=\"og:type\" content=\"article\" \/>\n<meta property=\"og:title\" content=\"Vodotesen ogrevan telovnik brez rokavov - Origon EU\" \/>\n<meta property=\"og:description\" content=\"Hitro se segreje v 5 sekundah  \u00a03 nastavljive stopnje toplote  \ufe0f Dodatna toplota za va\u0161 vrat  Mo\u017enost ro\u010dnega pranja za enostavno vzdr\u017eevanje  Napajanje prek USB-ja za udobje\" \/>\n<meta property=\"og:url\" content=\"https:\/\/origon-eu.com\/si\/product\/waterproof-sleeveless-heated-vest\/\" \/>\n<meta property=\"og:site_name\" content=\"Origon EU\" \/>\n<meta property=\"article:modified_time\" content=\"2025-02-17T15:01:06+00:00\" \/>\n<meta property=\"og:image\" content=\"https:\/\/origon-eu.com\/wp-content\/uploads\/2025\/02\/FLAMEVEST11748__ceca131a__7d7d09f6.jpg\" \/>\n\t<meta property=\"og:image:width\" content=\"600\" \/>\n\t<meta property=\"og:image:height\" content=\"600\" \/>\n\t<meta property=\"og:image:type\" content=\"image\/jpeg\" \/>\n<meta name=\"twitter:card\" content=\"summary_large_image\" \/>\n<meta name=\"twitter:label1\" content=\"Est. reading time\" \/>\n\t<meta name=\"twitter:data1\" content=\"2 minuti\" \/>\n<script type=\"application\/ld+json\" class=\"yoast-schema-graph\">{\"@context\":\"https:\/\/schema.org\",\"@graph\":[{\"@type\":\"WebPage\",\"@id\":\"https:\/\/origon-eu.com\/si\/product\/waterproof-sleeveless-heated-vest\/\",\"url\":\"https:\/\/origon-eu.com\/si\/product\/waterproof-sleeveless-heated-vest\/\",\"name\":\"Vodotesen ogrevan telovnik brez rokavov - Origon EU\",\"isPartOf\":{\"@id\":\"https:\/\/origon-eu.com\/#website\"},\"primaryImageOfPage\":{\"@id\":\"https:\/\/origon-eu.com\/si\/product\/waterproof-sleeveless-heated-vest\/#primaryimage\"},\"image\":{\"@id\":\"https:\/\/origon-eu.com\/si\/product\/waterproof-sleeveless-heated-vest\/#primaryimage\"},\"thumbnailUrl\":\"https:\/\/origon-eu.com\/wp-content\/uploads\/2025\/02\/FLAMEVEST11748__ceca131a__7d7d09f6.jpg\",\"datePublished\":\"2025-02-17T12:51:11+00:00\",\"dateModified\":\"2025-02-17T15:01:06+00:00\",\"breadcrumb\":{\"@id\":\"https:\/\/origon-eu.com\/si\/product\/waterproof-sleeveless-heated-vest\/#breadcrumb\"},\"inLanguage\":\"sl-SI\",\"potentialAction\":[{\"@type\":\"ReadAction\",\"target\":[\"https:\/\/origon-eu.com\/si\/product\/waterproof-sleeveless-heated-vest\/\"]}]},{\"@type\":\"ImageObject\",\"inLanguage\":\"sl-SI\",\"@id\":\"https:\/\/origon-eu.com\/si\/product\/waterproof-sleeveless-heated-vest\/#primaryimage\",\"url\":\"https:\/\/origon-eu.com\/wp-content\/uploads\/2025\/02\/FLAMEVEST11748__ceca131a__7d7d09f6.jpg\",\"contentUrl\":\"https:\/\/origon-eu.com\/wp-content\/uploads\/2025\/02\/FLAMEVEST11748__ceca131a__7d7d09f6.jpg\",\"width\":600,\"height\":600},{\"@type\":\"BreadcrumbList\",\"@id\":\"https:\/\/origon-eu.com\/si\/product\/waterproof-sleeveless-heated-vest\/#breadcrumb\",\"itemListElement\":[{\"@type\":\"ListItem\",\"position\":1,\"name\":\"Home\",\"item\":\"https:\/\/origon-eu.com\/\"},{\"@type\":\"ListItem\",\"position\":2,\"name\":\"Shop\",\"item\":\"https:\/\/origon-eu.com\/si\/shop-2\/\"},{\"@type\":\"ListItem\",\"position\":3,\"name\":\"Vodotesen ogrevan telovnik brez rokavov\"}]},{\"@type\":\"WebSite\",\"@id\":\"https:\/\/origon-eu.com\/#website\",\"url\":\"https:\/\/origon-eu.com\/\",\"name\":\"Origon EU\",\"description\":\"Online Store\",\"publisher\":{\"@id\":\"https:\/\/origon-eu.com\/#organization\"},\"potentialAction\":[{\"@type\":\"SearchAction\",\"target\":{\"@type\":\"EntryPoint\",\"urlTemplate\":\"https:\/\/origon-eu.com\/?s={search_term_string}\"},\"query-input\":{\"@type\":\"PropertyValueSpecification\",\"valueRequired\":true,\"valueName\":\"search_term_string\"}}],\"inLanguage\":\"sl-SI\"},{\"@type\":\"Organization\",\"@id\":\"https:\/\/origon-eu.com\/#organization\",\"name\":\"Origon EU\",\"url\":\"https:\/\/origon-eu.com\/\",\"logo\":{\"@type\":\"ImageObject\",\"inLanguage\":\"sl-SI\",\"@id\":\"https:\/\/origon-eu.com\/#\/schema\/logo\/image\/\",\"url\":\"https:\/\/origon-eu.com\/wp-content\/uploads\/2024\/04\/Screenshot-2024-04-09-101814.png\",\"contentUrl\":\"https:\/\/origon-eu.com\/wp-content\/uploads\/2024\/04\/Screenshot-2024-04-09-101814.png\",\"width\":171,\"height\":59,\"caption\":\"Origon EU\"},\"image\":{\"@id\":\"https:\/\/origon-eu.com\/#\/schema\/logo\/image\/\"}}]}<\/script>\n<!-- \/ Yoast SEO plugin. -->","yoast_head_json":{"title":"Vodotesen ogrevan telovnik brez rokavov - Origon EU","robots":{"index":"index","follow":"follow","max-snippet":"max-snippet:-1","max-image-preview":"max-image-preview:large","max-video-preview":"max-video-preview:-1"},"canonical":"https:\/\/origon-eu.com\/si\/product\/waterproof-sleeveless-heated-vest\/","og_locale":"sl_SI","og_type":"article","og_title":"Vodotesen ogrevan telovnik brez rokavov - Origon EU","og_description":"Hitro se segreje v 5 sekundah  \u00a03 nastavljive stopnje toplote  \ufe0f Dodatna toplota za va\u0161 vrat  Mo\u017enost ro\u010dnega pranja za enostavno vzdr\u017eevanje  Napajanje prek USB-ja za udobje","og_url":"https:\/\/origon-eu.com\/si\/product\/waterproof-sleeveless-heated-vest\/","og_site_name":"Origon EU","article_modified_time":"2025-02-17T15:01:06+00:00","og_image":[{"width":600,"height":600,"url":"https:\/\/origon-eu.com\/wp-content\/uploads\/2025\/02\/FLAMEVEST11748__ceca131a__7d7d09f6.jpg","type":"image\/jpeg"}],"twitter_card":"summary_large_image","twitter_misc":{"Est. reading time":"2 minuti"},"schema":{"@context":"https:\/\/schema.org","@graph":[{"@type":"WebPage","@id":"https:\/\/origon-eu.com\/si\/product\/waterproof-sleeveless-heated-vest\/","url":"https:\/\/origon-eu.com\/si\/product\/waterproof-sleeveless-heated-vest\/","name":"Vodotesen ogrevan telovnik brez rokavov - Origon EU","isPartOf":{"@id":"https:\/\/origon-eu.com\/#website"},"primaryImageOfPage":{"@id":"https:\/\/origon-eu.com\/si\/product\/waterproof-sleeveless-heated-vest\/#primaryimage"},"image":{"@id":"https:\/\/origon-eu.com\/si\/product\/waterproof-sleeveless-heated-vest\/#primaryimage"},"thumbnailUrl":"https:\/\/origon-eu.com\/wp-content\/uploads\/2025\/02\/FLAMEVEST11748__ceca131a__7d7d09f6.jpg","datePublished":"2025-02-17T12:51:11+00:00","dateModified":"2025-02-17T15:01:06+00:00","breadcrumb":{"@id":"https:\/\/origon-eu.com\/si\/product\/waterproof-sleeveless-heated-vest\/#breadcrumb"},"inLanguage":"sl-SI","potentialAction":[{"@type":"ReadAction","target":["https:\/\/origon-eu.com\/si\/product\/waterproof-sleeveless-heated-vest\/"]}]},{"@type":"ImageObject","inLanguage":"sl-SI","@id":"https:\/\/origon-eu.com\/si\/product\/waterproof-sleeveless-heated-vest\/#primaryimage","url":"https:\/\/origon-eu.com\/wp-content\/uploads\/2025\/02\/FLAMEVEST11748__ceca131a__7d7d09f6.jpg","contentUrl":"https:\/\/origon-eu.com\/wp-content\/uploads\/2025\/02\/FLAMEVEST11748__ceca131a__7d7d09f6.jpg","width":600,"height":600},{"@type":"BreadcrumbList","@id":"https:\/\/origon-eu.com\/si\/product\/waterproof-sleeveless-heated-vest\/#breadcrumb","itemListElement":[{"@type":"ListItem","position":1,"name":"Home","item":"https:\/\/origon-eu.com\/"},{"@type":"ListItem","position":2,"name":"Shop","item":"https:\/\/origon-eu.com\/si\/shop-2\/"},{"@type":"ListItem","position":3,"name":"Vodotesen ogrevan telovnik brez rokavov"}]},{"@type":"WebSite","@id":"https:\/\/origon-eu.com\/#website","url":"https:\/\/origon-eu.com\/","name":"Origon EU","description":"Online Store","publisher":{"@id":"https:\/\/origon-eu.com\/#organization"},"potentialAction":[{"@type":"SearchAction","target":{"@type":"EntryPoint","urlTemplate":"https:\/\/origon-eu.com\/?s={search_term_string}"},"query-input":{"@type":"PropertyValueSpecification","valueRequired":true,"valueName":"search_term_string"}}],"inLanguage":"sl-SI"},{"@type":"Organization","@id":"https:\/\/origon-eu.com\/#organization","name":"Origon EU","url":"https:\/\/origon-eu.com\/","logo":{"@type":"ImageObject","inLanguage":"sl-SI","@id":"https:\/\/origon-eu.com\/#\/schema\/logo\/image\/","url":"https:\/\/origon-eu.com\/wp-content\/uploads\/2024\/04\/Screenshot-2024-04-09-101814.png","contentUrl":"https:\/\/origon-eu.com\/wp-content\/uploads\/2024\/04\/Screenshot-2024-04-09-101814.png","width":171,"height":59,"caption":"Origon EU"},"image":{"@id":"https:\/\/origon-eu.com\/#\/schema\/logo\/image\/"}}]}},"tiered_pricing_type":"fixed","tiered_pricing_fixed_rules":[],"tiered_pricing_percentage_rules":[],"tiered_pricing_minimum":1,"tiered_pricing_roles_data":[],"_links":{"self":[{"href":"https:\/\/origon-eu.com\/si\/wp-json\/wp\/v2\/product\/34813","targetHints":{"allow":["GET"]}}],"collection":[{"href":"https:\/\/origon-eu.com\/si\/wp-json\/wp\/v2\/product"}],"about":[{"href":"https:\/\/origon-eu.com\/si\/wp-json\/wp\/v2\/types\/product"}],"version-history":[{"count":1,"href":"https:\/\/origon-eu.com\/si\/wp-json\/wp\/v2\/product\/34813\/revisions"}],"predecessor-version":[{"id":34814,"href":"https:\/\/origon-eu.com\/si\/wp-json\/wp\/v2\/product\/34813\/revisions\/34814"}],"wp:featuredmedia":[{"embeddable":true,"href":"https:\/\/origon-eu.com\/si\/wp-json\/wp\/v2\/media\/34516"}],"wp:attachment":[{"href":"https:\/\/origon-eu.com\/si\/wp-json\/wp\/v2\/media?parent=34813"}],"wp:term":[{"taxonomy":"product_cat","embeddable":true,"href":"https:\/\/origon-eu.com\/si\/wp-json\/wp\/v2\/product_cat?post=34813"},{"taxonomy":"product_tag","embeddable":true,"href":"https:\/\/origon-eu.com\/si\/wp-json\/wp\/v2\/product_tag?post=34813"}],"curies":[{"name":"wp","href":"https:\/\/api.w.org\/{rel}","templated":true}]}}