{"id":33038,"date":"2025-01-09T22:19:01","date_gmt":"2025-01-09T20:19:01","guid":{"rendered":"https:\/\/origon-eu.com\/product\/electric-stainless-steel-food-processors-mixer-2l\/"},"modified":"2025-02-11T20:06:36","modified_gmt":"2025-02-11T18:06:36","slug":"electric-stainless-steel-food-processors-mixer-2l","status":"publish","type":"product","link":"https:\/\/origon-eu.com\/si\/product\/electric-stainless-steel-food-processors-mixer-2l\/","title":{"rendered":"Elektri\u010dni me\u0161alnik za kuhinjske robote iz nerjave\u010dega jekla 2L"},"content":{"rendered":"<div class=\"product-specs-list-container\">\n<p>Lastnosti:<\/p>\n<p>1: Ob\u010dutljivo me\u0161anje sekund, da postane blato, izbir\u010dne brbon\u010dice, ni ve\u010d treba trdo delati,<\/p>\n<p>vse vrste sestavin, kot \u017eelite<\/p>\n<p>2: Hitra in po\u010dasna dvojna prestava, prosto za razumevanje stopnje delikatese, glede na stopnjo mehkobe in trdote sestavin, samoizberite prestavo, razli\u010dna hitrost za postavitev razli\u010dnih poslastic<\/p>\n<p>3. Orodje lahko izberete glede na mehkobo in trdoto sestavin. Dve hitrosti mletega mesa in zelenjave lahko zadovoljita razli\u010dne okuse dru\u017eine.<\/p>\n<p>4. velika zmogljivost, dovolj za potrebe dru\u017einskih banketov, navit motor iz \u010distega bakra, s 4-dimenzionalnim \u0161tirislojnim rezilom, hitro in ne\u017eno seseklja meso v 6 sekundah.<\/p>\n<p>5. Vmesnik iz nerjave\u010dega jekla 304, mo\u010dan in odporen proti obrabi, te\u010de gladko, se ustavi, ko ga spustite, komplet no\u017eev pa se takoj ustavi, da prepre\u010dite, da bi se rezilo opraskalo, in hrana ne bo \u0161kropila.<\/p>\n<p>6. Proti \uff44\uff52\uff4f\uff50 \u200b\u200bin brez deformacij, proti tr\u010denju in proti \uff44\uff52\uff4f\uff50 \u200b\u200bbrez deformacij, stabilna in nelepljiva hrana. 7. Visokotemperaturna dezinfekcija, higienska in \u010dista, snemljiva za \u010di\u0161\u010denje, razen glave stroja, ki jo je mogo\u010de razstaviti in o\u010distiti lo\u010deno.<\/p>\n<p>Seznam paketov:<br \/>\nMlin\u010dek za meso * 1<br \/>\nAdapter *1<br \/>\nNavodila *1<br \/>\nBarvna \u0161katla *1<\/p>\n<p><img decoding=\"async\" src=\"https:\/\/ae01.alicdn.com\/kf\/Sbc5bbb81b9dd400b9437caabd41ca8d7Q.jpg\" \/><img decoding=\"async\" src=\"https:\/\/ae01.alicdn.com\/kf\/S9848ef37d30347b9bfdb8a10e8aef65be.jpg\" \/><img decoding=\"async\" src=\"https:\/\/ae01.alicdn.com\/kf\/Sb4412c72b99b4b848de9d3143747c3b21.jpg\" \/><img decoding=\"async\" src=\"https:\/\/ae01.alicdn.com\/kf\/S85f60a879c63440e8c0abb9c4b51147fs.jpg\" \/><img decoding=\"async\" src=\"https:\/\/ae01.alicdn.com\/kf\/S86b0e42c557840ba883f709622d45bbfO.jpg\" \/><img decoding=\"async\" src=\"https:\/\/ae01.alicdn.com\/kf\/S293a336d492d4f1ca2cd2ccd2b8e99203.jpg\" \/><img decoding=\"async\" src=\"https:\/\/ae01.alicdn.com\/kf\/S83b3d615c77c41c48488b3b6d1ca8222N.jpg\" \/><img decoding=\"async\" src=\"https:\/\/ae01.alicdn.com\/kf\/S840ad252cf114aeba4c4039d7a73f5ccr.jpg\" \/><img decoding=\"async\" src=\"https:\/\/ae01.alicdn.com\/kf\/Sb04aef1447ec4c21af83587f7cf682c6H.jpg\" \/><img decoding=\"async\" src=\"https:\/\/ae01.alicdn.com\/kf\/Sc14f7bdc462b4890bcff173042d9d396v.jpg\" \/><img decoding=\"async\" src=\"https:\/\/ae01.alicdn.com\/kf\/Sc07ab0bc201141b88247f5bc715783cec.jpg\" \/><img decoding=\"async\" src=\"https:\/\/ae01.alicdn.com\/kf\/S54fcfd7d41a0442bb62e4dee8fd9c731W.jpg\" \/><img decoding=\"async\" src=\"https:\/\/ae01.alicdn.com\/kf\/S14efd76020ab4897b60cb277acf97576K.jpg\" \/><img decoding=\"async\" src=\"https:\/\/ae01.alicdn.com\/kf\/S0ec922e85a784cbe836d0c0358c3d154o.jpg\" \/><img decoding=\"async\" src=\"https:\/\/ae01.alicdn.com\/kf\/S137c557e75494bafba9d6dad238488c2o.jpg\" \/><img decoding=\"async\" src=\"https:\/\/ae01.alicdn.com\/kf\/S79e59b52ee59479ea17b3eb74378617cb.jpg\" \/><img decoding=\"async\" src=\"https:\/\/ae01.alicdn.com\/kf\/S2bf7ba15f51c4f2899f27db7448ae482o.jpg\" \/><\/p>\n<\/div>\n","protected":false},"excerpt":{"rendered":"<p>2L elektri\u010dni mlin\u010dek za meso 220V me\u0161alnik iz nerjave\u010dega jekla Sekljalnik zelenjave Me\u0161alnik za kuhinjo, doma\u010di predelovalci hrane<\/p>\n","protected":false},"featured_media":32895,"template":"","meta":[],"product_cat":[],"product_tag":[],"class_list":{"0":"post-33038","1":"product","2":"type-product","3":"status-publish","4":"has-post-thumbnail","7":"first","8":"outofstock","9":"sale","10":"shipping-taxable","11":"purchasable","12":"product-type-simple"},"yoast_head":"<!-- This site is optimized with the Yoast SEO plugin v24.2 - https:\/\/yoast.com\/wordpress\/plugins\/seo\/ -->\n<title>Elektri\u010dni me\u0161alnik za kuhinjske robote iz nerjave\u010dega jekla 2L - Origon EU<\/title>\n<meta name=\"robots\" content=\"index, follow, max-snippet:-1, max-image-preview:large, max-video-preview:-1\" \/>\n<link rel=\"canonical\" href=\"https:\/\/origon-eu.com\/si\/product\/electric-stainless-steel-food-processors-mixer-2l\/\" \/>\n<meta property=\"og:locale\" content=\"sl_SI\" \/>\n<meta property=\"og:type\" content=\"article\" \/>\n<meta property=\"og:title\" content=\"Elektri\u010dni me\u0161alnik za kuhinjske robote iz nerjave\u010dega jekla 2L - Origon EU\" \/>\n<meta property=\"og:description\" content=\"2L elektri\u010dni mlin\u010dek za meso 220V me\u0161alnik iz nerjave\u010dega jekla Sekljalnik zelenjave Me\u0161alnik za kuhinjo, doma\u010di predelovalci hrane\" \/>\n<meta property=\"og:url\" content=\"https:\/\/origon-eu.com\/si\/product\/electric-stainless-steel-food-processors-mixer-2l\/\" \/>\n<meta property=\"og:site_name\" content=\"Origon EU\" \/>\n<meta property=\"article:modified_time\" content=\"2025-02-11T18:06:36+00:00\" \/>\n<meta property=\"og:image\" content=\"https:\/\/origon-eu.com\/wp-content\/uploads\/2025\/01\/kf-Sbc5bbb81b9dd400b9437caabd41ca8d7Q.webp\" \/>\n\t<meta property=\"og:image:width\" content=\"1000\" \/>\n\t<meta property=\"og:image:height\" content=\"1000\" \/>\n\t<meta property=\"og:image:type\" content=\"image\/webp\" \/>\n<meta name=\"twitter:card\" content=\"summary_large_image\" \/>\n<meta name=\"twitter:label1\" content=\"Est. reading time\" \/>\n\t<meta name=\"twitter:data1\" content=\"5 minut\" \/>\n<script type=\"application\/ld+json\" class=\"yoast-schema-graph\">{\"@context\":\"https:\/\/schema.org\",\"@graph\":[{\"@type\":\"WebPage\",\"@id\":\"https:\/\/origon-eu.com\/si\/product\/electric-stainless-steel-food-processors-mixer-2l\/\",\"url\":\"https:\/\/origon-eu.com\/si\/product\/electric-stainless-steel-food-processors-mixer-2l\/\",\"name\":\"Elektri\u010dni me\u0161alnik za kuhinjske robote iz nerjave\u010dega jekla 2L - Origon EU\",\"isPartOf\":{\"@id\":\"https:\/\/origon-eu.com\/#website\"},\"primaryImageOfPage\":{\"@id\":\"https:\/\/origon-eu.com\/si\/product\/electric-stainless-steel-food-processors-mixer-2l\/#primaryimage\"},\"image\":{\"@id\":\"https:\/\/origon-eu.com\/si\/product\/electric-stainless-steel-food-processors-mixer-2l\/#primaryimage\"},\"thumbnailUrl\":\"https:\/\/origon-eu.com\/wp-content\/uploads\/2025\/01\/kf-Sbc5bbb81b9dd400b9437caabd41ca8d7Q.webp\",\"datePublished\":\"2025-01-09T20:19:01+00:00\",\"dateModified\":\"2025-02-11T18:06:36+00:00\",\"breadcrumb\":{\"@id\":\"https:\/\/origon-eu.com\/si\/product\/electric-stainless-steel-food-processors-mixer-2l\/#breadcrumb\"},\"inLanguage\":\"sl-SI\",\"potentialAction\":[{\"@type\":\"ReadAction\",\"target\":[\"https:\/\/origon-eu.com\/si\/product\/electric-stainless-steel-food-processors-mixer-2l\/\"]}]},{\"@type\":\"ImageObject\",\"inLanguage\":\"sl-SI\",\"@id\":\"https:\/\/origon-eu.com\/si\/product\/electric-stainless-steel-food-processors-mixer-2l\/#primaryimage\",\"url\":\"https:\/\/origon-eu.com\/wp-content\/uploads\/2025\/01\/kf-Sbc5bbb81b9dd400b9437caabd41ca8d7Q.webp\",\"contentUrl\":\"https:\/\/origon-eu.com\/wp-content\/uploads\/2025\/01\/kf-Sbc5bbb81b9dd400b9437caabd41ca8d7Q.webp\",\"width\":1000,\"height\":1000},{\"@type\":\"BreadcrumbList\",\"@id\":\"https:\/\/origon-eu.com\/si\/product\/electric-stainless-steel-food-processors-mixer-2l\/#breadcrumb\",\"itemListElement\":[{\"@type\":\"ListItem\",\"position\":1,\"name\":\"Home\",\"item\":\"https:\/\/origon-eu.com\/\"},{\"@type\":\"ListItem\",\"position\":2,\"name\":\"Shop\",\"item\":\"https:\/\/origon-eu.com\/si\/shop-2\/\"},{\"@type\":\"ListItem\",\"position\":3,\"name\":\"Elektri\u010dni me\u0161alnik za kuhinjske robote iz nerjave\u010dega jekla 2L\"}]},{\"@type\":\"WebSite\",\"@id\":\"https:\/\/origon-eu.com\/#website\",\"url\":\"https:\/\/origon-eu.com\/\",\"name\":\"Origon EU\",\"description\":\"Online Store\",\"publisher\":{\"@id\":\"https:\/\/origon-eu.com\/#organization\"},\"potentialAction\":[{\"@type\":\"SearchAction\",\"target\":{\"@type\":\"EntryPoint\",\"urlTemplate\":\"https:\/\/origon-eu.com\/?s={search_term_string}\"},\"query-input\":{\"@type\":\"PropertyValueSpecification\",\"valueRequired\":true,\"valueName\":\"search_term_string\"}}],\"inLanguage\":\"sl-SI\"},{\"@type\":\"Organization\",\"@id\":\"https:\/\/origon-eu.com\/#organization\",\"name\":\"Origon EU\",\"url\":\"https:\/\/origon-eu.com\/\",\"logo\":{\"@type\":\"ImageObject\",\"inLanguage\":\"sl-SI\",\"@id\":\"https:\/\/origon-eu.com\/#\/schema\/logo\/image\/\",\"url\":\"https:\/\/origon-eu.com\/wp-content\/uploads\/2024\/04\/Screenshot-2024-04-09-101814.png\",\"contentUrl\":\"https:\/\/origon-eu.com\/wp-content\/uploads\/2024\/04\/Screenshot-2024-04-09-101814.png\",\"width\":171,\"height\":59,\"caption\":\"Origon EU\"},\"image\":{\"@id\":\"https:\/\/origon-eu.com\/#\/schema\/logo\/image\/\"}}]}<\/script>\n<!-- \/ Yoast SEO plugin. -->","yoast_head_json":{"title":"Elektri\u010dni me\u0161alnik za kuhinjske robote iz nerjave\u010dega jekla 2L - Origon EU","robots":{"index":"index","follow":"follow","max-snippet":"max-snippet:-1","max-image-preview":"max-image-preview:large","max-video-preview":"max-video-preview:-1"},"canonical":"https:\/\/origon-eu.com\/si\/product\/electric-stainless-steel-food-processors-mixer-2l\/","og_locale":"sl_SI","og_type":"article","og_title":"Elektri\u010dni me\u0161alnik za kuhinjske robote iz nerjave\u010dega jekla 2L - Origon EU","og_description":"2L elektri\u010dni mlin\u010dek za meso 220V me\u0161alnik iz nerjave\u010dega jekla Sekljalnik zelenjave Me\u0161alnik za kuhinjo, doma\u010di predelovalci hrane","og_url":"https:\/\/origon-eu.com\/si\/product\/electric-stainless-steel-food-processors-mixer-2l\/","og_site_name":"Origon EU","article_modified_time":"2025-02-11T18:06:36+00:00","og_image":[{"width":1000,"height":1000,"url":"https:\/\/origon-eu.com\/wp-content\/uploads\/2025\/01\/kf-Sbc5bbb81b9dd400b9437caabd41ca8d7Q.webp","type":"image\/webp"}],"twitter_card":"summary_large_image","twitter_misc":{"Est. reading time":"5 minut"},"schema":{"@context":"https:\/\/schema.org","@graph":[{"@type":"WebPage","@id":"https:\/\/origon-eu.com\/si\/product\/electric-stainless-steel-food-processors-mixer-2l\/","url":"https:\/\/origon-eu.com\/si\/product\/electric-stainless-steel-food-processors-mixer-2l\/","name":"Elektri\u010dni me\u0161alnik za kuhinjske robote iz nerjave\u010dega jekla 2L - Origon EU","isPartOf":{"@id":"https:\/\/origon-eu.com\/#website"},"primaryImageOfPage":{"@id":"https:\/\/origon-eu.com\/si\/product\/electric-stainless-steel-food-processors-mixer-2l\/#primaryimage"},"image":{"@id":"https:\/\/origon-eu.com\/si\/product\/electric-stainless-steel-food-processors-mixer-2l\/#primaryimage"},"thumbnailUrl":"https:\/\/origon-eu.com\/wp-content\/uploads\/2025\/01\/kf-Sbc5bbb81b9dd400b9437caabd41ca8d7Q.webp","datePublished":"2025-01-09T20:19:01+00:00","dateModified":"2025-02-11T18:06:36+00:00","breadcrumb":{"@id":"https:\/\/origon-eu.com\/si\/product\/electric-stainless-steel-food-processors-mixer-2l\/#breadcrumb"},"inLanguage":"sl-SI","potentialAction":[{"@type":"ReadAction","target":["https:\/\/origon-eu.com\/si\/product\/electric-stainless-steel-food-processors-mixer-2l\/"]}]},{"@type":"ImageObject","inLanguage":"sl-SI","@id":"https:\/\/origon-eu.com\/si\/product\/electric-stainless-steel-food-processors-mixer-2l\/#primaryimage","url":"https:\/\/origon-eu.com\/wp-content\/uploads\/2025\/01\/kf-Sbc5bbb81b9dd400b9437caabd41ca8d7Q.webp","contentUrl":"https:\/\/origon-eu.com\/wp-content\/uploads\/2025\/01\/kf-Sbc5bbb81b9dd400b9437caabd41ca8d7Q.webp","width":1000,"height":1000},{"@type":"BreadcrumbList","@id":"https:\/\/origon-eu.com\/si\/product\/electric-stainless-steel-food-processors-mixer-2l\/#breadcrumb","itemListElement":[{"@type":"ListItem","position":1,"name":"Home","item":"https:\/\/origon-eu.com\/"},{"@type":"ListItem","position":2,"name":"Shop","item":"https:\/\/origon-eu.com\/si\/shop-2\/"},{"@type":"ListItem","position":3,"name":"Elektri\u010dni me\u0161alnik za kuhinjske robote iz nerjave\u010dega jekla 2L"}]},{"@type":"WebSite","@id":"https:\/\/origon-eu.com\/#website","url":"https:\/\/origon-eu.com\/","name":"Origon EU","description":"Online Store","publisher":{"@id":"https:\/\/origon-eu.com\/#organization"},"potentialAction":[{"@type":"SearchAction","target":{"@type":"EntryPoint","urlTemplate":"https:\/\/origon-eu.com\/?s={search_term_string}"},"query-input":{"@type":"PropertyValueSpecification","valueRequired":true,"valueName":"search_term_string"}}],"inLanguage":"sl-SI"},{"@type":"Organization","@id":"https:\/\/origon-eu.com\/#organization","name":"Origon EU","url":"https:\/\/origon-eu.com\/","logo":{"@type":"ImageObject","inLanguage":"sl-SI","@id":"https:\/\/origon-eu.com\/#\/schema\/logo\/image\/","url":"https:\/\/origon-eu.com\/wp-content\/uploads\/2024\/04\/Screenshot-2024-04-09-101814.png","contentUrl":"https:\/\/origon-eu.com\/wp-content\/uploads\/2024\/04\/Screenshot-2024-04-09-101814.png","width":171,"height":59,"caption":"Origon EU"},"image":{"@id":"https:\/\/origon-eu.com\/#\/schema\/logo\/image\/"}}]}},"tiered_pricing_type":"fixed","tiered_pricing_fixed_rules":[],"tiered_pricing_percentage_rules":[],"tiered_pricing_minimum":1,"tiered_pricing_roles_data":[],"_links":{"self":[{"href":"https:\/\/origon-eu.com\/si\/wp-json\/wp\/v2\/product\/33038","targetHints":{"allow":["GET"]}}],"collection":[{"href":"https:\/\/origon-eu.com\/si\/wp-json\/wp\/v2\/product"}],"about":[{"href":"https:\/\/origon-eu.com\/si\/wp-json\/wp\/v2\/types\/product"}],"version-history":[{"count":1,"href":"https:\/\/origon-eu.com\/si\/wp-json\/wp\/v2\/product\/33038\/revisions"}],"predecessor-version":[{"id":33039,"href":"https:\/\/origon-eu.com\/si\/wp-json\/wp\/v2\/product\/33038\/revisions\/33039"}],"wp:featuredmedia":[{"embeddable":true,"href":"https:\/\/origon-eu.com\/si\/wp-json\/wp\/v2\/media\/32895"}],"wp:attachment":[{"href":"https:\/\/origon-eu.com\/si\/wp-json\/wp\/v2\/media?parent=33038"}],"wp:term":[{"taxonomy":"product_cat","embeddable":true,"href":"https:\/\/origon-eu.com\/si\/wp-json\/wp\/v2\/product_cat?post=33038"},{"taxonomy":"product_tag","embeddable":true,"href":"https:\/\/origon-eu.com\/si\/wp-json\/wp\/v2\/product_tag?post=33038"}],"curies":[{"name":"wp","href":"https:\/\/api.w.org\/{rel}","templated":true}]}}