{"id":32876,"date":"2025-01-09T12:36:38","date_gmt":"2025-01-09T10:36:38","guid":{"rendered":"https:\/\/origon-eu.com\/product\/wireless-portable-speaker\/"},"modified":"2025-03-16T19:25:44","modified_gmt":"2025-03-16T17:25:44","slug":"wireless-portable-speaker","status":"publish","type":"product","link":"https:\/\/origon-eu.com\/si\/product\/wireless-portable-speaker\/","title":{"rendered":"Brez\u017ei\u010dni prenosni zvo\u010dnik"},"content":{"rendered":"<p>Komplet vsebuje:<br \/>\n1 kos Polnilna kolona za karaoke<br \/>\n1 kos \u017di\u010dni mikrofon<br \/>\n1 kos Napajalni kabel za karaoke sistem \u2013 220V<br \/>\n1 kos Daljinski upravljalnik.<br \/>\nTehni\u010dne lastnosti:<br \/>\nMo\u010d: 8 in\u010dni nizkotonec<br \/>\nRaven hrupa: 85 dB<br \/>\nFrekvenca: 100Hz \u2013 20kHz<br \/>\nNapajanje: 220V.<\/p>\n<p><a href=\"https:\/\/origon-eu.com\/wp-content\/uploads\/2025\/01\/0084277_kts-1175-bluetooth-wireless-portable-speaker.png\"><img decoding=\"async\" class=\"alignnone size-full wp -slika-32672\" src=\"https:\/\/origon-eu.com\/wp-content\/uploads\/2025\/01\/0084277_kts-1175-bluetooth-wireless-portable-speaker.png\" alt=\"\" width=\"700\" height=\"700 \u00ab \/><\/a><a href=\"https:\/\/origon-eu.com\/wp-content\/uploads\/2025\/01\/prenosima-karaoke-tonkolona-kts-1175-8-s-mikrofon-30848.webp\"><img decoding=\"async\" class=\"alignnone polna velikost wp-image-32684\" src=\"https:\/\/origon-eu.com\/wp-content\/uploads\/2025\/01\/prenosima-karaoke-tonkolona-kts-1175-8-s-mikrofon-30848.webp\" alt=\"\" width=\" 800\" height=\"600\" srcset=\"https:\/\/origon-eu.com\/wp-content\/uploads\/2025\/01\/prenosima-karaoke-tonkolona-kts-1175-8-s-mikrofon-30848.webp 800w, https:\/\/origon-eu.com\/wp-content\/uploads\/2025\/01\/prenosima-karaoke-tonkolona-kts-1175-8-s-mikrofon-30848-300x225.webp 300w, https:\/\/origon-eu.com\/wp-content\/uploads\/2025\/01\/prenosima-karaoke-tonkolona-kts-1175-8-s-mikrofon-30848-768x576.webp 768w, https:\/\/origon-eu.com\/wp-content\/uploads\/2025\/01\/prenosima-karaoke-tonkolona-kts-1175-8-s-mikrofon-30848-600x450.webp 600w, https:\/\/origon-eu.com\/wp-content\/uploads\/2025\/01\/prenosima-karaoke-tonkolona-kts-1175-8-s-mikrofon-30848-150x113.webp 150w\" sizes=\"(max-width: 800px) 100vw, 800px\" \/><\/a><a href=\"https:\/\/origon-eu.com\/wp-content\/uploads\/2025\/01\/prenosima-karaoke-tonkolona-kts-1175-8-s-mikrofon-30847.webp\"><img decoding=\"async\" class=\"alignnone polna velikost wp-image-32694\" src=\"https:\/\/origon-eu.com\/wp-content\/uploads\/2025\/01\/prenosima-karaoke-tonkolona-kts-1175-8-s-mikrofon-30847.webp\" alt=\"\" width=\" 800\" height=\"600\" srcset=\"https:\/\/origon-eu.com\/wp-content\/uploads\/2025\/01\/prenosima-karaoke-tonkolona-kts-1175-8-s-mikrofon-30847.webp 800w, https:\/\/origon-eu.com\/wp-content\/uploads\/2025\/01\/prenosima-karaoke-tonkolona-kts-1175-8-s-mikrofon-30847-300x225.webp 300w, https:\/\/origon-eu.com\/wp-content\/uploads\/2025\/01\/prenosima-karaoke-tonkolona-kts-1175-8-s-mikrofon-30847-768x576.webp 768w, https:\/\/origon-eu.com\/wp-content\/uploads\/2025\/01\/prenosima-karaoke-tonkolona-kts-1175-8-s-mikrofon-30847-600x450.webp 600w, https:\/\/origon-eu.com\/wp-content\/uploads\/2025\/01\/prenosima-karaoke-tonkolona-kts-1175-8-s-mikrofon-30847-150x113.webp 150w\" sizes=\"(max-width: 800px) 100vw, 800px\" \/><\/a><\/p>\n<p>Specifikacija:<br \/>\nKaraoke zvo\u010dnik s polnilno baterijo (polni se iz 220V)<br \/>\nCOLOR MUSIC \u2013 vgrajeni svetlobni u\u010dinki, z gumbom za vklop\/izklop<br \/>\nFunkcija BLUETOOTH \u2013 povezovanje zvo\u010dnika z GSM, ra\u010dunalnikom, prenosnikom in brez\u017ei\u010dno poslu\u0161anje va\u0161e najljub\u0161e glasbe \u2013 ve\u010d kot 10 metrov<br \/>\nFM sprejemnik \u2013 RADIO<br \/>\nDaljinski upravljalnik (prilo\u017een v kompletu)<br \/>\nMo\u017enost samostojne uporabe brez povezave z ra\u010dunalnikom preko:<br \/>\nRe\u017ea za pomnilni\u0161ko kartico SD\/MMC\/MMS<br \/>\nRe\u017ea za bliskovni pogon USB<br \/>\nAUX vhod iz zunanje naprave (ra\u010dunalnik, GSM, Ipod, PSP)<br \/>\nLED ZASLON<br \/>\nVhod za 1 mikrofon<br \/>\n\u017di\u010dni mikrofon 1 kos \u2013 vklju\u010den v kompletu<br \/>\nPriro\u010den zlo\u017eljiv ro\u010daj \u2013 za enostavno prena\u0161anje zvo\u010dnika<br \/>\nMere: \u0161\/v\/g \u2013 24 \/ 36,5 \/ 20 cm<\/p>\n","protected":false},"excerpt":{"rendered":"<ul>\n<li>Karaoke zvo\u010dnik z baterijo za ponovno polnjenje (polni se iz 220V)<\/li>\n<li>COLOR MUSIC \u2013 vgrajeni svetlobni u\u010dinki, z gumbom za vklop\/izklop<\/li>\n<li>Funkcija BLUETOOTH \u2013 povezovanje zvo\u010dnika z GSM, ra\u010dunalnikom, prenosnikom in brez\u017ei\u010dno poslu\u0161anje va\u0161e najljub\u0161e glasbe \u2013 ve\u010d kot 10 metrov<\/li>\n<li>FM sprejemnik \u2013 RADIO<\/li>\n<li>Daljinski upravljalnik (prilo\u017een v kompletu)<\/li>\n<li>Mo\u017enost samostojne uporabe brez povezave z ra\u010dunalnikom preko:<\/li>\n<li>Re\u017ea za pomnilni\u0161ko kartico SD\/MMC\/MMS<\/li>\n<li>Re\u017ea za bliskovni pogon USB<\/li>\n<li>AUX vhod iz zunanje naprave (ra\u010dunalnik, GSM, Ipod, PSP)<\/li>\n<li>LED ZASLON<\/li>\n<li>Vhod za 1 mikrofon<\/li>\n<li>\u017di\u010dni mikrofon 1 kos \u2013 vklju\u010den v kompletu<\/li>\n<\/ul>\n","protected":false},"featured_media":32681,"template":"","meta":[],"product_cat":[223],"product_tag":[],"class_list":{"0":"post-32876","1":"product","2":"type-product","3":"status-publish","4":"has-post-thumbnail","6":"product_cat-elektornika-si","8":"first","9":"instock","10":"sale","11":"shipping-taxable","12":"purchasable","13":"product-type-simple"},"yoast_head":"<!-- This site is optimized with the Yoast SEO plugin v24.2 - https:\/\/yoast.com\/wordpress\/plugins\/seo\/ -->\n<title>Brez\u017ei\u010dni prenosni zvo\u010dnik - Origon EU<\/title>\n<meta name=\"robots\" content=\"index, follow, max-snippet:-1, max-image-preview:large, max-video-preview:-1\" \/>\n<link rel=\"canonical\" href=\"https:\/\/origon-eu.com\/si\/product\/wireless-portable-speaker\/\" \/>\n<meta property=\"og:locale\" content=\"sl_SI\" \/>\n<meta property=\"og:type\" content=\"article\" \/>\n<meta property=\"og:title\" content=\"Brez\u017ei\u010dni prenosni zvo\u010dnik - Origon EU\" \/>\n<meta property=\"og:description\" content=\"Karaoke zvo\u010dnik z baterijo za ponovno polnjenje (polni se iz 220V)  COLOR MUSIC \u2013 vgrajeni svetlobni u\u010dinki, z gumbom za vklop\/izklop  Funkcija BLUETOOTH \u2013 povezovanje zvo\u010dnika z GSM, ra\u010dunalnikom, prenosnikom in brez\u017ei\u010dno poslu\u0161anje va\u0161e najljub\u0161e glasbe \u2013 ve\u010d kot 10 metrov  FM sprejemnik \u2013 RADIO  Daljinski upravljalnik (prilo\u017een v kompletu)  Mo\u017enost samostojne uporabe brez povezave z ra\u010dunalnikom preko:  Re\u017ea za pomnilni\u0161ko kartico SD\/MMC\/MMS  Re\u017ea za bliskovni pogon USB  AUX vhod iz zunanje naprave (ra\u010dunalnik, GSM, Ipod, PSP)  LED ZASLON  Vhod za 1 mikrofon  \u017di\u010dni mikrofon 1 kos \u2013 vklju\u010den v kompletu\" \/>\n<meta property=\"og:url\" content=\"https:\/\/origon-eu.com\/si\/product\/wireless-portable-speaker\/\" \/>\n<meta property=\"og:site_name\" content=\"Origon EU\" \/>\n<meta property=\"article:modified_time\" content=\"2025-03-16T17:25:44+00:00\" \/>\n<meta property=\"og:image\" content=\"https:\/\/origon-eu.com\/wp-content\/uploads\/2025\/01\/0084277_kts-1175-bluetooth-wireless-portable-speaker.png\" \/>\n\t<meta property=\"og:image:width\" content=\"700\" \/>\n\t<meta property=\"og:image:height\" content=\"700\" \/>\n\t<meta property=\"og:image:type\" content=\"image\/png\" \/>\n<meta name=\"twitter:card\" content=\"summary_large_image\" \/>\n<meta name=\"twitter:label1\" content=\"Est. reading time\" \/>\n\t<meta name=\"twitter:data1\" content=\"2 minuti\" \/>\n<script type=\"application\/ld+json\" class=\"yoast-schema-graph\">{\"@context\":\"https:\/\/schema.org\",\"@graph\":[{\"@type\":\"WebPage\",\"@id\":\"https:\/\/origon-eu.com\/si\/product\/wireless-portable-speaker\/\",\"url\":\"https:\/\/origon-eu.com\/si\/product\/wireless-portable-speaker\/\",\"name\":\"Brez\u017ei\u010dni prenosni zvo\u010dnik - Origon EU\",\"isPartOf\":{\"@id\":\"https:\/\/origon-eu.com\/#website\"},\"primaryImageOfPage\":{\"@id\":\"https:\/\/origon-eu.com\/si\/product\/wireless-portable-speaker\/#primaryimage\"},\"image\":{\"@id\":\"https:\/\/origon-eu.com\/si\/product\/wireless-portable-speaker\/#primaryimage\"},\"thumbnailUrl\":\"https:\/\/origon-eu.com\/wp-content\/uploads\/2025\/01\/0084277_kts-1175-bluetooth-wireless-portable-speaker.png\",\"datePublished\":\"2025-01-09T10:36:38+00:00\",\"dateModified\":\"2025-03-16T17:25:44+00:00\",\"breadcrumb\":{\"@id\":\"https:\/\/origon-eu.com\/si\/product\/wireless-portable-speaker\/#breadcrumb\"},\"inLanguage\":\"sl-SI\",\"potentialAction\":[{\"@type\":\"ReadAction\",\"target\":[\"https:\/\/origon-eu.com\/si\/product\/wireless-portable-speaker\/\"]}]},{\"@type\":\"ImageObject\",\"inLanguage\":\"sl-SI\",\"@id\":\"https:\/\/origon-eu.com\/si\/product\/wireless-portable-speaker\/#primaryimage\",\"url\":\"https:\/\/origon-eu.com\/wp-content\/uploads\/2025\/01\/0084277_kts-1175-bluetooth-wireless-portable-speaker.png\",\"contentUrl\":\"https:\/\/origon-eu.com\/wp-content\/uploads\/2025\/01\/0084277_kts-1175-bluetooth-wireless-portable-speaker.png\",\"width\":700,\"height\":700},{\"@type\":\"BreadcrumbList\",\"@id\":\"https:\/\/origon-eu.com\/si\/product\/wireless-portable-speaker\/#breadcrumb\",\"itemListElement\":[{\"@type\":\"ListItem\",\"position\":1,\"name\":\"Home\",\"item\":\"https:\/\/origon-eu.com\/\"},{\"@type\":\"ListItem\",\"position\":2,\"name\":\"Shop\",\"item\":\"https:\/\/origon-eu.com\/si\/shop-2\/\"},{\"@type\":\"ListItem\",\"position\":3,\"name\":\"Brez\u017ei\u010dni prenosni zvo\u010dnik\"}]},{\"@type\":\"WebSite\",\"@id\":\"https:\/\/origon-eu.com\/#website\",\"url\":\"https:\/\/origon-eu.com\/\",\"name\":\"Origon EU\",\"description\":\"Online Store\",\"publisher\":{\"@id\":\"https:\/\/origon-eu.com\/#organization\"},\"potentialAction\":[{\"@type\":\"SearchAction\",\"target\":{\"@type\":\"EntryPoint\",\"urlTemplate\":\"https:\/\/origon-eu.com\/?s={search_term_string}\"},\"query-input\":{\"@type\":\"PropertyValueSpecification\",\"valueRequired\":true,\"valueName\":\"search_term_string\"}}],\"inLanguage\":\"sl-SI\"},{\"@type\":\"Organization\",\"@id\":\"https:\/\/origon-eu.com\/#organization\",\"name\":\"Origon EU\",\"url\":\"https:\/\/origon-eu.com\/\",\"logo\":{\"@type\":\"ImageObject\",\"inLanguage\":\"sl-SI\",\"@id\":\"https:\/\/origon-eu.com\/#\/schema\/logo\/image\/\",\"url\":\"https:\/\/origon-eu.com\/wp-content\/uploads\/2024\/04\/Screenshot-2024-04-09-101814.png\",\"contentUrl\":\"https:\/\/origon-eu.com\/wp-content\/uploads\/2024\/04\/Screenshot-2024-04-09-101814.png\",\"width\":171,\"height\":59,\"caption\":\"Origon EU\"},\"image\":{\"@id\":\"https:\/\/origon-eu.com\/#\/schema\/logo\/image\/\"}}]}<\/script>\n<!-- \/ Yoast SEO plugin. -->","yoast_head_json":{"title":"Brez\u017ei\u010dni prenosni zvo\u010dnik - Origon EU","robots":{"index":"index","follow":"follow","max-snippet":"max-snippet:-1","max-image-preview":"max-image-preview:large","max-video-preview":"max-video-preview:-1"},"canonical":"https:\/\/origon-eu.com\/si\/product\/wireless-portable-speaker\/","og_locale":"sl_SI","og_type":"article","og_title":"Brez\u017ei\u010dni prenosni zvo\u010dnik - Origon EU","og_description":"Karaoke zvo\u010dnik z baterijo za ponovno polnjenje (polni se iz 220V)  COLOR MUSIC \u2013 vgrajeni svetlobni u\u010dinki, z gumbom za vklop\/izklop  Funkcija BLUETOOTH \u2013 povezovanje zvo\u010dnika z GSM, ra\u010dunalnikom, prenosnikom in brez\u017ei\u010dno poslu\u0161anje va\u0161e najljub\u0161e glasbe \u2013 ve\u010d kot 10 metrov  FM sprejemnik \u2013 RADIO  Daljinski upravljalnik (prilo\u017een v kompletu)  Mo\u017enost samostojne uporabe brez povezave z ra\u010dunalnikom preko:  Re\u017ea za pomnilni\u0161ko kartico SD\/MMC\/MMS  Re\u017ea za bliskovni pogon USB  AUX vhod iz zunanje naprave (ra\u010dunalnik, GSM, Ipod, PSP)  LED ZASLON  Vhod za 1 mikrofon  \u017di\u010dni mikrofon 1 kos \u2013 vklju\u010den v kompletu","og_url":"https:\/\/origon-eu.com\/si\/product\/wireless-portable-speaker\/","og_site_name":"Origon EU","article_modified_time":"2025-03-16T17:25:44+00:00","og_image":[{"width":700,"height":700,"url":"https:\/\/origon-eu.com\/wp-content\/uploads\/2025\/01\/0084277_kts-1175-bluetooth-wireless-portable-speaker.png","type":"image\/png"}],"twitter_card":"summary_large_image","twitter_misc":{"Est. reading time":"2 minuti"},"schema":{"@context":"https:\/\/schema.org","@graph":[{"@type":"WebPage","@id":"https:\/\/origon-eu.com\/si\/product\/wireless-portable-speaker\/","url":"https:\/\/origon-eu.com\/si\/product\/wireless-portable-speaker\/","name":"Brez\u017ei\u010dni prenosni zvo\u010dnik - Origon EU","isPartOf":{"@id":"https:\/\/origon-eu.com\/#website"},"primaryImageOfPage":{"@id":"https:\/\/origon-eu.com\/si\/product\/wireless-portable-speaker\/#primaryimage"},"image":{"@id":"https:\/\/origon-eu.com\/si\/product\/wireless-portable-speaker\/#primaryimage"},"thumbnailUrl":"https:\/\/origon-eu.com\/wp-content\/uploads\/2025\/01\/0084277_kts-1175-bluetooth-wireless-portable-speaker.png","datePublished":"2025-01-09T10:36:38+00:00","dateModified":"2025-03-16T17:25:44+00:00","breadcrumb":{"@id":"https:\/\/origon-eu.com\/si\/product\/wireless-portable-speaker\/#breadcrumb"},"inLanguage":"sl-SI","potentialAction":[{"@type":"ReadAction","target":["https:\/\/origon-eu.com\/si\/product\/wireless-portable-speaker\/"]}]},{"@type":"ImageObject","inLanguage":"sl-SI","@id":"https:\/\/origon-eu.com\/si\/product\/wireless-portable-speaker\/#primaryimage","url":"https:\/\/origon-eu.com\/wp-content\/uploads\/2025\/01\/0084277_kts-1175-bluetooth-wireless-portable-speaker.png","contentUrl":"https:\/\/origon-eu.com\/wp-content\/uploads\/2025\/01\/0084277_kts-1175-bluetooth-wireless-portable-speaker.png","width":700,"height":700},{"@type":"BreadcrumbList","@id":"https:\/\/origon-eu.com\/si\/product\/wireless-portable-speaker\/#breadcrumb","itemListElement":[{"@type":"ListItem","position":1,"name":"Home","item":"https:\/\/origon-eu.com\/"},{"@type":"ListItem","position":2,"name":"Shop","item":"https:\/\/origon-eu.com\/si\/shop-2\/"},{"@type":"ListItem","position":3,"name":"Brez\u017ei\u010dni prenosni zvo\u010dnik"}]},{"@type":"WebSite","@id":"https:\/\/origon-eu.com\/#website","url":"https:\/\/origon-eu.com\/","name":"Origon EU","description":"Online Store","publisher":{"@id":"https:\/\/origon-eu.com\/#organization"},"potentialAction":[{"@type":"SearchAction","target":{"@type":"EntryPoint","urlTemplate":"https:\/\/origon-eu.com\/?s={search_term_string}"},"query-input":{"@type":"PropertyValueSpecification","valueRequired":true,"valueName":"search_term_string"}}],"inLanguage":"sl-SI"},{"@type":"Organization","@id":"https:\/\/origon-eu.com\/#organization","name":"Origon EU","url":"https:\/\/origon-eu.com\/","logo":{"@type":"ImageObject","inLanguage":"sl-SI","@id":"https:\/\/origon-eu.com\/#\/schema\/logo\/image\/","url":"https:\/\/origon-eu.com\/wp-content\/uploads\/2024\/04\/Screenshot-2024-04-09-101814.png","contentUrl":"https:\/\/origon-eu.com\/wp-content\/uploads\/2024\/04\/Screenshot-2024-04-09-101814.png","width":171,"height":59,"caption":"Origon EU"},"image":{"@id":"https:\/\/origon-eu.com\/#\/schema\/logo\/image\/"}}]}},"tiered_pricing_type":"fixed","tiered_pricing_fixed_rules":[],"tiered_pricing_percentage_rules":[],"tiered_pricing_minimum":1,"tiered_pricing_roles_data":[],"_links":{"self":[{"href":"https:\/\/origon-eu.com\/si\/wp-json\/wp\/v2\/product\/32876","targetHints":{"allow":["GET"]}}],"collection":[{"href":"https:\/\/origon-eu.com\/si\/wp-json\/wp\/v2\/product"}],"about":[{"href":"https:\/\/origon-eu.com\/si\/wp-json\/wp\/v2\/types\/product"}],"version-history":[{"count":1,"href":"https:\/\/origon-eu.com\/si\/wp-json\/wp\/v2\/product\/32876\/revisions"}],"predecessor-version":[{"id":32877,"href":"https:\/\/origon-eu.com\/si\/wp-json\/wp\/v2\/product\/32876\/revisions\/32877"}],"wp:featuredmedia":[{"embeddable":true,"href":"https:\/\/origon-eu.com\/si\/wp-json\/wp\/v2\/media\/32681"}],"wp:attachment":[{"href":"https:\/\/origon-eu.com\/si\/wp-json\/wp\/v2\/media?parent=32876"}],"wp:term":[{"taxonomy":"product_cat","embeddable":true,"href":"https:\/\/origon-eu.com\/si\/wp-json\/wp\/v2\/product_cat?post=32876"},{"taxonomy":"product_tag","embeddable":true,"href":"https:\/\/origon-eu.com\/si\/wp-json\/wp\/v2\/product_tag?post=32876"}],"curies":[{"name":"wp","href":"https:\/\/api.w.org\/{rel}","templated":true}]}}