{"id":32837,"date":"2025-01-08T16:24:29","date_gmt":"2025-01-08T14:24:29","guid":{"rendered":"https:\/\/origon-eu.com\/product\/cordless-handheld-stick-vacuum-cleaner\/"},"modified":"2025-05-14T11:41:46","modified_gmt":"2025-05-14T09:41:46","slug":"cordless-handheld-stick-vacuum-cleaner","status":"publish","type":"product","link":"https:\/\/origon-eu.com\/si\/product\/cordless-handheld-stick-vacuum-cleaner\/","title":{"rendered":"Brez\u017ei\u010dni ro\u010dni pali\u010dni sesalnik"},"content":{"rendered":"<ul>\n<li>Dvojni motor in modularna zasnova za razli\u010dne nastavke zagotavljata globoko, visokokakovostno \u010di\u0161\u010denje katere koli povr\u0161ine<\/li>\n<li>Primeren za \u010di\u0161\u010denje notranjosti avtomobila. Avtonomnost naprave prispeva k temu, da lahko uredite stvari ne samo v svojem stanovanju<\/li>\n<li>Kompletu so prilo\u017eene 3 vrste \u0161ob za tla. Vsaka krta\u010da je zasnovana za drugo vrsto umazane povr\u0161ine. Tanka \u0161oba vi\u0161ine 4 cm bo pomagala odstraniti prah pod pohi\u0161tvom. Na te\u017eje dostopnih mestih pa nastavek za re\u017ee 2 v 1<\/li>\n<li>Robustno ohi\u0161je iz visokokakovostne plastike<\/li>\n<li>Preoblikovan hladilni sistem u\u010dinkovito odvaja toploto iz motorja, prepre\u010duje pregrevanje in podalj\u0161uje \u017eivljenjsko dobo motorja<\/li>\n<li>Sesalnik tehta le 1,5 kg, kar omogo\u010da dolgotrajno uporabo naprave tako odraslim kot starej\u0161im. Poleg tega vam omogo\u010da enostavno premikanje sesalnika na te\u017eko dostopna mesta<\/li>\n<li>Priro\u010dno \u010di\u0161\u010denje pod pohi\u0161tvom (preklopni ro\u010daj)<\/li>\n<li>Priro\u010dno \u010di\u0161\u010denje pod pohi\u0161tvom (preklopni ro\u010daj)<\/li>\n<li>Turbo krta\u010da z LED osvetlitvijo ozadja<\/li>\n<li>Zavrtite krta\u010do sesalnika za 180 stopinj<\/li>\n<li>Indikator polnjenja<\/li>\n<li>\u0160tevilo hitrosti: 2<\/li>\n<li>Snemljiv ro\u010daj<\/li>\n<\/ul>\n<p><a href=\"https:\/\/origon-eu.com\/wp-content\/uploads\/2025\/01\/mobileleb-household-appliances-dsp-vacuum-cleaner-hand-held-rechargeable-120w-kd2023-34126785773700_1024x1024.webp \"><img class=\"alignnone polna velikost wp-image-32604\" alt=\"\" \/><\/a><\/p>\n<p>&nbsp;<\/p>\n<p><a href=\"https:\/\/origon-eu.com\/wp-content\/uploads\/2025\/01\/mobileleb-household-appliances-dsp-vacuum-cleaner-hand-held-rechargeable-120w-kd2023-34126785577092_1024x1024.webp \"><img fetchpriority=\"high\" decoding=\"async\" width=\"600\" height=\"600\" class=\"alignnone polna velikost wp-image-32614\" src=\"https:\/\/origon-eu.com\/wp-content\/uploads\/2025\/01\/mobileleb-household-appliances-dsp-vacuum-cleaner-hand-held-rechargeable-120w-kd2023-34126785577092_1024x1024.webp\" alt=\"\" srcset=\"https:\/\/origon-eu.com\/wp-content\/uploads\/2025\/01\/mobileleb-household-appliances-dsp-vacuum-cleaner-hand-held-rechargeable-120w-kd2023-34126785577092_1024x1024.webp 600w, https:\/\/origon-eu.com\/wp-content\/uploads\/2025\/01\/mobileleb-household-appliances-dsp-vacuum-cleaner-hand-held-rechargeable-120w-kd2023-34126785577092_1024x1024-300x300.webp 300w, https:\/\/origon-eu.com\/wp-content\/uploads\/2025\/01\/mobileleb-household-appliances-dsp-vacuum-cleaner-hand-held-rechargeable-120w-kd2023-34126785577092_1024x1024-150x150.webp 150w\" sizes=\"(max-width: 600px) 100vw, 600px\" \/><\/a><\/p>\n<p><a href=\"https:\/\/origon-eu.com\/wp-content\/uploads\/2025\/01\/41o1eNoNLEL._AC_.jpg\"><img decoding=\"async\" class=\"alignnone size-full wp-image-32570\" src=\"https:\/\/origon-eu.com\/wp-content\/uploads\/2025\/01\/41o1eNoNLEL._AC_.jpg\" alt=\"\" width=\"505\" height=\"550\" srcset=\"https:\/\/origon-eu.com\/wp-content\/uploads\/2025\/01\/41o1eNoNLEL._AC_.jpg 505w, https:\/\/origon-eu.com\/wp-content\/uploads\/2025\/01\/41o1eNoNLEL._AC_-275x300.jpg 275w, https:\/\/origon-eu.com\/wp-content\/uploads\/2025\/01\/41o1eNoNLEL._AC_-150x163.jpg 150w\" sizes=\"(max-width: 505px) 100vw, 505px\" \/><\/a><\/p>\n<p><strong>Specifikacije:<\/strong><\/p>\n<ul>\n<li>Vrsta \u010di\u0161\u010denja: suho<\/li>\n<li>Vrsta \u0161katle za prah: posoda<\/li>\n<li>Mo\u010d: 120 W<\/li>\n<li>Prostornina posode za prah: 0,8 L<\/li>\n<li>Parkiranje: navpi\u010dno<\/li>\n<li>Snemljiv ro\u010daj<\/li>\n<li>\u0160tevilo hitrosti: 2<\/li>\n<li>Delovni \u010das: 40 min<\/li>\n<li>\u010cas polnjenja: 4 h<\/li>\n<li>Baterija: Li-Ion 22,2 V, 2200 mAh<\/li>\n<li>Vrsta 2 v 1: navpi\u010dno, ro\u010dno<\/li>\n<li>Vrsta filtra: Hepa<\/li>\n<li>Gumb za vklop\/izklop<\/li>\n<li>Mere (V109 x \u016021,5 x G17,5) cm<\/li>\n<li>Te\u017ea sesalnika: 1,5 kg<\/li>\n<\/ul>\n<ul>\n<li><\/li>\n<\/ul>\n","protected":false},"excerpt":{"rendered":"<ul>\n<li><strong>Paket vklju\u010duje:<\/strong>\n<ul>\n<li>1x ro\u010dni sesalnik za polnjenje<\/li>\n<li>1x nastavek za oblazinjenje<\/li>\n<li>1x nastavek za re\u017ee<\/li>\n<li>1x kombinirana \u0161oba<\/li>\n<li>1x podalj\u0161ek cevi<\/li>\n<li>1x polnilni kabel<\/li>\n<li>1x uporabni\u0161ki priro\u010dnik<\/li>\n<\/ul>\n<\/li>\n<\/ul>\n","protected":false},"featured_media":32579,"template":"","meta":[],"product_cat":[],"product_tag":[],"class_list":{"0":"post-32837","1":"product","2":"type-product","3":"status-publish","4":"has-post-thumbnail","7":"first","8":"instock","9":"sale","10":"shipping-taxable","11":"purchasable","12":"product-type-simple"},"yoast_head":"<!-- This site is optimized with the Yoast SEO plugin v24.2 - https:\/\/yoast.com\/wordpress\/plugins\/seo\/ -->\n<title>Brez\u017ei\u010dni ro\u010dni pali\u010dni sesalnik - Origon EU<\/title>\n<meta name=\"robots\" content=\"index, follow, max-snippet:-1, max-image-preview:large, max-video-preview:-1\" \/>\n<link rel=\"canonical\" href=\"https:\/\/origon-eu.com\/si\/product\/cordless-handheld-stick-vacuum-cleaner\/\" \/>\n<meta property=\"og:locale\" content=\"sl_SI\" \/>\n<meta property=\"og:type\" content=\"article\" \/>\n<meta property=\"og:title\" content=\"Brez\u017ei\u010dni ro\u010dni pali\u010dni sesalnik - Origon EU\" \/>\n<meta property=\"og:description\" content=\"Paket vklju\u010duje:   1x ro\u010dni sesalnik za polnjenje  1x nastavek za oblazinjenje  1x nastavek za re\u017ee  1x kombinirana \u0161oba  1x podalj\u0161ek cevi  1x polnilni kabel  1x uporabni\u0161ki priro\u010dnik\" \/>\n<meta property=\"og:url\" content=\"https:\/\/origon-eu.com\/si\/product\/cordless-handheld-stick-vacuum-cleaner\/\" \/>\n<meta property=\"og:site_name\" content=\"Origon EU\" \/>\n<meta property=\"article:modified_time\" content=\"2025-05-14T09:41:46+00:00\" \/>\n<meta property=\"og:image\" content=\"https:\/\/origon-eu.com\/wp-content\/uploads\/2025\/01\/41o1eNoNLEL._AC_.jpg\" \/>\n\t<meta property=\"og:image:width\" content=\"505\" \/>\n\t<meta property=\"og:image:height\" content=\"550\" \/>\n\t<meta property=\"og:image:type\" content=\"image\/jpeg\" \/>\n<meta name=\"twitter:card\" content=\"summary_large_image\" \/>\n<meta name=\"twitter:label1\" content=\"Est. reading time\" \/>\n\t<meta name=\"twitter:data1\" content=\"2 minuti\" \/>\n<script type=\"application\/ld+json\" class=\"yoast-schema-graph\">{\"@context\":\"https:\/\/schema.org\",\"@graph\":[{\"@type\":\"WebPage\",\"@id\":\"https:\/\/origon-eu.com\/si\/product\/cordless-handheld-stick-vacuum-cleaner\/\",\"url\":\"https:\/\/origon-eu.com\/si\/product\/cordless-handheld-stick-vacuum-cleaner\/\",\"name\":\"Brez\u017ei\u010dni ro\u010dni pali\u010dni sesalnik - Origon EU\",\"isPartOf\":{\"@id\":\"https:\/\/origon-eu.com\/#website\"},\"primaryImageOfPage\":{\"@id\":\"https:\/\/origon-eu.com\/si\/product\/cordless-handheld-stick-vacuum-cleaner\/#primaryimage\"},\"image\":{\"@id\":\"https:\/\/origon-eu.com\/si\/product\/cordless-handheld-stick-vacuum-cleaner\/#primaryimage\"},\"thumbnailUrl\":\"https:\/\/origon-eu.com\/wp-content\/uploads\/2025\/01\/41o1eNoNLEL._AC_.jpg\",\"datePublished\":\"2025-01-08T14:24:29+00:00\",\"dateModified\":\"2025-05-14T09:41:46+00:00\",\"breadcrumb\":{\"@id\":\"https:\/\/origon-eu.com\/si\/product\/cordless-handheld-stick-vacuum-cleaner\/#breadcrumb\"},\"inLanguage\":\"sl-SI\",\"potentialAction\":[{\"@type\":\"ReadAction\",\"target\":[\"https:\/\/origon-eu.com\/si\/product\/cordless-handheld-stick-vacuum-cleaner\/\"]}]},{\"@type\":\"ImageObject\",\"inLanguage\":\"sl-SI\",\"@id\":\"https:\/\/origon-eu.com\/si\/product\/cordless-handheld-stick-vacuum-cleaner\/#primaryimage\",\"url\":\"https:\/\/origon-eu.com\/wp-content\/uploads\/2025\/01\/41o1eNoNLEL._AC_.jpg\",\"contentUrl\":\"https:\/\/origon-eu.com\/wp-content\/uploads\/2025\/01\/41o1eNoNLEL._AC_.jpg\",\"width\":505,\"height\":550},{\"@type\":\"BreadcrumbList\",\"@id\":\"https:\/\/origon-eu.com\/si\/product\/cordless-handheld-stick-vacuum-cleaner\/#breadcrumb\",\"itemListElement\":[{\"@type\":\"ListItem\",\"position\":1,\"name\":\"Home\",\"item\":\"https:\/\/origon-eu.com\/\"},{\"@type\":\"ListItem\",\"position\":2,\"name\":\"Shop\",\"item\":\"https:\/\/origon-eu.com\/si\/shop-2\/\"},{\"@type\":\"ListItem\",\"position\":3,\"name\":\"Brez\u017ei\u010dni ro\u010dni pali\u010dni sesalnik\"}]},{\"@type\":\"WebSite\",\"@id\":\"https:\/\/origon-eu.com\/#website\",\"url\":\"https:\/\/origon-eu.com\/\",\"name\":\"Origon EU\",\"description\":\"Online Store\",\"publisher\":{\"@id\":\"https:\/\/origon-eu.com\/#organization\"},\"potentialAction\":[{\"@type\":\"SearchAction\",\"target\":{\"@type\":\"EntryPoint\",\"urlTemplate\":\"https:\/\/origon-eu.com\/?s={search_term_string}\"},\"query-input\":{\"@type\":\"PropertyValueSpecification\",\"valueRequired\":true,\"valueName\":\"search_term_string\"}}],\"inLanguage\":\"sl-SI\"},{\"@type\":\"Organization\",\"@id\":\"https:\/\/origon-eu.com\/#organization\",\"name\":\"Origon EU\",\"url\":\"https:\/\/origon-eu.com\/\",\"logo\":{\"@type\":\"ImageObject\",\"inLanguage\":\"sl-SI\",\"@id\":\"https:\/\/origon-eu.com\/#\/schema\/logo\/image\/\",\"url\":\"https:\/\/origon-eu.com\/wp-content\/uploads\/2024\/04\/Screenshot-2024-04-09-101814.png\",\"contentUrl\":\"https:\/\/origon-eu.com\/wp-content\/uploads\/2024\/04\/Screenshot-2024-04-09-101814.png\",\"width\":171,\"height\":59,\"caption\":\"Origon EU\"},\"image\":{\"@id\":\"https:\/\/origon-eu.com\/#\/schema\/logo\/image\/\"}}]}<\/script>\n<!-- \/ Yoast SEO plugin. -->","yoast_head_json":{"title":"Brez\u017ei\u010dni ro\u010dni pali\u010dni sesalnik - Origon EU","robots":{"index":"index","follow":"follow","max-snippet":"max-snippet:-1","max-image-preview":"max-image-preview:large","max-video-preview":"max-video-preview:-1"},"canonical":"https:\/\/origon-eu.com\/si\/product\/cordless-handheld-stick-vacuum-cleaner\/","og_locale":"sl_SI","og_type":"article","og_title":"Brez\u017ei\u010dni ro\u010dni pali\u010dni sesalnik - Origon EU","og_description":"Paket vklju\u010duje:   1x ro\u010dni sesalnik za polnjenje  1x nastavek za oblazinjenje  1x nastavek za re\u017ee  1x kombinirana \u0161oba  1x podalj\u0161ek cevi  1x polnilni kabel  1x uporabni\u0161ki priro\u010dnik","og_url":"https:\/\/origon-eu.com\/si\/product\/cordless-handheld-stick-vacuum-cleaner\/","og_site_name":"Origon EU","article_modified_time":"2025-05-14T09:41:46+00:00","og_image":[{"width":505,"height":550,"url":"https:\/\/origon-eu.com\/wp-content\/uploads\/2025\/01\/41o1eNoNLEL._AC_.jpg","type":"image\/jpeg"}],"twitter_card":"summary_large_image","twitter_misc":{"Est. reading time":"2 minuti"},"schema":{"@context":"https:\/\/schema.org","@graph":[{"@type":"WebPage","@id":"https:\/\/origon-eu.com\/si\/product\/cordless-handheld-stick-vacuum-cleaner\/","url":"https:\/\/origon-eu.com\/si\/product\/cordless-handheld-stick-vacuum-cleaner\/","name":"Brez\u017ei\u010dni ro\u010dni pali\u010dni sesalnik - Origon EU","isPartOf":{"@id":"https:\/\/origon-eu.com\/#website"},"primaryImageOfPage":{"@id":"https:\/\/origon-eu.com\/si\/product\/cordless-handheld-stick-vacuum-cleaner\/#primaryimage"},"image":{"@id":"https:\/\/origon-eu.com\/si\/product\/cordless-handheld-stick-vacuum-cleaner\/#primaryimage"},"thumbnailUrl":"https:\/\/origon-eu.com\/wp-content\/uploads\/2025\/01\/41o1eNoNLEL._AC_.jpg","datePublished":"2025-01-08T14:24:29+00:00","dateModified":"2025-05-14T09:41:46+00:00","breadcrumb":{"@id":"https:\/\/origon-eu.com\/si\/product\/cordless-handheld-stick-vacuum-cleaner\/#breadcrumb"},"inLanguage":"sl-SI","potentialAction":[{"@type":"ReadAction","target":["https:\/\/origon-eu.com\/si\/product\/cordless-handheld-stick-vacuum-cleaner\/"]}]},{"@type":"ImageObject","inLanguage":"sl-SI","@id":"https:\/\/origon-eu.com\/si\/product\/cordless-handheld-stick-vacuum-cleaner\/#primaryimage","url":"https:\/\/origon-eu.com\/wp-content\/uploads\/2025\/01\/41o1eNoNLEL._AC_.jpg","contentUrl":"https:\/\/origon-eu.com\/wp-content\/uploads\/2025\/01\/41o1eNoNLEL._AC_.jpg","width":505,"height":550},{"@type":"BreadcrumbList","@id":"https:\/\/origon-eu.com\/si\/product\/cordless-handheld-stick-vacuum-cleaner\/#breadcrumb","itemListElement":[{"@type":"ListItem","position":1,"name":"Home","item":"https:\/\/origon-eu.com\/"},{"@type":"ListItem","position":2,"name":"Shop","item":"https:\/\/origon-eu.com\/si\/shop-2\/"},{"@type":"ListItem","position":3,"name":"Brez\u017ei\u010dni ro\u010dni pali\u010dni sesalnik"}]},{"@type":"WebSite","@id":"https:\/\/origon-eu.com\/#website","url":"https:\/\/origon-eu.com\/","name":"Origon EU","description":"Online Store","publisher":{"@id":"https:\/\/origon-eu.com\/#organization"},"potentialAction":[{"@type":"SearchAction","target":{"@type":"EntryPoint","urlTemplate":"https:\/\/origon-eu.com\/?s={search_term_string}"},"query-input":{"@type":"PropertyValueSpecification","valueRequired":true,"valueName":"search_term_string"}}],"inLanguage":"sl-SI"},{"@type":"Organization","@id":"https:\/\/origon-eu.com\/#organization","name":"Origon EU","url":"https:\/\/origon-eu.com\/","logo":{"@type":"ImageObject","inLanguage":"sl-SI","@id":"https:\/\/origon-eu.com\/#\/schema\/logo\/image\/","url":"https:\/\/origon-eu.com\/wp-content\/uploads\/2024\/04\/Screenshot-2024-04-09-101814.png","contentUrl":"https:\/\/origon-eu.com\/wp-content\/uploads\/2024\/04\/Screenshot-2024-04-09-101814.png","width":171,"height":59,"caption":"Origon EU"},"image":{"@id":"https:\/\/origon-eu.com\/#\/schema\/logo\/image\/"}}]}},"tiered_pricing_type":"fixed","tiered_pricing_fixed_rules":[],"tiered_pricing_percentage_rules":[],"tiered_pricing_minimum":1,"tiered_pricing_roles_data":[],"_links":{"self":[{"href":"https:\/\/origon-eu.com\/si\/wp-json\/wp\/v2\/product\/32837","targetHints":{"allow":["GET"]}}],"collection":[{"href":"https:\/\/origon-eu.com\/si\/wp-json\/wp\/v2\/product"}],"about":[{"href":"https:\/\/origon-eu.com\/si\/wp-json\/wp\/v2\/types\/product"}],"version-history":[{"count":1,"href":"https:\/\/origon-eu.com\/si\/wp-json\/wp\/v2\/product\/32837\/revisions"}],"predecessor-version":[{"id":32838,"href":"https:\/\/origon-eu.com\/si\/wp-json\/wp\/v2\/product\/32837\/revisions\/32838"}],"wp:featuredmedia":[{"embeddable":true,"href":"https:\/\/origon-eu.com\/si\/wp-json\/wp\/v2\/media\/32579"}],"wp:attachment":[{"href":"https:\/\/origon-eu.com\/si\/wp-json\/wp\/v2\/media?parent=32837"}],"wp:term":[{"taxonomy":"product_cat","embeddable":true,"href":"https:\/\/origon-eu.com\/si\/wp-json\/wp\/v2\/product_cat?post=32837"},{"taxonomy":"product_tag","embeddable":true,"href":"https:\/\/origon-eu.com\/si\/wp-json\/wp\/v2\/product_tag?post=32837"}],"curies":[{"name":"wp","href":"https:\/\/api.w.org\/{rel}","templated":true}]}}