{"id":32669,"date":"2025-01-08T14:43:21","date_gmt":"2025-01-08T12:43:21","guid":{"rendered":"https:\/\/origon-eu.com\/product\/vanjska-i-unutarnja-bezicna-kamera-digicam\/"},"modified":"2025-02-28T09:11:40","modified_gmt":"2025-02-28T07:11:40","slug":"vanjska-i-unutarnja-bezicna-kamera-digicam","status":"publish","type":"product","link":"https:\/\/origon-eu.com\/si\/product\/vanjska-i-unutarnja-bezicna-kamera-digicam\/","title":{"rendered":"Zunanja in notranja brez\u017ei\u010dna kamera | DIGICAM"},"content":{"rendered":"<p style=\"text-align: center;\"><strong>Vedno imejte nadzor nad svojim telefonom<\/strong><\/p>\n<p style=\"text-align: center;\">Kamera po\u0161lje alarmno sporo\u010dilo na va\u0161 pametni telefon in shrani dejavnosti obiskovalcev na pomnilni\u0161ko kartico, da jih lahko pozneje preverite.<\/p>\n<p style=\"text-align: center;\"><strong><a href=\"https:\/\/origon-eu.com\/wp-content\/uploads\/2025\/01\/ezgif.com-video-to-gif -converter-3.gif\"><img decoding=\"async\" class=\"aligncenter wp-image-32317 size-full\" src=\"https:\/\/origon-eu.com\/wp-content\/uploads\/2025\/01\/ezgif.com-video-to-gif-converter-3.gif\" alt=\"\" width=\"400\" height= \"270\" \/><\/a>Imejte o\u010di v vsakem koti\u010dku va\u0161ega doma ali pisarne<\/strong><\/p>\n<p style=\"text-align: center;\">Panoramski pogled vam omogo\u010da, da vidite vse, kar se dogaja znotraj ali zunaj va\u0161ega doma. Uporablja se lahko tudi kot otro\u0161ki fotoaparat.<\/p>\n<p style=\"text-align: center;\"><strong><a href=\"https:\/\/origon-eu.com\/wp-content\/uploads\/2025\/01\/ezgif.com-video-to-gif -converter-4.gif\"><img decoding=\"async\" class=\"size-full wp-image-32337 aligncenter\" src=\"https:\/\/origon-eu.com\/wp-content\/uploads\/2025\/01\/ezgif.com-video-to-gif-converter-4.gif\" alt=\"\" width=\"680\" height= \"382\" \/><\/a>Pametna povezava wifi<\/strong><\/p>\n<p style=\"text-align: center;\">Enostavno se pove\u017ee z va\u0161im doma\u010dim ali slu\u017ebenim omre\u017ejem WiFi, kar vam omogo\u010da dostop do videoposnetka od koder koli z internetno povezavo. Z intuitivno aplikacijo, ki je na voljo za iOS in Android, lahko gledate video v realnem \u010dasu.<\/p>\n<p style=\"text-align: center;\"><a href=\"https:\/\/origon-eu.com\/wp-content\/uploads\/2025\/01\/DIGICAM23859-HR__8f95f165.webp\"><img fetchpriority=\"high\" decoding=\"async\" class=\" alignnone wp-image-32152 velikost-polna\" src=\"https:\/\/origon-eu.com\/wp-content\/uploads\/2025\/01\/DIGICAM23859-HR__8f95f165.webp\" alt=\"\" width=\"600\" height=\"600\" srcset=\"https:\/\/origon-eu.com\/wp-content\/uploads\/2025\/01\/DIGICAM23859-HR__8f95f165.webp 600w, https:\/\/origon-eu.com\/wp-content\/uploads\/2025\/01\/DIGICAM23859-HR__8f95f165-300x300.webp 300w, https:\/\/origon-eu.com\/wp-content\/uploads\/2025\/01\/DIGICAM23859-HR__8f95f165-150x150.webp 150w\" sizes=\"(max-width: 600px) 100vw, 600px\" \/><\/a>< \/p><\/p>\n<p style=\"text-align: center;\"><strong>Poslu\u0161ajte in klepetajte prek kamere<\/strong><\/p>\n<p style=\"text-align: center;\">Vgrajen odzivni mikrofon na zunanji varnostni kameri, zahvaljujo\u010d kateremu lahko poslu\u0161ate in govorite preko na\u0161e aplikacije. Dvosmerni zvok vam omogo\u010da komunikacijo s prijatelji, alarm za zaznavanje gibanja pa vam omogo\u010da, da se znebite ne\u017eelenih gostov ali \u017eivali.<\/p>\n<p style=\"text-align: center;\"><a href=\"https:\/\/origon-eu.com\/wp-content\/uploads\/2025\/01\/DIGICAM24618-HR__97ff47bf.webp\"><img decoding=\"async\" class=\" alignnone wp-image-32162 velikost-polna\" src=\"https:\/\/origon-eu.com\/wp-content\/uploads\/2025\/01\/DIGICAM24618-HR__97ff47bf.webp\" alt=\"\" width=\"600\" height=\"600\" srcset=\"https:\/\/origon-eu.com\/wp-content\/uploads\/2025\/01\/DIGICAM24618-HR__97ff47bf.webp 600w, https:\/\/origon-eu.com\/wp-content\/uploads\/2025\/01\/DIGICAM24618-HR__97ff47bf-300x300.webp 300w, https:\/\/origon-eu.com\/wp-content\/uploads\/2025\/01\/DIGICAM24618-HR__97ff47bf-150x150.webp 150w\" sizes=\"(max-width: 600px) 100vw, 600px\" \/><\/a>< \/p><\/p>\n<p style=\"text-align: center;\"><strong>Nadzor smeri prek mobilnega telefona<\/strong><\/p>\n<p style=\"text-align: center;\">Zagotavlja 320\u00b0 vodoravno in 110\u00b0 navpi\u010dno rotacijo, ki lahko pokrije vsa podro\u010dja. 4-kratni digitalni zoom omogo\u010da pove\u010davo, da si ogledate oddaljene predmete bolj podrobno, ali pomanj\u0161anje, da dobite \u0161ir\u0161i in ve\u010dji pogled.<\/p>\n<p style=\"text-align: center;\"><a href=\"https:\/\/origon-eu.com\/wp-content\/uploads\/2025\/01\/DIGICAM28157-HR__931cbf63.webp\"><img decoding=\"async\" class=\" alignnone wp-image-32182 velikost-polna\" src=\"https:\/\/origon-eu.com\/wp-content\/uploads\/2025\/01\/DIGICAM28157-HR__931cbf63.webp\" alt=\"\" width=\"600\" height=\"600\" srcset=\"https:\/\/origon-eu.com\/wp-content\/uploads\/2025\/01\/DIGICAM28157-HR__931cbf63.webp 600w, https:\/\/origon-eu.com\/wp-content\/uploads\/2025\/01\/DIGICAM28157-HR__931cbf63-300x300.webp 300w, https:\/\/origon-eu.com\/wp-content\/uploads\/2025\/01\/DIGICAM28157-HR__931cbf63-150x150.webp 150w\" sizes=\"(max-width: 600px) 100vw, 600px\" \/><\/a>< \/p><\/p>\n<p style=\"text-align: center;\"><strong>Opozorilo zaznavanja gibanja<\/strong><\/p>\n<p style=\"text-align: center;\">Aplikacija bo neposredno v va\u0161 pametni telefon prejela opozorila vsaki\u010d, ko bo zaznano gibanje. Nobeno \u010dlove\u0161ko gibanje ne more ostati neopa\u017eeno. Ni vam treba kar naprej gledati videoposnetkov!<\/p>\n<p style=\"text-align: center;\"><picture class=\"aligncenter size-full wp-image-633402\"><source srcset=\"https:\/\/vigoshop.hr\/app\/uploads\/2019\/11\/ digicam-14.webp\" type=\"image\/webp\" data-srcset=\"https:\/\/vigoshop.hr\/app\/uploads\/2019\/11\/digicam-14.webp\" \/><\/picture><a href=\"https:\/\/origon-eu.com\/wp- content\/uploads\/2025\/01\/digicam-14.webp\"><img loading=\"lazy\" decoding=\"async\" class=\"alignnone size-full wp-image-32172\" src=\"https:\/\/origon-eu.com\/wp-content\/uploads\/2025\/01\/digicam-14.webp\" alt=\"\" width=\"600\" height=\"600\" srcset=\"https:\/\/origon-eu.com\/wp-content\/uploads\/2025\/01\/digicam-14.webp 600w, https:\/\/origon-eu.com\/wp-content\/uploads\/2025\/01\/digicam-14-300x300.webp 300w, https:\/\/origon-eu.com\/wp-content\/uploads\/2025\/01\/digicam-14-150x150.webp 150w\" sizes=\"(max-width: 600px) 100vw, 600px\" \/><\/a>< \/p><\/p>\n<p style=\"text-align: center;\"><strong>Odporen na vodo in prah<\/strong><\/p>\n<p style=\"text-align: center;\">Kamera je vodotesna, zato jo lahko postavite v kateri koli zunanji koti\u010dek in odli\u010dno deluje v vsakem vremenu.<\/p>\n<p style=\"text-align: center;\"><picture class=\"aligncenter size-full wp-image-633403\"><source srcset=\"https:\/\/vigoshop.hr\/app\/uploads\/2019\/11\/ digicam-3.webp\" type=\"image\/webp\" data-srcset=\"https:\/\/vigoshop.hr\/app\/uploads\/2019\/11\/digicam-3.webp\" \/><\/picture><a href=\"https:\/\/origon-eu.com\/wp- content\/uploads\/2025\/01\/digicam-3.webp\"><img loading=\"lazy\" decoding=\"async\" class=\"alignnone size-full wp-image-32192\" src=\"https:\/\/origon-eu.com\/wp-content\/uploads\/2025\/01\/digicam-3.webp\" alt=\"\" width=\"600\" height=\"600\" srcset=\"https:\/\/origon-eu.com\/wp-content\/uploads\/2025\/01\/digicam-3.webp 600w, https:\/\/origon-eu.com\/wp-content\/uploads\/2025\/01\/digicam-3-300x300.webp 300w, https:\/\/origon-eu.com\/wp-content\/uploads\/2025\/01\/digicam-3-150x150.webp 150w\" sizes=\"(max-width: 600px) 100vw, 600px\" \/><\/a>< \/p><\/p>\n<p style=\"text-align: center;\"><strong>Dnevna in no\u010dna barva<\/strong><\/p>\n<p style=\"text-align: center;\">Konfigurira 3 \u0161irokokotne infrarde\u010de lu\u010di in 4 svetle LED lu\u010di, tako da lahko posnamete barvit no\u010dni video tudi v temi.<\/p>\n","protected":false},"excerpt":{"rendered":"<ul>\n<li>Material: ABS<\/li>\n<li>Dvosmerni zvok<\/li>\n<li>24\/7 neprekinjeno snemanje<\/li>\n<li>Podpira kartico mikro SD do 128 GB (ni vklju\u010dena)<\/li>\n<li>Visoka lo\u010dljivost: 1080P (Full-HD)<\/li>\n<li>Barva: bela<\/li>\n<\/ul>\n","protected":false},"featured_media":32221,"template":"","meta":[],"product_cat":[223,279],"product_tag":[],"class_list":{"0":"post-32669","1":"product","2":"type-product","3":"status-publish","4":"has-post-thumbnail","6":"product_cat-elektornika-si","7":"product_cat-pametni-dom-si","9":"first","10":"instock","11":"sale","12":"shipping-taxable","13":"purchasable","14":"product-type-simple"},"yoast_head":"<!-- This site is optimized with the Yoast SEO plugin v24.2 - https:\/\/yoast.com\/wordpress\/plugins\/seo\/ -->\n<title>Zunanja in notranja brez\u017ei\u010dna kamera | DIGICAM - Origon EU<\/title>\n<meta name=\"robots\" content=\"index, follow, max-snippet:-1, max-image-preview:large, max-video-preview:-1\" \/>\n<link rel=\"canonical\" href=\"https:\/\/origon-eu.com\/si\/product\/vanjska-i-unutarnja-bezicna-kamera-digicam\/\" \/>\n<meta property=\"og:locale\" content=\"sl_SI\" \/>\n<meta property=\"og:type\" content=\"article\" \/>\n<meta property=\"og:title\" content=\"Zunanja in notranja brez\u017ei\u010dna kamera | DIGICAM - Origon EU\" \/>\n<meta property=\"og:description\" content=\"Material: ABS  Dvosmerni zvok  24\/7 neprekinjeno snemanje  Podpira kartico mikro SD do 128 GB (ni vklju\u010dena)  Visoka lo\u010dljivost: 1080P (Full-HD)  Barva: bela\" \/>\n<meta property=\"og:url\" content=\"https:\/\/origon-eu.com\/si\/product\/vanjska-i-unutarnja-bezicna-kamera-digicam\/\" \/>\n<meta property=\"og:site_name\" content=\"Origon EU\" \/>\n<meta property=\"article:modified_time\" content=\"2025-02-28T07:11:40+00:00\" \/>\n<meta property=\"og:image\" content=\"https:\/\/origon-eu.com\/wp-content\/uploads\/2025\/01\/digicam-87939-1__d2765c98.jpg\" \/>\n\t<meta property=\"og:image:width\" content=\"600\" \/>\n\t<meta property=\"og:image:height\" content=\"600\" \/>\n\t<meta property=\"og:image:type\" content=\"image\/jpeg\" \/>\n<meta name=\"twitter:card\" content=\"summary_large_image\" \/>\n<meta name=\"twitter:label1\" content=\"Est. reading time\" \/>\n\t<meta name=\"twitter:data1\" content=\"3 minute\" \/>\n<script type=\"application\/ld+json\" class=\"yoast-schema-graph\">{\"@context\":\"https:\/\/schema.org\",\"@graph\":[{\"@type\":\"WebPage\",\"@id\":\"https:\/\/origon-eu.com\/si\/product\/vanjska-i-unutarnja-bezicna-kamera-digicam\/\",\"url\":\"https:\/\/origon-eu.com\/si\/product\/vanjska-i-unutarnja-bezicna-kamera-digicam\/\",\"name\":\"Zunanja in notranja brez\u017ei\u010dna kamera | DIGICAM - Origon EU\",\"isPartOf\":{\"@id\":\"https:\/\/origon-eu.com\/#website\"},\"primaryImageOfPage\":{\"@id\":\"https:\/\/origon-eu.com\/si\/product\/vanjska-i-unutarnja-bezicna-kamera-digicam\/#primaryimage\"},\"image\":{\"@id\":\"https:\/\/origon-eu.com\/si\/product\/vanjska-i-unutarnja-bezicna-kamera-digicam\/#primaryimage\"},\"thumbnailUrl\":\"https:\/\/origon-eu.com\/wp-content\/uploads\/2025\/01\/digicam-87939-1__d2765c98.jpg\",\"datePublished\":\"2025-01-08T12:43:21+00:00\",\"dateModified\":\"2025-02-28T07:11:40+00:00\",\"breadcrumb\":{\"@id\":\"https:\/\/origon-eu.com\/si\/product\/vanjska-i-unutarnja-bezicna-kamera-digicam\/#breadcrumb\"},\"inLanguage\":\"sl-SI\",\"potentialAction\":[{\"@type\":\"ReadAction\",\"target\":[\"https:\/\/origon-eu.com\/si\/product\/vanjska-i-unutarnja-bezicna-kamera-digicam\/\"]}]},{\"@type\":\"ImageObject\",\"inLanguage\":\"sl-SI\",\"@id\":\"https:\/\/origon-eu.com\/si\/product\/vanjska-i-unutarnja-bezicna-kamera-digicam\/#primaryimage\",\"url\":\"https:\/\/origon-eu.com\/wp-content\/uploads\/2025\/01\/digicam-87939-1__d2765c98.jpg\",\"contentUrl\":\"https:\/\/origon-eu.com\/wp-content\/uploads\/2025\/01\/digicam-87939-1__d2765c98.jpg\",\"width\":600,\"height\":600},{\"@type\":\"BreadcrumbList\",\"@id\":\"https:\/\/origon-eu.com\/si\/product\/vanjska-i-unutarnja-bezicna-kamera-digicam\/#breadcrumb\",\"itemListElement\":[{\"@type\":\"ListItem\",\"position\":1,\"name\":\"Home\",\"item\":\"https:\/\/origon-eu.com\/\"},{\"@type\":\"ListItem\",\"position\":2,\"name\":\"Shop\",\"item\":\"https:\/\/origon-eu.com\/si\/shop-2\/\"},{\"@type\":\"ListItem\",\"position\":3,\"name\":\"Zunanja in notranja brez\u017ei\u010dna kamera | DIGICAM\"}]},{\"@type\":\"WebSite\",\"@id\":\"https:\/\/origon-eu.com\/#website\",\"url\":\"https:\/\/origon-eu.com\/\",\"name\":\"Origon EU\",\"description\":\"Online Store\",\"publisher\":{\"@id\":\"https:\/\/origon-eu.com\/#organization\"},\"potentialAction\":[{\"@type\":\"SearchAction\",\"target\":{\"@type\":\"EntryPoint\",\"urlTemplate\":\"https:\/\/origon-eu.com\/?s={search_term_string}\"},\"query-input\":{\"@type\":\"PropertyValueSpecification\",\"valueRequired\":true,\"valueName\":\"search_term_string\"}}],\"inLanguage\":\"sl-SI\"},{\"@type\":\"Organization\",\"@id\":\"https:\/\/origon-eu.com\/#organization\",\"name\":\"Origon EU\",\"url\":\"https:\/\/origon-eu.com\/\",\"logo\":{\"@type\":\"ImageObject\",\"inLanguage\":\"sl-SI\",\"@id\":\"https:\/\/origon-eu.com\/#\/schema\/logo\/image\/\",\"url\":\"https:\/\/origon-eu.com\/wp-content\/uploads\/2024\/04\/Screenshot-2024-04-09-101814.png\",\"contentUrl\":\"https:\/\/origon-eu.com\/wp-content\/uploads\/2024\/04\/Screenshot-2024-04-09-101814.png\",\"width\":171,\"height\":59,\"caption\":\"Origon EU\"},\"image\":{\"@id\":\"https:\/\/origon-eu.com\/#\/schema\/logo\/image\/\"}}]}<\/script>\n<!-- \/ Yoast SEO plugin. -->","yoast_head_json":{"title":"Zunanja in notranja brez\u017ei\u010dna kamera | DIGICAM - Origon EU","robots":{"index":"index","follow":"follow","max-snippet":"max-snippet:-1","max-image-preview":"max-image-preview:large","max-video-preview":"max-video-preview:-1"},"canonical":"https:\/\/origon-eu.com\/si\/product\/vanjska-i-unutarnja-bezicna-kamera-digicam\/","og_locale":"sl_SI","og_type":"article","og_title":"Zunanja in notranja brez\u017ei\u010dna kamera | DIGICAM - Origon EU","og_description":"Material: ABS  Dvosmerni zvok  24\/7 neprekinjeno snemanje  Podpira kartico mikro SD do 128 GB (ni vklju\u010dena)  Visoka lo\u010dljivost: 1080P (Full-HD)  Barva: bela","og_url":"https:\/\/origon-eu.com\/si\/product\/vanjska-i-unutarnja-bezicna-kamera-digicam\/","og_site_name":"Origon EU","article_modified_time":"2025-02-28T07:11:40+00:00","og_image":[{"width":600,"height":600,"url":"https:\/\/origon-eu.com\/wp-content\/uploads\/2025\/01\/digicam-87939-1__d2765c98.jpg","type":"image\/jpeg"}],"twitter_card":"summary_large_image","twitter_misc":{"Est. reading time":"3 minute"},"schema":{"@context":"https:\/\/schema.org","@graph":[{"@type":"WebPage","@id":"https:\/\/origon-eu.com\/si\/product\/vanjska-i-unutarnja-bezicna-kamera-digicam\/","url":"https:\/\/origon-eu.com\/si\/product\/vanjska-i-unutarnja-bezicna-kamera-digicam\/","name":"Zunanja in notranja brez\u017ei\u010dna kamera | DIGICAM - Origon EU","isPartOf":{"@id":"https:\/\/origon-eu.com\/#website"},"primaryImageOfPage":{"@id":"https:\/\/origon-eu.com\/si\/product\/vanjska-i-unutarnja-bezicna-kamera-digicam\/#primaryimage"},"image":{"@id":"https:\/\/origon-eu.com\/si\/product\/vanjska-i-unutarnja-bezicna-kamera-digicam\/#primaryimage"},"thumbnailUrl":"https:\/\/origon-eu.com\/wp-content\/uploads\/2025\/01\/digicam-87939-1__d2765c98.jpg","datePublished":"2025-01-08T12:43:21+00:00","dateModified":"2025-02-28T07:11:40+00:00","breadcrumb":{"@id":"https:\/\/origon-eu.com\/si\/product\/vanjska-i-unutarnja-bezicna-kamera-digicam\/#breadcrumb"},"inLanguage":"sl-SI","potentialAction":[{"@type":"ReadAction","target":["https:\/\/origon-eu.com\/si\/product\/vanjska-i-unutarnja-bezicna-kamera-digicam\/"]}]},{"@type":"ImageObject","inLanguage":"sl-SI","@id":"https:\/\/origon-eu.com\/si\/product\/vanjska-i-unutarnja-bezicna-kamera-digicam\/#primaryimage","url":"https:\/\/origon-eu.com\/wp-content\/uploads\/2025\/01\/digicam-87939-1__d2765c98.jpg","contentUrl":"https:\/\/origon-eu.com\/wp-content\/uploads\/2025\/01\/digicam-87939-1__d2765c98.jpg","width":600,"height":600},{"@type":"BreadcrumbList","@id":"https:\/\/origon-eu.com\/si\/product\/vanjska-i-unutarnja-bezicna-kamera-digicam\/#breadcrumb","itemListElement":[{"@type":"ListItem","position":1,"name":"Home","item":"https:\/\/origon-eu.com\/"},{"@type":"ListItem","position":2,"name":"Shop","item":"https:\/\/origon-eu.com\/si\/shop-2\/"},{"@type":"ListItem","position":3,"name":"Zunanja in notranja brez\u017ei\u010dna kamera | DIGICAM"}]},{"@type":"WebSite","@id":"https:\/\/origon-eu.com\/#website","url":"https:\/\/origon-eu.com\/","name":"Origon EU","description":"Online Store","publisher":{"@id":"https:\/\/origon-eu.com\/#organization"},"potentialAction":[{"@type":"SearchAction","target":{"@type":"EntryPoint","urlTemplate":"https:\/\/origon-eu.com\/?s={search_term_string}"},"query-input":{"@type":"PropertyValueSpecification","valueRequired":true,"valueName":"search_term_string"}}],"inLanguage":"sl-SI"},{"@type":"Organization","@id":"https:\/\/origon-eu.com\/#organization","name":"Origon EU","url":"https:\/\/origon-eu.com\/","logo":{"@type":"ImageObject","inLanguage":"sl-SI","@id":"https:\/\/origon-eu.com\/#\/schema\/logo\/image\/","url":"https:\/\/origon-eu.com\/wp-content\/uploads\/2024\/04\/Screenshot-2024-04-09-101814.png","contentUrl":"https:\/\/origon-eu.com\/wp-content\/uploads\/2024\/04\/Screenshot-2024-04-09-101814.png","width":171,"height":59,"caption":"Origon EU"},"image":{"@id":"https:\/\/origon-eu.com\/#\/schema\/logo\/image\/"}}]}},"tiered_pricing_type":"fixed","tiered_pricing_fixed_rules":{"2":"36.99","3":"34.99","4":"32.99"},"tiered_pricing_percentage_rules":[],"tiered_pricing_minimum":1,"tiered_pricing_roles_data":[],"_links":{"self":[{"href":"https:\/\/origon-eu.com\/si\/wp-json\/wp\/v2\/product\/32669","targetHints":{"allow":["GET"]}}],"collection":[{"href":"https:\/\/origon-eu.com\/si\/wp-json\/wp\/v2\/product"}],"about":[{"href":"https:\/\/origon-eu.com\/si\/wp-json\/wp\/v2\/types\/product"}],"version-history":[{"count":1,"href":"https:\/\/origon-eu.com\/si\/wp-json\/wp\/v2\/product\/32669\/revisions"}],"predecessor-version":[{"id":32670,"href":"https:\/\/origon-eu.com\/si\/wp-json\/wp\/v2\/product\/32669\/revisions\/32670"}],"wp:featuredmedia":[{"embeddable":true,"href":"https:\/\/origon-eu.com\/si\/wp-json\/wp\/v2\/media\/32221"}],"wp:attachment":[{"href":"https:\/\/origon-eu.com\/si\/wp-json\/wp\/v2\/media?parent=32669"}],"wp:term":[{"taxonomy":"product_cat","embeddable":true,"href":"https:\/\/origon-eu.com\/si\/wp-json\/wp\/v2\/product_cat?post=32669"},{"taxonomy":"product_tag","embeddable":true,"href":"https:\/\/origon-eu.com\/si\/wp-json\/wp\/v2\/product_tag?post=32669"}],"curies":[{"name":"wp","href":"https:\/\/api.w.org\/{rel}","templated":true}]}}