{"id":32642,"date":"2025-01-08T16:41:50","date_gmt":"2025-01-08T14:41:50","guid":{"rendered":"https:\/\/origon-eu.com\/product\/lever-espresso-coffee-machine\/"},"modified":"2025-02-15T10:22:53","modified_gmt":"2025-02-15T08:22:53","slug":"lever-espresso-coffee-machine","status":"publish","type":"product","link":"https:\/\/origon-eu.com\/si\/product\/lever-espresso-coffee-machine\/","title":{"rendered":"Lever espresso coffee machine"},"content":{"rendered":"<p><strong>Kavarna pri vas doma<\/strong><br \/>\nS kavnim aparatom Llever lahko pripravite karkoli. Zahvaljujo\u010d ogrevalnemu sistemu thermoblock vam ne bo treba \u010dakati. Espresso bo imel bogato peno in aromo zahvaljujo\u010d visokokakovostni italijanski \u010drpalki s pritiskom 20 barov. S pomo\u010djo parne \u0161obe lahko iz mleka stepete puhasto mikropeno.<\/p>\n<p>Grelnik skodelic ni samo muhavost, ampak absolutna nuja. Kava ne potrebuje le stalnega pritiska, ampak tudi temperaturo. In hladna skodelica lahko dostojno spremeni nastali okus.<a href=\"https:\/\/origon-eu.com\/wp-content\/uploads\/2025\/01\/kavovar1.webp\"><img fetchpriority=\"high\" decoding=\"async\" class=\"size -celotna slika wp-32427 sredi\u0161\u010de poravnave aligncenter\" src=\"https:\/\/origon-eu.com\/wp-content\/uploads\/2025\/01\/kavovar1.webp\" alt=\"\" width=\"790\" height=\"530\" \/><\/a><\/p>\n<h2>Prilega se tudi najmanj\u0161i kuhinji<\/h2>\n<p class=\"p1\">Zahvaljujo\u010d\u00a0<strong>popolnoma kovinski zasnovi<\/strong>\u00a0bo tam videti dobro. Rezervoar za vodo ima \u0161e vedno\u00a0<strong>zadostno prostornino 1,4 litra<\/strong>\u00a0\u2013 zato vam ga ne bo treba znova polniti.<\/p>\n<p class=\"p1\"><strong>Ne skrbite tudi glede \u010di\u0161\u010denja<\/strong>\u00a0. Ro\u010dico, cedilo in pladenj za kapljanje lahko preprosto splaknete. Zunanja \u0161oba za paro prav tako zagotavlja, da se\u00a0<strong>mleko ne usede v notranjost\u00a0<span class=\"show-tooltip\" title=\"\" data-original-title=\"Prohl\u00e9dn\u011bte si k\u00e1vovary od \u010desk\u00e9 zna\u010dky Patricca.\" aria-describedby=\"tooltip103083\">aparat za kavo<\/span><\/strong>\u00a0. Kar je te\u017eava z vgrajenimi penilci. Samo pihnite skozi prazen prostor in obri\u0161ite.<\/p>\n<p><a href=\"https:\/\/origon-eu.com\/wp-content\/uploads\/2025\/01\/kavovar.webp\"><img decoding=\"async\" class=\"size-full wp-image-32437 aligncenter\" src=\"https: \/\/origon-eu.com\/wp-content\/uploads\/2025\/01\/kavovar.webp\" alt=\"\" width=\"790\" srcset=\"https:\/\/origon-eu.com\/wp-content\/uploads\/2025\/01\/kavovar.webp 790w, https:\/\/origon-eu.com\/wp-content\/uploads\/2025\/01\/kavovar-300x201.webp 300w, https:\/\/origon-eu.com\/wp-content\/uploads\/2025\/01\/kavovar-768x515.webp 768w, https:\/\/origon-eu.com\/wp-content\/uploads\/2025\/01\/kavovar-600x403.webp 600w, https:\/\/origon-eu.com\/wp-content\/uploads\/2025\/01\/kavovar-150x101.webp 150w\" sizes=\"(max-width: 790px) 100vw, 790px\" \/><\/a><\/p>\n<h2>Ni vam treba razmi\u0161ljati o ni\u010demer.<\/h2>\n<p class=\"p1\">Kavni aparat Patricca Lacrema naredi to namesto vas. Preprosto\u00a0<strong>upravljate ga s 4 gumbi<\/strong>\u00a0. Poleg tega lahko\u00a0<strong>shranite svojo kavo<\/strong>\u00a0natanko tako, kot \u017eelite \u2013 lo\u010deno za eno in dve skodelici.<\/p>\n<p class=\"p1\"><strong>In \u010de ga pomotoma pozabite izklopiti?<\/strong>\u00a0Ne zgodi se prav ni\u010d. To naredi sam.<strong>\u00a0<\/strong><\/p>\n<p><a href=\"https:\/\/origon-eu.com\/wp-content\/uploads\/2025\/01\/Kavovar-Patricca-Lacrema.webp\"><img decoding=\"async\" class=\"size-full wp-image-32449 aligncenter\" src=\"https:\/\/origon-eu.com\/wp-content\/uploads\/2025\/01\/Kavovar-Patricca-Lacrema.webp\" alt=\"\" width=\"790\" height=\"600\" \/>&lt;\/a &gt;<\/a><\/p>\n<h2>Kako izgleda kavni aparat Patricca Lacrema v akciji?<\/h2>\n<div style=\"width: 1280px;\" class=\"wp-video\"><video class=\"wp-video-shortcode\" id=\"video-32642-1\" width=\"1280\" height=\"720\" preload=\"metadata\" controls=\"controls\"><source type=\"video\/mp4\" src=\"https:\/\/origon-eu.com\/wp-content\/uploads\/2025\/01\/coffee.mp4?_=1\" \/><a href=\"https:\/\/origon-eu.com\/wp-content\/uploads\/2025\/01\/coffee.mp4\">https:\/\/origon-eu.com\/wp-content\/uploads\/2025\/01\/coffee.mp4<\/a><\/video><\/div>\n","protected":false},"excerpt":{"rendered":"<p class=\"p1\">Postavite\u00a0<strong>najbolj\u0161o kavarno na svetu<\/strong>\u00a0doma. Vedno boste imeli prostor za sedenje in ne bo vam treba \u010dakati na kavo. Ne glede na to, ali si \u017eelite <strong>dobrega espressa ali stepenega latte macchiata.<\/strong><\/p>\n<ul>\n<li><strong>Visokokakovostna italijanska \u010drpalka:<\/strong>\u00a0\u00a0tlak 20 barov<\/li>\n<li><strong>Enostavno upravljanje:<\/strong>\u00a0\u00a0s 4 gumbi<\/li>\n<li><strong>Hitro ogrevanje vode:<\/strong>\u00a0termoblok sistem<\/li>\n<li><strong>\u0160tevilo kav:<\/strong>\u00a0do 2 skodelici naenkrat<\/li>\n<li><strong>Parna \u0161oba:\u00a0<\/strong>\u00a0hitro spenite mleko<\/li>\n<li><strong>Prostornina:<\/strong>\u00a01,4 l<\/li>\n<li><strong>Samodejni izklop<\/strong><\/li>\n<li><strong>Popolnoma kovinski dizajn<\/strong><\/li>\n<\/ul>\n","protected":false},"featured_media":32446,"template":"","meta":[],"product_cat":[221,223],"product_tag":[],"class_list":{"0":"post-32642","1":"product","2":"type-product","3":"status-publish","4":"has-post-thumbnail","6":"product_cat-dom-in-kuhinja-si","7":"product_cat-elektornika-si","9":"first","10":"outofstock","11":"sale","12":"shipping-taxable","13":"purchasable","14":"product-type-simple"},"yoast_head":"<!-- This site is optimized with the Yoast SEO plugin v24.2 - https:\/\/yoast.com\/wordpress\/plugins\/seo\/ -->\n<title>Lever espresso coffee machine - Origon EU<\/title>\n<meta name=\"robots\" content=\"index, follow, max-snippet:-1, max-image-preview:large, max-video-preview:-1\" \/>\n<link rel=\"canonical\" href=\"https:\/\/origon-eu.com\/si\/product\/lever-espresso-coffee-machine\/\" \/>\n<meta property=\"og:locale\" content=\"sl_SI\" \/>\n<meta property=\"og:type\" content=\"article\" \/>\n<meta property=\"og:title\" content=\"Lever espresso coffee machine - Origon EU\" \/>\n<meta property=\"og:description\" content=\"Postavite\u00a0najbolj\u0161o kavarno na svetu\u00a0doma. Vedno boste imeli prostor za sedenje in ne bo vam treba \u010dakati na kavo. Ne glede na to, ali si \u017eelite dobrega espressa ali stepenega latte macchiata.    Visokokakovostna italijanska \u010drpalka:\u00a0\u00a0tlak 20 barov  Enostavno upravljanje:\u00a0\u00a0s 4 gumbi  Hitro ogrevanje vode:\u00a0termoblok sistem  \u0160tevilo kav:\u00a0do 2 skodelici naenkrat  Parna \u0161oba:\u00a0\u00a0hitro spenite mleko  Prostornina:\u00a01,4 l  Samodejni izklop  Popolnoma kovinski dizajn\" \/>\n<meta property=\"og:url\" content=\"https:\/\/origon-eu.com\/si\/product\/lever-espresso-coffee-machine\/\" \/>\n<meta property=\"og:site_name\" content=\"Origon EU\" \/>\n<meta property=\"article:modified_time\" content=\"2025-02-15T08:22:53+00:00\" \/>\n<meta property=\"og:image\" content=\"https:\/\/origon-eu.com\/wp-content\/uploads\/2025\/01\/kavovar.webp\" \/>\n\t<meta property=\"og:image:width\" content=\"790\" \/>\n\t<meta property=\"og:image:height\" content=\"530\" \/>\n\t<meta property=\"og:image:type\" content=\"image\/webp\" \/>\n<meta name=\"twitter:card\" content=\"summary_large_image\" \/>\n<meta name=\"twitter:label1\" content=\"Est. reading time\" \/>\n\t<meta name=\"twitter:data1\" content=\"2 minuti\" \/>\n<script type=\"application\/ld+json\" class=\"yoast-schema-graph\">{\"@context\":\"https:\/\/schema.org\",\"@graph\":[{\"@type\":\"WebPage\",\"@id\":\"https:\/\/origon-eu.com\/si\/product\/lever-espresso-coffee-machine\/\",\"url\":\"https:\/\/origon-eu.com\/si\/product\/lever-espresso-coffee-machine\/\",\"name\":\"Lever espresso coffee machine - Origon EU\",\"isPartOf\":{\"@id\":\"https:\/\/origon-eu.com\/#website\"},\"primaryImageOfPage\":{\"@id\":\"https:\/\/origon-eu.com\/si\/product\/lever-espresso-coffee-machine\/#primaryimage\"},\"image\":{\"@id\":\"https:\/\/origon-eu.com\/si\/product\/lever-espresso-coffee-machine\/#primaryimage\"},\"thumbnailUrl\":\"https:\/\/origon-eu.com\/wp-content\/uploads\/2025\/01\/kavovar.webp\",\"datePublished\":\"2025-01-08T14:41:50+00:00\",\"dateModified\":\"2025-02-15T08:22:53+00:00\",\"breadcrumb\":{\"@id\":\"https:\/\/origon-eu.com\/si\/product\/lever-espresso-coffee-machine\/#breadcrumb\"},\"inLanguage\":\"sl-SI\",\"potentialAction\":[{\"@type\":\"ReadAction\",\"target\":[\"https:\/\/origon-eu.com\/si\/product\/lever-espresso-coffee-machine\/\"]}]},{\"@type\":\"ImageObject\",\"inLanguage\":\"sl-SI\",\"@id\":\"https:\/\/origon-eu.com\/si\/product\/lever-espresso-coffee-machine\/#primaryimage\",\"url\":\"https:\/\/origon-eu.com\/wp-content\/uploads\/2025\/01\/kavovar.webp\",\"contentUrl\":\"https:\/\/origon-eu.com\/wp-content\/uploads\/2025\/01\/kavovar.webp\",\"width\":790,\"height\":530},{\"@type\":\"BreadcrumbList\",\"@id\":\"https:\/\/origon-eu.com\/si\/product\/lever-espresso-coffee-machine\/#breadcrumb\",\"itemListElement\":[{\"@type\":\"ListItem\",\"position\":1,\"name\":\"Home\",\"item\":\"https:\/\/origon-eu.com\/\"},{\"@type\":\"ListItem\",\"position\":2,\"name\":\"Shop\",\"item\":\"https:\/\/origon-eu.com\/si\/shop-2\/\"},{\"@type\":\"ListItem\",\"position\":3,\"name\":\"Lever espresso coffee machine\"}]},{\"@type\":\"WebSite\",\"@id\":\"https:\/\/origon-eu.com\/#website\",\"url\":\"https:\/\/origon-eu.com\/\",\"name\":\"Origon EU\",\"description\":\"Online Store\",\"publisher\":{\"@id\":\"https:\/\/origon-eu.com\/#organization\"},\"potentialAction\":[{\"@type\":\"SearchAction\",\"target\":{\"@type\":\"EntryPoint\",\"urlTemplate\":\"https:\/\/origon-eu.com\/?s={search_term_string}\"},\"query-input\":{\"@type\":\"PropertyValueSpecification\",\"valueRequired\":true,\"valueName\":\"search_term_string\"}}],\"inLanguage\":\"sl-SI\"},{\"@type\":\"Organization\",\"@id\":\"https:\/\/origon-eu.com\/#organization\",\"name\":\"Origon EU\",\"url\":\"https:\/\/origon-eu.com\/\",\"logo\":{\"@type\":\"ImageObject\",\"inLanguage\":\"sl-SI\",\"@id\":\"https:\/\/origon-eu.com\/#\/schema\/logo\/image\/\",\"url\":\"https:\/\/origon-eu.com\/wp-content\/uploads\/2024\/04\/Screenshot-2024-04-09-101814.png\",\"contentUrl\":\"https:\/\/origon-eu.com\/wp-content\/uploads\/2024\/04\/Screenshot-2024-04-09-101814.png\",\"width\":171,\"height\":59,\"caption\":\"Origon EU\"},\"image\":{\"@id\":\"https:\/\/origon-eu.com\/#\/schema\/logo\/image\/\"}}]}<\/script>\n<!-- \/ Yoast SEO plugin. -->","yoast_head_json":{"title":"Lever espresso coffee machine - Origon EU","robots":{"index":"index","follow":"follow","max-snippet":"max-snippet:-1","max-image-preview":"max-image-preview:large","max-video-preview":"max-video-preview:-1"},"canonical":"https:\/\/origon-eu.com\/si\/product\/lever-espresso-coffee-machine\/","og_locale":"sl_SI","og_type":"article","og_title":"Lever espresso coffee machine - Origon EU","og_description":"Postavite\u00a0najbolj\u0161o kavarno na svetu\u00a0doma. Vedno boste imeli prostor za sedenje in ne bo vam treba \u010dakati na kavo. Ne glede na to, ali si \u017eelite dobrega espressa ali stepenega latte macchiata.    Visokokakovostna italijanska \u010drpalka:\u00a0\u00a0tlak 20 barov  Enostavno upravljanje:\u00a0\u00a0s 4 gumbi  Hitro ogrevanje vode:\u00a0termoblok sistem  \u0160tevilo kav:\u00a0do 2 skodelici naenkrat  Parna \u0161oba:\u00a0\u00a0hitro spenite mleko  Prostornina:\u00a01,4 l  Samodejni izklop  Popolnoma kovinski dizajn","og_url":"https:\/\/origon-eu.com\/si\/product\/lever-espresso-coffee-machine\/","og_site_name":"Origon EU","article_modified_time":"2025-02-15T08:22:53+00:00","og_image":[{"width":790,"height":530,"url":"https:\/\/origon-eu.com\/wp-content\/uploads\/2025\/01\/kavovar.webp","type":"image\/webp"}],"twitter_card":"summary_large_image","twitter_misc":{"Est. reading time":"2 minuti"},"schema":{"@context":"https:\/\/schema.org","@graph":[{"@type":"WebPage","@id":"https:\/\/origon-eu.com\/si\/product\/lever-espresso-coffee-machine\/","url":"https:\/\/origon-eu.com\/si\/product\/lever-espresso-coffee-machine\/","name":"Lever espresso coffee machine - Origon EU","isPartOf":{"@id":"https:\/\/origon-eu.com\/#website"},"primaryImageOfPage":{"@id":"https:\/\/origon-eu.com\/si\/product\/lever-espresso-coffee-machine\/#primaryimage"},"image":{"@id":"https:\/\/origon-eu.com\/si\/product\/lever-espresso-coffee-machine\/#primaryimage"},"thumbnailUrl":"https:\/\/origon-eu.com\/wp-content\/uploads\/2025\/01\/kavovar.webp","datePublished":"2025-01-08T14:41:50+00:00","dateModified":"2025-02-15T08:22:53+00:00","breadcrumb":{"@id":"https:\/\/origon-eu.com\/si\/product\/lever-espresso-coffee-machine\/#breadcrumb"},"inLanguage":"sl-SI","potentialAction":[{"@type":"ReadAction","target":["https:\/\/origon-eu.com\/si\/product\/lever-espresso-coffee-machine\/"]}]},{"@type":"ImageObject","inLanguage":"sl-SI","@id":"https:\/\/origon-eu.com\/si\/product\/lever-espresso-coffee-machine\/#primaryimage","url":"https:\/\/origon-eu.com\/wp-content\/uploads\/2025\/01\/kavovar.webp","contentUrl":"https:\/\/origon-eu.com\/wp-content\/uploads\/2025\/01\/kavovar.webp","width":790,"height":530},{"@type":"BreadcrumbList","@id":"https:\/\/origon-eu.com\/si\/product\/lever-espresso-coffee-machine\/#breadcrumb","itemListElement":[{"@type":"ListItem","position":1,"name":"Home","item":"https:\/\/origon-eu.com\/"},{"@type":"ListItem","position":2,"name":"Shop","item":"https:\/\/origon-eu.com\/si\/shop-2\/"},{"@type":"ListItem","position":3,"name":"Lever espresso coffee machine"}]},{"@type":"WebSite","@id":"https:\/\/origon-eu.com\/#website","url":"https:\/\/origon-eu.com\/","name":"Origon EU","description":"Online Store","publisher":{"@id":"https:\/\/origon-eu.com\/#organization"},"potentialAction":[{"@type":"SearchAction","target":{"@type":"EntryPoint","urlTemplate":"https:\/\/origon-eu.com\/?s={search_term_string}"},"query-input":{"@type":"PropertyValueSpecification","valueRequired":true,"valueName":"search_term_string"}}],"inLanguage":"sl-SI"},{"@type":"Organization","@id":"https:\/\/origon-eu.com\/#organization","name":"Origon EU","url":"https:\/\/origon-eu.com\/","logo":{"@type":"ImageObject","inLanguage":"sl-SI","@id":"https:\/\/origon-eu.com\/#\/schema\/logo\/image\/","url":"https:\/\/origon-eu.com\/wp-content\/uploads\/2024\/04\/Screenshot-2024-04-09-101814.png","contentUrl":"https:\/\/origon-eu.com\/wp-content\/uploads\/2024\/04\/Screenshot-2024-04-09-101814.png","width":171,"height":59,"caption":"Origon EU"},"image":{"@id":"https:\/\/origon-eu.com\/#\/schema\/logo\/image\/"}}]}},"tiered_pricing_type":"fixed","tiered_pricing_fixed_rules":[],"tiered_pricing_percentage_rules":[],"tiered_pricing_minimum":1,"tiered_pricing_roles_data":[],"_links":{"self":[{"href":"https:\/\/origon-eu.com\/si\/wp-json\/wp\/v2\/product\/32642","targetHints":{"allow":["GET"]}}],"collection":[{"href":"https:\/\/origon-eu.com\/si\/wp-json\/wp\/v2\/product"}],"about":[{"href":"https:\/\/origon-eu.com\/si\/wp-json\/wp\/v2\/types\/product"}],"version-history":[{"count":2,"href":"https:\/\/origon-eu.com\/si\/wp-json\/wp\/v2\/product\/32642\/revisions"}],"predecessor-version":[{"id":32645,"href":"https:\/\/origon-eu.com\/si\/wp-json\/wp\/v2\/product\/32642\/revisions\/32645"}],"wp:featuredmedia":[{"embeddable":true,"href":"https:\/\/origon-eu.com\/si\/wp-json\/wp\/v2\/media\/32446"}],"wp:attachment":[{"href":"https:\/\/origon-eu.com\/si\/wp-json\/wp\/v2\/media?parent=32642"}],"wp:term":[{"taxonomy":"product_cat","embeddable":true,"href":"https:\/\/origon-eu.com\/si\/wp-json\/wp\/v2\/product_cat?post=32642"},{"taxonomy":"product_tag","embeddable":true,"href":"https:\/\/origon-eu.com\/si\/wp-json\/wp\/v2\/product_tag?post=32642"}],"curies":[{"name":"wp","href":"https:\/\/api.w.org\/{rel}","templated":true}]}}