{"id":28852,"date":"2024-10-29T12:02:06","date_gmt":"2024-10-29T10:02:06","guid":{"rendered":"https:\/\/origon-eu.com\/?post_type=product&#038;p=28852"},"modified":"2025-01-09T14:45:11","modified_gmt":"2025-01-09T12:45:11","slug":"magic-nail-fungus-removal-spray","status":"publish","type":"product","link":"https:\/\/origon-eu.com\/si\/product\/magic-nail-fungus-removal-spray\/","title":{"rendered":"\u010carobno pr\u0161ilo za odstranjevanje glivic na nohtih"},"content":{"rendered":"<p>1\u3001\u3010Varnost sestavin\u3011Naravne sestavine krepijo lomljive nohte, popravljajo razbarvane in po\u0161kodovane nohte ter pospe\u0161ujejo zdravo rast nohtov. Nail Repair Essence je varen in ne\u017een.<br \/>\n2\u3001\u3010Enostaven za popravilo\u3011Va\u0161im nohtom daje naraven sijaj in jih pomaga zgladiti. Obdobje okrevanja je odvisno od rasti in po\u0161kodbe nohta, zato lahko traja razli\u010dno dolgo.<br \/>\n3\u3001\u3010Mo\u010dni nohti\u3011Izbolj\u0161a nohtno tkivo, zdravo tkivo naredi va\u0161e nohte mo\u010dnej\u0161e in manj nagnjene k lomljenju. Natural Toenail Repair Essence pomaga zmanj\u0161ati razbarvanje, popraviti deformirane oblike in normalizirati debelino.<br \/>\n4\u3001\u3010Ve\u010dnamensko\u3011Izjemno mo\u010dno popravilo nohtov na nogah je primerno za kr\u010denje, neravne povr\u0161ine, razslojevanje, odebelitev in porumenelost, odstranjevanje nohtov, motno razbarvanje, te\u017eave z nohti itd.<br \/>\n5\u3001\u3010Kako uporabljati\u3011Dvakrat na dan podnevi in \u200b\u200bpono\u010di. Po vsakih 2-3 dneh uporabe nalakirajte povr\u0161ine nohtov in nadaljujte z uporabo. Esenca za nohte na prstih in prstih je enostavna za uporabo.<br \/>\nOpis:<br \/>\nNaravne sestavine krepijo lomljive nohte, obnavljajo obarvane in po\u0161kodovane nohte ter pospe\u0161ujejo zdravo rast nohtov. Nail Repair Essence je varen in ne\u017een. Zaradi zdravega tkiva so va\u0161i nohti mo\u010dnej\u0161i in manj nagnjeni k lomljenju. Natural Toenail Repair Essence pomaga rasti mo\u010dne nohte, zmanj\u0161a razbarvanje, popravi deformirano obliko itd.<br \/>\nDvakrat na dan, enkrat zjutraj, enkrat zve\u010der. Po vsakih 2-3 dneh uporabe nalakirajte povr\u0161ine nohtov in nadaljujte z uporabo.<\/p>\n<p><a href=\"https:\/\/origon-eu.com\/wp-content\/uploads\/2024\/10\/S98765ea6afd04e73a31089d99c3756e7H.avif\"><img fetchpriority=\"high\" decoding=\"async\" class=\"alignnone size-full wp-image-32710\" src=\"https:\/\/origon-eu.com\/wp-content\/uploads\/2024\/10\/S98765ea6afd04e73a31089d99c3756e7H.avif\" alt=\"\" width=\"1000\" height=\"1000\" \/><\/a> <a href=\"https:\/\/origon-eu.com\/wp-content\/uploads\/2024\/10\/Sa8a2b52d780b49959a440f8fa6d491c2W.avif\"><img decoding=\"async\" class=\"alignnone size-full wp-image-32721\" src=\"https:\/\/origon-eu.com\/wp-content\/uploads\/2024\/10\/Sa8a2b52d780b49959a440f8fa6d491c2W.avif\" alt=\"\" width=\"1000\" height=\"1000\" \/><\/a> <a href=\"https:\/\/origon-eu.com\/wp-content\/uploads\/2024\/10\/Sf265ad80b692425a8ad98922eac3107co.avif\"><img decoding=\"async\" class=\"alignnone size-full wp-image-32731\" src=\"https:\/\/origon-eu.com\/wp-content\/uploads\/2024\/10\/Sf265ad80b692425a8ad98922eac3107co.avif\" alt=\"\" width=\"1000\" height=\"1000\" \/><\/a> <a href=\"https:\/\/origon-eu.com\/wp-content\/uploads\/2024\/10\/S9ae0e23410d54186aa72dbcc067830faD.avif\"><img loading=\"lazy\" decoding=\"async\" class=\"alignnone size-full wp-image-32741\" src=\"https:\/\/origon-eu.com\/wp-content\/uploads\/2024\/10\/S9ae0e23410d54186aa72dbcc067830faD.avif\" alt=\"\" width=\"1000\" height=\"1000\" \/><\/a> <a href=\"https:\/\/origon-eu.com\/wp-content\/uploads\/2024\/10\/S83cd5546cc4c4eb8a3900ecd72b5f99c4.avif\"><img loading=\"lazy\" decoding=\"async\" class=\"alignnone size-full wp-image-32751\" src=\"https:\/\/origon-eu.com\/wp-content\/uploads\/2024\/10\/S83cd5546cc4c4eb8a3900ecd72b5f99c4.avif\" alt=\"\" width=\"1000\" height=\"1000\" \/><\/a> <a href=\"https:\/\/origon-eu.com\/wp-content\/uploads\/2024\/10\/S42d34c19bc544f568bbe2a0ab7b9f85b0.avif\"><img loading=\"lazy\" decoding=\"async\" class=\"alignnone size-full wp-image-32761\" src=\"https:\/\/origon-eu.com\/wp-content\/uploads\/2024\/10\/S42d34c19bc544f568bbe2a0ab7b9f85b0.avif\" alt=\"\" width=\"1000\" height=\"1000\" \/><\/a> <a href=\"https:\/\/origon-eu.com\/wp-content\/uploads\/2024\/10\/Sa602da4a567b480e891d9a10004e8e5ew.avif\"><img loading=\"lazy\" decoding=\"async\" class=\"alignnone size-full wp-image-32771\" src=\"https:\/\/origon-eu.com\/wp-content\/uploads\/2024\/10\/Sa602da4a567b480e891d9a10004e8e5ew.avif\" alt=\"\" width=\"1000\" height=\"1000\" \/><\/a> <a href=\"https:\/\/origon-eu.com\/wp-content\/uploads\/2024\/10\/S9cede87958e245b7ba420c8969e77493u.avif\"><img loading=\"lazy\" decoding=\"async\" class=\"alignnone size-full wp-image-32781\" src=\"https:\/\/origon-eu.com\/wp-content\/uploads\/2024\/10\/S9cede87958e245b7ba420c8969e77493u.avif\" alt=\"\" width=\"1000\" height=\"1000\" \/><\/a> <a href=\"https:\/\/origon-eu.com\/wp-content\/uploads\/2024\/10\/S7ec07d42016c45928dc27f9673a65fa0O.avif\"><img loading=\"lazy\" decoding=\"async\" class=\"alignnone size-full wp-image-32791\" src=\"https:\/\/origon-eu.com\/wp-content\/uploads\/2024\/10\/S7ec07d42016c45928dc27f9673a65fa0O.avif\" alt=\"\" width=\"1000\" height=\"1000\" \/><\/a><\/p>\n","protected":false},"excerpt":{"rendered":"<ul>\n<li>Vidni rezultati po 7 dneh uporabe<\/li>\n<li>Zmanj\u0161a in upo\u010dasni izpadanje las<\/li>\n<li>Pove\u010da gostoto las<\/li>\n<li>Spodbuja rast novih las<\/li>\n<li>Spodbuja regeneracijo korenin in gostoto las<\/li>\n<li>Za mo\u0161ke in \u017eenske<\/li>\n<\/ul>\n","protected":false},"featured_media":28873,"template":"","meta":[],"product_cat":[269],"product_tag":[],"class_list":{"0":"post-28852","1":"product","2":"type-product","3":"status-publish","4":"has-post-thumbnail","6":"product_cat-lepota-in-osebna-nega","8":"first","9":"instock","10":"sale","11":"shipping-taxable","12":"purchasable","13":"product-type-simple"},"yoast_head":"<!-- This site is optimized with the Yoast SEO plugin v24.2 - https:\/\/yoast.com\/wordpress\/plugins\/seo\/ -->\n<title>\u010carobno pr\u0161ilo za odstranjevanje glivic na nohtih - Origon EU<\/title>\n<meta name=\"robots\" content=\"index, follow, max-snippet:-1, max-image-preview:large, max-video-preview:-1\" \/>\n<link rel=\"canonical\" href=\"https:\/\/origon-eu.com\/si\/product\/magic-nail-fungus-removal-spray\/\" \/>\n<meta property=\"og:locale\" content=\"sl_SI\" \/>\n<meta property=\"og:type\" content=\"article\" \/>\n<meta property=\"og:title\" content=\"\u010carobno pr\u0161ilo za odstranjevanje glivic na nohtih - Origon EU\" \/>\n<meta property=\"og:description\" content=\"Vidni rezultati po 7 dneh uporabe  Zmanj\u0161a in upo\u010dasni izpadanje las  Pove\u010da gostoto las  Spodbuja rast novih las  Spodbuja regeneracijo korenin in gostoto las  Za mo\u0161ke in \u017eenske\" \/>\n<meta property=\"og:url\" content=\"https:\/\/origon-eu.com\/si\/product\/magic-nail-fungus-removal-spray\/\" \/>\n<meta property=\"og:site_name\" content=\"Origon EU\" \/>\n<meta property=\"article:modified_time\" content=\"2025-01-09T12:45:11+00:00\" \/>\n<meta property=\"og:image\" content=\"https:\/\/origon-eu.com\/wp-content\/uploads\/2024\/10\/posledna.webp\" \/>\n\t<meta property=\"og:image:width\" content=\"1000\" \/>\n\t<meta property=\"og:image:height\" content=\"1000\" \/>\n\t<meta property=\"og:image:type\" content=\"image\/webp\" \/>\n<meta name=\"twitter:card\" content=\"summary_large_image\" \/>\n<meta name=\"twitter:label1\" content=\"Est. reading time\" \/>\n\t<meta name=\"twitter:data1\" content=\"3 minute\" \/>\n<script type=\"application\/ld+json\" class=\"yoast-schema-graph\">{\"@context\":\"https:\/\/schema.org\",\"@graph\":[{\"@type\":\"WebPage\",\"@id\":\"https:\/\/origon-eu.com\/si\/product\/magic-nail-fungus-removal-spray\/\",\"url\":\"https:\/\/origon-eu.com\/si\/product\/magic-nail-fungus-removal-spray\/\",\"name\":\"\u010carobno pr\u0161ilo za odstranjevanje glivic na nohtih - Origon EU\",\"isPartOf\":{\"@id\":\"https:\/\/origon-eu.com\/#website\"},\"primaryImageOfPage\":{\"@id\":\"https:\/\/origon-eu.com\/si\/product\/magic-nail-fungus-removal-spray\/#primaryimage\"},\"image\":{\"@id\":\"https:\/\/origon-eu.com\/si\/product\/magic-nail-fungus-removal-spray\/#primaryimage\"},\"thumbnailUrl\":\"https:\/\/origon-eu.com\/wp-content\/uploads\/2024\/10\/posledna.webp\",\"datePublished\":\"2024-10-29T10:02:06+00:00\",\"dateModified\":\"2025-01-09T12:45:11+00:00\",\"breadcrumb\":{\"@id\":\"https:\/\/origon-eu.com\/si\/product\/magic-nail-fungus-removal-spray\/#breadcrumb\"},\"inLanguage\":\"sl-SI\",\"potentialAction\":[{\"@type\":\"ReadAction\",\"target\":[\"https:\/\/origon-eu.com\/si\/product\/magic-nail-fungus-removal-spray\/\"]}]},{\"@type\":\"ImageObject\",\"inLanguage\":\"sl-SI\",\"@id\":\"https:\/\/origon-eu.com\/si\/product\/magic-nail-fungus-removal-spray\/#primaryimage\",\"url\":\"https:\/\/origon-eu.com\/wp-content\/uploads\/2024\/10\/posledna.webp\",\"contentUrl\":\"https:\/\/origon-eu.com\/wp-content\/uploads\/2024\/10\/posledna.webp\",\"width\":1000,\"height\":1000},{\"@type\":\"BreadcrumbList\",\"@id\":\"https:\/\/origon-eu.com\/si\/product\/magic-nail-fungus-removal-spray\/#breadcrumb\",\"itemListElement\":[{\"@type\":\"ListItem\",\"position\":1,\"name\":\"Home\",\"item\":\"https:\/\/origon-eu.com\/\"},{\"@type\":\"ListItem\",\"position\":2,\"name\":\"Shop\",\"item\":\"https:\/\/origon-eu.com\/si\/shop-2\/\"},{\"@type\":\"ListItem\",\"position\":3,\"name\":\"\u010carobno pr\u0161ilo za odstranjevanje glivic na nohtih\"}]},{\"@type\":\"WebSite\",\"@id\":\"https:\/\/origon-eu.com\/#website\",\"url\":\"https:\/\/origon-eu.com\/\",\"name\":\"Origon EU\",\"description\":\"Online Store\",\"publisher\":{\"@id\":\"https:\/\/origon-eu.com\/#organization\"},\"potentialAction\":[{\"@type\":\"SearchAction\",\"target\":{\"@type\":\"EntryPoint\",\"urlTemplate\":\"https:\/\/origon-eu.com\/?s={search_term_string}\"},\"query-input\":{\"@type\":\"PropertyValueSpecification\",\"valueRequired\":true,\"valueName\":\"search_term_string\"}}],\"inLanguage\":\"sl-SI\"},{\"@type\":\"Organization\",\"@id\":\"https:\/\/origon-eu.com\/#organization\",\"name\":\"Origon EU\",\"url\":\"https:\/\/origon-eu.com\/\",\"logo\":{\"@type\":\"ImageObject\",\"inLanguage\":\"sl-SI\",\"@id\":\"https:\/\/origon-eu.com\/#\/schema\/logo\/image\/\",\"url\":\"https:\/\/origon-eu.com\/wp-content\/uploads\/2024\/04\/Screenshot-2024-04-09-101814.png\",\"contentUrl\":\"https:\/\/origon-eu.com\/wp-content\/uploads\/2024\/04\/Screenshot-2024-04-09-101814.png\",\"width\":171,\"height\":59,\"caption\":\"Origon EU\"},\"image\":{\"@id\":\"https:\/\/origon-eu.com\/#\/schema\/logo\/image\/\"}}]}<\/script>\n<!-- \/ Yoast SEO plugin. -->","yoast_head_json":{"title":"\u010carobno pr\u0161ilo za odstranjevanje glivic na nohtih - Origon EU","robots":{"index":"index","follow":"follow","max-snippet":"max-snippet:-1","max-image-preview":"max-image-preview:large","max-video-preview":"max-video-preview:-1"},"canonical":"https:\/\/origon-eu.com\/si\/product\/magic-nail-fungus-removal-spray\/","og_locale":"sl_SI","og_type":"article","og_title":"\u010carobno pr\u0161ilo za odstranjevanje glivic na nohtih - Origon EU","og_description":"Vidni rezultati po 7 dneh uporabe  Zmanj\u0161a in upo\u010dasni izpadanje las  Pove\u010da gostoto las  Spodbuja rast novih las  Spodbuja regeneracijo korenin in gostoto las  Za mo\u0161ke in \u017eenske","og_url":"https:\/\/origon-eu.com\/si\/product\/magic-nail-fungus-removal-spray\/","og_site_name":"Origon EU","article_modified_time":"2025-01-09T12:45:11+00:00","og_image":[{"width":1000,"height":1000,"url":"https:\/\/origon-eu.com\/wp-content\/uploads\/2024\/10\/posledna.webp","type":"image\/webp"}],"twitter_card":"summary_large_image","twitter_misc":{"Est. reading time":"3 minute"},"schema":{"@context":"https:\/\/schema.org","@graph":[{"@type":"WebPage","@id":"https:\/\/origon-eu.com\/si\/product\/magic-nail-fungus-removal-spray\/","url":"https:\/\/origon-eu.com\/si\/product\/magic-nail-fungus-removal-spray\/","name":"\u010carobno pr\u0161ilo za odstranjevanje glivic na nohtih - Origon EU","isPartOf":{"@id":"https:\/\/origon-eu.com\/#website"},"primaryImageOfPage":{"@id":"https:\/\/origon-eu.com\/si\/product\/magic-nail-fungus-removal-spray\/#primaryimage"},"image":{"@id":"https:\/\/origon-eu.com\/si\/product\/magic-nail-fungus-removal-spray\/#primaryimage"},"thumbnailUrl":"https:\/\/origon-eu.com\/wp-content\/uploads\/2024\/10\/posledna.webp","datePublished":"2024-10-29T10:02:06+00:00","dateModified":"2025-01-09T12:45:11+00:00","breadcrumb":{"@id":"https:\/\/origon-eu.com\/si\/product\/magic-nail-fungus-removal-spray\/#breadcrumb"},"inLanguage":"sl-SI","potentialAction":[{"@type":"ReadAction","target":["https:\/\/origon-eu.com\/si\/product\/magic-nail-fungus-removal-spray\/"]}]},{"@type":"ImageObject","inLanguage":"sl-SI","@id":"https:\/\/origon-eu.com\/si\/product\/magic-nail-fungus-removal-spray\/#primaryimage","url":"https:\/\/origon-eu.com\/wp-content\/uploads\/2024\/10\/posledna.webp","contentUrl":"https:\/\/origon-eu.com\/wp-content\/uploads\/2024\/10\/posledna.webp","width":1000,"height":1000},{"@type":"BreadcrumbList","@id":"https:\/\/origon-eu.com\/si\/product\/magic-nail-fungus-removal-spray\/#breadcrumb","itemListElement":[{"@type":"ListItem","position":1,"name":"Home","item":"https:\/\/origon-eu.com\/"},{"@type":"ListItem","position":2,"name":"Shop","item":"https:\/\/origon-eu.com\/si\/shop-2\/"},{"@type":"ListItem","position":3,"name":"\u010carobno pr\u0161ilo za odstranjevanje glivic na nohtih"}]},{"@type":"WebSite","@id":"https:\/\/origon-eu.com\/#website","url":"https:\/\/origon-eu.com\/","name":"Origon EU","description":"Online Store","publisher":{"@id":"https:\/\/origon-eu.com\/#organization"},"potentialAction":[{"@type":"SearchAction","target":{"@type":"EntryPoint","urlTemplate":"https:\/\/origon-eu.com\/?s={search_term_string}"},"query-input":{"@type":"PropertyValueSpecification","valueRequired":true,"valueName":"search_term_string"}}],"inLanguage":"sl-SI"},{"@type":"Organization","@id":"https:\/\/origon-eu.com\/#organization","name":"Origon EU","url":"https:\/\/origon-eu.com\/","logo":{"@type":"ImageObject","inLanguage":"sl-SI","@id":"https:\/\/origon-eu.com\/#\/schema\/logo\/image\/","url":"https:\/\/origon-eu.com\/wp-content\/uploads\/2024\/04\/Screenshot-2024-04-09-101814.png","contentUrl":"https:\/\/origon-eu.com\/wp-content\/uploads\/2024\/04\/Screenshot-2024-04-09-101814.png","width":171,"height":59,"caption":"Origon EU"},"image":{"@id":"https:\/\/origon-eu.com\/#\/schema\/logo\/image\/"}}]}},"tiered_pricing_type":"fixed","tiered_pricing_fixed_rules":{"2":"17.99","3":"16.99","4":"15.99"},"tiered_pricing_percentage_rules":[],"tiered_pricing_minimum":1,"tiered_pricing_roles_data":[],"_links":{"self":[{"href":"https:\/\/origon-eu.com\/si\/wp-json\/wp\/v2\/product\/28852","targetHints":{"allow":["GET"]}}],"collection":[{"href":"https:\/\/origon-eu.com\/si\/wp-json\/wp\/v2\/product"}],"about":[{"href":"https:\/\/origon-eu.com\/si\/wp-json\/wp\/v2\/types\/product"}],"version-history":[{"count":4,"href":"https:\/\/origon-eu.com\/si\/wp-json\/wp\/v2\/product\/28852\/revisions"}],"predecessor-version":[{"id":32810,"href":"https:\/\/origon-eu.com\/si\/wp-json\/wp\/v2\/product\/28852\/revisions\/32810"}],"wp:featuredmedia":[{"embeddable":true,"href":"https:\/\/origon-eu.com\/si\/wp-json\/wp\/v2\/media\/28873"}],"wp:attachment":[{"href":"https:\/\/origon-eu.com\/si\/wp-json\/wp\/v2\/media?parent=28852"}],"wp:term":[{"taxonomy":"product_cat","embeddable":true,"href":"https:\/\/origon-eu.com\/si\/wp-json\/wp\/v2\/product_cat?post=28852"},{"taxonomy":"product_tag","embeddable":true,"href":"https:\/\/origon-eu.com\/si\/wp-json\/wp\/v2\/product_tag?post=28852"}],"curies":[{"name":"wp","href":"https:\/\/api.w.org\/{rel}","templated":true}]}}