{"id":23868,"date":"2024-03-15T09:26:43","date_gmt":"2024-03-15T09:26:43","guid":{"rendered":"https:\/\/origon-eu.com\/privacy-policy\/"},"modified":"2024-04-29T17:48:50","modified_gmt":"2024-04-29T15:48:50","slug":"privacy-policy","status":"publish","type":"page","link":"https:\/\/origon-eu.com\/si\/privacy-policy\/","title":{"rendered":"Pogoji storitev"},"content":{"rendered":"\t\t<div data-elementor-type=\"wp-page\" data-elementor-id=\"23868\" class=\"elementor elementor-23868\" data-elementor-post-type=\"page\">\n\t\t\t\t<div class=\"elementor-element elementor-element-7e921295 e-flex e-con-boxed e-con e-parent\" data-id=\"7e921295\" data-element_type=\"container\">\n\t\t\t\t\t<div class=\"e-con-inner\">\n\t\t\t\t<div class=\"elementor-element elementor-element-1d404fe2 color-scheme-inherit text-left elementor-widget elementor-widget-text-editor\" data-id=\"1d404fe2\" data-element_type=\"widget\" data-widget_type=\"text-editor.default\">\n\t\t\t\t<div class=\"elementor-widget-container\">\n\t\t\t\t\t\t\t\t\t<p>Pogoji storitev<\/p><p>Ti pogoji veljajo za nakupe, opravljene v spletni trgovini origon-eu.com. Pogoji in dolo\u010dbe dodatno dolo\u010dajo pravice in obveznosti prodajalca (v nadaljevanju operater) in kupca.<\/p><p>\u00a0<\/p><p>Naro\u010dilo in sklenitev pogodbe o prodaji Vsa naro\u010dila, poslana prek spletne trgovine origon-eu.com, so zavezujo\u010da. Z naro\u010dilom kupec potrjuje, da je prebral in se strinja s temi pogoji in dolo\u010dbami ter postopkom preklica. Naro\u010dilnica je osnutek pogodbe o nabavi. Pogodba o prodaji za nakup v spletni trgovini se sklene ob oddaji naro\u010dila. Operater mora dostaviti izdelek, ki ga je kupec naro\u010dil. Edina izjema je prodaja blaga. Za veljavnost elektronskega naro\u010dila je treba izpolniti vsa navedena obvestila in zahteve v obrazcu.<\/p><p>\u00a0<\/p><p>Imamo 14-dnevno politiko vra\u010dila denarja, kar pomeni, da lahko zahtevate vra\u010dilo denarja v roku 14 dni od naro\u010dila.<\/p><p>\u00a0<\/p><p>Naslov dostave blaga je naslov dostave, ki ga je kupec navedel v obrazcu za naro\u010dilo.<\/p><p>\u00a0<\/p><p>Lastni\u0161tvo nad blagom preide na kupca kot pogoj za pla\u010dilo kupoprodajne cene in naknadni odkup.<\/p><p>\u00a0<\/p><p>Prito\u017ebe in zamenjave<\/p><p>\u00a0<\/p><p>Vse prito\u017ebe se bodo re\u0161evale v skladu s postopkom re\u0161evanja prito\u017eb spletne trgovine origon-eu.com<\/p><p>\u00a0<\/p><p>Postopek vlo\u017eitve prito\u017ebe o blagu je podrobno opisan v postopku vlo\u017eitve prito\u017eb, vendar ga je mogo\u010de povzeti na naslednji na\u010din:<\/p><p>\u00a0<\/p><p>Takoj nas obvestite o svoji prito\u017ebi po elektronski po\u0161ti ali pisno ter nas obvestite o va\u0161em predlaganem re\u0161evanju. (zamenjava, popravilo, popust, vra\u010dilo &#8211; razveljavitev pogodbe) Vrnite blago skupaj z dokazilom o nakupu kot prijavljeno po\u0161iljko (brez vra\u010dila denarja) na na\u0161 naslov. V po\u0161iljki ali po elektronski po\u0161ti navedite razlog prito\u017ebe in svoj predlog. za popravilo blaga (zamenjava, popravilo, popust, vra\u010dilo &#8211; razveljavitev pogodbe) Rok za re\u0161evanje va\u0161e prito\u017ebe je 14 dni Po\u0161tnino pla\u010da kupec, \u010de pride do zakonitega razveze ali odstopa od pogodbe v dolo\u010denem zakonskem roku in pod pogoji, dolo\u010denimi z zakonom.<\/p>\t\t\t\t\t\t\t\t<\/div>\n\t\t\t\t<\/div>\n\t\t\t\t\t<\/div>\n\t\t\t\t<\/div>\n\t\t\t\t<\/div>\n\t\t","protected":false},"excerpt":{"rendered":"<p>Pogoji storitev Ti pogoji veljajo za nakupe, opravljene v spletni trgovini origon-eu.com. Pogoji in dolo\u010dbe dodatno dolo\u010dajo pravice in obveznosti<\/p>\n","protected":false},"author":1,"featured_media":0,"parent":0,"menu_order":0,"comment_status":"closed","ping_status":"open","template":"","meta":{"footnotes":""},"class_list":["post-23868","page","type-page","status-publish","hentry"],"yoast_head":"<!-- This site is optimized with the Yoast SEO plugin v24.2 - https:\/\/yoast.com\/wordpress\/plugins\/seo\/ -->\n<title>Pogoji storitev - Origon EU<\/title>\n<meta name=\"robots\" content=\"index, follow, max-snippet:-1, max-image-preview:large, max-video-preview:-1\" \/>\n<link rel=\"canonical\" href=\"https:\/\/origon-eu.com\/si\/privacy-policy\/\" \/>\n<meta property=\"og:locale\" content=\"sl_SI\" \/>\n<meta property=\"og:type\" content=\"article\" \/>\n<meta property=\"og:title\" content=\"Pogoji storitev - Origon EU\" \/>\n<meta property=\"og:description\" content=\"Pogoji storitev Ti pogoji veljajo za nakupe, opravljene v spletni trgovini origon-eu.com. Pogoji in dolo\u010dbe dodatno dolo\u010dajo pravice in obveznosti\" \/>\n<meta property=\"og:url\" content=\"https:\/\/origon-eu.com\/si\/privacy-policy\/\" \/>\n<meta property=\"og:site_name\" content=\"Origon EU\" \/>\n<meta property=\"article:modified_time\" content=\"2024-04-29T15:48:50+00:00\" \/>\n<meta name=\"twitter:card\" content=\"summary_large_image\" \/>\n<meta name=\"twitter:label1\" content=\"Est. reading time\" \/>\n\t<meta name=\"twitter:data1\" content=\"2 minuti\" \/>\n<script type=\"application\/ld+json\" class=\"yoast-schema-graph\">{\"@context\":\"https:\/\/schema.org\",\"@graph\":[{\"@type\":\"WebPage\",\"@id\":\"https:\/\/origon-eu.com\/si\/privacy-policy\/\",\"url\":\"https:\/\/origon-eu.com\/si\/privacy-policy\/\",\"name\":\"Pogoji storitev - Origon EU\",\"isPartOf\":{\"@id\":\"https:\/\/origon-eu.com\/#website\"},\"datePublished\":\"2024-03-15T09:26:43+00:00\",\"dateModified\":\"2024-04-29T15:48:50+00:00\",\"breadcrumb\":{\"@id\":\"https:\/\/origon-eu.com\/si\/privacy-policy\/#breadcrumb\"},\"inLanguage\":\"sl-SI\",\"potentialAction\":[{\"@type\":\"ReadAction\",\"target\":[\"https:\/\/origon-eu.com\/si\/privacy-policy\/\"]}]},{\"@type\":\"BreadcrumbList\",\"@id\":\"https:\/\/origon-eu.com\/si\/privacy-policy\/#breadcrumb\",\"itemListElement\":[{\"@type\":\"ListItem\",\"position\":1,\"name\":\"Home\",\"item\":\"https:\/\/origon-eu.com\/\"},{\"@type\":\"ListItem\",\"position\":2,\"name\":\"Pogoji storitev\"}]},{\"@type\":\"WebSite\",\"@id\":\"https:\/\/origon-eu.com\/#website\",\"url\":\"https:\/\/origon-eu.com\/\",\"name\":\"Origon EU\",\"description\":\"Online Store\",\"publisher\":{\"@id\":\"https:\/\/origon-eu.com\/#organization\"},\"potentialAction\":[{\"@type\":\"SearchAction\",\"target\":{\"@type\":\"EntryPoint\",\"urlTemplate\":\"https:\/\/origon-eu.com\/?s={search_term_string}\"},\"query-input\":{\"@type\":\"PropertyValueSpecification\",\"valueRequired\":true,\"valueName\":\"search_term_string\"}}],\"inLanguage\":\"sl-SI\"},{\"@type\":\"Organization\",\"@id\":\"https:\/\/origon-eu.com\/#organization\",\"name\":\"Origon EU\",\"url\":\"https:\/\/origon-eu.com\/\",\"logo\":{\"@type\":\"ImageObject\",\"inLanguage\":\"sl-SI\",\"@id\":\"https:\/\/origon-eu.com\/#\/schema\/logo\/image\/\",\"url\":\"https:\/\/origon-eu.com\/wp-content\/uploads\/2024\/04\/Screenshot-2024-04-09-101814.png\",\"contentUrl\":\"https:\/\/origon-eu.com\/wp-content\/uploads\/2024\/04\/Screenshot-2024-04-09-101814.png\",\"width\":171,\"height\":59,\"caption\":\"Origon EU\"},\"image\":{\"@id\":\"https:\/\/origon-eu.com\/#\/schema\/logo\/image\/\"}}]}<\/script>\n<!-- \/ Yoast SEO plugin. -->","yoast_head_json":{"title":"Pogoji storitev - Origon EU","robots":{"index":"index","follow":"follow","max-snippet":"max-snippet:-1","max-image-preview":"max-image-preview:large","max-video-preview":"max-video-preview:-1"},"canonical":"https:\/\/origon-eu.com\/si\/privacy-policy\/","og_locale":"sl_SI","og_type":"article","og_title":"Pogoji storitev - Origon EU","og_description":"Pogoji storitev Ti pogoji veljajo za nakupe, opravljene v spletni trgovini origon-eu.com. Pogoji in dolo\u010dbe dodatno dolo\u010dajo pravice in obveznosti","og_url":"https:\/\/origon-eu.com\/si\/privacy-policy\/","og_site_name":"Origon EU","article_modified_time":"2024-04-29T15:48:50+00:00","twitter_card":"summary_large_image","twitter_misc":{"Est. reading time":"2 minuti"},"schema":{"@context":"https:\/\/schema.org","@graph":[{"@type":"WebPage","@id":"https:\/\/origon-eu.com\/si\/privacy-policy\/","url":"https:\/\/origon-eu.com\/si\/privacy-policy\/","name":"Pogoji storitev - Origon EU","isPartOf":{"@id":"https:\/\/origon-eu.com\/#website"},"datePublished":"2024-03-15T09:26:43+00:00","dateModified":"2024-04-29T15:48:50+00:00","breadcrumb":{"@id":"https:\/\/origon-eu.com\/si\/privacy-policy\/#breadcrumb"},"inLanguage":"sl-SI","potentialAction":[{"@type":"ReadAction","target":["https:\/\/origon-eu.com\/si\/privacy-policy\/"]}]},{"@type":"BreadcrumbList","@id":"https:\/\/origon-eu.com\/si\/privacy-policy\/#breadcrumb","itemListElement":[{"@type":"ListItem","position":1,"name":"Home","item":"https:\/\/origon-eu.com\/"},{"@type":"ListItem","position":2,"name":"Pogoji storitev"}]},{"@type":"WebSite","@id":"https:\/\/origon-eu.com\/#website","url":"https:\/\/origon-eu.com\/","name":"Origon EU","description":"Online Store","publisher":{"@id":"https:\/\/origon-eu.com\/#organization"},"potentialAction":[{"@type":"SearchAction","target":{"@type":"EntryPoint","urlTemplate":"https:\/\/origon-eu.com\/?s={search_term_string}"},"query-input":{"@type":"PropertyValueSpecification","valueRequired":true,"valueName":"search_term_string"}}],"inLanguage":"sl-SI"},{"@type":"Organization","@id":"https:\/\/origon-eu.com\/#organization","name":"Origon EU","url":"https:\/\/origon-eu.com\/","logo":{"@type":"ImageObject","inLanguage":"sl-SI","@id":"https:\/\/origon-eu.com\/#\/schema\/logo\/image\/","url":"https:\/\/origon-eu.com\/wp-content\/uploads\/2024\/04\/Screenshot-2024-04-09-101814.png","contentUrl":"https:\/\/origon-eu.com\/wp-content\/uploads\/2024\/04\/Screenshot-2024-04-09-101814.png","width":171,"height":59,"caption":"Origon EU"},"image":{"@id":"https:\/\/origon-eu.com\/#\/schema\/logo\/image\/"}}]}},"_links":{"self":[{"href":"https:\/\/origon-eu.com\/si\/wp-json\/wp\/v2\/pages\/23868","targetHints":{"allow":["GET"]}}],"collection":[{"href":"https:\/\/origon-eu.com\/si\/wp-json\/wp\/v2\/pages"}],"about":[{"href":"https:\/\/origon-eu.com\/si\/wp-json\/wp\/v2\/types\/page"}],"author":[{"embeddable":true,"href":"https:\/\/origon-eu.com\/si\/wp-json\/wp\/v2\/users\/1"}],"replies":[{"embeddable":true,"href":"https:\/\/origon-eu.com\/si\/wp-json\/wp\/v2\/comments?post=23868"}],"version-history":[{"count":0,"href":"https:\/\/origon-eu.com\/si\/wp-json\/wp\/v2\/pages\/23868\/revisions"}],"wp:attachment":[{"href":"https:\/\/origon-eu.com\/si\/wp-json\/wp\/v2\/media?parent=23868"}],"curies":[{"name":"wp","href":"https:\/\/api.w.org\/{rel}","templated":true}]}}