{"id":23867,"date":"2024-04-05T07:46:50","date_gmt":"2024-04-05T07:46:50","guid":{"rendered":"https:\/\/origon-eu.com\/pravila-o-zastiti-privatnosti\/"},"modified":"2024-04-29T17:48:26","modified_gmt":"2024-04-29T15:48:26","slug":"pravila-o-zastiti-privatnosti","status":"publish","type":"page","link":"https:\/\/origon-eu.com\/si\/pravila-o-zastiti-privatnosti\/","title":{"rendered":"Pravilnik o zasebnosti"},"content":{"rendered":"\t\t<div data-elementor-type=\"wp-page\" data-elementor-id=\"23867\" class=\"elementor elementor-23867 elementor-14393\" data-elementor-post-type=\"page\">\n\t\t\t\t<div class=\"elementor-element elementor-element-694b288 e-flex e-con-boxed e-con e-parent\" data-id=\"694b288\" data-element_type=\"container\">\n\t\t\t\t\t<div class=\"e-con-inner\">\n\t\t\t\t<div class=\"elementor-element elementor-element-6d02187 color-scheme-inherit text-left elementor-widget elementor-widget-text-editor\" data-id=\"6d02187\" data-element_type=\"widget\" data-widget_type=\"text-editor.default\">\n\t\t\t\t<div class=\"elementor-widget-container\">\n\t\t\t\t\t\t\t\t\t<p>Pravilnik o zasebnosti<\/p><p>GDPR<\/p><p>\u00a0<\/p><p>Skrbnik spletne trgovine kot upravljavec osebnih podatkov obdeluje osebne podatke, ki jih uporabnik posreduje upravljavcu v skladu z veljavno zakonodajo. Vsi podatki, prejeti od obiskovalcev spletne strani (v nadaljevanju: osebni podatki), so osebni podatki, ki se varujejo v skladu z Zakonom \u0161t. 101\/2000 Coll. (Zakon o varstvu podatkov) in Splo\u0161no uredbo o varstvu podatkov (GDPR).<\/p><p>\u00a0<\/p><p>Uporabnik te spletne strani sogla\u0161a z obdelavo osebnih podatkov v skladu z zgoraj navedenimi zakoni in relevantnimi predpisi. Upravljavec obdelave se zavezuje, da ne bo posredoval osebnih podatkov tretjim osebam, razen subjektom, ki jih je upravljavec pooblastil na podlagi pogodbe o obdelavi. Uporabnik izrecno sogla\u0161a in obve\u0161\u010da upravljavca o obdelavi svojih osebnih podatkov v statisti\u010dne, analiti\u010dne in ogla\u0161evalske namene (glej uporabo pi\u0161kotkov). Upravljavec obdelave zbira dolo\u010dene podatke o uporabnikih med njihovimi obiski. Ti podatki so popolnoma anonimni in jih upravljavec zbere in obdeluje izklju\u010dno za namene razvoja in izbolj\u0161anja spletne strani.<\/p><p>\u00a0<\/p><p>UPORABA PI\u0160KOTKOV<\/p><p>\u00a0<\/p><p>Ta spletna stran uporablja pi\u0161kotke za [Spletna stran], Google Adwords, Google Analytics, Facebook, Sklik, Heureka Zbozi.cz za zagotavljanje storitev, izdelavo prilagojenih oglasov in analizo prometa.<\/p><p>\u00a0<\/p><p>SPLO\u0160NI POGOJI VARSTVA OSEBNIH PODATKOV V SKLADU S SPLO\u0160NO UREDBO O VARSTVU PODATKOV, ki so vsebovani v pogojih uporabe.<\/p><p>\u00a0<\/p><p>Varstvo osebnih podatkov kupca, ki je fizi\u010dna oseba, ureja \u010dlen 101\/2000Sb. in Splo\u0161na uredba o varstvu podatkov (\u010dl. 4(11) GDPR in \u010dlen 7. GDPR) za varstvo osebnih podatkov.<\/p><p>\u00a0<\/p><p>Za izvajanje pogodbe bo dobavitelj obdeloval osebne podatke kupca, in sicer: ime, priimek, naziv podjetja, naslov, \u0161tevilka socialnega zavarovanja, dav\u010dna \u0161tevilka, e-po\u0161tni naslov, telefonska \u0161tevilka (v nadaljevanju skupaj imenovani &#8220;osebni podatki&#8221;).<\/p><p>\u00a0<\/p><p>Dobavitelj bo osebne podatke kupca obdeloval za namen uresni\u010devanja in vzdr\u017eevanja pravic in obveznosti, dolo\u010denih v kupoprodajni pogodbi.<\/p><p>\u00a0<\/p><p>Kupec potrjuje, da je dol\u017ean posredovati to\u010dne in resni\u010dne osebne podatke (pri registraciji, na svojem uporabni\u0161kem ra\u010dunu, pri naro\u010danju preko spletnega vmesnika trgovine) ter je dol\u017ean nemudoma obvestiti prodajalca o vseh spremembah svojih podatkov.<\/p><p>\u00a0<\/p><p>Med obdelavo osebnih podatkov uporabnikov lahko Ponudnik dodeli vlogo obdelovalca tretjim osebam. Osebni podatki ne bodo posredovani tretjim osebam brez predhodnega soglasja Ponudnika tretjim osebam, ki nimajo pravice delovati kot obdelovalci, razen storitev Heureka.sk, Zbozi.cz, partnerskih subjektov in oseb, vklju\u010denih v prevoz blaga.<\/p><p>\u00a0<\/p><p>Kupec potrjuje, da so posredovani osebni podatki to\u010dni in potrjuje, da je prostovoljno razkritje takih osebnih podatkov potrebno.<\/p><p>\u00a0<\/p><p>\u010ce kupec meni, da prodajalec ali poobla\u0161\u010deni obdelovalec (\u010dlen 1.60.) obdeluje njegove osebne podatke kljub varovanju zasebnosti in zasebnosti kupca ali kljub kr\u0161enju zakona, zlasti \u010de so osebni podatki natan\u010dni v zvezi z njihovo obdelavo v zvezi s svojim namenom, ima pravico:<\/p><p>\u00a0<\/p><p>Zahtevati popravek osebnih podatkov &#8211; Zahtevati od prodajalca ali obdelovalca, da popravi situacijo &#8211; Zahtevati od prodajalca ali obdelovalca, da se upre obdelavi podatkov \u010ce kupec zahteva informacije o obdelavi svojih podatkov, je prodajalec dol\u017ean te podatke zagotoviti. Prodajalec ima pravico zara\u010dunati posebno nadomestilo za zagotavljanje informacij, ki presegajo zgoraj navedene stro\u0161ke, pri \u010demer ne sme prese\u010di stro\u0161kov, potrebnih za zagotovitev informacij.<\/p><p>\u00a0<\/p><p>Pogoji zasebnosti te razli\u010dice za\u010dnejo veljati 24. maja 2018. OBDELAVA OSEBNIH PODATKOV ZA TR\u017dNE NAMENE V SKLADU Z GDPR PRAVILI.<\/p><p>\u00a0<\/p><p>AGRAM GROUP LTD 71-75, Shelton Street, Covent Garden, London, WC2H 9JQ, ZDRU\u017dENO KRALJESTVO \/ info@origon-eu.com<\/p><p>\u00a0<\/p><p>Pooblastilo za registracijo: Okro\u017eno sodi\u0161\u010de v London IBAN BE73 9673 2562 8760 \/\/ Mati\u010dna \u0161tevilka podjetja: 14181933<\/p>\t\t\t\t\t\t\t\t<\/div>\n\t\t\t\t<\/div>\n\t\t\t\t\t<\/div>\n\t\t\t\t<\/div>\n\t\t\t\t<\/div>\n\t\t","protected":false},"excerpt":{"rendered":"<p>Pravilnik o zasebnosti GDPR \u00a0 Skrbnik spletne trgovine kot upravljavec osebnih podatkov obdeluje osebne podatke, ki jih uporabnik posreduje upravljavcu<\/p>\n","protected":false},"author":1,"featured_media":0,"parent":0,"menu_order":0,"comment_status":"closed","ping_status":"closed","template":"","meta":{"footnotes":""},"class_list":["post-23867","page","type-page","status-publish","hentry"],"yoast_head":"<!-- This site is optimized with the Yoast SEO plugin v24.2 - https:\/\/yoast.com\/wordpress\/plugins\/seo\/ -->\n<title>Pravilnik o zasebnosti - Origon EU<\/title>\n<meta name=\"robots\" content=\"index, follow, max-snippet:-1, max-image-preview:large, max-video-preview:-1\" \/>\n<link rel=\"canonical\" href=\"https:\/\/origon-eu.com\/si\/pravila-o-zastiti-privatnosti\/\" \/>\n<meta property=\"og:locale\" content=\"sl_SI\" \/>\n<meta property=\"og:type\" content=\"article\" \/>\n<meta property=\"og:title\" content=\"Pravilnik o zasebnosti - Origon EU\" \/>\n<meta property=\"og:description\" content=\"Pravilnik o zasebnosti GDPR \u00a0 Skrbnik spletne trgovine kot upravljavec osebnih podatkov obdeluje osebne podatke, ki jih uporabnik posreduje upravljavcu\" \/>\n<meta property=\"og:url\" content=\"https:\/\/origon-eu.com\/si\/pravila-o-zastiti-privatnosti\/\" \/>\n<meta property=\"og:site_name\" content=\"Origon EU\" \/>\n<meta property=\"article:modified_time\" content=\"2024-04-29T15:48:26+00:00\" \/>\n<meta name=\"twitter:card\" content=\"summary_large_image\" \/>\n<meta name=\"twitter:label1\" content=\"Est. reading time\" \/>\n\t<meta name=\"twitter:data1\" content=\"3 minute\" \/>\n<script type=\"application\/ld+json\" class=\"yoast-schema-graph\">{\"@context\":\"https:\/\/schema.org\",\"@graph\":[{\"@type\":\"WebPage\",\"@id\":\"https:\/\/origon-eu.com\/si\/pravila-o-zastiti-privatnosti\/\",\"url\":\"https:\/\/origon-eu.com\/si\/pravila-o-zastiti-privatnosti\/\",\"name\":\"Pravilnik o zasebnosti - Origon EU\",\"isPartOf\":{\"@id\":\"https:\/\/origon-eu.com\/#website\"},\"datePublished\":\"2024-04-05T07:46:50+00:00\",\"dateModified\":\"2024-04-29T15:48:26+00:00\",\"breadcrumb\":{\"@id\":\"https:\/\/origon-eu.com\/si\/pravila-o-zastiti-privatnosti\/#breadcrumb\"},\"inLanguage\":\"sl-SI\",\"potentialAction\":[{\"@type\":\"ReadAction\",\"target\":[\"https:\/\/origon-eu.com\/si\/pravila-o-zastiti-privatnosti\/\"]}]},{\"@type\":\"BreadcrumbList\",\"@id\":\"https:\/\/origon-eu.com\/si\/pravila-o-zastiti-privatnosti\/#breadcrumb\",\"itemListElement\":[{\"@type\":\"ListItem\",\"position\":1,\"name\":\"Home\",\"item\":\"https:\/\/origon-eu.com\/\"},{\"@type\":\"ListItem\",\"position\":2,\"name\":\"Pravilnik o zasebnosti\"}]},{\"@type\":\"WebSite\",\"@id\":\"https:\/\/origon-eu.com\/#website\",\"url\":\"https:\/\/origon-eu.com\/\",\"name\":\"Origon EU\",\"description\":\"Online Store\",\"publisher\":{\"@id\":\"https:\/\/origon-eu.com\/#organization\"},\"potentialAction\":[{\"@type\":\"SearchAction\",\"target\":{\"@type\":\"EntryPoint\",\"urlTemplate\":\"https:\/\/origon-eu.com\/?s={search_term_string}\"},\"query-input\":{\"@type\":\"PropertyValueSpecification\",\"valueRequired\":true,\"valueName\":\"search_term_string\"}}],\"inLanguage\":\"sl-SI\"},{\"@type\":\"Organization\",\"@id\":\"https:\/\/origon-eu.com\/#organization\",\"name\":\"Origon EU\",\"url\":\"https:\/\/origon-eu.com\/\",\"logo\":{\"@type\":\"ImageObject\",\"inLanguage\":\"sl-SI\",\"@id\":\"https:\/\/origon-eu.com\/#\/schema\/logo\/image\/\",\"url\":\"https:\/\/origon-eu.com\/wp-content\/uploads\/2024\/04\/Screenshot-2024-04-09-101814.png\",\"contentUrl\":\"https:\/\/origon-eu.com\/wp-content\/uploads\/2024\/04\/Screenshot-2024-04-09-101814.png\",\"width\":171,\"height\":59,\"caption\":\"Origon EU\"},\"image\":{\"@id\":\"https:\/\/origon-eu.com\/#\/schema\/logo\/image\/\"}}]}<\/script>\n<!-- \/ Yoast SEO plugin. -->","yoast_head_json":{"title":"Pravilnik o zasebnosti - Origon EU","robots":{"index":"index","follow":"follow","max-snippet":"max-snippet:-1","max-image-preview":"max-image-preview:large","max-video-preview":"max-video-preview:-1"},"canonical":"https:\/\/origon-eu.com\/si\/pravila-o-zastiti-privatnosti\/","og_locale":"sl_SI","og_type":"article","og_title":"Pravilnik o zasebnosti - Origon EU","og_description":"Pravilnik o zasebnosti GDPR \u00a0 Skrbnik spletne trgovine kot upravljavec osebnih podatkov obdeluje osebne podatke, ki jih uporabnik posreduje upravljavcu","og_url":"https:\/\/origon-eu.com\/si\/pravila-o-zastiti-privatnosti\/","og_site_name":"Origon EU","article_modified_time":"2024-04-29T15:48:26+00:00","twitter_card":"summary_large_image","twitter_misc":{"Est. reading time":"3 minute"},"schema":{"@context":"https:\/\/schema.org","@graph":[{"@type":"WebPage","@id":"https:\/\/origon-eu.com\/si\/pravila-o-zastiti-privatnosti\/","url":"https:\/\/origon-eu.com\/si\/pravila-o-zastiti-privatnosti\/","name":"Pravilnik o zasebnosti - Origon EU","isPartOf":{"@id":"https:\/\/origon-eu.com\/#website"},"datePublished":"2024-04-05T07:46:50+00:00","dateModified":"2024-04-29T15:48:26+00:00","breadcrumb":{"@id":"https:\/\/origon-eu.com\/si\/pravila-o-zastiti-privatnosti\/#breadcrumb"},"inLanguage":"sl-SI","potentialAction":[{"@type":"ReadAction","target":["https:\/\/origon-eu.com\/si\/pravila-o-zastiti-privatnosti\/"]}]},{"@type":"BreadcrumbList","@id":"https:\/\/origon-eu.com\/si\/pravila-o-zastiti-privatnosti\/#breadcrumb","itemListElement":[{"@type":"ListItem","position":1,"name":"Home","item":"https:\/\/origon-eu.com\/"},{"@type":"ListItem","position":2,"name":"Pravilnik o zasebnosti"}]},{"@type":"WebSite","@id":"https:\/\/origon-eu.com\/#website","url":"https:\/\/origon-eu.com\/","name":"Origon EU","description":"Online Store","publisher":{"@id":"https:\/\/origon-eu.com\/#organization"},"potentialAction":[{"@type":"SearchAction","target":{"@type":"EntryPoint","urlTemplate":"https:\/\/origon-eu.com\/?s={search_term_string}"},"query-input":{"@type":"PropertyValueSpecification","valueRequired":true,"valueName":"search_term_string"}}],"inLanguage":"sl-SI"},{"@type":"Organization","@id":"https:\/\/origon-eu.com\/#organization","name":"Origon EU","url":"https:\/\/origon-eu.com\/","logo":{"@type":"ImageObject","inLanguage":"sl-SI","@id":"https:\/\/origon-eu.com\/#\/schema\/logo\/image\/","url":"https:\/\/origon-eu.com\/wp-content\/uploads\/2024\/04\/Screenshot-2024-04-09-101814.png","contentUrl":"https:\/\/origon-eu.com\/wp-content\/uploads\/2024\/04\/Screenshot-2024-04-09-101814.png","width":171,"height":59,"caption":"Origon EU"},"image":{"@id":"https:\/\/origon-eu.com\/#\/schema\/logo\/image\/"}}]}},"_links":{"self":[{"href":"https:\/\/origon-eu.com\/si\/wp-json\/wp\/v2\/pages\/23867","targetHints":{"allow":["GET"]}}],"collection":[{"href":"https:\/\/origon-eu.com\/si\/wp-json\/wp\/v2\/pages"}],"about":[{"href":"https:\/\/origon-eu.com\/si\/wp-json\/wp\/v2\/types\/page"}],"author":[{"embeddable":true,"href":"https:\/\/origon-eu.com\/si\/wp-json\/wp\/v2\/users\/1"}],"replies":[{"embeddable":true,"href":"https:\/\/origon-eu.com\/si\/wp-json\/wp\/v2\/comments?post=23867"}],"version-history":[{"count":0,"href":"https:\/\/origon-eu.com\/si\/wp-json\/wp\/v2\/pages\/23867\/revisions"}],"wp:attachment":[{"href":"https:\/\/origon-eu.com\/si\/wp-json\/wp\/v2\/media?parent=23867"}],"curies":[{"name":"wp","href":"https:\/\/api.w.org\/{rel}","templated":true}]}}