{"id":39590,"date":"2025-03-21T16:58:48","date_gmt":"2025-03-21T14:58:48","guid":{"rendered":"https:\/\/origon-eu.com\/product\/microcotton-robe-with-hood-450gr-100-cotton-dark-purple\/"},"modified":"2025-03-25T15:55:30","modified_gmt":"2025-03-25T13:55:30","slug":"microcotton-robe-with-hood-450gr-100-cotton-dark-purple","status":"publish","type":"product","link":"https:\/\/origon-eu.com\/ro\/product\/microcotton-robe-with-hood-450gr-100-cotton-dark-purple\/","title":{"rendered":"Halat de baie Premium Microcotton cu glug\u0103, 450g \u2013 100% Bumbac, Mov \u00cenchis"},"content":{"rendered":"<p>Robe de baie luxoase cu capuciu din microfibr\u0103, cu densitate mare \u0219i design modern. Microfibra este un fir de bumbac care a fost tratat special, f\u0103c\u00e2nd produsele din acest material extrem de moi \u0219i pl\u0103cute la atingere, cu o capacitate excelent\u0103 de absorb\u021bie. Culori durabile.<\/p>\n<p>Caracteristici:<\/p>\n<p>M\u0103rimi: L, XL<\/p>\n<p>Compozi\u021bie: 100% bumbac<\/p>\n<p>Observa\u021bii:<\/p>\n<p class=\"\" data-start=\"449\" data-end=\"501\">Se poate sp\u0103la la ma\u0219ina de sp\u0103lat la 40 de grade!<\/p>\n<p class=\"\" data-start=\"504\" data-end=\"587\">Imaginea este ilustrativ\u0103 \u0219i prezint\u0103 caracteristicile generale ale produsului!<\/p>\n","protected":false},"excerpt":{"rendered":"<ul>\n<li data-start=\"0\" data-end=\"75\"><strong data-start=\"592\" data-end=\"605\">Material:<\/strong> 100% bumbac microfibr\u0103 pentru un sentiment moale \u0219i extrem de absorbant<\/li>\n<li data-start=\"0\" data-end=\"75\"><strong data-start=\"680\" data-end=\"693\">Greutate:<\/strong> 450 grame, oferind o textur\u0103 luxoas\u0103 \u0219i confortabil\u0103<\/li>\n<li data-start=\"0\" data-end=\"75\"><strong data-start=\"749\" data-end=\"760\">Design:<\/strong> Include capuciu pentru mai mult\u0103 c\u0103ldur\u0103 \u0219i confort<\/li>\n<li data-start=\"0\" data-end=\"75\"><strong data-start=\"815\" data-end=\"827\">Culoare:<\/strong> Mov \u00eenchis, pentru un aspect luxos \u0219i elegant<\/li>\n<li data-start=\"0\" data-end=\"75\"><strong data-start=\"876\" data-end=\"890\">Absorbant:<\/strong> Absorb\u021bie excelent\u0103, ideal pentru uscatul dup\u0103 baie sau du\u0219<\/li>\n<li data-start=\"0\" data-end=\"75\"><strong data-start=\"953\" data-end=\"969\">Confortabil:<\/strong> Ofer\u0103 o experien\u021b\u0103 luxoas\u0103 asem\u0103n\u0103toare unui spa acas\u0103<\/li>\n<\/ul>\n","protected":false},"featured_media":38945,"template":"","meta":[],"product_cat":[505],"product_tag":[],"class_list":{"0":"post-39590","1":"product","2":"type-product","3":"status-publish","4":"has-post-thumbnail","6":"product_cat-bathrobes-ro","8":"first","9":"outofstock","10":"shipping-taxable","11":"purchasable","12":"product-type-variable"},"yoast_head":"<!-- This site is optimized with the Yoast SEO plugin v24.2 - https:\/\/yoast.com\/wordpress\/plugins\/seo\/ -->\n<title>Halat de baie Premium Microcotton cu glug\u0103, 450g \u2013 100% Bumbac, Mov \u00cenchis - Origon EU<\/title>\n<meta name=\"robots\" content=\"index, follow, max-snippet:-1, max-image-preview:large, max-video-preview:-1\" \/>\n<link rel=\"canonical\" href=\"https:\/\/origon-eu.com\/ro\/product\/microcotton-robe-with-hood-450gr-100-cotton-dark-purple\/\" \/>\n<meta property=\"og:locale\" content=\"ro_RO\" \/>\n<meta property=\"og:type\" content=\"article\" \/>\n<meta property=\"og:title\" content=\"Halat de baie Premium Microcotton cu glug\u0103, 450g \u2013 100% Bumbac, Mov \u00cenchis - Origon EU\" \/>\n<meta property=\"og:description\" content=\"Material: 100% bumbac microfibr\u0103 pentru un sentiment moale \u0219i extrem de absorbant  Greutate: 450 grame, oferind o textur\u0103 luxoas\u0103 \u0219i confortabil\u0103  Design: Include capuciu pentru mai mult\u0103 c\u0103ldur\u0103 \u0219i confort  Culoare: Mov \u00eenchis, pentru un aspect luxos \u0219i elegant  Absorbant: Absorb\u021bie excelent\u0103, ideal pentru uscatul dup\u0103 baie sau du\u0219  Confortabil: Ofer\u0103 o experien\u021b\u0103 luxoas\u0103 asem\u0103n\u0103toare unui spa acas\u0103\" \/>\n<meta property=\"og:url\" content=\"https:\/\/origon-eu.com\/ro\/product\/microcotton-robe-with-hood-450gr-100-cotton-dark-purple\/\" \/>\n<meta property=\"og:site_name\" content=\"Origon EU\" \/>\n<meta property=\"article:modified_time\" content=\"2025-03-25T13:55:30+00:00\" \/>\n<meta property=\"og:image\" content=\"https:\/\/origon-eu.com\/wp-content\/uploads\/2025\/03\/halat-mikropamuk-s-kaculka-450gr-100-pamuk-tamno-lilavo-image_670cf4c6978d9_1920x1920.webp\" \/>\n\t<meta property=\"og:image:width\" content=\"1280\" \/>\n\t<meta property=\"og:image:height\" content=\"1920\" \/>\n\t<meta property=\"og:image:type\" content=\"image\/webp\" \/>\n<meta name=\"twitter:card\" content=\"summary_large_image\" \/>\n<meta name=\"twitter:label1\" content=\"Timp estimat pentru citire\" \/>\n\t<meta name=\"twitter:data1\" content=\"1 minut\" \/>\n<script type=\"application\/ld+json\" class=\"yoast-schema-graph\">{\"@context\":\"https:\/\/schema.org\",\"@graph\":[{\"@type\":\"WebPage\",\"@id\":\"https:\/\/origon-eu.com\/ro\/product\/microcotton-robe-with-hood-450gr-100-cotton-dark-purple\/\",\"url\":\"https:\/\/origon-eu.com\/ro\/product\/microcotton-robe-with-hood-450gr-100-cotton-dark-purple\/\",\"name\":\"Halat de baie Premium Microcotton cu glug\u0103, 450g \u2013 100% Bumbac, Mov \u00cenchis - Origon EU\",\"isPartOf\":{\"@id\":\"https:\/\/origon-eu.com\/#website\"},\"primaryImageOfPage\":{\"@id\":\"https:\/\/origon-eu.com\/ro\/product\/microcotton-robe-with-hood-450gr-100-cotton-dark-purple\/#primaryimage\"},\"image\":{\"@id\":\"https:\/\/origon-eu.com\/ro\/product\/microcotton-robe-with-hood-450gr-100-cotton-dark-purple\/#primaryimage\"},\"thumbnailUrl\":\"https:\/\/origon-eu.com\/wp-content\/uploads\/2025\/03\/halat-mikropamuk-s-kaculka-450gr-100-pamuk-tamno-lilavo-image_670cf4c6978d9_1920x1920.webp\",\"datePublished\":\"2025-03-21T14:58:48+00:00\",\"dateModified\":\"2025-03-25T13:55:30+00:00\",\"breadcrumb\":{\"@id\":\"https:\/\/origon-eu.com\/ro\/product\/microcotton-robe-with-hood-450gr-100-cotton-dark-purple\/#breadcrumb\"},\"inLanguage\":\"ro-RO\",\"potentialAction\":[{\"@type\":\"ReadAction\",\"target\":[\"https:\/\/origon-eu.com\/ro\/product\/microcotton-robe-with-hood-450gr-100-cotton-dark-purple\/\"]}]},{\"@type\":\"ImageObject\",\"inLanguage\":\"ro-RO\",\"@id\":\"https:\/\/origon-eu.com\/ro\/product\/microcotton-robe-with-hood-450gr-100-cotton-dark-purple\/#primaryimage\",\"url\":\"https:\/\/origon-eu.com\/wp-content\/uploads\/2025\/03\/halat-mikropamuk-s-kaculka-450gr-100-pamuk-tamno-lilavo-image_670cf4c6978d9_1920x1920.webp\",\"contentUrl\":\"https:\/\/origon-eu.com\/wp-content\/uploads\/2025\/03\/halat-mikropamuk-s-kaculka-450gr-100-pamuk-tamno-lilavo-image_670cf4c6978d9_1920x1920.webp\",\"width\":1280,\"height\":1920},{\"@type\":\"BreadcrumbList\",\"@id\":\"https:\/\/origon-eu.com\/ro\/product\/microcotton-robe-with-hood-450gr-100-cotton-dark-purple\/#breadcrumb\",\"itemListElement\":[{\"@type\":\"ListItem\",\"position\":1,\"name\":\"Home\",\"item\":\"https:\/\/origon-eu.com\/\"},{\"@type\":\"ListItem\",\"position\":2,\"name\":\"Shop\",\"item\":\"https:\/\/origon-eu.com\/ro\/shop-2\/\"},{\"@type\":\"ListItem\",\"position\":3,\"name\":\"Halat de baie Premium Microcotton cu glug\u0103, 450g \u2013 100% Bumbac, Mov \u00cenchis\"}]},{\"@type\":\"WebSite\",\"@id\":\"https:\/\/origon-eu.com\/#website\",\"url\":\"https:\/\/origon-eu.com\/\",\"name\":\"Origon EU\",\"description\":\"Online Store\",\"publisher\":{\"@id\":\"https:\/\/origon-eu.com\/#organization\"},\"potentialAction\":[{\"@type\":\"SearchAction\",\"target\":{\"@type\":\"EntryPoint\",\"urlTemplate\":\"https:\/\/origon-eu.com\/?s={search_term_string}\"},\"query-input\":{\"@type\":\"PropertyValueSpecification\",\"valueRequired\":true,\"valueName\":\"search_term_string\"}}],\"inLanguage\":\"ro-RO\"},{\"@type\":\"Organization\",\"@id\":\"https:\/\/origon-eu.com\/#organization\",\"name\":\"Origon EU\",\"url\":\"https:\/\/origon-eu.com\/\",\"logo\":{\"@type\":\"ImageObject\",\"inLanguage\":\"ro-RO\",\"@id\":\"https:\/\/origon-eu.com\/#\/schema\/logo\/image\/\",\"url\":\"https:\/\/origon-eu.com\/wp-content\/uploads\/2024\/04\/Screenshot-2024-04-09-101814.png\",\"contentUrl\":\"https:\/\/origon-eu.com\/wp-content\/uploads\/2024\/04\/Screenshot-2024-04-09-101814.png\",\"width\":171,\"height\":59,\"caption\":\"Origon EU\"},\"image\":{\"@id\":\"https:\/\/origon-eu.com\/#\/schema\/logo\/image\/\"}}]}<\/script>\n<!-- \/ Yoast SEO plugin. -->","yoast_head_json":{"title":"Halat de baie Premium Microcotton cu glug\u0103, 450g \u2013 100% Bumbac, Mov \u00cenchis - Origon EU","robots":{"index":"index","follow":"follow","max-snippet":"max-snippet:-1","max-image-preview":"max-image-preview:large","max-video-preview":"max-video-preview:-1"},"canonical":"https:\/\/origon-eu.com\/ro\/product\/microcotton-robe-with-hood-450gr-100-cotton-dark-purple\/","og_locale":"ro_RO","og_type":"article","og_title":"Halat de baie Premium Microcotton cu glug\u0103, 450g \u2013 100% Bumbac, Mov \u00cenchis - Origon EU","og_description":"Material: 100% bumbac microfibr\u0103 pentru un sentiment moale \u0219i extrem de absorbant  Greutate: 450 grame, oferind o textur\u0103 luxoas\u0103 \u0219i confortabil\u0103  Design: Include capuciu pentru mai mult\u0103 c\u0103ldur\u0103 \u0219i confort  Culoare: Mov \u00eenchis, pentru un aspect luxos \u0219i elegant  Absorbant: Absorb\u021bie excelent\u0103, ideal pentru uscatul dup\u0103 baie sau du\u0219  Confortabil: Ofer\u0103 o experien\u021b\u0103 luxoas\u0103 asem\u0103n\u0103toare unui spa acas\u0103","og_url":"https:\/\/origon-eu.com\/ro\/product\/microcotton-robe-with-hood-450gr-100-cotton-dark-purple\/","og_site_name":"Origon EU","article_modified_time":"2025-03-25T13:55:30+00:00","og_image":[{"width":1280,"height":1920,"url":"https:\/\/origon-eu.com\/wp-content\/uploads\/2025\/03\/halat-mikropamuk-s-kaculka-450gr-100-pamuk-tamno-lilavo-image_670cf4c6978d9_1920x1920.webp","type":"image\/webp"}],"twitter_card":"summary_large_image","twitter_misc":{"Timp estimat pentru citire":"1 minut"},"schema":{"@context":"https:\/\/schema.org","@graph":[{"@type":"WebPage","@id":"https:\/\/origon-eu.com\/ro\/product\/microcotton-robe-with-hood-450gr-100-cotton-dark-purple\/","url":"https:\/\/origon-eu.com\/ro\/product\/microcotton-robe-with-hood-450gr-100-cotton-dark-purple\/","name":"Halat de baie Premium Microcotton cu glug\u0103, 450g \u2013 100% Bumbac, Mov \u00cenchis - Origon EU","isPartOf":{"@id":"https:\/\/origon-eu.com\/#website"},"primaryImageOfPage":{"@id":"https:\/\/origon-eu.com\/ro\/product\/microcotton-robe-with-hood-450gr-100-cotton-dark-purple\/#primaryimage"},"image":{"@id":"https:\/\/origon-eu.com\/ro\/product\/microcotton-robe-with-hood-450gr-100-cotton-dark-purple\/#primaryimage"},"thumbnailUrl":"https:\/\/origon-eu.com\/wp-content\/uploads\/2025\/03\/halat-mikropamuk-s-kaculka-450gr-100-pamuk-tamno-lilavo-image_670cf4c6978d9_1920x1920.webp","datePublished":"2025-03-21T14:58:48+00:00","dateModified":"2025-03-25T13:55:30+00:00","breadcrumb":{"@id":"https:\/\/origon-eu.com\/ro\/product\/microcotton-robe-with-hood-450gr-100-cotton-dark-purple\/#breadcrumb"},"inLanguage":"ro-RO","potentialAction":[{"@type":"ReadAction","target":["https:\/\/origon-eu.com\/ro\/product\/microcotton-robe-with-hood-450gr-100-cotton-dark-purple\/"]}]},{"@type":"ImageObject","inLanguage":"ro-RO","@id":"https:\/\/origon-eu.com\/ro\/product\/microcotton-robe-with-hood-450gr-100-cotton-dark-purple\/#primaryimage","url":"https:\/\/origon-eu.com\/wp-content\/uploads\/2025\/03\/halat-mikropamuk-s-kaculka-450gr-100-pamuk-tamno-lilavo-image_670cf4c6978d9_1920x1920.webp","contentUrl":"https:\/\/origon-eu.com\/wp-content\/uploads\/2025\/03\/halat-mikropamuk-s-kaculka-450gr-100-pamuk-tamno-lilavo-image_670cf4c6978d9_1920x1920.webp","width":1280,"height":1920},{"@type":"BreadcrumbList","@id":"https:\/\/origon-eu.com\/ro\/product\/microcotton-robe-with-hood-450gr-100-cotton-dark-purple\/#breadcrumb","itemListElement":[{"@type":"ListItem","position":1,"name":"Home","item":"https:\/\/origon-eu.com\/"},{"@type":"ListItem","position":2,"name":"Shop","item":"https:\/\/origon-eu.com\/ro\/shop-2\/"},{"@type":"ListItem","position":3,"name":"Halat de baie Premium Microcotton cu glug\u0103, 450g \u2013 100% Bumbac, Mov \u00cenchis"}]},{"@type":"WebSite","@id":"https:\/\/origon-eu.com\/#website","url":"https:\/\/origon-eu.com\/","name":"Origon EU","description":"Online Store","publisher":{"@id":"https:\/\/origon-eu.com\/#organization"},"potentialAction":[{"@type":"SearchAction","target":{"@type":"EntryPoint","urlTemplate":"https:\/\/origon-eu.com\/?s={search_term_string}"},"query-input":{"@type":"PropertyValueSpecification","valueRequired":true,"valueName":"search_term_string"}}],"inLanguage":"ro-RO"},{"@type":"Organization","@id":"https:\/\/origon-eu.com\/#organization","name":"Origon EU","url":"https:\/\/origon-eu.com\/","logo":{"@type":"ImageObject","inLanguage":"ro-RO","@id":"https:\/\/origon-eu.com\/#\/schema\/logo\/image\/","url":"https:\/\/origon-eu.com\/wp-content\/uploads\/2024\/04\/Screenshot-2024-04-09-101814.png","contentUrl":"https:\/\/origon-eu.com\/wp-content\/uploads\/2024\/04\/Screenshot-2024-04-09-101814.png","width":171,"height":59,"caption":"Origon EU"},"image":{"@id":"https:\/\/origon-eu.com\/#\/schema\/logo\/image\/"}}]}},"tiered_pricing_type":"fixed","tiered_pricing_fixed_rules":[],"tiered_pricing_percentage_rules":[],"tiered_pricing_minimum":1,"tiered_pricing_roles_data":[],"_links":{"self":[{"href":"https:\/\/origon-eu.com\/ro\/wp-json\/wp\/v2\/product\/39590","targetHints":{"allow":["GET"]}}],"collection":[{"href":"https:\/\/origon-eu.com\/ro\/wp-json\/wp\/v2\/product"}],"about":[{"href":"https:\/\/origon-eu.com\/ro\/wp-json\/wp\/v2\/types\/product"}],"version-history":[{"count":2,"href":"https:\/\/origon-eu.com\/ro\/wp-json\/wp\/v2\/product\/39590\/revisions"}],"predecessor-version":[{"id":39932,"href":"https:\/\/origon-eu.com\/ro\/wp-json\/wp\/v2\/product\/39590\/revisions\/39932"}],"wp:featuredmedia":[{"embeddable":true,"href":"https:\/\/origon-eu.com\/ro\/wp-json\/wp\/v2\/media\/38945"}],"wp:attachment":[{"href":"https:\/\/origon-eu.com\/ro\/wp-json\/wp\/v2\/media?parent=39590"}],"wp:term":[{"taxonomy":"product_cat","embeddable":true,"href":"https:\/\/origon-eu.com\/ro\/wp-json\/wp\/v2\/product_cat?post=39590"},{"taxonomy":"product_tag","embeddable":true,"href":"https:\/\/origon-eu.com\/ro\/wp-json\/wp\/v2\/product_tag?post=39590"}],"curies":[{"name":"wp","href":"https:\/\/api.w.org\/{rel}","templated":true}]}}