{"id":39471,"date":"2025-03-21T16:55:05","date_gmt":"2025-03-21T14:55:05","guid":{"rendered":"https:\/\/origon-eu.com\/product\/microcotton-robe-with-hood-450gr-100-cotton-ashes-of-rose\/"},"modified":"2025-03-25T15:51:54","modified_gmt":"2025-03-25T13:51:54","slug":"microcotton-robe-with-hood-450gr-100-cotton-ashes-of-rose","status":"publish","type":"product","link":"https:\/\/origon-eu.com\/ro\/product\/microcotton-robe-with-hood-450gr-100-cotton-ashes-of-rose\/","title":{"rendered":"Halat de baie Premium Microcotton cu glug\u0103, 450g \u2013 100% Bumbac, Cenu\u0219\u0103 de trandafir"},"content":{"rendered":"<p>Ropon luxos cu capu\u0219\u0103 din microcotton, cu densitate mare \u0219i design elegant. Microcotton este un fir de bumbac care a trecut printr-un tratament special, ceea ce face ca produsele realizate din acesta s\u0103 fie extrem de moi, delicate la atingere \u0219i cu o absorb\u021bie perfect\u0103. Culoare durabil\u0103.<\/p>\n<p data-start=\"360\" data-end=\"375\">Caracteristici:<\/p>\n<p data-start=\"377\" data-end=\"419\">M\u0103rimi: M, L, XL<br data-start=\"393\" data-end=\"396\" \/>Compozi\u021bie: 100% bumbac<\/p>\n<p data-start=\"421\" data-end=\"426\">Note:<\/p>\n<p data-start=\"428\" data-end=\"585\">Se poate sp\u0103la la ma\u0219ina de sp\u0103lat la temperaturi de p\u00e2n\u0103 la 40 de grade!<br data-start=\"501\" data-end=\"504\" \/>IMAGINEA ESTE ILUSTRATIV\u0102 \u0218I PREZINT\u0102 CARACTERISTICILE GENERALE ALE PRODUSULUI!!!<\/p>\n","protected":false},"excerpt":{"rendered":"<ul>\n<li data-start=\"0\" data-end=\"75\"><strong>Material:<\/strong> Microcotton 100% bumbac pentru o senza\u021bie moale \u0219i foarte absorbant\u0103<\/li>\n<li data-start=\"0\" data-end=\"75\"><strong>Greutate:<\/strong> 450 grame, oferind o textur\u0103 pufoas\u0103 \u0219i confortabil\u0103<\/li>\n<li data-start=\"0\" data-end=\"75\"><strong>Design:<\/strong> Include o capu\u0219\u0103 pentru un plus de c\u0103ldur\u0103 \u0219i confort<\/li>\n<li data-start=\"0\" data-end=\"75\"><strong>Culoare:<\/strong> Nuanta elegant\u0103 de ruj cenu\u0219iu, pentru un aspect rafinat \u0219i delicat<\/li>\n<li data-start=\"0\" data-end=\"75\"><strong>Absorbant:<\/strong> Absorb\u021bie excelent\u0103, ideal pentru uscare dup\u0103 baie sau du\u0219<\/li>\n<li data-start=\"0\" data-end=\"75\"><strong>Confortabil:<\/strong> Ofer\u0103 o experien\u021b\u0103 de lux asem\u0103n\u0103toare unui spa acas\u0103<\/li>\n<\/ul>\n","protected":false},"featured_media":38915,"template":"","meta":[],"product_cat":[505],"product_tag":[],"class_list":{"0":"post-39471","1":"product","2":"type-product","3":"status-publish","4":"has-post-thumbnail","6":"product_cat-bathrobes-ro","8":"first","9":"outofstock","10":"shipping-taxable","11":"purchasable","12":"product-type-variable"},"yoast_head":"<!-- This site is optimized with the Yoast SEO plugin v24.2 - https:\/\/yoast.com\/wordpress\/plugins\/seo\/ -->\n<title>Halat de baie Premium Microcotton cu glug\u0103, 450g \u2013 100% Bumbac, Cenu\u0219\u0103 de trandafir - Origon EU<\/title>\n<meta name=\"robots\" content=\"index, follow, max-snippet:-1, max-image-preview:large, max-video-preview:-1\" \/>\n<link rel=\"canonical\" href=\"https:\/\/origon-eu.com\/ro\/product\/microcotton-robe-with-hood-450gr-100-cotton-ashes-of-rose\/\" \/>\n<meta property=\"og:locale\" content=\"ro_RO\" \/>\n<meta property=\"og:type\" content=\"article\" \/>\n<meta property=\"og:title\" content=\"Halat de baie Premium Microcotton cu glug\u0103, 450g \u2013 100% Bumbac, Cenu\u0219\u0103 de trandafir - Origon EU\" \/>\n<meta property=\"og:description\" content=\"Material: Microcotton 100% bumbac pentru o senza\u021bie moale \u0219i foarte absorbant\u0103  Greutate: 450 grame, oferind o textur\u0103 pufoas\u0103 \u0219i confortabil\u0103  Design: Include o capu\u0219\u0103 pentru un plus de c\u0103ldur\u0103 \u0219i confort  Culoare: Nuanta elegant\u0103 de ruj cenu\u0219iu, pentru un aspect rafinat \u0219i delicat  Absorbant: Absorb\u021bie excelent\u0103, ideal pentru uscare dup\u0103 baie sau du\u0219  Confortabil: Ofer\u0103 o experien\u021b\u0103 de lux asem\u0103n\u0103toare unui spa acas\u0103\" \/>\n<meta property=\"og:url\" content=\"https:\/\/origon-eu.com\/ro\/product\/microcotton-robe-with-hood-450gr-100-cotton-ashes-of-rose\/\" \/>\n<meta property=\"og:site_name\" content=\"Origon EU\" \/>\n<meta property=\"article:modified_time\" content=\"2025-03-25T13:51:54+00:00\" \/>\n<meta property=\"og:image\" content=\"https:\/\/origon-eu.com\/wp-content\/uploads\/2025\/03\/halat-mikropamuk-s-kaculka-450gr-100-pamuk-pepel-ot-rozi-image_670cf768b9f4c_1920x1920.webp\" \/>\n\t<meta property=\"og:image:width\" content=\"1280\" \/>\n\t<meta property=\"og:image:height\" content=\"1920\" \/>\n\t<meta property=\"og:image:type\" content=\"image\/webp\" \/>\n<meta name=\"twitter:card\" content=\"summary_large_image\" \/>\n<meta name=\"twitter:label1\" content=\"Timp estimat pentru citire\" \/>\n\t<meta name=\"twitter:data1\" content=\"1 minut\" \/>\n<script type=\"application\/ld+json\" class=\"yoast-schema-graph\">{\"@context\":\"https:\/\/schema.org\",\"@graph\":[{\"@type\":\"WebPage\",\"@id\":\"https:\/\/origon-eu.com\/ro\/product\/microcotton-robe-with-hood-450gr-100-cotton-ashes-of-rose\/\",\"url\":\"https:\/\/origon-eu.com\/ro\/product\/microcotton-robe-with-hood-450gr-100-cotton-ashes-of-rose\/\",\"name\":\"Halat de baie Premium Microcotton cu glug\u0103, 450g \u2013 100% Bumbac, Cenu\u0219\u0103 de trandafir - Origon EU\",\"isPartOf\":{\"@id\":\"https:\/\/origon-eu.com\/#website\"},\"primaryImageOfPage\":{\"@id\":\"https:\/\/origon-eu.com\/ro\/product\/microcotton-robe-with-hood-450gr-100-cotton-ashes-of-rose\/#primaryimage\"},\"image\":{\"@id\":\"https:\/\/origon-eu.com\/ro\/product\/microcotton-robe-with-hood-450gr-100-cotton-ashes-of-rose\/#primaryimage\"},\"thumbnailUrl\":\"https:\/\/origon-eu.com\/wp-content\/uploads\/2025\/03\/halat-mikropamuk-s-kaculka-450gr-100-pamuk-pepel-ot-rozi-image_670cf768b9f4c_1920x1920.webp\",\"datePublished\":\"2025-03-21T14:55:05+00:00\",\"dateModified\":\"2025-03-25T13:51:54+00:00\",\"breadcrumb\":{\"@id\":\"https:\/\/origon-eu.com\/ro\/product\/microcotton-robe-with-hood-450gr-100-cotton-ashes-of-rose\/#breadcrumb\"},\"inLanguage\":\"ro-RO\",\"potentialAction\":[{\"@type\":\"ReadAction\",\"target\":[\"https:\/\/origon-eu.com\/ro\/product\/microcotton-robe-with-hood-450gr-100-cotton-ashes-of-rose\/\"]}]},{\"@type\":\"ImageObject\",\"inLanguage\":\"ro-RO\",\"@id\":\"https:\/\/origon-eu.com\/ro\/product\/microcotton-robe-with-hood-450gr-100-cotton-ashes-of-rose\/#primaryimage\",\"url\":\"https:\/\/origon-eu.com\/wp-content\/uploads\/2025\/03\/halat-mikropamuk-s-kaculka-450gr-100-pamuk-pepel-ot-rozi-image_670cf768b9f4c_1920x1920.webp\",\"contentUrl\":\"https:\/\/origon-eu.com\/wp-content\/uploads\/2025\/03\/halat-mikropamuk-s-kaculka-450gr-100-pamuk-pepel-ot-rozi-image_670cf768b9f4c_1920x1920.webp\",\"width\":1280,\"height\":1920},{\"@type\":\"BreadcrumbList\",\"@id\":\"https:\/\/origon-eu.com\/ro\/product\/microcotton-robe-with-hood-450gr-100-cotton-ashes-of-rose\/#breadcrumb\",\"itemListElement\":[{\"@type\":\"ListItem\",\"position\":1,\"name\":\"Home\",\"item\":\"https:\/\/origon-eu.com\/\"},{\"@type\":\"ListItem\",\"position\":2,\"name\":\"Shop\",\"item\":\"https:\/\/origon-eu.com\/ro\/shop-2\/\"},{\"@type\":\"ListItem\",\"position\":3,\"name\":\"Halat de baie Premium Microcotton cu glug\u0103, 450g \u2013 100% Bumbac, Cenu\u0219\u0103 de trandafir\"}]},{\"@type\":\"WebSite\",\"@id\":\"https:\/\/origon-eu.com\/#website\",\"url\":\"https:\/\/origon-eu.com\/\",\"name\":\"Origon EU\",\"description\":\"Online Store\",\"publisher\":{\"@id\":\"https:\/\/origon-eu.com\/#organization\"},\"potentialAction\":[{\"@type\":\"SearchAction\",\"target\":{\"@type\":\"EntryPoint\",\"urlTemplate\":\"https:\/\/origon-eu.com\/?s={search_term_string}\"},\"query-input\":{\"@type\":\"PropertyValueSpecification\",\"valueRequired\":true,\"valueName\":\"search_term_string\"}}],\"inLanguage\":\"ro-RO\"},{\"@type\":\"Organization\",\"@id\":\"https:\/\/origon-eu.com\/#organization\",\"name\":\"Origon EU\",\"url\":\"https:\/\/origon-eu.com\/\",\"logo\":{\"@type\":\"ImageObject\",\"inLanguage\":\"ro-RO\",\"@id\":\"https:\/\/origon-eu.com\/#\/schema\/logo\/image\/\",\"url\":\"https:\/\/origon-eu.com\/wp-content\/uploads\/2024\/04\/Screenshot-2024-04-09-101814.png\",\"contentUrl\":\"https:\/\/origon-eu.com\/wp-content\/uploads\/2024\/04\/Screenshot-2024-04-09-101814.png\",\"width\":171,\"height\":59,\"caption\":\"Origon EU\"},\"image\":{\"@id\":\"https:\/\/origon-eu.com\/#\/schema\/logo\/image\/\"}}]}<\/script>\n<!-- \/ Yoast SEO plugin. -->","yoast_head_json":{"title":"Halat de baie Premium Microcotton cu glug\u0103, 450g \u2013 100% Bumbac, Cenu\u0219\u0103 de trandafir - Origon EU","robots":{"index":"index","follow":"follow","max-snippet":"max-snippet:-1","max-image-preview":"max-image-preview:large","max-video-preview":"max-video-preview:-1"},"canonical":"https:\/\/origon-eu.com\/ro\/product\/microcotton-robe-with-hood-450gr-100-cotton-ashes-of-rose\/","og_locale":"ro_RO","og_type":"article","og_title":"Halat de baie Premium Microcotton cu glug\u0103, 450g \u2013 100% Bumbac, Cenu\u0219\u0103 de trandafir - Origon EU","og_description":"Material: Microcotton 100% bumbac pentru o senza\u021bie moale \u0219i foarte absorbant\u0103  Greutate: 450 grame, oferind o textur\u0103 pufoas\u0103 \u0219i confortabil\u0103  Design: Include o capu\u0219\u0103 pentru un plus de c\u0103ldur\u0103 \u0219i confort  Culoare: Nuanta elegant\u0103 de ruj cenu\u0219iu, pentru un aspect rafinat \u0219i delicat  Absorbant: Absorb\u021bie excelent\u0103, ideal pentru uscare dup\u0103 baie sau du\u0219  Confortabil: Ofer\u0103 o experien\u021b\u0103 de lux asem\u0103n\u0103toare unui spa acas\u0103","og_url":"https:\/\/origon-eu.com\/ro\/product\/microcotton-robe-with-hood-450gr-100-cotton-ashes-of-rose\/","og_site_name":"Origon EU","article_modified_time":"2025-03-25T13:51:54+00:00","og_image":[{"width":1280,"height":1920,"url":"https:\/\/origon-eu.com\/wp-content\/uploads\/2025\/03\/halat-mikropamuk-s-kaculka-450gr-100-pamuk-pepel-ot-rozi-image_670cf768b9f4c_1920x1920.webp","type":"image\/webp"}],"twitter_card":"summary_large_image","twitter_misc":{"Timp estimat pentru citire":"1 minut"},"schema":{"@context":"https:\/\/schema.org","@graph":[{"@type":"WebPage","@id":"https:\/\/origon-eu.com\/ro\/product\/microcotton-robe-with-hood-450gr-100-cotton-ashes-of-rose\/","url":"https:\/\/origon-eu.com\/ro\/product\/microcotton-robe-with-hood-450gr-100-cotton-ashes-of-rose\/","name":"Halat de baie Premium Microcotton cu glug\u0103, 450g \u2013 100% Bumbac, Cenu\u0219\u0103 de trandafir - Origon EU","isPartOf":{"@id":"https:\/\/origon-eu.com\/#website"},"primaryImageOfPage":{"@id":"https:\/\/origon-eu.com\/ro\/product\/microcotton-robe-with-hood-450gr-100-cotton-ashes-of-rose\/#primaryimage"},"image":{"@id":"https:\/\/origon-eu.com\/ro\/product\/microcotton-robe-with-hood-450gr-100-cotton-ashes-of-rose\/#primaryimage"},"thumbnailUrl":"https:\/\/origon-eu.com\/wp-content\/uploads\/2025\/03\/halat-mikropamuk-s-kaculka-450gr-100-pamuk-pepel-ot-rozi-image_670cf768b9f4c_1920x1920.webp","datePublished":"2025-03-21T14:55:05+00:00","dateModified":"2025-03-25T13:51:54+00:00","breadcrumb":{"@id":"https:\/\/origon-eu.com\/ro\/product\/microcotton-robe-with-hood-450gr-100-cotton-ashes-of-rose\/#breadcrumb"},"inLanguage":"ro-RO","potentialAction":[{"@type":"ReadAction","target":["https:\/\/origon-eu.com\/ro\/product\/microcotton-robe-with-hood-450gr-100-cotton-ashes-of-rose\/"]}]},{"@type":"ImageObject","inLanguage":"ro-RO","@id":"https:\/\/origon-eu.com\/ro\/product\/microcotton-robe-with-hood-450gr-100-cotton-ashes-of-rose\/#primaryimage","url":"https:\/\/origon-eu.com\/wp-content\/uploads\/2025\/03\/halat-mikropamuk-s-kaculka-450gr-100-pamuk-pepel-ot-rozi-image_670cf768b9f4c_1920x1920.webp","contentUrl":"https:\/\/origon-eu.com\/wp-content\/uploads\/2025\/03\/halat-mikropamuk-s-kaculka-450gr-100-pamuk-pepel-ot-rozi-image_670cf768b9f4c_1920x1920.webp","width":1280,"height":1920},{"@type":"BreadcrumbList","@id":"https:\/\/origon-eu.com\/ro\/product\/microcotton-robe-with-hood-450gr-100-cotton-ashes-of-rose\/#breadcrumb","itemListElement":[{"@type":"ListItem","position":1,"name":"Home","item":"https:\/\/origon-eu.com\/"},{"@type":"ListItem","position":2,"name":"Shop","item":"https:\/\/origon-eu.com\/ro\/shop-2\/"},{"@type":"ListItem","position":3,"name":"Halat de baie Premium Microcotton cu glug\u0103, 450g \u2013 100% Bumbac, Cenu\u0219\u0103 de trandafir"}]},{"@type":"WebSite","@id":"https:\/\/origon-eu.com\/#website","url":"https:\/\/origon-eu.com\/","name":"Origon EU","description":"Online Store","publisher":{"@id":"https:\/\/origon-eu.com\/#organization"},"potentialAction":[{"@type":"SearchAction","target":{"@type":"EntryPoint","urlTemplate":"https:\/\/origon-eu.com\/?s={search_term_string}"},"query-input":{"@type":"PropertyValueSpecification","valueRequired":true,"valueName":"search_term_string"}}],"inLanguage":"ro-RO"},{"@type":"Organization","@id":"https:\/\/origon-eu.com\/#organization","name":"Origon EU","url":"https:\/\/origon-eu.com\/","logo":{"@type":"ImageObject","inLanguage":"ro-RO","@id":"https:\/\/origon-eu.com\/#\/schema\/logo\/image\/","url":"https:\/\/origon-eu.com\/wp-content\/uploads\/2024\/04\/Screenshot-2024-04-09-101814.png","contentUrl":"https:\/\/origon-eu.com\/wp-content\/uploads\/2024\/04\/Screenshot-2024-04-09-101814.png","width":171,"height":59,"caption":"Origon EU"},"image":{"@id":"https:\/\/origon-eu.com\/#\/schema\/logo\/image\/"}}]}},"tiered_pricing_type":"fixed","tiered_pricing_fixed_rules":[],"tiered_pricing_percentage_rules":[],"tiered_pricing_minimum":1,"tiered_pricing_roles_data":[],"_links":{"self":[{"href":"https:\/\/origon-eu.com\/ro\/wp-json\/wp\/v2\/product\/39471","targetHints":{"allow":["GET"]}}],"collection":[{"href":"https:\/\/origon-eu.com\/ro\/wp-json\/wp\/v2\/product"}],"about":[{"href":"https:\/\/origon-eu.com\/ro\/wp-json\/wp\/v2\/types\/product"}],"version-history":[{"count":2,"href":"https:\/\/origon-eu.com\/ro\/wp-json\/wp\/v2\/product\/39471\/revisions"}],"predecessor-version":[{"id":39914,"href":"https:\/\/origon-eu.com\/ro\/wp-json\/wp\/v2\/product\/39471\/revisions\/39914"}],"wp:featuredmedia":[{"embeddable":true,"href":"https:\/\/origon-eu.com\/ro\/wp-json\/wp\/v2\/media\/38915"}],"wp:attachment":[{"href":"https:\/\/origon-eu.com\/ro\/wp-json\/wp\/v2\/media?parent=39471"}],"wp:term":[{"taxonomy":"product_cat","embeddable":true,"href":"https:\/\/origon-eu.com\/ro\/wp-json\/wp\/v2\/product_cat?post=39471"},{"taxonomy":"product_tag","embeddable":true,"href":"https:\/\/origon-eu.com\/ro\/wp-json\/wp\/v2\/product_tag?post=39471"}],"curies":[{"name":"wp","href":"https:\/\/api.w.org\/{rel}","templated":true}]}}