{"id":39340,"date":"2025-03-21T16:47:49","date_gmt":"2025-03-21T14:47:49","guid":{"rendered":"https:\/\/origon-eu.com\/product\/microcotton-bathrobe-with-hood-450gr-100-cotton-ecru\/"},"modified":"2025-03-25T15:46:29","modified_gmt":"2025-03-25T13:46:29","slug":"microcotton-bathrobe-with-hood-450gr-100-cotton-ecru","status":"publish","type":"product","link":"https:\/\/origon-eu.com\/ro\/product\/microcotton-bathrobe-with-hood-450gr-100-cotton-ecru\/","title":{"rendered":"Halat de baie Premium Microcotton cu glug\u0103, 450g \u2013 100% Bumbac, Ecru"},"content":{"rendered":"<p>Halat de baie luxos cu capu\u0219\u0103 din microcotton, cu densitate mare \u0219i design stilat. Microcotton este un fir de bumbac care a trecut printr-un tratament special, ceea ce face ca produsele realizate din acesta s\u0103 fie extrem de moi \u0219i delicate la atingere, av\u00e2nd o absorb\u021bie perfect\u0103. Culoare durabil\u0103.<\/p>\n<p data-start=\"359\" data-end=\"374\">Caracteristici:<\/p>\n<p data-start=\"376\" data-end=\"418\">M\u0103rimi: M, L, XL<br data-start=\"392\" data-end=\"395\" \/>Compozi\u021bie: 100% bumbac<\/p>\n<p data-start=\"420\" data-end=\"425\">Note:<\/p>\n<p data-start=\"427\" data-end=\"587\">Poate fi sp\u0103lat la ma\u0219ina de sp\u0103lat la o temperatur\u0103 de p\u00e2n\u0103 la 40 de grade!<br data-start=\"503\" data-end=\"506\" \/>IMAGINEA ESTE ILUSTRATIV\u0102 \u0218I PREZINT\u0102 CARACTERISTICILE GENERALE ALE PRODUSULUI!!!<\/p>\n","protected":false},"excerpt":{"rendered":"<ul>\n<li data-start=\"0\" data-end=\"74\"><strong>Material:<\/strong> 100% bumbac microcotton pentru un sentiment moale \u0219i ultra-absorbant<\/li>\n<li data-start=\"0\" data-end=\"74\"><strong>Greutate:<\/strong> 450 grame, oferind o textur\u0103 mai grea, pufoas\u0103<\/li>\n<li data-start=\"0\" data-end=\"74\"><strong>Design:<\/strong> Cu capu\u0219\u0103 pentru un plus de c\u0103ldur\u0103 \u0219i confort<\/li>\n<li data-start=\"0\" data-end=\"74\"><strong>Culoare:<\/strong> Nuant\u0103 elegant\u0103 de ecru pentru un aspect sofisticat \u0219i neutru<\/li>\n<li data-start=\"0\" data-end=\"74\"><strong>Absorbant:<\/strong> Extrem de absorbant, ideal pentru uscare rapid\u0103<\/li>\n<li data-start=\"0\" data-end=\"74\"><strong>Confortabil:<\/strong> Ofer\u0103 o experien\u021b\u0103 de lux tip spa acas\u0103<\/li>\n<\/ul>\n","protected":false},"featured_media":38859,"template":"","meta":[],"product_cat":[505],"product_tag":[],"class_list":{"0":"post-39340","1":"product","2":"type-product","3":"status-publish","4":"has-post-thumbnail","6":"product_cat-bathrobes-ro","8":"first","9":"outofstock","10":"shipping-taxable","11":"purchasable","12":"product-type-variable"},"yoast_head":"<!-- This site is optimized with the Yoast SEO plugin v24.2 - https:\/\/yoast.com\/wordpress\/plugins\/seo\/ -->\n<title>Halat de baie Premium Microcotton cu glug\u0103, 450g \u2013 100% Bumbac, Ecru - Origon EU<\/title>\n<meta name=\"robots\" content=\"index, follow, max-snippet:-1, max-image-preview:large, max-video-preview:-1\" \/>\n<link rel=\"canonical\" href=\"https:\/\/origon-eu.com\/ro\/product\/microcotton-bathrobe-with-hood-450gr-100-cotton-ecru\/\" \/>\n<meta property=\"og:locale\" content=\"ro_RO\" \/>\n<meta property=\"og:type\" content=\"article\" \/>\n<meta property=\"og:title\" content=\"Halat de baie Premium Microcotton cu glug\u0103, 450g \u2013 100% Bumbac, Ecru - Origon EU\" \/>\n<meta property=\"og:description\" content=\"Material: 100% bumbac microcotton pentru un sentiment moale \u0219i ultra-absorbant  Greutate: 450 grame, oferind o textur\u0103 mai grea, pufoas\u0103  Design: Cu capu\u0219\u0103 pentru un plus de c\u0103ldur\u0103 \u0219i confort  Culoare: Nuant\u0103 elegant\u0103 de ecru pentru un aspect sofisticat \u0219i neutru  Absorbant: Extrem de absorbant, ideal pentru uscare rapid\u0103  Confortabil: Ofer\u0103 o experien\u021b\u0103 de lux tip spa acas\u0103\" \/>\n<meta property=\"og:url\" content=\"https:\/\/origon-eu.com\/ro\/product\/microcotton-bathrobe-with-hood-450gr-100-cotton-ecru\/\" \/>\n<meta property=\"og:site_name\" content=\"Origon EU\" \/>\n<meta property=\"article:modified_time\" content=\"2025-03-25T13:46:29+00:00\" \/>\n<meta property=\"og:image\" content=\"https:\/\/origon-eu.com\/wp-content\/uploads\/2025\/03\/halat-mikropamuk-s-kaculka-450gr-100-pamuk-ekru-image_670cf370c8236_1920x1920.webp\" \/>\n\t<meta property=\"og:image:width\" content=\"1280\" \/>\n\t<meta property=\"og:image:height\" content=\"1920\" \/>\n\t<meta property=\"og:image:type\" content=\"image\/webp\" \/>\n<meta name=\"twitter:card\" content=\"summary_large_image\" \/>\n<meta name=\"twitter:label1\" content=\"Timp estimat pentru citire\" \/>\n\t<meta name=\"twitter:data1\" content=\"1 minut\" \/>\n<script type=\"application\/ld+json\" class=\"yoast-schema-graph\">{\"@context\":\"https:\/\/schema.org\",\"@graph\":[{\"@type\":\"WebPage\",\"@id\":\"https:\/\/origon-eu.com\/ro\/product\/microcotton-bathrobe-with-hood-450gr-100-cotton-ecru\/\",\"url\":\"https:\/\/origon-eu.com\/ro\/product\/microcotton-bathrobe-with-hood-450gr-100-cotton-ecru\/\",\"name\":\"Halat de baie Premium Microcotton cu glug\u0103, 450g \u2013 100% Bumbac, Ecru - Origon EU\",\"isPartOf\":{\"@id\":\"https:\/\/origon-eu.com\/#website\"},\"primaryImageOfPage\":{\"@id\":\"https:\/\/origon-eu.com\/ro\/product\/microcotton-bathrobe-with-hood-450gr-100-cotton-ecru\/#primaryimage\"},\"image\":{\"@id\":\"https:\/\/origon-eu.com\/ro\/product\/microcotton-bathrobe-with-hood-450gr-100-cotton-ecru\/#primaryimage\"},\"thumbnailUrl\":\"https:\/\/origon-eu.com\/wp-content\/uploads\/2025\/03\/halat-mikropamuk-s-kaculka-450gr-100-pamuk-ekru-image_670cf370c8236_1920x1920.webp\",\"datePublished\":\"2025-03-21T14:47:49+00:00\",\"dateModified\":\"2025-03-25T13:46:29+00:00\",\"breadcrumb\":{\"@id\":\"https:\/\/origon-eu.com\/ro\/product\/microcotton-bathrobe-with-hood-450gr-100-cotton-ecru\/#breadcrumb\"},\"inLanguage\":\"ro-RO\",\"potentialAction\":[{\"@type\":\"ReadAction\",\"target\":[\"https:\/\/origon-eu.com\/ro\/product\/microcotton-bathrobe-with-hood-450gr-100-cotton-ecru\/\"]}]},{\"@type\":\"ImageObject\",\"inLanguage\":\"ro-RO\",\"@id\":\"https:\/\/origon-eu.com\/ro\/product\/microcotton-bathrobe-with-hood-450gr-100-cotton-ecru\/#primaryimage\",\"url\":\"https:\/\/origon-eu.com\/wp-content\/uploads\/2025\/03\/halat-mikropamuk-s-kaculka-450gr-100-pamuk-ekru-image_670cf370c8236_1920x1920.webp\",\"contentUrl\":\"https:\/\/origon-eu.com\/wp-content\/uploads\/2025\/03\/halat-mikropamuk-s-kaculka-450gr-100-pamuk-ekru-image_670cf370c8236_1920x1920.webp\",\"width\":1280,\"height\":1920},{\"@type\":\"BreadcrumbList\",\"@id\":\"https:\/\/origon-eu.com\/ro\/product\/microcotton-bathrobe-with-hood-450gr-100-cotton-ecru\/#breadcrumb\",\"itemListElement\":[{\"@type\":\"ListItem\",\"position\":1,\"name\":\"Home\",\"item\":\"https:\/\/origon-eu.com\/\"},{\"@type\":\"ListItem\",\"position\":2,\"name\":\"Shop\",\"item\":\"https:\/\/origon-eu.com\/ro\/shop-2\/\"},{\"@type\":\"ListItem\",\"position\":3,\"name\":\"Halat de baie Premium Microcotton cu glug\u0103, 450g \u2013 100% Bumbac, Ecru\"}]},{\"@type\":\"WebSite\",\"@id\":\"https:\/\/origon-eu.com\/#website\",\"url\":\"https:\/\/origon-eu.com\/\",\"name\":\"Origon EU\",\"description\":\"Online Store\",\"publisher\":{\"@id\":\"https:\/\/origon-eu.com\/#organization\"},\"potentialAction\":[{\"@type\":\"SearchAction\",\"target\":{\"@type\":\"EntryPoint\",\"urlTemplate\":\"https:\/\/origon-eu.com\/?s={search_term_string}\"},\"query-input\":{\"@type\":\"PropertyValueSpecification\",\"valueRequired\":true,\"valueName\":\"search_term_string\"}}],\"inLanguage\":\"ro-RO\"},{\"@type\":\"Organization\",\"@id\":\"https:\/\/origon-eu.com\/#organization\",\"name\":\"Origon EU\",\"url\":\"https:\/\/origon-eu.com\/\",\"logo\":{\"@type\":\"ImageObject\",\"inLanguage\":\"ro-RO\",\"@id\":\"https:\/\/origon-eu.com\/#\/schema\/logo\/image\/\",\"url\":\"https:\/\/origon-eu.com\/wp-content\/uploads\/2024\/04\/Screenshot-2024-04-09-101814.png\",\"contentUrl\":\"https:\/\/origon-eu.com\/wp-content\/uploads\/2024\/04\/Screenshot-2024-04-09-101814.png\",\"width\":171,\"height\":59,\"caption\":\"Origon EU\"},\"image\":{\"@id\":\"https:\/\/origon-eu.com\/#\/schema\/logo\/image\/\"}}]}<\/script>\n<!-- \/ Yoast SEO plugin. -->","yoast_head_json":{"title":"Halat de baie Premium Microcotton cu glug\u0103, 450g \u2013 100% Bumbac, Ecru - Origon EU","robots":{"index":"index","follow":"follow","max-snippet":"max-snippet:-1","max-image-preview":"max-image-preview:large","max-video-preview":"max-video-preview:-1"},"canonical":"https:\/\/origon-eu.com\/ro\/product\/microcotton-bathrobe-with-hood-450gr-100-cotton-ecru\/","og_locale":"ro_RO","og_type":"article","og_title":"Halat de baie Premium Microcotton cu glug\u0103, 450g \u2013 100% Bumbac, Ecru - Origon EU","og_description":"Material: 100% bumbac microcotton pentru un sentiment moale \u0219i ultra-absorbant  Greutate: 450 grame, oferind o textur\u0103 mai grea, pufoas\u0103  Design: Cu capu\u0219\u0103 pentru un plus de c\u0103ldur\u0103 \u0219i confort  Culoare: Nuant\u0103 elegant\u0103 de ecru pentru un aspect sofisticat \u0219i neutru  Absorbant: Extrem de absorbant, ideal pentru uscare rapid\u0103  Confortabil: Ofer\u0103 o experien\u021b\u0103 de lux tip spa acas\u0103","og_url":"https:\/\/origon-eu.com\/ro\/product\/microcotton-bathrobe-with-hood-450gr-100-cotton-ecru\/","og_site_name":"Origon EU","article_modified_time":"2025-03-25T13:46:29+00:00","og_image":[{"width":1280,"height":1920,"url":"https:\/\/origon-eu.com\/wp-content\/uploads\/2025\/03\/halat-mikropamuk-s-kaculka-450gr-100-pamuk-ekru-image_670cf370c8236_1920x1920.webp","type":"image\/webp"}],"twitter_card":"summary_large_image","twitter_misc":{"Timp estimat pentru citire":"1 minut"},"schema":{"@context":"https:\/\/schema.org","@graph":[{"@type":"WebPage","@id":"https:\/\/origon-eu.com\/ro\/product\/microcotton-bathrobe-with-hood-450gr-100-cotton-ecru\/","url":"https:\/\/origon-eu.com\/ro\/product\/microcotton-bathrobe-with-hood-450gr-100-cotton-ecru\/","name":"Halat de baie Premium Microcotton cu glug\u0103, 450g \u2013 100% Bumbac, Ecru - Origon EU","isPartOf":{"@id":"https:\/\/origon-eu.com\/#website"},"primaryImageOfPage":{"@id":"https:\/\/origon-eu.com\/ro\/product\/microcotton-bathrobe-with-hood-450gr-100-cotton-ecru\/#primaryimage"},"image":{"@id":"https:\/\/origon-eu.com\/ro\/product\/microcotton-bathrobe-with-hood-450gr-100-cotton-ecru\/#primaryimage"},"thumbnailUrl":"https:\/\/origon-eu.com\/wp-content\/uploads\/2025\/03\/halat-mikropamuk-s-kaculka-450gr-100-pamuk-ekru-image_670cf370c8236_1920x1920.webp","datePublished":"2025-03-21T14:47:49+00:00","dateModified":"2025-03-25T13:46:29+00:00","breadcrumb":{"@id":"https:\/\/origon-eu.com\/ro\/product\/microcotton-bathrobe-with-hood-450gr-100-cotton-ecru\/#breadcrumb"},"inLanguage":"ro-RO","potentialAction":[{"@type":"ReadAction","target":["https:\/\/origon-eu.com\/ro\/product\/microcotton-bathrobe-with-hood-450gr-100-cotton-ecru\/"]}]},{"@type":"ImageObject","inLanguage":"ro-RO","@id":"https:\/\/origon-eu.com\/ro\/product\/microcotton-bathrobe-with-hood-450gr-100-cotton-ecru\/#primaryimage","url":"https:\/\/origon-eu.com\/wp-content\/uploads\/2025\/03\/halat-mikropamuk-s-kaculka-450gr-100-pamuk-ekru-image_670cf370c8236_1920x1920.webp","contentUrl":"https:\/\/origon-eu.com\/wp-content\/uploads\/2025\/03\/halat-mikropamuk-s-kaculka-450gr-100-pamuk-ekru-image_670cf370c8236_1920x1920.webp","width":1280,"height":1920},{"@type":"BreadcrumbList","@id":"https:\/\/origon-eu.com\/ro\/product\/microcotton-bathrobe-with-hood-450gr-100-cotton-ecru\/#breadcrumb","itemListElement":[{"@type":"ListItem","position":1,"name":"Home","item":"https:\/\/origon-eu.com\/"},{"@type":"ListItem","position":2,"name":"Shop","item":"https:\/\/origon-eu.com\/ro\/shop-2\/"},{"@type":"ListItem","position":3,"name":"Halat de baie Premium Microcotton cu glug\u0103, 450g \u2013 100% Bumbac, Ecru"}]},{"@type":"WebSite","@id":"https:\/\/origon-eu.com\/#website","url":"https:\/\/origon-eu.com\/","name":"Origon EU","description":"Online Store","publisher":{"@id":"https:\/\/origon-eu.com\/#organization"},"potentialAction":[{"@type":"SearchAction","target":{"@type":"EntryPoint","urlTemplate":"https:\/\/origon-eu.com\/?s={search_term_string}"},"query-input":{"@type":"PropertyValueSpecification","valueRequired":true,"valueName":"search_term_string"}}],"inLanguage":"ro-RO"},{"@type":"Organization","@id":"https:\/\/origon-eu.com\/#organization","name":"Origon EU","url":"https:\/\/origon-eu.com\/","logo":{"@type":"ImageObject","inLanguage":"ro-RO","@id":"https:\/\/origon-eu.com\/#\/schema\/logo\/image\/","url":"https:\/\/origon-eu.com\/wp-content\/uploads\/2024\/04\/Screenshot-2024-04-09-101814.png","contentUrl":"https:\/\/origon-eu.com\/wp-content\/uploads\/2024\/04\/Screenshot-2024-04-09-101814.png","width":171,"height":59,"caption":"Origon EU"},"image":{"@id":"https:\/\/origon-eu.com\/#\/schema\/logo\/image\/"}}]}},"tiered_pricing_type":"fixed","tiered_pricing_fixed_rules":[],"tiered_pricing_percentage_rules":[],"tiered_pricing_minimum":1,"tiered_pricing_roles_data":[],"_links":{"self":[{"href":"https:\/\/origon-eu.com\/ro\/wp-json\/wp\/v2\/product\/39340","targetHints":{"allow":["GET"]}}],"collection":[{"href":"https:\/\/origon-eu.com\/ro\/wp-json\/wp\/v2\/product"}],"about":[{"href":"https:\/\/origon-eu.com\/ro\/wp-json\/wp\/v2\/types\/product"}],"version-history":[{"count":3,"href":"https:\/\/origon-eu.com\/ro\/wp-json\/wp\/v2\/product\/39340\/revisions"}],"predecessor-version":[{"id":39891,"href":"https:\/\/origon-eu.com\/ro\/wp-json\/wp\/v2\/product\/39340\/revisions\/39891"}],"wp:featuredmedia":[{"embeddable":true,"href":"https:\/\/origon-eu.com\/ro\/wp-json\/wp\/v2\/media\/38859"}],"wp:attachment":[{"href":"https:\/\/origon-eu.com\/ro\/wp-json\/wp\/v2\/media?parent=39340"}],"wp:term":[{"taxonomy":"product_cat","embeddable":true,"href":"https:\/\/origon-eu.com\/ro\/wp-json\/wp\/v2\/product_cat?post=39340"},{"taxonomy":"product_tag","embeddable":true,"href":"https:\/\/origon-eu.com\/ro\/wp-json\/wp\/v2\/product_tag?post=39340"}],"curies":[{"name":"wp","href":"https:\/\/api.w.org\/{rel}","templated":true}]}}