{"id":35643,"date":"2025-02-28T11:14:55","date_gmt":"2025-02-28T09:14:55","guid":{"rendered":"https:\/\/origon-eu.com\/product\/lazy-beanbag-sofa\/"},"modified":"2025-02-28T15:39:54","modified_gmt":"2025-02-28T13:39:54","slug":"lazy-beanbag-sofa","status":"publish","type":"product","link":"https:\/\/origon-eu.com\/ro\/product\/lazy-beanbag-sofa\/","title":{"rendered":"Canapea Lazy BeanBag"},"content":{"rendered":"<p>Bag de fasole gigantic\u0103 pentru adul\u021bi|Sac de fasole Fuf|Cea mai bun\u0103 canapea pentru dormitor|<\/p>\n<p>**Confort \u0219i stil de neegalat**<br \/>\nScaunul de acoperire pentru canapele Lazy BeanBag este o dovad\u0103 a confortului \u0219i stilului, realizat din piele natural\u0103, care ofer\u0103 o senza\u021bie de lux \u0219i durabilitate. Acest scaun cu fasole cu un singur loc este conceput pentru a oferi suport ergonomic, ceea ce \u00eel face o alegere excelent\u0103 pentru cei care apreciaz\u0103 at\u00e2t confortul, c\u00e2t \u0219i stilul. Designul sporit al sp\u0103tarului v\u0103 asigur\u0103 c\u0103 v\u0103 pute\u021bi relaxa confortabil, indiferent dac\u0103 v\u0103 uita\u021bi la televizor, citi\u021bi o carte sau pur \u0219i simplu v\u0103 relaxa\u021bi.<\/p>\n<p>**Versatil \u0219i convenabil**<br \/>\nAcest scaun beanbag nu este doar o pies\u0103 de mobilier; este un plus versatil pentru orice spa\u021biu de locuit. Designul s\u0103u u\u0219or \u00eel face u\u0219or de mutat, f\u0103c\u00e2ndu-l perfect pentru c\u0103mine, s\u0103li de jocuri sau chiar ca un plus confortabil pentru dormitorul t\u0103u. Canapeaua gonflabil\u0103 flocata este u\u0219or de instalat, iar pompa inclus\u0103 v\u0103 asigur\u0103 c\u0103 v\u0103 pute\u021bi bucura de noul scaun \u00een cel mai scurt timp. Dimensiunea compact\u0103 \u0219i greutatea redus\u0103 \u00eel fac u\u0219or de depozitat atunci c\u00e2nd nu este folosit.<\/p>\n<p>**\u00centre\u021binere \u0219i reparare u\u0219oar\u0103**<br \/>\nCur\u0103\u021barea scaunului de fasole este u\u0219oar\u0103 datorit\u0103 func\u021biei de canapea care se poate sp\u0103la la ma\u0219in\u0103. Materialul flocat este conceput pentru a rezista la pete \u0219i pentru a-\u0219i men\u021bine moliciunea, asigur\u00e2ndu-se c\u0103 scaunul t\u0103u r\u0103m\u00e2ne un refugiu confortabil pentru anii urm\u0103tori. \u00cen cazul rar al unei \u00een\u021bep\u0103turi, scaunul vine cu un kit de repara\u021bii, inclusiv lipici, pentru a v\u0103 asigura c\u0103 scaunul dumneavoastr\u0103 r\u0103m\u00e2ne \u00een stare bun\u0103. Nu uita\u021bi s\u0103 men\u021bine\u021bi nivelul de gaz moderat pentru a evita spargerea \u0219i bucura\u021bi-v\u0103 de confortul \u0219i comoditatea acestui pat gonflabil de \u00eenalt\u0103 calitate.<\/p>\n<p><a href=\"https:\/\/origon-eu.com\/wp-content\/uploads\/2025\/02\/S491fbbfe575a4089996aabca8ea58c48i.webp\"><img fetchpriority=\"high\" decoding=\"async\" class=\"alignnone size-full wp-image-35262\" src=\"https:\/\/origon-eu.com\/wp-content\/uploads\/2025\/02\/S491fbbfe575a4089996aabca8ea58c48i.webp\" alt=\"\" width=\"800\" height=\"563\" srcset=\"https:\/\/origon-eu.com\/wp-content\/uploads\/2025\/02\/S491fbbfe575a4089996aabca8ea58c48i.webp 800w, https:\/\/origon-eu.com\/wp-content\/uploads\/2025\/02\/S491fbbfe575a4089996aabca8ea58c48i-300x211.webp 300w, https:\/\/origon-eu.com\/wp-content\/uploads\/2025\/02\/S491fbbfe575a4089996aabca8ea58c48i-768x540.webp 768w, https:\/\/origon-eu.com\/wp-content\/uploads\/2025\/02\/S491fbbfe575a4089996aabca8ea58c48i-600x422.webp 600w, https:\/\/origon-eu.com\/wp-content\/uploads\/2025\/02\/S491fbbfe575a4089996aabca8ea58c48i-150x106.webp 150w\" sizes=\"(max-width: 800px) 100vw, 800px\" \/><\/a><\/p>\n<p>Material: Piele autentica<br \/>\nPentru Num\u0103rul: Single<br \/>\nDesign \u0219i stil: canapea gonflabil\u0103 cu sp\u0103tar sporit<br \/>\nUtilizare \u0219i scop: Ideal pentru \u0219edere, siesta \u0219i odihn\u0103<br \/>\nForma sau dimensiune sau greutate sau cantitate: 116 * 98 * 83 cm, 2 kg<br \/>\nPerforman\u021b\u0103 \u0219i proprietate: Proiectat ergonomic pentru confort \u0219i sprijin<\/p>\n<p><a href=\"https:\/\/origon-eu.com\/wp-content\/uploads\/2025\/02\/Sb36a731dd2114e32993547b4d8881b1aR.jpg_960x960q75.jpg_.webp\"><img decoding=\"async\" class=\"alignnone size-full wp-image-35553\" src=\"https:\/\/origon-eu.com\/wp-content\/uploads\/2025\/02\/Sb36a731dd2114e32993547b4d8881b1aR.jpg_960x960q75.jpg_.webp\" alt=\"\" width=\"800\" height=\"800\" srcset=\"https:\/\/origon-eu.com\/wp-content\/uploads\/2025\/02\/Sb36a731dd2114e32993547b4d8881b1aR.jpg_960x960q75.jpg_.webp 800w, https:\/\/origon-eu.com\/wp-content\/uploads\/2025\/02\/Sb36a731dd2114e32993547b4d8881b1aR.jpg_960x960q75.jpg_-300x300.webp 300w, https:\/\/origon-eu.com\/wp-content\/uploads\/2025\/02\/Sb36a731dd2114e32993547b4d8881b1aR.jpg_960x960q75.jpg_-150x150.webp 150w, https:\/\/origon-eu.com\/wp-content\/uploads\/2025\/02\/Sb36a731dd2114e32993547b4d8881b1aR.jpg_960x960q75.jpg_-768x768.webp 768w, https:\/\/origon-eu.com\/wp-content\/uploads\/2025\/02\/Sb36a731dd2114e32993547b4d8881b1aR.jpg_960x960q75.jpg_-600x600.webp 600w\" sizes=\"(max-width: 800px) 100vw, 800px\" \/><\/a> <a href=\"https:\/\/origon-eu.com\/wp-content\/uploads\/2025\/02\/S2dd937b3583b4e349e97f2a084ece0adH.webp\"><img decoding=\"async\" class=\"alignnone size-full wp-image-35573\" src=\"https:\/\/origon-eu.com\/wp-content\/uploads\/2025\/02\/S2dd937b3583b4e349e97f2a084ece0adH.webp\" alt=\"\" width=\"800\" height=\"533\" srcset=\"https:\/\/origon-eu.com\/wp-content\/uploads\/2025\/02\/S2dd937b3583b4e349e97f2a084ece0adH.webp 800w, https:\/\/origon-eu.com\/wp-content\/uploads\/2025\/02\/S2dd937b3583b4e349e97f2a084ece0adH-300x200.webp 300w, https:\/\/origon-eu.com\/wp-content\/uploads\/2025\/02\/S2dd937b3583b4e349e97f2a084ece0adH-768x512.webp 768w, https:\/\/origon-eu.com\/wp-content\/uploads\/2025\/02\/S2dd937b3583b4e349e97f2a084ece0adH-600x400.webp 600w, https:\/\/origon-eu.com\/wp-content\/uploads\/2025\/02\/S2dd937b3583b4e349e97f2a084ece0adH-150x100.webp 150w\" sizes=\"(max-width: 800px) 100vw, 800px\" \/><\/a> <a href=\"https:\/\/origon-eu.com\/wp-content\/uploads\/2025\/02\/Sf6507ad7090f4c5ca3417ab39b9fa577v.webp\"><img loading=\"lazy\" decoding=\"async\" class=\"alignnone size-full wp-image-35583\" src=\"https:\/\/origon-eu.com\/wp-content\/uploads\/2025\/02\/Sf6507ad7090f4c5ca3417ab39b9fa577v.webp\" alt=\"\" width=\"800\" height=\"785\" srcset=\"https:\/\/origon-eu.com\/wp-content\/uploads\/2025\/02\/Sf6507ad7090f4c5ca3417ab39b9fa577v.webp 800w, https:\/\/origon-eu.com\/wp-content\/uploads\/2025\/02\/Sf6507ad7090f4c5ca3417ab39b9fa577v-300x294.webp 300w, https:\/\/origon-eu.com\/wp-content\/uploads\/2025\/02\/Sf6507ad7090f4c5ca3417ab39b9fa577v-768x754.webp 768w, https:\/\/origon-eu.com\/wp-content\/uploads\/2025\/02\/Sf6507ad7090f4c5ca3417ab39b9fa577v-600x589.webp 600w, https:\/\/origon-eu.com\/wp-content\/uploads\/2025\/02\/Sf6507ad7090f4c5ca3417ab39b9fa577v-150x147.webp 150w\" sizes=\"(max-width: 800px) 100vw, 800px\" \/><\/a> <a href=\"https:\/\/origon-eu.com\/wp-content\/uploads\/2025\/02\/Sad75a1565f1549dbb05dec6acf235573D.webp\"><img loading=\"lazy\" decoding=\"async\" class=\"alignnone size-full wp-image-35593\" src=\"https:\/\/origon-eu.com\/wp-content\/uploads\/2025\/02\/Sad75a1565f1549dbb05dec6acf235573D.webp\" alt=\"\" width=\"800\" height=\"666\" srcset=\"https:\/\/origon-eu.com\/wp-content\/uploads\/2025\/02\/Sad75a1565f1549dbb05dec6acf235573D.webp 800w, https:\/\/origon-eu.com\/wp-content\/uploads\/2025\/02\/Sad75a1565f1549dbb05dec6acf235573D-300x250.webp 300w, https:\/\/origon-eu.com\/wp-content\/uploads\/2025\/02\/Sad75a1565f1549dbb05dec6acf235573D-768x639.webp 768w, https:\/\/origon-eu.com\/wp-content\/uploads\/2025\/02\/Sad75a1565f1549dbb05dec6acf235573D-600x500.webp 600w, https:\/\/origon-eu.com\/wp-content\/uploads\/2025\/02\/Sad75a1565f1549dbb05dec6acf235573D-150x125.webp 150w\" sizes=\"(max-width: 800px) 100vw, 800px\" \/><\/a> <a href=\"https:\/\/origon-eu.com\/wp-content\/uploads\/2025\/02\/S77b9991115874337b145526c5a94fcd4M-1.webp\"><img loading=\"lazy\" decoding=\"async\" class=\"alignnone size-full wp-image-35603\" src=\"https:\/\/origon-eu.com\/wp-content\/uploads\/2025\/02\/S77b9991115874337b145526c5a94fcd4M-1.webp\" alt=\"\" width=\"800\" height=\"968\" srcset=\"https:\/\/origon-eu.com\/wp-content\/uploads\/2025\/02\/S77b9991115874337b145526c5a94fcd4M-1.webp 800w, https:\/\/origon-eu.com\/wp-content\/uploads\/2025\/02\/S77b9991115874337b145526c5a94fcd4M-1-248x300.webp 248w, https:\/\/origon-eu.com\/wp-content\/uploads\/2025\/02\/S77b9991115874337b145526c5a94fcd4M-1-768x929.webp 768w, https:\/\/origon-eu.com\/wp-content\/uploads\/2025\/02\/S77b9991115874337b145526c5a94fcd4M-1-600x726.webp 600w, https:\/\/origon-eu.com\/wp-content\/uploads\/2025\/02\/S77b9991115874337b145526c5a94fcd4M-1-150x182.webp 150w\" sizes=\"(max-width: 800px) 100vw, 800px\" \/><\/a><\/p>\n<div style=\"width: 1280px;\" class=\"wp-video\"><video class=\"wp-video-shortcode\" id=\"video-35643-1\" width=\"1280\" height=\"720\" preload=\"none\" controls=\"controls\"><source type=\"video\/mp4\" src=\"https:\/\/origon-eu.com\/wp-content\/uploads\/2025\/02\/ZOGL0ULhv6Mq4ETUPtS_1100172410205_mp4_265_hd.mp4?_=1\" \/><a href=\"https:\/\/origon-eu.com\/wp-content\/uploads\/2025\/02\/ZOGL0ULhv6Mq4ETUPtS_1100172410205_mp4_265_hd.mp4\">https:\/\/origon-eu.com\/wp-content\/uploads\/2025\/02\/ZOGL0ULhv6Mq4ETUPtS_1100172410205_mp4_265_hd.mp4<\/a><\/video><\/div>\n","protected":false},"excerpt":{"rendered":"<p>Fasolea gigantic\u0103 pentru adul\u021bi|Fuf Bean Bag|Material: Piele autentic\u0103,Confec\u021bionat\u0103 din piele natural\u0103, aceast\u0103 canapea tip fasole ofer\u0103 o senza\u021bie de lux \u0219i durabilitate.<\/p>\n<p>Dimensiune: 116 * 98 * 83 cm, La o dimensiune generoas\u0103 de 116 * 98 * 83 cm, aceast\u0103 canapea beanbag ofer\u0103 spa\u021biu amplu pentru relaxare \u0219i relaxare.<br \/>\nDesign: Suport ergonomic, Conceput ergonomic pentru a v\u0103 sus\u021bine corpul, acest scaun tip beanbag asigur\u0103 confort \u00een timpul orelor lungi de relaxare.<\/p>\n","protected":false},"featured_media":35560,"template":"","meta":[],"product_cat":[246],"product_tag":[],"class_list":{"0":"post-35643","1":"product","2":"type-product","3":"status-publish","4":"has-post-thumbnail","6":"product_cat-casa-si-bucatarie","8":"first","9":"instock","10":"sale","11":"shipping-taxable","12":"purchasable","13":"product-type-simple"},"yoast_head":"<!-- This site is optimized with the Yoast SEO plugin v24.2 - https:\/\/yoast.com\/wordpress\/plugins\/seo\/ -->\n<title>Canapea Lazy BeanBag - Origon EU<\/title>\n<meta name=\"robots\" content=\"index, follow, max-snippet:-1, max-image-preview:large, max-video-preview:-1\" \/>\n<link rel=\"canonical\" href=\"https:\/\/origon-eu.com\/ro\/product\/lazy-beanbag-sofa\/\" \/>\n<meta property=\"og:locale\" content=\"ro_RO\" \/>\n<meta property=\"og:type\" content=\"article\" \/>\n<meta property=\"og:title\" content=\"Canapea Lazy BeanBag - Origon EU\" \/>\n<meta property=\"og:description\" content=\"Fasolea gigantic\u0103 pentru adul\u021bi|Fuf Bean Bag|Material: Piele autentic\u0103,Confec\u021bionat\u0103 din piele natural\u0103, aceast\u0103 canapea tip fasole ofer\u0103 o senza\u021bie de lux \u0219i durabilitate.  Dimensiune: 116 * 98 * 83 cm, La o dimensiune generoas\u0103 de 116 * 98 * 83 cm, aceast\u0103 canapea beanbag ofer\u0103 spa\u021biu amplu pentru relaxare \u0219i relaxare. Design: Suport ergonomic, Conceput ergonomic pentru a v\u0103 sus\u021bine corpul, acest scaun tip beanbag asigur\u0103 confort \u00een timpul orelor lungi de relaxare.\" \/>\n<meta property=\"og:url\" content=\"https:\/\/origon-eu.com\/ro\/product\/lazy-beanbag-sofa\/\" \/>\n<meta property=\"og:site_name\" content=\"Origon EU\" \/>\n<meta property=\"article:modified_time\" content=\"2025-02-28T13:39:54+00:00\" \/>\n<meta property=\"og:image\" content=\"https:\/\/origon-eu.com\/wp-content\/uploads\/2025\/02\/Sb36a731dd2114e32993547b4d8881b1aR.jpg_960x960q75.jpg_.webp\" \/>\n\t<meta property=\"og:image:width\" content=\"800\" \/>\n\t<meta property=\"og:image:height\" content=\"800\" \/>\n\t<meta property=\"og:image:type\" content=\"image\/webp\" \/>\n<meta name=\"twitter:card\" content=\"summary_large_image\" \/>\n<meta name=\"twitter:label1\" content=\"Timp estimat pentru citire\" \/>\n\t<meta name=\"twitter:data1\" content=\"3 minute\" \/>\n<script type=\"application\/ld+json\" class=\"yoast-schema-graph\">{\"@context\":\"https:\/\/schema.org\",\"@graph\":[{\"@type\":\"WebPage\",\"@id\":\"https:\/\/origon-eu.com\/ro\/product\/lazy-beanbag-sofa\/\",\"url\":\"https:\/\/origon-eu.com\/ro\/product\/lazy-beanbag-sofa\/\",\"name\":\"Canapea Lazy BeanBag - Origon EU\",\"isPartOf\":{\"@id\":\"https:\/\/origon-eu.com\/#website\"},\"primaryImageOfPage\":{\"@id\":\"https:\/\/origon-eu.com\/ro\/product\/lazy-beanbag-sofa\/#primaryimage\"},\"image\":{\"@id\":\"https:\/\/origon-eu.com\/ro\/product\/lazy-beanbag-sofa\/#primaryimage\"},\"thumbnailUrl\":\"https:\/\/origon-eu.com\/wp-content\/uploads\/2025\/02\/Sb36a731dd2114e32993547b4d8881b1aR.jpg_960x960q75.jpg_.webp\",\"datePublished\":\"2025-02-28T09:14:55+00:00\",\"dateModified\":\"2025-02-28T13:39:54+00:00\",\"breadcrumb\":{\"@id\":\"https:\/\/origon-eu.com\/ro\/product\/lazy-beanbag-sofa\/#breadcrumb\"},\"inLanguage\":\"ro-RO\",\"potentialAction\":[{\"@type\":\"ReadAction\",\"target\":[\"https:\/\/origon-eu.com\/ro\/product\/lazy-beanbag-sofa\/\"]}]},{\"@type\":\"ImageObject\",\"inLanguage\":\"ro-RO\",\"@id\":\"https:\/\/origon-eu.com\/ro\/product\/lazy-beanbag-sofa\/#primaryimage\",\"url\":\"https:\/\/origon-eu.com\/wp-content\/uploads\/2025\/02\/Sb36a731dd2114e32993547b4d8881b1aR.jpg_960x960q75.jpg_.webp\",\"contentUrl\":\"https:\/\/origon-eu.com\/wp-content\/uploads\/2025\/02\/Sb36a731dd2114e32993547b4d8881b1aR.jpg_960x960q75.jpg_.webp\",\"width\":800,\"height\":800},{\"@type\":\"BreadcrumbList\",\"@id\":\"https:\/\/origon-eu.com\/ro\/product\/lazy-beanbag-sofa\/#breadcrumb\",\"itemListElement\":[{\"@type\":\"ListItem\",\"position\":1,\"name\":\"Home\",\"item\":\"https:\/\/origon-eu.com\/\"},{\"@type\":\"ListItem\",\"position\":2,\"name\":\"Shop\",\"item\":\"https:\/\/origon-eu.com\/ro\/shop-2\/\"},{\"@type\":\"ListItem\",\"position\":3,\"name\":\"Canapea Lazy BeanBag\"}]},{\"@type\":\"WebSite\",\"@id\":\"https:\/\/origon-eu.com\/#website\",\"url\":\"https:\/\/origon-eu.com\/\",\"name\":\"Origon EU\",\"description\":\"Online Store\",\"publisher\":{\"@id\":\"https:\/\/origon-eu.com\/#organization\"},\"potentialAction\":[{\"@type\":\"SearchAction\",\"target\":{\"@type\":\"EntryPoint\",\"urlTemplate\":\"https:\/\/origon-eu.com\/?s={search_term_string}\"},\"query-input\":{\"@type\":\"PropertyValueSpecification\",\"valueRequired\":true,\"valueName\":\"search_term_string\"}}],\"inLanguage\":\"ro-RO\"},{\"@type\":\"Organization\",\"@id\":\"https:\/\/origon-eu.com\/#organization\",\"name\":\"Origon EU\",\"url\":\"https:\/\/origon-eu.com\/\",\"logo\":{\"@type\":\"ImageObject\",\"inLanguage\":\"ro-RO\",\"@id\":\"https:\/\/origon-eu.com\/#\/schema\/logo\/image\/\",\"url\":\"https:\/\/origon-eu.com\/wp-content\/uploads\/2024\/04\/Screenshot-2024-04-09-101814.png\",\"contentUrl\":\"https:\/\/origon-eu.com\/wp-content\/uploads\/2024\/04\/Screenshot-2024-04-09-101814.png\",\"width\":171,\"height\":59,\"caption\":\"Origon EU\"},\"image\":{\"@id\":\"https:\/\/origon-eu.com\/#\/schema\/logo\/image\/\"}}]}<\/script>\n<!-- \/ Yoast SEO plugin. -->","yoast_head_json":{"title":"Canapea Lazy BeanBag - Origon EU","robots":{"index":"index","follow":"follow","max-snippet":"max-snippet:-1","max-image-preview":"max-image-preview:large","max-video-preview":"max-video-preview:-1"},"canonical":"https:\/\/origon-eu.com\/ro\/product\/lazy-beanbag-sofa\/","og_locale":"ro_RO","og_type":"article","og_title":"Canapea Lazy BeanBag - Origon EU","og_description":"Fasolea gigantic\u0103 pentru adul\u021bi|Fuf Bean Bag|Material: Piele autentic\u0103,Confec\u021bionat\u0103 din piele natural\u0103, aceast\u0103 canapea tip fasole ofer\u0103 o senza\u021bie de lux \u0219i durabilitate.  Dimensiune: 116 * 98 * 83 cm, La o dimensiune generoas\u0103 de 116 * 98 * 83 cm, aceast\u0103 canapea beanbag ofer\u0103 spa\u021biu amplu pentru relaxare \u0219i relaxare. Design: Suport ergonomic, Conceput ergonomic pentru a v\u0103 sus\u021bine corpul, acest scaun tip beanbag asigur\u0103 confort \u00een timpul orelor lungi de relaxare.","og_url":"https:\/\/origon-eu.com\/ro\/product\/lazy-beanbag-sofa\/","og_site_name":"Origon EU","article_modified_time":"2025-02-28T13:39:54+00:00","og_image":[{"width":800,"height":800,"url":"https:\/\/origon-eu.com\/wp-content\/uploads\/2025\/02\/Sb36a731dd2114e32993547b4d8881b1aR.jpg_960x960q75.jpg_.webp","type":"image\/webp"}],"twitter_card":"summary_large_image","twitter_misc":{"Timp estimat pentru citire":"3 minute"},"schema":{"@context":"https:\/\/schema.org","@graph":[{"@type":"WebPage","@id":"https:\/\/origon-eu.com\/ro\/product\/lazy-beanbag-sofa\/","url":"https:\/\/origon-eu.com\/ro\/product\/lazy-beanbag-sofa\/","name":"Canapea Lazy BeanBag - Origon EU","isPartOf":{"@id":"https:\/\/origon-eu.com\/#website"},"primaryImageOfPage":{"@id":"https:\/\/origon-eu.com\/ro\/product\/lazy-beanbag-sofa\/#primaryimage"},"image":{"@id":"https:\/\/origon-eu.com\/ro\/product\/lazy-beanbag-sofa\/#primaryimage"},"thumbnailUrl":"https:\/\/origon-eu.com\/wp-content\/uploads\/2025\/02\/Sb36a731dd2114e32993547b4d8881b1aR.jpg_960x960q75.jpg_.webp","datePublished":"2025-02-28T09:14:55+00:00","dateModified":"2025-02-28T13:39:54+00:00","breadcrumb":{"@id":"https:\/\/origon-eu.com\/ro\/product\/lazy-beanbag-sofa\/#breadcrumb"},"inLanguage":"ro-RO","potentialAction":[{"@type":"ReadAction","target":["https:\/\/origon-eu.com\/ro\/product\/lazy-beanbag-sofa\/"]}]},{"@type":"ImageObject","inLanguage":"ro-RO","@id":"https:\/\/origon-eu.com\/ro\/product\/lazy-beanbag-sofa\/#primaryimage","url":"https:\/\/origon-eu.com\/wp-content\/uploads\/2025\/02\/Sb36a731dd2114e32993547b4d8881b1aR.jpg_960x960q75.jpg_.webp","contentUrl":"https:\/\/origon-eu.com\/wp-content\/uploads\/2025\/02\/Sb36a731dd2114e32993547b4d8881b1aR.jpg_960x960q75.jpg_.webp","width":800,"height":800},{"@type":"BreadcrumbList","@id":"https:\/\/origon-eu.com\/ro\/product\/lazy-beanbag-sofa\/#breadcrumb","itemListElement":[{"@type":"ListItem","position":1,"name":"Home","item":"https:\/\/origon-eu.com\/"},{"@type":"ListItem","position":2,"name":"Shop","item":"https:\/\/origon-eu.com\/ro\/shop-2\/"},{"@type":"ListItem","position":3,"name":"Canapea Lazy BeanBag"}]},{"@type":"WebSite","@id":"https:\/\/origon-eu.com\/#website","url":"https:\/\/origon-eu.com\/","name":"Origon EU","description":"Online Store","publisher":{"@id":"https:\/\/origon-eu.com\/#organization"},"potentialAction":[{"@type":"SearchAction","target":{"@type":"EntryPoint","urlTemplate":"https:\/\/origon-eu.com\/?s={search_term_string}"},"query-input":{"@type":"PropertyValueSpecification","valueRequired":true,"valueName":"search_term_string"}}],"inLanguage":"ro-RO"},{"@type":"Organization","@id":"https:\/\/origon-eu.com\/#organization","name":"Origon EU","url":"https:\/\/origon-eu.com\/","logo":{"@type":"ImageObject","inLanguage":"ro-RO","@id":"https:\/\/origon-eu.com\/#\/schema\/logo\/image\/","url":"https:\/\/origon-eu.com\/wp-content\/uploads\/2024\/04\/Screenshot-2024-04-09-101814.png","contentUrl":"https:\/\/origon-eu.com\/wp-content\/uploads\/2024\/04\/Screenshot-2024-04-09-101814.png","width":171,"height":59,"caption":"Origon EU"},"image":{"@id":"https:\/\/origon-eu.com\/#\/schema\/logo\/image\/"}}]}},"tiered_pricing_type":"fixed","tiered_pricing_fixed_rules":[],"tiered_pricing_percentage_rules":[],"tiered_pricing_minimum":1,"tiered_pricing_roles_data":[],"_links":{"self":[{"href":"https:\/\/origon-eu.com\/ro\/wp-json\/wp\/v2\/product\/35643","targetHints":{"allow":["GET"]}}],"collection":[{"href":"https:\/\/origon-eu.com\/ro\/wp-json\/wp\/v2\/product"}],"about":[{"href":"https:\/\/origon-eu.com\/ro\/wp-json\/wp\/v2\/types\/product"}],"version-history":[{"count":1,"href":"https:\/\/origon-eu.com\/ro\/wp-json\/wp\/v2\/product\/35643\/revisions"}],"predecessor-version":[{"id":35644,"href":"https:\/\/origon-eu.com\/ro\/wp-json\/wp\/v2\/product\/35643\/revisions\/35644"}],"wp:featuredmedia":[{"embeddable":true,"href":"https:\/\/origon-eu.com\/ro\/wp-json\/wp\/v2\/media\/35560"}],"wp:attachment":[{"href":"https:\/\/origon-eu.com\/ro\/wp-json\/wp\/v2\/media?parent=35643"}],"wp:term":[{"taxonomy":"product_cat","embeddable":true,"href":"https:\/\/origon-eu.com\/ro\/wp-json\/wp\/v2\/product_cat?post=35643"},{"taxonomy":"product_tag","embeddable":true,"href":"https:\/\/origon-eu.com\/ro\/wp-json\/wp\/v2\/product_tag?post=35643"}],"curies":[{"name":"wp","href":"https:\/\/api.w.org\/{rel}","templated":true}]}}