{"id":34804,"date":"2025-02-17T14:51:11","date_gmt":"2025-02-17T12:51:11","guid":{"rendered":"https:\/\/origon-eu.com\/product\/waterproof-sleeveless-heated-vest\/"},"modified":"2025-02-17T16:46:35","modified_gmt":"2025-02-17T14:46:35","slug":"waterproof-sleeveless-heated-vest","status":"publish","type":"product","link":"https:\/\/origon-eu.com\/ro\/product\/waterproof-sleeveless-heated-vest\/","title":{"rendered":"Vest\u0103 \u00eenc\u0103lzit\u0103 f\u0103r\u0103 m\u00e2neci impermeabil\u0103"},"content":{"rendered":"<p class=\"\" style=\"text-align: center;\"><span class=\"\" data-sheets-root=\"1\">R\u0103m\u00e2ne\u021bi cald cu FLAMEVEST, cel mai bun partener pe vreme rece. Aceast\u0103 vest\u0103 cu trei elemente de \u00eenc\u0103lzire \u0219i un \u00eenc\u0103lzitor pentru g\u00e2t asigur\u0103 confort chiar \u0219i la cele mai sc\u0103zute temperaturi.<\/span><\/p>\n<p class=\"\" style=\"text-align: center;\">Alege\u021bi c\u0103ldura ideal\u0103 cu 3 niveluri de c\u0103ldur\u0103 reglabile. LED-urile colorate diferite de pe buton v\u0103 vor ar\u0103ta nivelul de c\u0103ldur\u0103 pe care l-a\u021bi selectat. Se va \u00eenc\u0103lzi \u00een doar c\u00e2teva secunde \u0219i te va salva rapid de frig.<\/p>\n<p class=\"\" style=\"text-align: center;\"><a href=\"https:\/\/origon-eu.com\/wp-content\/uploads\/2025\/02\/FLAMEVEST23689__df70ff35__314d8cf4__bc20f51a.webp\"><img fetchpriority=\"high\" decoding=\"async\" class=\"aligne-image-full\" src=\"https:\/\/origon-eu.com\/wp-content\/uploads\/2025\/02\/FLAMEVEST23689__df70ff35__314d8cf4__bc20f51a.webp\" alt=\"\" width=\"600\" height=\"600\" \/><\/a><\/p>\n<p class=\"\" style=\"text-align: center;\"><strong class=\"\">\ufe0f Utilizare versatil\u0103<\/strong><\/p>\n<p class=\"\" style=\"text-align: center;\"><span class=\"\" data-sheets-root=\"1\">Aceast\u0103 vest\u0103 cald\u0103 este conceput\u0103 pentru o varietate de activit\u0103\u021bi diferite. Utiliza\u021bi-l pentru mers pe jos, drume\u021bii, schi, alergare, pescuit sau orice alt\u0103 activitate. \u0218i, desigur, este potrivit \u0219i pentru purtarea de zi cu zi. Este durabil, u\u0219or, confortabil \u0219i nu v\u0103 va \u00eempiedica mi\u0219carea.<\/span><\/p>\n<p class=\"\" style=\"text-align: center;\"><a href=\"https:\/\/origon-eu.com\/wp-content\/uploads\/2025\/02\/FLAMEVEST24714__2edd0ddf__cda0b823__565c209d-1.webp\"><img decoding=\"async\" class=\"344wnone-image-7\" src=\"https:\/\/origon-eu.com\/wp-content\/uploads\/2025\/02\/FLAMEVEST24714__2edd0ddf__cda0b823__565c209d-1.webp\" alt=\"\" width=\"600\" height=\"601\" \/><\/a><\/p>\n<p class=\"\" style=\"text-align: center;\"><strong class=\"\"> U\u0219or de cur\u0103\u021bat<\/strong><\/p>\n<p class=\"\" style=\"text-align: center;\"><span class=\"\" data-sheets-root=\"1\">Vesca este lavabila manual, asa ca este usor sa o pastrati curata si pregatita pentru urmatoarea ta aventura. Este durabil \u0219i construit pentru a rezista, a\u0219a c\u0103 este conceput pentru utilizarea de zi cu zi.<\/span><\/p>\n<p class=\"\" style=\"text-align: center;\"><a href=\"https:\/\/origon-eu.com\/wp-content\/uploads\/2025\/02\/FLAMEVEST22689__7c5c5fde__e9d16f8b__1ef41ffb.webp\"><img decoding=\"async\" class=\"alignnone size-34 wp-image-ful\" src=\"https:\/\/origon-eu.com\/wp-content\/uploads\/2025\/02\/FLAMEVEST22689__7c5c5fde__e9d16f8b__1ef41ffb.webp\" alt=\"\" width=\"600\" height=\"600\" \/><\/a><\/p>\n<p class=\"\" style=\"text-align: center;\"><strong class=\"\">Specifica\u021biile produsului:<\/strong><\/p>\n<p class=\"\" style=\"text-align: center;\"><span class=\"\" data-sheets-root=\"1\">Material: 100% poliester<br \/>\nAlimentare: DC 5V 2A<\/span><\/p>\n<p class=\"\" style=\"text-align: center;\"><strong class=\"\">Pachetul include:<\/strong><\/p>\n<p class=\"\" style=\"text-align: center;\"><span class=\"\" data-sheets-root=\"1\">1 FLAMEVEST (vest\u0103 de \u00eenc\u0103lzire unisex)<\/span><\/p>\n","protected":false},"excerpt":{"rendered":"<ul>\n<li>Se \u00eenc\u0103lze\u0219te rapid \u00een 5 secunde<\/li>\n<li>\u00a03 niveluri de c\u0103ldur\u0103 reglabile<\/li>\n<li>\ufe0f Un plus de c\u0103ldur\u0103 pentru g\u00e2tul t\u0103u<\/li>\n<li>Se poate sp\u0103la manual pentru o \u00eentre\u021binere u\u0219oar\u0103<\/li>\n<li>Alimentat prin USB pentru confort<\/li>\n<\/ul>\n","protected":false},"featured_media":34514,"template":"","meta":[],"product_cat":[277],"product_tag":[],"class_list":{"0":"post-34804","1":"product","2":"type-product","3":"status-publish","4":"has-post-thumbnail","6":"product_cat-moda-ro","8":"first","9":"instock","10":"sale","11":"shipping-taxable","12":"purchasable","13":"product-type-simple"},"yoast_head":"<!-- This site is optimized with the Yoast SEO plugin v24.2 - https:\/\/yoast.com\/wordpress\/plugins\/seo\/ -->\n<title>Vest\u0103 \u00eenc\u0103lzit\u0103 f\u0103r\u0103 m\u00e2neci impermeabil\u0103 - Origon EU<\/title>\n<meta name=\"robots\" content=\"index, follow, max-snippet:-1, max-image-preview:large, max-video-preview:-1\" \/>\n<link rel=\"canonical\" href=\"https:\/\/origon-eu.com\/ro\/product\/waterproof-sleeveless-heated-vest\/\" \/>\n<meta property=\"og:locale\" content=\"ro_RO\" \/>\n<meta property=\"og:type\" content=\"article\" \/>\n<meta property=\"og:title\" content=\"Vest\u0103 \u00eenc\u0103lzit\u0103 f\u0103r\u0103 m\u00e2neci impermeabil\u0103 - Origon EU\" \/>\n<meta property=\"og:description\" content=\"Se \u00eenc\u0103lze\u0219te rapid \u00een 5 secunde  \u00a03 niveluri de c\u0103ldur\u0103 reglabile  \ufe0f Un plus de c\u0103ldur\u0103 pentru g\u00e2tul t\u0103u  Se poate sp\u0103la manual pentru o \u00eentre\u021binere u\u0219oar\u0103  Alimentat prin USB pentru confort\" \/>\n<meta property=\"og:url\" content=\"https:\/\/origon-eu.com\/ro\/product\/waterproof-sleeveless-heated-vest\/\" \/>\n<meta property=\"og:site_name\" content=\"Origon EU\" \/>\n<meta property=\"article:modified_time\" content=\"2025-02-17T14:46:35+00:00\" \/>\n<meta property=\"og:image\" content=\"https:\/\/origon-eu.com\/wp-content\/uploads\/2025\/02\/FLAMEVEST11748__ceca131a__7d7d09f6.jpg\" \/>\n\t<meta property=\"og:image:width\" content=\"600\" \/>\n\t<meta property=\"og:image:height\" content=\"600\" \/>\n\t<meta property=\"og:image:type\" content=\"image\/jpeg\" \/>\n<meta name=\"twitter:card\" content=\"summary_large_image\" \/>\n<meta name=\"twitter:label1\" content=\"Timp estimat pentru citire\" \/>\n\t<meta name=\"twitter:data1\" content=\"2 minute\" \/>\n<script type=\"application\/ld+json\" class=\"yoast-schema-graph\">{\"@context\":\"https:\/\/schema.org\",\"@graph\":[{\"@type\":\"WebPage\",\"@id\":\"https:\/\/origon-eu.com\/ro\/product\/waterproof-sleeveless-heated-vest\/\",\"url\":\"https:\/\/origon-eu.com\/ro\/product\/waterproof-sleeveless-heated-vest\/\",\"name\":\"Vest\u0103 \u00eenc\u0103lzit\u0103 f\u0103r\u0103 m\u00e2neci impermeabil\u0103 - Origon EU\",\"isPartOf\":{\"@id\":\"https:\/\/origon-eu.com\/#website\"},\"primaryImageOfPage\":{\"@id\":\"https:\/\/origon-eu.com\/ro\/product\/waterproof-sleeveless-heated-vest\/#primaryimage\"},\"image\":{\"@id\":\"https:\/\/origon-eu.com\/ro\/product\/waterproof-sleeveless-heated-vest\/#primaryimage\"},\"thumbnailUrl\":\"https:\/\/origon-eu.com\/wp-content\/uploads\/2025\/02\/FLAMEVEST11748__ceca131a__7d7d09f6.jpg\",\"datePublished\":\"2025-02-17T12:51:11+00:00\",\"dateModified\":\"2025-02-17T14:46:35+00:00\",\"breadcrumb\":{\"@id\":\"https:\/\/origon-eu.com\/ro\/product\/waterproof-sleeveless-heated-vest\/#breadcrumb\"},\"inLanguage\":\"ro-RO\",\"potentialAction\":[{\"@type\":\"ReadAction\",\"target\":[\"https:\/\/origon-eu.com\/ro\/product\/waterproof-sleeveless-heated-vest\/\"]}]},{\"@type\":\"ImageObject\",\"inLanguage\":\"ro-RO\",\"@id\":\"https:\/\/origon-eu.com\/ro\/product\/waterproof-sleeveless-heated-vest\/#primaryimage\",\"url\":\"https:\/\/origon-eu.com\/wp-content\/uploads\/2025\/02\/FLAMEVEST11748__ceca131a__7d7d09f6.jpg\",\"contentUrl\":\"https:\/\/origon-eu.com\/wp-content\/uploads\/2025\/02\/FLAMEVEST11748__ceca131a__7d7d09f6.jpg\",\"width\":600,\"height\":600},{\"@type\":\"BreadcrumbList\",\"@id\":\"https:\/\/origon-eu.com\/ro\/product\/waterproof-sleeveless-heated-vest\/#breadcrumb\",\"itemListElement\":[{\"@type\":\"ListItem\",\"position\":1,\"name\":\"Home\",\"item\":\"https:\/\/origon-eu.com\/\"},{\"@type\":\"ListItem\",\"position\":2,\"name\":\"Shop\",\"item\":\"https:\/\/origon-eu.com\/ro\/shop-2\/\"},{\"@type\":\"ListItem\",\"position\":3,\"name\":\"Vest\u0103 \u00eenc\u0103lzit\u0103 f\u0103r\u0103 m\u00e2neci impermeabil\u0103\"}]},{\"@type\":\"WebSite\",\"@id\":\"https:\/\/origon-eu.com\/#website\",\"url\":\"https:\/\/origon-eu.com\/\",\"name\":\"Origon EU\",\"description\":\"Online Store\",\"publisher\":{\"@id\":\"https:\/\/origon-eu.com\/#organization\"},\"potentialAction\":[{\"@type\":\"SearchAction\",\"target\":{\"@type\":\"EntryPoint\",\"urlTemplate\":\"https:\/\/origon-eu.com\/?s={search_term_string}\"},\"query-input\":{\"@type\":\"PropertyValueSpecification\",\"valueRequired\":true,\"valueName\":\"search_term_string\"}}],\"inLanguage\":\"ro-RO\"},{\"@type\":\"Organization\",\"@id\":\"https:\/\/origon-eu.com\/#organization\",\"name\":\"Origon EU\",\"url\":\"https:\/\/origon-eu.com\/\",\"logo\":{\"@type\":\"ImageObject\",\"inLanguage\":\"ro-RO\",\"@id\":\"https:\/\/origon-eu.com\/#\/schema\/logo\/image\/\",\"url\":\"https:\/\/origon-eu.com\/wp-content\/uploads\/2024\/04\/Screenshot-2024-04-09-101814.png\",\"contentUrl\":\"https:\/\/origon-eu.com\/wp-content\/uploads\/2024\/04\/Screenshot-2024-04-09-101814.png\",\"width\":171,\"height\":59,\"caption\":\"Origon EU\"},\"image\":{\"@id\":\"https:\/\/origon-eu.com\/#\/schema\/logo\/image\/\"}}]}<\/script>\n<!-- \/ Yoast SEO plugin. -->","yoast_head_json":{"title":"Vest\u0103 \u00eenc\u0103lzit\u0103 f\u0103r\u0103 m\u00e2neci impermeabil\u0103 - Origon EU","robots":{"index":"index","follow":"follow","max-snippet":"max-snippet:-1","max-image-preview":"max-image-preview:large","max-video-preview":"max-video-preview:-1"},"canonical":"https:\/\/origon-eu.com\/ro\/product\/waterproof-sleeveless-heated-vest\/","og_locale":"ro_RO","og_type":"article","og_title":"Vest\u0103 \u00eenc\u0103lzit\u0103 f\u0103r\u0103 m\u00e2neci impermeabil\u0103 - Origon EU","og_description":"Se \u00eenc\u0103lze\u0219te rapid \u00een 5 secunde  \u00a03 niveluri de c\u0103ldur\u0103 reglabile  \ufe0f Un plus de c\u0103ldur\u0103 pentru g\u00e2tul t\u0103u  Se poate sp\u0103la manual pentru o \u00eentre\u021binere u\u0219oar\u0103  Alimentat prin USB pentru confort","og_url":"https:\/\/origon-eu.com\/ro\/product\/waterproof-sleeveless-heated-vest\/","og_site_name":"Origon EU","article_modified_time":"2025-02-17T14:46:35+00:00","og_image":[{"width":600,"height":600,"url":"https:\/\/origon-eu.com\/wp-content\/uploads\/2025\/02\/FLAMEVEST11748__ceca131a__7d7d09f6.jpg","type":"image\/jpeg"}],"twitter_card":"summary_large_image","twitter_misc":{"Timp estimat pentru citire":"2 minute"},"schema":{"@context":"https:\/\/schema.org","@graph":[{"@type":"WebPage","@id":"https:\/\/origon-eu.com\/ro\/product\/waterproof-sleeveless-heated-vest\/","url":"https:\/\/origon-eu.com\/ro\/product\/waterproof-sleeveless-heated-vest\/","name":"Vest\u0103 \u00eenc\u0103lzit\u0103 f\u0103r\u0103 m\u00e2neci impermeabil\u0103 - Origon EU","isPartOf":{"@id":"https:\/\/origon-eu.com\/#website"},"primaryImageOfPage":{"@id":"https:\/\/origon-eu.com\/ro\/product\/waterproof-sleeveless-heated-vest\/#primaryimage"},"image":{"@id":"https:\/\/origon-eu.com\/ro\/product\/waterproof-sleeveless-heated-vest\/#primaryimage"},"thumbnailUrl":"https:\/\/origon-eu.com\/wp-content\/uploads\/2025\/02\/FLAMEVEST11748__ceca131a__7d7d09f6.jpg","datePublished":"2025-02-17T12:51:11+00:00","dateModified":"2025-02-17T14:46:35+00:00","breadcrumb":{"@id":"https:\/\/origon-eu.com\/ro\/product\/waterproof-sleeveless-heated-vest\/#breadcrumb"},"inLanguage":"ro-RO","potentialAction":[{"@type":"ReadAction","target":["https:\/\/origon-eu.com\/ro\/product\/waterproof-sleeveless-heated-vest\/"]}]},{"@type":"ImageObject","inLanguage":"ro-RO","@id":"https:\/\/origon-eu.com\/ro\/product\/waterproof-sleeveless-heated-vest\/#primaryimage","url":"https:\/\/origon-eu.com\/wp-content\/uploads\/2025\/02\/FLAMEVEST11748__ceca131a__7d7d09f6.jpg","contentUrl":"https:\/\/origon-eu.com\/wp-content\/uploads\/2025\/02\/FLAMEVEST11748__ceca131a__7d7d09f6.jpg","width":600,"height":600},{"@type":"BreadcrumbList","@id":"https:\/\/origon-eu.com\/ro\/product\/waterproof-sleeveless-heated-vest\/#breadcrumb","itemListElement":[{"@type":"ListItem","position":1,"name":"Home","item":"https:\/\/origon-eu.com\/"},{"@type":"ListItem","position":2,"name":"Shop","item":"https:\/\/origon-eu.com\/ro\/shop-2\/"},{"@type":"ListItem","position":3,"name":"Vest\u0103 \u00eenc\u0103lzit\u0103 f\u0103r\u0103 m\u00e2neci impermeabil\u0103"}]},{"@type":"WebSite","@id":"https:\/\/origon-eu.com\/#website","url":"https:\/\/origon-eu.com\/","name":"Origon EU","description":"Online Store","publisher":{"@id":"https:\/\/origon-eu.com\/#organization"},"potentialAction":[{"@type":"SearchAction","target":{"@type":"EntryPoint","urlTemplate":"https:\/\/origon-eu.com\/?s={search_term_string}"},"query-input":{"@type":"PropertyValueSpecification","valueRequired":true,"valueName":"search_term_string"}}],"inLanguage":"ro-RO"},{"@type":"Organization","@id":"https:\/\/origon-eu.com\/#organization","name":"Origon EU","url":"https:\/\/origon-eu.com\/","logo":{"@type":"ImageObject","inLanguage":"ro-RO","@id":"https:\/\/origon-eu.com\/#\/schema\/logo\/image\/","url":"https:\/\/origon-eu.com\/wp-content\/uploads\/2024\/04\/Screenshot-2024-04-09-101814.png","contentUrl":"https:\/\/origon-eu.com\/wp-content\/uploads\/2024\/04\/Screenshot-2024-04-09-101814.png","width":171,"height":59,"caption":"Origon EU"},"image":{"@id":"https:\/\/origon-eu.com\/#\/schema\/logo\/image\/"}}]}},"tiered_pricing_type":"fixed","tiered_pricing_fixed_rules":[],"tiered_pricing_percentage_rules":[],"tiered_pricing_minimum":1,"tiered_pricing_roles_data":[],"_links":{"self":[{"href":"https:\/\/origon-eu.com\/ro\/wp-json\/wp\/v2\/product\/34804","targetHints":{"allow":["GET"]}}],"collection":[{"href":"https:\/\/origon-eu.com\/ro\/wp-json\/wp\/v2\/product"}],"about":[{"href":"https:\/\/origon-eu.com\/ro\/wp-json\/wp\/v2\/types\/product"}],"version-history":[{"count":2,"href":"https:\/\/origon-eu.com\/ro\/wp-json\/wp\/v2\/product\/34804\/revisions"}],"predecessor-version":[{"id":34806,"href":"https:\/\/origon-eu.com\/ro\/wp-json\/wp\/v2\/product\/34804\/revisions\/34806"}],"wp:featuredmedia":[{"embeddable":true,"href":"https:\/\/origon-eu.com\/ro\/wp-json\/wp\/v2\/media\/34514"}],"wp:attachment":[{"href":"https:\/\/origon-eu.com\/ro\/wp-json\/wp\/v2\/media?parent=34804"}],"wp:term":[{"taxonomy":"product_cat","embeddable":true,"href":"https:\/\/origon-eu.com\/ro\/wp-json\/wp\/v2\/product_cat?post=34804"},{"taxonomy":"product_tag","embeddable":true,"href":"https:\/\/origon-eu.com\/ro\/wp-json\/wp\/v2\/product_tag?post=34804"}],"curies":[{"name":"wp","href":"https:\/\/api.w.org\/{rel}","templated":true}]}}