{"id":32870,"date":"2025-01-09T12:36:38","date_gmt":"2025-01-09T10:36:38","guid":{"rendered":"https:\/\/origon-eu.com\/product\/wireless-portable-speaker\/"},"modified":"2025-03-04T05:50:52","modified_gmt":"2025-03-04T03:50:52","slug":"wireless-portable-speaker","status":"publish","type":"product","link":"https:\/\/origon-eu.com\/ro\/product\/wireless-portable-speaker\/","title":{"rendered":"Difuzor portabil f\u0103r\u0103 fir"},"content":{"rendered":"<p>Setul contine:<br \/>\n1 buc. Coloan\u0103 karaoke re\u00eenc\u0103rcabil\u0103<br \/>\n1 buc. Microfon cu fir<br \/>\n1 buc. Cablu de alimentare sistem karaoke \u2013 220V<br \/>\n1 buc. Telecomanda.<br \/>\nCaracteristici tehnice:<br \/>\nPutere: woofer de 8 inchi<br \/>\nNivel de sunet: 85 dB<br \/>\nFrecven\u021b\u0103: 100 Hz \u2013 20 kHz<br \/>\nAlimentare: 220V.<\/p>\n<p><a href=\"https:\/\/origon-eu.com\/wp-content\/uploads\/2025\/01\/0084277_kts-1175-bluetooth-wireless-portable-speaker.png\"><img decoding=\"async\" class=\"alignnone size-full wp -imagine-32672\" src=\"https:\/\/origon-eu.com\/wp-content\/uploads\/2025\/01\/0084277_kts-1175-bluetooth-wireless-portable-speaker.png\" alt=\"\" width=\"700\" height=\"700 \" \/><\/a><a href=\"https:\/\/origon-eu.com\/wp-content\/uploads\/2025\/01\/prenosima-karaoke-tonkolona-kts-1175-8-s-mikrofon-30848.webp\"><img decoding=\"async\" class=\"alignnone size-full wp-image-32684\" src=\"https:\/\/origon-eu.com\/wp-content\/uploads\/2025\/01\/prenosima-karaoke-tonkolona-kts-1175-8-s-mikrofon-30848.webp\" alt=\"\" width=\" 800\" height=\"600\" srcset=\"https:\/\/origon-eu.com\/wp-content\/uploads\/2025\/01\/prenosima-karaoke-tonkolona-kts-1175-8-s-mikrofon-30848.webp 800w, https:\/\/origon-eu.com\/wp-content\/uploads\/2025\/01\/prenosima-karaoke-tonkolona-kts-1175-8-s-mikrofon-30848-300x225.webp 300w, https:\/\/origon-eu.com\/wp-content\/uploads\/2025\/01\/prenosima-karaoke-tonkolona-kts-1175-8-s-mikrofon-30848-768x576.webp 768w, https:\/\/origon-eu.com\/wp-content\/uploads\/2025\/01\/prenosima-karaoke-tonkolona-kts-1175-8-s-mikrofon-30848-600x450.webp 600w, https:\/\/origon-eu.com\/wp-content\/uploads\/2025\/01\/prenosima-karaoke-tonkolona-kts-1175-8-s-mikrofon-30848-150x113.webp 150w\" sizes=\"(max-width: 800px) 100vw, 800px\" \/><\/a><a href=\"https:\/\/origon-eu.com\/wp-content\/uploads\/2025\/01\/prenosima-karaoke-tonkolona-kts-1175-8-s-mikrofon-30847.webp\"><img decoding=\"async\" class=\"alignnone size-full wp-image-32694\" src=\"https:\/\/origon-eu.com\/wp-content\/uploads\/2025\/01\/prenosima-karaoke-tonkolona-kts-1175-8-s-mikrofon-30847.webp\" alt=\"\" width=\" 800\" height=\"600\" srcset=\"https:\/\/origon-eu.com\/wp-content\/uploads\/2025\/01\/prenosima-karaoke-tonkolona-kts-1175-8-s-mikrofon-30847.webp 800w, https:\/\/origon-eu.com\/wp-content\/uploads\/2025\/01\/prenosima-karaoke-tonkolona-kts-1175-8-s-mikrofon-30847-300x225.webp 300w, https:\/\/origon-eu.com\/wp-content\/uploads\/2025\/01\/prenosima-karaoke-tonkolona-kts-1175-8-s-mikrofon-30847-768x576.webp 768w, https:\/\/origon-eu.com\/wp-content\/uploads\/2025\/01\/prenosima-karaoke-tonkolona-kts-1175-8-s-mikrofon-30847-600x450.webp 600w, https:\/\/origon-eu.com\/wp-content\/uploads\/2025\/01\/prenosima-karaoke-tonkolona-kts-1175-8-s-mikrofon-30847-150x113.webp 150w\" sizes=\"(max-width: 800px) 100vw, 800px\" \/><\/a><\/p>\n<p>Caietul de sarcini:<br \/>\nDifuzor karaoke cu baterie re\u00eenc\u0103rcabil\u0103 (\u00eenc\u0103rcat de la 220V)<br \/>\nMUZICA COLOR \u2013 efecte de lumin\u0103 \u00eencorporate, cu buton pornit\/oprit<br \/>\nFunc\u021bia BLUETOOTH \u2013 asocierea difuzorului cu GSM, computer, laptop \u0219i asculta\u021bi muzica preferat\u0103 f\u0103r\u0103 fir \u2013 peste 10 metri<br \/>\nTuner FM \u2013 RADIO<br \/>\nTelecomanda (inclusa in set)<br \/>\nPosibilitatea de utilizare independent\u0103 f\u0103r\u0103 conexiune la un computer prin:<br \/>\nSlot pentru carduri de memorie SD\/MMC\/MMS<br \/>\nSlot pentru unitatea flash USB<br \/>\nIntrare AUX de la un dispozitiv extern (computer, GSM, Ipod, PSP)<br \/>\nDISPLAY LED<br \/>\nIntrare pentru 1 microfon<br \/>\nMicrofon cu fir 1 bucat\u0103 \u2013 inclus \u00een set<br \/>\nM\u00e2ner retractabil convenabil \u2013 pentru transportul u\u0219or al difuzorului<br \/>\nDimensiuni: l\/h\/d \u2013 24 \/ 36,5 \/ 20 cm<\/p>\n","protected":false},"excerpt":{"rendered":"<ul>\n<li>Difuzor karaoke cu baterie re\u00eenc\u0103rcabil\u0103 (\u00eenc\u0103rcat\u0103 de la 220 V)<\/li>\n<li>MUZICA COLOR \u2013 efecte de lumin\u0103 \u00eencorporate, cu buton pornit\/oprit<\/li>\n<li>Func\u021bia BLUETOOTH \u2013 asocierea difuzorului cu GSM, computer, laptop \u0219i asculta\u021bi muzica preferat\u0103 f\u0103r\u0103 fir \u2013 peste 10 metri<\/li>\n<li>Tuner FM \u2013 RADIO<\/li>\n<li>Telecomand\u0103 (inclus\u0103 \u00een set)<\/li>\n<li>Posibilitatea utiliz\u0103rii independente f\u0103r\u0103 conexiune la un computer prin:<\/li>\n<li>Slot pentru carduri de memorie SD\/MMC\/MMS<\/li>\n<li>Slot pentru unitatea flash USB<\/li>\n<li>Intrare AUX de la un dispozitiv extern (computer, GSM, Ipod, PSP)<\/li>\n<li>Afi\u0219aj LED<\/li>\n<li>Intrare pentru 1 microfon<\/li>\n<li>Microfon cu fir 1 bucat\u0103 \u2013 inclus \u00een set<\/li>\n<\/ul>\n","protected":false},"featured_media":32679,"template":"","meta":[],"product_cat":[251],"product_tag":[],"class_list":{"0":"post-32870","1":"product","2":"type-product","3":"status-publish","4":"has-post-thumbnail","6":"product_cat-electronica","8":"first","9":"instock","10":"sale","11":"shipping-taxable","12":"purchasable","13":"product-type-simple"},"yoast_head":"<!-- This site is optimized with the Yoast SEO plugin v24.2 - https:\/\/yoast.com\/wordpress\/plugins\/seo\/ -->\n<title>Difuzor portabil f\u0103r\u0103 fir - Origon EU<\/title>\n<meta name=\"robots\" content=\"index, follow, max-snippet:-1, max-image-preview:large, max-video-preview:-1\" \/>\n<link rel=\"canonical\" href=\"https:\/\/origon-eu.com\/ro\/product\/wireless-portable-speaker\/\" \/>\n<meta property=\"og:locale\" content=\"ro_RO\" \/>\n<meta property=\"og:type\" content=\"article\" \/>\n<meta property=\"og:title\" content=\"Difuzor portabil f\u0103r\u0103 fir - Origon EU\" \/>\n<meta property=\"og:description\" content=\"Difuzor karaoke cu baterie re\u00eenc\u0103rcabil\u0103 (\u00eenc\u0103rcat\u0103 de la 220 V)  MUZICA COLOR \u2013 efecte de lumin\u0103 \u00eencorporate, cu buton pornit\/oprit  Func\u021bia BLUETOOTH \u2013 asocierea difuzorului cu GSM, computer, laptop \u0219i asculta\u021bi muzica preferat\u0103 f\u0103r\u0103 fir \u2013 peste 10 metri  Tuner FM \u2013 RADIO  Telecomand\u0103 (inclus\u0103 \u00een set)  Posibilitatea utiliz\u0103rii independente f\u0103r\u0103 conexiune la un computer prin:  Slot pentru carduri de memorie SD\/MMC\/MMS  Slot pentru unitatea flash USB  Intrare AUX de la un dispozitiv extern (computer, GSM, Ipod, PSP)  Afi\u0219aj LED  Intrare pentru 1 microfon  Microfon cu fir 1 bucat\u0103 \u2013 inclus \u00een set\" \/>\n<meta property=\"og:url\" content=\"https:\/\/origon-eu.com\/ro\/product\/wireless-portable-speaker\/\" \/>\n<meta property=\"og:site_name\" content=\"Origon EU\" \/>\n<meta property=\"article:modified_time\" content=\"2025-03-04T03:50:52+00:00\" \/>\n<meta property=\"og:image\" content=\"https:\/\/origon-eu.com\/wp-content\/uploads\/2025\/01\/0084277_kts-1175-bluetooth-wireless-portable-speaker.png\" \/>\n\t<meta property=\"og:image:width\" content=\"700\" \/>\n\t<meta property=\"og:image:height\" content=\"700\" \/>\n\t<meta property=\"og:image:type\" content=\"image\/png\" \/>\n<meta name=\"twitter:card\" content=\"summary_large_image\" \/>\n<meta name=\"twitter:label1\" content=\"Timp estimat pentru citire\" \/>\n\t<meta name=\"twitter:data1\" content=\"2 minute\" \/>\n<script type=\"application\/ld+json\" class=\"yoast-schema-graph\">{\"@context\":\"https:\/\/schema.org\",\"@graph\":[{\"@type\":\"WebPage\",\"@id\":\"https:\/\/origon-eu.com\/ro\/product\/wireless-portable-speaker\/\",\"url\":\"https:\/\/origon-eu.com\/ro\/product\/wireless-portable-speaker\/\",\"name\":\"Difuzor portabil f\u0103r\u0103 fir - Origon EU\",\"isPartOf\":{\"@id\":\"https:\/\/origon-eu.com\/#website\"},\"primaryImageOfPage\":{\"@id\":\"https:\/\/origon-eu.com\/ro\/product\/wireless-portable-speaker\/#primaryimage\"},\"image\":{\"@id\":\"https:\/\/origon-eu.com\/ro\/product\/wireless-portable-speaker\/#primaryimage\"},\"thumbnailUrl\":\"https:\/\/origon-eu.com\/wp-content\/uploads\/2025\/01\/0084277_kts-1175-bluetooth-wireless-portable-speaker.png\",\"datePublished\":\"2025-01-09T10:36:38+00:00\",\"dateModified\":\"2025-03-04T03:50:52+00:00\",\"breadcrumb\":{\"@id\":\"https:\/\/origon-eu.com\/ro\/product\/wireless-portable-speaker\/#breadcrumb\"},\"inLanguage\":\"ro-RO\",\"potentialAction\":[{\"@type\":\"ReadAction\",\"target\":[\"https:\/\/origon-eu.com\/ro\/product\/wireless-portable-speaker\/\"]}]},{\"@type\":\"ImageObject\",\"inLanguage\":\"ro-RO\",\"@id\":\"https:\/\/origon-eu.com\/ro\/product\/wireless-portable-speaker\/#primaryimage\",\"url\":\"https:\/\/origon-eu.com\/wp-content\/uploads\/2025\/01\/0084277_kts-1175-bluetooth-wireless-portable-speaker.png\",\"contentUrl\":\"https:\/\/origon-eu.com\/wp-content\/uploads\/2025\/01\/0084277_kts-1175-bluetooth-wireless-portable-speaker.png\",\"width\":700,\"height\":700},{\"@type\":\"BreadcrumbList\",\"@id\":\"https:\/\/origon-eu.com\/ro\/product\/wireless-portable-speaker\/#breadcrumb\",\"itemListElement\":[{\"@type\":\"ListItem\",\"position\":1,\"name\":\"Home\",\"item\":\"https:\/\/origon-eu.com\/\"},{\"@type\":\"ListItem\",\"position\":2,\"name\":\"Shop\",\"item\":\"https:\/\/origon-eu.com\/ro\/shop-2\/\"},{\"@type\":\"ListItem\",\"position\":3,\"name\":\"Difuzor portabil f\u0103r\u0103 fir\"}]},{\"@type\":\"WebSite\",\"@id\":\"https:\/\/origon-eu.com\/#website\",\"url\":\"https:\/\/origon-eu.com\/\",\"name\":\"Origon EU\",\"description\":\"Online Store\",\"publisher\":{\"@id\":\"https:\/\/origon-eu.com\/#organization\"},\"potentialAction\":[{\"@type\":\"SearchAction\",\"target\":{\"@type\":\"EntryPoint\",\"urlTemplate\":\"https:\/\/origon-eu.com\/?s={search_term_string}\"},\"query-input\":{\"@type\":\"PropertyValueSpecification\",\"valueRequired\":true,\"valueName\":\"search_term_string\"}}],\"inLanguage\":\"ro-RO\"},{\"@type\":\"Organization\",\"@id\":\"https:\/\/origon-eu.com\/#organization\",\"name\":\"Origon EU\",\"url\":\"https:\/\/origon-eu.com\/\",\"logo\":{\"@type\":\"ImageObject\",\"inLanguage\":\"ro-RO\",\"@id\":\"https:\/\/origon-eu.com\/#\/schema\/logo\/image\/\",\"url\":\"https:\/\/origon-eu.com\/wp-content\/uploads\/2024\/04\/Screenshot-2024-04-09-101814.png\",\"contentUrl\":\"https:\/\/origon-eu.com\/wp-content\/uploads\/2024\/04\/Screenshot-2024-04-09-101814.png\",\"width\":171,\"height\":59,\"caption\":\"Origon EU\"},\"image\":{\"@id\":\"https:\/\/origon-eu.com\/#\/schema\/logo\/image\/\"}}]}<\/script>\n<!-- \/ Yoast SEO plugin. -->","yoast_head_json":{"title":"Difuzor portabil f\u0103r\u0103 fir - Origon EU","robots":{"index":"index","follow":"follow","max-snippet":"max-snippet:-1","max-image-preview":"max-image-preview:large","max-video-preview":"max-video-preview:-1"},"canonical":"https:\/\/origon-eu.com\/ro\/product\/wireless-portable-speaker\/","og_locale":"ro_RO","og_type":"article","og_title":"Difuzor portabil f\u0103r\u0103 fir - Origon EU","og_description":"Difuzor karaoke cu baterie re\u00eenc\u0103rcabil\u0103 (\u00eenc\u0103rcat\u0103 de la 220 V)  MUZICA COLOR \u2013 efecte de lumin\u0103 \u00eencorporate, cu buton pornit\/oprit  Func\u021bia BLUETOOTH \u2013 asocierea difuzorului cu GSM, computer, laptop \u0219i asculta\u021bi muzica preferat\u0103 f\u0103r\u0103 fir \u2013 peste 10 metri  Tuner FM \u2013 RADIO  Telecomand\u0103 (inclus\u0103 \u00een set)  Posibilitatea utiliz\u0103rii independente f\u0103r\u0103 conexiune la un computer prin:  Slot pentru carduri de memorie SD\/MMC\/MMS  Slot pentru unitatea flash USB  Intrare AUX de la un dispozitiv extern (computer, GSM, Ipod, PSP)  Afi\u0219aj LED  Intrare pentru 1 microfon  Microfon cu fir 1 bucat\u0103 \u2013 inclus \u00een set","og_url":"https:\/\/origon-eu.com\/ro\/product\/wireless-portable-speaker\/","og_site_name":"Origon EU","article_modified_time":"2025-03-04T03:50:52+00:00","og_image":[{"width":700,"height":700,"url":"https:\/\/origon-eu.com\/wp-content\/uploads\/2025\/01\/0084277_kts-1175-bluetooth-wireless-portable-speaker.png","type":"image\/png"}],"twitter_card":"summary_large_image","twitter_misc":{"Timp estimat pentru citire":"2 minute"},"schema":{"@context":"https:\/\/schema.org","@graph":[{"@type":"WebPage","@id":"https:\/\/origon-eu.com\/ro\/product\/wireless-portable-speaker\/","url":"https:\/\/origon-eu.com\/ro\/product\/wireless-portable-speaker\/","name":"Difuzor portabil f\u0103r\u0103 fir - Origon EU","isPartOf":{"@id":"https:\/\/origon-eu.com\/#website"},"primaryImageOfPage":{"@id":"https:\/\/origon-eu.com\/ro\/product\/wireless-portable-speaker\/#primaryimage"},"image":{"@id":"https:\/\/origon-eu.com\/ro\/product\/wireless-portable-speaker\/#primaryimage"},"thumbnailUrl":"https:\/\/origon-eu.com\/wp-content\/uploads\/2025\/01\/0084277_kts-1175-bluetooth-wireless-portable-speaker.png","datePublished":"2025-01-09T10:36:38+00:00","dateModified":"2025-03-04T03:50:52+00:00","breadcrumb":{"@id":"https:\/\/origon-eu.com\/ro\/product\/wireless-portable-speaker\/#breadcrumb"},"inLanguage":"ro-RO","potentialAction":[{"@type":"ReadAction","target":["https:\/\/origon-eu.com\/ro\/product\/wireless-portable-speaker\/"]}]},{"@type":"ImageObject","inLanguage":"ro-RO","@id":"https:\/\/origon-eu.com\/ro\/product\/wireless-portable-speaker\/#primaryimage","url":"https:\/\/origon-eu.com\/wp-content\/uploads\/2025\/01\/0084277_kts-1175-bluetooth-wireless-portable-speaker.png","contentUrl":"https:\/\/origon-eu.com\/wp-content\/uploads\/2025\/01\/0084277_kts-1175-bluetooth-wireless-portable-speaker.png","width":700,"height":700},{"@type":"BreadcrumbList","@id":"https:\/\/origon-eu.com\/ro\/product\/wireless-portable-speaker\/#breadcrumb","itemListElement":[{"@type":"ListItem","position":1,"name":"Home","item":"https:\/\/origon-eu.com\/"},{"@type":"ListItem","position":2,"name":"Shop","item":"https:\/\/origon-eu.com\/ro\/shop-2\/"},{"@type":"ListItem","position":3,"name":"Difuzor portabil f\u0103r\u0103 fir"}]},{"@type":"WebSite","@id":"https:\/\/origon-eu.com\/#website","url":"https:\/\/origon-eu.com\/","name":"Origon EU","description":"Online Store","publisher":{"@id":"https:\/\/origon-eu.com\/#organization"},"potentialAction":[{"@type":"SearchAction","target":{"@type":"EntryPoint","urlTemplate":"https:\/\/origon-eu.com\/?s={search_term_string}"},"query-input":{"@type":"PropertyValueSpecification","valueRequired":true,"valueName":"search_term_string"}}],"inLanguage":"ro-RO"},{"@type":"Organization","@id":"https:\/\/origon-eu.com\/#organization","name":"Origon EU","url":"https:\/\/origon-eu.com\/","logo":{"@type":"ImageObject","inLanguage":"ro-RO","@id":"https:\/\/origon-eu.com\/#\/schema\/logo\/image\/","url":"https:\/\/origon-eu.com\/wp-content\/uploads\/2024\/04\/Screenshot-2024-04-09-101814.png","contentUrl":"https:\/\/origon-eu.com\/wp-content\/uploads\/2024\/04\/Screenshot-2024-04-09-101814.png","width":171,"height":59,"caption":"Origon EU"},"image":{"@id":"https:\/\/origon-eu.com\/#\/schema\/logo\/image\/"}}]}},"tiered_pricing_type":"fixed","tiered_pricing_fixed_rules":[],"tiered_pricing_percentage_rules":[],"tiered_pricing_minimum":1,"tiered_pricing_roles_data":[],"_links":{"self":[{"href":"https:\/\/origon-eu.com\/ro\/wp-json\/wp\/v2\/product\/32870","targetHints":{"allow":["GET"]}}],"collection":[{"href":"https:\/\/origon-eu.com\/ro\/wp-json\/wp\/v2\/product"}],"about":[{"href":"https:\/\/origon-eu.com\/ro\/wp-json\/wp\/v2\/types\/product"}],"version-history":[{"count":1,"href":"https:\/\/origon-eu.com\/ro\/wp-json\/wp\/v2\/product\/32870\/revisions"}],"predecessor-version":[{"id":32871,"href":"https:\/\/origon-eu.com\/ro\/wp-json\/wp\/v2\/product\/32870\/revisions\/32871"}],"wp:featuredmedia":[{"embeddable":true,"href":"https:\/\/origon-eu.com\/ro\/wp-json\/wp\/v2\/media\/32679"}],"wp:attachment":[{"href":"https:\/\/origon-eu.com\/ro\/wp-json\/wp\/v2\/media?parent=32870"}],"wp:term":[{"taxonomy":"product_cat","embeddable":true,"href":"https:\/\/origon-eu.com\/ro\/wp-json\/wp\/v2\/product_cat?post=32870"},{"taxonomy":"product_tag","embeddable":true,"href":"https:\/\/origon-eu.com\/ro\/wp-json\/wp\/v2\/product_tag?post=32870"}],"curies":[{"name":"wp","href":"https:\/\/api.w.org\/{rel}","templated":true}]}}