{"id":32831,"date":"2025-01-08T16:24:29","date_gmt":"2025-01-08T14:24:29","guid":{"rendered":"https:\/\/origon-eu.com\/product\/cordless-handheld-stick-vacuum-cleaner\/"},"modified":"2025-01-25T17:19:55","modified_gmt":"2025-01-25T15:19:55","slug":"cordless-handheld-stick-vacuum-cleaner","status":"publish","type":"product","link":"https:\/\/origon-eu.com\/ro\/product\/cordless-handheld-stick-vacuum-cleaner\/","title":{"rendered":"Aspirator portabil cu baton cu acumulator"},"content":{"rendered":"<ul>\n<li>Motorul dublu \u0219i designul modular pentru diverse ata\u0219amente garanteaz\u0103 o cur\u0103\u021bare profund\u0103 \u0219i de \u00eenalt\u0103 calitate pe orice suprafa\u021b\u0103<\/li>\n<li>Potrivit pentru cur\u0103\u021barea interiorului unei ma\u0219ini. Autonomia dispozitivului contribuie la faptul c\u0103 po\u021bi pune lucrurile \u00een ordine nu numai \u00een apartamentul t\u0103u<\/li>\n<li>Setul vine cu 3 tipuri de duze pentru podea. Fiecare perie este proiectat\u0103 pentru un tip diferit de suprafa\u021b\u0103 de murd\u0103rie. O duz\u0103 sub\u021bire de 4 cm \u00een\u0103l\u021bime va ajuta la \u00eendep\u0103rtarea prafului de sub mobilier. \u0218i \u00een locuri mai inaccesibile \u2013 o duz\u0103 pentru fisuri 2 \u00een 1<\/li>\n<li>Carcas\u0103 robust\u0103 din plastic de \u00eenalt\u0103 calitate<\/li>\n<li>Sistemul de r\u0103cire reproiectat elimin\u0103 eficient c\u0103ldura din motor, prevenind supra\u00eenc\u0103lzirea \u0219i prelungind durata de via\u021b\u0103 a motorului<\/li>\n<li>Aspiratorul c\u00e2nt\u0103re\u0219te doar 1,5 kg, ceea ce faciliteaz\u0103 utilizarea dispozitivului pentru o perioad\u0103 lung\u0103 de timp at\u00e2t pentru adul\u021bi, c\u00e2t \u0219i pentru persoanele \u00een v\u00e2rst\u0103. \u00cen plus, v\u0103 permite s\u0103 muta\u021bi cu u\u0219urin\u021b\u0103 aspiratorul \u00een locuri greu accesibile<\/li>\n<li>Cur\u0103\u0163are convenabil\u0103 sub mobilier (m\u00e2ner convertibil)<\/li>\n<li>Cur\u0103\u0163are convenabil\u0103 sub mobilier (m\u00e2ner convertibil)<\/li>\n<li>Perie turbo cu iluminare din spate cu LED<\/li>\n<li>Roti\u021bi peria aspiratorului la 180 de grade<\/li>\n<li>Indicator de \u00eenc\u0103rcare<\/li>\n<li>Num\u0103r de viteze: 2<\/li>\n<li>M\u00e2ner deta\u0219abil<\/li>\n<\/ul>\n<p><a href=\"https:\/\/origon-eu.com\/wp-content\/uploads\/2025\/01\/mobileleb-household-appliances-dsp-aspirator-hand-held-rechargeable-120w-kd2023-34126785773700_1024.webp10 \"><img fetchpriority=\"high\" decoding=\"async\" class=\"alignnone wp-image-32604 size-full\" src=\"https:\/\/origon-eu.com\/wp-content\/uploads\/2025\/01\/mobileleb-household-appliances-dsp-vacuum-cleaner-hand-held-rechargeable-120w-kd2023-34126785773700_1024x1024.webp\" alt=\"\" width=\"600\" height=\"600\" srcset=\"https:\/\/origon-eu.com\/wp-content\/uploads\/2025\/01\/mobileleb-household-appliances-dsp-vacuum-cleaner-hand-held-rechargeable-120w-kd2023-34126785773700_1024x1024.webp 600w, https:\/\/origon-eu.com\/wp-content\/uploads\/2025\/01\/mobileleb-household-appliances-dsp-vacuum-cleaner-hand-held-rechargeable-120w-kd2023-34126785773700_1024x1024-300x300.webp 300w, https:\/\/origon-eu.com\/wp-content\/uploads\/2025\/01\/mobileleb-household-appliances-dsp-vacuum-cleaner-hand-held-rechargeable-120w-kd2023-34126785773700_1024x1024-150x150.webp 150w\" sizes=\"(max-width: 600px) 100vw, 600px\" \/><\/a><\/p>\n<p>&nbsp;<\/p>\n<p><a href=\"https:\/\/origon-eu.com\/wp-content\/uploads\/2025\/01\/mobileleb-homehold-appliances-dsp-aspirator-hand-held-rechargeable-120w-kd2023-34126785577092_1024.webp10 \"><img decoding=\"async\" class=\"alignnone wp-image-32614 size-full\" src=\"https:\/\/origon-eu.com\/wp-content\/uploads\/2025\/01\/mobileleb-household-appliances-dsp-vacuum-cleaner-hand-held-rechargeable-120w-kd2023-34126785577092_1024x1024.webp\" alt=\"\" width=\"600\" height=\"600\" srcset=\"https:\/\/origon-eu.com\/wp-content\/uploads\/2025\/01\/mobileleb-household-appliances-dsp-vacuum-cleaner-hand-held-rechargeable-120w-kd2023-34126785577092_1024x1024.webp 600w, https:\/\/origon-eu.com\/wp-content\/uploads\/2025\/01\/mobileleb-household-appliances-dsp-vacuum-cleaner-hand-held-rechargeable-120w-kd2023-34126785577092_1024x1024-300x300.webp 300w, https:\/\/origon-eu.com\/wp-content\/uploads\/2025\/01\/mobileleb-household-appliances-dsp-vacuum-cleaner-hand-held-rechargeable-120w-kd2023-34126785577092_1024x1024-150x150.webp 150w\" sizes=\"(max-width: 600px) 100vw, 600px\" \/><\/a><\/p>\n<p><a href=\"https:\/\/origon-eu.com\/wp-content\/uploads\/2025\/01\/41o1eNoNLEL._AC_.jpg\"><img decoding=\"async\" class=\"alignnone size-full wp-image-32570\" src=\" https:\/\/origon-eu.com\/wp-content\/uploads\/2025\/01\/41o1eNoNLEL._AC_.jpg\" alt=\"\" width=\"505\" height=\"550\" srcset=\"https:\/\/origon-eu.com\/wp-content\/uploads\/2025\/01\/41o1eNoNLEL._AC_.jpg 505w, https:\/\/origon-eu.com\/wp-content\/uploads\/2025\/01\/41o1eNoNLEL._AC_-275x300.jpg 275w, https:\/\/origon-eu.com\/wp-content\/uploads\/2025\/01\/41o1eNoNLEL._AC_-150x163.jpg 150w\" sizes=\"(max-width: 505px) 100vw, 505px\" \/><\/a><\/p>\n<p><strong>Specifica\u021bii:<\/strong><\/p>\n<ul>\n<li>Tipul de cur\u0103\u021bare: uscat<\/li>\n<li>Tip cutie de praf: container<\/li>\n<li>Putere: 120W<\/li>\n<li>Capacitatea cutiei de praf: 0,8 L<\/li>\n<li>Parcare: vertical\u0103<\/li>\n<li>M\u00e2ner deta\u0219abil<\/li>\n<li>Num\u0103r de viteze: 2<\/li>\n<li>Timp de lucru: 40 min<\/li>\n<li>Timp de \u00eenc\u0103rcare: 4 h<\/li>\n<li>Baterie: Li-Ion 22,2 V, 2200 mAh<\/li>\n<li>Tip 2 \u00een 1: vertical, manual<\/li>\n<li>Tipul de filtru: Hepa<\/li>\n<li>Buton pornit\/oprit<\/li>\n<li>Dimensiuni (H109 x L21,5 x A17,5) cm<\/li>\n<li>Greutate aspirator: 1,5 kg<\/li>\n<\/ul>\n<ul>\n<li><\/li>\n<\/ul>\n","protected":false},"excerpt":{"rendered":"<ul>\n<li><strong>Pachetul include:<\/strong>\n<ul>\n<li>1x aspirator de m\u00e2n\u0103 re\u00eenc\u0103rcabil<\/li>\n<li>1 duz\u0103 pentru tapi\u021berie<\/li>\n<li>1x duz\u0103 pentru cr\u0103p\u0103turi<\/li>\n<li>1 duz\u0103 combinat\u0103<\/li>\n<li>1x tub prelungitor<\/li>\n<li>1x cablu de \u00eenc\u0103rcare<\/li>\n<li>1x manual de utilizare<\/li>\n<\/ul>\n<\/li>\n<\/ul>\n","protected":false},"featured_media":32577,"template":"","meta":[],"product_cat":[],"product_tag":[],"class_list":{"0":"post-32831","1":"product","2":"type-product","3":"status-publish","4":"has-post-thumbnail","7":"first","8":"instock","9":"sale","10":"shipping-taxable","11":"purchasable","12":"product-type-simple"},"yoast_head":"<!-- This site is optimized with the Yoast SEO plugin v24.2 - https:\/\/yoast.com\/wordpress\/plugins\/seo\/ -->\n<title>Aspirator portabil cu baton cu acumulator - Origon EU<\/title>\n<meta name=\"robots\" content=\"index, follow, max-snippet:-1, max-image-preview:large, max-video-preview:-1\" \/>\n<link rel=\"canonical\" href=\"https:\/\/origon-eu.com\/ro\/product\/cordless-handheld-stick-vacuum-cleaner\/\" \/>\n<meta property=\"og:locale\" content=\"ro_RO\" \/>\n<meta property=\"og:type\" content=\"article\" \/>\n<meta property=\"og:title\" content=\"Aspirator portabil cu baton cu acumulator - Origon EU\" \/>\n<meta property=\"og:description\" content=\"Pachetul include:   1x aspirator de m\u00e2n\u0103 re\u00eenc\u0103rcabil  1 duz\u0103 pentru tapi\u021berie  1x duz\u0103 pentru cr\u0103p\u0103turi  1 duz\u0103 combinat\u0103  1x tub prelungitor  1x cablu de \u00eenc\u0103rcare  1x manual de utilizare\" \/>\n<meta property=\"og:url\" content=\"https:\/\/origon-eu.com\/ro\/product\/cordless-handheld-stick-vacuum-cleaner\/\" \/>\n<meta property=\"og:site_name\" content=\"Origon EU\" \/>\n<meta property=\"article:modified_time\" content=\"2025-01-25T15:19:55+00:00\" \/>\n<meta property=\"og:image\" content=\"https:\/\/origon-eu.com\/wp-content\/uploads\/2025\/01\/41o1eNoNLEL._AC_.jpg\" \/>\n\t<meta property=\"og:image:width\" content=\"505\" \/>\n\t<meta property=\"og:image:height\" content=\"550\" \/>\n\t<meta property=\"og:image:type\" content=\"image\/jpeg\" \/>\n<meta name=\"twitter:card\" content=\"summary_large_image\" \/>\n<meta name=\"twitter:label1\" content=\"Timp estimat pentru citire\" \/>\n\t<meta name=\"twitter:data1\" content=\"2 minute\" \/>\n<script type=\"application\/ld+json\" class=\"yoast-schema-graph\">{\"@context\":\"https:\/\/schema.org\",\"@graph\":[{\"@type\":\"WebPage\",\"@id\":\"https:\/\/origon-eu.com\/ro\/product\/cordless-handheld-stick-vacuum-cleaner\/\",\"url\":\"https:\/\/origon-eu.com\/ro\/product\/cordless-handheld-stick-vacuum-cleaner\/\",\"name\":\"Aspirator portabil cu baton cu acumulator - Origon EU\",\"isPartOf\":{\"@id\":\"https:\/\/origon-eu.com\/#website\"},\"primaryImageOfPage\":{\"@id\":\"https:\/\/origon-eu.com\/ro\/product\/cordless-handheld-stick-vacuum-cleaner\/#primaryimage\"},\"image\":{\"@id\":\"https:\/\/origon-eu.com\/ro\/product\/cordless-handheld-stick-vacuum-cleaner\/#primaryimage\"},\"thumbnailUrl\":\"https:\/\/origon-eu.com\/wp-content\/uploads\/2025\/01\/41o1eNoNLEL._AC_.jpg\",\"datePublished\":\"2025-01-08T14:24:29+00:00\",\"dateModified\":\"2025-01-25T15:19:55+00:00\",\"breadcrumb\":{\"@id\":\"https:\/\/origon-eu.com\/ro\/product\/cordless-handheld-stick-vacuum-cleaner\/#breadcrumb\"},\"inLanguage\":\"ro-RO\",\"potentialAction\":[{\"@type\":\"ReadAction\",\"target\":[\"https:\/\/origon-eu.com\/ro\/product\/cordless-handheld-stick-vacuum-cleaner\/\"]}]},{\"@type\":\"ImageObject\",\"inLanguage\":\"ro-RO\",\"@id\":\"https:\/\/origon-eu.com\/ro\/product\/cordless-handheld-stick-vacuum-cleaner\/#primaryimage\",\"url\":\"https:\/\/origon-eu.com\/wp-content\/uploads\/2025\/01\/41o1eNoNLEL._AC_.jpg\",\"contentUrl\":\"https:\/\/origon-eu.com\/wp-content\/uploads\/2025\/01\/41o1eNoNLEL._AC_.jpg\",\"width\":505,\"height\":550},{\"@type\":\"BreadcrumbList\",\"@id\":\"https:\/\/origon-eu.com\/ro\/product\/cordless-handheld-stick-vacuum-cleaner\/#breadcrumb\",\"itemListElement\":[{\"@type\":\"ListItem\",\"position\":1,\"name\":\"Home\",\"item\":\"https:\/\/origon-eu.com\/\"},{\"@type\":\"ListItem\",\"position\":2,\"name\":\"Shop\",\"item\":\"https:\/\/origon-eu.com\/ro\/shop-2\/\"},{\"@type\":\"ListItem\",\"position\":3,\"name\":\"Aspirator portabil cu baton cu acumulator\"}]},{\"@type\":\"WebSite\",\"@id\":\"https:\/\/origon-eu.com\/#website\",\"url\":\"https:\/\/origon-eu.com\/\",\"name\":\"Origon EU\",\"description\":\"Online Store\",\"publisher\":{\"@id\":\"https:\/\/origon-eu.com\/#organization\"},\"potentialAction\":[{\"@type\":\"SearchAction\",\"target\":{\"@type\":\"EntryPoint\",\"urlTemplate\":\"https:\/\/origon-eu.com\/?s={search_term_string}\"},\"query-input\":{\"@type\":\"PropertyValueSpecification\",\"valueRequired\":true,\"valueName\":\"search_term_string\"}}],\"inLanguage\":\"ro-RO\"},{\"@type\":\"Organization\",\"@id\":\"https:\/\/origon-eu.com\/#organization\",\"name\":\"Origon EU\",\"url\":\"https:\/\/origon-eu.com\/\",\"logo\":{\"@type\":\"ImageObject\",\"inLanguage\":\"ro-RO\",\"@id\":\"https:\/\/origon-eu.com\/#\/schema\/logo\/image\/\",\"url\":\"https:\/\/origon-eu.com\/wp-content\/uploads\/2024\/04\/Screenshot-2024-04-09-101814.png\",\"contentUrl\":\"https:\/\/origon-eu.com\/wp-content\/uploads\/2024\/04\/Screenshot-2024-04-09-101814.png\",\"width\":171,\"height\":59,\"caption\":\"Origon EU\"},\"image\":{\"@id\":\"https:\/\/origon-eu.com\/#\/schema\/logo\/image\/\"}}]}<\/script>\n<!-- \/ Yoast SEO plugin. -->","yoast_head_json":{"title":"Aspirator portabil cu baton cu acumulator - Origon EU","robots":{"index":"index","follow":"follow","max-snippet":"max-snippet:-1","max-image-preview":"max-image-preview:large","max-video-preview":"max-video-preview:-1"},"canonical":"https:\/\/origon-eu.com\/ro\/product\/cordless-handheld-stick-vacuum-cleaner\/","og_locale":"ro_RO","og_type":"article","og_title":"Aspirator portabil cu baton cu acumulator - Origon EU","og_description":"Pachetul include:   1x aspirator de m\u00e2n\u0103 re\u00eenc\u0103rcabil  1 duz\u0103 pentru tapi\u021berie  1x duz\u0103 pentru cr\u0103p\u0103turi  1 duz\u0103 combinat\u0103  1x tub prelungitor  1x cablu de \u00eenc\u0103rcare  1x manual de utilizare","og_url":"https:\/\/origon-eu.com\/ro\/product\/cordless-handheld-stick-vacuum-cleaner\/","og_site_name":"Origon EU","article_modified_time":"2025-01-25T15:19:55+00:00","og_image":[{"width":505,"height":550,"url":"https:\/\/origon-eu.com\/wp-content\/uploads\/2025\/01\/41o1eNoNLEL._AC_.jpg","type":"image\/jpeg"}],"twitter_card":"summary_large_image","twitter_misc":{"Timp estimat pentru citire":"2 minute"},"schema":{"@context":"https:\/\/schema.org","@graph":[{"@type":"WebPage","@id":"https:\/\/origon-eu.com\/ro\/product\/cordless-handheld-stick-vacuum-cleaner\/","url":"https:\/\/origon-eu.com\/ro\/product\/cordless-handheld-stick-vacuum-cleaner\/","name":"Aspirator portabil cu baton cu acumulator - Origon EU","isPartOf":{"@id":"https:\/\/origon-eu.com\/#website"},"primaryImageOfPage":{"@id":"https:\/\/origon-eu.com\/ro\/product\/cordless-handheld-stick-vacuum-cleaner\/#primaryimage"},"image":{"@id":"https:\/\/origon-eu.com\/ro\/product\/cordless-handheld-stick-vacuum-cleaner\/#primaryimage"},"thumbnailUrl":"https:\/\/origon-eu.com\/wp-content\/uploads\/2025\/01\/41o1eNoNLEL._AC_.jpg","datePublished":"2025-01-08T14:24:29+00:00","dateModified":"2025-01-25T15:19:55+00:00","breadcrumb":{"@id":"https:\/\/origon-eu.com\/ro\/product\/cordless-handheld-stick-vacuum-cleaner\/#breadcrumb"},"inLanguage":"ro-RO","potentialAction":[{"@type":"ReadAction","target":["https:\/\/origon-eu.com\/ro\/product\/cordless-handheld-stick-vacuum-cleaner\/"]}]},{"@type":"ImageObject","inLanguage":"ro-RO","@id":"https:\/\/origon-eu.com\/ro\/product\/cordless-handheld-stick-vacuum-cleaner\/#primaryimage","url":"https:\/\/origon-eu.com\/wp-content\/uploads\/2025\/01\/41o1eNoNLEL._AC_.jpg","contentUrl":"https:\/\/origon-eu.com\/wp-content\/uploads\/2025\/01\/41o1eNoNLEL._AC_.jpg","width":505,"height":550},{"@type":"BreadcrumbList","@id":"https:\/\/origon-eu.com\/ro\/product\/cordless-handheld-stick-vacuum-cleaner\/#breadcrumb","itemListElement":[{"@type":"ListItem","position":1,"name":"Home","item":"https:\/\/origon-eu.com\/"},{"@type":"ListItem","position":2,"name":"Shop","item":"https:\/\/origon-eu.com\/ro\/shop-2\/"},{"@type":"ListItem","position":3,"name":"Aspirator portabil cu baton cu acumulator"}]},{"@type":"WebSite","@id":"https:\/\/origon-eu.com\/#website","url":"https:\/\/origon-eu.com\/","name":"Origon EU","description":"Online Store","publisher":{"@id":"https:\/\/origon-eu.com\/#organization"},"potentialAction":[{"@type":"SearchAction","target":{"@type":"EntryPoint","urlTemplate":"https:\/\/origon-eu.com\/?s={search_term_string}"},"query-input":{"@type":"PropertyValueSpecification","valueRequired":true,"valueName":"search_term_string"}}],"inLanguage":"ro-RO"},{"@type":"Organization","@id":"https:\/\/origon-eu.com\/#organization","name":"Origon EU","url":"https:\/\/origon-eu.com\/","logo":{"@type":"ImageObject","inLanguage":"ro-RO","@id":"https:\/\/origon-eu.com\/#\/schema\/logo\/image\/","url":"https:\/\/origon-eu.com\/wp-content\/uploads\/2024\/04\/Screenshot-2024-04-09-101814.png","contentUrl":"https:\/\/origon-eu.com\/wp-content\/uploads\/2024\/04\/Screenshot-2024-04-09-101814.png","width":171,"height":59,"caption":"Origon EU"},"image":{"@id":"https:\/\/origon-eu.com\/#\/schema\/logo\/image\/"}}]}},"tiered_pricing_type":"fixed","tiered_pricing_fixed_rules":[],"tiered_pricing_percentage_rules":[],"tiered_pricing_minimum":1,"tiered_pricing_roles_data":[],"_links":{"self":[{"href":"https:\/\/origon-eu.com\/ro\/wp-json\/wp\/v2\/product\/32831","targetHints":{"allow":["GET"]}}],"collection":[{"href":"https:\/\/origon-eu.com\/ro\/wp-json\/wp\/v2\/product"}],"about":[{"href":"https:\/\/origon-eu.com\/ro\/wp-json\/wp\/v2\/types\/product"}],"version-history":[{"count":1,"href":"https:\/\/origon-eu.com\/ro\/wp-json\/wp\/v2\/product\/32831\/revisions"}],"predecessor-version":[{"id":32832,"href":"https:\/\/origon-eu.com\/ro\/wp-json\/wp\/v2\/product\/32831\/revisions\/32832"}],"wp:featuredmedia":[{"embeddable":true,"href":"https:\/\/origon-eu.com\/ro\/wp-json\/wp\/v2\/media\/32577"}],"wp:attachment":[{"href":"https:\/\/origon-eu.com\/ro\/wp-json\/wp\/v2\/media?parent=32831"}],"wp:term":[{"taxonomy":"product_cat","embeddable":true,"href":"https:\/\/origon-eu.com\/ro\/wp-json\/wp\/v2\/product_cat?post=32831"},{"taxonomy":"product_tag","embeddable":true,"href":"https:\/\/origon-eu.com\/ro\/wp-json\/wp\/v2\/product_tag?post=32831"}],"curies":[{"name":"wp","href":"https:\/\/api.w.org\/{rel}","templated":true}]}}