{"id":32661,"date":"2025-01-08T14:43:21","date_gmt":"2025-01-08T12:43:21","guid":{"rendered":"https:\/\/origon-eu.com\/product\/vanjska-i-unutarnja-bezicna-kamera-digicam\/"},"modified":"2025-01-25T13:49:14","modified_gmt":"2025-01-25T11:49:14","slug":"vanjska-i-unutarnja-bezicna-kamera-digicam","status":"publish","type":"product","link":"https:\/\/origon-eu.com\/ro\/product\/vanjska-i-unutarnja-bezicna-kamera-digicam\/","title":{"rendered":"Camer\u0103 wireless pentru exterior \u0219i interior | DIGICAM"},"content":{"rendered":"<p style=\"text-align: center;\"><strong>Fii mereu \u00een control asupra telefonului t\u0103u<\/strong><\/p>\n<p style=\"text-align: center;\">Camera trimite un mesaj de alarm\u0103 c\u0103tre smartphone-ul dvs. \u0219i salveaz\u0103 activit\u0103\u021bile vizitatorilor pe un card de memorie, astfel \u00eenc\u00e2t s\u0103 le pute\u021bi verifica mai t\u00e2rziu.<\/p>\n<p style=\"text-align: center;\"><strong><a href=\"https:\/\/origon-eu.com\/wp-content\/uploads\/2025\/01\/ezgif.com-video-to-gif -converter-3.gif\"><img decoding=\"async\" class=\"aligncenter wp-image-32317 size-full\" src=\"https:\/\/origon-eu.com\/wp-content\/uploads\/2025\/01\/ezgif.com-video-to-gif-converter-3.gif\" alt=\"\" width=\"400\" height= \u201e270\u201d \/><\/a>Ai ochi \u00een fiecare col\u021b al casei sau biroului t\u0103u<\/strong><\/p>\n<p style=\"text-align: center;\">Vizualizarea panoramic\u0103 v\u0103 permite s\u0103 vede\u021bi tot ceea ce se \u00eent\u00e2mpl\u0103 \u00een interiorul sau \u00een afara casei dvs. Poate fi folosit \u0219i ca camer\u0103 pentru copii.<\/p>\n<p style=\"text-align: center;\"><strong><a href=\"https:\/\/origon-eu.com\/wp-content\/uploads\/2025\/01\/ezgif.com-video-to-gif -converter-4.gif\"><img decoding=\"async\" class=\"size-full wp-image-32337 aligncenter\" src=\"https:\/\/origon-eu.com\/wp-content\/uploads\/2025\/01\/ezgif.com-video-to-gif-converter-4.gif\" alt=\"\" width=\"680\" height= \u201e382\u201d \/><\/a>Conexiune wifi inteligent\u0103<\/strong><\/p>\n<p style=\"text-align: center;\">Se conecteaz\u0103 cu u\u0219urin\u021b\u0103 la re\u021beaua WiFi de acas\u0103 sau de la birou, permi\u021b\u00e2ndu-v\u0103 s\u0103 accesa\u021bi videoclipul de oriunde cu o conexiune la internet. Cu aplica\u021bia intuitiv\u0103, disponibil\u0103 at\u00e2t pentru iOS, c\u00e2t \u0219i pentru Android, pute\u021bi viziona videoclipuri \u00een timp real.<\/p>\n<p style=\"text-align: center;\"><a href=\"https:\/\/origon-eu.com\/wp-content\/uploads\/2025\/01\/DIGICAM23859-HR__8f95f165.webp\"><img fetchpriority=\"high\" decoding=\"async\" class=\" alignnone wp-image-32152 size-full\" src=\"https:\/\/origon-eu.com\/wp-content\/uploads\/2025\/01\/DIGICAM23859-HR__8f95f165.webp\" alt=\"\" width=\"600\" height=\"600\" srcset=\"https:\/\/origon-eu.com\/wp-content\/uploads\/2025\/01\/DIGICAM23859-HR__8f95f165.webp 600w, https:\/\/origon-eu.com\/wp-content\/uploads\/2025\/01\/DIGICAM23859-HR__8f95f165-300x300.webp 300w, https:\/\/origon-eu.com\/wp-content\/uploads\/2025\/01\/DIGICAM23859-HR__8f95f165-150x150.webp 150w\" sizes=\"(max-width: 600px) 100vw, 600px\" \/><\/a>< \/p><\/p>\n<p style=\"text-align: center;\"><strong>Asculta\u021bi \u0219i discuta\u021bi prin camer\u0103<\/strong><\/p>\n<p style=\"text-align: center;\">Microfon receptiv \u00eencorporat pe camera de securitate exterioar\u0103, datorit\u0103 c\u0103ruia pute\u021bi asculta \u0219i vorbi prin intermediul aplica\u021biei noastre. Audio bidirec\u021bional v\u0103 permite s\u0103 comunica\u021bi cu prietenii, iar alarma de detectare a mi\u0219c\u0103rii v\u0103 permite s\u0103 sc\u0103pa\u021bi de oaspe\u021bii sau animalele nedorite.<\/p>\n<p style=\"text-align: center;\"><a href=\"https:\/\/origon-eu.com\/wp-content\/uploads\/2025\/01\/DIGICAM24618-HR__97ff47bf.webp\"><img decoding=\"async\" class=\" alignnone wp-image-32162 size-full\" src=\"https:\/\/origon-eu.com\/wp-content\/uploads\/2025\/01\/DIGICAM24618-HR__97ff47bf.webp\" alt=\"\" width=\"600\" height=\"600\" srcset=\"https:\/\/origon-eu.com\/wp-content\/uploads\/2025\/01\/DIGICAM24618-HR__97ff47bf.webp 600w, https:\/\/origon-eu.com\/wp-content\/uploads\/2025\/01\/DIGICAM24618-HR__97ff47bf-300x300.webp 300w, https:\/\/origon-eu.com\/wp-content\/uploads\/2025\/01\/DIGICAM24618-HR__97ff47bf-150x150.webp 150w\" sizes=\"(max-width: 600px) 100vw, 600px\" \/><\/a>< \/p><\/p>\n<p style=\"text-align: center;\"><strong>Controla\u021bi direc\u021bia prin telefonul mobil<\/strong><\/p>\n<p style=\"text-align: center;\">Ofer\u0103 rota\u021bie orizontal\u0103 de 320\u00b0 \u0219i vertical\u0103 de 110\u00b0, care poate acoperi toate zonele. Zoomul digital de 4x v\u0103 permite s\u0103 m\u0103ri\u021bi pentru a vedea obiectele \u00eendep\u0103rtate mai detaliat sau s\u0103 mic\u0219ora\u021bi pentru a ob\u021bine o vedere mai larg\u0103 \u0219i mai mare.<\/p>\n<p style=\"text-align: center;\"><a href=\"https:\/\/origon-eu.com\/wp-content\/uploads\/2025\/01\/DIGICAM28157-HR__931cbf63.webp\"><img decoding=\"async\" class=\" alignnone wp-image-32182 size-full\" src=\"https:\/\/origon-eu.com\/wp-content\/uploads\/2025\/01\/DIGICAM28157-HR__931cbf63.webp\" alt=\"\" width=\"600\" height=\"600\" srcset=\"https:\/\/origon-eu.com\/wp-content\/uploads\/2025\/01\/DIGICAM28157-HR__931cbf63.webp 600w, https:\/\/origon-eu.com\/wp-content\/uploads\/2025\/01\/DIGICAM28157-HR__931cbf63-300x300.webp 300w, https:\/\/origon-eu.com\/wp-content\/uploads\/2025\/01\/DIGICAM28157-HR__931cbf63-150x150.webp 150w\" sizes=\"(max-width: 600px) 100vw, 600px\" \/><\/a>< \/p><\/p>\n<p style=\"text-align: center;\"><strong>Alert\u0103 de detectare a mi\u0219c\u0103rii<\/strong><\/p>\n<p style=\"text-align: center;\">Ve\u021bi primi alerte direct pe smartphone-ul dvs. din aplica\u021bie oric\u00e2nd se detecteaz\u0103 mi\u0219care. Nicio mi\u0219care uman\u0103 nu poate r\u0103m\u00e2ne neraportat\u0103. Nu trebuie s\u0103 te ui\u021bi \u00een continuare la videoclipuri!<\/p>\n<p style=\"text-align: center;\"><picture class=\"aligncenter size-full wp-image-633402\"><source srcset=\"https:\/\/vigoshop.hr\/app\/uploads\/2019\/11\/ digicam-14.webp\" type=\"image\/webp\" data-srcset=\"https:\/\/vigoshop.hr\/app\/uploads\/2019\/11\/digicam-14.webp\" \/><\/picture><a href=\"https:\/\/origon-eu.com\/wp- content\/uploads\/2025\/01\/digicam-14.webp\"><img loading=\"lazy\" decoding=\"async\" class=\"alignnone size-full wp-image-32172\" src=\"https:\/\/origon-eu.com\/wp-content\/uploads\/2025\/01\/digicam-14.webp\" alt=\"\" width=\"600\" height=\"600\" srcset=\"https:\/\/origon-eu.com\/wp-content\/uploads\/2025\/01\/digicam-14.webp 600w, https:\/\/origon-eu.com\/wp-content\/uploads\/2025\/01\/digicam-14-300x300.webp 300w, https:\/\/origon-eu.com\/wp-content\/uploads\/2025\/01\/digicam-14-150x150.webp 150w\" sizes=\"(max-width: 600px) 100vw, 600px\" \/><\/a>< \/p><\/p>\n<p style=\"text-align: center;\"><strong>Rezistent la ap\u0103 \u0219i praf<\/strong><\/p>\n<p style=\"text-align: center;\">Camera este rezistent\u0103 la ap\u0103, astfel \u00eenc\u00e2t poate fi plasat\u0103 \u00een orice col\u021b exterior \u0219i func\u021bioneaz\u0103 perfect \u00een orice vreme.<\/p>\n<p style=\"text-align: center;\"><picture class=\"aligncenter size-full wp-image-633403\"><source srcset=\"https:\/\/vigoshop.hr\/app\/uploads\/2019\/11\/ digicam-3.webp\" type=\"image\/webp\" data-srcset=\"https:\/\/vigoshop.hr\/app\/uploads\/2019\/11\/digicam-3.webp\" \/><\/picture><a href=\"https:\/\/origon-eu.com\/wp-content\/uploads\/2025\/01\/digicam-3.webp\"><img loading=\"lazy\" decoding=\"async\" class=\"alignnone size-full wp-image -32192\" src=\"https:\/\/origon-eu.com\/wp-content\/uploads\/2025\/01\/digicam-3.webp\" alt=\"\" width=\"600\" height=\"600\" \/><\/a><\/p>\n<p style=\"text-align: center;\"><strong>Culoarea zi \u0219i noaptea<\/strong><\/p>\n<p style=\"text-align: center;\">Configureaz\u0103 3 lumini cu infraro\u0219u cu unghi larg \u0219i 4 lumini LED str\u0103lucitoare, astfel \u00eenc\u00e2t s\u0103 pute\u021bi ob\u021bine videoclipuri colorate cu viziune nocturn\u0103 chiar \u0219i \u00een \u00eentuneric.<\/p>\n","protected":false},"excerpt":{"rendered":"<ul>\n<li>Material: ABS<\/li>\n<li>Audio bidirec\u021bional<\/li>\n<li>\u00cenregistrare continu\u0103 24\/7<\/li>\n<li>Accept\u0103 card micro SD de p\u00e2n\u0103 la 128 GB (nu este inclus)<\/li>\n<li>De \u00eenalt\u0103 defini\u021bie: 1080P (Full-HD)<\/li>\n<li>Culoare: alb<\/li>\n<\/ul>\n","protected":false},"featured_media":32219,"template":"","meta":[],"product_cat":[286,251],"product_tag":[],"class_list":{"0":"post-32661","1":"product","2":"type-product","3":"status-publish","4":"has-post-thumbnail","6":"product_cat-casa-inteligenta","7":"product_cat-electronica","9":"first","10":"instock","11":"sale","12":"shipping-taxable","13":"purchasable","14":"product-type-simple"},"yoast_head":"<!-- This site is optimized with the Yoast SEO plugin v24.2 - https:\/\/yoast.com\/wordpress\/plugins\/seo\/ -->\n<title>Camer\u0103 wireless pentru exterior \u0219i interior | DIGICAM - Origon EU<\/title>\n<meta name=\"robots\" content=\"index, follow, max-snippet:-1, max-image-preview:large, max-video-preview:-1\" \/>\n<link rel=\"canonical\" href=\"https:\/\/origon-eu.com\/ro\/product\/vanjska-i-unutarnja-bezicna-kamera-digicam\/\" \/>\n<meta property=\"og:locale\" content=\"ro_RO\" \/>\n<meta property=\"og:type\" content=\"article\" \/>\n<meta property=\"og:title\" content=\"Camer\u0103 wireless pentru exterior \u0219i interior | DIGICAM - Origon EU\" \/>\n<meta property=\"og:description\" content=\"Material: ABS  Audio bidirec\u021bional  \u00cenregistrare continu\u0103 24\/7  Accept\u0103 card micro SD de p\u00e2n\u0103 la 128 GB (nu este inclus)  De \u00eenalt\u0103 defini\u021bie: 1080P (Full-HD)  Culoare: alb\" \/>\n<meta property=\"og:url\" content=\"https:\/\/origon-eu.com\/ro\/product\/vanjska-i-unutarnja-bezicna-kamera-digicam\/\" \/>\n<meta property=\"og:site_name\" content=\"Origon EU\" \/>\n<meta property=\"article:modified_time\" content=\"2025-01-25T11:49:14+00:00\" \/>\n<meta property=\"og:image\" content=\"https:\/\/origon-eu.com\/wp-content\/uploads\/2025\/01\/digicam-87939-1__d2765c98.jpg\" \/>\n\t<meta property=\"og:image:width\" content=\"600\" \/>\n\t<meta property=\"og:image:height\" content=\"600\" \/>\n\t<meta property=\"og:image:type\" content=\"image\/jpeg\" \/>\n<meta name=\"twitter:card\" content=\"summary_large_image\" \/>\n<meta name=\"twitter:label1\" content=\"Timp estimat pentru citire\" \/>\n\t<meta name=\"twitter:data1\" content=\"3 minute\" \/>\n<script type=\"application\/ld+json\" class=\"yoast-schema-graph\">{\"@context\":\"https:\/\/schema.org\",\"@graph\":[{\"@type\":\"WebPage\",\"@id\":\"https:\/\/origon-eu.com\/ro\/product\/vanjska-i-unutarnja-bezicna-kamera-digicam\/\",\"url\":\"https:\/\/origon-eu.com\/ro\/product\/vanjska-i-unutarnja-bezicna-kamera-digicam\/\",\"name\":\"Camer\u0103 wireless pentru exterior \u0219i interior | DIGICAM - Origon EU\",\"isPartOf\":{\"@id\":\"https:\/\/origon-eu.com\/#website\"},\"primaryImageOfPage\":{\"@id\":\"https:\/\/origon-eu.com\/ro\/product\/vanjska-i-unutarnja-bezicna-kamera-digicam\/#primaryimage\"},\"image\":{\"@id\":\"https:\/\/origon-eu.com\/ro\/product\/vanjska-i-unutarnja-bezicna-kamera-digicam\/#primaryimage\"},\"thumbnailUrl\":\"https:\/\/origon-eu.com\/wp-content\/uploads\/2025\/01\/digicam-87939-1__d2765c98.jpg\",\"datePublished\":\"2025-01-08T12:43:21+00:00\",\"dateModified\":\"2025-01-25T11:49:14+00:00\",\"breadcrumb\":{\"@id\":\"https:\/\/origon-eu.com\/ro\/product\/vanjska-i-unutarnja-bezicna-kamera-digicam\/#breadcrumb\"},\"inLanguage\":\"ro-RO\",\"potentialAction\":[{\"@type\":\"ReadAction\",\"target\":[\"https:\/\/origon-eu.com\/ro\/product\/vanjska-i-unutarnja-bezicna-kamera-digicam\/\"]}]},{\"@type\":\"ImageObject\",\"inLanguage\":\"ro-RO\",\"@id\":\"https:\/\/origon-eu.com\/ro\/product\/vanjska-i-unutarnja-bezicna-kamera-digicam\/#primaryimage\",\"url\":\"https:\/\/origon-eu.com\/wp-content\/uploads\/2025\/01\/digicam-87939-1__d2765c98.jpg\",\"contentUrl\":\"https:\/\/origon-eu.com\/wp-content\/uploads\/2025\/01\/digicam-87939-1__d2765c98.jpg\",\"width\":600,\"height\":600},{\"@type\":\"BreadcrumbList\",\"@id\":\"https:\/\/origon-eu.com\/ro\/product\/vanjska-i-unutarnja-bezicna-kamera-digicam\/#breadcrumb\",\"itemListElement\":[{\"@type\":\"ListItem\",\"position\":1,\"name\":\"Home\",\"item\":\"https:\/\/origon-eu.com\/\"},{\"@type\":\"ListItem\",\"position\":2,\"name\":\"Shop\",\"item\":\"https:\/\/origon-eu.com\/ro\/shop-2\/\"},{\"@type\":\"ListItem\",\"position\":3,\"name\":\"Camer\u0103 wireless pentru exterior \u0219i interior | DIGICAM\"}]},{\"@type\":\"WebSite\",\"@id\":\"https:\/\/origon-eu.com\/#website\",\"url\":\"https:\/\/origon-eu.com\/\",\"name\":\"Origon EU\",\"description\":\"Online Store\",\"publisher\":{\"@id\":\"https:\/\/origon-eu.com\/#organization\"},\"potentialAction\":[{\"@type\":\"SearchAction\",\"target\":{\"@type\":\"EntryPoint\",\"urlTemplate\":\"https:\/\/origon-eu.com\/?s={search_term_string}\"},\"query-input\":{\"@type\":\"PropertyValueSpecification\",\"valueRequired\":true,\"valueName\":\"search_term_string\"}}],\"inLanguage\":\"ro-RO\"},{\"@type\":\"Organization\",\"@id\":\"https:\/\/origon-eu.com\/#organization\",\"name\":\"Origon EU\",\"url\":\"https:\/\/origon-eu.com\/\",\"logo\":{\"@type\":\"ImageObject\",\"inLanguage\":\"ro-RO\",\"@id\":\"https:\/\/origon-eu.com\/#\/schema\/logo\/image\/\",\"url\":\"https:\/\/origon-eu.com\/wp-content\/uploads\/2024\/04\/Screenshot-2024-04-09-101814.png\",\"contentUrl\":\"https:\/\/origon-eu.com\/wp-content\/uploads\/2024\/04\/Screenshot-2024-04-09-101814.png\",\"width\":171,\"height\":59,\"caption\":\"Origon EU\"},\"image\":{\"@id\":\"https:\/\/origon-eu.com\/#\/schema\/logo\/image\/\"}}]}<\/script>\n<!-- \/ Yoast SEO plugin. -->","yoast_head_json":{"title":"Camer\u0103 wireless pentru exterior \u0219i interior | DIGICAM - Origon EU","robots":{"index":"index","follow":"follow","max-snippet":"max-snippet:-1","max-image-preview":"max-image-preview:large","max-video-preview":"max-video-preview:-1"},"canonical":"https:\/\/origon-eu.com\/ro\/product\/vanjska-i-unutarnja-bezicna-kamera-digicam\/","og_locale":"ro_RO","og_type":"article","og_title":"Camer\u0103 wireless pentru exterior \u0219i interior | DIGICAM - Origon EU","og_description":"Material: ABS  Audio bidirec\u021bional  \u00cenregistrare continu\u0103 24\/7  Accept\u0103 card micro SD de p\u00e2n\u0103 la 128 GB (nu este inclus)  De \u00eenalt\u0103 defini\u021bie: 1080P (Full-HD)  Culoare: alb","og_url":"https:\/\/origon-eu.com\/ro\/product\/vanjska-i-unutarnja-bezicna-kamera-digicam\/","og_site_name":"Origon EU","article_modified_time":"2025-01-25T11:49:14+00:00","og_image":[{"width":600,"height":600,"url":"https:\/\/origon-eu.com\/wp-content\/uploads\/2025\/01\/digicam-87939-1__d2765c98.jpg","type":"image\/jpeg"}],"twitter_card":"summary_large_image","twitter_misc":{"Timp estimat pentru citire":"3 minute"},"schema":{"@context":"https:\/\/schema.org","@graph":[{"@type":"WebPage","@id":"https:\/\/origon-eu.com\/ro\/product\/vanjska-i-unutarnja-bezicna-kamera-digicam\/","url":"https:\/\/origon-eu.com\/ro\/product\/vanjska-i-unutarnja-bezicna-kamera-digicam\/","name":"Camer\u0103 wireless pentru exterior \u0219i interior | DIGICAM - Origon EU","isPartOf":{"@id":"https:\/\/origon-eu.com\/#website"},"primaryImageOfPage":{"@id":"https:\/\/origon-eu.com\/ro\/product\/vanjska-i-unutarnja-bezicna-kamera-digicam\/#primaryimage"},"image":{"@id":"https:\/\/origon-eu.com\/ro\/product\/vanjska-i-unutarnja-bezicna-kamera-digicam\/#primaryimage"},"thumbnailUrl":"https:\/\/origon-eu.com\/wp-content\/uploads\/2025\/01\/digicam-87939-1__d2765c98.jpg","datePublished":"2025-01-08T12:43:21+00:00","dateModified":"2025-01-25T11:49:14+00:00","breadcrumb":{"@id":"https:\/\/origon-eu.com\/ro\/product\/vanjska-i-unutarnja-bezicna-kamera-digicam\/#breadcrumb"},"inLanguage":"ro-RO","potentialAction":[{"@type":"ReadAction","target":["https:\/\/origon-eu.com\/ro\/product\/vanjska-i-unutarnja-bezicna-kamera-digicam\/"]}]},{"@type":"ImageObject","inLanguage":"ro-RO","@id":"https:\/\/origon-eu.com\/ro\/product\/vanjska-i-unutarnja-bezicna-kamera-digicam\/#primaryimage","url":"https:\/\/origon-eu.com\/wp-content\/uploads\/2025\/01\/digicam-87939-1__d2765c98.jpg","contentUrl":"https:\/\/origon-eu.com\/wp-content\/uploads\/2025\/01\/digicam-87939-1__d2765c98.jpg","width":600,"height":600},{"@type":"BreadcrumbList","@id":"https:\/\/origon-eu.com\/ro\/product\/vanjska-i-unutarnja-bezicna-kamera-digicam\/#breadcrumb","itemListElement":[{"@type":"ListItem","position":1,"name":"Home","item":"https:\/\/origon-eu.com\/"},{"@type":"ListItem","position":2,"name":"Shop","item":"https:\/\/origon-eu.com\/ro\/shop-2\/"},{"@type":"ListItem","position":3,"name":"Camer\u0103 wireless pentru exterior \u0219i interior | DIGICAM"}]},{"@type":"WebSite","@id":"https:\/\/origon-eu.com\/#website","url":"https:\/\/origon-eu.com\/","name":"Origon EU","description":"Online Store","publisher":{"@id":"https:\/\/origon-eu.com\/#organization"},"potentialAction":[{"@type":"SearchAction","target":{"@type":"EntryPoint","urlTemplate":"https:\/\/origon-eu.com\/?s={search_term_string}"},"query-input":{"@type":"PropertyValueSpecification","valueRequired":true,"valueName":"search_term_string"}}],"inLanguage":"ro-RO"},{"@type":"Organization","@id":"https:\/\/origon-eu.com\/#organization","name":"Origon EU","url":"https:\/\/origon-eu.com\/","logo":{"@type":"ImageObject","inLanguage":"ro-RO","@id":"https:\/\/origon-eu.com\/#\/schema\/logo\/image\/","url":"https:\/\/origon-eu.com\/wp-content\/uploads\/2024\/04\/Screenshot-2024-04-09-101814.png","contentUrl":"https:\/\/origon-eu.com\/wp-content\/uploads\/2024\/04\/Screenshot-2024-04-09-101814.png","width":171,"height":59,"caption":"Origon EU"},"image":{"@id":"https:\/\/origon-eu.com\/#\/schema\/logo\/image\/"}}]}},"tiered_pricing_type":"fixed","tiered_pricing_fixed_rules":{"2":"36.99","3":"34.99","4":"32.99"},"tiered_pricing_percentage_rules":[],"tiered_pricing_minimum":1,"tiered_pricing_roles_data":[],"_links":{"self":[{"href":"https:\/\/origon-eu.com\/ro\/wp-json\/wp\/v2\/product\/32661","targetHints":{"allow":["GET"]}}],"collection":[{"href":"https:\/\/origon-eu.com\/ro\/wp-json\/wp\/v2\/product"}],"about":[{"href":"https:\/\/origon-eu.com\/ro\/wp-json\/wp\/v2\/types\/product"}],"version-history":[{"count":1,"href":"https:\/\/origon-eu.com\/ro\/wp-json\/wp\/v2\/product\/32661\/revisions"}],"predecessor-version":[{"id":32662,"href":"https:\/\/origon-eu.com\/ro\/wp-json\/wp\/v2\/product\/32661\/revisions\/32662"}],"wp:featuredmedia":[{"embeddable":true,"href":"https:\/\/origon-eu.com\/ro\/wp-json\/wp\/v2\/media\/32219"}],"wp:attachment":[{"href":"https:\/\/origon-eu.com\/ro\/wp-json\/wp\/v2\/media?parent=32661"}],"wp:term":[{"taxonomy":"product_cat","embeddable":true,"href":"https:\/\/origon-eu.com\/ro\/wp-json\/wp\/v2\/product_cat?post=32661"},{"taxonomy":"product_tag","embeddable":true,"href":"https:\/\/origon-eu.com\/ro\/wp-json\/wp\/v2\/product_tag?post=32661"}],"curies":[{"name":"wp","href":"https:\/\/api.w.org\/{rel}","templated":true}]}}