{"id":32635,"date":"2025-01-08T16:41:50","date_gmt":"2025-01-08T14:41:50","guid":{"rendered":"https:\/\/origon-eu.com\/product\/lever-espresso-coffee-machine\/"},"modified":"2025-02-02T16:26:16","modified_gmt":"2025-02-02T14:26:16","slug":"lever-espresso-coffee-machine","status":"publish","type":"product","link":"https:\/\/origon-eu.com\/ro\/product\/lever-espresso-coffee-machine\/","title":{"rendered":"Lever espresso coffee machine"},"content":{"rendered":"<p><strong>Cafenea acas\u0103<\/strong><br \/>\nCu aparatul de cafea Llever, pute\u021bi preg\u0103ti orice. Iar datorit\u0103 sistemului de \u00eenc\u0103lzire cu termobloc, nu va trebui s\u0103 a\u0219tepta\u021bi. Espresso va avea o crem\u0103 \u0219i o arom\u0103 bogate datorit\u0103 pompei italiene de \u00eenalt\u0103 calitate, cu o presiune de 20 de bari. Folosind duza de abur, pute\u021bi biciui microspum\u0103 pufoas\u0103 din lapte.<\/p>\n<p>Un \u00eenc\u0103lzitor de pahare nu este doar un capriciu, ci o necesitate absolut\u0103. Cafeaua are nevoie nu doar de presiune constant\u0103, ci \u0219i de temperatur\u0103. \u0218i o can\u0103 rece poate face o diferen\u021b\u0103 decent\u0103 \u00een gustul rezultat.<a href=\"https:\/\/origon-eu.com\/wp-content\/uploads\/2025\/01\/kavovar1.webp\"><img fetchpriority=\"high\" decoding=\"async\" class=\"size -full wp-image-32427 aligncenter\" src=\"https:\/\/origon-eu.com\/wp-content\/uploads\/2025\/01\/kavovar1.webp\" alt=\"\" width=\"790\" height=\"530\" srcset=\"https:\/\/origon-eu.com\/wp-content\/uploads\/2025\/01\/kavovar1.webp 790w, https:\/\/origon-eu.com\/wp-content\/uploads\/2025\/01\/kavovar1-300x201.webp 300w, https:\/\/origon-eu.com\/wp-content\/uploads\/2025\/01\/kavovar1-768x515.webp 768w, https:\/\/origon-eu.com\/wp-content\/uploads\/2025\/01\/kavovar1-600x403.webp 600w, https:\/\/origon-eu.com\/wp-content\/uploads\/2025\/01\/kavovar1-150x101.webp 150w\" sizes=\"(max-width: 790px) 100vw, 790px\" \/><\/a><\/p>\n<h2>Se potrive\u0219te chiar \u0219i \u00een cea mai mic\u0103 buc\u0103t\u0103rie<\/h2>\n<p class=\"p1\">\u0218i datorit\u0103\u00a0<strong>designului s\u0103u integral din metal,<\/strong>\u00a0va ar\u0103ta bine acolo. Rezervorul de ap\u0103 are \u00eenc\u0103\u00a0<strong>o capacitate suficient\u0103 de 1,4 litri<\/strong>\u00a0&#8211; a\u0219a c\u0103 nu va trebui s\u0103-l umple\u021bi \u00een continuare.<\/p>\n<p class=\"p1\"><strong>Nu v\u0103 face\u021bi griji nici cu privire la cur\u0103\u021bare<\/strong>\u00a0. Pute\u021bi cl\u0103ti pur \u0219i simplu p\u00e2rghia, sita \u0219i tava de picurare. Duza extern\u0103 de abur asigur\u0103, de asemenea, c\u0103\u00a0<strong>laptele nu se depune \u00een interior\u00a0<span class=\"show-tooltip\" title=\"\" data-original-title=\"Prohl\u00e9dn\u011bte si k\u00e1vovary od \u010desk\u00e9 zna\u010dky Patricca.\" aria-describedby=\"tooltip103083\">filtrul de cafea<\/span><\/strong>\u00a0. Ceea ce este o problem\u0103 cu spumatoarele \u00eencorporate. Doar sufla\u021bi-l prin spa\u021biul gol \u0219i \u0219terge\u021bi-l.<\/p>\n<p><a href=\"https:\/\/origon-eu.com\/wp-content\/uploads\/2025\/01\/kavovar.webp\"><img decoding=\"async\" class=\"aligncenter wp-image-32437 size-full\" src=\"https:\/\/origon-eu.com\/wp-content\/uploads\/2025\/01\/kavovar.webp\" alt=\"\" width=\"790\" height=\"530\" srcset=\"https:\/\/origon-eu.com\/wp-content\/uploads\/2025\/01\/kavovar.webp 790w, https:\/\/origon-eu.com\/wp-content\/uploads\/2025\/01\/kavovar-300x201.webp 300w, https:\/\/origon-eu.com\/wp-content\/uploads\/2025\/01\/kavovar-768x515.webp 768w, https:\/\/origon-eu.com\/wp-content\/uploads\/2025\/01\/kavovar-600x403.webp 600w, https:\/\/origon-eu.com\/wp-content\/uploads\/2025\/01\/kavovar-150x101.webp 150w\" sizes=\"(max-width: 790px) 100vw, 790px\" \/><\/a><\/p>\n<h2>Nu trebuie s\u0103 te g\u00e2nde\u0219ti la nimic.<\/h2>\n<p class=\"p1\">Aparatul de cafea Patricca Lacrema o face pentru tine. Este u\u0219or\u00a0<strong>controlat cu 4 butoane<\/strong>\u00a0. \u00cen plus, \u00ee\u021bi po\u021bi\u00a0<strong>pastra cafeaua<\/strong>\u00a0exact a\u0219a cum \u00ee\u021bi place \u2013 separat pentru una \u0219i dou\u0103 c\u0103ni.<\/p>\n<p class=\"p1\"><strong>\u0218i dac\u0103 uita\u021bi din gre\u0219eal\u0103 s\u0103-l dezactiva\u021bi?<\/strong>\u00a0Nu se \u00eent\u00e2mpl\u0103 absolut nimic. Se face singur.<strong>\u00a0<\/strong><\/p>\n<p><a href=\"https:\/\/origon-eu.com\/wp-content\/uploads\/2025\/01\/Kavovar-Patricca-Lacrema.webp\"><img decoding=\"async\" class=\"size-full wp-image-32449 aligncenter\" src=\"https:\/\/origon-eu.com\/wp-content\/uploads\/2025\/01\/Kavovar-Patricca-Lacrema.webp\" alt=\"\" width=\"790\" height=\"600\" \/><\/a><\/p>\n<h2>Cum arat\u0103 aparatul de cafea Patricca Lacrema \u00een ac\u021biune?<\/h2>\n<div style=\"width: 1280px;\" class=\"wp-video\"><video class=\"wp-video-shortcode\" id=\"video-32635-1\" width=\"1280\" height=\"720\" preload=\"metadata\" controls=\"controls\"><source type=\"video\/mp4\" src=\"https:\/\/origon-eu.com\/wp-content\/uploads\/2025\/01\/coffee.mp4?_=1\" \/><a href=\"https:\/\/origon-eu.com\/wp-content\/uploads\/2025\/01\/coffee.mp4\">https:\/\/origon-eu.com\/wp-content\/uploads\/2025\/01\/coffee.mp4<\/a><\/video><\/div>\n","protected":false},"excerpt":{"rendered":"<p class=\"p1\">Infiin\u021ba\u021bi\u00a0<strong>cea mai bun\u0103 cafenea din lume<\/strong>\u00a0acas\u0103 . Vei avea \u00eentotdeauna un loc unde s\u0103 stai \u0219i nu va trebui s\u0103 a\u0219tep\u021bi cafeaua. Indiferent dac\u0103 ai poft\u0103 de\u00a0\u00a0<strong>un espresso bun sau un latte macchiato b\u0103tut.<\/strong><\/p>\n<ul>\n<li><strong>Pomp\u0103 italian\u0103 de \u00eenalt\u0103 calitate:<\/strong>\u00a0\u00a0presiune de 20 bar<\/li>\n<li><strong>U\u0219or de utilizat:<\/strong>\u00a0\u00a0cu 4 butoane<\/li>\n<li><strong>\u00cenc\u0103lzire rapid\u0103 a apei:<\/strong>\u00a0sistem termobloc<\/li>\n<li><strong>Num\u0103r de cafele:<\/strong>\u00a0p\u00e2n\u0103 la 2 c\u0103ni o dat\u0103<\/li>\n<li><strong>Duz\u0103 pentru abur:\u00a0<\/strong>\u00a0spuma\u021bi rapid laptele<\/li>\n<li><strong>Capacitate:<\/strong>\u00a01,4 l<\/li>\n<li><strong>Oprire automat\u0103<\/strong><\/li>\n<li><strong>Design integral din metal<\/strong><\/li>\n<\/ul>\n","protected":false},"featured_media":32444,"template":"","meta":[],"product_cat":[246,251],"product_tag":[],"class_list":{"0":"post-32635","1":"product","2":"type-product","3":"status-publish","4":"has-post-thumbnail","6":"product_cat-casa-si-bucatarie","7":"product_cat-electronica","9":"first","10":"outofstock","11":"sale","12":"shipping-taxable","13":"purchasable","14":"product-type-simple"},"yoast_head":"<!-- This site is optimized with the Yoast SEO plugin v24.2 - https:\/\/yoast.com\/wordpress\/plugins\/seo\/ -->\n<title>Lever espresso coffee machine - Origon EU<\/title>\n<meta name=\"robots\" content=\"index, follow, max-snippet:-1, max-image-preview:large, max-video-preview:-1\" \/>\n<link rel=\"canonical\" href=\"https:\/\/origon-eu.com\/ro\/product\/lever-espresso-coffee-machine\/\" \/>\n<meta property=\"og:locale\" content=\"ro_RO\" \/>\n<meta property=\"og:type\" content=\"article\" \/>\n<meta property=\"og:title\" content=\"Lever espresso coffee machine - Origon EU\" \/>\n<meta property=\"og:description\" content=\"Infiin\u021ba\u021bi\u00a0cea mai bun\u0103 cafenea din lume\u00a0acas\u0103 . Vei avea \u00eentotdeauna un loc unde s\u0103 stai \u0219i nu va trebui s\u0103 a\u0219tep\u021bi cafeaua. Indiferent dac\u0103 ai poft\u0103 de\u00a0\u00a0un espresso bun sau un latte macchiato b\u0103tut.    Pomp\u0103 italian\u0103 de \u00eenalt\u0103 calitate:\u00a0\u00a0presiune de 20 bar  U\u0219or de utilizat:\u00a0\u00a0cu 4 butoane  \u00cenc\u0103lzire rapid\u0103 a apei:\u00a0sistem termobloc  Num\u0103r de cafele:\u00a0p\u00e2n\u0103 la 2 c\u0103ni o dat\u0103  Duz\u0103 pentru abur:\u00a0\u00a0spuma\u021bi rapid laptele  Capacitate:\u00a01,4 l  Oprire automat\u0103  Design integral din metal\" \/>\n<meta property=\"og:url\" content=\"https:\/\/origon-eu.com\/ro\/product\/lever-espresso-coffee-machine\/\" \/>\n<meta property=\"og:site_name\" content=\"Origon EU\" \/>\n<meta property=\"article:modified_time\" content=\"2025-02-02T14:26:16+00:00\" \/>\n<meta property=\"og:image\" content=\"https:\/\/origon-eu.com\/wp-content\/uploads\/2025\/01\/kavovar.webp\" \/>\n\t<meta property=\"og:image:width\" content=\"790\" \/>\n\t<meta property=\"og:image:height\" content=\"530\" \/>\n\t<meta property=\"og:image:type\" content=\"image\/webp\" \/>\n<meta name=\"twitter:card\" content=\"summary_large_image\" \/>\n<meta name=\"twitter:label1\" content=\"Timp estimat pentru citire\" \/>\n\t<meta name=\"twitter:data1\" content=\"2 minute\" \/>\n<script type=\"application\/ld+json\" class=\"yoast-schema-graph\">{\"@context\":\"https:\/\/schema.org\",\"@graph\":[{\"@type\":\"WebPage\",\"@id\":\"https:\/\/origon-eu.com\/ro\/product\/lever-espresso-coffee-machine\/\",\"url\":\"https:\/\/origon-eu.com\/ro\/product\/lever-espresso-coffee-machine\/\",\"name\":\"Lever espresso coffee machine - Origon EU\",\"isPartOf\":{\"@id\":\"https:\/\/origon-eu.com\/#website\"},\"primaryImageOfPage\":{\"@id\":\"https:\/\/origon-eu.com\/ro\/product\/lever-espresso-coffee-machine\/#primaryimage\"},\"image\":{\"@id\":\"https:\/\/origon-eu.com\/ro\/product\/lever-espresso-coffee-machine\/#primaryimage\"},\"thumbnailUrl\":\"https:\/\/origon-eu.com\/wp-content\/uploads\/2025\/01\/kavovar.webp\",\"datePublished\":\"2025-01-08T14:41:50+00:00\",\"dateModified\":\"2025-02-02T14:26:16+00:00\",\"breadcrumb\":{\"@id\":\"https:\/\/origon-eu.com\/ro\/product\/lever-espresso-coffee-machine\/#breadcrumb\"},\"inLanguage\":\"ro-RO\",\"potentialAction\":[{\"@type\":\"ReadAction\",\"target\":[\"https:\/\/origon-eu.com\/ro\/product\/lever-espresso-coffee-machine\/\"]}]},{\"@type\":\"ImageObject\",\"inLanguage\":\"ro-RO\",\"@id\":\"https:\/\/origon-eu.com\/ro\/product\/lever-espresso-coffee-machine\/#primaryimage\",\"url\":\"https:\/\/origon-eu.com\/wp-content\/uploads\/2025\/01\/kavovar.webp\",\"contentUrl\":\"https:\/\/origon-eu.com\/wp-content\/uploads\/2025\/01\/kavovar.webp\",\"width\":790,\"height\":530},{\"@type\":\"BreadcrumbList\",\"@id\":\"https:\/\/origon-eu.com\/ro\/product\/lever-espresso-coffee-machine\/#breadcrumb\",\"itemListElement\":[{\"@type\":\"ListItem\",\"position\":1,\"name\":\"Home\",\"item\":\"https:\/\/origon-eu.com\/\"},{\"@type\":\"ListItem\",\"position\":2,\"name\":\"Shop\",\"item\":\"https:\/\/origon-eu.com\/ro\/shop-2\/\"},{\"@type\":\"ListItem\",\"position\":3,\"name\":\"Lever espresso coffee machine\"}]},{\"@type\":\"WebSite\",\"@id\":\"https:\/\/origon-eu.com\/#website\",\"url\":\"https:\/\/origon-eu.com\/\",\"name\":\"Origon EU\",\"description\":\"Online Store\",\"publisher\":{\"@id\":\"https:\/\/origon-eu.com\/#organization\"},\"potentialAction\":[{\"@type\":\"SearchAction\",\"target\":{\"@type\":\"EntryPoint\",\"urlTemplate\":\"https:\/\/origon-eu.com\/?s={search_term_string}\"},\"query-input\":{\"@type\":\"PropertyValueSpecification\",\"valueRequired\":true,\"valueName\":\"search_term_string\"}}],\"inLanguage\":\"ro-RO\"},{\"@type\":\"Organization\",\"@id\":\"https:\/\/origon-eu.com\/#organization\",\"name\":\"Origon EU\",\"url\":\"https:\/\/origon-eu.com\/\",\"logo\":{\"@type\":\"ImageObject\",\"inLanguage\":\"ro-RO\",\"@id\":\"https:\/\/origon-eu.com\/#\/schema\/logo\/image\/\",\"url\":\"https:\/\/origon-eu.com\/wp-content\/uploads\/2024\/04\/Screenshot-2024-04-09-101814.png\",\"contentUrl\":\"https:\/\/origon-eu.com\/wp-content\/uploads\/2024\/04\/Screenshot-2024-04-09-101814.png\",\"width\":171,\"height\":59,\"caption\":\"Origon EU\"},\"image\":{\"@id\":\"https:\/\/origon-eu.com\/#\/schema\/logo\/image\/\"}}]}<\/script>\n<!-- \/ Yoast SEO plugin. -->","yoast_head_json":{"title":"Lever espresso coffee machine - Origon EU","robots":{"index":"index","follow":"follow","max-snippet":"max-snippet:-1","max-image-preview":"max-image-preview:large","max-video-preview":"max-video-preview:-1"},"canonical":"https:\/\/origon-eu.com\/ro\/product\/lever-espresso-coffee-machine\/","og_locale":"ro_RO","og_type":"article","og_title":"Lever espresso coffee machine - Origon EU","og_description":"Infiin\u021ba\u021bi\u00a0cea mai bun\u0103 cafenea din lume\u00a0acas\u0103 . Vei avea \u00eentotdeauna un loc unde s\u0103 stai \u0219i nu va trebui s\u0103 a\u0219tep\u021bi cafeaua. Indiferent dac\u0103 ai poft\u0103 de\u00a0\u00a0un espresso bun sau un latte macchiato b\u0103tut.    Pomp\u0103 italian\u0103 de \u00eenalt\u0103 calitate:\u00a0\u00a0presiune de 20 bar  U\u0219or de utilizat:\u00a0\u00a0cu 4 butoane  \u00cenc\u0103lzire rapid\u0103 a apei:\u00a0sistem termobloc  Num\u0103r de cafele:\u00a0p\u00e2n\u0103 la 2 c\u0103ni o dat\u0103  Duz\u0103 pentru abur:\u00a0\u00a0spuma\u021bi rapid laptele  Capacitate:\u00a01,4 l  Oprire automat\u0103  Design integral din metal","og_url":"https:\/\/origon-eu.com\/ro\/product\/lever-espresso-coffee-machine\/","og_site_name":"Origon EU","article_modified_time":"2025-02-02T14:26:16+00:00","og_image":[{"width":790,"height":530,"url":"https:\/\/origon-eu.com\/wp-content\/uploads\/2025\/01\/kavovar.webp","type":"image\/webp"}],"twitter_card":"summary_large_image","twitter_misc":{"Timp estimat pentru citire":"2 minute"},"schema":{"@context":"https:\/\/schema.org","@graph":[{"@type":"WebPage","@id":"https:\/\/origon-eu.com\/ro\/product\/lever-espresso-coffee-machine\/","url":"https:\/\/origon-eu.com\/ro\/product\/lever-espresso-coffee-machine\/","name":"Lever espresso coffee machine - Origon EU","isPartOf":{"@id":"https:\/\/origon-eu.com\/#website"},"primaryImageOfPage":{"@id":"https:\/\/origon-eu.com\/ro\/product\/lever-espresso-coffee-machine\/#primaryimage"},"image":{"@id":"https:\/\/origon-eu.com\/ro\/product\/lever-espresso-coffee-machine\/#primaryimage"},"thumbnailUrl":"https:\/\/origon-eu.com\/wp-content\/uploads\/2025\/01\/kavovar.webp","datePublished":"2025-01-08T14:41:50+00:00","dateModified":"2025-02-02T14:26:16+00:00","breadcrumb":{"@id":"https:\/\/origon-eu.com\/ro\/product\/lever-espresso-coffee-machine\/#breadcrumb"},"inLanguage":"ro-RO","potentialAction":[{"@type":"ReadAction","target":["https:\/\/origon-eu.com\/ro\/product\/lever-espresso-coffee-machine\/"]}]},{"@type":"ImageObject","inLanguage":"ro-RO","@id":"https:\/\/origon-eu.com\/ro\/product\/lever-espresso-coffee-machine\/#primaryimage","url":"https:\/\/origon-eu.com\/wp-content\/uploads\/2025\/01\/kavovar.webp","contentUrl":"https:\/\/origon-eu.com\/wp-content\/uploads\/2025\/01\/kavovar.webp","width":790,"height":530},{"@type":"BreadcrumbList","@id":"https:\/\/origon-eu.com\/ro\/product\/lever-espresso-coffee-machine\/#breadcrumb","itemListElement":[{"@type":"ListItem","position":1,"name":"Home","item":"https:\/\/origon-eu.com\/"},{"@type":"ListItem","position":2,"name":"Shop","item":"https:\/\/origon-eu.com\/ro\/shop-2\/"},{"@type":"ListItem","position":3,"name":"Lever espresso coffee machine"}]},{"@type":"WebSite","@id":"https:\/\/origon-eu.com\/#website","url":"https:\/\/origon-eu.com\/","name":"Origon EU","description":"Online Store","publisher":{"@id":"https:\/\/origon-eu.com\/#organization"},"potentialAction":[{"@type":"SearchAction","target":{"@type":"EntryPoint","urlTemplate":"https:\/\/origon-eu.com\/?s={search_term_string}"},"query-input":{"@type":"PropertyValueSpecification","valueRequired":true,"valueName":"search_term_string"}}],"inLanguage":"ro-RO"},{"@type":"Organization","@id":"https:\/\/origon-eu.com\/#organization","name":"Origon EU","url":"https:\/\/origon-eu.com\/","logo":{"@type":"ImageObject","inLanguage":"ro-RO","@id":"https:\/\/origon-eu.com\/#\/schema\/logo\/image\/","url":"https:\/\/origon-eu.com\/wp-content\/uploads\/2024\/04\/Screenshot-2024-04-09-101814.png","contentUrl":"https:\/\/origon-eu.com\/wp-content\/uploads\/2024\/04\/Screenshot-2024-04-09-101814.png","width":171,"height":59,"caption":"Origon EU"},"image":{"@id":"https:\/\/origon-eu.com\/#\/schema\/logo\/image\/"}}]}},"tiered_pricing_type":"fixed","tiered_pricing_fixed_rules":[],"tiered_pricing_percentage_rules":[],"tiered_pricing_minimum":1,"tiered_pricing_roles_data":[],"_links":{"self":[{"href":"https:\/\/origon-eu.com\/ro\/wp-json\/wp\/v2\/product\/32635","targetHints":{"allow":["GET"]}}],"collection":[{"href":"https:\/\/origon-eu.com\/ro\/wp-json\/wp\/v2\/product"}],"about":[{"href":"https:\/\/origon-eu.com\/ro\/wp-json\/wp\/v2\/types\/product"}],"version-history":[{"count":1,"href":"https:\/\/origon-eu.com\/ro\/wp-json\/wp\/v2\/product\/32635\/revisions"}],"predecessor-version":[{"id":32636,"href":"https:\/\/origon-eu.com\/ro\/wp-json\/wp\/v2\/product\/32635\/revisions\/32636"}],"wp:featuredmedia":[{"embeddable":true,"href":"https:\/\/origon-eu.com\/ro\/wp-json\/wp\/v2\/media\/32444"}],"wp:attachment":[{"href":"https:\/\/origon-eu.com\/ro\/wp-json\/wp\/v2\/media?parent=32635"}],"wp:term":[{"taxonomy":"product_cat","embeddable":true,"href":"https:\/\/origon-eu.com\/ro\/wp-json\/wp\/v2\/product_cat?post=32635"},{"taxonomy":"product_tag","embeddable":true,"href":"https:\/\/origon-eu.com\/ro\/wp-json\/wp\/v2\/product_tag?post=32635"}],"curies":[{"name":"wp","href":"https:\/\/api.w.org\/{rel}","templated":true}]}}