{"id":25145,"date":"2024-04-05T07:46:50","date_gmt":"2024-04-05T07:46:50","guid":{"rendered":"https:\/\/origon-eu.com\/pravila-o-zastiti-privatnosti\/"},"modified":"2024-05-17T14:23:30","modified_gmt":"2024-05-17T12:23:30","slug":"pravila-o-zastiti-privatnosti","status":"publish","type":"page","link":"https:\/\/origon-eu.com\/ro\/pravila-o-zastiti-privatnosti\/","title":{"rendered":"Politica de confiden\u021bialitate"},"content":{"rendered":"\t\t<div data-elementor-type=\"wp-page\" data-elementor-id=\"25145\" class=\"elementor elementor-25145 elementor-14393\" data-elementor-post-type=\"page\">\n\t\t\t\t<div class=\"elementor-element elementor-element-694b288 e-flex e-con-boxed e-con e-parent\" data-id=\"694b288\" data-element_type=\"container\">\n\t\t\t\t\t<div class=\"e-con-inner\">\n\t\t\t\t<div class=\"elementor-element elementor-element-6d02187 color-scheme-inherit text-left elementor-widget elementor-widget-text-editor\" data-id=\"6d02187\" data-element_type=\"widget\" data-widget_type=\"text-editor.default\">\n\t\t\t\t<div class=\"elementor-widget-container\">\n\t\t\t\t\t\t\t\t\t<p>Politica de confiden\u021bialitate<\/p><p>GDPR<\/p><p>Administratorul magazinului online, ca operator de date cu caracter personal, proceseaz\u0103 datele personale furnizate de utilizator operatorului, conform legii aplicabile. Toate datele primite de la vizitatorii site-ului web (denumite \u00een continuare: date personale) sunt date personale \u0219i sunt protejate \u00een conformitate cu Legea nr. 101\/2000 Coll. (Legea protec\u021biei datelor) \u0219i Regulamentul GDPR.<\/p><p>Utilizatorul acestui site web este de acord cu prelucrarea datelor sale personale conform legilor men\u021bionate mai sus \u0219i reglement\u0103rilor relevante. Operatorul de prelucrare se angajeaz\u0103 s\u0103 nu transfere datele personale c\u0103tre ter\u021be p\u0103r\u021bi, cu excep\u021bia entit\u0103\u021bilor autorizate de operatorul de prelucrare pe baza unui contract de prelucrare. Utilizatorul \u00ee\u0219i d\u0103 \u00een mod explicit consim\u021b\u0103m\u00e2ntul clar \u0219i \u00eel informeaz\u0103 pe operator despre prelucrarea datelor sale personale \u00een scopuri statistice, analitice \u0219i publicitare (vezi utilizarea cookie-urilor). Operatorul colecteaz\u0103 anumite date despre Utilizatori \u00een timpul vizitelor lor. Aceste date sunt complet anonime \u0219i sunt colectate \u0219i prelucrate de operator exclusiv \u00een scopul dezvolt\u0103rii \u0219i \u00eembun\u0103t\u0103\u021birii site-ului web.<\/p><p>\u00a0<\/p><p>UTILIZAREA COOKIE-URILOR<\/p><p>Acest site web utilizeaz\u0103 cookie-uri pentru [SITE WEB], Google Adwords, Google Analytics, Facebook, Sklik, Heureka Zbozi.cz pentru a furniza servicii, pentru a crea reclame personalizate \u0219i pentru analiza traficului.<\/p><p>TERMENI GENERALI PRIVIND PROTEC\u021aIA DATELOR PERSONALE \u00ceN CONFORMITATE CU REGULAMENTUL GENERAL PRIVIND PROTEC\u021aIA DATELOR sunt con\u021binu\u021bi \u00een termenii de utilizare.<\/p><p>Protec\u021bia datelor personale ale clientului, care este o persoan\u0103 fizic\u0103, este reglementat\u0103 de articolul 101\/2000Sb. \u0219i Regulamentul GDPR (art. 4(11) GDPR \u0219i articolul 7 GDPR) pentru protec\u021bia datelor personale.<\/p><p>Pentru executarea contractului, Furnizorul va procesa datele personale ale clientului, care sunt: nume, prenume, denumirea companiei, adresa, num\u0103rul de asigurare social\u0103, codul fiscal, adresa de email, num\u0103rul de telefon (denumite \u00een continuare \u00eempreun\u0103 &#8222;date personale&#8221;).<\/p><p>Furnizorul va procesa datele personale ale Clientului \u00een scopul realiz\u0103rii \u0219i men\u021binerii drepturilor \u0219i obliga\u021biilor stabilite \u00een contractul de v\u00e2nzare-cump\u0103rare.<\/p><p>Clientul confirm\u0103 c\u0103 este obligat s\u0103 furnizeze date personale corecte \u0219i adev\u0103rate (\u00een timpul \u00eenregistr\u0103rii, pe contul s\u0103u de utilizator, c\u00e2nd comand\u0103 pe interfa\u021ba web a magazinului) \u0219i este obligat s\u0103 informeze imediat v\u00e2nz\u0103torul despre orice schimb\u0103ri ale datelor sale.<\/p><p>\u00cen timpul prelucr\u0103rii datelor personale ale utilizatorului, Furnizorul poate, de asemenea, s\u0103 atribuie rolul de executor al prelucr\u0103rii unor ter\u021be p\u0103r\u021bi. Datele personale nu vor fi transferate f\u0103r\u0103 consim\u021b\u0103m\u00e2ntul prealabil al Furnizorului c\u0103tre ter\u021be p\u0103r\u021bi care nu au dreptul de a ac\u021biona ca executori ai prelucr\u0103rii, cu excep\u021bia serviciilor Heureka.sk, Zbozi.cz, partenerilor \u0219i persoanelor implicate \u00een transportul m\u0103rfurilor.<\/p><p>Clientul confirm\u0103 c\u0103 datele personale furnizate sunt corecte \u0219i confirm\u0103 c\u0103 este necesar\u0103 dezv\u0103luirea voluntar\u0103 a acestor date personale.<\/p><p>Dac\u0103 Clientul consider\u0103 c\u0103 V\u00e2nz\u0103torul sau executorul autorizat al prelucr\u0103rii (articolul 1.60.) proceseaz\u0103 datele sale personale \u00een ciuda protec\u021biei vie\u021bii private \u0219i confiden\u021bialit\u0103\u021bii Clientului sau \u00een ciuda \u00eenc\u0103lc\u0103rii legii, \u00een special dac\u0103 datele personale sunt incorecte \u00een raport cu scopul lor de prelucrare, are dreptul s\u0103:<\/p><p>Trimit\u0103 o solicitare pentru corectarea datelor personale Trimit\u0103 o solicitare v\u00e2nz\u0103torului sau executorului prelucr\u0103rii s\u0103 corecteze situa\u021bia Trimit\u0103 o solicitare v\u00e2nz\u0103torului sau executorului prelucr\u0103rii s\u0103 se opun\u0103 prelucr\u0103rii datelor Dac\u0103 clientul solicit\u0103 informa\u021bii despre prelucrarea datelor sale, v\u00e2nz\u0103torul este obligat s\u0103 furnizeze aceste informa\u021bii. V\u00e2nz\u0103torul are dreptul s\u0103 perceap\u0103 o tax\u0103 special\u0103 pentru furnizarea de informa\u021bii care dep\u0103\u0219esc costurile men\u021bionate mai sus, f\u0103r\u0103 a dep\u0103\u0219i costurile necesare pentru furnizarea informa\u021biilor.<\/p><p>Termenii de confiden\u021bialitate ai acestei versiuni intr\u0103 \u00een vigoare la 24 mai 2018. PRELUCRAREA DATELOR PERSONALE \u00ceN SCOPURI DE MARKETING \u00ceN CONFORMITATE CU REGULAMENTELE GDPR.<\/p><p>AGRAM GROUP LTD 71-75, Shelton Street, Covent Garden, London, WC2H 9JQ, REGATUL UNIT \/ info@origon-eu.com<\/p><p>Autoriza\u021bie pentru \u00eenregistrare: Tribunalul de District din Londra IBAN BE73 9673 2562 8760 \/\/ Num\u0103rul de \u00eenregistrare al companiei: 14181933<\/p>\t\t\t\t\t\t\t\t<\/div>\n\t\t\t\t<\/div>\n\t\t\t\t\t<\/div>\n\t\t\t\t<\/div>\n\t\t\t\t<\/div>\n\t\t","protected":false},"excerpt":{"rendered":"<p>Politica de confiden\u021bialitate GDPR Administratorul magazinului online, ca operator de date cu caracter personal, proceseaz\u0103 datele personale furnizate de utilizator<\/p>\n","protected":false},"author":1,"featured_media":0,"parent":0,"menu_order":0,"comment_status":"closed","ping_status":"closed","template":"","meta":{"footnotes":""},"class_list":["post-25145","page","type-page","status-publish","hentry"],"yoast_head":"<!-- This site is optimized with the Yoast SEO plugin v24.2 - https:\/\/yoast.com\/wordpress\/plugins\/seo\/ -->\n<title>Politica de confiden\u021bialitate - Origon EU<\/title>\n<meta name=\"robots\" content=\"index, follow, max-snippet:-1, max-image-preview:large, max-video-preview:-1\" \/>\n<link rel=\"canonical\" href=\"https:\/\/origon-eu.com\/ro\/pravila-o-zastiti-privatnosti\/\" \/>\n<meta property=\"og:locale\" content=\"ro_RO\" \/>\n<meta property=\"og:type\" content=\"article\" \/>\n<meta property=\"og:title\" content=\"Politica de confiden\u021bialitate - Origon EU\" \/>\n<meta property=\"og:description\" content=\"Politica de confiden\u021bialitate GDPR Administratorul magazinului online, ca operator de date cu caracter personal, proceseaz\u0103 datele personale furnizate de utilizator\" \/>\n<meta property=\"og:url\" content=\"https:\/\/origon-eu.com\/ro\/pravila-o-zastiti-privatnosti\/\" \/>\n<meta property=\"og:site_name\" content=\"Origon EU\" \/>\n<meta property=\"article:modified_time\" content=\"2024-05-17T12:23:30+00:00\" \/>\n<meta name=\"twitter:card\" content=\"summary_large_image\" \/>\n<meta name=\"twitter:label1\" content=\"Timp estimat pentru citire\" \/>\n\t<meta name=\"twitter:data1\" content=\"4 minute\" \/>\n<script type=\"application\/ld+json\" class=\"yoast-schema-graph\">{\"@context\":\"https:\/\/schema.org\",\"@graph\":[{\"@type\":\"WebPage\",\"@id\":\"https:\/\/origon-eu.com\/ro\/pravila-o-zastiti-privatnosti\/\",\"url\":\"https:\/\/origon-eu.com\/ro\/pravila-o-zastiti-privatnosti\/\",\"name\":\"Politica de confiden\u021bialitate - Origon EU\",\"isPartOf\":{\"@id\":\"https:\/\/origon-eu.com\/#website\"},\"datePublished\":\"2024-04-05T07:46:50+00:00\",\"dateModified\":\"2024-05-17T12:23:30+00:00\",\"breadcrumb\":{\"@id\":\"https:\/\/origon-eu.com\/ro\/pravila-o-zastiti-privatnosti\/#breadcrumb\"},\"inLanguage\":\"ro-RO\",\"potentialAction\":[{\"@type\":\"ReadAction\",\"target\":[\"https:\/\/origon-eu.com\/ro\/pravila-o-zastiti-privatnosti\/\"]}]},{\"@type\":\"BreadcrumbList\",\"@id\":\"https:\/\/origon-eu.com\/ro\/pravila-o-zastiti-privatnosti\/#breadcrumb\",\"itemListElement\":[{\"@type\":\"ListItem\",\"position\":1,\"name\":\"Home\",\"item\":\"https:\/\/origon-eu.com\/\"},{\"@type\":\"ListItem\",\"position\":2,\"name\":\"Politica de confiden\u021bialitate\"}]},{\"@type\":\"WebSite\",\"@id\":\"https:\/\/origon-eu.com\/#website\",\"url\":\"https:\/\/origon-eu.com\/\",\"name\":\"Origon EU\",\"description\":\"Online Store\",\"publisher\":{\"@id\":\"https:\/\/origon-eu.com\/#organization\"},\"potentialAction\":[{\"@type\":\"SearchAction\",\"target\":{\"@type\":\"EntryPoint\",\"urlTemplate\":\"https:\/\/origon-eu.com\/?s={search_term_string}\"},\"query-input\":{\"@type\":\"PropertyValueSpecification\",\"valueRequired\":true,\"valueName\":\"search_term_string\"}}],\"inLanguage\":\"ro-RO\"},{\"@type\":\"Organization\",\"@id\":\"https:\/\/origon-eu.com\/#organization\",\"name\":\"Origon EU\",\"url\":\"https:\/\/origon-eu.com\/\",\"logo\":{\"@type\":\"ImageObject\",\"inLanguage\":\"ro-RO\",\"@id\":\"https:\/\/origon-eu.com\/#\/schema\/logo\/image\/\",\"url\":\"https:\/\/origon-eu.com\/wp-content\/uploads\/2024\/04\/Screenshot-2024-04-09-101814.png\",\"contentUrl\":\"https:\/\/origon-eu.com\/wp-content\/uploads\/2024\/04\/Screenshot-2024-04-09-101814.png\",\"width\":171,\"height\":59,\"caption\":\"Origon EU\"},\"image\":{\"@id\":\"https:\/\/origon-eu.com\/#\/schema\/logo\/image\/\"}}]}<\/script>\n<!-- \/ Yoast SEO plugin. -->","yoast_head_json":{"title":"Politica de confiden\u021bialitate - Origon EU","robots":{"index":"index","follow":"follow","max-snippet":"max-snippet:-1","max-image-preview":"max-image-preview:large","max-video-preview":"max-video-preview:-1"},"canonical":"https:\/\/origon-eu.com\/ro\/pravila-o-zastiti-privatnosti\/","og_locale":"ro_RO","og_type":"article","og_title":"Politica de confiden\u021bialitate - Origon EU","og_description":"Politica de confiden\u021bialitate GDPR Administratorul magazinului online, ca operator de date cu caracter personal, proceseaz\u0103 datele personale furnizate de utilizator","og_url":"https:\/\/origon-eu.com\/ro\/pravila-o-zastiti-privatnosti\/","og_site_name":"Origon EU","article_modified_time":"2024-05-17T12:23:30+00:00","twitter_card":"summary_large_image","twitter_misc":{"Timp estimat pentru citire":"4 minute"},"schema":{"@context":"https:\/\/schema.org","@graph":[{"@type":"WebPage","@id":"https:\/\/origon-eu.com\/ro\/pravila-o-zastiti-privatnosti\/","url":"https:\/\/origon-eu.com\/ro\/pravila-o-zastiti-privatnosti\/","name":"Politica de confiden\u021bialitate - Origon EU","isPartOf":{"@id":"https:\/\/origon-eu.com\/#website"},"datePublished":"2024-04-05T07:46:50+00:00","dateModified":"2024-05-17T12:23:30+00:00","breadcrumb":{"@id":"https:\/\/origon-eu.com\/ro\/pravila-o-zastiti-privatnosti\/#breadcrumb"},"inLanguage":"ro-RO","potentialAction":[{"@type":"ReadAction","target":["https:\/\/origon-eu.com\/ro\/pravila-o-zastiti-privatnosti\/"]}]},{"@type":"BreadcrumbList","@id":"https:\/\/origon-eu.com\/ro\/pravila-o-zastiti-privatnosti\/#breadcrumb","itemListElement":[{"@type":"ListItem","position":1,"name":"Home","item":"https:\/\/origon-eu.com\/"},{"@type":"ListItem","position":2,"name":"Politica de confiden\u021bialitate"}]},{"@type":"WebSite","@id":"https:\/\/origon-eu.com\/#website","url":"https:\/\/origon-eu.com\/","name":"Origon EU","description":"Online Store","publisher":{"@id":"https:\/\/origon-eu.com\/#organization"},"potentialAction":[{"@type":"SearchAction","target":{"@type":"EntryPoint","urlTemplate":"https:\/\/origon-eu.com\/?s={search_term_string}"},"query-input":{"@type":"PropertyValueSpecification","valueRequired":true,"valueName":"search_term_string"}}],"inLanguage":"ro-RO"},{"@type":"Organization","@id":"https:\/\/origon-eu.com\/#organization","name":"Origon EU","url":"https:\/\/origon-eu.com\/","logo":{"@type":"ImageObject","inLanguage":"ro-RO","@id":"https:\/\/origon-eu.com\/#\/schema\/logo\/image\/","url":"https:\/\/origon-eu.com\/wp-content\/uploads\/2024\/04\/Screenshot-2024-04-09-101814.png","contentUrl":"https:\/\/origon-eu.com\/wp-content\/uploads\/2024\/04\/Screenshot-2024-04-09-101814.png","width":171,"height":59,"caption":"Origon EU"},"image":{"@id":"https:\/\/origon-eu.com\/#\/schema\/logo\/image\/"}}]}},"_links":{"self":[{"href":"https:\/\/origon-eu.com\/ro\/wp-json\/wp\/v2\/pages\/25145","targetHints":{"allow":["GET"]}}],"collection":[{"href":"https:\/\/origon-eu.com\/ro\/wp-json\/wp\/v2\/pages"}],"about":[{"href":"https:\/\/origon-eu.com\/ro\/wp-json\/wp\/v2\/types\/page"}],"author":[{"embeddable":true,"href":"https:\/\/origon-eu.com\/ro\/wp-json\/wp\/v2\/users\/1"}],"replies":[{"embeddable":true,"href":"https:\/\/origon-eu.com\/ro\/wp-json\/wp\/v2\/comments?post=25145"}],"version-history":[{"count":0,"href":"https:\/\/origon-eu.com\/ro\/wp-json\/wp\/v2\/pages\/25145\/revisions"}],"wp:attachment":[{"href":"https:\/\/origon-eu.com\/ro\/wp-json\/wp\/v2\/media?parent=25145"}],"curies":[{"name":"wp","href":"https:\/\/api.w.org\/{rel}","templated":true}]}}