{"id":39425,"date":"2025-03-21T16:52:35","date_gmt":"2025-03-21T14:52:35","guid":{"rendered":"https:\/\/origon-eu.com\/product\/microcotton-bathrobe-with-hood-450gr-100-cotton-brown\/"},"modified":"2025-03-25T15:50:16","modified_gmt":"2025-03-25T13:50:16","slug":"microcotton-bathrobe-with-hood-450gr-100-cotton-brown","status":"publish","type":"product","link":"https:\/\/origon-eu.com\/pl\/product\/microcotton-bathrobe-with-hood-450gr-100-cotton-brown\/","title":{"rendered":"Premium Szlafrok Mikropamuk z kapturem, 450g \u2013 100% Bawe\u0142na, Br\u0105zowy"},"content":{"rendered":"<p>Luksusowy r\u0119cznik z kapturem z microcottonu, o du\u017cej g\u0119sto\u015bci i stylowym designie. Microcotton to prz\u0119dza bawe\u0142niana, kt\u00f3ra przesz\u0142a specjaln\u0105 obr\u00f3bk\u0119, dzi\u0119ki czemu produkty z niej wykonane s\u0105 niezwykle mi\u0119kkie, delikatne w dotyku i charakteryzuj\u0105 si\u0119 doskona\u0142\u0105 ch\u0142onno\u015bci\u0105. Trwa\u0142e kolory.<\/p>\n<p data-start=\"361\" data-end=\"367\">Cechy:<\/p>\n<p data-start=\"369\" data-end=\"402\">Rozmiar: XL<br data-start=\"380\" data-end=\"383\" \/>Sk\u0142ad: 100% bawe\u0142na<\/p>\n<p data-start=\"404\" data-end=\"410\">Uwagi:<\/p>\n<p data-start=\"412\" data-end=\"515\">Mo\u017ce by\u0107 prane w pralce do 40 stopni!<br data-start=\"449\" data-end=\"452\" \/>OBRAZEK JEST ILUSTRACYJNY I PREZENTUJE OG\u00d3LNE CECHY PRODUKTU!!!<\/p>\n","protected":false},"excerpt":{"rendered":"<ul>\n<li data-start=\"0\" data-end=\"74\"><strong>Materia\u0142:<\/strong> 100% bawe\u0142na microcotton dla mi\u0119kkiego i wyj\u0105tkowo ch\u0142onnego odczucia<\/li>\n<li data-start=\"0\" data-end=\"74\"><strong>Waga:<\/strong> 450 gram\u00f3w, zapewnia puszyst\u0105 i przytuln\u0105 tekstur\u0119<\/li>\n<li data-start=\"0\" data-end=\"74\"><strong>Design:<\/strong> Z kapturem dla dodatkowego ciep\u0142a i komfortu<\/li>\n<li data-start=\"0\" data-end=\"74\"><strong>Kolor:<\/strong> Bogaty br\u0105zowy, dla ciep\u0142ego, ziemistego wygl\u0105du<\/li>\n<li data-start=\"0\" data-end=\"74\"><strong>Ch\u0142onno\u015b\u0107:<\/strong> Bardzo ch\u0142onny, idealny do osuszania po k\u0105pieli lub prysznicu<\/li>\n<li data-start=\"0\" data-end=\"74\"><strong>Wygodny:<\/strong> Zapewnia luksusowe, spa jak w domu<\/li>\n<\/ul>\n","protected":false},"featured_media":38889,"template":"","meta":[],"product_cat":[503],"product_tag":[],"class_list":{"0":"post-39425","1":"product","2":"type-product","3":"status-publish","4":"has-post-thumbnail","6":"product_cat-bathrobes-pl","8":"first","9":"outofstock","10":"shipping-taxable","11":"purchasable","12":"product-type-variable"},"yoast_head":"<!-- This site is optimized with the Yoast SEO plugin v24.2 - https:\/\/yoast.com\/wordpress\/plugins\/seo\/ -->\n<title>Premium Szlafrok Mikropamuk z kapturem, 450g \u2013 100% Bawe\u0142na, Br\u0105zowy - Origon EU<\/title>\n<meta name=\"robots\" content=\"index, follow, max-snippet:-1, max-image-preview:large, max-video-preview:-1\" \/>\n<link rel=\"canonical\" href=\"https:\/\/origon-eu.com\/pl\/product\/microcotton-bathrobe-with-hood-450gr-100-cotton-brown\/\" \/>\n<meta property=\"og:locale\" content=\"pl_PL\" \/>\n<meta property=\"og:type\" content=\"article\" \/>\n<meta property=\"og:title\" content=\"Premium Szlafrok Mikropamuk z kapturem, 450g \u2013 100% Bawe\u0142na, Br\u0105zowy - Origon EU\" \/>\n<meta property=\"og:description\" content=\"Materia\u0142: 100% bawe\u0142na microcotton dla mi\u0119kkiego i wyj\u0105tkowo ch\u0142onnego odczucia  Waga: 450 gram\u00f3w, zapewnia puszyst\u0105 i przytuln\u0105 tekstur\u0119  Design: Z kapturem dla dodatkowego ciep\u0142a i komfortu  Kolor: Bogaty br\u0105zowy, dla ciep\u0142ego, ziemistego wygl\u0105du  Ch\u0142onno\u015b\u0107: Bardzo ch\u0142onny, idealny do osuszania po k\u0105pieli lub prysznicu  Wygodny: Zapewnia luksusowe, spa jak w domu\" \/>\n<meta property=\"og:url\" content=\"https:\/\/origon-eu.com\/pl\/product\/microcotton-bathrobe-with-hood-450gr-100-cotton-brown\/\" \/>\n<meta property=\"og:site_name\" content=\"Origon EU\" \/>\n<meta property=\"article:modified_time\" content=\"2025-03-25T13:50:16+00:00\" \/>\n<meta property=\"og:image\" content=\"https:\/\/origon-eu.com\/wp-content\/uploads\/2025\/03\/halat-mikropamuk-s-kaculka-450gr-100-pamuk-kafavo-image_670cf703181ef_1920x1920.webp\" \/>\n\t<meta property=\"og:image:width\" content=\"1280\" \/>\n\t<meta property=\"og:image:height\" content=\"1920\" \/>\n\t<meta property=\"og:image:type\" content=\"image\/webp\" \/>\n<meta name=\"twitter:card\" content=\"summary_large_image\" \/>\n<meta name=\"twitter:label1\" content=\"Szacowany czas czytania\" \/>\n\t<meta name=\"twitter:data1\" content=\"1 minuta\" \/>\n<script type=\"application\/ld+json\" class=\"yoast-schema-graph\">{\"@context\":\"https:\/\/schema.org\",\"@graph\":[{\"@type\":\"WebPage\",\"@id\":\"https:\/\/origon-eu.com\/pl\/product\/microcotton-bathrobe-with-hood-450gr-100-cotton-brown\/\",\"url\":\"https:\/\/origon-eu.com\/pl\/product\/microcotton-bathrobe-with-hood-450gr-100-cotton-brown\/\",\"name\":\"Premium Szlafrok Mikropamuk z kapturem, 450g \u2013 100% Bawe\u0142na, Br\u0105zowy - Origon EU\",\"isPartOf\":{\"@id\":\"https:\/\/origon-eu.com\/#website\"},\"primaryImageOfPage\":{\"@id\":\"https:\/\/origon-eu.com\/pl\/product\/microcotton-bathrobe-with-hood-450gr-100-cotton-brown\/#primaryimage\"},\"image\":{\"@id\":\"https:\/\/origon-eu.com\/pl\/product\/microcotton-bathrobe-with-hood-450gr-100-cotton-brown\/#primaryimage\"},\"thumbnailUrl\":\"https:\/\/origon-eu.com\/wp-content\/uploads\/2025\/03\/halat-mikropamuk-s-kaculka-450gr-100-pamuk-kafavo-image_670cf703181ef_1920x1920.webp\",\"datePublished\":\"2025-03-21T14:52:35+00:00\",\"dateModified\":\"2025-03-25T13:50:16+00:00\",\"breadcrumb\":{\"@id\":\"https:\/\/origon-eu.com\/pl\/product\/microcotton-bathrobe-with-hood-450gr-100-cotton-brown\/#breadcrumb\"},\"inLanguage\":\"pl-PL\",\"potentialAction\":[{\"@type\":\"ReadAction\",\"target\":[\"https:\/\/origon-eu.com\/pl\/product\/microcotton-bathrobe-with-hood-450gr-100-cotton-brown\/\"]}]},{\"@type\":\"ImageObject\",\"inLanguage\":\"pl-PL\",\"@id\":\"https:\/\/origon-eu.com\/pl\/product\/microcotton-bathrobe-with-hood-450gr-100-cotton-brown\/#primaryimage\",\"url\":\"https:\/\/origon-eu.com\/wp-content\/uploads\/2025\/03\/halat-mikropamuk-s-kaculka-450gr-100-pamuk-kafavo-image_670cf703181ef_1920x1920.webp\",\"contentUrl\":\"https:\/\/origon-eu.com\/wp-content\/uploads\/2025\/03\/halat-mikropamuk-s-kaculka-450gr-100-pamuk-kafavo-image_670cf703181ef_1920x1920.webp\",\"width\":1280,\"height\":1920},{\"@type\":\"BreadcrumbList\",\"@id\":\"https:\/\/origon-eu.com\/pl\/product\/microcotton-bathrobe-with-hood-450gr-100-cotton-brown\/#breadcrumb\",\"itemListElement\":[{\"@type\":\"ListItem\",\"position\":1,\"name\":\"Home\",\"item\":\"https:\/\/origon-eu.com\/\"},{\"@type\":\"ListItem\",\"position\":2,\"name\":\"Shop\",\"item\":\"https:\/\/origon-eu.com\/pl\/shop\/\"},{\"@type\":\"ListItem\",\"position\":3,\"name\":\"Premium Szlafrok Mikropamuk z kapturem, 450g \u2013 100% Bawe\u0142na, Br\u0105zowy\"}]},{\"@type\":\"WebSite\",\"@id\":\"https:\/\/origon-eu.com\/#website\",\"url\":\"https:\/\/origon-eu.com\/\",\"name\":\"Origon EU\",\"description\":\"Online Store\",\"publisher\":{\"@id\":\"https:\/\/origon-eu.com\/#organization\"},\"potentialAction\":[{\"@type\":\"SearchAction\",\"target\":{\"@type\":\"EntryPoint\",\"urlTemplate\":\"https:\/\/origon-eu.com\/?s={search_term_string}\"},\"query-input\":{\"@type\":\"PropertyValueSpecification\",\"valueRequired\":true,\"valueName\":\"search_term_string\"}}],\"inLanguage\":\"pl-PL\"},{\"@type\":\"Organization\",\"@id\":\"https:\/\/origon-eu.com\/#organization\",\"name\":\"Origon EU\",\"url\":\"https:\/\/origon-eu.com\/\",\"logo\":{\"@type\":\"ImageObject\",\"inLanguage\":\"pl-PL\",\"@id\":\"https:\/\/origon-eu.com\/#\/schema\/logo\/image\/\",\"url\":\"https:\/\/origon-eu.com\/wp-content\/uploads\/2024\/04\/Screenshot-2024-04-09-101814.png\",\"contentUrl\":\"https:\/\/origon-eu.com\/wp-content\/uploads\/2024\/04\/Screenshot-2024-04-09-101814.png\",\"width\":171,\"height\":59,\"caption\":\"Origon EU\"},\"image\":{\"@id\":\"https:\/\/origon-eu.com\/#\/schema\/logo\/image\/\"}}]}<\/script>\n<!-- \/ Yoast SEO plugin. -->","yoast_head_json":{"title":"Premium Szlafrok Mikropamuk z kapturem, 450g \u2013 100% Bawe\u0142na, Br\u0105zowy - Origon EU","robots":{"index":"index","follow":"follow","max-snippet":"max-snippet:-1","max-image-preview":"max-image-preview:large","max-video-preview":"max-video-preview:-1"},"canonical":"https:\/\/origon-eu.com\/pl\/product\/microcotton-bathrobe-with-hood-450gr-100-cotton-brown\/","og_locale":"pl_PL","og_type":"article","og_title":"Premium Szlafrok Mikropamuk z kapturem, 450g \u2013 100% Bawe\u0142na, Br\u0105zowy - Origon EU","og_description":"Materia\u0142: 100% bawe\u0142na microcotton dla mi\u0119kkiego i wyj\u0105tkowo ch\u0142onnego odczucia  Waga: 450 gram\u00f3w, zapewnia puszyst\u0105 i przytuln\u0105 tekstur\u0119  Design: Z kapturem dla dodatkowego ciep\u0142a i komfortu  Kolor: Bogaty br\u0105zowy, dla ciep\u0142ego, ziemistego wygl\u0105du  Ch\u0142onno\u015b\u0107: Bardzo ch\u0142onny, idealny do osuszania po k\u0105pieli lub prysznicu  Wygodny: Zapewnia luksusowe, spa jak w domu","og_url":"https:\/\/origon-eu.com\/pl\/product\/microcotton-bathrobe-with-hood-450gr-100-cotton-brown\/","og_site_name":"Origon EU","article_modified_time":"2025-03-25T13:50:16+00:00","og_image":[{"width":1280,"height":1920,"url":"https:\/\/origon-eu.com\/wp-content\/uploads\/2025\/03\/halat-mikropamuk-s-kaculka-450gr-100-pamuk-kafavo-image_670cf703181ef_1920x1920.webp","type":"image\/webp"}],"twitter_card":"summary_large_image","twitter_misc":{"Szacowany czas czytania":"1 minuta"},"schema":{"@context":"https:\/\/schema.org","@graph":[{"@type":"WebPage","@id":"https:\/\/origon-eu.com\/pl\/product\/microcotton-bathrobe-with-hood-450gr-100-cotton-brown\/","url":"https:\/\/origon-eu.com\/pl\/product\/microcotton-bathrobe-with-hood-450gr-100-cotton-brown\/","name":"Premium Szlafrok Mikropamuk z kapturem, 450g \u2013 100% Bawe\u0142na, Br\u0105zowy - Origon EU","isPartOf":{"@id":"https:\/\/origon-eu.com\/#website"},"primaryImageOfPage":{"@id":"https:\/\/origon-eu.com\/pl\/product\/microcotton-bathrobe-with-hood-450gr-100-cotton-brown\/#primaryimage"},"image":{"@id":"https:\/\/origon-eu.com\/pl\/product\/microcotton-bathrobe-with-hood-450gr-100-cotton-brown\/#primaryimage"},"thumbnailUrl":"https:\/\/origon-eu.com\/wp-content\/uploads\/2025\/03\/halat-mikropamuk-s-kaculka-450gr-100-pamuk-kafavo-image_670cf703181ef_1920x1920.webp","datePublished":"2025-03-21T14:52:35+00:00","dateModified":"2025-03-25T13:50:16+00:00","breadcrumb":{"@id":"https:\/\/origon-eu.com\/pl\/product\/microcotton-bathrobe-with-hood-450gr-100-cotton-brown\/#breadcrumb"},"inLanguage":"pl-PL","potentialAction":[{"@type":"ReadAction","target":["https:\/\/origon-eu.com\/pl\/product\/microcotton-bathrobe-with-hood-450gr-100-cotton-brown\/"]}]},{"@type":"ImageObject","inLanguage":"pl-PL","@id":"https:\/\/origon-eu.com\/pl\/product\/microcotton-bathrobe-with-hood-450gr-100-cotton-brown\/#primaryimage","url":"https:\/\/origon-eu.com\/wp-content\/uploads\/2025\/03\/halat-mikropamuk-s-kaculka-450gr-100-pamuk-kafavo-image_670cf703181ef_1920x1920.webp","contentUrl":"https:\/\/origon-eu.com\/wp-content\/uploads\/2025\/03\/halat-mikropamuk-s-kaculka-450gr-100-pamuk-kafavo-image_670cf703181ef_1920x1920.webp","width":1280,"height":1920},{"@type":"BreadcrumbList","@id":"https:\/\/origon-eu.com\/pl\/product\/microcotton-bathrobe-with-hood-450gr-100-cotton-brown\/#breadcrumb","itemListElement":[{"@type":"ListItem","position":1,"name":"Home","item":"https:\/\/origon-eu.com\/"},{"@type":"ListItem","position":2,"name":"Shop","item":"https:\/\/origon-eu.com\/pl\/shop\/"},{"@type":"ListItem","position":3,"name":"Premium Szlafrok Mikropamuk z kapturem, 450g \u2013 100% Bawe\u0142na, Br\u0105zowy"}]},{"@type":"WebSite","@id":"https:\/\/origon-eu.com\/#website","url":"https:\/\/origon-eu.com\/","name":"Origon EU","description":"Online Store","publisher":{"@id":"https:\/\/origon-eu.com\/#organization"},"potentialAction":[{"@type":"SearchAction","target":{"@type":"EntryPoint","urlTemplate":"https:\/\/origon-eu.com\/?s={search_term_string}"},"query-input":{"@type":"PropertyValueSpecification","valueRequired":true,"valueName":"search_term_string"}}],"inLanguage":"pl-PL"},{"@type":"Organization","@id":"https:\/\/origon-eu.com\/#organization","name":"Origon EU","url":"https:\/\/origon-eu.com\/","logo":{"@type":"ImageObject","inLanguage":"pl-PL","@id":"https:\/\/origon-eu.com\/#\/schema\/logo\/image\/","url":"https:\/\/origon-eu.com\/wp-content\/uploads\/2024\/04\/Screenshot-2024-04-09-101814.png","contentUrl":"https:\/\/origon-eu.com\/wp-content\/uploads\/2024\/04\/Screenshot-2024-04-09-101814.png","width":171,"height":59,"caption":"Origon EU"},"image":{"@id":"https:\/\/origon-eu.com\/#\/schema\/logo\/image\/"}}]}},"tiered_pricing_type":"fixed","tiered_pricing_fixed_rules":[],"tiered_pricing_percentage_rules":[],"tiered_pricing_minimum":1,"tiered_pricing_roles_data":[],"_links":{"self":[{"href":"https:\/\/origon-eu.com\/pl\/wp-json\/wp\/v2\/product\/39425","targetHints":{"allow":["GET"]}}],"collection":[{"href":"https:\/\/origon-eu.com\/pl\/wp-json\/wp\/v2\/product"}],"about":[{"href":"https:\/\/origon-eu.com\/pl\/wp-json\/wp\/v2\/types\/product"}],"version-history":[{"count":2,"href":"https:\/\/origon-eu.com\/pl\/wp-json\/wp\/v2\/product\/39425\/revisions"}],"predecessor-version":[{"id":39906,"href":"https:\/\/origon-eu.com\/pl\/wp-json\/wp\/v2\/product\/39425\/revisions\/39906"}],"wp:featuredmedia":[{"embeddable":true,"href":"https:\/\/origon-eu.com\/pl\/wp-json\/wp\/v2\/media\/38889"}],"wp:attachment":[{"href":"https:\/\/origon-eu.com\/pl\/wp-json\/wp\/v2\/media?parent=39425"}],"wp:term":[{"taxonomy":"product_cat","embeddable":true,"href":"https:\/\/origon-eu.com\/pl\/wp-json\/wp\/v2\/product_cat?post=39425"},{"taxonomy":"product_tag","embeddable":true,"href":"https:\/\/origon-eu.com\/pl\/wp-json\/wp\/v2\/product_tag?post=39425"}],"curies":[{"name":"wp","href":"https:\/\/api.w.org\/{rel}","templated":true}]}}