{"id":39335,"date":"2025-03-21T16:47:49","date_gmt":"2025-03-21T14:47:49","guid":{"rendered":"https:\/\/origon-eu.com\/product\/microcotton-bathrobe-with-hood-450gr-100-cotton-ecru\/"},"modified":"2025-03-25T15:46:06","modified_gmt":"2025-03-25T13:46:06","slug":"microcotton-bathrobe-with-hood-450gr-100-cotton-ecru","status":"publish","type":"product","link":"https:\/\/origon-eu.com\/pl\/product\/microcotton-bathrobe-with-hood-450gr-100-cotton-ecru\/","title":{"rendered":"Premium Szlafrok Mikropamuk z kapturem, 450g \u2013 100% Bawe\u0142na, Ecru"},"content":{"rendered":"<p>Luksusowy r\u0119cznik k\u0105pielowy z kapturem wykonany z microcotton, o wysokiej g\u0119sto\u015bci i stylowym designie. Microcotton to w\u0142\u00f3kno bawe\u0142niane, kt\u00f3re przesz\u0142o specjaln\u0105 obr\u00f3bk\u0119, dzi\u0119ki czemu produkty z niego wykonane s\u0105 niezwykle mi\u0119kkie, delikatne w dotyku i maj\u0105 doskona\u0142\u0105 ch\u0142onno\u015b\u0107. Trwa\u0142e kolory.<\/p>\n<p data-start=\"373\" data-end=\"379\">Cechy:<\/p>\n<p data-start=\"381\" data-end=\"421\">Rozmiary: M, L, XL<br data-start=\"399\" data-end=\"402\" \/>Sk\u0142ad: 100% bawe\u0142na<\/p>\n<p data-start=\"423\" data-end=\"429\">Uwagi:<\/p>\n<p data-start=\"431\" data-end=\"546\">Mo\u017cna pra\u0107 w pralce w temperaturze do 40 stopni!<br data-start=\"479\" data-end=\"482\" \/>OBRAZEK JEST ILUSTRACYJNY I PRZEDSTAWIA OG\u00d3LNE CECHY PRODUKTU!!!<\/p>\n","protected":false},"excerpt":{"rendered":"<ul>\n<li data-start=\"0\" data-end=\"74\"><strong>Materia\u0142:<\/strong> 100% bawe\u0142na microcotton dla mi\u0119kko\u015bci i doskona\u0142ej ch\u0142onno\u015bci<\/li>\n<li data-start=\"0\" data-end=\"74\"><strong>Waga:<\/strong> 450 gram\u00f3w, zapewniaj\u0105c ci\u0119\u017csz\u0105, puszyst\u0105 tekstur\u0119<\/li>\n<li data-start=\"0\" data-end=\"74\"><strong>Design:<\/strong> Z kapturem dla dodatkowego ciep\u0142a i komfortu<\/li>\n<li data-start=\"0\" data-end=\"74\"><strong>Kolor:<\/strong> Elegancki odcie\u0144 ecru dla wyrafinowanego, neutralnego wygl\u0105du<\/li>\n<li data-start=\"0\" data-end=\"74\"><strong>Ch\u0142onno\u015b\u0107:<\/strong> Wyj\u0105tkowo ch\u0142onny, idealny do szybkiego osuszania<\/li>\n<li data-start=\"0\" data-end=\"74\"><strong>Wygodny:<\/strong> Zapewnia luksusowe, spa-rodzaj do\u015bwiadczenie w domu<\/li>\n<\/ul>\n","protected":false},"featured_media":38858,"template":"","meta":[],"product_cat":[503],"product_tag":[],"class_list":{"0":"post-39335","1":"product","2":"type-product","3":"status-publish","4":"has-post-thumbnail","6":"product_cat-bathrobes-pl","8":"first","9":"outofstock","10":"shipping-taxable","11":"purchasable","12":"product-type-variable"},"yoast_head":"<!-- This site is optimized with the Yoast SEO plugin v24.2 - https:\/\/yoast.com\/wordpress\/plugins\/seo\/ -->\n<title>Premium Szlafrok Mikropamuk z kapturem, 450g \u2013 100% Bawe\u0142na, Ecru - Origon EU<\/title>\n<meta name=\"robots\" content=\"index, follow, max-snippet:-1, max-image-preview:large, max-video-preview:-1\" \/>\n<link rel=\"canonical\" href=\"https:\/\/origon-eu.com\/pl\/product\/microcotton-bathrobe-with-hood-450gr-100-cotton-ecru\/\" \/>\n<meta property=\"og:locale\" content=\"pl_PL\" \/>\n<meta property=\"og:type\" content=\"article\" \/>\n<meta property=\"og:title\" content=\"Premium Szlafrok Mikropamuk z kapturem, 450g \u2013 100% Bawe\u0142na, Ecru - Origon EU\" \/>\n<meta property=\"og:description\" content=\"Materia\u0142: 100% bawe\u0142na microcotton dla mi\u0119kko\u015bci i doskona\u0142ej ch\u0142onno\u015bci  Waga: 450 gram\u00f3w, zapewniaj\u0105c ci\u0119\u017csz\u0105, puszyst\u0105 tekstur\u0119  Design: Z kapturem dla dodatkowego ciep\u0142a i komfortu  Kolor: Elegancki odcie\u0144 ecru dla wyrafinowanego, neutralnego wygl\u0105du  Ch\u0142onno\u015b\u0107: Wyj\u0105tkowo ch\u0142onny, idealny do szybkiego osuszania  Wygodny: Zapewnia luksusowe, spa-rodzaj do\u015bwiadczenie w domu\" \/>\n<meta property=\"og:url\" content=\"https:\/\/origon-eu.com\/pl\/product\/microcotton-bathrobe-with-hood-450gr-100-cotton-ecru\/\" \/>\n<meta property=\"og:site_name\" content=\"Origon EU\" \/>\n<meta property=\"article:modified_time\" content=\"2025-03-25T13:46:06+00:00\" \/>\n<meta property=\"og:image\" content=\"https:\/\/origon-eu.com\/wp-content\/uploads\/2025\/03\/halat-mikropamuk-s-kaculka-450gr-100-pamuk-ekru-image_670cf370c8236_1920x1920.webp\" \/>\n\t<meta property=\"og:image:width\" content=\"1280\" \/>\n\t<meta property=\"og:image:height\" content=\"1920\" \/>\n\t<meta property=\"og:image:type\" content=\"image\/webp\" \/>\n<meta name=\"twitter:card\" content=\"summary_large_image\" \/>\n<meta name=\"twitter:label1\" content=\"Szacowany czas czytania\" \/>\n\t<meta name=\"twitter:data1\" content=\"1 minuta\" \/>\n<script type=\"application\/ld+json\" class=\"yoast-schema-graph\">{\"@context\":\"https:\/\/schema.org\",\"@graph\":[{\"@type\":\"WebPage\",\"@id\":\"https:\/\/origon-eu.com\/pl\/product\/microcotton-bathrobe-with-hood-450gr-100-cotton-ecru\/\",\"url\":\"https:\/\/origon-eu.com\/pl\/product\/microcotton-bathrobe-with-hood-450gr-100-cotton-ecru\/\",\"name\":\"Premium Szlafrok Mikropamuk z kapturem, 450g \u2013 100% Bawe\u0142na, Ecru - Origon EU\",\"isPartOf\":{\"@id\":\"https:\/\/origon-eu.com\/#website\"},\"primaryImageOfPage\":{\"@id\":\"https:\/\/origon-eu.com\/pl\/product\/microcotton-bathrobe-with-hood-450gr-100-cotton-ecru\/#primaryimage\"},\"image\":{\"@id\":\"https:\/\/origon-eu.com\/pl\/product\/microcotton-bathrobe-with-hood-450gr-100-cotton-ecru\/#primaryimage\"},\"thumbnailUrl\":\"https:\/\/origon-eu.com\/wp-content\/uploads\/2025\/03\/halat-mikropamuk-s-kaculka-450gr-100-pamuk-ekru-image_670cf370c8236_1920x1920.webp\",\"datePublished\":\"2025-03-21T14:47:49+00:00\",\"dateModified\":\"2025-03-25T13:46:06+00:00\",\"breadcrumb\":{\"@id\":\"https:\/\/origon-eu.com\/pl\/product\/microcotton-bathrobe-with-hood-450gr-100-cotton-ecru\/#breadcrumb\"},\"inLanguage\":\"pl-PL\",\"potentialAction\":[{\"@type\":\"ReadAction\",\"target\":[\"https:\/\/origon-eu.com\/pl\/product\/microcotton-bathrobe-with-hood-450gr-100-cotton-ecru\/\"]}]},{\"@type\":\"ImageObject\",\"inLanguage\":\"pl-PL\",\"@id\":\"https:\/\/origon-eu.com\/pl\/product\/microcotton-bathrobe-with-hood-450gr-100-cotton-ecru\/#primaryimage\",\"url\":\"https:\/\/origon-eu.com\/wp-content\/uploads\/2025\/03\/halat-mikropamuk-s-kaculka-450gr-100-pamuk-ekru-image_670cf370c8236_1920x1920.webp\",\"contentUrl\":\"https:\/\/origon-eu.com\/wp-content\/uploads\/2025\/03\/halat-mikropamuk-s-kaculka-450gr-100-pamuk-ekru-image_670cf370c8236_1920x1920.webp\",\"width\":1280,\"height\":1920},{\"@type\":\"BreadcrumbList\",\"@id\":\"https:\/\/origon-eu.com\/pl\/product\/microcotton-bathrobe-with-hood-450gr-100-cotton-ecru\/#breadcrumb\",\"itemListElement\":[{\"@type\":\"ListItem\",\"position\":1,\"name\":\"Home\",\"item\":\"https:\/\/origon-eu.com\/\"},{\"@type\":\"ListItem\",\"position\":2,\"name\":\"Shop\",\"item\":\"https:\/\/origon-eu.com\/pl\/shop\/\"},{\"@type\":\"ListItem\",\"position\":3,\"name\":\"Premium Szlafrok Mikropamuk z kapturem, 450g \u2013 100% Bawe\u0142na, Ecru\"}]},{\"@type\":\"WebSite\",\"@id\":\"https:\/\/origon-eu.com\/#website\",\"url\":\"https:\/\/origon-eu.com\/\",\"name\":\"Origon EU\",\"description\":\"Online Store\",\"publisher\":{\"@id\":\"https:\/\/origon-eu.com\/#organization\"},\"potentialAction\":[{\"@type\":\"SearchAction\",\"target\":{\"@type\":\"EntryPoint\",\"urlTemplate\":\"https:\/\/origon-eu.com\/?s={search_term_string}\"},\"query-input\":{\"@type\":\"PropertyValueSpecification\",\"valueRequired\":true,\"valueName\":\"search_term_string\"}}],\"inLanguage\":\"pl-PL\"},{\"@type\":\"Organization\",\"@id\":\"https:\/\/origon-eu.com\/#organization\",\"name\":\"Origon EU\",\"url\":\"https:\/\/origon-eu.com\/\",\"logo\":{\"@type\":\"ImageObject\",\"inLanguage\":\"pl-PL\",\"@id\":\"https:\/\/origon-eu.com\/#\/schema\/logo\/image\/\",\"url\":\"https:\/\/origon-eu.com\/wp-content\/uploads\/2024\/04\/Screenshot-2024-04-09-101814.png\",\"contentUrl\":\"https:\/\/origon-eu.com\/wp-content\/uploads\/2024\/04\/Screenshot-2024-04-09-101814.png\",\"width\":171,\"height\":59,\"caption\":\"Origon EU\"},\"image\":{\"@id\":\"https:\/\/origon-eu.com\/#\/schema\/logo\/image\/\"}}]}<\/script>\n<!-- \/ Yoast SEO plugin. -->","yoast_head_json":{"title":"Premium Szlafrok Mikropamuk z kapturem, 450g \u2013 100% Bawe\u0142na, Ecru - Origon EU","robots":{"index":"index","follow":"follow","max-snippet":"max-snippet:-1","max-image-preview":"max-image-preview:large","max-video-preview":"max-video-preview:-1"},"canonical":"https:\/\/origon-eu.com\/pl\/product\/microcotton-bathrobe-with-hood-450gr-100-cotton-ecru\/","og_locale":"pl_PL","og_type":"article","og_title":"Premium Szlafrok Mikropamuk z kapturem, 450g \u2013 100% Bawe\u0142na, Ecru - Origon EU","og_description":"Materia\u0142: 100% bawe\u0142na microcotton dla mi\u0119kko\u015bci i doskona\u0142ej ch\u0142onno\u015bci  Waga: 450 gram\u00f3w, zapewniaj\u0105c ci\u0119\u017csz\u0105, puszyst\u0105 tekstur\u0119  Design: Z kapturem dla dodatkowego ciep\u0142a i komfortu  Kolor: Elegancki odcie\u0144 ecru dla wyrafinowanego, neutralnego wygl\u0105du  Ch\u0142onno\u015b\u0107: Wyj\u0105tkowo ch\u0142onny, idealny do szybkiego osuszania  Wygodny: Zapewnia luksusowe, spa-rodzaj do\u015bwiadczenie w domu","og_url":"https:\/\/origon-eu.com\/pl\/product\/microcotton-bathrobe-with-hood-450gr-100-cotton-ecru\/","og_site_name":"Origon EU","article_modified_time":"2025-03-25T13:46:06+00:00","og_image":[{"width":1280,"height":1920,"url":"https:\/\/origon-eu.com\/wp-content\/uploads\/2025\/03\/halat-mikropamuk-s-kaculka-450gr-100-pamuk-ekru-image_670cf370c8236_1920x1920.webp","type":"image\/webp"}],"twitter_card":"summary_large_image","twitter_misc":{"Szacowany czas czytania":"1 minuta"},"schema":{"@context":"https:\/\/schema.org","@graph":[{"@type":"WebPage","@id":"https:\/\/origon-eu.com\/pl\/product\/microcotton-bathrobe-with-hood-450gr-100-cotton-ecru\/","url":"https:\/\/origon-eu.com\/pl\/product\/microcotton-bathrobe-with-hood-450gr-100-cotton-ecru\/","name":"Premium Szlafrok Mikropamuk z kapturem, 450g \u2013 100% Bawe\u0142na, Ecru - Origon EU","isPartOf":{"@id":"https:\/\/origon-eu.com\/#website"},"primaryImageOfPage":{"@id":"https:\/\/origon-eu.com\/pl\/product\/microcotton-bathrobe-with-hood-450gr-100-cotton-ecru\/#primaryimage"},"image":{"@id":"https:\/\/origon-eu.com\/pl\/product\/microcotton-bathrobe-with-hood-450gr-100-cotton-ecru\/#primaryimage"},"thumbnailUrl":"https:\/\/origon-eu.com\/wp-content\/uploads\/2025\/03\/halat-mikropamuk-s-kaculka-450gr-100-pamuk-ekru-image_670cf370c8236_1920x1920.webp","datePublished":"2025-03-21T14:47:49+00:00","dateModified":"2025-03-25T13:46:06+00:00","breadcrumb":{"@id":"https:\/\/origon-eu.com\/pl\/product\/microcotton-bathrobe-with-hood-450gr-100-cotton-ecru\/#breadcrumb"},"inLanguage":"pl-PL","potentialAction":[{"@type":"ReadAction","target":["https:\/\/origon-eu.com\/pl\/product\/microcotton-bathrobe-with-hood-450gr-100-cotton-ecru\/"]}]},{"@type":"ImageObject","inLanguage":"pl-PL","@id":"https:\/\/origon-eu.com\/pl\/product\/microcotton-bathrobe-with-hood-450gr-100-cotton-ecru\/#primaryimage","url":"https:\/\/origon-eu.com\/wp-content\/uploads\/2025\/03\/halat-mikropamuk-s-kaculka-450gr-100-pamuk-ekru-image_670cf370c8236_1920x1920.webp","contentUrl":"https:\/\/origon-eu.com\/wp-content\/uploads\/2025\/03\/halat-mikropamuk-s-kaculka-450gr-100-pamuk-ekru-image_670cf370c8236_1920x1920.webp","width":1280,"height":1920},{"@type":"BreadcrumbList","@id":"https:\/\/origon-eu.com\/pl\/product\/microcotton-bathrobe-with-hood-450gr-100-cotton-ecru\/#breadcrumb","itemListElement":[{"@type":"ListItem","position":1,"name":"Home","item":"https:\/\/origon-eu.com\/"},{"@type":"ListItem","position":2,"name":"Shop","item":"https:\/\/origon-eu.com\/pl\/shop\/"},{"@type":"ListItem","position":3,"name":"Premium Szlafrok Mikropamuk z kapturem, 450g \u2013 100% Bawe\u0142na, Ecru"}]},{"@type":"WebSite","@id":"https:\/\/origon-eu.com\/#website","url":"https:\/\/origon-eu.com\/","name":"Origon EU","description":"Online Store","publisher":{"@id":"https:\/\/origon-eu.com\/#organization"},"potentialAction":[{"@type":"SearchAction","target":{"@type":"EntryPoint","urlTemplate":"https:\/\/origon-eu.com\/?s={search_term_string}"},"query-input":{"@type":"PropertyValueSpecification","valueRequired":true,"valueName":"search_term_string"}}],"inLanguage":"pl-PL"},{"@type":"Organization","@id":"https:\/\/origon-eu.com\/#organization","name":"Origon EU","url":"https:\/\/origon-eu.com\/","logo":{"@type":"ImageObject","inLanguage":"pl-PL","@id":"https:\/\/origon-eu.com\/#\/schema\/logo\/image\/","url":"https:\/\/origon-eu.com\/wp-content\/uploads\/2024\/04\/Screenshot-2024-04-09-101814.png","contentUrl":"https:\/\/origon-eu.com\/wp-content\/uploads\/2024\/04\/Screenshot-2024-04-09-101814.png","width":171,"height":59,"caption":"Origon EU"},"image":{"@id":"https:\/\/origon-eu.com\/#\/schema\/logo\/image\/"}}]}},"tiered_pricing_type":"fixed","tiered_pricing_fixed_rules":[],"tiered_pricing_percentage_rules":[],"tiered_pricing_minimum":1,"tiered_pricing_roles_data":[],"_links":{"self":[{"href":"https:\/\/origon-eu.com\/pl\/wp-json\/wp\/v2\/product\/39335","targetHints":{"allow":["GET"]}}],"collection":[{"href":"https:\/\/origon-eu.com\/pl\/wp-json\/wp\/v2\/product"}],"about":[{"href":"https:\/\/origon-eu.com\/pl\/wp-json\/wp\/v2\/types\/product"}],"version-history":[{"count":2,"href":"https:\/\/origon-eu.com\/pl\/wp-json\/wp\/v2\/product\/39335\/revisions"}],"predecessor-version":[{"id":39889,"href":"https:\/\/origon-eu.com\/pl\/wp-json\/wp\/v2\/product\/39335\/revisions\/39889"}],"wp:featuredmedia":[{"embeddable":true,"href":"https:\/\/origon-eu.com\/pl\/wp-json\/wp\/v2\/media\/38858"}],"wp:attachment":[{"href":"https:\/\/origon-eu.com\/pl\/wp-json\/wp\/v2\/media?parent=39335"}],"wp:term":[{"taxonomy":"product_cat","embeddable":true,"href":"https:\/\/origon-eu.com\/pl\/wp-json\/wp\/v2\/product_cat?post=39335"},{"taxonomy":"product_tag","embeddable":true,"href":"https:\/\/origon-eu.com\/pl\/wp-json\/wp\/v2\/product_tag?post=39335"}],"curies":[{"name":"wp","href":"https:\/\/api.w.org\/{rel}","templated":true}]}}