{"id":39168,"date":"2025-03-21T16:40:22","date_gmt":"2025-03-21T14:40:22","guid":{"rendered":"https:\/\/origon-eu.com\/product\/hooded-bathrobe-380gr-100-cotton-purple\/"},"modified":"2025-03-25T15:40:52","modified_gmt":"2025-03-25T13:40:52","slug":"hooded-bathrobe-380gr-100-cotton-purple","status":"publish","type":"product","link":"https:\/\/origon-eu.com\/pl\/product\/hooded-bathrobe-380gr-100-cotton-purple\/","title":{"rendered":"Luksusowy 380g Szlafrok z kapturem, 100% Bawe\u0142na \u2013 Fioletowy"},"content":{"rendered":"<p>R\u0119cznik k\u0105pielowy wysokiej jako\u015bci, gruby, z kapturem, wykonany w 100% z bawe\u0142ny. Stylowy design, doskona\u0142a ch\u0142onno\u015b\u0107, wygodny, mi\u0119kki i delikatny w dotyku.<\/p>\n<p data-start=\"228\" data-end=\"234\">Cechy:<\/p>\n<p data-start=\"236\" data-end=\"281\">Rozmiary: M, L, XL, XXL<br data-start=\"259\" data-end=\"262\" \/>Sk\u0142ad: 100% bawe\u0142na<\/p>\n<p data-start=\"283\" data-end=\"418\">Mo\u017cna pra\u0107 w pralce w temperaturze do 40 stopni!<br data-start=\"331\" data-end=\"334\" \/>Nie u\u017cywa\u0107 wybielaczy!<br data-start=\"356\" data-end=\"359\" \/>Obrazy s\u0105 pogl\u0105dowe i przedstawiaj\u0105 og\u00f3lne cechy produkt\u00f3w!<\/p>\n","protected":false},"excerpt":{"rendered":"<ul>\n<li data-start=\"0\" data-end=\"57\"><strong>Materia\u0142:<\/strong> 100% bawe\u0142na dla mi\u0119kkiego i przewiewnego uczucia<\/li>\n<li data-start=\"0\" data-end=\"57\"><strong>Waga:<\/strong> 380 gram\u00f3w, zapewniaj\u0105c komfortowe i lekkie uczucie<\/li>\n<li data-start=\"0\" data-end=\"57\"><strong>Design:<\/strong> Z kapturem dla dodatkowego ciep\u0142a i komfortu<\/li>\n<li data-start=\"0\" data-end=\"57\"><strong>Kolor:<\/strong> \u017bywy fioletowy dla odwa\u017cnego i luksusowego wygl\u0105du<\/li>\n<li data-start=\"0\" data-end=\"57\"><strong>Ch\u0142onno\u015b\u0107:<\/strong> Idealny do osuszania po k\u0105pieli lub prysznicu<\/li>\n<li data-start=\"0\" data-end=\"57\"><strong>Wygodny:<\/strong> Zapewnia luksusowe, spa-rodzaj do\u015bwiadczenia w domu<\/li>\n<\/ul>\n","protected":false},"featured_media":38804,"template":"","meta":[],"product_cat":[503],"product_tag":[],"class_list":{"0":"post-39168","1":"product","2":"type-product","3":"status-publish","4":"has-post-thumbnail","6":"product_cat-bathrobes-pl","8":"first","9":"outofstock","10":"shipping-taxable","11":"purchasable","12":"product-type-variable"},"yoast_head":"<!-- This site is optimized with the Yoast SEO plugin v24.2 - https:\/\/yoast.com\/wordpress\/plugins\/seo\/ -->\n<title>Luksusowy 380g Szlafrok z kapturem, 100% Bawe\u0142na \u2013 Fioletowy - Origon EU<\/title>\n<meta name=\"robots\" content=\"index, follow, max-snippet:-1, max-image-preview:large, max-video-preview:-1\" \/>\n<link rel=\"canonical\" href=\"https:\/\/origon-eu.com\/pl\/product\/hooded-bathrobe-380gr-100-cotton-purple\/\" \/>\n<meta property=\"og:locale\" content=\"pl_PL\" \/>\n<meta property=\"og:type\" content=\"article\" \/>\n<meta property=\"og:title\" content=\"Luksusowy 380g Szlafrok z kapturem, 100% Bawe\u0142na \u2013 Fioletowy - Origon EU\" \/>\n<meta property=\"og:description\" content=\"Materia\u0142: 100% bawe\u0142na dla mi\u0119kkiego i przewiewnego uczucia  Waga: 380 gram\u00f3w, zapewniaj\u0105c komfortowe i lekkie uczucie  Design: Z kapturem dla dodatkowego ciep\u0142a i komfortu  Kolor: \u017bywy fioletowy dla odwa\u017cnego i luksusowego wygl\u0105du  Ch\u0142onno\u015b\u0107: Idealny do osuszania po k\u0105pieli lub prysznicu  Wygodny: Zapewnia luksusowe, spa-rodzaj do\u015bwiadczenia w domu\" \/>\n<meta property=\"og:url\" content=\"https:\/\/origon-eu.com\/pl\/product\/hooded-bathrobe-380gr-100-cotton-purple\/\" \/>\n<meta property=\"og:site_name\" content=\"Origon EU\" \/>\n<meta property=\"article:modified_time\" content=\"2025-03-25T13:40:52+00:00\" \/>\n<meta property=\"og:image\" content=\"https:\/\/origon-eu.com\/wp-content\/uploads\/2025\/03\/halat-za-bana-s-kaculka-380gr-100-pamuk-lila-image_670cf2a9c5ffd_1920x1920.webp\" \/>\n\t<meta property=\"og:image:width\" content=\"1280\" \/>\n\t<meta property=\"og:image:height\" content=\"1920\" \/>\n\t<meta property=\"og:image:type\" content=\"image\/webp\" \/>\n<meta name=\"twitter:card\" content=\"summary_large_image\" \/>\n<meta name=\"twitter:label1\" content=\"Szacowany czas czytania\" \/>\n\t<meta name=\"twitter:data1\" content=\"1 minuta\" \/>\n<script type=\"application\/ld+json\" class=\"yoast-schema-graph\">{\"@context\":\"https:\/\/schema.org\",\"@graph\":[{\"@type\":\"WebPage\",\"@id\":\"https:\/\/origon-eu.com\/pl\/product\/hooded-bathrobe-380gr-100-cotton-purple\/\",\"url\":\"https:\/\/origon-eu.com\/pl\/product\/hooded-bathrobe-380gr-100-cotton-purple\/\",\"name\":\"Luksusowy 380g Szlafrok z kapturem, 100% Bawe\u0142na \u2013 Fioletowy - Origon EU\",\"isPartOf\":{\"@id\":\"https:\/\/origon-eu.com\/#website\"},\"primaryImageOfPage\":{\"@id\":\"https:\/\/origon-eu.com\/pl\/product\/hooded-bathrobe-380gr-100-cotton-purple\/#primaryimage\"},\"image\":{\"@id\":\"https:\/\/origon-eu.com\/pl\/product\/hooded-bathrobe-380gr-100-cotton-purple\/#primaryimage\"},\"thumbnailUrl\":\"https:\/\/origon-eu.com\/wp-content\/uploads\/2025\/03\/halat-za-bana-s-kaculka-380gr-100-pamuk-lila-image_670cf2a9c5ffd_1920x1920.webp\",\"datePublished\":\"2025-03-21T14:40:22+00:00\",\"dateModified\":\"2025-03-25T13:40:52+00:00\",\"breadcrumb\":{\"@id\":\"https:\/\/origon-eu.com\/pl\/product\/hooded-bathrobe-380gr-100-cotton-purple\/#breadcrumb\"},\"inLanguage\":\"pl-PL\",\"potentialAction\":[{\"@type\":\"ReadAction\",\"target\":[\"https:\/\/origon-eu.com\/pl\/product\/hooded-bathrobe-380gr-100-cotton-purple\/\"]}]},{\"@type\":\"ImageObject\",\"inLanguage\":\"pl-PL\",\"@id\":\"https:\/\/origon-eu.com\/pl\/product\/hooded-bathrobe-380gr-100-cotton-purple\/#primaryimage\",\"url\":\"https:\/\/origon-eu.com\/wp-content\/uploads\/2025\/03\/halat-za-bana-s-kaculka-380gr-100-pamuk-lila-image_670cf2a9c5ffd_1920x1920.webp\",\"contentUrl\":\"https:\/\/origon-eu.com\/wp-content\/uploads\/2025\/03\/halat-za-bana-s-kaculka-380gr-100-pamuk-lila-image_670cf2a9c5ffd_1920x1920.webp\",\"width\":1280,\"height\":1920},{\"@type\":\"BreadcrumbList\",\"@id\":\"https:\/\/origon-eu.com\/pl\/product\/hooded-bathrobe-380gr-100-cotton-purple\/#breadcrumb\",\"itemListElement\":[{\"@type\":\"ListItem\",\"position\":1,\"name\":\"Home\",\"item\":\"https:\/\/origon-eu.com\/\"},{\"@type\":\"ListItem\",\"position\":2,\"name\":\"Shop\",\"item\":\"https:\/\/origon-eu.com\/pl\/shop\/\"},{\"@type\":\"ListItem\",\"position\":3,\"name\":\"Luksusowy 380g Szlafrok z kapturem, 100% Bawe\u0142na \u2013 Fioletowy\"}]},{\"@type\":\"WebSite\",\"@id\":\"https:\/\/origon-eu.com\/#website\",\"url\":\"https:\/\/origon-eu.com\/\",\"name\":\"Origon EU\",\"description\":\"Online Store\",\"publisher\":{\"@id\":\"https:\/\/origon-eu.com\/#organization\"},\"potentialAction\":[{\"@type\":\"SearchAction\",\"target\":{\"@type\":\"EntryPoint\",\"urlTemplate\":\"https:\/\/origon-eu.com\/?s={search_term_string}\"},\"query-input\":{\"@type\":\"PropertyValueSpecification\",\"valueRequired\":true,\"valueName\":\"search_term_string\"}}],\"inLanguage\":\"pl-PL\"},{\"@type\":\"Organization\",\"@id\":\"https:\/\/origon-eu.com\/#organization\",\"name\":\"Origon EU\",\"url\":\"https:\/\/origon-eu.com\/\",\"logo\":{\"@type\":\"ImageObject\",\"inLanguage\":\"pl-PL\",\"@id\":\"https:\/\/origon-eu.com\/#\/schema\/logo\/image\/\",\"url\":\"https:\/\/origon-eu.com\/wp-content\/uploads\/2024\/04\/Screenshot-2024-04-09-101814.png\",\"contentUrl\":\"https:\/\/origon-eu.com\/wp-content\/uploads\/2024\/04\/Screenshot-2024-04-09-101814.png\",\"width\":171,\"height\":59,\"caption\":\"Origon EU\"},\"image\":{\"@id\":\"https:\/\/origon-eu.com\/#\/schema\/logo\/image\/\"}}]}<\/script>\n<!-- \/ Yoast SEO plugin. -->","yoast_head_json":{"title":"Luksusowy 380g Szlafrok z kapturem, 100% Bawe\u0142na \u2013 Fioletowy - Origon EU","robots":{"index":"index","follow":"follow","max-snippet":"max-snippet:-1","max-image-preview":"max-image-preview:large","max-video-preview":"max-video-preview:-1"},"canonical":"https:\/\/origon-eu.com\/pl\/product\/hooded-bathrobe-380gr-100-cotton-purple\/","og_locale":"pl_PL","og_type":"article","og_title":"Luksusowy 380g Szlafrok z kapturem, 100% Bawe\u0142na \u2013 Fioletowy - Origon EU","og_description":"Materia\u0142: 100% bawe\u0142na dla mi\u0119kkiego i przewiewnego uczucia  Waga: 380 gram\u00f3w, zapewniaj\u0105c komfortowe i lekkie uczucie  Design: Z kapturem dla dodatkowego ciep\u0142a i komfortu  Kolor: \u017bywy fioletowy dla odwa\u017cnego i luksusowego wygl\u0105du  Ch\u0142onno\u015b\u0107: Idealny do osuszania po k\u0105pieli lub prysznicu  Wygodny: Zapewnia luksusowe, spa-rodzaj do\u015bwiadczenia w domu","og_url":"https:\/\/origon-eu.com\/pl\/product\/hooded-bathrobe-380gr-100-cotton-purple\/","og_site_name":"Origon EU","article_modified_time":"2025-03-25T13:40:52+00:00","og_image":[{"width":1280,"height":1920,"url":"https:\/\/origon-eu.com\/wp-content\/uploads\/2025\/03\/halat-za-bana-s-kaculka-380gr-100-pamuk-lila-image_670cf2a9c5ffd_1920x1920.webp","type":"image\/webp"}],"twitter_card":"summary_large_image","twitter_misc":{"Szacowany czas czytania":"1 minuta"},"schema":{"@context":"https:\/\/schema.org","@graph":[{"@type":"WebPage","@id":"https:\/\/origon-eu.com\/pl\/product\/hooded-bathrobe-380gr-100-cotton-purple\/","url":"https:\/\/origon-eu.com\/pl\/product\/hooded-bathrobe-380gr-100-cotton-purple\/","name":"Luksusowy 380g Szlafrok z kapturem, 100% Bawe\u0142na \u2013 Fioletowy - Origon EU","isPartOf":{"@id":"https:\/\/origon-eu.com\/#website"},"primaryImageOfPage":{"@id":"https:\/\/origon-eu.com\/pl\/product\/hooded-bathrobe-380gr-100-cotton-purple\/#primaryimage"},"image":{"@id":"https:\/\/origon-eu.com\/pl\/product\/hooded-bathrobe-380gr-100-cotton-purple\/#primaryimage"},"thumbnailUrl":"https:\/\/origon-eu.com\/wp-content\/uploads\/2025\/03\/halat-za-bana-s-kaculka-380gr-100-pamuk-lila-image_670cf2a9c5ffd_1920x1920.webp","datePublished":"2025-03-21T14:40:22+00:00","dateModified":"2025-03-25T13:40:52+00:00","breadcrumb":{"@id":"https:\/\/origon-eu.com\/pl\/product\/hooded-bathrobe-380gr-100-cotton-purple\/#breadcrumb"},"inLanguage":"pl-PL","potentialAction":[{"@type":"ReadAction","target":["https:\/\/origon-eu.com\/pl\/product\/hooded-bathrobe-380gr-100-cotton-purple\/"]}]},{"@type":"ImageObject","inLanguage":"pl-PL","@id":"https:\/\/origon-eu.com\/pl\/product\/hooded-bathrobe-380gr-100-cotton-purple\/#primaryimage","url":"https:\/\/origon-eu.com\/wp-content\/uploads\/2025\/03\/halat-za-bana-s-kaculka-380gr-100-pamuk-lila-image_670cf2a9c5ffd_1920x1920.webp","contentUrl":"https:\/\/origon-eu.com\/wp-content\/uploads\/2025\/03\/halat-za-bana-s-kaculka-380gr-100-pamuk-lila-image_670cf2a9c5ffd_1920x1920.webp","width":1280,"height":1920},{"@type":"BreadcrumbList","@id":"https:\/\/origon-eu.com\/pl\/product\/hooded-bathrobe-380gr-100-cotton-purple\/#breadcrumb","itemListElement":[{"@type":"ListItem","position":1,"name":"Home","item":"https:\/\/origon-eu.com\/"},{"@type":"ListItem","position":2,"name":"Shop","item":"https:\/\/origon-eu.com\/pl\/shop\/"},{"@type":"ListItem","position":3,"name":"Luksusowy 380g Szlafrok z kapturem, 100% Bawe\u0142na \u2013 Fioletowy"}]},{"@type":"WebSite","@id":"https:\/\/origon-eu.com\/#website","url":"https:\/\/origon-eu.com\/","name":"Origon EU","description":"Online Store","publisher":{"@id":"https:\/\/origon-eu.com\/#organization"},"potentialAction":[{"@type":"SearchAction","target":{"@type":"EntryPoint","urlTemplate":"https:\/\/origon-eu.com\/?s={search_term_string}"},"query-input":{"@type":"PropertyValueSpecification","valueRequired":true,"valueName":"search_term_string"}}],"inLanguage":"pl-PL"},{"@type":"Organization","@id":"https:\/\/origon-eu.com\/#organization","name":"Origon EU","url":"https:\/\/origon-eu.com\/","logo":{"@type":"ImageObject","inLanguage":"pl-PL","@id":"https:\/\/origon-eu.com\/#\/schema\/logo\/image\/","url":"https:\/\/origon-eu.com\/wp-content\/uploads\/2024\/04\/Screenshot-2024-04-09-101814.png","contentUrl":"https:\/\/origon-eu.com\/wp-content\/uploads\/2024\/04\/Screenshot-2024-04-09-101814.png","width":171,"height":59,"caption":"Origon EU"},"image":{"@id":"https:\/\/origon-eu.com\/#\/schema\/logo\/image\/"}}]}},"tiered_pricing_type":"fixed","tiered_pricing_fixed_rules":[],"tiered_pricing_percentage_rules":[],"tiered_pricing_minimum":1,"tiered_pricing_roles_data":[],"_links":{"self":[{"href":"https:\/\/origon-eu.com\/pl\/wp-json\/wp\/v2\/product\/39168","targetHints":{"allow":["GET"]}}],"collection":[{"href":"https:\/\/origon-eu.com\/pl\/wp-json\/wp\/v2\/product"}],"about":[{"href":"https:\/\/origon-eu.com\/pl\/wp-json\/wp\/v2\/types\/product"}],"version-history":[{"count":2,"href":"https:\/\/origon-eu.com\/pl\/wp-json\/wp\/v2\/product\/39168\/revisions"}],"predecessor-version":[{"id":39865,"href":"https:\/\/origon-eu.com\/pl\/wp-json\/wp\/v2\/product\/39168\/revisions\/39865"}],"wp:featuredmedia":[{"embeddable":true,"href":"https:\/\/origon-eu.com\/pl\/wp-json\/wp\/v2\/media\/38804"}],"wp:attachment":[{"href":"https:\/\/origon-eu.com\/pl\/wp-json\/wp\/v2\/media?parent=39168"}],"wp:term":[{"taxonomy":"product_cat","embeddable":true,"href":"https:\/\/origon-eu.com\/pl\/wp-json\/wp\/v2\/product_cat?post=39168"},{"taxonomy":"product_tag","embeddable":true,"href":"https:\/\/origon-eu.com\/pl\/wp-json\/wp\/v2\/product_tag?post=39168"}],"curies":[{"name":"wp","href":"https:\/\/api.w.org\/{rel}","templated":true}]}}