{"id":39008,"date":"2025-03-21T15:58:05","date_gmt":"2025-03-21T13:58:05","guid":{"rendered":"https:\/\/origon-eu.com\/product\/white-towel-hotel-bathrobe-400gr\/"},"modified":"2025-03-25T15:31:19","modified_gmt":"2025-03-25T13:31:19","slug":"white-towel-hotel-bathrobe-400gr","status":"publish","type":"product","link":"https:\/\/origon-eu.com\/pl\/product\/white-towel-hotel-bathrobe-400gr\/","title":{"rendered":"Premium bia\u0142y hotelowy szlafrok frotte 400g"},"content":{"rendered":"<p>SK\u0141AD &#8211; 100% BAWE\u0141NA<\/p>\n<p data-start=\"70\" data-end=\"420\">Szlafrok wysokiej jako\u015bci, gruby, bez kaptura, z ko\u0142nierzem szalowym, wykonany w 100% z bawe\u0142ny. Odpowiedni do u\u017cytku domowego, a tak\u017ce w hotelach i pensjonatach. Stylowy design, doskona\u0142a ch\u0142onno\u015b\u0107, wygodny, mi\u0119kki i delikatny w dotyku. Wysokiej jako\u015bci materia\u0142, kt\u00f3ry szybko schnie. Dla wi\u0119kszego komfortu i wygody, szlafrok posiada r\u00f3wnie\u017c pasek.<\/p>\n<p data-start=\"422\" data-end=\"468\">Wybierz najlepsze dla siebie lub swoich go\u015bci.<\/p>\n<p data-start=\"470\" data-end=\"494\">Dost\u0119pny w rozmiarze XL.<\/p>\n<p data-start=\"496\" data-end=\"547\">Zaleca si\u0119 pranie w temperaturze wody do 40 stopni!<\/p>\n<p data-start=\"549\" data-end=\"608\">Obrazy s\u0105 pogl\u0105dowe i przedstawiaj\u0105 og\u00f3lne cechy produkt\u00f3w!<\/p>\n","protected":false},"excerpt":{"rendered":"<ul>\n<li data-start=\"0\" data-end=\"35\"><strong>Materia\u0142:<\/strong> Wysokiej jako\u015bci bawe\u0142na<\/li>\n<li data-start=\"0\" data-end=\"35\"><strong>Waga:<\/strong> 400 gram\u00f3w, zapewnia r\u00f3wnowag\u0119 mi\u0119dzy ciep\u0142em a komfortem<\/li>\n<li data-start=\"0\" data-end=\"35\"><strong>Mi\u0119kki i puszysty:<\/strong> Zapewnia luksusowe, wygodne uczucie<\/li>\n<li data-start=\"0\" data-end=\"35\"><strong>Ch\u0142onny:<\/strong> Idealny do osuszania po prysznicu lub k\u0105pieli<\/li>\n<li data-start=\"0\" data-end=\"35\"><strong>Elegancki design:<\/strong> Czysty bia\u0142y kolor dodaje wyrafinowanego charakteru<\/li>\n<li data-start=\"0\" data-end=\"35\"><strong>Styl hotelowy:<\/strong> Idealny do odtworzenia do\u015bwiadczenia spa lub hotelowego w domu<\/li>\n<\/ul>\n","protected":false},"featured_media":38746,"template":"","meta":[],"product_cat":[503],"product_tag":[],"class_list":{"0":"post-39008","1":"product","2":"type-product","3":"status-publish","4":"has-post-thumbnail","6":"product_cat-bathrobes-pl","8":"first","9":"outofstock","10":"shipping-taxable","11":"purchasable","12":"product-type-variable"},"yoast_head":"<!-- This site is optimized with the Yoast SEO plugin v24.2 - https:\/\/yoast.com\/wordpress\/plugins\/seo\/ -->\n<title>Premium bia\u0142y hotelowy szlafrok frotte 400g - Origon EU<\/title>\n<meta name=\"robots\" content=\"index, follow, max-snippet:-1, max-image-preview:large, max-video-preview:-1\" \/>\n<link rel=\"canonical\" href=\"https:\/\/origon-eu.com\/pl\/product\/white-towel-hotel-bathrobe-400gr\/\" \/>\n<meta property=\"og:locale\" content=\"pl_PL\" \/>\n<meta property=\"og:type\" content=\"article\" \/>\n<meta property=\"og:title\" content=\"Premium bia\u0142y hotelowy szlafrok frotte 400g - Origon EU\" \/>\n<meta property=\"og:description\" content=\"Materia\u0142: Wysokiej jako\u015bci bawe\u0142na  Waga: 400 gram\u00f3w, zapewnia r\u00f3wnowag\u0119 mi\u0119dzy ciep\u0142em a komfortem  Mi\u0119kki i puszysty: Zapewnia luksusowe, wygodne uczucie  Ch\u0142onny: Idealny do osuszania po prysznicu lub k\u0105pieli  Elegancki design: Czysty bia\u0142y kolor dodaje wyrafinowanego charakteru  Styl hotelowy: Idealny do odtworzenia do\u015bwiadczenia spa lub hotelowego w domu\" \/>\n<meta property=\"og:url\" content=\"https:\/\/origon-eu.com\/pl\/product\/white-towel-hotel-bathrobe-400gr\/\" \/>\n<meta property=\"og:site_name\" content=\"Origon EU\" \/>\n<meta property=\"article:modified_time\" content=\"2025-03-25T13:31:19+00:00\" \/>\n<meta property=\"og:image\" content=\"https:\/\/origon-eu.com\/wp-content\/uploads\/2025\/03\/bal-havlien-hotelski-halat-400gr-image_670cfa8c60028_1920x1920-1.jpeg\" \/>\n\t<meta property=\"og:image:width\" content=\"1252\" \/>\n\t<meta property=\"og:image:height\" content=\"1920\" \/>\n\t<meta property=\"og:image:type\" content=\"image\/jpeg\" \/>\n<meta name=\"twitter:card\" content=\"summary_large_image\" \/>\n<meta name=\"twitter:label1\" content=\"Szacowany czas czytania\" \/>\n\t<meta name=\"twitter:data1\" content=\"1 minuta\" \/>\n<script type=\"application\/ld+json\" class=\"yoast-schema-graph\">{\"@context\":\"https:\/\/schema.org\",\"@graph\":[{\"@type\":\"WebPage\",\"@id\":\"https:\/\/origon-eu.com\/pl\/product\/white-towel-hotel-bathrobe-400gr\/\",\"url\":\"https:\/\/origon-eu.com\/pl\/product\/white-towel-hotel-bathrobe-400gr\/\",\"name\":\"Premium bia\u0142y hotelowy szlafrok frotte 400g - Origon EU\",\"isPartOf\":{\"@id\":\"https:\/\/origon-eu.com\/#website\"},\"primaryImageOfPage\":{\"@id\":\"https:\/\/origon-eu.com\/pl\/product\/white-towel-hotel-bathrobe-400gr\/#primaryimage\"},\"image\":{\"@id\":\"https:\/\/origon-eu.com\/pl\/product\/white-towel-hotel-bathrobe-400gr\/#primaryimage\"},\"thumbnailUrl\":\"https:\/\/origon-eu.com\/wp-content\/uploads\/2025\/03\/bal-havlien-hotelski-halat-400gr-image_670cfa8c60028_1920x1920-1.jpeg\",\"datePublished\":\"2025-03-21T13:58:05+00:00\",\"dateModified\":\"2025-03-25T13:31:19+00:00\",\"breadcrumb\":{\"@id\":\"https:\/\/origon-eu.com\/pl\/product\/white-towel-hotel-bathrobe-400gr\/#breadcrumb\"},\"inLanguage\":\"pl-PL\",\"potentialAction\":[{\"@type\":\"ReadAction\",\"target\":[\"https:\/\/origon-eu.com\/pl\/product\/white-towel-hotel-bathrobe-400gr\/\"]}]},{\"@type\":\"ImageObject\",\"inLanguage\":\"pl-PL\",\"@id\":\"https:\/\/origon-eu.com\/pl\/product\/white-towel-hotel-bathrobe-400gr\/#primaryimage\",\"url\":\"https:\/\/origon-eu.com\/wp-content\/uploads\/2025\/03\/bal-havlien-hotelski-halat-400gr-image_670cfa8c60028_1920x1920-1.jpeg\",\"contentUrl\":\"https:\/\/origon-eu.com\/wp-content\/uploads\/2025\/03\/bal-havlien-hotelski-halat-400gr-image_670cfa8c60028_1920x1920-1.jpeg\",\"width\":1252,\"height\":1920},{\"@type\":\"BreadcrumbList\",\"@id\":\"https:\/\/origon-eu.com\/pl\/product\/white-towel-hotel-bathrobe-400gr\/#breadcrumb\",\"itemListElement\":[{\"@type\":\"ListItem\",\"position\":1,\"name\":\"Home\",\"item\":\"https:\/\/origon-eu.com\/\"},{\"@type\":\"ListItem\",\"position\":2,\"name\":\"Shop\",\"item\":\"https:\/\/origon-eu.com\/pl\/shop\/\"},{\"@type\":\"ListItem\",\"position\":3,\"name\":\"Premium bia\u0142y hotelowy szlafrok frotte 400g\"}]},{\"@type\":\"WebSite\",\"@id\":\"https:\/\/origon-eu.com\/#website\",\"url\":\"https:\/\/origon-eu.com\/\",\"name\":\"Origon EU\",\"description\":\"Online Store\",\"publisher\":{\"@id\":\"https:\/\/origon-eu.com\/#organization\"},\"potentialAction\":[{\"@type\":\"SearchAction\",\"target\":{\"@type\":\"EntryPoint\",\"urlTemplate\":\"https:\/\/origon-eu.com\/?s={search_term_string}\"},\"query-input\":{\"@type\":\"PropertyValueSpecification\",\"valueRequired\":true,\"valueName\":\"search_term_string\"}}],\"inLanguage\":\"pl-PL\"},{\"@type\":\"Organization\",\"@id\":\"https:\/\/origon-eu.com\/#organization\",\"name\":\"Origon EU\",\"url\":\"https:\/\/origon-eu.com\/\",\"logo\":{\"@type\":\"ImageObject\",\"inLanguage\":\"pl-PL\",\"@id\":\"https:\/\/origon-eu.com\/#\/schema\/logo\/image\/\",\"url\":\"https:\/\/origon-eu.com\/wp-content\/uploads\/2024\/04\/Screenshot-2024-04-09-101814.png\",\"contentUrl\":\"https:\/\/origon-eu.com\/wp-content\/uploads\/2024\/04\/Screenshot-2024-04-09-101814.png\",\"width\":171,\"height\":59,\"caption\":\"Origon EU\"},\"image\":{\"@id\":\"https:\/\/origon-eu.com\/#\/schema\/logo\/image\/\"}}]}<\/script>\n<!-- \/ Yoast SEO plugin. -->","yoast_head_json":{"title":"Premium bia\u0142y hotelowy szlafrok frotte 400g - Origon EU","robots":{"index":"index","follow":"follow","max-snippet":"max-snippet:-1","max-image-preview":"max-image-preview:large","max-video-preview":"max-video-preview:-1"},"canonical":"https:\/\/origon-eu.com\/pl\/product\/white-towel-hotel-bathrobe-400gr\/","og_locale":"pl_PL","og_type":"article","og_title":"Premium bia\u0142y hotelowy szlafrok frotte 400g - Origon EU","og_description":"Materia\u0142: Wysokiej jako\u015bci bawe\u0142na  Waga: 400 gram\u00f3w, zapewnia r\u00f3wnowag\u0119 mi\u0119dzy ciep\u0142em a komfortem  Mi\u0119kki i puszysty: Zapewnia luksusowe, wygodne uczucie  Ch\u0142onny: Idealny do osuszania po prysznicu lub k\u0105pieli  Elegancki design: Czysty bia\u0142y kolor dodaje wyrafinowanego charakteru  Styl hotelowy: Idealny do odtworzenia do\u015bwiadczenia spa lub hotelowego w domu","og_url":"https:\/\/origon-eu.com\/pl\/product\/white-towel-hotel-bathrobe-400gr\/","og_site_name":"Origon EU","article_modified_time":"2025-03-25T13:31:19+00:00","og_image":[{"width":1252,"height":1920,"url":"https:\/\/origon-eu.com\/wp-content\/uploads\/2025\/03\/bal-havlien-hotelski-halat-400gr-image_670cfa8c60028_1920x1920-1.jpeg","type":"image\/jpeg"}],"twitter_card":"summary_large_image","twitter_misc":{"Szacowany czas czytania":"1 minuta"},"schema":{"@context":"https:\/\/schema.org","@graph":[{"@type":"WebPage","@id":"https:\/\/origon-eu.com\/pl\/product\/white-towel-hotel-bathrobe-400gr\/","url":"https:\/\/origon-eu.com\/pl\/product\/white-towel-hotel-bathrobe-400gr\/","name":"Premium bia\u0142y hotelowy szlafrok frotte 400g - Origon EU","isPartOf":{"@id":"https:\/\/origon-eu.com\/#website"},"primaryImageOfPage":{"@id":"https:\/\/origon-eu.com\/pl\/product\/white-towel-hotel-bathrobe-400gr\/#primaryimage"},"image":{"@id":"https:\/\/origon-eu.com\/pl\/product\/white-towel-hotel-bathrobe-400gr\/#primaryimage"},"thumbnailUrl":"https:\/\/origon-eu.com\/wp-content\/uploads\/2025\/03\/bal-havlien-hotelski-halat-400gr-image_670cfa8c60028_1920x1920-1.jpeg","datePublished":"2025-03-21T13:58:05+00:00","dateModified":"2025-03-25T13:31:19+00:00","breadcrumb":{"@id":"https:\/\/origon-eu.com\/pl\/product\/white-towel-hotel-bathrobe-400gr\/#breadcrumb"},"inLanguage":"pl-PL","potentialAction":[{"@type":"ReadAction","target":["https:\/\/origon-eu.com\/pl\/product\/white-towel-hotel-bathrobe-400gr\/"]}]},{"@type":"ImageObject","inLanguage":"pl-PL","@id":"https:\/\/origon-eu.com\/pl\/product\/white-towel-hotel-bathrobe-400gr\/#primaryimage","url":"https:\/\/origon-eu.com\/wp-content\/uploads\/2025\/03\/bal-havlien-hotelski-halat-400gr-image_670cfa8c60028_1920x1920-1.jpeg","contentUrl":"https:\/\/origon-eu.com\/wp-content\/uploads\/2025\/03\/bal-havlien-hotelski-halat-400gr-image_670cfa8c60028_1920x1920-1.jpeg","width":1252,"height":1920},{"@type":"BreadcrumbList","@id":"https:\/\/origon-eu.com\/pl\/product\/white-towel-hotel-bathrobe-400gr\/#breadcrumb","itemListElement":[{"@type":"ListItem","position":1,"name":"Home","item":"https:\/\/origon-eu.com\/"},{"@type":"ListItem","position":2,"name":"Shop","item":"https:\/\/origon-eu.com\/pl\/shop\/"},{"@type":"ListItem","position":3,"name":"Premium bia\u0142y hotelowy szlafrok frotte 400g"}]},{"@type":"WebSite","@id":"https:\/\/origon-eu.com\/#website","url":"https:\/\/origon-eu.com\/","name":"Origon EU","description":"Online Store","publisher":{"@id":"https:\/\/origon-eu.com\/#organization"},"potentialAction":[{"@type":"SearchAction","target":{"@type":"EntryPoint","urlTemplate":"https:\/\/origon-eu.com\/?s={search_term_string}"},"query-input":{"@type":"PropertyValueSpecification","valueRequired":true,"valueName":"search_term_string"}}],"inLanguage":"pl-PL"},{"@type":"Organization","@id":"https:\/\/origon-eu.com\/#organization","name":"Origon EU","url":"https:\/\/origon-eu.com\/","logo":{"@type":"ImageObject","inLanguage":"pl-PL","@id":"https:\/\/origon-eu.com\/#\/schema\/logo\/image\/","url":"https:\/\/origon-eu.com\/wp-content\/uploads\/2024\/04\/Screenshot-2024-04-09-101814.png","contentUrl":"https:\/\/origon-eu.com\/wp-content\/uploads\/2024\/04\/Screenshot-2024-04-09-101814.png","width":171,"height":59,"caption":"Origon EU"},"image":{"@id":"https:\/\/origon-eu.com\/#\/schema\/logo\/image\/"}}]}},"tiered_pricing_type":"fixed","tiered_pricing_fixed_rules":[],"tiered_pricing_percentage_rules":[],"tiered_pricing_minimum":1,"tiered_pricing_roles_data":[],"_links":{"self":[{"href":"https:\/\/origon-eu.com\/pl\/wp-json\/wp\/v2\/product\/39008","targetHints":{"allow":["GET"]}}],"collection":[{"href":"https:\/\/origon-eu.com\/pl\/wp-json\/wp\/v2\/product"}],"about":[{"href":"https:\/\/origon-eu.com\/pl\/wp-json\/wp\/v2\/types\/product"}],"version-history":[{"count":2,"href":"https:\/\/origon-eu.com\/pl\/wp-json\/wp\/v2\/product\/39008\/revisions"}],"predecessor-version":[{"id":39829,"href":"https:\/\/origon-eu.com\/pl\/wp-json\/wp\/v2\/product\/39008\/revisions\/39829"}],"wp:featuredmedia":[{"embeddable":true,"href":"https:\/\/origon-eu.com\/pl\/wp-json\/wp\/v2\/media\/38746"}],"wp:attachment":[{"href":"https:\/\/origon-eu.com\/pl\/wp-json\/wp\/v2\/media?parent=39008"}],"wp:term":[{"taxonomy":"product_cat","embeddable":true,"href":"https:\/\/origon-eu.com\/pl\/wp-json\/wp\/v2\/product_cat?post=39008"},{"taxonomy":"product_tag","embeddable":true,"href":"https:\/\/origon-eu.com\/pl\/wp-json\/wp\/v2\/product_tag?post=39008"}],"curies":[{"name":"wp","href":"https:\/\/api.w.org\/{rel}","templated":true}]}}