{"id":35665,"date":"2025-02-28T11:20:41","date_gmt":"2025-02-28T09:20:41","guid":{"rendered":"https:\/\/origon-eu.com\/product\/shiatsu-foot-massager\/"},"modified":"2025-08-21T15:23:43","modified_gmt":"2025-08-21T13:23:43","slug":"shiatsu-foot-massager","status":"publish","type":"product","link":"https:\/\/origon-eu.com\/pl\/product\/shiatsu-foot-massager\/","title":{"rendered":"Masa\u017cer do st\u00f3p Shiatsu"},"content":{"rendered":"<p>Rozlu\u017anij zm\u0119czone mi\u0119\u015bnie i oddaj si\u0119 relaksowi dzi\u0119ki masa\u017cerowi st\u00f3p Shiatsu z funkcj\u0105 ogrzewania. Ten przeno\u015bny masa\u017cer oferuje trzy ustawienia masa\u017cu, aby sprosta\u0107 Twoim preferencjom, wraz z kontrolowan\u0105 funkcj\u0105 ogrzewania dla dodatkowego koj\u0105cego dotyku.<\/p>\n<p><strong>Zalety masa\u017cu st\u00f3p Shiatsu:<\/strong><\/p>\n<ul>\n<li>Poprawia kr\u0105\u017cenie<\/li>\n<li>Pobudza mi\u0119\u015bnie<\/li>\n<li>Zmniejsza napi\u0119cie i b\u00f3l<\/li>\n<li>\u0141agodzi stres<\/li>\n<li>\u0141agodzi b\u00f3le g\u0142owy i migreny<\/li>\n<li>Pomaga obni\u017cy\u0107 ci\u015bnienie krwi<\/li>\n<li>Skraca czas rekonwalescencji po urazie<\/li>\n<li>Zmniejsza niepok\u00f3j<\/li>\n<li>Poprawia jako\u015b\u0107 snu<\/li>\n<\/ul>\n<p><a href=\"https:\/\/origon-eu.com\/wp-content\/uploads\/2025\/02\/ISM001productimage.webp\"><img fetchpriority=\"high\" decoding=\"async\" class=\"alignnone size-full wp-image-35348\" src=\"https:\/\/origon-eu.com\/wp-content\/uploads\/2025\/02\/ISM001productimage.webp\" alt=\"\" width=\"500\" height=\"500\" srcset=\"https:\/\/origon-eu.com\/wp-content\/uploads\/2025\/02\/ISM001productimage.webp 500w, https:\/\/origon-eu.com\/wp-content\/uploads\/2025\/02\/ISM001productimage-300x300.webp 300w, https:\/\/origon-eu.com\/wp-content\/uploads\/2025\/02\/ISM001productimage-150x150.webp 150w\" sizes=\"(max-width: 500px) 100vw, 500px\" \/><\/a><\/p>\n<p><strong>Cechy masa\u017cera st\u00f3p Shiatsu:<\/strong><\/p>\n<ul>\n<li>Konstrukcja w kszta\u0142cie jajka dla ergonomicznego komfortu<\/li>\n<li>Lekki i przeno\u015bny<\/li>\n<li>Trzy masa\u017cery do kompleksowego masa\u017cu st\u00f3p<\/li>\n<li>Zdejmowane i zmywalne pokrowce dla higieny<\/li>\n<\/ul>\n<p><strong>Dane techniczne:<\/strong><\/p>\n<ul>\n<li>Pi\u0119\u0107 niezale\u017cnych przycisk\u00f3w na panelu sterowania<\/li>\n<li>Centralna podk\u0142adka masuj\u0105ca do akupresury \u0142uk\u00f3w<\/li>\n<li>Przednia podk\u0142adka masuj\u0105ca z wa\u0142kiem ugniataj\u0105cym do przednich podeszew<\/li>\n<li>Tylna podk\u0142adka masuj\u0105ca z ugniataniem pi\u0119t<\/li>\n<li>Wewn\u0119trzna poduszka powietrzna zapewniaj\u0105ca ci\u015bnienie powietrza w podbiciu<\/li>\n<li>Zdejmowany materia\u0142 na suwak u\u0142atwiaj\u0105cy czyszczenie<\/li>\n<li>Przechowywanie przewodu zapewniaj\u0105ce schludn\u0105 organizacj\u0119<\/li>\n<\/ul>\n<p><strong>Wypr\u00f3buj masa\u017cer st\u00f3p Shiatsu, aby uzyska\u0107 orze\u017awiaj\u0105ce i relaksuj\u0105ce doznania!<\/strong><\/p>\n<p><a href=\"https:\/\/origon-eu.com\/wp-content\/uploads\/2025\/02\/2_ba9be07b-cfe5-4341-87ac-866153800ce8.webp\"><img decoding=\"async\" width=\"713\" height=\"713\" class=\"alignnone size-full wp-image-35338\" src=\"https:\/\/origon-eu.com\/wp-content\/uploads\/2025\/02\/2_ba9be07b-cfe5-4341-87ac-866153800ce8.webp\" alt=\"\" srcset=\"https:\/\/origon-eu.com\/wp-content\/uploads\/2025\/02\/2_ba9be07b-cfe5-4341-87ac-866153800ce8.webp 713w, https:\/\/origon-eu.com\/wp-content\/uploads\/2025\/02\/2_ba9be07b-cfe5-4341-87ac-866153800ce8-300x300.webp 300w, https:\/\/origon-eu.com\/wp-content\/uploads\/2025\/02\/2_ba9be07b-cfe5-4341-87ac-866153800ce8-150x150.webp 150w, https:\/\/origon-eu.com\/wp-content\/uploads\/2025\/02\/2_ba9be07b-cfe5-4341-87ac-866153800ce8-600x600.webp 600w\" sizes=\"(max-width: 713px) 100vw, 713px\" \/><\/a> <a href=\"https:\/\/origon-eu.com\/wp-content\/uploads\/2025\/02\/4_f13bb2f4-084c-4e30-a75c-61f9d0e0dfbc.webp\"><img decoding=\"async\" width=\"713\" height=\"713\" class=\"alignnone size-full wp-image-35358\" src=\"https:\/\/origon-eu.com\/wp-content\/uploads\/2025\/02\/4_f13bb2f4-084c-4e30-a75c-61f9d0e0dfbc.webp\" alt=\"\" srcset=\"https:\/\/origon-eu.com\/wp-content\/uploads\/2025\/02\/4_f13bb2f4-084c-4e30-a75c-61f9d0e0dfbc.webp 713w, https:\/\/origon-eu.com\/wp-content\/uploads\/2025\/02\/4_f13bb2f4-084c-4e30-a75c-61f9d0e0dfbc-300x300.webp 300w, https:\/\/origon-eu.com\/wp-content\/uploads\/2025\/02\/4_f13bb2f4-084c-4e30-a75c-61f9d0e0dfbc-150x150.webp 150w, https:\/\/origon-eu.com\/wp-content\/uploads\/2025\/02\/4_f13bb2f4-084c-4e30-a75c-61f9d0e0dfbc-600x600.webp 600w\" sizes=\"(max-width: 713px) 100vw, 713px\" \/><\/a><\/p>\n","protected":false},"excerpt":{"rendered":"<ul>\n<li>Konstrukcja w kszta\u0142cie jajka dla ergonomicznego komfortu<\/li>\n<li>Lekki i przeno\u015bny<\/li>\n<li>Trzy masa\u017cery do kompleksowego masa\u017cu st\u00f3p<\/li>\n<li>Zdejmowane i zmywalne pokrowce dla higieny<\/li>\n<\/ul>\n","protected":false},"featured_media":35354,"template":"","meta":[],"product_cat":[266],"product_tag":[],"class_list":{"0":"post-35665","1":"product","2":"type-product","3":"status-publish","4":"has-post-thumbnail","6":"product_cat-uroda-i-pielegnacja-osobisty","8":"first","9":"instock","10":"sale","11":"shipping-taxable","12":"purchasable","13":"product-type-simple"},"yoast_head":"<!-- This site is optimized with the Yoast SEO plugin v24.2 - https:\/\/yoast.com\/wordpress\/plugins\/seo\/ -->\n<title>Masa\u017cer do st\u00f3p Shiatsu - Origon EU<\/title>\n<meta name=\"robots\" content=\"index, follow, max-snippet:-1, max-image-preview:large, max-video-preview:-1\" \/>\n<link rel=\"canonical\" href=\"https:\/\/origon-eu.com\/pl\/product\/shiatsu-foot-massager\/\" \/>\n<meta property=\"og:locale\" content=\"pl_PL\" \/>\n<meta property=\"og:type\" content=\"article\" \/>\n<meta property=\"og:title\" content=\"Masa\u017cer do st\u00f3p Shiatsu - Origon EU\" \/>\n<meta property=\"og:description\" content=\"Konstrukcja w kszta\u0142cie jajka dla ergonomicznego komfortu Lekki i przeno\u015bny Trzy masa\u017cery do kompleksowego masa\u017cu st\u00f3p Zdejmowane i zmywalne pokrowce dla higieny\" \/>\n<meta property=\"og:url\" content=\"https:\/\/origon-eu.com\/pl\/product\/shiatsu-foot-massager\/\" \/>\n<meta property=\"og:site_name\" content=\"Origon EU\" \/>\n<meta property=\"article:modified_time\" content=\"2025-08-21T13:23:43+00:00\" \/>\n<meta property=\"og:image\" content=\"https:\/\/origon-eu.com\/wp-content\/uploads\/2025\/02\/ISM001productimage.webp\" \/>\n\t<meta property=\"og:image:width\" content=\"500\" \/>\n\t<meta property=\"og:image:height\" content=\"500\" \/>\n\t<meta property=\"og:image:type\" content=\"image\/webp\" \/>\n<meta name=\"twitter:card\" content=\"summary_large_image\" \/>\n<meta name=\"twitter:label1\" content=\"Szacowany czas czytania\" \/>\n\t<meta name=\"twitter:data1\" content=\"2 minuty\" \/>\n<script type=\"application\/ld+json\" class=\"yoast-schema-graph\">{\"@context\":\"https:\/\/schema.org\",\"@graph\":[{\"@type\":\"WebPage\",\"@id\":\"https:\/\/origon-eu.com\/pl\/product\/shiatsu-foot-massager\/\",\"url\":\"https:\/\/origon-eu.com\/pl\/product\/shiatsu-foot-massager\/\",\"name\":\"Masa\u017cer do st\u00f3p Shiatsu - Origon EU\",\"isPartOf\":{\"@id\":\"https:\/\/origon-eu.com\/#website\"},\"primaryImageOfPage\":{\"@id\":\"https:\/\/origon-eu.com\/pl\/product\/shiatsu-foot-massager\/#primaryimage\"},\"image\":{\"@id\":\"https:\/\/origon-eu.com\/pl\/product\/shiatsu-foot-massager\/#primaryimage\"},\"thumbnailUrl\":\"https:\/\/origon-eu.com\/wp-content\/uploads\/2025\/02\/ISM001productimage.webp\",\"datePublished\":\"2025-02-28T09:20:41+00:00\",\"dateModified\":\"2025-08-21T13:23:43+00:00\",\"breadcrumb\":{\"@id\":\"https:\/\/origon-eu.com\/pl\/product\/shiatsu-foot-massager\/#breadcrumb\"},\"inLanguage\":\"pl-PL\",\"potentialAction\":[{\"@type\":\"ReadAction\",\"target\":[\"https:\/\/origon-eu.com\/pl\/product\/shiatsu-foot-massager\/\"]}]},{\"@type\":\"ImageObject\",\"inLanguage\":\"pl-PL\",\"@id\":\"https:\/\/origon-eu.com\/pl\/product\/shiatsu-foot-massager\/#primaryimage\",\"url\":\"https:\/\/origon-eu.com\/wp-content\/uploads\/2025\/02\/ISM001productimage.webp\",\"contentUrl\":\"https:\/\/origon-eu.com\/wp-content\/uploads\/2025\/02\/ISM001productimage.webp\",\"width\":500,\"height\":500},{\"@type\":\"BreadcrumbList\",\"@id\":\"https:\/\/origon-eu.com\/pl\/product\/shiatsu-foot-massager\/#breadcrumb\",\"itemListElement\":[{\"@type\":\"ListItem\",\"position\":1,\"name\":\"Home\",\"item\":\"https:\/\/origon-eu.com\/\"},{\"@type\":\"ListItem\",\"position\":2,\"name\":\"Shop\",\"item\":\"https:\/\/origon-eu.com\/pl\/shop\/\"},{\"@type\":\"ListItem\",\"position\":3,\"name\":\"Masa\u017cer do st\u00f3p Shiatsu\"}]},{\"@type\":\"WebSite\",\"@id\":\"https:\/\/origon-eu.com\/#website\",\"url\":\"https:\/\/origon-eu.com\/\",\"name\":\"Origon EU\",\"description\":\"Online Store\",\"publisher\":{\"@id\":\"https:\/\/origon-eu.com\/#organization\"},\"potentialAction\":[{\"@type\":\"SearchAction\",\"target\":{\"@type\":\"EntryPoint\",\"urlTemplate\":\"https:\/\/origon-eu.com\/?s={search_term_string}\"},\"query-input\":{\"@type\":\"PropertyValueSpecification\",\"valueRequired\":true,\"valueName\":\"search_term_string\"}}],\"inLanguage\":\"pl-PL\"},{\"@type\":\"Organization\",\"@id\":\"https:\/\/origon-eu.com\/#organization\",\"name\":\"Origon EU\",\"url\":\"https:\/\/origon-eu.com\/\",\"logo\":{\"@type\":\"ImageObject\",\"inLanguage\":\"pl-PL\",\"@id\":\"https:\/\/origon-eu.com\/#\/schema\/logo\/image\/\",\"url\":\"https:\/\/origon-eu.com\/wp-content\/uploads\/2024\/04\/Screenshot-2024-04-09-101814.png\",\"contentUrl\":\"https:\/\/origon-eu.com\/wp-content\/uploads\/2024\/04\/Screenshot-2024-04-09-101814.png\",\"width\":171,\"height\":59,\"caption\":\"Origon EU\"},\"image\":{\"@id\":\"https:\/\/origon-eu.com\/#\/schema\/logo\/image\/\"}}]}<\/script>\n<!-- \/ Yoast SEO plugin. -->","yoast_head_json":{"title":"Masa\u017cer do st\u00f3p Shiatsu - Origon EU","robots":{"index":"index","follow":"follow","max-snippet":"max-snippet:-1","max-image-preview":"max-image-preview:large","max-video-preview":"max-video-preview:-1"},"canonical":"https:\/\/origon-eu.com\/pl\/product\/shiatsu-foot-massager\/","og_locale":"pl_PL","og_type":"article","og_title":"Masa\u017cer do st\u00f3p Shiatsu - Origon EU","og_description":"Konstrukcja w kszta\u0142cie jajka dla ergonomicznego komfortu Lekki i przeno\u015bny Trzy masa\u017cery do kompleksowego masa\u017cu st\u00f3p Zdejmowane i zmywalne pokrowce dla higieny","og_url":"https:\/\/origon-eu.com\/pl\/product\/shiatsu-foot-massager\/","og_site_name":"Origon EU","article_modified_time":"2025-08-21T13:23:43+00:00","og_image":[{"width":500,"height":500,"url":"https:\/\/origon-eu.com\/wp-content\/uploads\/2025\/02\/ISM001productimage.webp","type":"image\/webp"}],"twitter_card":"summary_large_image","twitter_misc":{"Szacowany czas czytania":"2 minuty"},"schema":{"@context":"https:\/\/schema.org","@graph":[{"@type":"WebPage","@id":"https:\/\/origon-eu.com\/pl\/product\/shiatsu-foot-massager\/","url":"https:\/\/origon-eu.com\/pl\/product\/shiatsu-foot-massager\/","name":"Masa\u017cer do st\u00f3p Shiatsu - Origon EU","isPartOf":{"@id":"https:\/\/origon-eu.com\/#website"},"primaryImageOfPage":{"@id":"https:\/\/origon-eu.com\/pl\/product\/shiatsu-foot-massager\/#primaryimage"},"image":{"@id":"https:\/\/origon-eu.com\/pl\/product\/shiatsu-foot-massager\/#primaryimage"},"thumbnailUrl":"https:\/\/origon-eu.com\/wp-content\/uploads\/2025\/02\/ISM001productimage.webp","datePublished":"2025-02-28T09:20:41+00:00","dateModified":"2025-08-21T13:23:43+00:00","breadcrumb":{"@id":"https:\/\/origon-eu.com\/pl\/product\/shiatsu-foot-massager\/#breadcrumb"},"inLanguage":"pl-PL","potentialAction":[{"@type":"ReadAction","target":["https:\/\/origon-eu.com\/pl\/product\/shiatsu-foot-massager\/"]}]},{"@type":"ImageObject","inLanguage":"pl-PL","@id":"https:\/\/origon-eu.com\/pl\/product\/shiatsu-foot-massager\/#primaryimage","url":"https:\/\/origon-eu.com\/wp-content\/uploads\/2025\/02\/ISM001productimage.webp","contentUrl":"https:\/\/origon-eu.com\/wp-content\/uploads\/2025\/02\/ISM001productimage.webp","width":500,"height":500},{"@type":"BreadcrumbList","@id":"https:\/\/origon-eu.com\/pl\/product\/shiatsu-foot-massager\/#breadcrumb","itemListElement":[{"@type":"ListItem","position":1,"name":"Home","item":"https:\/\/origon-eu.com\/"},{"@type":"ListItem","position":2,"name":"Shop","item":"https:\/\/origon-eu.com\/pl\/shop\/"},{"@type":"ListItem","position":3,"name":"Masa\u017cer do st\u00f3p Shiatsu"}]},{"@type":"WebSite","@id":"https:\/\/origon-eu.com\/#website","url":"https:\/\/origon-eu.com\/","name":"Origon EU","description":"Online Store","publisher":{"@id":"https:\/\/origon-eu.com\/#organization"},"potentialAction":[{"@type":"SearchAction","target":{"@type":"EntryPoint","urlTemplate":"https:\/\/origon-eu.com\/?s={search_term_string}"},"query-input":{"@type":"PropertyValueSpecification","valueRequired":true,"valueName":"search_term_string"}}],"inLanguage":"pl-PL"},{"@type":"Organization","@id":"https:\/\/origon-eu.com\/#organization","name":"Origon EU","url":"https:\/\/origon-eu.com\/","logo":{"@type":"ImageObject","inLanguage":"pl-PL","@id":"https:\/\/origon-eu.com\/#\/schema\/logo\/image\/","url":"https:\/\/origon-eu.com\/wp-content\/uploads\/2024\/04\/Screenshot-2024-04-09-101814.png","contentUrl":"https:\/\/origon-eu.com\/wp-content\/uploads\/2024\/04\/Screenshot-2024-04-09-101814.png","width":171,"height":59,"caption":"Origon EU"},"image":{"@id":"https:\/\/origon-eu.com\/#\/schema\/logo\/image\/"}}]}},"tiered_pricing_type":"fixed","tiered_pricing_fixed_rules":[],"tiered_pricing_percentage_rules":[],"tiered_pricing_minimum":1,"tiered_pricing_roles_data":[],"_links":{"self":[{"href":"https:\/\/origon-eu.com\/pl\/wp-json\/wp\/v2\/product\/35665","targetHints":{"allow":["GET"]}}],"collection":[{"href":"https:\/\/origon-eu.com\/pl\/wp-json\/wp\/v2\/product"}],"about":[{"href":"https:\/\/origon-eu.com\/pl\/wp-json\/wp\/v2\/types\/product"}],"version-history":[{"count":1,"href":"https:\/\/origon-eu.com\/pl\/wp-json\/wp\/v2\/product\/35665\/revisions"}],"predecessor-version":[{"id":35666,"href":"https:\/\/origon-eu.com\/pl\/wp-json\/wp\/v2\/product\/35665\/revisions\/35666"}],"wp:featuredmedia":[{"embeddable":true,"href":"https:\/\/origon-eu.com\/pl\/wp-json\/wp\/v2\/media\/35354"}],"wp:attachment":[{"href":"https:\/\/origon-eu.com\/pl\/wp-json\/wp\/v2\/media?parent=35665"}],"wp:term":[{"taxonomy":"product_cat","embeddable":true,"href":"https:\/\/origon-eu.com\/pl\/wp-json\/wp\/v2\/product_cat?post=35665"},{"taxonomy":"product_tag","embeddable":true,"href":"https:\/\/origon-eu.com\/pl\/wp-json\/wp\/v2\/product_tag?post=35665"}],"curies":[{"name":"wp","href":"https:\/\/api.w.org\/{rel}","templated":true}]}}