{"id":34906,"date":"2025-02-17T15:58:28","date_gmt":"2025-02-17T13:58:28","guid":{"rendered":"https:\/\/origon-eu.com\/product\/games-player-x-12-plus-10000games\/"},"modified":"2025-03-14T18:53:34","modified_gmt":"2025-03-14T16:53:34","slug":"games-player-x-12-plus-10000games","status":"publish","type":"product","link":"https:\/\/origon-eu.com\/pl\/product\/games-player-x-12-plus-10000games\/","title":{"rendered":"Gracz gier konsolowych x 12 plus 10000 gier"},"content":{"rendered":"<p>***Wiele funkcji: X12 plus to nie tylko konsola do gier, na kt\u00f3rej mo\u017cesz r\u00f3wnie\u017c gra\u0107 w gry na telewizorze, pod\u0142\u0105czaj\u0105c kabel USB. Jednocze\u015bnie mo\u017ce s\u0142u\u017cy\u0107 jako odtwarzacz muzyki, odtwarzacz wideo, kamera. DV, nagrywarka, kalkulator itp. Posiadaj\u0105c jedn\u0105 konsol\u0119 do gier, mo\u017cesz korzysta\u0107 z r\u00f3\u017cnych funkcji.<br \/>\n*** Pami\u0119\u0107 16 GB: w por\u00f3wnaniu z innymi konsolami do gier, X12 plus ma wbudowan\u0105 pami\u0119\u0107 16 GB, mo\u017ce zapisa\u0107 wi\u0119cej gier, film\u00f3w lub zdj\u0119\u0107. Poza tym jest zbudowany w ponad 10000 r\u00f3\u017cnych gier, mo\u017cesz wybra\u0107 preferowane gry do grania w czasie wolnym.<br \/>\n*** Bateria 2500 mAh: Jest zbudowany w 2500 mAh akumulator litowo-jonowy, dzi\u0119ki czemu mo\u017ce gra\u0107 d\u0142u\u017cej. Zapewni Ci wi\u0119cej szcz\u0119\u015bliwego czasu w czasie wolnym. U\u017cyj \u0142adowarki 5 V 2 A, aby go na\u0142adowa\u0107.<br \/>\n*** Ekran 7 cali: Wyposa\u017cony w 7-calowy kolorowy ekran HD TFT o rozdzielczo\u015bci 800*480. Ekran jest nieszkodliwy dla oczu nawet przy d\u0142ugim czasie gry. Mo\u017ce zapewni\u0107 Ci szokuj\u0105ce wra\u017cenia z gry<br \/>\n*** Ponad 10000 darmowych gier: Obs\u0142uguje wersj\u0119 gry do pobrania: zip \/ MAME \/ GBA \/ GBC \/ GB \/ NES \/ SFC \/ FC \/ SMD \/ MD. Zawiera ponad 1000 r\u00f3\u017cnych gier, Poza tym mo\u017cna pobra\u0107 ponad 10000 innych darmowych gier. Wiele darmowych gier do wyboru, przyniesie Ci wi\u0119cej rado\u015bci.<\/p>\n<p><a href=\"https:\/\/origon-eu.com\/wp-content\/uploads\/2025\/02\/516OLyOc2-L.jpg\"><img fetchpriority=\"high\" decoding=\"async\" class=\"alignnone size-full wp-image-34701\" src=\"https:\/\/origon-eu.com\/wp-content\/uploads\/2025\/02\/516OLyOc2-L.jpg\" alt=\"\" width=\"800\" height=\"800\" srcset=\"https:\/\/origon-eu.com\/wp-content\/uploads\/2025\/02\/516OLyOc2-L.jpg 800w, https:\/\/origon-eu.com\/wp-content\/uploads\/2025\/02\/516OLyOc2-L-300x300.jpg 300w, https:\/\/origon-eu.com\/wp-content\/uploads\/2025\/02\/516OLyOc2-L-150x150.jpg 150w, https:\/\/origon-eu.com\/wp-content\/uploads\/2025\/02\/516OLyOc2-L-768x768.jpg 768w, https:\/\/origon-eu.com\/wp-content\/uploads\/2025\/02\/516OLyOc2-L-600x600.jpg 600w\" sizes=\"(max-width: 800px) 100vw, 800px\" \/><\/a> <a href=\"https:\/\/origon-eu.com\/wp-content\/uploads\/2025\/02\/61o1sL8-B0L._SL1336_.jpg\"><img decoding=\"async\" class=\"alignnone size-full wp-image-34761\" src=\"https:\/\/origon-eu.com\/wp-content\/uploads\/2025\/02\/61o1sL8-B0L._SL1336_.jpg\" alt=\"\" width=\"750\" height=\"1336\" srcset=\"https:\/\/origon-eu.com\/wp-content\/uploads\/2025\/02\/61o1sL8-B0L._SL1336_.jpg 750w, https:\/\/origon-eu.com\/wp-content\/uploads\/2025\/02\/61o1sL8-B0L._SL1336_-168x300.jpg 168w, https:\/\/origon-eu.com\/wp-content\/uploads\/2025\/02\/61o1sL8-B0L._SL1336_-575x1024.jpg 575w, https:\/\/origon-eu.com\/wp-content\/uploads\/2025\/02\/61o1sL8-B0L._SL1336_-600x1069.jpg 600w, https:\/\/origon-eu.com\/wp-content\/uploads\/2025\/02\/61o1sL8-B0L._SL1336_-150x267.jpg 150w\" sizes=\"(max-width: 750px) 100vw, 750px\" \/><\/a> <a href=\"https:\/\/origon-eu.com\/wp-content\/uploads\/2025\/02\/81JmIZgtlQL._SL1500_.jpg\"><img decoding=\"async\" class=\"alignnone size-full wp-image-34751\" src=\"https:\/\/origon-eu.com\/wp-content\/uploads\/2025\/02\/81JmIZgtlQL._SL1500_.jpg\" alt=\"\" width=\"422\" height=\"1500\" srcset=\"https:\/\/origon-eu.com\/wp-content\/uploads\/2025\/02\/81JmIZgtlQL._SL1500_.jpg 422w, https:\/\/origon-eu.com\/wp-content\/uploads\/2025\/02\/81JmIZgtlQL._SL1500_-84x300.jpg 84w, https:\/\/origon-eu.com\/wp-content\/uploads\/2025\/02\/81JmIZgtlQL._SL1500_-288x1024.jpg 288w, https:\/\/origon-eu.com\/wp-content\/uploads\/2025\/02\/81JmIZgtlQL._SL1500_-150x533.jpg 150w\" sizes=\"(max-width: 422px) 100vw, 422px\" \/><\/a> <a href=\"https:\/\/origon-eu.com\/wp-content\/uploads\/2025\/02\/519i3LyzahL.jpg\"><img loading=\"lazy\" decoding=\"async\" class=\"alignnone size-full wp-image-34741\" src=\"https:\/\/origon-eu.com\/wp-content\/uploads\/2025\/02\/519i3LyzahL.jpg\" alt=\"\" width=\"800\" height=\"800\" srcset=\"https:\/\/origon-eu.com\/wp-content\/uploads\/2025\/02\/519i3LyzahL.jpg 800w, https:\/\/origon-eu.com\/wp-content\/uploads\/2025\/02\/519i3LyzahL-300x300.jpg 300w, https:\/\/origon-eu.com\/wp-content\/uploads\/2025\/02\/519i3LyzahL-150x150.jpg 150w, https:\/\/origon-eu.com\/wp-content\/uploads\/2025\/02\/519i3LyzahL-768x768.jpg 768w, https:\/\/origon-eu.com\/wp-content\/uploads\/2025\/02\/519i3LyzahL-600x600.jpg 600w\" sizes=\"(max-width: 800px) 100vw, 800px\" \/><\/a> <a href=\"https:\/\/origon-eu.com\/wp-content\/uploads\/2025\/02\/61uC1rVt9L.jpg\"><img loading=\"lazy\" decoding=\"async\" class=\"alignnone size-full wp-image-34731\" src=\"https:\/\/origon-eu.com\/wp-content\/uploads\/2025\/02\/61uC1rVt9L.jpg\" alt=\"\" width=\"800\" height=\"800\" srcset=\"https:\/\/origon-eu.com\/wp-content\/uploads\/2025\/02\/61uC1rVt9L.jpg 800w, https:\/\/origon-eu.com\/wp-content\/uploads\/2025\/02\/61uC1rVt9L-300x300.jpg 300w, https:\/\/origon-eu.com\/wp-content\/uploads\/2025\/02\/61uC1rVt9L-150x150.jpg 150w, https:\/\/origon-eu.com\/wp-content\/uploads\/2025\/02\/61uC1rVt9L-768x768.jpg 768w, https:\/\/origon-eu.com\/wp-content\/uploads\/2025\/02\/61uC1rVt9L-600x600.jpg 600w\" sizes=\"(max-width: 800px) 100vw, 800px\" \/><\/a> <a href=\"https:\/\/origon-eu.com\/wp-content\/uploads\/2025\/02\/611luXjmxYL.jpg\"><img loading=\"lazy\" decoding=\"async\" class=\"alignnone size-full wp-image-34721\" src=\"https:\/\/origon-eu.com\/wp-content\/uploads\/2025\/02\/611luXjmxYL.jpg\" alt=\"\" width=\"800\" height=\"800\" srcset=\"https:\/\/origon-eu.com\/wp-content\/uploads\/2025\/02\/611luXjmxYL.jpg 800w, https:\/\/origon-eu.com\/wp-content\/uploads\/2025\/02\/611luXjmxYL-300x300.jpg 300w, https:\/\/origon-eu.com\/wp-content\/uploads\/2025\/02\/611luXjmxYL-150x150.jpg 150w, https:\/\/origon-eu.com\/wp-content\/uploads\/2025\/02\/611luXjmxYL-768x768.jpg 768w, https:\/\/origon-eu.com\/wp-content\/uploads\/2025\/02\/611luXjmxYL-600x600.jpg 600w\" sizes=\"(max-width: 800px) 100vw, 800px\" \/><\/a> <a href=\"https:\/\/origon-eu.com\/wp-content\/uploads\/2025\/02\/61Ec5154sGL.jpg\"><img loading=\"lazy\" decoding=\"async\" class=\"alignnone size-full wp-image-34711\" src=\"https:\/\/origon-eu.com\/wp-content\/uploads\/2025\/02\/61Ec5154sGL.jpg\" alt=\"\" width=\"800\" height=\"800\" srcset=\"https:\/\/origon-eu.com\/wp-content\/uploads\/2025\/02\/61Ec5154sGL.jpg 800w, https:\/\/origon-eu.com\/wp-content\/uploads\/2025\/02\/61Ec5154sGL-300x300.jpg 300w, https:\/\/origon-eu.com\/wp-content\/uploads\/2025\/02\/61Ec5154sGL-150x150.jpg 150w, https:\/\/origon-eu.com\/wp-content\/uploads\/2025\/02\/61Ec5154sGL-768x768.jpg 768w, https:\/\/origon-eu.com\/wp-content\/uploads\/2025\/02\/61Ec5154sGL-600x600.jpg 600w\" sizes=\"(max-width: 800px) 100vw, 800px\" \/><\/a><\/p>\n","protected":false},"excerpt":{"rendered":"<ul>\n<li class=\"a-spacing-base\">Ekran HD 16:9, rozdzielczo\u015b\u0107 800:400<\/li>\n<li class=\"a-spacing-base\">obs\u0142uguje zip\/MAME\/GBA\/GB\/NES\/SFC\/FC\/SMD\/MD<\/li>\n<li class=\"a-spacing-base\">obs\u0142uguje wyj\u015bcie TV, gra w gry i ogl\u0105da filmy na telewizorze<\/li>\n<li class=\"a-spacing-base\">ma ponad 10000 gier<\/li>\n<li class=\"a-spacing-base\">obs\u0142uguje mp5<\/li>\n<li class=\"a-spacing-base\">obs\u0142uguje dokumenty w formacie jpeg, bmp, gif, tif, png<\/li>\n<\/ul>\n","protected":false},"featured_media":34687,"template":"","meta":[],"product_cat":[215],"product_tag":[],"class_list":{"0":"post-34906","1":"product","2":"type-product","3":"status-publish","4":"has-post-thumbnail","6":"product_cat-elektornika-pl","8":"first","9":"instock","10":"sale","11":"shipping-taxable","12":"purchasable","13":"product-type-simple"},"yoast_head":"<!-- This site is optimized with the Yoast SEO plugin v24.2 - https:\/\/yoast.com\/wordpress\/plugins\/seo\/ -->\n<title>Gracz gier konsolowych x 12 plus 10000 gier - Origon EU<\/title>\n<meta name=\"robots\" content=\"index, follow, max-snippet:-1, max-image-preview:large, max-video-preview:-1\" \/>\n<link rel=\"canonical\" href=\"https:\/\/origon-eu.com\/pl\/product\/games-player-x-12-plus-10000games\/\" \/>\n<meta property=\"og:locale\" content=\"pl_PL\" \/>\n<meta property=\"og:type\" content=\"article\" \/>\n<meta property=\"og:title\" content=\"Gracz gier konsolowych x 12 plus 10000 gier - Origon EU\" \/>\n<meta property=\"og:description\" content=\"Ekran HD 16:9, rozdzielczo\u015b\u0107 800:400  obs\u0142uguje zip\/MAME\/GBA\/GB\/NES\/SFC\/FC\/SMD\/MD  obs\u0142uguje wyj\u015bcie TV, gra w gry i ogl\u0105da filmy na telewizorze  ma ponad 10000 gier  obs\u0142uguje mp5  obs\u0142uguje dokumenty w formacie jpeg, bmp, gif, tif, png\" \/>\n<meta property=\"og:url\" content=\"https:\/\/origon-eu.com\/pl\/product\/games-player-x-12-plus-10000games\/\" \/>\n<meta property=\"og:site_name\" content=\"Origon EU\" \/>\n<meta property=\"article:modified_time\" content=\"2025-03-14T16:53:34+00:00\" \/>\n<meta property=\"og:image\" content=\"https:\/\/origon-eu.com\/wp-content\/uploads\/2025\/02\/71iiff7w50L._SL1500_.jpg\" \/>\n\t<meta property=\"og:image:width\" content=\"1500\" \/>\n\t<meta property=\"og:image:height\" content=\"1500\" \/>\n\t<meta property=\"og:image:type\" content=\"image\/jpeg\" \/>\n<meta name=\"twitter:card\" content=\"summary_large_image\" \/>\n<meta name=\"twitter:label1\" content=\"Szacowany czas czytania\" \/>\n\t<meta name=\"twitter:data1\" content=\"3 minuty\" \/>\n<script type=\"application\/ld+json\" class=\"yoast-schema-graph\">{\"@context\":\"https:\/\/schema.org\",\"@graph\":[{\"@type\":\"WebPage\",\"@id\":\"https:\/\/origon-eu.com\/pl\/product\/games-player-x-12-plus-10000games\/\",\"url\":\"https:\/\/origon-eu.com\/pl\/product\/games-player-x-12-plus-10000games\/\",\"name\":\"Gracz gier konsolowych x 12 plus 10000 gier - Origon EU\",\"isPartOf\":{\"@id\":\"https:\/\/origon-eu.com\/#website\"},\"primaryImageOfPage\":{\"@id\":\"https:\/\/origon-eu.com\/pl\/product\/games-player-x-12-plus-10000games\/#primaryimage\"},\"image\":{\"@id\":\"https:\/\/origon-eu.com\/pl\/product\/games-player-x-12-plus-10000games\/#primaryimage\"},\"thumbnailUrl\":\"https:\/\/origon-eu.com\/wp-content\/uploads\/2025\/02\/71iiff7w50L._SL1500_.jpg\",\"datePublished\":\"2025-02-17T13:58:28+00:00\",\"dateModified\":\"2025-03-14T16:53:34+00:00\",\"breadcrumb\":{\"@id\":\"https:\/\/origon-eu.com\/pl\/product\/games-player-x-12-plus-10000games\/#breadcrumb\"},\"inLanguage\":\"pl-PL\",\"potentialAction\":[{\"@type\":\"ReadAction\",\"target\":[\"https:\/\/origon-eu.com\/pl\/product\/games-player-x-12-plus-10000games\/\"]}]},{\"@type\":\"ImageObject\",\"inLanguage\":\"pl-PL\",\"@id\":\"https:\/\/origon-eu.com\/pl\/product\/games-player-x-12-plus-10000games\/#primaryimage\",\"url\":\"https:\/\/origon-eu.com\/wp-content\/uploads\/2025\/02\/71iiff7w50L._SL1500_.jpg\",\"contentUrl\":\"https:\/\/origon-eu.com\/wp-content\/uploads\/2025\/02\/71iiff7w50L._SL1500_.jpg\",\"width\":1500,\"height\":1500},{\"@type\":\"BreadcrumbList\",\"@id\":\"https:\/\/origon-eu.com\/pl\/product\/games-player-x-12-plus-10000games\/#breadcrumb\",\"itemListElement\":[{\"@type\":\"ListItem\",\"position\":1,\"name\":\"Home\",\"item\":\"https:\/\/origon-eu.com\/\"},{\"@type\":\"ListItem\",\"position\":2,\"name\":\"Shop\",\"item\":\"https:\/\/origon-eu.com\/pl\/shop\/\"},{\"@type\":\"ListItem\",\"position\":3,\"name\":\"Gracz gier konsolowych x 12 plus 10000 gier\"}]},{\"@type\":\"WebSite\",\"@id\":\"https:\/\/origon-eu.com\/#website\",\"url\":\"https:\/\/origon-eu.com\/\",\"name\":\"Origon EU\",\"description\":\"Online Store\",\"publisher\":{\"@id\":\"https:\/\/origon-eu.com\/#organization\"},\"potentialAction\":[{\"@type\":\"SearchAction\",\"target\":{\"@type\":\"EntryPoint\",\"urlTemplate\":\"https:\/\/origon-eu.com\/?s={search_term_string}\"},\"query-input\":{\"@type\":\"PropertyValueSpecification\",\"valueRequired\":true,\"valueName\":\"search_term_string\"}}],\"inLanguage\":\"pl-PL\"},{\"@type\":\"Organization\",\"@id\":\"https:\/\/origon-eu.com\/#organization\",\"name\":\"Origon EU\",\"url\":\"https:\/\/origon-eu.com\/\",\"logo\":{\"@type\":\"ImageObject\",\"inLanguage\":\"pl-PL\",\"@id\":\"https:\/\/origon-eu.com\/#\/schema\/logo\/image\/\",\"url\":\"https:\/\/origon-eu.com\/wp-content\/uploads\/2024\/04\/Screenshot-2024-04-09-101814.png\",\"contentUrl\":\"https:\/\/origon-eu.com\/wp-content\/uploads\/2024\/04\/Screenshot-2024-04-09-101814.png\",\"width\":171,\"height\":59,\"caption\":\"Origon EU\"},\"image\":{\"@id\":\"https:\/\/origon-eu.com\/#\/schema\/logo\/image\/\"}}]}<\/script>\n<!-- \/ Yoast SEO plugin. -->","yoast_head_json":{"title":"Gracz gier konsolowych x 12 plus 10000 gier - Origon EU","robots":{"index":"index","follow":"follow","max-snippet":"max-snippet:-1","max-image-preview":"max-image-preview:large","max-video-preview":"max-video-preview:-1"},"canonical":"https:\/\/origon-eu.com\/pl\/product\/games-player-x-12-plus-10000games\/","og_locale":"pl_PL","og_type":"article","og_title":"Gracz gier konsolowych x 12 plus 10000 gier - Origon EU","og_description":"Ekran HD 16:9, rozdzielczo\u015b\u0107 800:400  obs\u0142uguje zip\/MAME\/GBA\/GB\/NES\/SFC\/FC\/SMD\/MD  obs\u0142uguje wyj\u015bcie TV, gra w gry i ogl\u0105da filmy na telewizorze  ma ponad 10000 gier  obs\u0142uguje mp5  obs\u0142uguje dokumenty w formacie jpeg, bmp, gif, tif, png","og_url":"https:\/\/origon-eu.com\/pl\/product\/games-player-x-12-plus-10000games\/","og_site_name":"Origon EU","article_modified_time":"2025-03-14T16:53:34+00:00","og_image":[{"width":1500,"height":1500,"url":"https:\/\/origon-eu.com\/wp-content\/uploads\/2025\/02\/71iiff7w50L._SL1500_.jpg","type":"image\/jpeg"}],"twitter_card":"summary_large_image","twitter_misc":{"Szacowany czas czytania":"3 minuty"},"schema":{"@context":"https:\/\/schema.org","@graph":[{"@type":"WebPage","@id":"https:\/\/origon-eu.com\/pl\/product\/games-player-x-12-plus-10000games\/","url":"https:\/\/origon-eu.com\/pl\/product\/games-player-x-12-plus-10000games\/","name":"Gracz gier konsolowych x 12 plus 10000 gier - Origon EU","isPartOf":{"@id":"https:\/\/origon-eu.com\/#website"},"primaryImageOfPage":{"@id":"https:\/\/origon-eu.com\/pl\/product\/games-player-x-12-plus-10000games\/#primaryimage"},"image":{"@id":"https:\/\/origon-eu.com\/pl\/product\/games-player-x-12-plus-10000games\/#primaryimage"},"thumbnailUrl":"https:\/\/origon-eu.com\/wp-content\/uploads\/2025\/02\/71iiff7w50L._SL1500_.jpg","datePublished":"2025-02-17T13:58:28+00:00","dateModified":"2025-03-14T16:53:34+00:00","breadcrumb":{"@id":"https:\/\/origon-eu.com\/pl\/product\/games-player-x-12-plus-10000games\/#breadcrumb"},"inLanguage":"pl-PL","potentialAction":[{"@type":"ReadAction","target":["https:\/\/origon-eu.com\/pl\/product\/games-player-x-12-plus-10000games\/"]}]},{"@type":"ImageObject","inLanguage":"pl-PL","@id":"https:\/\/origon-eu.com\/pl\/product\/games-player-x-12-plus-10000games\/#primaryimage","url":"https:\/\/origon-eu.com\/wp-content\/uploads\/2025\/02\/71iiff7w50L._SL1500_.jpg","contentUrl":"https:\/\/origon-eu.com\/wp-content\/uploads\/2025\/02\/71iiff7w50L._SL1500_.jpg","width":1500,"height":1500},{"@type":"BreadcrumbList","@id":"https:\/\/origon-eu.com\/pl\/product\/games-player-x-12-plus-10000games\/#breadcrumb","itemListElement":[{"@type":"ListItem","position":1,"name":"Home","item":"https:\/\/origon-eu.com\/"},{"@type":"ListItem","position":2,"name":"Shop","item":"https:\/\/origon-eu.com\/pl\/shop\/"},{"@type":"ListItem","position":3,"name":"Gracz gier konsolowych x 12 plus 10000 gier"}]},{"@type":"WebSite","@id":"https:\/\/origon-eu.com\/#website","url":"https:\/\/origon-eu.com\/","name":"Origon EU","description":"Online Store","publisher":{"@id":"https:\/\/origon-eu.com\/#organization"},"potentialAction":[{"@type":"SearchAction","target":{"@type":"EntryPoint","urlTemplate":"https:\/\/origon-eu.com\/?s={search_term_string}"},"query-input":{"@type":"PropertyValueSpecification","valueRequired":true,"valueName":"search_term_string"}}],"inLanguage":"pl-PL"},{"@type":"Organization","@id":"https:\/\/origon-eu.com\/#organization","name":"Origon EU","url":"https:\/\/origon-eu.com\/","logo":{"@type":"ImageObject","inLanguage":"pl-PL","@id":"https:\/\/origon-eu.com\/#\/schema\/logo\/image\/","url":"https:\/\/origon-eu.com\/wp-content\/uploads\/2024\/04\/Screenshot-2024-04-09-101814.png","contentUrl":"https:\/\/origon-eu.com\/wp-content\/uploads\/2024\/04\/Screenshot-2024-04-09-101814.png","width":171,"height":59,"caption":"Origon EU"},"image":{"@id":"https:\/\/origon-eu.com\/#\/schema\/logo\/image\/"}}]}},"tiered_pricing_type":"fixed","tiered_pricing_fixed_rules":[],"tiered_pricing_percentage_rules":[],"tiered_pricing_minimum":1,"tiered_pricing_roles_data":[],"_links":{"self":[{"href":"https:\/\/origon-eu.com\/pl\/wp-json\/wp\/v2\/product\/34906","targetHints":{"allow":["GET"]}}],"collection":[{"href":"https:\/\/origon-eu.com\/pl\/wp-json\/wp\/v2\/product"}],"about":[{"href":"https:\/\/origon-eu.com\/pl\/wp-json\/wp\/v2\/types\/product"}],"version-history":[{"count":2,"href":"https:\/\/origon-eu.com\/pl\/wp-json\/wp\/v2\/product\/34906\/revisions"}],"predecessor-version":[{"id":34908,"href":"https:\/\/origon-eu.com\/pl\/wp-json\/wp\/v2\/product\/34906\/revisions\/34908"}],"wp:featuredmedia":[{"embeddable":true,"href":"https:\/\/origon-eu.com\/pl\/wp-json\/wp\/v2\/media\/34687"}],"wp:attachment":[{"href":"https:\/\/origon-eu.com\/pl\/wp-json\/wp\/v2\/media?parent=34906"}],"wp:term":[{"taxonomy":"product_cat","embeddable":true,"href":"https:\/\/origon-eu.com\/pl\/wp-json\/wp\/v2\/product_cat?post=34906"},{"taxonomy":"product_tag","embeddable":true,"href":"https:\/\/origon-eu.com\/pl\/wp-json\/wp\/v2\/product_tag?post=34906"}],"curies":[{"name":"wp","href":"https:\/\/api.w.org\/{rel}","templated":true}]}}