{"id":34866,"date":"2025-02-17T15:17:33","date_gmt":"2025-02-17T13:17:33","guid":{"rendered":"https:\/\/origon-eu.com\/product\/muscle-massage-gun-fascial-gun\/"},"modified":"2025-03-16T03:34:09","modified_gmt":"2025-03-16T01:34:09","slug":"muscle-massage-gun-fascial-gun","status":"publish","type":"product","link":"https:\/\/origon-eu.com\/pl\/product\/muscle-massage-gun-fascial-gun\/","title":{"rendered":"Pistolet do masa\u017cu mi\u0119\u015bni i powi\u0119zi"},"content":{"rendered":"<div id=\"nav-description\" class=\"description--wrap--LscZ0He\">\n<div class=\"extend--wrap--yXwoDbO\">\n<div class=\"extend--content--VuIQZia\">\n<div id=\"product-description\" class=\"description--product-description--Mjtql28\" data-spm=\"1000023\" data-pl=\"product-description\">\n<div class=\"description--origin-part--rWy05pE\">\n<div class=\"detailmodule_html\">\n<div class=\"detail-desc-decorate-richtext\">\n<p data-spm-anchor-id=\"a2g0o.detail.1000023.i0.35e9f4quf4qu2T\">Pistolet do masa\u017cu mi\u0119\u015bni fasial gun kh-320. Wygodny ekran. 4 dysze do pistoletu do masa\u017cu. 6 ustawie\u0144 pr\u0119dko\u015bci. Super cichy.<\/p>\n<\/div>\n<\/div>\n<\/div>\n<\/div>\n<\/div>\n<\/div>\n<\/div>\n<div class=\"split-line--wrap--dVhU29K\"><a href=\"https:\/\/origon-eu.com\/wp-content\/uploads\/2025\/02\/H2fde50e44227482d9c7735f8598d3efeZ.jpg_960x960q75.jpg_.webp\"><img fetchpriority=\"high\" decoding=\"async\" class=\"alignnone size-full wp-image-34636\" src=\"https:\/\/origon-eu.com\/wp-content\/uploads\/2025\/02\/H2fde50e44227482d9c7735f8598d3efeZ.jpg_960x960q75.jpg_.webp\" alt=\"\" width=\"600\" height=\"600\" srcset=\"https:\/\/origon-eu.com\/wp-content\/uploads\/2025\/02\/H2fde50e44227482d9c7735f8598d3efeZ.jpg_960x960q75.jpg_.webp 600w, https:\/\/origon-eu.com\/wp-content\/uploads\/2025\/02\/H2fde50e44227482d9c7735f8598d3efeZ.jpg_960x960q75.jpg_-300x300.webp 300w, https:\/\/origon-eu.com\/wp-content\/uploads\/2025\/02\/H2fde50e44227482d9c7735f8598d3efeZ.jpg_960x960q75.jpg_-150x150.webp 150w\" sizes=\"(max-width: 600px) 100vw, 600px\" \/><\/a> <a href=\"https:\/\/origon-eu.com\/wp-content\/uploads\/2025\/02\/H762fc16a4f094d4fafee71aaaf5d3b68b.jpg_960x960q75.jpg_-1.webp\"><img decoding=\"async\" class=\"alignnone size-full wp-image-34666\" src=\"https:\/\/origon-eu.com\/wp-content\/uploads\/2025\/02\/H762fc16a4f094d4fafee71aaaf5d3b68b.jpg_960x960q75.jpg_-1.webp\" alt=\"\" width=\"960\" height=\"960\" srcset=\"https:\/\/origon-eu.com\/wp-content\/uploads\/2025\/02\/H762fc16a4f094d4fafee71aaaf5d3b68b.jpg_960x960q75.jpg_-1.webp 960w, https:\/\/origon-eu.com\/wp-content\/uploads\/2025\/02\/H762fc16a4f094d4fafee71aaaf5d3b68b.jpg_960x960q75.jpg_-1-300x300.webp 300w, https:\/\/origon-eu.com\/wp-content\/uploads\/2025\/02\/H762fc16a4f094d4fafee71aaaf5d3b68b.jpg_960x960q75.jpg_-1-150x150.webp 150w, https:\/\/origon-eu.com\/wp-content\/uploads\/2025\/02\/H762fc16a4f094d4fafee71aaaf5d3b68b.jpg_960x960q75.jpg_-1-768x768.webp 768w, https:\/\/origon-eu.com\/wp-content\/uploads\/2025\/02\/H762fc16a4f094d4fafee71aaaf5d3b68b.jpg_960x960q75.jpg_-1-600x600.webp 600w\" sizes=\"(max-width: 960px) 100vw, 960px\" \/><\/a> <a href=\"https:\/\/origon-eu.com\/wp-content\/uploads\/2025\/02\/H04a4a3e0849944b187bc238ee861a5c5B.jpg_960x960q75.jpg_.webp\"><img decoding=\"async\" class=\"alignnone size-full wp-image-34656\" src=\"https:\/\/origon-eu.com\/wp-content\/uploads\/2025\/02\/H04a4a3e0849944b187bc238ee861a5c5B.jpg_960x960q75.jpg_.webp\" alt=\"\" width=\"960\" height=\"960\" srcset=\"https:\/\/origon-eu.com\/wp-content\/uploads\/2025\/02\/H04a4a3e0849944b187bc238ee861a5c5B.jpg_960x960q75.jpg_.webp 960w, https:\/\/origon-eu.com\/wp-content\/uploads\/2025\/02\/H04a4a3e0849944b187bc238ee861a5c5B.jpg_960x960q75.jpg_-300x300.webp 300w, https:\/\/origon-eu.com\/wp-content\/uploads\/2025\/02\/H04a4a3e0849944b187bc238ee861a5c5B.jpg_960x960q75.jpg_-150x150.webp 150w, https:\/\/origon-eu.com\/wp-content\/uploads\/2025\/02\/H04a4a3e0849944b187bc238ee861a5c5B.jpg_960x960q75.jpg_-768x768.webp 768w, https:\/\/origon-eu.com\/wp-content\/uploads\/2025\/02\/H04a4a3e0849944b187bc238ee861a5c5B.jpg_960x960q75.jpg_-600x600.webp 600w\" sizes=\"(max-width: 960px) 100vw, 960px\" \/><\/a> <a href=\"https:\/\/origon-eu.com\/wp-content\/uploads\/2025\/02\/He72a54ffd3374c6b99ce72bbf6e06d3dV.jpg_960x960q75.jpg_.webp\"><img loading=\"lazy\" decoding=\"async\" class=\"alignnone size-full wp-image-34646\" src=\"https:\/\/origon-eu.com\/wp-content\/uploads\/2025\/02\/He72a54ffd3374c6b99ce72bbf6e06d3dV.jpg_960x960q75.jpg_.webp\" alt=\"\" width=\"600\" height=\"600\" srcset=\"https:\/\/origon-eu.com\/wp-content\/uploads\/2025\/02\/He72a54ffd3374c6b99ce72bbf6e06d3dV.jpg_960x960q75.jpg_.webp 600w, https:\/\/origon-eu.com\/wp-content\/uploads\/2025\/02\/He72a54ffd3374c6b99ce72bbf6e06d3dV.jpg_960x960q75.jpg_-300x300.webp 300w, https:\/\/origon-eu.com\/wp-content\/uploads\/2025\/02\/He72a54ffd3374c6b99ce72bbf6e06d3dV.jpg_960x960q75.jpg_-150x150.webp 150w\" sizes=\"(max-width: 600px) 100vw, 600px\" \/><\/a><\/div>\n","protected":false},"excerpt":{"rendered":"<div id=\"nav-description\" class=\"description--wrap--LscZ0He\">\n<div class=\"extend--wrap--yXwoDbO\">\n<div class=\"extend--content--VuIQZia\">\n<div>\n<div id=\"product-description\" class=\"description--product-description--Mjtql28\" data-spm=\"1000023\" data-pl=\"product-description\">\n<div class=\"description--origin-part--rWy05pE\">\n<div class=\"detailmodule_html\">\n<div class=\"detail-desc-decorate-richtext\">\n<p data-spm-anchor-id=\"a2g0o.detail.1000023.i0.35e9f4quf4qu2T\">Pistolet do masa\u017cu mi\u0119\u015bni fasial gun kh-320. Wygodny ekran. 4 dysze do pistoletu do masa\u017cu. 6 ustawie\u0144 pr\u0119dko\u015bci. Super cichy.<\/p>\n<\/div>\n<\/div>\n<\/div>\n<\/div>\n<\/div>\n<\/div>\n<\/div>\n<\/div>\n","protected":false},"featured_media":35952,"template":"","meta":[],"product_cat":[215,294],"product_tag":[],"class_list":{"0":"post-34866","1":"product","2":"type-product","3":"status-publish","4":"has-post-thumbnail","6":"product_cat-elektornika-pl","7":"product_cat-sport-i-aktywnosc-na-swiezym-powietrzu","9":"first","10":"instock","11":"sale","12":"shipping-taxable","13":"purchasable","14":"product-type-simple"},"yoast_head":"<!-- This site is optimized with the Yoast SEO plugin v24.2 - https:\/\/yoast.com\/wordpress\/plugins\/seo\/ -->\n<title>Pistolet do masa\u017cu mi\u0119\u015bni i powi\u0119zi - Origon EU<\/title>\n<meta name=\"robots\" content=\"index, follow, max-snippet:-1, max-image-preview:large, max-video-preview:-1\" \/>\n<link rel=\"canonical\" href=\"https:\/\/origon-eu.com\/pl\/product\/muscle-massage-gun-fascial-gun\/\" \/>\n<meta property=\"og:locale\" content=\"pl_PL\" \/>\n<meta property=\"og:type\" content=\"article\" \/>\n<meta property=\"og:title\" content=\"Pistolet do masa\u017cu mi\u0119\u015bni i powi\u0119zi - Origon EU\" \/>\n<meta property=\"og:description\" content=\"Pistolet do masa\u017cu mi\u0119\u015bni fasial gun kh-320. Wygodny ekran. 4 dysze do pistoletu do masa\u017cu. 6 ustawie\u0144 pr\u0119dko\u015bci. Super cichy.\" \/>\n<meta property=\"og:url\" content=\"https:\/\/origon-eu.com\/pl\/product\/muscle-massage-gun-fascial-gun\/\" \/>\n<meta property=\"og:site_name\" content=\"Origon EU\" \/>\n<meta property=\"article:modified_time\" content=\"2025-03-16T01:34:09+00:00\" \/>\n<meta property=\"og:image\" content=\"https:\/\/origon-eu.com\/wp-content\/uploads\/2025\/02\/H762fc16a4f094d4fafee71aaaf5d3b68b.jpg_960x960q75.jpg_-1.webp\" \/>\n\t<meta property=\"og:image:width\" content=\"960\" \/>\n\t<meta property=\"og:image:height\" content=\"960\" \/>\n\t<meta property=\"og:image:type\" content=\"image\/webp\" \/>\n<meta name=\"twitter:card\" content=\"summary_large_image\" \/>\n<meta name=\"twitter:label1\" content=\"Szacowany czas czytania\" \/>\n\t<meta name=\"twitter:data1\" content=\"2 minuty\" \/>\n<script type=\"application\/ld+json\" class=\"yoast-schema-graph\">{\"@context\":\"https:\/\/schema.org\",\"@graph\":[{\"@type\":\"WebPage\",\"@id\":\"https:\/\/origon-eu.com\/pl\/product\/muscle-massage-gun-fascial-gun\/\",\"url\":\"https:\/\/origon-eu.com\/pl\/product\/muscle-massage-gun-fascial-gun\/\",\"name\":\"Pistolet do masa\u017cu mi\u0119\u015bni i powi\u0119zi - Origon EU\",\"isPartOf\":{\"@id\":\"https:\/\/origon-eu.com\/#website\"},\"primaryImageOfPage\":{\"@id\":\"https:\/\/origon-eu.com\/pl\/product\/muscle-massage-gun-fascial-gun\/#primaryimage\"},\"image\":{\"@id\":\"https:\/\/origon-eu.com\/pl\/product\/muscle-massage-gun-fascial-gun\/#primaryimage\"},\"thumbnailUrl\":\"https:\/\/origon-eu.com\/wp-content\/uploads\/2025\/02\/Screenshot_1-min.png\",\"datePublished\":\"2025-02-17T13:17:33+00:00\",\"dateModified\":\"2025-03-16T01:34:09+00:00\",\"breadcrumb\":{\"@id\":\"https:\/\/origon-eu.com\/pl\/product\/muscle-massage-gun-fascial-gun\/#breadcrumb\"},\"inLanguage\":\"pl-PL\",\"potentialAction\":[{\"@type\":\"ReadAction\",\"target\":[\"https:\/\/origon-eu.com\/pl\/product\/muscle-massage-gun-fascial-gun\/\"]}]},{\"@type\":\"ImageObject\",\"inLanguage\":\"pl-PL\",\"@id\":\"https:\/\/origon-eu.com\/pl\/product\/muscle-massage-gun-fascial-gun\/#primaryimage\",\"url\":\"https:\/\/origon-eu.com\/wp-content\/uploads\/2025\/02\/Screenshot_1-min.png\",\"contentUrl\":\"https:\/\/origon-eu.com\/wp-content\/uploads\/2025\/02\/Screenshot_1-min.png\",\"width\":657,\"height\":487},{\"@type\":\"BreadcrumbList\",\"@id\":\"https:\/\/origon-eu.com\/pl\/product\/muscle-massage-gun-fascial-gun\/#breadcrumb\",\"itemListElement\":[{\"@type\":\"ListItem\",\"position\":1,\"name\":\"Home\",\"item\":\"https:\/\/origon-eu.com\/\"},{\"@type\":\"ListItem\",\"position\":2,\"name\":\"Shop\",\"item\":\"https:\/\/origon-eu.com\/pl\/shop\/\"},{\"@type\":\"ListItem\",\"position\":3,\"name\":\"Pistolet do masa\u017cu mi\u0119\u015bni i powi\u0119zi\"}]},{\"@type\":\"WebSite\",\"@id\":\"https:\/\/origon-eu.com\/#website\",\"url\":\"https:\/\/origon-eu.com\/\",\"name\":\"Origon EU\",\"description\":\"Online Store\",\"publisher\":{\"@id\":\"https:\/\/origon-eu.com\/#organization\"},\"potentialAction\":[{\"@type\":\"SearchAction\",\"target\":{\"@type\":\"EntryPoint\",\"urlTemplate\":\"https:\/\/origon-eu.com\/?s={search_term_string}\"},\"query-input\":{\"@type\":\"PropertyValueSpecification\",\"valueRequired\":true,\"valueName\":\"search_term_string\"}}],\"inLanguage\":\"pl-PL\"},{\"@type\":\"Organization\",\"@id\":\"https:\/\/origon-eu.com\/#organization\",\"name\":\"Origon EU\",\"url\":\"https:\/\/origon-eu.com\/\",\"logo\":{\"@type\":\"ImageObject\",\"inLanguage\":\"pl-PL\",\"@id\":\"https:\/\/origon-eu.com\/#\/schema\/logo\/image\/\",\"url\":\"https:\/\/origon-eu.com\/wp-content\/uploads\/2024\/04\/Screenshot-2024-04-09-101814.png\",\"contentUrl\":\"https:\/\/origon-eu.com\/wp-content\/uploads\/2024\/04\/Screenshot-2024-04-09-101814.png\",\"width\":171,\"height\":59,\"caption\":\"Origon EU\"},\"image\":{\"@id\":\"https:\/\/origon-eu.com\/#\/schema\/logo\/image\/\"}}]}<\/script>\n<!-- \/ Yoast SEO plugin. -->","yoast_head_json":{"title":"Pistolet do masa\u017cu mi\u0119\u015bni i powi\u0119zi - Origon EU","robots":{"index":"index","follow":"follow","max-snippet":"max-snippet:-1","max-image-preview":"max-image-preview:large","max-video-preview":"max-video-preview:-1"},"canonical":"https:\/\/origon-eu.com\/pl\/product\/muscle-massage-gun-fascial-gun\/","og_locale":"pl_PL","og_type":"article","og_title":"Pistolet do masa\u017cu mi\u0119\u015bni i powi\u0119zi - Origon EU","og_description":"Pistolet do masa\u017cu mi\u0119\u015bni fasial gun kh-320. Wygodny ekran. 4 dysze do pistoletu do masa\u017cu. 6 ustawie\u0144 pr\u0119dko\u015bci. Super cichy.","og_url":"https:\/\/origon-eu.com\/pl\/product\/muscle-massage-gun-fascial-gun\/","og_site_name":"Origon EU","article_modified_time":"2025-03-16T01:34:09+00:00","og_image":[{"width":960,"height":960,"url":"https:\/\/origon-eu.com\/wp-content\/uploads\/2025\/02\/H762fc16a4f094d4fafee71aaaf5d3b68b.jpg_960x960q75.jpg_-1.webp","type":"image\/webp"}],"twitter_card":"summary_large_image","twitter_misc":{"Szacowany czas czytania":"2 minuty"},"schema":{"@context":"https:\/\/schema.org","@graph":[{"@type":"WebPage","@id":"https:\/\/origon-eu.com\/pl\/product\/muscle-massage-gun-fascial-gun\/","url":"https:\/\/origon-eu.com\/pl\/product\/muscle-massage-gun-fascial-gun\/","name":"Pistolet do masa\u017cu mi\u0119\u015bni i powi\u0119zi - Origon EU","isPartOf":{"@id":"https:\/\/origon-eu.com\/#website"},"primaryImageOfPage":{"@id":"https:\/\/origon-eu.com\/pl\/product\/muscle-massage-gun-fascial-gun\/#primaryimage"},"image":{"@id":"https:\/\/origon-eu.com\/pl\/product\/muscle-massage-gun-fascial-gun\/#primaryimage"},"thumbnailUrl":"https:\/\/origon-eu.com\/wp-content\/uploads\/2025\/02\/Screenshot_1-min.png","datePublished":"2025-02-17T13:17:33+00:00","dateModified":"2025-03-16T01:34:09+00:00","breadcrumb":{"@id":"https:\/\/origon-eu.com\/pl\/product\/muscle-massage-gun-fascial-gun\/#breadcrumb"},"inLanguage":"pl-PL","potentialAction":[{"@type":"ReadAction","target":["https:\/\/origon-eu.com\/pl\/product\/muscle-massage-gun-fascial-gun\/"]}]},{"@type":"ImageObject","inLanguage":"pl-PL","@id":"https:\/\/origon-eu.com\/pl\/product\/muscle-massage-gun-fascial-gun\/#primaryimage","url":"https:\/\/origon-eu.com\/wp-content\/uploads\/2025\/02\/Screenshot_1-min.png","contentUrl":"https:\/\/origon-eu.com\/wp-content\/uploads\/2025\/02\/Screenshot_1-min.png","width":657,"height":487},{"@type":"BreadcrumbList","@id":"https:\/\/origon-eu.com\/pl\/product\/muscle-massage-gun-fascial-gun\/#breadcrumb","itemListElement":[{"@type":"ListItem","position":1,"name":"Home","item":"https:\/\/origon-eu.com\/"},{"@type":"ListItem","position":2,"name":"Shop","item":"https:\/\/origon-eu.com\/pl\/shop\/"},{"@type":"ListItem","position":3,"name":"Pistolet do masa\u017cu mi\u0119\u015bni i powi\u0119zi"}]},{"@type":"WebSite","@id":"https:\/\/origon-eu.com\/#website","url":"https:\/\/origon-eu.com\/","name":"Origon EU","description":"Online Store","publisher":{"@id":"https:\/\/origon-eu.com\/#organization"},"potentialAction":[{"@type":"SearchAction","target":{"@type":"EntryPoint","urlTemplate":"https:\/\/origon-eu.com\/?s={search_term_string}"},"query-input":{"@type":"PropertyValueSpecification","valueRequired":true,"valueName":"search_term_string"}}],"inLanguage":"pl-PL"},{"@type":"Organization","@id":"https:\/\/origon-eu.com\/#organization","name":"Origon EU","url":"https:\/\/origon-eu.com\/","logo":{"@type":"ImageObject","inLanguage":"pl-PL","@id":"https:\/\/origon-eu.com\/#\/schema\/logo\/image\/","url":"https:\/\/origon-eu.com\/wp-content\/uploads\/2024\/04\/Screenshot-2024-04-09-101814.png","contentUrl":"https:\/\/origon-eu.com\/wp-content\/uploads\/2024\/04\/Screenshot-2024-04-09-101814.png","width":171,"height":59,"caption":"Origon EU"},"image":{"@id":"https:\/\/origon-eu.com\/#\/schema\/logo\/image\/"}}]}},"tiered_pricing_type":"fixed","tiered_pricing_fixed_rules":[],"tiered_pricing_percentage_rules":[],"tiered_pricing_minimum":1,"tiered_pricing_roles_data":[],"_links":{"self":[{"href":"https:\/\/origon-eu.com\/pl\/wp-json\/wp\/v2\/product\/34866","targetHints":{"allow":["GET"]}}],"collection":[{"href":"https:\/\/origon-eu.com\/pl\/wp-json\/wp\/v2\/product"}],"about":[{"href":"https:\/\/origon-eu.com\/pl\/wp-json\/wp\/v2\/types\/product"}],"version-history":[{"count":1,"href":"https:\/\/origon-eu.com\/pl\/wp-json\/wp\/v2\/product\/34866\/revisions"}],"predecessor-version":[{"id":34867,"href":"https:\/\/origon-eu.com\/pl\/wp-json\/wp\/v2\/product\/34866\/revisions\/34867"}],"wp:featuredmedia":[{"embeddable":true,"href":"https:\/\/origon-eu.com\/pl\/wp-json\/wp\/v2\/media\/35952"}],"wp:attachment":[{"href":"https:\/\/origon-eu.com\/pl\/wp-json\/wp\/v2\/media?parent=34866"}],"wp:term":[{"taxonomy":"product_cat","embeddable":true,"href":"https:\/\/origon-eu.com\/pl\/wp-json\/wp\/v2\/product_cat?post=34866"},{"taxonomy":"product_tag","embeddable":true,"href":"https:\/\/origon-eu.com\/pl\/wp-json\/wp\/v2\/product_tag?post=34866"}],"curies":[{"name":"wp","href":"https:\/\/api.w.org\/{rel}","templated":true}]}}