{"id":34832,"date":"2025-02-17T15:05:28","date_gmt":"2025-02-17T13:05:28","guid":{"rendered":"https:\/\/origon-eu.com\/product\/4k-camera-drone-hd-camera-mini-drone\/"},"modified":"2025-03-13T14:13:27","modified_gmt":"2025-03-13T12:13:27","slug":"4k-camera-drone-hd-camera-mini-drone","status":"publish","type":"product","link":"https:\/\/origon-eu.com\/pl\/product\/4k-camera-drone-hd-camera-mini-drone\/","title":{"rendered":"Kamera 4k Dron Kamera HD Mini Dron"},"content":{"rendered":"<p data-spm-anchor-id=\"a2g0o.detail.1000023.i1.64ebxue4xue4rp\">Sk\u0142adany MINI DRON z kamer\u0105 WIFI HD FPV pilot zdalnego sterowania, nowa aktualizacja wersja 2022<br \/>\nOpis:<br \/>\nKategoria produktu: 998W quadrocopter<br \/>\nFunkcje:<\/p>\n<p data-spm-anchor-id=\"a2g0o.detail.1000023.i1.64ebxue4xue4rp\"><a href=\"https:\/\/origon-eu.com\/wp-content\/uploads\/2025\/02\/dr1.webp\"><img fetchpriority=\"high\" decoding=\"async\" width=\"1000\" height=\"1000\" class=\"alignnone size-full wp-image-34592\" src=\"https:\/\/origon-eu.com\/wp-content\/uploads\/2025\/02\/dr1.webp\" alt=\"\" srcset=\"https:\/\/origon-eu.com\/wp-content\/uploads\/2025\/02\/dr1.webp 1000w, https:\/\/origon-eu.com\/wp-content\/uploads\/2025\/02\/dr1-300x300.webp 300w, https:\/\/origon-eu.com\/wp-content\/uploads\/2025\/02\/dr1-150x150.webp 150w, https:\/\/origon-eu.com\/wp-content\/uploads\/2025\/02\/dr1-768x768.webp 768w, https:\/\/origon-eu.com\/wp-content\/uploads\/2025\/02\/dr1-600x600.webp 600w\" sizes=\"(max-width: 1000px) 100vw, 1000px\" \/><\/a> <a href=\"https:\/\/origon-eu.com\/wp-content\/uploads\/2025\/02\/dr2.webp\"><img decoding=\"async\" width=\"1000\" height=\"1000\" class=\"alignnone rozmiar-pe\u0142ny wp-image-34602\" src=\"https:\/\/origon-eu.com\/wp-content\/uploads\/2025\/02\/dr2.webp\" alt=\"\" srcset=\"https:\/\/origon-eu.com\/wp-content\/uploads\/2025\/02\/dr2.webp 1000w, https:\/\/origon-eu.com\/wp-content\/uploads\/2025\/02\/dr2-300x300.webp 300w, https:\/\/origon-eu.com\/wp-content\/uploads\/2025\/02\/dr2-150x150.webp 150w, https:\/\/origon-eu.com\/wp-content\/uploads\/2025\/02\/dr2-768x768.webp 768w, https:\/\/origon-eu.com\/wp-content\/uploads\/2025\/02\/dr2-600x600.webp 600w\" sizes=\"(max-width: 1000px) 100vw, 1000px\" \/><\/a> <a href=\"https:\/\/origon-eu.com\/wp-content\/uploads\/2025\/02\/dr3.webp\"><img decoding=\"async\" class=\"alignnone rozmiar-pe\u0142ny wp-image-34613\" src=\"https:\/\/origon-eu.com\/wp-content\/uploads\/2025\/02\/dr3.webp\" alt=\"\" width=\"1000\" height=\"1000\" srcset=\"https:\/\/origon-eu.com\/wp-content\/uploads\/2025\/02\/dr3.webp 1000w, https:\/\/origon-eu.com\/wp-content\/uploads\/2025\/02\/dr3-300x300.webp 300w, https:\/\/origon-eu.com\/wp-content\/uploads\/2025\/02\/dr3-150x150.webp 150w, https:\/\/origon-eu.com\/wp-content\/uploads\/2025\/02\/dr3-768x768.webp 768w, https:\/\/origon-eu.com\/wp-content\/uploads\/2025\/02\/dr3-600x600.webp 600w\" sizes=\"(max-width: 1000px) 100vw, 1000px\" \/><\/a> <a href=\"https:\/\/origon-eu.com\/wp-content\/uploads\/2025\/02\/dr4.webp\"><img loading=\"lazy\" decoding=\"async\" class=\"alignnone size-full wp-image-34623\" src=\"https:\/\/origon-eu.com\/wp-content\/uploads\/2025\/02\/dr4.webp\" alt=\"\" width=\"1000\" height=\"1000\" srcset=\"https:\/\/origon-eu.com\/wp-content\/uploads\/2025\/02\/dr4.webp 1000w, https:\/\/origon-eu.com\/wp-content\/uploads\/2025\/02\/dr4-300x300.webp 300w, https:\/\/origon-eu.com\/wp-content\/uploads\/2025\/02\/dr4-150x150.webp 150w, https:\/\/origon-eu.com\/wp-content\/uploads\/2025\/02\/dr4-768x768.webp 768w, https:\/\/origon-eu.com\/wp-content\/uploads\/2025\/02\/dr4-600x600.webp 600w\" sizes=\"(max-width: 1000px) 100vw, 1000px\" \/><\/a><br \/>\n1. Ze sk\u0142adanym ramieniem jest ma\u0142y i \u0142atwy do przenoszenia.<br \/>\n2. Posiada funkcj\u0119 trybu wysokiego trzymania, aby zapewni\u0107 stabilny lot.<br \/>\n3. Dzi\u0119ki funkcji Wi-Fi mo\u017cesz po\u0142\u0105czy\u0107 si\u0119 z aplikacj\u0105, systemem APK, aby przegl\u0105da\u0107 zdj\u0119cia, wideo i przesy\u0142a\u0107 obrazy w czasie rzeczywistym za pomoc\u0105 aparatu telefonu kom\u00f3rkowego.<br \/>\n4. Z trybem lotu pasa startowego. Mo\u017cesz zobaczy\u0107 tras\u0119.<br \/>\n5. Z gestami do robienia zdj\u0119\u0107. Funkcje edycji muzyki Mv.<br \/>\n6. Wyposa\u017cony w szerokok\u0105tny aparat 720P do szerokiej gamy zdj\u0119\u0107 i film\u00f3w.<br \/>\n7. Bez trybu g\u0142\u00f3wnego, nie ma potrzeby ustawiania samolotu przed lotem.<br \/>\n8. Dzi\u0119ki funkcji powrotu przyciskiem mo\u017cesz \u0142atwo wr\u00f3ci\u0107 do domu.<br \/>\n9. Antyzak\u0142\u00f3ceniowa technologia wykorzystuje technologi\u0119 2,4 GHz.<br \/>\nFunkcje: g\u00f3ra\/d\u00f3\u0142, prz\u00f3d\/ty\u0142, lewo\/prawo, lot, trzy poziomy pr\u0119dko\u015bci lotu, \u015bwiat\u0142o LED, tryb bezg\u0142owy, jeden automatyczny przycisk powrotu, tryb utrzymywania wysoko\u015bci, WiFi FPV<br \/>\nDane techniczne:<br \/>\nModel: 998W<br \/>\nAplikacja: WIFI-CAM<br \/>\nCz\u0119stotliwo\u015b\u0107: 2,4G.<br \/>\nKana\u0142: 4 kana\u0142y<br \/>\n\u017byroskop: 6 osi<br \/>\nAkumulator quadrocoptera: bateria litowa 3,7 V 900 mAh (1 w zestawie)<br \/>\nAkumulator nadajnika: 3&#215;1,5 AA (brak w zestawie).<br \/>\nCzas \u0142adowania: 60-70 minut. Czas lotu: 8 &#8211; 10 minut<br \/>\nWaga drona: 85 g (z bateri\u0105)<br \/>\nZasi\u0119g pilota: ok. 80 metr\u00f3w<br \/>\nKamera: 4K Ultra HD<br \/>\nWaga paczki: 0,435 g.<\/p>\n<p data-spm-anchor-id=\"a2g0o.detail.1000023.i7.64ebxue4xue4rp\">Zawiera:<br \/>\n1 dron 998 W RC.<br \/>\n1 pilot zdalnego sterowania 1 bateria litowa 3,7 V 900 mAh.<br \/>\n1 kabel do \u0142adowania USB.<br \/>\n4 os\u0142ony \u015bmigie\u0142<br \/>\n2 zapasowe \u015bmig\u0142a<br \/>\n1 \u015brubokr\u0119t.<\/p>\n","protected":false},"excerpt":{"rendered":"<p>Sk\u0142adany MINI DRON z kamer\u0105 WIFI HD FPV pilot STERUJ\u0104CY<\/p>\n","protected":false},"featured_media":34598,"template":"","meta":[],"product_cat":[],"product_tag":[],"class_list":{"0":"post-34832","1":"product","2":"type-product","3":"status-publish","4":"has-post-thumbnail","7":"first","8":"outofstock","9":"sale","10":"shipping-taxable","11":"purchasable","12":"product-type-simple"},"yoast_head":"<!-- This site is optimized with the Yoast SEO plugin v24.2 - https:\/\/yoast.com\/wordpress\/plugins\/seo\/ -->\n<title>Kamera 4k Dron Kamera HD Mini Dron - Origon EU<\/title>\n<meta name=\"robots\" content=\"index, follow, max-snippet:-1, max-image-preview:large, max-video-preview:-1\" \/>\n<link rel=\"canonical\" href=\"https:\/\/origon-eu.com\/product\/4k-camera-drone-hd-camera-mini-drone\/\" \/>\n<meta property=\"og:locale\" content=\"pl_PL\" \/>\n<meta property=\"og:type\" content=\"article\" \/>\n<meta property=\"og:title\" content=\"Kamera 4k Dron Kamera HD Mini Dron - Origon EU\" \/>\n<meta property=\"og:description\" content=\"Sk\u0142adany MINI DRON z kamer\u0105 WIFI HD FPV pilot STERUJ\u0104CY\" \/>\n<meta property=\"og:url\" content=\"https:\/\/origon-eu.com\/product\/4k-camera-drone-hd-camera-mini-drone\/\" \/>\n<meta property=\"og:site_name\" content=\"Origon EU\" \/>\n<meta property=\"article:modified_time\" content=\"2025-03-13T12:13:27+00:00\" \/>\n<meta property=\"og:image\" content=\"https:\/\/origon-eu.com\/wp-content\/uploads\/2025\/02\/dr1.webp\" \/>\n\t<meta property=\"og:image:width\" content=\"1000\" \/>\n\t<meta property=\"og:image:height\" content=\"1000\" \/>\n\t<meta property=\"og:image:type\" content=\"image\/webp\" \/>\n<meta name=\"twitter:card\" content=\"summary_large_image\" \/>\n<meta name=\"twitter:label1\" content=\"Szacowany czas czytania\" \/>\n\t<meta name=\"twitter:data1\" content=\"3 minuty\" \/>\n<script type=\"application\/ld+json\" class=\"yoast-schema-graph\">{\"@context\":\"https:\/\/schema.org\",\"@graph\":[{\"@type\":\"WebPage\",\"@id\":\"https:\/\/origon-eu.com\/product\/4k-camera-drone-hd-camera-mini-drone\/\",\"url\":\"https:\/\/origon-eu.com\/product\/4k-camera-drone-hd-camera-mini-drone\/\",\"name\":\"Kamera 4k Dron Kamera HD Mini Dron - Origon EU\",\"isPartOf\":{\"@id\":\"https:\/\/origon-eu.com\/#website\"},\"primaryImageOfPage\":{\"@id\":\"https:\/\/origon-eu.com\/product\/4k-camera-drone-hd-camera-mini-drone\/#primaryimage\"},\"image\":{\"@id\":\"https:\/\/origon-eu.com\/product\/4k-camera-drone-hd-camera-mini-drone\/#primaryimage\"},\"thumbnailUrl\":\"https:\/\/origon-eu.com\/wp-content\/uploads\/2025\/02\/dr1.webp\",\"datePublished\":\"2025-02-17T13:05:28+00:00\",\"dateModified\":\"2025-03-13T12:13:27+00:00\",\"breadcrumb\":{\"@id\":\"https:\/\/origon-eu.com\/product\/4k-camera-drone-hd-camera-mini-drone\/#breadcrumb\"},\"inLanguage\":\"pl-PL\",\"potentialAction\":[{\"@type\":\"ReadAction\",\"target\":[\"https:\/\/origon-eu.com\/product\/4k-camera-drone-hd-camera-mini-drone\/\"]}]},{\"@type\":\"ImageObject\",\"inLanguage\":\"pl-PL\",\"@id\":\"https:\/\/origon-eu.com\/product\/4k-camera-drone-hd-camera-mini-drone\/#primaryimage\",\"url\":\"https:\/\/origon-eu.com\/wp-content\/uploads\/2025\/02\/dr1.webp\",\"contentUrl\":\"https:\/\/origon-eu.com\/wp-content\/uploads\/2025\/02\/dr1.webp\",\"width\":1000,\"height\":1000},{\"@type\":\"BreadcrumbList\",\"@id\":\"https:\/\/origon-eu.com\/product\/4k-camera-drone-hd-camera-mini-drone\/#breadcrumb\",\"itemListElement\":[{\"@type\":\"ListItem\",\"position\":1,\"name\":\"Home\",\"item\":\"https:\/\/origon-eu.com\/\"},{\"@type\":\"ListItem\",\"position\":2,\"name\":\"Shop\",\"item\":\"https:\/\/origon-eu.com\/pl\/shop\/\"},{\"@type\":\"ListItem\",\"position\":3,\"name\":\"Kamera 4k Dron Kamera HD Mini Dron\"}]},{\"@type\":\"WebSite\",\"@id\":\"https:\/\/origon-eu.com\/#website\",\"url\":\"https:\/\/origon-eu.com\/\",\"name\":\"Origon EU\",\"description\":\"Online Store\",\"publisher\":{\"@id\":\"https:\/\/origon-eu.com\/#organization\"},\"potentialAction\":[{\"@type\":\"SearchAction\",\"target\":{\"@type\":\"EntryPoint\",\"urlTemplate\":\"https:\/\/origon-eu.com\/?s={search_term_string}\"},\"query-input\":{\"@type\":\"PropertyValueSpecification\",\"valueRequired\":true,\"valueName\":\"search_term_string\"}}],\"inLanguage\":\"pl-PL\"},{\"@type\":\"Organization\",\"@id\":\"https:\/\/origon-eu.com\/#organization\",\"name\":\"Origon EU\",\"url\":\"https:\/\/origon-eu.com\/\",\"logo\":{\"@type\":\"ImageObject\",\"inLanguage\":\"pl-PL\",\"@id\":\"https:\/\/origon-eu.com\/#\/schema\/logo\/image\/\",\"url\":\"https:\/\/origon-eu.com\/wp-content\/uploads\/2024\/04\/Screenshot-2024-04-09-101814.png\",\"contentUrl\":\"https:\/\/origon-eu.com\/wp-content\/uploads\/2024\/04\/Screenshot-2024-04-09-101814.png\",\"width\":171,\"height\":59,\"caption\":\"Origon EU\"},\"image\":{\"@id\":\"https:\/\/origon-eu.com\/#\/schema\/logo\/image\/\"}}]}<\/script>\n<!-- \/ Yoast SEO plugin. -->","yoast_head_json":{"title":"Kamera 4k Dron Kamera HD Mini Dron - Origon EU","robots":{"index":"index","follow":"follow","max-snippet":"max-snippet:-1","max-image-preview":"max-image-preview:large","max-video-preview":"max-video-preview:-1"},"canonical":"https:\/\/origon-eu.com\/product\/4k-camera-drone-hd-camera-mini-drone\/","og_locale":"pl_PL","og_type":"article","og_title":"Kamera 4k Dron Kamera HD Mini Dron - Origon EU","og_description":"Sk\u0142adany MINI DRON z kamer\u0105 WIFI HD FPV pilot STERUJ\u0104CY","og_url":"https:\/\/origon-eu.com\/product\/4k-camera-drone-hd-camera-mini-drone\/","og_site_name":"Origon EU","article_modified_time":"2025-03-13T12:13:27+00:00","og_image":[{"width":1000,"height":1000,"url":"https:\/\/origon-eu.com\/wp-content\/uploads\/2025\/02\/dr1.webp","type":"image\/webp"}],"twitter_card":"summary_large_image","twitter_misc":{"Szacowany czas czytania":"3 minuty"},"schema":{"@context":"https:\/\/schema.org","@graph":[{"@type":"WebPage","@id":"https:\/\/origon-eu.com\/product\/4k-camera-drone-hd-camera-mini-drone\/","url":"https:\/\/origon-eu.com\/product\/4k-camera-drone-hd-camera-mini-drone\/","name":"Kamera 4k Dron Kamera HD Mini Dron - Origon EU","isPartOf":{"@id":"https:\/\/origon-eu.com\/#website"},"primaryImageOfPage":{"@id":"https:\/\/origon-eu.com\/product\/4k-camera-drone-hd-camera-mini-drone\/#primaryimage"},"image":{"@id":"https:\/\/origon-eu.com\/product\/4k-camera-drone-hd-camera-mini-drone\/#primaryimage"},"thumbnailUrl":"https:\/\/origon-eu.com\/wp-content\/uploads\/2025\/02\/dr1.webp","datePublished":"2025-02-17T13:05:28+00:00","dateModified":"2025-03-13T12:13:27+00:00","breadcrumb":{"@id":"https:\/\/origon-eu.com\/product\/4k-camera-drone-hd-camera-mini-drone\/#breadcrumb"},"inLanguage":"pl-PL","potentialAction":[{"@type":"ReadAction","target":["https:\/\/origon-eu.com\/product\/4k-camera-drone-hd-camera-mini-drone\/"]}]},{"@type":"ImageObject","inLanguage":"pl-PL","@id":"https:\/\/origon-eu.com\/product\/4k-camera-drone-hd-camera-mini-drone\/#primaryimage","url":"https:\/\/origon-eu.com\/wp-content\/uploads\/2025\/02\/dr1.webp","contentUrl":"https:\/\/origon-eu.com\/wp-content\/uploads\/2025\/02\/dr1.webp","width":1000,"height":1000},{"@type":"BreadcrumbList","@id":"https:\/\/origon-eu.com\/product\/4k-camera-drone-hd-camera-mini-drone\/#breadcrumb","itemListElement":[{"@type":"ListItem","position":1,"name":"Home","item":"https:\/\/origon-eu.com\/"},{"@type":"ListItem","position":2,"name":"Shop","item":"https:\/\/origon-eu.com\/pl\/shop\/"},{"@type":"ListItem","position":3,"name":"Kamera 4k Dron Kamera HD Mini Dron"}]},{"@type":"WebSite","@id":"https:\/\/origon-eu.com\/#website","url":"https:\/\/origon-eu.com\/","name":"Origon EU","description":"Online Store","publisher":{"@id":"https:\/\/origon-eu.com\/#organization"},"potentialAction":[{"@type":"SearchAction","target":{"@type":"EntryPoint","urlTemplate":"https:\/\/origon-eu.com\/?s={search_term_string}"},"query-input":{"@type":"PropertyValueSpecification","valueRequired":true,"valueName":"search_term_string"}}],"inLanguage":"pl-PL"},{"@type":"Organization","@id":"https:\/\/origon-eu.com\/#organization","name":"Origon EU","url":"https:\/\/origon-eu.com\/","logo":{"@type":"ImageObject","inLanguage":"pl-PL","@id":"https:\/\/origon-eu.com\/#\/schema\/logo\/image\/","url":"https:\/\/origon-eu.com\/wp-content\/uploads\/2024\/04\/Screenshot-2024-04-09-101814.png","contentUrl":"https:\/\/origon-eu.com\/wp-content\/uploads\/2024\/04\/Screenshot-2024-04-09-101814.png","width":171,"height":59,"caption":"Origon EU"},"image":{"@id":"https:\/\/origon-eu.com\/#\/schema\/logo\/image\/"}}]}},"tiered_pricing_type":"fixed","tiered_pricing_fixed_rules":[],"tiered_pricing_percentage_rules":[],"tiered_pricing_minimum":1,"tiered_pricing_roles_data":[],"_links":{"self":[{"href":"https:\/\/origon-eu.com\/pl\/wp-json\/wp\/v2\/product\/34832","targetHints":{"allow":["GET"]}}],"collection":[{"href":"https:\/\/origon-eu.com\/pl\/wp-json\/wp\/v2\/product"}],"about":[{"href":"https:\/\/origon-eu.com\/pl\/wp-json\/wp\/v2\/types\/product"}],"version-history":[{"count":1,"href":"https:\/\/origon-eu.com\/pl\/wp-json\/wp\/v2\/product\/34832\/revisions"}],"predecessor-version":[{"id":34833,"href":"https:\/\/origon-eu.com\/pl\/wp-json\/wp\/v2\/product\/34832\/revisions\/34833"}],"wp:featuredmedia":[{"embeddable":true,"href":"https:\/\/origon-eu.com\/pl\/wp-json\/wp\/v2\/media\/34598"}],"wp:attachment":[{"href":"https:\/\/origon-eu.com\/pl\/wp-json\/wp\/v2\/media?parent=34832"}],"wp:term":[{"taxonomy":"product_cat","embeddable":true,"href":"https:\/\/origon-eu.com\/pl\/wp-json\/wp\/v2\/product_cat?post=34832"},{"taxonomy":"product_tag","embeddable":true,"href":"https:\/\/origon-eu.com\/pl\/wp-json\/wp\/v2\/product_tag?post=34832"}],"curies":[{"name":"wp","href":"https:\/\/api.w.org\/{rel}","templated":true}]}}