{"id":33029,"date":"2025-01-09T22:19:01","date_gmt":"2025-01-09T20:19:01","guid":{"rendered":"https:\/\/origon-eu.com\/product\/electric-stainless-steel-food-processors-mixer-2l\/"},"modified":"2025-05-17T17:27:45","modified_gmt":"2025-05-17T15:27:45","slug":"electric-stainless-steel-food-processors-mixer-2l","status":"publish","type":"product","link":"https:\/\/origon-eu.com\/pl\/product\/electric-stainless-steel-food-processors-mixer-2l\/","title":{"rendered":"Mikser elektryczny ze stali nierdzewnej do robot\u00f3w kuchennych 2L"},"content":{"rendered":"<div class=\"product-specs-list-container\">\n<p>Cechy:<\/p>\n<p>1: Delikatne mieszanie sekund, aby sta\u0107 si\u0119 b\u0142otem, wybredne kubki smakowe, nie trzeba ju\u017c ci\u0119\u017cko pracowa\u0107,<\/p>\n<p>wszystkie rodzaje sk\u0142adnik\u00f3w, jak lubisz<\/p>\n<p>2: Szybkie i wolne podw\u00f3jne biegi, swobodnie uchwy\u0107 stopie\u0144 delikatno\u015bci, w zale\u017cno\u015bci od stopnia mi\u0119kko\u015bci i twardo\u015bci sk\u0142adnik\u00f3w, samodzielny wyb\u00f3r biegu, r\u00f3\u017cne pr\u0119dko\u015bci, aby roz\u0142o\u017cy\u0107 r\u00f3\u017cne przysmaki<\/p>\n<p>3. Bieg mo\u017cna wybra\u0107 w zale\u017cno\u015bci od mi\u0119kko\u015bci i twardo\u015bci sk\u0142adnik\u00f3w. Dwie pr\u0119dko\u015bci mielonego mi\u0119sa i warzyw mog\u0105 zaspokoi\u0107 r\u00f3\u017cne gusta rodziny.<\/p>\n<p>4. du\u017ca pojemno\u015b\u0107, wystarczaj\u0105ca, aby zaspokoi\u0107 potrzeby rodzinnych bankiet\u00f3w, czysty miedziany silnik uzwojenia, z 4-wymiarowym czterowarstwowym ostrzem, szybko delikatnie mieli mi\u0119so w ci\u0105gu 6 sekund.<\/p>\n<p>5. 304 interfejs ze stali nierdzewnej, mocny i odporny na zu\u017cycie, dzia\u0142a p\u0142ynnie, zatrzymuje si\u0119 po puszczeniu, a zestaw no\u017cy zatrzymuje si\u0119 natychmiast, aby zapobiec zarysowaniu ostrza, a jedzenie nie rozpryskuje si\u0119.<\/p>\n<p>6. Anty-\uff44\uff52\uff4f\uff50 i nieodkszta\u0142calny, antykolizyjny i anty-\uff44\uff52\uff4f\uff50 bez odkszta\u0142ce\u0144, stabilna i nieprzywieraj\u0105ca \u017cywno\u015b\u0107. 7. Dezynfekcja w wysokiej temperaturze, higieniczny i czysty, zdejmowany do czyszczenia, z wyj\u0105tkiem g\u0142owicy maszyny, mo\u017cna zdemontowa\u0107 i wyczy\u015bci\u0107 osobno.<\/p>\n<p>Lista pakiet\u00f3w:<br \/>\nMaszynka do mi\u0119sa *1<br \/>\nAdapter *1<br \/>\nInstrukcja *1<br \/>\nKolorowe pude\u0142ko *1<\/p>\n<\/div>\n<p><img decoding=\"async\" src=\"https:\/\/ae01.alicdn.com\/kf\/Sbc5bbb81b9dd400b9437caabd41ca8d7Q.jpg\" \/><img decoding=\"async\" src=\"https:\/\/ae01.alicdn.com\/kf\/S9848ef37d30347b9bfdb8a10e8aef65be.jpg\" \/><img decoding=\"async\" src=\"https:\/\/ae01.alicdn.com\/kf\/Sb4412c72b99b4b848de9d3143747c3b21.jpg\" \/><img decoding=\"async\" src=\"https:\/\/ae01.alicdn.com\/kf\/S85f60a879c63440e8c0abb9c4b51147fs.jpg\" \/><img decoding=\"async\" src=\"https:\/\/ae01.alicdn.com\/kf\/S86b0e42c557840ba883f709622d45bbfO.jpg\" \/><img decoding=\"async\" src=\"https:\/\/ae01.alicdn.com\/kf\/S293a336d492d4f1ca2cd2ccd2b8e99203.jpg\" \/><img decoding=\"async\" src=\"https:\/\/ae01.alicdn.com\/kf\/S83b3d615c77c41c48488b3b6d1ca8222N.jpg\" \/><img decoding=\"async\" src=\"https:\/\/ae01.alicdn.com\/kf\/S840ad252cf114aeba4c4039d7a73f5ccr.jpg\" \/><img decoding=\"async\" src=\"https:\/\/ae01.alicdn.com\/kf\/Sb04aef1447ec4c21af83587f7cf682c6H.jpg\" \/><img decoding=\"async\" src=\"https:\/\/ae01.alicdn.com\/kf\/Sc14f7bdc462b4890bcff173042d9d396v.jpg\" \/><img decoding=\"async\" src=\"https:\/\/ae01.alicdn.com\/kf\/Sc07ab0bc201141b88247f5bc715783cec.jpg\" \/><img decoding=\"async\" src=\"https:\/\/ae01.alicdn.com\/kf\/S54fcfd7d41a0442bb62e4dee8fd9c731W.jpg\" \/><img decoding=\"async\" src=\"https:\/\/ae01.alicdn.com\/kf\/S14efd76020ab4897b60cb277acf97576K.jpg\" \/><img decoding=\"async\" src=\"https:\/\/ae01.alicdn.com\/kf\/S0ec922e85a784cbe836d0c0358c3d154o.jpg\" \/><img decoding=\"async\" src=\"https:\/\/ae01.alicdn.com\/kf\/S137c557e75494bafba9d6dad238488c2o.jpg\" \/><img decoding=\"async\" src=\"https:\/\/ae01.alicdn.com\/kf\/S79e59b52ee59479ea17b3eb74378617cb.jpg\" \/><img decoding=\"async\" src=\"https:\/\/ae01.alicdn.com\/kf\/S2bf7ba15f51c4f2899f27db7448ae482o.jpg\" \/><\/p>\n","protected":false},"excerpt":{"rendered":"<p>2L M\u0142ynek do mi\u0119sa elektryczny 220V mikser ze stali nierdzewnej siekacz do warzyw blender do kuchni domowe roboty kuchenne<\/p>\n","protected":false},"featured_media":32892,"template":"","meta":[],"product_cat":[],"product_tag":[],"class_list":{"0":"post-33029","1":"product","2":"type-product","3":"status-publish","4":"has-post-thumbnail","7":"first","8":"outofstock","9":"sale","10":"shipping-taxable","11":"purchasable","12":"product-type-simple"},"yoast_head":"<!-- This site is optimized with the Yoast SEO plugin v24.2 - https:\/\/yoast.com\/wordpress\/plugins\/seo\/ -->\n<title>Mikser elektryczny ze stali nierdzewnej do robot\u00f3w kuchennych 2L - Origon EU<\/title>\n<meta name=\"robots\" content=\"index, follow, max-snippet:-1, max-image-preview:large, max-video-preview:-1\" \/>\n<link rel=\"canonical\" href=\"https:\/\/origon-eu.com\/pl\/product\/electric-stainless-steel-food-processors-mixer-2l\/\" \/>\n<meta property=\"og:locale\" content=\"pl_PL\" \/>\n<meta property=\"og:type\" content=\"article\" \/>\n<meta property=\"og:title\" content=\"Mikser elektryczny ze stali nierdzewnej do robot\u00f3w kuchennych 2L - Origon EU\" \/>\n<meta property=\"og:description\" content=\"2L M\u0142ynek do mi\u0119sa elektryczny 220V mikser ze stali nierdzewnej siekacz do warzyw blender do kuchni domowe roboty kuchenne\" \/>\n<meta property=\"og:url\" content=\"https:\/\/origon-eu.com\/pl\/product\/electric-stainless-steel-food-processors-mixer-2l\/\" \/>\n<meta property=\"og:site_name\" content=\"Origon EU\" \/>\n<meta property=\"article:modified_time\" content=\"2025-05-17T15:27:45+00:00\" \/>\n<meta property=\"og:image\" content=\"https:\/\/origon-eu.com\/wp-content\/uploads\/2025\/01\/kf-Sbc5bbb81b9dd400b9437caabd41ca8d7Q.webp\" \/>\n\t<meta property=\"og:image:width\" content=\"1000\" \/>\n\t<meta property=\"og:image:height\" content=\"1000\" \/>\n\t<meta property=\"og:image:type\" content=\"image\/webp\" \/>\n<meta name=\"twitter:card\" content=\"summary_large_image\" \/>\n<meta name=\"twitter:label1\" content=\"Szacowany czas czytania\" \/>\n\t<meta name=\"twitter:data1\" content=\"5 minut\" \/>\n<script type=\"application\/ld+json\" class=\"yoast-schema-graph\">{\"@context\":\"https:\/\/schema.org\",\"@graph\":[{\"@type\":\"WebPage\",\"@id\":\"https:\/\/origon-eu.com\/pl\/product\/electric-stainless-steel-food-processors-mixer-2l\/\",\"url\":\"https:\/\/origon-eu.com\/pl\/product\/electric-stainless-steel-food-processors-mixer-2l\/\",\"name\":\"Mikser elektryczny ze stali nierdzewnej do robot\u00f3w kuchennych 2L - Origon EU\",\"isPartOf\":{\"@id\":\"https:\/\/origon-eu.com\/#website\"},\"primaryImageOfPage\":{\"@id\":\"https:\/\/origon-eu.com\/pl\/product\/electric-stainless-steel-food-processors-mixer-2l\/#primaryimage\"},\"image\":{\"@id\":\"https:\/\/origon-eu.com\/pl\/product\/electric-stainless-steel-food-processors-mixer-2l\/#primaryimage\"},\"thumbnailUrl\":\"https:\/\/origon-eu.com\/wp-content\/uploads\/2025\/01\/kf-Sbc5bbb81b9dd400b9437caabd41ca8d7Q.webp\",\"datePublished\":\"2025-01-09T20:19:01+00:00\",\"dateModified\":\"2025-05-17T15:27:45+00:00\",\"breadcrumb\":{\"@id\":\"https:\/\/origon-eu.com\/pl\/product\/electric-stainless-steel-food-processors-mixer-2l\/#breadcrumb\"},\"inLanguage\":\"pl-PL\",\"potentialAction\":[{\"@type\":\"ReadAction\",\"target\":[\"https:\/\/origon-eu.com\/pl\/product\/electric-stainless-steel-food-processors-mixer-2l\/\"]}]},{\"@type\":\"ImageObject\",\"inLanguage\":\"pl-PL\",\"@id\":\"https:\/\/origon-eu.com\/pl\/product\/electric-stainless-steel-food-processors-mixer-2l\/#primaryimage\",\"url\":\"https:\/\/origon-eu.com\/wp-content\/uploads\/2025\/01\/kf-Sbc5bbb81b9dd400b9437caabd41ca8d7Q.webp\",\"contentUrl\":\"https:\/\/origon-eu.com\/wp-content\/uploads\/2025\/01\/kf-Sbc5bbb81b9dd400b9437caabd41ca8d7Q.webp\",\"width\":1000,\"height\":1000},{\"@type\":\"BreadcrumbList\",\"@id\":\"https:\/\/origon-eu.com\/pl\/product\/electric-stainless-steel-food-processors-mixer-2l\/#breadcrumb\",\"itemListElement\":[{\"@type\":\"ListItem\",\"position\":1,\"name\":\"Home\",\"item\":\"https:\/\/origon-eu.com\/\"},{\"@type\":\"ListItem\",\"position\":2,\"name\":\"Shop\",\"item\":\"https:\/\/origon-eu.com\/pl\/shop\/\"},{\"@type\":\"ListItem\",\"position\":3,\"name\":\"Mikser elektryczny ze stali nierdzewnej do robot\u00f3w kuchennych 2L\"}]},{\"@type\":\"WebSite\",\"@id\":\"https:\/\/origon-eu.com\/#website\",\"url\":\"https:\/\/origon-eu.com\/\",\"name\":\"Origon EU\",\"description\":\"Online Store\",\"publisher\":{\"@id\":\"https:\/\/origon-eu.com\/#organization\"},\"potentialAction\":[{\"@type\":\"SearchAction\",\"target\":{\"@type\":\"EntryPoint\",\"urlTemplate\":\"https:\/\/origon-eu.com\/?s={search_term_string}\"},\"query-input\":{\"@type\":\"PropertyValueSpecification\",\"valueRequired\":true,\"valueName\":\"search_term_string\"}}],\"inLanguage\":\"pl-PL\"},{\"@type\":\"Organization\",\"@id\":\"https:\/\/origon-eu.com\/#organization\",\"name\":\"Origon EU\",\"url\":\"https:\/\/origon-eu.com\/\",\"logo\":{\"@type\":\"ImageObject\",\"inLanguage\":\"pl-PL\",\"@id\":\"https:\/\/origon-eu.com\/#\/schema\/logo\/image\/\",\"url\":\"https:\/\/origon-eu.com\/wp-content\/uploads\/2024\/04\/Screenshot-2024-04-09-101814.png\",\"contentUrl\":\"https:\/\/origon-eu.com\/wp-content\/uploads\/2024\/04\/Screenshot-2024-04-09-101814.png\",\"width\":171,\"height\":59,\"caption\":\"Origon EU\"},\"image\":{\"@id\":\"https:\/\/origon-eu.com\/#\/schema\/logo\/image\/\"}}]}<\/script>\n<!-- \/ Yoast SEO plugin. -->","yoast_head_json":{"title":"Mikser elektryczny ze stali nierdzewnej do robot\u00f3w kuchennych 2L - Origon EU","robots":{"index":"index","follow":"follow","max-snippet":"max-snippet:-1","max-image-preview":"max-image-preview:large","max-video-preview":"max-video-preview:-1"},"canonical":"https:\/\/origon-eu.com\/pl\/product\/electric-stainless-steel-food-processors-mixer-2l\/","og_locale":"pl_PL","og_type":"article","og_title":"Mikser elektryczny ze stali nierdzewnej do robot\u00f3w kuchennych 2L - Origon EU","og_description":"2L M\u0142ynek do mi\u0119sa elektryczny 220V mikser ze stali nierdzewnej siekacz do warzyw blender do kuchni domowe roboty kuchenne","og_url":"https:\/\/origon-eu.com\/pl\/product\/electric-stainless-steel-food-processors-mixer-2l\/","og_site_name":"Origon EU","article_modified_time":"2025-05-17T15:27:45+00:00","og_image":[{"width":1000,"height":1000,"url":"https:\/\/origon-eu.com\/wp-content\/uploads\/2025\/01\/kf-Sbc5bbb81b9dd400b9437caabd41ca8d7Q.webp","type":"image\/webp"}],"twitter_card":"summary_large_image","twitter_misc":{"Szacowany czas czytania":"5 minut"},"schema":{"@context":"https:\/\/schema.org","@graph":[{"@type":"WebPage","@id":"https:\/\/origon-eu.com\/pl\/product\/electric-stainless-steel-food-processors-mixer-2l\/","url":"https:\/\/origon-eu.com\/pl\/product\/electric-stainless-steel-food-processors-mixer-2l\/","name":"Mikser elektryczny ze stali nierdzewnej do robot\u00f3w kuchennych 2L - Origon EU","isPartOf":{"@id":"https:\/\/origon-eu.com\/#website"},"primaryImageOfPage":{"@id":"https:\/\/origon-eu.com\/pl\/product\/electric-stainless-steel-food-processors-mixer-2l\/#primaryimage"},"image":{"@id":"https:\/\/origon-eu.com\/pl\/product\/electric-stainless-steel-food-processors-mixer-2l\/#primaryimage"},"thumbnailUrl":"https:\/\/origon-eu.com\/wp-content\/uploads\/2025\/01\/kf-Sbc5bbb81b9dd400b9437caabd41ca8d7Q.webp","datePublished":"2025-01-09T20:19:01+00:00","dateModified":"2025-05-17T15:27:45+00:00","breadcrumb":{"@id":"https:\/\/origon-eu.com\/pl\/product\/electric-stainless-steel-food-processors-mixer-2l\/#breadcrumb"},"inLanguage":"pl-PL","potentialAction":[{"@type":"ReadAction","target":["https:\/\/origon-eu.com\/pl\/product\/electric-stainless-steel-food-processors-mixer-2l\/"]}]},{"@type":"ImageObject","inLanguage":"pl-PL","@id":"https:\/\/origon-eu.com\/pl\/product\/electric-stainless-steel-food-processors-mixer-2l\/#primaryimage","url":"https:\/\/origon-eu.com\/wp-content\/uploads\/2025\/01\/kf-Sbc5bbb81b9dd400b9437caabd41ca8d7Q.webp","contentUrl":"https:\/\/origon-eu.com\/wp-content\/uploads\/2025\/01\/kf-Sbc5bbb81b9dd400b9437caabd41ca8d7Q.webp","width":1000,"height":1000},{"@type":"BreadcrumbList","@id":"https:\/\/origon-eu.com\/pl\/product\/electric-stainless-steel-food-processors-mixer-2l\/#breadcrumb","itemListElement":[{"@type":"ListItem","position":1,"name":"Home","item":"https:\/\/origon-eu.com\/"},{"@type":"ListItem","position":2,"name":"Shop","item":"https:\/\/origon-eu.com\/pl\/shop\/"},{"@type":"ListItem","position":3,"name":"Mikser elektryczny ze stali nierdzewnej do robot\u00f3w kuchennych 2L"}]},{"@type":"WebSite","@id":"https:\/\/origon-eu.com\/#website","url":"https:\/\/origon-eu.com\/","name":"Origon EU","description":"Online Store","publisher":{"@id":"https:\/\/origon-eu.com\/#organization"},"potentialAction":[{"@type":"SearchAction","target":{"@type":"EntryPoint","urlTemplate":"https:\/\/origon-eu.com\/?s={search_term_string}"},"query-input":{"@type":"PropertyValueSpecification","valueRequired":true,"valueName":"search_term_string"}}],"inLanguage":"pl-PL"},{"@type":"Organization","@id":"https:\/\/origon-eu.com\/#organization","name":"Origon EU","url":"https:\/\/origon-eu.com\/","logo":{"@type":"ImageObject","inLanguage":"pl-PL","@id":"https:\/\/origon-eu.com\/#\/schema\/logo\/image\/","url":"https:\/\/origon-eu.com\/wp-content\/uploads\/2024\/04\/Screenshot-2024-04-09-101814.png","contentUrl":"https:\/\/origon-eu.com\/wp-content\/uploads\/2024\/04\/Screenshot-2024-04-09-101814.png","width":171,"height":59,"caption":"Origon EU"},"image":{"@id":"https:\/\/origon-eu.com\/#\/schema\/logo\/image\/"}}]}},"tiered_pricing_type":"fixed","tiered_pricing_fixed_rules":[],"tiered_pricing_percentage_rules":[],"tiered_pricing_minimum":1,"tiered_pricing_roles_data":[],"_links":{"self":[{"href":"https:\/\/origon-eu.com\/pl\/wp-json\/wp\/v2\/product\/33029","targetHints":{"allow":["GET"]}}],"collection":[{"href":"https:\/\/origon-eu.com\/pl\/wp-json\/wp\/v2\/product"}],"about":[{"href":"https:\/\/origon-eu.com\/pl\/wp-json\/wp\/v2\/types\/product"}],"version-history":[{"count":1,"href":"https:\/\/origon-eu.com\/pl\/wp-json\/wp\/v2\/product\/33029\/revisions"}],"predecessor-version":[{"id":33030,"href":"https:\/\/origon-eu.com\/pl\/wp-json\/wp\/v2\/product\/33029\/revisions\/33030"}],"wp:featuredmedia":[{"embeddable":true,"href":"https:\/\/origon-eu.com\/pl\/wp-json\/wp\/v2\/media\/32892"}],"wp:attachment":[{"href":"https:\/\/origon-eu.com\/pl\/wp-json\/wp\/v2\/media?parent=33029"}],"wp:term":[{"taxonomy":"product_cat","embeddable":true,"href":"https:\/\/origon-eu.com\/pl\/wp-json\/wp\/v2\/product_cat?post=33029"},{"taxonomy":"product_tag","embeddable":true,"href":"https:\/\/origon-eu.com\/pl\/wp-json\/wp\/v2\/product_tag?post=33029"}],"curies":[{"name":"wp","href":"https:\/\/api.w.org\/{rel}","templated":true}]}}